{"id":14716,"date":"2024-03-23T13:59:04","date_gmt":"2024-03-23T12:59:04","guid":{"rendered":"https:\/\/www.albergominerva.it\/?page_id=14716"},"modified":"2024-03-23T13:59:05","modified_gmt":"2024-03-23T12:59:05","slug":"offres-dhotels-a-sienne-pour-fevrier-2025-2","status":"publish","type":"page","link":"https:\/\/www.albergominerva.it\/fr\/offres-dhotels-a-sienne-pour-fevrier-2025-2\/","title":{"rendered":"Offres d&rsquo;h\u00f4tels \u00e0 Sienne pour f\u00e9vrier 2025"},"content":{"rendered":"\n<p>Souhaitez-vous passer quelques jours de vacances \u00e0 Sienne et \u00eates-vous \u00e0 la recherche d&rsquo;une offre int\u00e9ressante pour juin 2025 ?<\/p>\n\n\n\n<p>Dans ce cas, nous vous recommandons de r\u00e9server un s\u00e9jour \u00e0 l&rsquo;Albergo Minerva, notre splendide h\u00f4tel 3 \u00e9toiles situ\u00e9 au centre de Sienne, \u00e0 quelques pas seulement de la Piazza del Campo et des principales attractions de la ville.<\/p>\n\n\n\n<figure class=\"wp-block-gallery has-nested-images columns-default is-cropped wp-block-gallery-1 is-layout-flex wp-block-gallery-is-layout-flex\">\n<figure class=\"wp-block-image size-large\"><img loading=\"lazy\" decoding=\"async\" width=\"800\" height=\"617\" data-id=\"14517\" src=\"https:\/\/www.albergominerva.it\/wp-content\/uploads\/2024\/03\/image.png\" alt=\"\" class=\"wp-image-14517\" srcset=\"https:\/\/www.albergominerva.it\/wp-content\/uploads\/2024\/03\/image.png 800w, https:\/\/www.albergominerva.it\/wp-content\/uploads\/2024\/03\/image-300x231.png 300w, https:\/\/www.albergominerva.it\/wp-content\/uploads\/2024\/03\/image-768x592.png 768w, https:\/\/www.albergominerva.it\/wp-content\/uploads\/2024\/03\/image-700x540.png 700w\" sizes=\"auto, (max-width: 800px) 100vw, 800px\" \/><\/figure>\n\n\n\n<figure class=\"wp-block-image size-large\"><img loading=\"lazy\" decoding=\"async\" width=\"1024\" height=\"683\" data-id=\"11784\" src=\"https:\/\/www.albergominerva.it\/wp-content\/uploads\/2023\/12\/Hotel-Minerva-2023-015.jpg\" alt=\"\" class=\"wp-image-11784\" srcset=\"https:\/\/www.albergominerva.it\/wp-content\/uploads\/2023\/12\/Hotel-Minerva-2023-015.jpg 1024w, https:\/\/www.albergominerva.it\/wp-content\/uploads\/2023\/12\/Hotel-Minerva-2023-015-300x200.jpg 300w, https:\/\/www.albergominerva.it\/wp-content\/uploads\/2023\/12\/Hotel-Minerva-2023-015-768x512.jpg 768w, https:\/\/www.albergominerva.it\/wp-content\/uploads\/2023\/12\/Hotel-Minerva-2023-015-1000x667.jpg 1000w, https:\/\/www.albergominerva.it\/wp-content\/uploads\/2023\/12\/Hotel-Minerva-2023-015-700x467.jpg 700w\" sizes=\"auto, (max-width: 1024px) 100vw, 1024px\" \/><\/figure>\n\n\n\n<figure class=\"wp-block-image size-large\"><img loading=\"lazy\" decoding=\"async\" width=\"768\" height=\"512\" data-id=\"10258\" src=\"https:\/\/www.albergominerva.it\/wp-content\/uploads\/2022\/12\/hotel-minerva-6.jpg\" alt=\"\" class=\"wp-image-10258\" srcset=\"https:\/\/www.albergominerva.it\/wp-content\/uploads\/2022\/12\/hotel-minerva-6.jpg 768w, https:\/\/www.albergominerva.it\/wp-content\/uploads\/2022\/12\/hotel-minerva-6-300x200.jpg 300w, https:\/\/www.albergominerva.it\/wp-content\/uploads\/2022\/12\/hotel-minerva-6-700x467.jpg 700w\" sizes=\"auto, (max-width: 768px) 100vw, 768px\" \/><\/figure>\n\n\n\n<figure class=\"wp-block-image size-large\"><img loading=\"lazy\" decoding=\"async\" width=\"768\" height=\"512\" data-id=\"9339\" src=\"https:\/\/www.albergominerva.it\/wp-content\/uploads\/2022\/02\/camera-069-768x512-1.jpg\" alt=\"\" class=\"wp-image-9339\" srcset=\"https:\/\/www.albergominerva.it\/wp-content\/uploads\/2022\/02\/camera-069-768x512-1.jpg 768w, https:\/\/www.albergominerva.it\/wp-content\/uploads\/2022\/02\/camera-069-768x512-1-300x200.jpg 300w, https:\/\/www.albergominerva.it\/wp-content\/uploads\/2022\/02\/camera-069-768x512-1-700x467.jpg 700w\" sizes=\"auto, (max-width: 768px) 100vw, 768px\" \/><\/figure>\n\n\n\n<figure class=\"wp-block-image size-large\"><img loading=\"lazy\" decoding=\"async\" width=\"800\" height=\"533\" data-id=\"8495\" src=\"https:\/\/www.albergominerva.it\/wp-content\/uploads\/2021\/03\/Camere-Hotel-Minerva-054.jpg\" alt=\"\" class=\"wp-image-8495\" srcset=\"https:\/\/www.albergominerva.it\/wp-content\/uploads\/2021\/03\/Camere-Hotel-Minerva-054.jpg 800w, https:\/\/www.albergominerva.it\/wp-content\/uploads\/2021\/03\/Camere-Hotel-Minerva-054-300x200.jpg 300w, https:\/\/www.albergominerva.it\/wp-content\/uploads\/2021\/03\/Camere-Hotel-Minerva-054-768x512.jpg 768w, https:\/\/www.albergominerva.it\/wp-content\/uploads\/2021\/03\/Camere-Hotel-Minerva-054-700x466.jpg 700w\" sizes=\"auto, (max-width: 800px) 100vw, 800px\" \/><\/figure>\n\n\n\n<figure class=\"wp-block-image size-large\"><img loading=\"lazy\" decoding=\"async\" width=\"800\" height=\"533\" data-id=\"8488\" src=\"https:\/\/www.albergominerva.it\/wp-content\/uploads\/2021\/03\/Camere-Hotel-Minerva-041-Copia-Copia.jpg\" alt=\"\" class=\"wp-image-8488\" srcset=\"https:\/\/www.albergominerva.it\/wp-content\/uploads\/2021\/03\/Camere-Hotel-Minerva-041-Copia-Copia.jpg 800w, https:\/\/www.albergominerva.it\/wp-content\/uploads\/2021\/03\/Camere-Hotel-Minerva-041-Copia-Copia-300x200.jpg 300w, https:\/\/www.albergominerva.it\/wp-content\/uploads\/2021\/03\/Camere-Hotel-Minerva-041-Copia-Copia-768x512.jpg 768w, https:\/\/www.albergominerva.it\/wp-content\/uploads\/2021\/03\/Camere-Hotel-Minerva-041-Copia-Copia-700x466.jpg 700w\" sizes=\"auto, (max-width: 800px) 100vw, 800px\" \/><\/figure>\n\n\n\n<figure class=\"wp-block-image size-large\"><img loading=\"lazy\" decoding=\"async\" width=\"1024\" height=\"683\" data-id=\"8158\" src=\"https:\/\/www.albergominerva.it\/wp-content\/uploads\/2020\/07\/261752624.jpg\" alt=\"\" class=\"wp-image-8158\" srcset=\"https:\/\/www.albergominerva.it\/wp-content\/uploads\/2020\/07\/261752624.jpg 1024w, https:\/\/www.albergominerva.it\/wp-content\/uploads\/2020\/07\/261752624-300x200.jpg 300w, https:\/\/www.albergominerva.it\/wp-content\/uploads\/2020\/07\/261752624-768x512.jpg 768w, https:\/\/www.albergominerva.it\/wp-content\/uploads\/2020\/07\/261752624-1000x667.jpg 1000w, https:\/\/www.albergominerva.it\/wp-content\/uploads\/2020\/07\/261752624-700x467.jpg 700w\" sizes=\"auto, (max-width: 1024px) 100vw, 1024px\" \/><\/figure>\n\n\n\n<figure class=\"wp-block-image size-large\"><img loading=\"lazy\" decoding=\"async\" width=\"1000\" height=\"667\" data-id=\"7245\" src=\"https:\/\/www.albergominerva.it\/wp-content\/uploads\/2020\/02\/camera-093.jpg\" alt=\"\" class=\"wp-image-7245\" srcset=\"https:\/\/www.albergominerva.it\/wp-content\/uploads\/2020\/02\/camera-093.jpg 1000w, https:\/\/www.albergominerva.it\/wp-content\/uploads\/2020\/02\/camera-093-300x200.jpg 300w, https:\/\/www.albergominerva.it\/wp-content\/uploads\/2020\/02\/camera-093-768x512.jpg 768w, https:\/\/www.albergominerva.it\/wp-content\/uploads\/2020\/02\/camera-093-700x467.jpg 700w\" sizes=\"auto, (max-width: 1000px) 100vw, 1000px\" \/><\/figure>\n\n\n\n<figure class=\"wp-block-image size-large\"><img loading=\"lazy\" decoding=\"async\" width=\"1000\" height=\"667\" data-id=\"6953\" src=\"https:\/\/www.albergominerva.it\/wp-content\/uploads\/2020\/02\/camera-069.jpg\" alt=\"\" class=\"wp-image-6953\" srcset=\"https:\/\/www.albergominerva.it\/wp-content\/uploads\/2020\/02\/camera-069.jpg 1000w, https:\/\/www.albergominerva.it\/wp-content\/uploads\/2020\/02\/camera-069-300x200.jpg 300w, https:\/\/www.albergominerva.it\/wp-content\/uploads\/2020\/02\/camera-069-768x512.jpg 768w, https:\/\/www.albergominerva.it\/wp-content\/uploads\/2020\/02\/camera-069-700x467.jpg 700w\" sizes=\"auto, (max-width: 1000px) 100vw, 1000px\" \/><\/figure>\n\n\n\n<figure class=\"wp-block-image size-large\"><img loading=\"lazy\" decoding=\"async\" width=\"800\" height=\"600\" data-id=\"3736\" src=\"https:\/\/www.albergominerva.it\/wp-content\/uploads\/2019\/08\/gall_int_bar_2.jpg\" alt=\"\" class=\"wp-image-3736\" srcset=\"https:\/\/www.albergominerva.it\/wp-content\/uploads\/2019\/08\/gall_int_bar_2.jpg 800w, https:\/\/www.albergominerva.it\/wp-content\/uploads\/2019\/08\/gall_int_bar_2-300x225.jpg 300w, https:\/\/www.albergominerva.it\/wp-content\/uploads\/2019\/08\/gall_int_bar_2-768x576.jpg 768w, https:\/\/www.albergominerva.it\/wp-content\/uploads\/2019\/08\/gall_int_bar_2-700x525.jpg 700w\" sizes=\"auto, (max-width: 800px) 100vw, 800px\" \/><\/figure>\n\n\n\n<figure class=\"wp-block-image size-large\"><img loading=\"lazy\" decoding=\"async\" width=\"800\" height=\"600\" data-id=\"3729\" src=\"https:\/\/www.albergominerva.it\/wp-content\/uploads\/2019\/08\/gall_int_colazione_2.jpg\" alt=\"\" class=\"wp-image-3729\" srcset=\"https:\/\/www.albergominerva.it\/wp-content\/uploads\/2019\/08\/gall_int_colazione_2.jpg 800w, https:\/\/www.albergominerva.it\/wp-content\/uploads\/2019\/08\/gall_int_colazione_2-300x225.jpg 300w, https:\/\/www.albergominerva.it\/wp-content\/uploads\/2019\/08\/gall_int_colazione_2-768x576.jpg 768w, https:\/\/www.albergominerva.it\/wp-content\/uploads\/2019\/08\/gall_int_colazione_2-700x525.jpg 700w\" sizes=\"auto, (max-width: 800px) 100vw, 800px\" \/><\/figure>\n\n\n\n<figure class=\"wp-block-image size-large\"><img loading=\"lazy\" decoding=\"async\" width=\"800\" height=\"600\" data-id=\"3255\" src=\"https:\/\/www.albergominerva.it\/wp-content\/uploads\/2019\/06\/gall_int_hall.jpg\" alt=\"\" class=\"wp-image-3255\" srcset=\"https:\/\/www.albergominerva.it\/wp-content\/uploads\/2019\/06\/gall_int_hall.jpg 800w, https:\/\/www.albergominerva.it\/wp-content\/uploads\/2019\/06\/gall_int_hall-300x225.jpg 300w, https:\/\/www.albergominerva.it\/wp-content\/uploads\/2019\/06\/gall_int_hall-768x576.jpg 768w, https:\/\/www.albergominerva.it\/wp-content\/uploads\/2019\/06\/gall_int_hall-700x525.jpg 700w\" sizes=\"auto, (max-width: 800px) 100vw, 800px\" \/><\/figure>\n\n\n\n<figure class=\"wp-block-image size-large\"><img loading=\"lazy\" decoding=\"async\" width=\"800\" height=\"600\" data-id=\"3231\" src=\"https:\/\/www.albergominerva.it\/wp-content\/uploads\/2019\/06\/gall_int_arearelax.jpg\" alt=\"\" class=\"wp-image-3231\" srcset=\"https:\/\/www.albergominerva.it\/wp-content\/uploads\/2019\/06\/gall_int_arearelax.jpg 800w, https:\/\/www.albergominerva.it\/wp-content\/uploads\/2019\/06\/gall_int_arearelax-300x225.jpg 300w, https:\/\/www.albergominerva.it\/wp-content\/uploads\/2019\/06\/gall_int_arearelax-768x576.jpg 768w, https:\/\/www.albergominerva.it\/wp-content\/uploads\/2019\/06\/gall_int_arearelax-700x525.jpg 700w\" sizes=\"auto, (max-width: 800px) 100vw, 800px\" \/><\/figure>\n\n\n\n<figure class=\"wp-block-image size-large\"><img loading=\"lazy\" decoding=\"async\" width=\"800\" height=\"600\" data-id=\"3223\" src=\"https:\/\/www.albergominerva.it\/wp-content\/uploads\/2019\/06\/gall_int_parcheggio.jpg\" alt=\"\" class=\"wp-image-3223\" srcset=\"https:\/\/www.albergominerva.it\/wp-content\/uploads\/2019\/06\/gall_int_parcheggio.jpg 800w, https:\/\/www.albergominerva.it\/wp-content\/uploads\/2019\/06\/gall_int_parcheggio-300x225.jpg 300w, https:\/\/www.albergominerva.it\/wp-content\/uploads\/2019\/06\/gall_int_parcheggio-768x576.jpg 768w, https:\/\/www.albergominerva.it\/wp-content\/uploads\/2019\/06\/gall_int_parcheggio-700x525.jpg 700w\" sizes=\"auto, (max-width: 800px) 100vw, 800px\" \/><\/figure>\n<\/figure>\n\n\n\n<p>\u00c9quip\u00e9 d&rsquo;un bar, d&rsquo;un ascenseur et d&rsquo;un garage payant, s\u00e9curis\u00e9 avec un acc\u00e8s direct \u00e0 l&rsquo;h\u00f4tel et 20 places disponibles, l&rsquo;Albergo Minerva propose 56 chambres climatis\u00e9es, chacune unique, avec WiFi, r\u00e9parties en cat\u00e9gories easy-\u00e9conomique, \u00e9l\u00e9gant-standard, sup\u00e9rieure et suite junior.<\/p>\n\n\n\n<p><a href=\"https:\/\/www.albergominerva.it\/fr\/chambres\/easy-economy\/\">Les chambres Easy<\/a>, dot\u00e9es d&rsquo;un lit double ou de deux lits simples sur demande, sont situ\u00e9es \u00e0 l&rsquo;int\u00e9rieur, sans vue sur le centre historique, \u00e0 partir de 16 m\u00b2.<\/p>\n\n\n\n<p><a href=\"https:\/\/www.albergominerva.it\/fr\/chambres\/elegant-standard\/\">Les chambres Standard \u00c9l\u00e9gant<\/a>, avec un mobilier moderne et des tons pastel sur les murs, offrent toutes une vue sur le centre historique de Sienne et commencent \u00e0 partir de 19 m\u00b2. Elles sont disponibles en configuration simple et double, pouvant accueillir jusqu&rsquo;\u00e0 4 personnes.<\/p>\n\n\n\n<p><a href=\"https:\/\/www.albergominerva.it\/fr\/chambres\/sienne-chambre-superieure\/\">Les chambres Sup\u00e9rieures<\/a> offrent toutes une vue sur la Basilique de San Francesco, la Basilique de Provenzano et la Porta Ovile, \u00e0 partir de 19 m\u00b2.<\/p>\n\n\n\n<p><a href=\"https:\/\/www.albergominerva.it\/fr\/chambres\/sienne-junior-suite\/\">Les Suites Junior Double<\/a> offrent une vue sur le centre historique de Sienne, \u00e0 partir de 19 m\u00b2, et disposent d&rsquo;une petite terrasse. Ces chambres sont toutes \u00e9quip\u00e9es d&rsquo;un lit double et peuvent \u00eatre \u00e9quip\u00e9es de deux lits s\u00e9par\u00e9s sur demande.<\/p>\n\n\n\n<p>Vous aurez donc de nombreuses options \u00e0 choisir, toutes \u00e9quip\u00e9es de WiFi pour votre s\u00e9jour de loisirs ou d&rsquo;affaires.<\/p>\n\n\n\n<p>L&rsquo;Albergo Minerva expose \u00e9galement r\u00e9guli\u00e8rement une galerie d&rsquo;art contemporain mettant en valeur des \u0153uvres d&rsquo;artistes siennois.<\/p>\n\n\n\n<p>Notre h\u00f4tel offre un environnement tranquille et est id\u00e9al pour les familles avec enfants ; nous proposons des lits b\u00e9b\u00e9, des chauffe-biberons, des st\u00e9rilisateurs et une salle de jeux int\u00e9rieure.<\/p>\n\n\n\n<p>\u00c0 proximit\u00e9 de deux terrains de jeux et \u00e0 environ 15 minutes du magnifique jardin de l&rsquo;Orto de\u2019 Pecci, l&rsquo;H\u00f4tel Minerva offre un emplacement id\u00e9al pour les r\u00e9unions d&rsquo;affaires, avec une connexion WiFi et une salle de conf\u00e9rence donnant sur le centre historique de Sienne, pouvant accueillir jusqu&rsquo;\u00e0 40 personnes et \u00e9quip\u00e9e d&rsquo;une t\u00e9l\u00e9vision LED, d&rsquo;un projecteur et de l&rsquo;\u00e9quipement n\u00e9cessaire.<\/p>\n\n\n\n<p>En ce qui concerne le petit-d\u00e9jeuner, l&rsquo;H\u00f4tel Minerva propose une d\u00e9licieuse s\u00e9lection de mets italiens et internationaux, comprenant des confitures authentiques et s\u00e9lectionn\u00e9es.<\/p>\n\n\n\n<p>Les clients peuvent profiter de notre grand garage surveill\u00e9 pour voitures, motos et v\u00e9los, situ\u00e9 juste \u00e0 l&rsquo;ext\u00e9rieur de la zone \u00e0 circulation restreinte et disponible moyennant des frais.<\/p>\n\n\n\n<p>Situ\u00e9 \u00e0 Sienne, Via Garibaldi, 72, \u00e0 seulement 2 minutes en voiture de la gare et dans une zone NON ZTL.<\/p>\n\n\n\n<p>Pour r\u00e9server notre h\u00f4tel au centre de Sienne avec parking pour juin 2025, il vous suffit de cliquer sur \u00ab\u00a0R\u00e9server\u00a0\u00bb dans le coin sup\u00e9rieur droit ou d&rsquo;appeler le +39 0577.284474 ou d&rsquo;envoyer un e-mail \u00e0 <a>info@albergominerva.it<\/a>.<\/p>\n","protected":false},"excerpt":{"rendered":"<p>Souhaitez-vous passer quelques jours de vacances \u00e0 Sienne et \u00eates-vous \u00e0 la recherche d&rsquo;une offre int\u00e9ressante pour juin 2025 ?<\/p>\n","protected":false},"author":3,"featured_media":0,"parent":0,"menu_order":0,"comment_status":"closed","ping_status":"closed","template":"","meta":{"_acf_changed":false,"footnotes":""},"class_list":["post-14716","page","type-page","status-publish","hentry"],"acf":[],"yoast_head":"<!-- This site is optimized with the Yoast SEO plugin v27.4 - https:\/\/yoast.com\/product\/yoast-seo-wordpress\/ -->\n<title>Offres d&#039;h\u00f4tels \u00e0 Sienne pour f\u00e9vrier 2025 - Hotel Minerva Siena<\/title>\n<meta name=\"robots\" content=\"index, follow, max-snippet:-1, max-image-preview:large, max-video-preview:-1\" \/>\n<link rel=\"canonical\" href=\"https:\/\/www.albergominerva.it\/fr\/offres-dhotels-a-sienne-pour-fevrier-2025-2\/\" \/>\n<meta property=\"og:locale\" content=\"fr_FR\" \/>\n<meta property=\"og:type\" content=\"article\" \/>\n<meta property=\"og:title\" content=\"Offres d&#039;h\u00f4tels \u00e0 Sienne pour f\u00e9vrier 2025 - Hotel Minerva Siena\" \/>\n<meta property=\"og:description\" content=\"Souhaitez-vous passer quelques jours de vacances \u00e0 Sienne et \u00eates-vous \u00e0 la recherche d&rsquo;une offre int\u00e9ressante pour juin 2025 ?\" \/>\n<meta property=\"og:url\" content=\"https:\/\/www.albergominerva.it\/fr\/offres-dhotels-a-sienne-pour-fevrier-2025-2\/\" \/>\n<meta property=\"og:site_name\" content=\"Hotel Minerva Siena\" \/>\n<meta property=\"article:modified_time\" content=\"2024-03-23T12:59:05+00:00\" \/>\n<meta property=\"og:image\" content=\"https:\/\/www.albergominerva.it\/wp-content\/uploads\/2024\/03\/image.png\" \/>\n<meta name=\"twitter:card\" content=\"summary_large_image\" \/>\n<meta name=\"twitter:label1\" content=\"Dur\u00e9e de lecture estim\u00e9e\" \/>\n\t<meta name=\"twitter:data1\" content=\"6 minutes\" \/>\n<script type=\"application\/ld+json\" class=\"yoast-schema-graph\">{\"@context\":\"https:\\\/\\\/schema.org\",\"@graph\":[{\"@type\":\"WebPage\",\"@id\":\"https:\\\/\\\/www.albergominerva.it\\\/fr\\\/offres-dhotels-a-sienne-pour-fevrier-2025-2\\\/\",\"url\":\"https:\\\/\\\/www.albergominerva.it\\\/fr\\\/offres-dhotels-a-sienne-pour-fevrier-2025-2\\\/\",\"name\":\"Offres d'h\u00f4tels \u00e0 Sienne pour f\u00e9vrier 2025 - Hotel Minerva Siena\",\"isPartOf\":{\"@id\":\"https:\\\/\\\/www.albergominerva.it\\\/fr\\\/#website\"},\"primaryImageOfPage\":{\"@id\":\"https:\\\/\\\/www.albergominerva.it\\\/fr\\\/offres-dhotels-a-sienne-pour-fevrier-2025-2\\\/#primaryimage\"},\"image\":{\"@id\":\"https:\\\/\\\/www.albergominerva.it\\\/fr\\\/offres-dhotels-a-sienne-pour-fevrier-2025-2\\\/#primaryimage\"},\"thumbnailUrl\":\"https:\\\/\\\/www.albergominerva.it\\\/wp-content\\\/uploads\\\/2024\\\/03\\\/image.png\",\"datePublished\":\"2024-03-23T12:59:04+00:00\",\"dateModified\":\"2024-03-23T12:59:05+00:00\",\"breadcrumb\":{\"@id\":\"https:\\\/\\\/www.albergominerva.it\\\/fr\\\/offres-dhotels-a-sienne-pour-fevrier-2025-2\\\/#breadcrumb\"},\"inLanguage\":\"fr-FR\",\"potentialAction\":[{\"@type\":\"ReadAction\",\"target\":[\"https:\\\/\\\/www.albergominerva.it\\\/fr\\\/offres-dhotels-a-sienne-pour-fevrier-2025-2\\\/\"]}]},{\"@type\":\"ImageObject\",\"inLanguage\":\"fr-FR\",\"@id\":\"https:\\\/\\\/www.albergominerva.it\\\/fr\\\/offres-dhotels-a-sienne-pour-fevrier-2025-2\\\/#primaryimage\",\"url\":\"https:\\\/\\\/www.albergominerva.it\\\/wp-content\\\/uploads\\\/2024\\\/03\\\/image.png\",\"contentUrl\":\"https:\\\/\\\/www.albergominerva.it\\\/wp-content\\\/uploads\\\/2024\\\/03\\\/image.png\"},{\"@type\":\"BreadcrumbList\",\"@id\":\"https:\\\/\\\/www.albergominerva.it\\\/fr\\\/offres-dhotels-a-sienne-pour-fevrier-2025-2\\\/#breadcrumb\",\"itemListElement\":[{\"@type\":\"ListItem\",\"position\":1,\"name\":\"Home\",\"item\":\"https:\\\/\\\/www.albergominerva.it\\\/fr\\\/\"},{\"@type\":\"ListItem\",\"position\":2,\"name\":\"Offres d&#8217;h\u00f4tels \u00e0 Sienne pour f\u00e9vrier 2025\"}]},{\"@type\":\"WebSite\",\"@id\":\"https:\\\/\\\/www.albergominerva.it\\\/fr\\\/#website\",\"url\":\"https:\\\/\\\/www.albergominerva.it\\\/fr\\\/\",\"name\":\"Hotel Minerva Siena\",\"description\":\"Hotel in Centro Storico a Siena - Toscana - Italy\",\"potentialAction\":[{\"@type\":\"SearchAction\",\"target\":{\"@type\":\"EntryPoint\",\"urlTemplate\":\"https:\\\/\\\/www.albergominerva.it\\\/fr\\\/?s={search_term_string}\"},\"query-input\":{\"@type\":\"PropertyValueSpecification\",\"valueRequired\":true,\"valueName\":\"search_term_string\"}}],\"inLanguage\":\"fr-FR\"}]}<\/script>\n<!-- \/ Yoast SEO plugin. -->","yoast_head_json":{"title":"Offres d'h\u00f4tels \u00e0 Sienne pour f\u00e9vrier 2025 - Hotel Minerva Siena","robots":{"index":"index","follow":"follow","max-snippet":"max-snippet:-1","max-image-preview":"max-image-preview:large","max-video-preview":"max-video-preview:-1"},"canonical":"https:\/\/www.albergominerva.it\/fr\/offres-dhotels-a-sienne-pour-fevrier-2025-2\/","og_locale":"fr_FR","og_type":"article","og_title":"Offres d'h\u00f4tels \u00e0 Sienne pour f\u00e9vrier 2025 - Hotel Minerva Siena","og_description":"Souhaitez-vous passer quelques jours de vacances \u00e0 Sienne et \u00eates-vous \u00e0 la recherche d&rsquo;une offre int\u00e9ressante pour juin 2025 ?","og_url":"https:\/\/www.albergominerva.it\/fr\/offres-dhotels-a-sienne-pour-fevrier-2025-2\/","og_site_name":"Hotel Minerva Siena","article_modified_time":"2024-03-23T12:59:05+00:00","og_image":[{"url":"https:\/\/www.albergominerva.it\/wp-content\/uploads\/2024\/03\/image.png","type":"","width":"","height":""}],"twitter_card":"summary_large_image","twitter_misc":{"Dur\u00e9e de lecture estim\u00e9e":"6 minutes"},"schema":{"@context":"https:\/\/schema.org","@graph":[{"@type":"WebPage","@id":"https:\/\/www.albergominerva.it\/fr\/offres-dhotels-a-sienne-pour-fevrier-2025-2\/","url":"https:\/\/www.albergominerva.it\/fr\/offres-dhotels-a-sienne-pour-fevrier-2025-2\/","name":"Offres d'h\u00f4tels \u00e0 Sienne pour f\u00e9vrier 2025 - Hotel Minerva Siena","isPartOf":{"@id":"https:\/\/www.albergominerva.it\/fr\/#website"},"primaryImageOfPage":{"@id":"https:\/\/www.albergominerva.it\/fr\/offres-dhotels-a-sienne-pour-fevrier-2025-2\/#primaryimage"},"image":{"@id":"https:\/\/www.albergominerva.it\/fr\/offres-dhotels-a-sienne-pour-fevrier-2025-2\/#primaryimage"},"thumbnailUrl":"https:\/\/www.albergominerva.it\/wp-content\/uploads\/2024\/03\/image.png","datePublished":"2024-03-23T12:59:04+00:00","dateModified":"2024-03-23T12:59:05+00:00","breadcrumb":{"@id":"https:\/\/www.albergominerva.it\/fr\/offres-dhotels-a-sienne-pour-fevrier-2025-2\/#breadcrumb"},"inLanguage":"fr-FR","potentialAction":[{"@type":"ReadAction","target":["https:\/\/www.albergominerva.it\/fr\/offres-dhotels-a-sienne-pour-fevrier-2025-2\/"]}]},{"@type":"ImageObject","inLanguage":"fr-FR","@id":"https:\/\/www.albergominerva.it\/fr\/offres-dhotels-a-sienne-pour-fevrier-2025-2\/#primaryimage","url":"https:\/\/www.albergominerva.it\/wp-content\/uploads\/2024\/03\/image.png","contentUrl":"https:\/\/www.albergominerva.it\/wp-content\/uploads\/2024\/03\/image.png"},{"@type":"BreadcrumbList","@id":"https:\/\/www.albergominerva.it\/fr\/offres-dhotels-a-sienne-pour-fevrier-2025-2\/#breadcrumb","itemListElement":[{"@type":"ListItem","position":1,"name":"Home","item":"https:\/\/www.albergominerva.it\/fr\/"},{"@type":"ListItem","position":2,"name":"Offres d&#8217;h\u00f4tels \u00e0 Sienne pour f\u00e9vrier 2025"}]},{"@type":"WebSite","@id":"https:\/\/www.albergominerva.it\/fr\/#website","url":"https:\/\/www.albergominerva.it\/fr\/","name":"Hotel Minerva Siena","description":"Hotel in Centro Storico a Siena - Toscana - Italy","potentialAction":[{"@type":"SearchAction","target":{"@type":"EntryPoint","urlTemplate":"https:\/\/www.albergominerva.it\/fr\/?s={search_term_string}"},"query-input":{"@type":"PropertyValueSpecification","valueRequired":true,"valueName":"search_term_string"}}],"inLanguage":"fr-FR"}]}},"_links":{"self":[{"href":"https:\/\/www.albergominerva.it\/fr\/wp-json\/wp\/v2\/pages\/14716","targetHints":{"allow":["GET"]}}],"collection":[{"href":"https:\/\/www.albergominerva.it\/fr\/wp-json\/wp\/v2\/pages"}],"about":[{"href":"https:\/\/www.albergominerva.it\/fr\/wp-json\/wp\/v2\/types\/page"}],"author":[{"embeddable":true,"href":"https:\/\/www.albergominerva.it\/fr\/wp-json\/wp\/v2\/users\/3"}],"replies":[{"embeddable":true,"href":"https:\/\/www.albergominerva.it\/fr\/wp-json\/wp\/v2\/comments?post=14716"}],"version-history":[{"count":1,"href":"https:\/\/www.albergominerva.it\/fr\/wp-json\/wp\/v2\/pages\/14716\/revisions"}],"predecessor-version":[{"id":14717,"href":"https:\/\/www.albergominerva.it\/fr\/wp-json\/wp\/v2\/pages\/14716\/revisions\/14717"}],"wp:attachment":[{"href":"https:\/\/www.albergominerva.it\/fr\/wp-json\/wp\/v2\/media?parent=14716"}],"curies":[{"name":"wp","href":"https:\/\/api.w.org\/{rel}","templated":true}]}}