{"id":14901,"date":"2024-05-12T11:19:04","date_gmt":"2024-05-12T09:19:04","guid":{"rendered":"https:\/\/www.albergominerva.it\/?page_id=14901"},"modified":"2024-05-12T11:19:05","modified_gmt":"2024-05-12T09:19:05","slug":"ou-sont-les-escalators-a-sienne-pres-des-parkings","status":"publish","type":"page","link":"https:\/\/www.albergominerva.it\/fr\/ou-sont-les-escalators-a-sienne-pres-des-parkings\/","title":{"rendered":"O\u00f9 sont les escalators \u00e0 Sienne pr\u00e8s des parkings ?"},"content":{"rendered":"\n<p><strong>O\u00f9 sont situ\u00e9s les escalators \u00e0 Sienne ?<\/strong><\/p>\n\n\n\n<p>Pour faciliter la visite du centre historique de la ville, la municipalit\u00e9 de Sienne a mis en place depuis plusieurs ann\u00e9es un syst\u00e8me d&rsquo;escalators reli\u00e9s \u00e0 une s\u00e9rie de parkings.<\/p>\n\n\n\n<p>Ces escalators, ouverts 24 heures sur 24, se trouvent dans les zones nord, est et ouest de Sienne et permettent d&rsquo;\u00e9viter les pentes raides rencontr\u00e9es en direction du centre-ville.<\/p>\n\n\n\n<p>Ce syst\u00e8me bien con\u00e7u permet aux touristes et aux habitants de r\u00e9duire les temps de d\u00e9placement et d&rsquo;atteindre les points souhait\u00e9s de la ville dans les meilleures conditions de s\u00e9curit\u00e9.<\/p>\n\n\n\n<p>Cela est rendu possible gr\u00e2ce \u00e0 l&rsquo;utilisation de parkings relais situ\u00e9s \u00e0 des points d&rsquo;acc\u00e8s strat\u00e9giques \u00e0 la ville et reli\u00e9s au centre historique par des escalators et des minibus.<\/p>\n\n\n\n<p>Mais voyons maintenant quels sont les escalators les plus importants \u00e0 Sienne et o\u00f9 ils sont situ\u00e9s.<\/p>\n\n\n\n<p><strong>La mont\u00e9e m\u00e9canique Stazione-Antiporto-Porta Camollia<\/strong> permet de relier la gare ferroviaire de Sienne \u00e0 la zone de l\u2019Antiporto, pr\u00e8s de Porta Camollia.<\/p>\n\n\n\n<p>Cette configuration est parfaite pour ceux qui arrivent \u00e0 Sienne en train ou en bus et souhaitent atteindre le centre-ville le plus rapidement possible.<\/p>\n\n\n\n<p>C&rsquo;est \u00e9galement une bonne option pour ceux qui viennent en voiture, car il est possible de se garer pr\u00e8s de la gare.<\/p>\n\n\n\n<p>Ce syst\u00e8me de mont\u00e9e m\u00e9canique est le plus r\u00e9cent et a \u00e9t\u00e9 inaugur\u00e9 par la municipalit\u00e9 de Sienne en 2011.<\/p>\n\n\n\n<p>Il couvre une distance de 283 m\u00e8tres avec un d\u00e9nivel\u00e9 de 62 m\u00e8tres, permettant une capacit\u00e9 maximale d&rsquo;environ 6000 personnes par heure.<\/p>\n\n\n\n<p>Le long du parcours, il y a de nombreux commerces et restaurants, et la Piazza del Campo n&rsquo;est qu&rsquo;\u00e0 25 minutes de marche.<\/p>\n\n\n\n<p>Le trajet est principalement souterrain, et la municipalit\u00e9 de Sienne a \u00e9galement pens\u00e9 aux personnes \u00e0 mobilit\u00e9 r\u00e9duite.<\/p>\n\n\n\n<p>En effet, il est possible d&rsquo;atteindre la base du syst\u00e8me et le Piazzale Rosselli depuis le parking souterrain de la gare en utilisant des ascenseurs confortables.<\/p>\n\n\n\n<p>Une fois arriv\u00e9 au Piazzale Rosselli, gr\u00e2ce \u00e0 des syst\u00e8mes d&rsquo;appel sp\u00e9cifiques, il sera possible de b\u00e9n\u00e9ficier d&rsquo;un service de taxi d\u00e9di\u00e9.<\/p>\n\n\n\n<p><strong>La mont\u00e9e m\u00e9canique San Francesco \u2013 Dock Est.<\/strong><\/p>\n\n\n\n<p>Ces escalators sont situ\u00e9s pr\u00e8s de l&rsquo;\u00e9glise de San Francesco et de la place du m\u00eame nom qui abrite plusieurs d\u00e9partements de l&rsquo;Universit\u00e9 de Sienne.<\/p>\n\n\n\n<p>En utilisant ce syst\u00e8me de mont\u00e9e, on peut rapidement atteindre Piazza Salimbeni, Piazza Provenzano, le cours de la ville et, bien s\u00fbr, Piazza del Campo.<\/p>\n\n\n\n<p>Le premier syst\u00e8me d&rsquo;escalators mis en place par la municipalit\u00e9 de Sienne, la mont\u00e9e de San Francesco permet de traverser en quelques minutes toute la circonf\u00e9rence des murs jusqu&rsquo;\u00e0 Piazza Francesco.<\/p>\n\n\n\n<p>Le parcours, enti\u00e8rement souterrain \u00e0 l&rsquo;exception des acc\u00e8s, mesure 120 m\u00e8tres et passe directement sous les murs de la ville du 15\u00e8me si\u00e8cle pour arriver derri\u00e8re la basilique de San Francesco.<\/p>\n\n\n\n<p>Il a \u00e9t\u00e9 inaugur\u00e9 en 2000 et est estim\u00e9 transporter environ un million de touristes et de r\u00e9sidents locaux chaque ann\u00e9e.<\/p>\n\n\n\n<p><strong>Et enfin, voyons le troisi\u00e8me et dernier service d&rsquo;escalators : la mont\u00e9e de Santa Caterina \u2013 Dock Ouest.<\/strong><\/p>\n\n\n\n<p>Cette installation est juste \u00e0 c\u00f4t\u00e9 du parking de Santa Caterina et tr\u00e8s proche de l&rsquo;aire de stationnement des bus destin\u00e9s aux touristes.<\/p>\n\n\n\n<p>Elle repr\u00e9sente \u00e9galement une liaison directe avec la Piazza del Campo et la Piazza Duomo.<\/p>\n\n\n\n<p>Cet escalator a \u00e9t\u00e9 inaugur\u00e9 en 2005 et se compose de douze tron\u00e7ons d&rsquo;escalators avec une capacit\u00e9 horaire d&rsquo;environ 4 500 personnes.<\/p>\n\n\n\n<p>L&rsquo;entr\u00e9e en aval est situ\u00e9e sur la Via Esterna di Fontebranda, pr\u00e8s de la porte du m\u00eame nom et \u00e0 quelques m\u00e8tres de la source et du parking Santa Caterina.<\/p>\n\n\n\n<p>La sortie en amont se trouve, quant \u00e0 elle, sur la Via di Valle Piatta, \u00e0 moins de 200 m\u00e8tres de la cath\u00e9drale de la ville.<\/p>\n\n\n\n<p>Ces escalators ont \u00e9t\u00e9 con\u00e7us avec un syst\u00e8me de d\u00e9marrage automatique par cellules photo\u00e9lectriques, et l&rsquo;ensemble de l&rsquo;installation se d\u00e9veloppe sous la via del Costone, permettant de surmonter un d\u00e9nivel\u00e9 de 35 m\u00e8tres.<\/p>\n\n\n\n<p>La mont\u00e9e est compl\u00e8tement souterraine et est id\u00e9ale pour atteindre le Duomo, le Complexe Mus\u00e9al de Santa Maria della Scala, la Basilique de S. Domenico, le Sanctuaire Cateriniano et bien s\u00fbr le centre-ville.<\/p>\n\n\n\n<p>Naturellement, se garer et prendre les escalators n&rsquo;est pas la solution la plus pratique.<\/p>\n\n\n\n<p>La solution la plus confortable est sans doute de r\u00e9server un h\u00f4tel \u00e0 Sienne Centro, comme par exemple l&rsquo;h\u00f4tel Minerva, notre h\u00f4tel dans le centre de Sienne avec un parking parfait pour les familles et les couples qui recherchent le maximum de confort.<\/p>\n\n\n\n<p>Faites d\u00e9filer le site et d\u00e9couvrez toutes nos chambres avec vue panoramique sur le centre historique de Sienne et souvenez-vous que si vous r\u00e9servez sur le site, vous aurez toujours le meilleur prix garanti.<\/p>\n","protected":false},"excerpt":{"rendered":"<p>O\u00f9 sont situ\u00e9s les escalators \u00e0 Sienne ? Pour faciliter la visite du centre historique de la ville, la municipalit\u00e9<\/p>\n","protected":false},"author":3,"featured_media":0,"parent":0,"menu_order":0,"comment_status":"closed","ping_status":"closed","template":"","meta":{"_acf_changed":false,"footnotes":""},"class_list":["post-14901","page","type-page","status-publish","hentry"],"acf":[],"yoast_head":"<!-- This site is optimized with the Yoast SEO plugin v27.4 - https:\/\/yoast.com\/product\/yoast-seo-wordpress\/ -->\n<title>O\u00f9 sont les escalators \u00e0 Sienne pr\u00e8s des parkings ? - Hotel Minerva Siena<\/title>\n<meta name=\"robots\" content=\"index, follow, max-snippet:-1, max-image-preview:large, max-video-preview:-1\" \/>\n<link rel=\"canonical\" href=\"https:\/\/www.albergominerva.it\/fr\/ou-sont-les-escalators-a-sienne-pres-des-parkings\/\" \/>\n<meta property=\"og:locale\" content=\"fr_FR\" \/>\n<meta property=\"og:type\" content=\"article\" \/>\n<meta property=\"og:title\" content=\"O\u00f9 sont les escalators \u00e0 Sienne pr\u00e8s des parkings ? - Hotel Minerva Siena\" \/>\n<meta property=\"og:description\" content=\"O\u00f9 sont situ\u00e9s les escalators \u00e0 Sienne ? Pour faciliter la visite du centre historique de la ville, la municipalit\u00e9\" \/>\n<meta property=\"og:url\" content=\"https:\/\/www.albergominerva.it\/fr\/ou-sont-les-escalators-a-sienne-pres-des-parkings\/\" \/>\n<meta property=\"og:site_name\" content=\"Hotel Minerva Siena\" \/>\n<meta property=\"article:modified_time\" content=\"2024-05-12T09:19:05+00:00\" \/>\n<meta name=\"twitter:card\" content=\"summary_large_image\" \/>\n<meta name=\"twitter:label1\" content=\"Dur\u00e9e de lecture estim\u00e9e\" \/>\n\t<meta name=\"twitter:data1\" content=\"5 minutes\" \/>\n<script type=\"application\/ld+json\" class=\"yoast-schema-graph\">{\"@context\":\"https:\\\/\\\/schema.org\",\"@graph\":[{\"@type\":\"WebPage\",\"@id\":\"https:\\\/\\\/www.albergominerva.it\\\/fr\\\/ou-sont-les-escalators-a-sienne-pres-des-parkings\\\/\",\"url\":\"https:\\\/\\\/www.albergominerva.it\\\/fr\\\/ou-sont-les-escalators-a-sienne-pres-des-parkings\\\/\",\"name\":\"O\u00f9 sont les escalators \u00e0 Sienne pr\u00e8s des parkings ? - Hotel Minerva Siena\",\"isPartOf\":{\"@id\":\"https:\\\/\\\/www.albergominerva.it\\\/fr\\\/#website\"},\"datePublished\":\"2024-05-12T09:19:04+00:00\",\"dateModified\":\"2024-05-12T09:19:05+00:00\",\"breadcrumb\":{\"@id\":\"https:\\\/\\\/www.albergominerva.it\\\/fr\\\/ou-sont-les-escalators-a-sienne-pres-des-parkings\\\/#breadcrumb\"},\"inLanguage\":\"fr-FR\",\"potentialAction\":[{\"@type\":\"ReadAction\",\"target\":[\"https:\\\/\\\/www.albergominerva.it\\\/fr\\\/ou-sont-les-escalators-a-sienne-pres-des-parkings\\\/\"]}]},{\"@type\":\"BreadcrumbList\",\"@id\":\"https:\\\/\\\/www.albergominerva.it\\\/fr\\\/ou-sont-les-escalators-a-sienne-pres-des-parkings\\\/#breadcrumb\",\"itemListElement\":[{\"@type\":\"ListItem\",\"position\":1,\"name\":\"Home\",\"item\":\"https:\\\/\\\/www.albergominerva.it\\\/fr\\\/\"},{\"@type\":\"ListItem\",\"position\":2,\"name\":\"O\u00f9 sont les escalators \u00e0 Sienne pr\u00e8s des parkings ?\"}]},{\"@type\":\"WebSite\",\"@id\":\"https:\\\/\\\/www.albergominerva.it\\\/fr\\\/#website\",\"url\":\"https:\\\/\\\/www.albergominerva.it\\\/fr\\\/\",\"name\":\"Hotel Minerva Siena\",\"description\":\"Hotel in Centro Storico a Siena - Toscana - Italy\",\"potentialAction\":[{\"@type\":\"SearchAction\",\"target\":{\"@type\":\"EntryPoint\",\"urlTemplate\":\"https:\\\/\\\/www.albergominerva.it\\\/fr\\\/?s={search_term_string}\"},\"query-input\":{\"@type\":\"PropertyValueSpecification\",\"valueRequired\":true,\"valueName\":\"search_term_string\"}}],\"inLanguage\":\"fr-FR\"}]}<\/script>\n<!-- \/ Yoast SEO plugin. -->","yoast_head_json":{"title":"O\u00f9 sont les escalators \u00e0 Sienne pr\u00e8s des parkings ? - Hotel Minerva Siena","robots":{"index":"index","follow":"follow","max-snippet":"max-snippet:-1","max-image-preview":"max-image-preview:large","max-video-preview":"max-video-preview:-1"},"canonical":"https:\/\/www.albergominerva.it\/fr\/ou-sont-les-escalators-a-sienne-pres-des-parkings\/","og_locale":"fr_FR","og_type":"article","og_title":"O\u00f9 sont les escalators \u00e0 Sienne pr\u00e8s des parkings ? - Hotel Minerva Siena","og_description":"O\u00f9 sont situ\u00e9s les escalators \u00e0 Sienne ? Pour faciliter la visite du centre historique de la ville, la municipalit\u00e9","og_url":"https:\/\/www.albergominerva.it\/fr\/ou-sont-les-escalators-a-sienne-pres-des-parkings\/","og_site_name":"Hotel Minerva Siena","article_modified_time":"2024-05-12T09:19:05+00:00","twitter_card":"summary_large_image","twitter_misc":{"Dur\u00e9e de lecture estim\u00e9e":"5 minutes"},"schema":{"@context":"https:\/\/schema.org","@graph":[{"@type":"WebPage","@id":"https:\/\/www.albergominerva.it\/fr\/ou-sont-les-escalators-a-sienne-pres-des-parkings\/","url":"https:\/\/www.albergominerva.it\/fr\/ou-sont-les-escalators-a-sienne-pres-des-parkings\/","name":"O\u00f9 sont les escalators \u00e0 Sienne pr\u00e8s des parkings ? - Hotel Minerva Siena","isPartOf":{"@id":"https:\/\/www.albergominerva.it\/fr\/#website"},"datePublished":"2024-05-12T09:19:04+00:00","dateModified":"2024-05-12T09:19:05+00:00","breadcrumb":{"@id":"https:\/\/www.albergominerva.it\/fr\/ou-sont-les-escalators-a-sienne-pres-des-parkings\/#breadcrumb"},"inLanguage":"fr-FR","potentialAction":[{"@type":"ReadAction","target":["https:\/\/www.albergominerva.it\/fr\/ou-sont-les-escalators-a-sienne-pres-des-parkings\/"]}]},{"@type":"BreadcrumbList","@id":"https:\/\/www.albergominerva.it\/fr\/ou-sont-les-escalators-a-sienne-pres-des-parkings\/#breadcrumb","itemListElement":[{"@type":"ListItem","position":1,"name":"Home","item":"https:\/\/www.albergominerva.it\/fr\/"},{"@type":"ListItem","position":2,"name":"O\u00f9 sont les escalators \u00e0 Sienne pr\u00e8s des parkings ?"}]},{"@type":"WebSite","@id":"https:\/\/www.albergominerva.it\/fr\/#website","url":"https:\/\/www.albergominerva.it\/fr\/","name":"Hotel Minerva Siena","description":"Hotel in Centro Storico a Siena - Toscana - Italy","potentialAction":[{"@type":"SearchAction","target":{"@type":"EntryPoint","urlTemplate":"https:\/\/www.albergominerva.it\/fr\/?s={search_term_string}"},"query-input":{"@type":"PropertyValueSpecification","valueRequired":true,"valueName":"search_term_string"}}],"inLanguage":"fr-FR"}]}},"_links":{"self":[{"href":"https:\/\/www.albergominerva.it\/fr\/wp-json\/wp\/v2\/pages\/14901","targetHints":{"allow":["GET"]}}],"collection":[{"href":"https:\/\/www.albergominerva.it\/fr\/wp-json\/wp\/v2\/pages"}],"about":[{"href":"https:\/\/www.albergominerva.it\/fr\/wp-json\/wp\/v2\/types\/page"}],"author":[{"embeddable":true,"href":"https:\/\/www.albergominerva.it\/fr\/wp-json\/wp\/v2\/users\/3"}],"replies":[{"embeddable":true,"href":"https:\/\/www.albergominerva.it\/fr\/wp-json\/wp\/v2\/comments?post=14901"}],"version-history":[{"count":1,"href":"https:\/\/www.albergominerva.it\/fr\/wp-json\/wp\/v2\/pages\/14901\/revisions"}],"predecessor-version":[{"id":14902,"href":"https:\/\/www.albergominerva.it\/fr\/wp-json\/wp\/v2\/pages\/14901\/revisions\/14902"}],"wp:attachment":[{"href":"https:\/\/www.albergominerva.it\/fr\/wp-json\/wp\/v2\/media?parent=14901"}],"curies":[{"name":"wp","href":"https:\/\/api.w.org\/{rel}","templated":true}]}}