{"id":16155,"date":"2024-09-03T17:34:35","date_gmt":"2024-09-03T15:34:35","guid":{"rendered":"https:\/\/www.albergominerva.it\/?page_id=16155"},"modified":"2024-09-03T17:34:37","modified_gmt":"2024-09-03T15:34:37","slug":"hotel-a-sienne-pres-des-fouilles-de-san-casciano-dei-bagni","status":"publish","type":"page","link":"https:\/\/www.albergominerva.it\/fr\/hotel-a-sienne-pres-des-fouilles-de-san-casciano-dei-bagni\/","title":{"rendered":"H\u00f4tel \u00e0 Sienne Pr\u00e8s des Fouilles de San Casciano dei Bagni"},"content":{"rendered":"\n<p>Si vous planifiez un s\u00e9jour \u00e0 Sienne et souhaitez \u00e9galement explorer les tr\u00e9sors historiques et culturels des environs, l&rsquo;H\u00f4tel Minerva est un excellent choix. Cet h\u00f4tel trois \u00e9toiles accueillant, strat\u00e9giquement situ\u00e9, offre un parfait \u00e9quilibre entre confort, services et commodit\u00e9, ce qui en fait une option id\u00e9ale pour les touristes, les familles et les voyageurs d&rsquo;affaires.<\/p>\n\n\n\n<figure class=\"wp-block-gallery has-nested-images columns-default is-cropped wp-block-gallery-1 is-layout-flex wp-block-gallery-is-layout-flex\">\n<figure class=\"wp-block-image size-large\"><img loading=\"lazy\" decoding=\"async\" width=\"1024\" height=\"683\" data-id=\"16055\" src=\"https:\/\/www.albergominerva.it\/wp-content\/uploads\/2024\/08\/Hotel-Minerva-2023-009-1-1024x683.jpg\" alt=\"\" class=\"wp-image-16055\" srcset=\"https:\/\/www.albergominerva.it\/wp-content\/uploads\/2024\/08\/Hotel-Minerva-2023-009-1-1024x683.jpg 1024w, https:\/\/www.albergominerva.it\/wp-content\/uploads\/2024\/08\/Hotel-Minerva-2023-009-1-300x200.jpg 300w, https:\/\/www.albergominerva.it\/wp-content\/uploads\/2024\/08\/Hotel-Minerva-2023-009-1-768x512.jpg 768w, https:\/\/www.albergominerva.it\/wp-content\/uploads\/2024\/08\/Hotel-Minerva-2023-009-1-1536x1024.jpg 1536w, https:\/\/www.albergominerva.it\/wp-content\/uploads\/2024\/08\/Hotel-Minerva-2023-009-1-2048x1365.jpg 2048w, https:\/\/www.albergominerva.it\/wp-content\/uploads\/2024\/08\/Hotel-Minerva-2023-009-1-1000x667.jpg 1000w, https:\/\/www.albergominerva.it\/wp-content\/uploads\/2024\/08\/Hotel-Minerva-2023-009-1-700x467.jpg 700w\" sizes=\"auto, (max-width: 1024px) 100vw, 1024px\" \/><\/figure>\n\n\n\n<figure class=\"wp-block-image size-large\"><img loading=\"lazy\" decoding=\"async\" width=\"1024\" height=\"683\" data-id=\"15964\" src=\"https:\/\/www.albergominerva.it\/wp-content\/uploads\/2024\/08\/stanza-305-01-1024x683.jpg\" alt=\"\" class=\"wp-image-15964\" srcset=\"https:\/\/www.albergominerva.it\/wp-content\/uploads\/2024\/08\/stanza-305-01-1024x683.jpg 1024w, https:\/\/www.albergominerva.it\/wp-content\/uploads\/2024\/08\/stanza-305-01-300x200.jpg 300w, https:\/\/www.albergominerva.it\/wp-content\/uploads\/2024\/08\/stanza-305-01-768x512.jpg 768w, https:\/\/www.albergominerva.it\/wp-content\/uploads\/2024\/08\/stanza-305-01-1536x1024.jpg 1536w, https:\/\/www.albergominerva.it\/wp-content\/uploads\/2024\/08\/stanza-305-01-2048x1365.jpg 2048w, https:\/\/www.albergominerva.it\/wp-content\/uploads\/2024\/08\/stanza-305-01-1000x667.jpg 1000w, https:\/\/www.albergominerva.it\/wp-content\/uploads\/2024\/08\/stanza-305-01-700x467.jpg 700w\" sizes=\"auto, (max-width: 1024px) 100vw, 1024px\" \/><\/figure>\n\n\n\n<figure class=\"wp-block-image size-large\"><img loading=\"lazy\" decoding=\"async\" width=\"1024\" height=\"683\" data-id=\"15664\" src=\"https:\/\/www.albergominerva.it\/wp-content\/uploads\/2024\/08\/Camere-Hotel-Minerva-063-1024x683.jpg\" alt=\"\" class=\"wp-image-15664\" srcset=\"https:\/\/www.albergominerva.it\/wp-content\/uploads\/2024\/08\/Camere-Hotel-Minerva-063-1024x683.jpg 1024w, https:\/\/www.albergominerva.it\/wp-content\/uploads\/2024\/08\/Camere-Hotel-Minerva-063-300x200.jpg 300w, https:\/\/www.albergominerva.it\/wp-content\/uploads\/2024\/08\/Camere-Hotel-Minerva-063-768x512.jpg 768w, https:\/\/www.albergominerva.it\/wp-content\/uploads\/2024\/08\/Camere-Hotel-Minerva-063-1536x1024.jpg 1536w, https:\/\/www.albergominerva.it\/wp-content\/uploads\/2024\/08\/Camere-Hotel-Minerva-063-2048x1366.jpg 2048w, https:\/\/www.albergominerva.it\/wp-content\/uploads\/2024\/08\/Camere-Hotel-Minerva-063-1000x667.jpg 1000w, https:\/\/www.albergominerva.it\/wp-content\/uploads\/2024\/08\/Camere-Hotel-Minerva-063-700x467.jpg 700w\" sizes=\"auto, (max-width: 1024px) 100vw, 1024px\" \/><\/figure>\n\n\n\n<figure class=\"wp-block-image size-large\"><img loading=\"lazy\" decoding=\"async\" width=\"1024\" height=\"683\" data-id=\"15654\" src=\"https:\/\/www.albergominerva.it\/wp-content\/uploads\/2024\/08\/Camere-Hotel-Minerva-058-1024x683.jpg\" alt=\"\" class=\"wp-image-15654\" srcset=\"https:\/\/www.albergominerva.it\/wp-content\/uploads\/2024\/08\/Camere-Hotel-Minerva-058-1024x683.jpg 1024w, https:\/\/www.albergominerva.it\/wp-content\/uploads\/2024\/08\/Camere-Hotel-Minerva-058-300x200.jpg 300w, https:\/\/www.albergominerva.it\/wp-content\/uploads\/2024\/08\/Camere-Hotel-Minerva-058-768x512.jpg 768w, https:\/\/www.albergominerva.it\/wp-content\/uploads\/2024\/08\/Camere-Hotel-Minerva-058-1536x1024.jpg 1536w, https:\/\/www.albergominerva.it\/wp-content\/uploads\/2024\/08\/Camere-Hotel-Minerva-058-2048x1366.jpg 2048w, https:\/\/www.albergominerva.it\/wp-content\/uploads\/2024\/08\/Camere-Hotel-Minerva-058-1000x667.jpg 1000w, https:\/\/www.albergominerva.it\/wp-content\/uploads\/2024\/08\/Camere-Hotel-Minerva-058-700x467.jpg 700w\" sizes=\"auto, (max-width: 1024px) 100vw, 1024px\" \/><\/figure>\n\n\n\n<figure class=\"wp-block-image size-large\"><img loading=\"lazy\" decoding=\"async\" width=\"800\" height=\"617\" data-id=\"14516\" src=\"https:\/\/www.albergominerva.it\/wp-content\/uploads\/2024\/03\/image.png\" alt=\"\" class=\"wp-image-14516\" srcset=\"https:\/\/www.albergominerva.it\/wp-content\/uploads\/2024\/03\/image.png 800w, https:\/\/www.albergominerva.it\/wp-content\/uploads\/2024\/03\/image-300x231.png 300w, https:\/\/www.albergominerva.it\/wp-content\/uploads\/2024\/03\/image-768x592.png 768w, https:\/\/www.albergominerva.it\/wp-content\/uploads\/2024\/03\/image-700x540.png 700w\" sizes=\"auto, (max-width: 800px) 100vw, 800px\" \/><\/figure>\n\n\n\n<figure class=\"wp-block-image size-large\"><img loading=\"lazy\" decoding=\"async\" width=\"1024\" height=\"683\" data-id=\"11983\" src=\"https:\/\/www.albergominerva.it\/wp-content\/uploads\/2024\/02\/Hotel-Minerva-2023-017.jpg\" alt=\"\" class=\"wp-image-11983\" srcset=\"https:\/\/www.albergominerva.it\/wp-content\/uploads\/2024\/02\/Hotel-Minerva-2023-017.jpg 1024w, https:\/\/www.albergominerva.it\/wp-content\/uploads\/2024\/02\/Hotel-Minerva-2023-017-300x200.jpg 300w, https:\/\/www.albergominerva.it\/wp-content\/uploads\/2024\/02\/Hotel-Minerva-2023-017-768x512.jpg 768w, https:\/\/www.albergominerva.it\/wp-content\/uploads\/2024\/02\/Hotel-Minerva-2023-017-1000x667.jpg 1000w, https:\/\/www.albergominerva.it\/wp-content\/uploads\/2024\/02\/Hotel-Minerva-2023-017-700x467.jpg 700w\" sizes=\"auto, (max-width: 1024px) 100vw, 1024px\" \/><\/figure>\n\n\n\n<figure class=\"wp-block-image size-large\"><img loading=\"lazy\" decoding=\"async\" width=\"800\" height=\"533\" data-id=\"8515\" src=\"https:\/\/www.albergominerva.it\/wp-content\/uploads\/2021\/03\/hotel-minerva-spazi-comuni-07.jpg\" alt=\"\" class=\"wp-image-8515\" srcset=\"https:\/\/www.albergominerva.it\/wp-content\/uploads\/2021\/03\/hotel-minerva-spazi-comuni-07.jpg 800w, https:\/\/www.albergominerva.it\/wp-content\/uploads\/2021\/03\/hotel-minerva-spazi-comuni-07-300x200.jpg 300w, https:\/\/www.albergominerva.it\/wp-content\/uploads\/2021\/03\/hotel-minerva-spazi-comuni-07-768x512.jpg 768w, https:\/\/www.albergominerva.it\/wp-content\/uploads\/2021\/03\/hotel-minerva-spazi-comuni-07-700x466.jpg 700w\" sizes=\"auto, (max-width: 800px) 100vw, 800px\" \/><\/figure>\n\n\n\n<figure class=\"wp-block-image size-large\"><img loading=\"lazy\" decoding=\"async\" width=\"800\" height=\"620\" data-id=\"8473\" src=\"https:\/\/www.albergominerva.it\/wp-content\/uploads\/2021\/03\/20210325_164959.jpg\" alt=\"\" class=\"wp-image-8473\" srcset=\"https:\/\/www.albergominerva.it\/wp-content\/uploads\/2021\/03\/20210325_164959.jpg 800w, https:\/\/www.albergominerva.it\/wp-content\/uploads\/2021\/03\/20210325_164959-300x233.jpg 300w, https:\/\/www.albergominerva.it\/wp-content\/uploads\/2021\/03\/20210325_164959-768x595.jpg 768w, https:\/\/www.albergominerva.it\/wp-content\/uploads\/2021\/03\/20210325_164959-700x543.jpg 700w\" sizes=\"auto, (max-width: 800px) 100vw, 800px\" \/><\/figure>\n<\/figure>\n\n\n\n<h3 class=\"wp-block-heading\">Proximit\u00e9 de San Casciano dei Bagni<\/h3>\n\n\n\n<p>L&rsquo;H\u00f4tel Minerva ne vous permet pas seulement de profiter des merveilles de Sienne, il est \u00e9galement id\u00e9alement situ\u00e9 pour visiter San Casciano dei Bagni, un charmant village renomm\u00e9 pour ses sources thermales et ses importantes d\u00e9couvertes arch\u00e9ologiques r\u00e9centes. C&rsquo;est ici qu&rsquo;a \u00e9t\u00e9 d\u00e9couvert le plus grand d\u00e9p\u00f4t de statues en bronze datant des p\u00e9riodes \u00e9trusque et romaine jamais trouv\u00e9 en Italie, et l&rsquo;un des plus significatifs de tout le bassin m\u00e9diterran\u00e9en.\n<iframe src=\"https:\/\/www.google.com\/maps\/embed?pb=!1m28!1m12!1m3!1d372900.8414891986!2d11.363444229948442!3d43.09846580581961!2m3!1f0!2f0!3f0!3m2!1i1024!2i768!4f13.1!4m13!3e0!4m5!1s0x132a2cc7df55564d%3A0xbb55bddd311ac99b!2sHotel%20Minerva%2C%20Via%20Giuseppe%20Garibaldi%2C%2072%2C%2053100%20Siena%20SI!3m2!1d43.3245364!2d11.3317411!4m5!1s0x132947f0b63449df%3A0x4f26d6e9cba2f799!2sSan%20Casciano%20dei%20Bagni%2C%20SI!3m2!1d42.8678287!2d11.8775215!5e0!3m2!1sit!2sit!4v1725377174432!5m2!1sit!2sit\" width=\"600\" height=\"450\" style=\"border:0;\" allowfullscreen=\"\" loading=\"lazy\" referrerpolicy=\"no-referrer-when-downgrade\"><\/iframe>\n<\/p>\n\n\n\n<p><\/p>\n\n\n\n<h3 class=\"wp-block-heading\">La D\u00e9couverte Arch\u00e9ologique de San Casciano dei Bagni<\/h3>\n\n\n\n<p>Lors de la sixi\u00e8me campagne de fouilles au Sanctuaire du Bagno Grande, plus de vingt statues en bronze, datant des IIe et Ier si\u00e8cles avant J.-C., ont \u00e9t\u00e9 d\u00e9couvertes. Ces statues, repr\u00e9sentant des divinit\u00e9s et des personnages influents, ont \u00e9t\u00e9 remarquablement bien conserv\u00e9es gr\u00e2ce aux eaux thermales chaudes de la source. De plus, les inscriptions en \u00e9trusque et en latin, grav\u00e9es avant la r\u00e9alisation des statues, fournissent des informations historiques pr\u00e9cieuses sur cette p\u00e9riode de transition entre la domination \u00e9trusque et romaine.<\/p>\n\n\n\n<p>Le contexte de ces statues refl\u00e8te une \u00e9poque de grands changements en Toscane antique, caract\u00e9ris\u00e9e par des conflits et des alliances entre Rome et les cit\u00e9s \u00e9trusques. Le site \u00e9tait un centre r\u00e9gional pour les familles nobles, \u00e9trusques et romaines, qui d\u00e9diaient ces statues aux eaux sacr\u00e9es dans un rare exemple de coop\u00e9ration culturelle et de syncr\u00e9tisme.<\/p>\n\n\n\n<h3 class=\"wp-block-heading\">Services Offerts par l&rsquo;H\u00f4tel Minerva<\/h3>\n\n\n\n<p>L&rsquo;H\u00f4tel Minerva propose 56 chambres climatis\u00e9es, r\u00e9parties en diff\u00e9rentes cat\u00e9gories pour r\u00e9pondre \u00e0 tous les besoins, des chambres \u00e9conomiques Easy-Economy aux suites Junior plus luxueuses. Les chambres sont \u00e9quip\u00e9es de Wi-Fi gratuit, de t\u00e9l\u00e9vision par satellite, et beaucoup offrent une vue panoramique sur le centre historique de Sienne.<\/p>\n\n\n\n<p>Chaque matin, les clients peuvent savourer un g\u00e9n\u00e9reux petit-d\u00e9jeuner buffet servi dans une salle lumineuse donnant sur le jardin. Pour ceux qui arrivent en voiture, l&rsquo;h\u00f4tel dispose d&rsquo;un parking couvert et surveill\u00e9 par vid\u00e9o, un avantage consid\u00e9rable compte tenu de la difficult\u00e9 \u00e0 trouver un parking dans le centre de Sienne.<\/p>\n\n\n\n<h3 class=\"wp-block-heading\">Conclusion<\/h3>\n\n\n\n<p>L&rsquo;H\u00f4tel Minerva est le point de d\u00e9part id\u00e9al pour explorer \u00e0 la fois Sienne et les merveilles environnantes, telles que le site arch\u00e9ologique de San Casciano dei Bagni. Son emplacement central et ses nombreux services font de cet h\u00f4tel le choix parfait pour ceux qui recherchent confort, commodit\u00e9 et acc\u00e8s facile aux principales attractions de la Toscane.<\/p>\n","protected":false},"excerpt":{"rendered":"<p>Si vous planifiez un s\u00e9jour \u00e0 Sienne et souhaitez \u00e9galement explorer les tr\u00e9sors historiques et culturels des environs, l&rsquo;H\u00f4tel Minerva<\/p>\n","protected":false},"author":3,"featured_media":0,"parent":0,"menu_order":0,"comment_status":"closed","ping_status":"closed","template":"","meta":{"_acf_changed":false,"footnotes":""},"class_list":["post-16155","page","type-page","status-publish","hentry"],"acf":[],"yoast_head":"<!-- This site is optimized with the Yoast SEO plugin v26.4 - https:\/\/yoast.com\/wordpress\/plugins\/seo\/ -->\n<title>H\u00f4tel \u00e0 Sienne Pr\u00e8s des Fouilles de San Casciano dei Bagni - Hotel Minerva Siena<\/title>\n<meta name=\"robots\" content=\"index, follow, max-snippet:-1, max-image-preview:large, max-video-preview:-1\" \/>\n<link rel=\"canonical\" href=\"https:\/\/www.albergominerva.it\/fr\/hotel-a-sienne-pres-des-fouilles-de-san-casciano-dei-bagni\/\" \/>\n<meta property=\"og:locale\" content=\"fr_FR\" \/>\n<meta property=\"og:type\" content=\"article\" \/>\n<meta property=\"og:title\" content=\"H\u00f4tel \u00e0 Sienne Pr\u00e8s des Fouilles de San Casciano dei Bagni - Hotel Minerva Siena\" \/>\n<meta property=\"og:description\" content=\"Si vous planifiez un s\u00e9jour \u00e0 Sienne et souhaitez \u00e9galement explorer les tr\u00e9sors historiques et culturels des environs, l&rsquo;H\u00f4tel Minerva\" \/>\n<meta property=\"og:url\" content=\"https:\/\/www.albergominerva.it\/fr\/hotel-a-sienne-pres-des-fouilles-de-san-casciano-dei-bagni\/\" \/>\n<meta property=\"og:site_name\" content=\"Hotel Minerva Siena\" \/>\n<meta property=\"article:modified_time\" content=\"2024-09-03T15:34:37+00:00\" \/>\n<meta property=\"og:image\" content=\"https:\/\/www.albergominerva.it\/wp-content\/uploads\/2024\/08\/Hotel-Minerva-2023-009-1-1024x683.jpg\" \/>\n<meta name=\"twitter:card\" content=\"summary_large_image\" \/>\n<meta name=\"twitter:label1\" content=\"Dur\u00e9e de lecture estim\u00e9e\" \/>\n\t<meta name=\"twitter:data1\" content=\"4 minutes\" \/>\n<script type=\"application\/ld+json\" class=\"yoast-schema-graph\">{\"@context\":\"https:\/\/schema.org\",\"@graph\":[{\"@type\":\"WebPage\",\"@id\":\"https:\/\/www.albergominerva.it\/fr\/hotel-a-sienne-pres-des-fouilles-de-san-casciano-dei-bagni\/\",\"url\":\"https:\/\/www.albergominerva.it\/fr\/hotel-a-sienne-pres-des-fouilles-de-san-casciano-dei-bagni\/\",\"name\":\"H\u00f4tel \u00e0 Sienne Pr\u00e8s des Fouilles de San Casciano dei Bagni - Hotel Minerva Siena\",\"isPartOf\":{\"@id\":\"https:\/\/www.albergominerva.it\/fr\/#website\"},\"primaryImageOfPage\":{\"@id\":\"https:\/\/www.albergominerva.it\/fr\/hotel-a-sienne-pres-des-fouilles-de-san-casciano-dei-bagni\/#primaryimage\"},\"image\":{\"@id\":\"https:\/\/www.albergominerva.it\/fr\/hotel-a-sienne-pres-des-fouilles-de-san-casciano-dei-bagni\/#primaryimage\"},\"thumbnailUrl\":\"https:\/\/www.albergominerva.it\/wp-content\/uploads\/2024\/08\/Hotel-Minerva-2023-009-1-1024x683.jpg\",\"datePublished\":\"2024-09-03T15:34:35+00:00\",\"dateModified\":\"2024-09-03T15:34:37+00:00\",\"breadcrumb\":{\"@id\":\"https:\/\/www.albergominerva.it\/fr\/hotel-a-sienne-pres-des-fouilles-de-san-casciano-dei-bagni\/#breadcrumb\"},\"inLanguage\":\"fr-FR\",\"potentialAction\":[{\"@type\":\"ReadAction\",\"target\":[\"https:\/\/www.albergominerva.it\/fr\/hotel-a-sienne-pres-des-fouilles-de-san-casciano-dei-bagni\/\"]}]},{\"@type\":\"ImageObject\",\"inLanguage\":\"fr-FR\",\"@id\":\"https:\/\/www.albergominerva.it\/fr\/hotel-a-sienne-pres-des-fouilles-de-san-casciano-dei-bagni\/#primaryimage\",\"url\":\"https:\/\/www.albergominerva.it\/wp-content\/uploads\/2024\/08\/Hotel-Minerva-2023-009-1-1024x683.jpg\",\"contentUrl\":\"https:\/\/www.albergominerva.it\/wp-content\/uploads\/2024\/08\/Hotel-Minerva-2023-009-1-1024x683.jpg\"},{\"@type\":\"BreadcrumbList\",\"@id\":\"https:\/\/www.albergominerva.it\/fr\/hotel-a-sienne-pres-des-fouilles-de-san-casciano-dei-bagni\/#breadcrumb\",\"itemListElement\":[{\"@type\":\"ListItem\",\"position\":1,\"name\":\"Home\",\"item\":\"https:\/\/www.albergominerva.it\/fr\/\"},{\"@type\":\"ListItem\",\"position\":2,\"name\":\"H\u00f4tel \u00e0 Sienne Pr\u00e8s des Fouilles de San Casciano dei Bagni\"}]},{\"@type\":\"WebSite\",\"@id\":\"https:\/\/www.albergominerva.it\/fr\/#website\",\"url\":\"https:\/\/www.albergominerva.it\/fr\/\",\"name\":\"Hotel Minerva Siena\",\"description\":\"Hotel in Centro Storico a Siena - Toscana - Italy\",\"potentialAction\":[{\"@type\":\"SearchAction\",\"target\":{\"@type\":\"EntryPoint\",\"urlTemplate\":\"https:\/\/www.albergominerva.it\/fr\/?s={search_term_string}\"},\"query-input\":{\"@type\":\"PropertyValueSpecification\",\"valueRequired\":true,\"valueName\":\"search_term_string\"}}],\"inLanguage\":\"fr-FR\"}]}<\/script>\n<!-- \/ Yoast SEO plugin. -->","yoast_head_json":{"title":"H\u00f4tel \u00e0 Sienne Pr\u00e8s des Fouilles de San Casciano dei Bagni - Hotel Minerva Siena","robots":{"index":"index","follow":"follow","max-snippet":"max-snippet:-1","max-image-preview":"max-image-preview:large","max-video-preview":"max-video-preview:-1"},"canonical":"https:\/\/www.albergominerva.it\/fr\/hotel-a-sienne-pres-des-fouilles-de-san-casciano-dei-bagni\/","og_locale":"fr_FR","og_type":"article","og_title":"H\u00f4tel \u00e0 Sienne Pr\u00e8s des Fouilles de San Casciano dei Bagni - Hotel Minerva Siena","og_description":"Si vous planifiez un s\u00e9jour \u00e0 Sienne et souhaitez \u00e9galement explorer les tr\u00e9sors historiques et culturels des environs, l&rsquo;H\u00f4tel Minerva","og_url":"https:\/\/www.albergominerva.it\/fr\/hotel-a-sienne-pres-des-fouilles-de-san-casciano-dei-bagni\/","og_site_name":"Hotel Minerva Siena","article_modified_time":"2024-09-03T15:34:37+00:00","og_image":[{"url":"https:\/\/www.albergominerva.it\/wp-content\/uploads\/2024\/08\/Hotel-Minerva-2023-009-1-1024x683.jpg","type":"","width":"","height":""}],"twitter_card":"summary_large_image","twitter_misc":{"Dur\u00e9e de lecture estim\u00e9e":"4 minutes"},"schema":{"@context":"https:\/\/schema.org","@graph":[{"@type":"WebPage","@id":"https:\/\/www.albergominerva.it\/fr\/hotel-a-sienne-pres-des-fouilles-de-san-casciano-dei-bagni\/","url":"https:\/\/www.albergominerva.it\/fr\/hotel-a-sienne-pres-des-fouilles-de-san-casciano-dei-bagni\/","name":"H\u00f4tel \u00e0 Sienne Pr\u00e8s des Fouilles de San Casciano dei Bagni - Hotel Minerva Siena","isPartOf":{"@id":"https:\/\/www.albergominerva.it\/fr\/#website"},"primaryImageOfPage":{"@id":"https:\/\/www.albergominerva.it\/fr\/hotel-a-sienne-pres-des-fouilles-de-san-casciano-dei-bagni\/#primaryimage"},"image":{"@id":"https:\/\/www.albergominerva.it\/fr\/hotel-a-sienne-pres-des-fouilles-de-san-casciano-dei-bagni\/#primaryimage"},"thumbnailUrl":"https:\/\/www.albergominerva.it\/wp-content\/uploads\/2024\/08\/Hotel-Minerva-2023-009-1-1024x683.jpg","datePublished":"2024-09-03T15:34:35+00:00","dateModified":"2024-09-03T15:34:37+00:00","breadcrumb":{"@id":"https:\/\/www.albergominerva.it\/fr\/hotel-a-sienne-pres-des-fouilles-de-san-casciano-dei-bagni\/#breadcrumb"},"inLanguage":"fr-FR","potentialAction":[{"@type":"ReadAction","target":["https:\/\/www.albergominerva.it\/fr\/hotel-a-sienne-pres-des-fouilles-de-san-casciano-dei-bagni\/"]}]},{"@type":"ImageObject","inLanguage":"fr-FR","@id":"https:\/\/www.albergominerva.it\/fr\/hotel-a-sienne-pres-des-fouilles-de-san-casciano-dei-bagni\/#primaryimage","url":"https:\/\/www.albergominerva.it\/wp-content\/uploads\/2024\/08\/Hotel-Minerva-2023-009-1-1024x683.jpg","contentUrl":"https:\/\/www.albergominerva.it\/wp-content\/uploads\/2024\/08\/Hotel-Minerva-2023-009-1-1024x683.jpg"},{"@type":"BreadcrumbList","@id":"https:\/\/www.albergominerva.it\/fr\/hotel-a-sienne-pres-des-fouilles-de-san-casciano-dei-bagni\/#breadcrumb","itemListElement":[{"@type":"ListItem","position":1,"name":"Home","item":"https:\/\/www.albergominerva.it\/fr\/"},{"@type":"ListItem","position":2,"name":"H\u00f4tel \u00e0 Sienne Pr\u00e8s des Fouilles de San Casciano dei Bagni"}]},{"@type":"WebSite","@id":"https:\/\/www.albergominerva.it\/fr\/#website","url":"https:\/\/www.albergominerva.it\/fr\/","name":"Hotel Minerva Siena","description":"Hotel in Centro Storico a Siena - Toscana - Italy","potentialAction":[{"@type":"SearchAction","target":{"@type":"EntryPoint","urlTemplate":"https:\/\/www.albergominerva.it\/fr\/?s={search_term_string}"},"query-input":{"@type":"PropertyValueSpecification","valueRequired":true,"valueName":"search_term_string"}}],"inLanguage":"fr-FR"}]}},"_links":{"self":[{"href":"https:\/\/www.albergominerva.it\/fr\/wp-json\/wp\/v2\/pages\/16155","targetHints":{"allow":["GET"]}}],"collection":[{"href":"https:\/\/www.albergominerva.it\/fr\/wp-json\/wp\/v2\/pages"}],"about":[{"href":"https:\/\/www.albergominerva.it\/fr\/wp-json\/wp\/v2\/types\/page"}],"author":[{"embeddable":true,"href":"https:\/\/www.albergominerva.it\/fr\/wp-json\/wp\/v2\/users\/3"}],"replies":[{"embeddable":true,"href":"https:\/\/www.albergominerva.it\/fr\/wp-json\/wp\/v2\/comments?post=16155"}],"version-history":[{"count":1,"href":"https:\/\/www.albergominerva.it\/fr\/wp-json\/wp\/v2\/pages\/16155\/revisions"}],"predecessor-version":[{"id":16156,"href":"https:\/\/www.albergominerva.it\/fr\/wp-json\/wp\/v2\/pages\/16155\/revisions\/16156"}],"wp:attachment":[{"href":"https:\/\/www.albergominerva.it\/fr\/wp-json\/wp\/v2\/media?parent=16155"}],"curies":[{"name":"wp","href":"https:\/\/api.w.org\/{rel}","templated":true}]}}