{"id":16893,"date":"2024-10-16T16:20:40","date_gmt":"2024-10-16T14:20:40","guid":{"rendered":"https:\/\/www.albergominerva.it\/?page_id=16893"},"modified":"2024-10-16T16:20:42","modified_gmt":"2024-10-16T14:20:42","slug":"ou-loger-dans-la-region-du-chianti","status":"publish","type":"page","link":"https:\/\/www.albergominerva.it\/fr\/ou-loger-dans-la-region-du-chianti\/","title":{"rendered":"O\u00f9 Loger dans la R\u00e9gion du Chianti ?"},"content":{"rendered":"\n<p>La r\u00e9gion du Chianti, c\u00e9l\u00e8bre pour ses collines vallonn\u00e9es, ses vignobles et ses charmants villages m\u00e9di\u00e9vaux, propose une vari\u00e9t\u00e9 d\u2019options d\u2019h\u00e9bergement adapt\u00e9es \u00e0 chaque type de voyageur. Que vous souhaitiez une immersion \u00e0 la campagne, un s\u00e9jour luxueux, ou une base centrale pour explorer les alentours, l\u2019<strong>H\u00f4tel Minerva<\/strong> \u00e0 Sienne est une excellente option pour ceux qui recherchent confort et commodit\u00e9.<\/p>\n\n\n\n<h3 class=\"wp-block-heading\">Types d\u2019H\u00e9bergement dans le Chianti<\/h3>\n\n\n\n<p>Pour une exp\u00e9rience authentique, les agritourismes permettent de s\u00e9journer dans des fermes entour\u00e9es de vignobles et d\u2019oliveraies, offrant souvent des d\u00e9gustations de vin et une cuisine locale. Les demeures historiques et ch\u00e2teaux offrent un cadre exclusif et \u00e9l\u00e9gant, id\u00e9al pour ceux qui recherchent un s\u00e9jour charg\u00e9 d\u2019histoire. Enfin, les h\u00f4tels-boutiques dans le Chianti combinent un service personnalis\u00e9 avec le confort moderne, pour une exp\u00e9rience unique et intime.<\/p>\n\n\n\n<h3 class=\"wp-block-heading\">H\u00f4tel Minerva \u00e0 Sienne : Confort et Acc\u00e8s au Chianti<\/h3>\n\n\n\n<p>Situ\u00e9 \u00e0 quelques minutes \u00e0 pied du centre historique de Sienne, l\u2019H\u00f4tel Minerva est parfait pour ceux qui souhaitent explorer les tr\u00e9sors de la ville et la r\u00e9gion du Chianti. Cet h\u00f4tel offre de nombreux services et des chambres confortables, garantissant un s\u00e9jour agr\u00e9able.<\/p>\n\n\n\n<figure class=\"wp-block-gallery has-nested-images columns-default is-cropped wp-block-gallery-1 is-layout-flex wp-block-gallery-is-layout-flex\">\n<figure class=\"wp-block-image size-large\"><img loading=\"lazy\" decoding=\"async\" width=\"1024\" height=\"683\" data-id=\"16401\" src=\"https:\/\/www.albergominerva.it\/wp-content\/uploads\/2024\/10\/hotel-minerva-superior-03.jpg\" alt=\"\" class=\"wp-image-16401\" srcset=\"https:\/\/www.albergominerva.it\/wp-content\/uploads\/2024\/10\/hotel-minerva-superior-03.jpg 1024w, https:\/\/www.albergominerva.it\/wp-content\/uploads\/2024\/10\/hotel-minerva-superior-03-300x200.jpg 300w, https:\/\/www.albergominerva.it\/wp-content\/uploads\/2024\/10\/hotel-minerva-superior-03-768x512.jpg 768w, https:\/\/www.albergominerva.it\/wp-content\/uploads\/2024\/10\/hotel-minerva-superior-03-1000x667.jpg 1000w, https:\/\/www.albergominerva.it\/wp-content\/uploads\/2024\/10\/hotel-minerva-superior-03-700x467.jpg 700w\" sizes=\"auto, (max-width: 1024px) 100vw, 1024px\" \/><\/figure>\n\n\n\n<figure class=\"wp-block-image size-large\"><img loading=\"lazy\" decoding=\"async\" width=\"1024\" height=\"683\" data-id=\"16411\" src=\"https:\/\/www.albergominerva.it\/wp-content\/uploads\/2024\/10\/hotel-minerva-superior-04.jpg\" alt=\"\" class=\"wp-image-16411\" srcset=\"https:\/\/www.albergominerva.it\/wp-content\/uploads\/2024\/10\/hotel-minerva-superior-04.jpg 1024w, https:\/\/www.albergominerva.it\/wp-content\/uploads\/2024\/10\/hotel-minerva-superior-04-300x200.jpg 300w, https:\/\/www.albergominerva.it\/wp-content\/uploads\/2024\/10\/hotel-minerva-superior-04-768x512.jpg 768w, https:\/\/www.albergominerva.it\/wp-content\/uploads\/2024\/10\/hotel-minerva-superior-04-1000x667.jpg 1000w, https:\/\/www.albergominerva.it\/wp-content\/uploads\/2024\/10\/hotel-minerva-superior-04-700x467.jpg 700w\" sizes=\"auto, (max-width: 1024px) 100vw, 1024px\" \/><\/figure>\n\n\n\n<figure class=\"wp-block-image size-large\"><img loading=\"lazy\" decoding=\"async\" width=\"1024\" height=\"683\" data-id=\"16349\" src=\"https:\/\/www.albergominerva.it\/wp-content\/uploads\/2024\/10\/hotel-minerva-standard-11.jpg\" alt=\"\" class=\"wp-image-16349\" srcset=\"https:\/\/www.albergominerva.it\/wp-content\/uploads\/2024\/10\/hotel-minerva-standard-11.jpg 1024w, https:\/\/www.albergominerva.it\/wp-content\/uploads\/2024\/10\/hotel-minerva-standard-11-300x200.jpg 300w, https:\/\/www.albergominerva.it\/wp-content\/uploads\/2024\/10\/hotel-minerva-standard-11-768x512.jpg 768w, https:\/\/www.albergominerva.it\/wp-content\/uploads\/2024\/10\/hotel-minerva-standard-11-1000x667.jpg 1000w, https:\/\/www.albergominerva.it\/wp-content\/uploads\/2024\/10\/hotel-minerva-standard-11-700x467.jpg 700w\" sizes=\"auto, (max-width: 1024px) 100vw, 1024px\" \/><\/figure>\n\n\n\n<figure class=\"wp-block-image size-large\"><img loading=\"lazy\" decoding=\"async\" width=\"1024\" height=\"683\" data-id=\"16309\" src=\"https:\/\/www.albergominerva.it\/wp-content\/uploads\/2024\/10\/hotel-minerva-standard-07.jpg\" alt=\"\" class=\"wp-image-16309\" srcset=\"https:\/\/www.albergominerva.it\/wp-content\/uploads\/2024\/10\/hotel-minerva-standard-07.jpg 1024w, https:\/\/www.albergominerva.it\/wp-content\/uploads\/2024\/10\/hotel-minerva-standard-07-300x200.jpg 300w, https:\/\/www.albergominerva.it\/wp-content\/uploads\/2024\/10\/hotel-minerva-standard-07-768x512.jpg 768w, https:\/\/www.albergominerva.it\/wp-content\/uploads\/2024\/10\/hotel-minerva-standard-07-1000x667.jpg 1000w, https:\/\/www.albergominerva.it\/wp-content\/uploads\/2024\/10\/hotel-minerva-standard-07-700x467.jpg 700w\" sizes=\"auto, (max-width: 1024px) 100vw, 1024px\" \/><\/figure>\n\n\n\n<figure class=\"wp-block-image size-large\"><img loading=\"lazy\" decoding=\"async\" width=\"683\" height=\"1024\" data-id=\"16319\" src=\"https:\/\/www.albergominerva.it\/wp-content\/uploads\/2024\/10\/hotel-minerva-standard-08-683x1024.jpg\" alt=\"\" class=\"wp-image-16319\" srcset=\"https:\/\/www.albergominerva.it\/wp-content\/uploads\/2024\/10\/hotel-minerva-standard-08-683x1024.jpg 683w, https:\/\/www.albergominerva.it\/wp-content\/uploads\/2024\/10\/hotel-minerva-standard-08-200x300.jpg 200w, https:\/\/www.albergominerva.it\/wp-content\/uploads\/2024\/10\/hotel-minerva-standard-08-768x1152.jpg 768w, https:\/\/www.albergominerva.it\/wp-content\/uploads\/2024\/10\/hotel-minerva-standard-08-1000x1500.jpg 1000w, https:\/\/www.albergominerva.it\/wp-content\/uploads\/2024\/10\/hotel-minerva-standard-08-700x1050.jpg 700w, https:\/\/www.albergominerva.it\/wp-content\/uploads\/2024\/10\/hotel-minerva-standard-08.jpg 1024w\" sizes=\"auto, (max-width: 683px) 100vw, 683px\" \/><\/figure>\n\n\n\n<figure class=\"wp-block-image size-large\"><img loading=\"lazy\" decoding=\"async\" width=\"1024\" height=\"683\" data-id=\"16299\" src=\"https:\/\/www.albergominerva.it\/wp-content\/uploads\/2024\/10\/hotel-minerva-standard-06.jpg\" alt=\"\" class=\"wp-image-16299\" srcset=\"https:\/\/www.albergominerva.it\/wp-content\/uploads\/2024\/10\/hotel-minerva-standard-06.jpg 1024w, https:\/\/www.albergominerva.it\/wp-content\/uploads\/2024\/10\/hotel-minerva-standard-06-300x200.jpg 300w, https:\/\/www.albergominerva.it\/wp-content\/uploads\/2024\/10\/hotel-minerva-standard-06-768x512.jpg 768w, https:\/\/www.albergominerva.it\/wp-content\/uploads\/2024\/10\/hotel-minerva-standard-06-1000x667.jpg 1000w, https:\/\/www.albergominerva.it\/wp-content\/uploads\/2024\/10\/hotel-minerva-standard-06-700x467.jpg 700w\" sizes=\"auto, (max-width: 1024px) 100vw, 1024px\" \/><\/figure>\n\n\n\n<figure class=\"wp-block-image size-large\"><img loading=\"lazy\" decoding=\"async\" width=\"1024\" height=\"683\" data-id=\"16036\" src=\"https:\/\/www.albergominerva.it\/wp-content\/uploads\/2024\/08\/Hotel-Minerva-2023-011-1-1024x683.jpg\" alt=\"\" class=\"wp-image-16036\" srcset=\"https:\/\/www.albergominerva.it\/wp-content\/uploads\/2024\/08\/Hotel-Minerva-2023-011-1-1024x683.jpg 1024w, https:\/\/www.albergominerva.it\/wp-content\/uploads\/2024\/08\/Hotel-Minerva-2023-011-1-300x200.jpg 300w, https:\/\/www.albergominerva.it\/wp-content\/uploads\/2024\/08\/Hotel-Minerva-2023-011-1-768x512.jpg 768w, https:\/\/www.albergominerva.it\/wp-content\/uploads\/2024\/08\/Hotel-Minerva-2023-011-1-1536x1024.jpg 1536w, https:\/\/www.albergominerva.it\/wp-content\/uploads\/2024\/08\/Hotel-Minerva-2023-011-1-2048x1365.jpg 2048w, https:\/\/www.albergominerva.it\/wp-content\/uploads\/2024\/08\/Hotel-Minerva-2023-011-1-1000x667.jpg 1000w, https:\/\/www.albergominerva.it\/wp-content\/uploads\/2024\/08\/Hotel-Minerva-2023-011-1-700x467.jpg 700w\" sizes=\"auto, (max-width: 1024px) 100vw, 1024px\" \/><\/figure>\n<\/figure>\n\n\n\n<h4 class=\"wp-block-heading\">Chambres Confortables<\/h4>\n\n\n\n<p>L\u2019H\u00f4tel Minerva dispose de 56 chambres climatis\u00e9es, d\u00e9clin\u00e9es en plusieurs cat\u00e9gories, des chambres \u00e9conomiques Easy-Economy aux spacieuses Junior Suites. Chaque chambre est \u00e9quip\u00e9e du Wi-Fi gratuit et de la t\u00e9l\u00e9vision par satellite, et beaucoup offrent une vue panoramique sur le centre historique de Sienne, permettant de profiter de la beaut\u00e9 de la ville depuis sa propre chambre.<\/p>\n\n\n\n<h4 class=\"wp-block-heading\">Petit-D\u00e9jeuner Buffet<\/h4>\n\n\n\n<p>Les clients peuvent commencer la journ\u00e9e avec un g\u00e9n\u00e9reux buffet de petit-d\u00e9jeuner servi dans une salle lumineuse avec vue sur le jardin de l\u2019h\u00f4tel. Le buffet propose une s\u00e9lection de produits italiens et internationaux, parfaits pour se pr\u00e9parer \u00e0 une journ\u00e9e de d\u00e9couvertes dans le Chianti et Sienne.<\/p>\n\n\n\n<h4 class=\"wp-block-heading\">Parking R\u00e9serv\u00e9<\/h4>\n\n\n\n<p>Pour ceux qui arrivent en voiture, l\u2019H\u00f4tel Minerva propose un parking couvert et surveill\u00e9 par vid\u00e9o avec 20 places, un atout non n\u00e9gligeable pour \u00e9viter la recherche de stationnement dans le centre de Sienne. Cela permet \u00e9galement aux voyageurs d&rsquo;explorer librement les routes panoramiques et villages du Chianti.<\/p>\n\n\n\n<h4 class=\"wp-block-heading\">Salle de Conf\u00e9rences et Soutien aux \u00c9v\u00e9nements<\/h4>\n\n\n\n<p>Id\u00e9al pour les voyageurs d&rsquo;affaires, l&rsquo;H\u00f4tel Minerva dispose d&rsquo;une salle de conf\u00e9rences bien \u00e9quip\u00e9e pouvant accueillir jusqu\u2019\u00e0 40 personnes. L&rsquo;h\u00f4tel propose \u00e9galement des services de soutien pour les \u00e9v\u00e9nements et les r\u00e9unions, en faisant un choix pratique pour ceux qui visitent Sienne pour affaires.<\/p>\n\n\n\n<h4 class=\"wp-block-heading\">Accueil pour Familles et Groupes<\/h4>\n\n\n\n<p>L&rsquo;H\u00f4tel Minerva est particuli\u00e8rement adapt\u00e9 aux familles et aux groupes, avec des \u00e9quipements tels que des lits pour b\u00e9b\u00e9s, chauffe-biberons, st\u00e9rilisateurs et une salle de jeux pour enfants. De plus, sa proximit\u00e9 avec des aires de jeux et l\u2019Orto de&rsquo; Pecci, un jardin avec des animaux de la ferme, rend le s\u00e9jour encore plus agr\u00e9able pour les familles.<\/p>\n\n\n\n<h4 class=\"wp-block-heading\">Exp\u00e9riences Culturelles<\/h4>\n\n\n\n<p>L&rsquo;H\u00f4tel Minerva permet \u00e9galement aux clients de d\u00e9couvrir l\u2019art local sans quitter l\u2019h\u00f4tel, gr\u00e2ce \u00e0 une galerie d\u2019art moderne o\u00f9 sont expos\u00e9es p\u00e9riodiquement des \u0153uvres d&rsquo;artistes siennois, offrant une atmosph\u00e8re culturelle enrichissante.<\/p>\n\n\n\n<h3 class=\"wp-block-heading\">R\u00e9servations et Offres Sp\u00e9ciales<\/h3>\n\n\n\n<p>Pour r\u00e9server votre s\u00e9jour \u00e0 l&rsquo;H\u00f4tel Minerva, vous pouvez visiter le site officiel et cliquer sur \u00ab\u00a0R\u00e9server\u00a0\u00bb en haut \u00e0 droite, appeler le num\u00e9ro +39 0577.284474 ou envoyer un e-mail \u00e0 <a>info@albergominerva.it<\/a>. En r\u00e9servant directement via le site de l&rsquo;h\u00f4tel, les clients b\u00e9n\u00e9ficient d&rsquo;une r\u00e9duction de 10 % par rapport aux autres plateformes de r\u00e9servation et du meilleur tarif garanti.<\/p>\n\n\n\n<h3 class=\"wp-block-heading\">Conclusion<\/h3>\n\n\n\n<p>Loger dans la r\u00e9gion du Chianti offre des options vari\u00e9es, allant des fermes rustiques aux demeures historiques. Toutefois, pour ceux qui pr\u00e9f\u00e8rent une base pratique et bien \u00e9quip\u00e9e, avec un acc\u00e8s facile aux paysages du Chianti et \u00e0 la culture vibrante de Sienne, <strong>l\u2019H\u00f4tel Minerva<\/strong> est un choix id\u00e9al.<\/p>\n","protected":false},"excerpt":{"rendered":"<p>La r\u00e9gion du Chianti, c\u00e9l\u00e8bre pour ses collines vallonn\u00e9es, ses vignobles et ses charmants villages m\u00e9di\u00e9vaux, propose une vari\u00e9t\u00e9 d\u2019options<\/p>\n","protected":false},"author":3,"featured_media":0,"parent":0,"menu_order":0,"comment_status":"closed","ping_status":"closed","template":"","meta":{"_acf_changed":false,"footnotes":""},"class_list":["post-16893","page","type-page","status-publish","hentry"],"acf":[],"yoast_head":"<!-- This site is optimized with the Yoast SEO plugin v27.4 - https:\/\/yoast.com\/product\/yoast-seo-wordpress\/ -->\n<title>O\u00f9 Loger dans la R\u00e9gion du Chianti ? - Hotel Minerva Siena<\/title>\n<meta name=\"robots\" content=\"index, follow, max-snippet:-1, max-image-preview:large, max-video-preview:-1\" \/>\n<link rel=\"canonical\" href=\"https:\/\/www.albergominerva.it\/fr\/ou-loger-dans-la-region-du-chianti\/\" \/>\n<meta property=\"og:locale\" content=\"fr_FR\" \/>\n<meta property=\"og:type\" content=\"article\" \/>\n<meta property=\"og:title\" content=\"O\u00f9 Loger dans la R\u00e9gion du Chianti ? - Hotel Minerva Siena\" \/>\n<meta property=\"og:description\" content=\"La r\u00e9gion du Chianti, c\u00e9l\u00e8bre pour ses collines vallonn\u00e9es, ses vignobles et ses charmants villages m\u00e9di\u00e9vaux, propose une vari\u00e9t\u00e9 d\u2019options\" \/>\n<meta property=\"og:url\" content=\"https:\/\/www.albergominerva.it\/fr\/ou-loger-dans-la-region-du-chianti\/\" \/>\n<meta property=\"og:site_name\" content=\"Hotel Minerva Siena\" \/>\n<meta property=\"article:modified_time\" content=\"2024-10-16T14:20:42+00:00\" \/>\n<meta property=\"og:image\" content=\"https:\/\/www.albergominerva.it\/wp-content\/uploads\/2024\/10\/hotel-minerva-superior-03.jpg\" \/>\n<meta name=\"twitter:card\" content=\"summary_large_image\" \/>\n<meta name=\"twitter:label1\" content=\"Dur\u00e9e de lecture estim\u00e9e\" \/>\n\t<meta name=\"twitter:data1\" content=\"5 minutes\" \/>\n<script type=\"application\/ld+json\" class=\"yoast-schema-graph\">{\"@context\":\"https:\\\/\\\/schema.org\",\"@graph\":[{\"@type\":\"WebPage\",\"@id\":\"https:\\\/\\\/www.albergominerva.it\\\/fr\\\/ou-loger-dans-la-region-du-chianti\\\/\",\"url\":\"https:\\\/\\\/www.albergominerva.it\\\/fr\\\/ou-loger-dans-la-region-du-chianti\\\/\",\"name\":\"O\u00f9 Loger dans la R\u00e9gion du Chianti ? - Hotel Minerva Siena\",\"isPartOf\":{\"@id\":\"https:\\\/\\\/www.albergominerva.it\\\/fr\\\/#website\"},\"primaryImageOfPage\":{\"@id\":\"https:\\\/\\\/www.albergominerva.it\\\/fr\\\/ou-loger-dans-la-region-du-chianti\\\/#primaryimage\"},\"image\":{\"@id\":\"https:\\\/\\\/www.albergominerva.it\\\/fr\\\/ou-loger-dans-la-region-du-chianti\\\/#primaryimage\"},\"thumbnailUrl\":\"https:\\\/\\\/www.albergominerva.it\\\/wp-content\\\/uploads\\\/2024\\\/10\\\/hotel-minerva-superior-03.jpg\",\"datePublished\":\"2024-10-16T14:20:40+00:00\",\"dateModified\":\"2024-10-16T14:20:42+00:00\",\"breadcrumb\":{\"@id\":\"https:\\\/\\\/www.albergominerva.it\\\/fr\\\/ou-loger-dans-la-region-du-chianti\\\/#breadcrumb\"},\"inLanguage\":\"fr-FR\",\"potentialAction\":[{\"@type\":\"ReadAction\",\"target\":[\"https:\\\/\\\/www.albergominerva.it\\\/fr\\\/ou-loger-dans-la-region-du-chianti\\\/\"]}]},{\"@type\":\"ImageObject\",\"inLanguage\":\"fr-FR\",\"@id\":\"https:\\\/\\\/www.albergominerva.it\\\/fr\\\/ou-loger-dans-la-region-du-chianti\\\/#primaryimage\",\"url\":\"https:\\\/\\\/www.albergominerva.it\\\/wp-content\\\/uploads\\\/2024\\\/10\\\/hotel-minerva-superior-03.jpg\",\"contentUrl\":\"https:\\\/\\\/www.albergominerva.it\\\/wp-content\\\/uploads\\\/2024\\\/10\\\/hotel-minerva-superior-03.jpg\"},{\"@type\":\"BreadcrumbList\",\"@id\":\"https:\\\/\\\/www.albergominerva.it\\\/fr\\\/ou-loger-dans-la-region-du-chianti\\\/#breadcrumb\",\"itemListElement\":[{\"@type\":\"ListItem\",\"position\":1,\"name\":\"Home\",\"item\":\"https:\\\/\\\/www.albergominerva.it\\\/fr\\\/\"},{\"@type\":\"ListItem\",\"position\":2,\"name\":\"O\u00f9 Loger dans la R\u00e9gion du Chianti ?\"}]},{\"@type\":\"WebSite\",\"@id\":\"https:\\\/\\\/www.albergominerva.it\\\/fr\\\/#website\",\"url\":\"https:\\\/\\\/www.albergominerva.it\\\/fr\\\/\",\"name\":\"Hotel Minerva Siena\",\"description\":\"Hotel in Centro Storico a Siena - Toscana - Italy\",\"potentialAction\":[{\"@type\":\"SearchAction\",\"target\":{\"@type\":\"EntryPoint\",\"urlTemplate\":\"https:\\\/\\\/www.albergominerva.it\\\/fr\\\/?s={search_term_string}\"},\"query-input\":{\"@type\":\"PropertyValueSpecification\",\"valueRequired\":true,\"valueName\":\"search_term_string\"}}],\"inLanguage\":\"fr-FR\"}]}<\/script>\n<!-- \/ Yoast SEO plugin. -->","yoast_head_json":{"title":"O\u00f9 Loger dans la R\u00e9gion du Chianti ? - Hotel Minerva Siena","robots":{"index":"index","follow":"follow","max-snippet":"max-snippet:-1","max-image-preview":"max-image-preview:large","max-video-preview":"max-video-preview:-1"},"canonical":"https:\/\/www.albergominerva.it\/fr\/ou-loger-dans-la-region-du-chianti\/","og_locale":"fr_FR","og_type":"article","og_title":"O\u00f9 Loger dans la R\u00e9gion du Chianti ? - Hotel Minerva Siena","og_description":"La r\u00e9gion du Chianti, c\u00e9l\u00e8bre pour ses collines vallonn\u00e9es, ses vignobles et ses charmants villages m\u00e9di\u00e9vaux, propose une vari\u00e9t\u00e9 d\u2019options","og_url":"https:\/\/www.albergominerva.it\/fr\/ou-loger-dans-la-region-du-chianti\/","og_site_name":"Hotel Minerva Siena","article_modified_time":"2024-10-16T14:20:42+00:00","og_image":[{"url":"https:\/\/www.albergominerva.it\/wp-content\/uploads\/2024\/10\/hotel-minerva-superior-03.jpg","type":"","width":"","height":""}],"twitter_card":"summary_large_image","twitter_misc":{"Dur\u00e9e de lecture estim\u00e9e":"5 minutes"},"schema":{"@context":"https:\/\/schema.org","@graph":[{"@type":"WebPage","@id":"https:\/\/www.albergominerva.it\/fr\/ou-loger-dans-la-region-du-chianti\/","url":"https:\/\/www.albergominerva.it\/fr\/ou-loger-dans-la-region-du-chianti\/","name":"O\u00f9 Loger dans la R\u00e9gion du Chianti ? - Hotel Minerva Siena","isPartOf":{"@id":"https:\/\/www.albergominerva.it\/fr\/#website"},"primaryImageOfPage":{"@id":"https:\/\/www.albergominerva.it\/fr\/ou-loger-dans-la-region-du-chianti\/#primaryimage"},"image":{"@id":"https:\/\/www.albergominerva.it\/fr\/ou-loger-dans-la-region-du-chianti\/#primaryimage"},"thumbnailUrl":"https:\/\/www.albergominerva.it\/wp-content\/uploads\/2024\/10\/hotel-minerva-superior-03.jpg","datePublished":"2024-10-16T14:20:40+00:00","dateModified":"2024-10-16T14:20:42+00:00","breadcrumb":{"@id":"https:\/\/www.albergominerva.it\/fr\/ou-loger-dans-la-region-du-chianti\/#breadcrumb"},"inLanguage":"fr-FR","potentialAction":[{"@type":"ReadAction","target":["https:\/\/www.albergominerva.it\/fr\/ou-loger-dans-la-region-du-chianti\/"]}]},{"@type":"ImageObject","inLanguage":"fr-FR","@id":"https:\/\/www.albergominerva.it\/fr\/ou-loger-dans-la-region-du-chianti\/#primaryimage","url":"https:\/\/www.albergominerva.it\/wp-content\/uploads\/2024\/10\/hotel-minerva-superior-03.jpg","contentUrl":"https:\/\/www.albergominerva.it\/wp-content\/uploads\/2024\/10\/hotel-minerva-superior-03.jpg"},{"@type":"BreadcrumbList","@id":"https:\/\/www.albergominerva.it\/fr\/ou-loger-dans-la-region-du-chianti\/#breadcrumb","itemListElement":[{"@type":"ListItem","position":1,"name":"Home","item":"https:\/\/www.albergominerva.it\/fr\/"},{"@type":"ListItem","position":2,"name":"O\u00f9 Loger dans la R\u00e9gion du Chianti ?"}]},{"@type":"WebSite","@id":"https:\/\/www.albergominerva.it\/fr\/#website","url":"https:\/\/www.albergominerva.it\/fr\/","name":"Hotel Minerva Siena","description":"Hotel in Centro Storico a Siena - Toscana - Italy","potentialAction":[{"@type":"SearchAction","target":{"@type":"EntryPoint","urlTemplate":"https:\/\/www.albergominerva.it\/fr\/?s={search_term_string}"},"query-input":{"@type":"PropertyValueSpecification","valueRequired":true,"valueName":"search_term_string"}}],"inLanguage":"fr-FR"}]}},"_links":{"self":[{"href":"https:\/\/www.albergominerva.it\/fr\/wp-json\/wp\/v2\/pages\/16893","targetHints":{"allow":["GET"]}}],"collection":[{"href":"https:\/\/www.albergominerva.it\/fr\/wp-json\/wp\/v2\/pages"}],"about":[{"href":"https:\/\/www.albergominerva.it\/fr\/wp-json\/wp\/v2\/types\/page"}],"author":[{"embeddable":true,"href":"https:\/\/www.albergominerva.it\/fr\/wp-json\/wp\/v2\/users\/3"}],"replies":[{"embeddable":true,"href":"https:\/\/www.albergominerva.it\/fr\/wp-json\/wp\/v2\/comments?post=16893"}],"version-history":[{"count":1,"href":"https:\/\/www.albergominerva.it\/fr\/wp-json\/wp\/v2\/pages\/16893\/revisions"}],"predecessor-version":[{"id":16894,"href":"https:\/\/www.albergominerva.it\/fr\/wp-json\/wp\/v2\/pages\/16893\/revisions\/16894"}],"wp:attachment":[{"href":"https:\/\/www.albergominerva.it\/fr\/wp-json\/wp\/v2\/media?parent=16893"}],"curies":[{"name":"wp","href":"https:\/\/api.w.org\/{rel}","templated":true}]}}