{"id":16993,"date":"2024-10-17T11:27:00","date_gmt":"2024-10-17T09:27:00","guid":{"rendered":"https:\/\/www.albergominerva.it\/?page_id=16993"},"modified":"2024-10-17T11:27:02","modified_gmt":"2024-10-17T09:27:02","slug":"que-acheter-de-typique-a-sienne","status":"publish","type":"page","link":"https:\/\/www.albergominerva.it\/fr\/que-acheter-de-typique-a-sienne\/","title":{"rendered":"Que Acheter de Typique \u00e0 Sienne ?"},"content":{"rendered":"\n<p>Visiter Sienne, c\u2019est l\u2019occasion de ramener chez soi un morceau de la tradition toscane. Des douceurs locales aux articles d\u2019artisanat, voici quelques-uns des souvenirs les plus typiques \u00e0 acheter dans cette ville.<\/p>\n\n\n\n<h3 class=\"wp-block-heading\">Douceurs Traditionnelles : Panforte et Ricciarelli<\/h3>\n\n\n\n<p>Les douceurs siennoises comptent parmi les produits les plus embl\u00e9matiques de la ville. Le <strong>panforte<\/strong> est un g\u00e2teau dense et \u00e9pic\u00e9, \u00e0 base de miel, de fruits secs et de fruits confits, symbole de Sienne depuis l\u2019\u00e9poque m\u00e9di\u00e9vale. Les <strong>ricciarelli<\/strong>, des biscuits moelleux aux amandes recouverts de sucre glace, se marient \u00e0 merveille avec un verre de vinsanto, offrant un d\u00e9licieux souvenir de Toscane.<\/p>\n\n\n\n<h3 class=\"wp-block-heading\">C\u00e9ramiques Peintes \u00e0 la Main<\/h3>\n\n\n\n<p>Les c\u00e9ramiques de Sienne sont r\u00e9put\u00e9es pour leurs motifs color\u00e9s, souvent inspir\u00e9s des symboles des quartiers historiques de la ville (contrade). Des assiettes et des tasses peintes \u00e0 la main feront de beaux souvenirs ou objets de d\u00e9coration, ajoutant une touche d\u2019art toscan \u00e0 votre maison.<\/p>\n\n\n\n<h3 class=\"wp-block-heading\">Produits \u00e0 Base d\u2019Huile d\u2019Olive<\/h3>\n\n\n\n<p>La Toscane est renomm\u00e9e pour la qualit\u00e9 de son huile d\u2019olive, et l\u2019huile d\u2019olive extra vierge de Sienne ne fait pas exception. En rapporter une bouteille permet de donner une touche authentique toscane \u00e0 vos plats et constitue un excellent cadeau.<\/p>\n\n\n\n<h3 class=\"wp-block-heading\">Vins du Chianti et de Montepulciano<\/h3>\n\n\n\n<p>Situ\u00e9e pr\u00e8s des r\u00e9gions viticoles les plus c\u00e9l\u00e8bres au monde, Sienne est l\u2019endroit id\u00e9al pour acheter du <strong>Chianti Classico<\/strong> et du <strong>Vino Nobile di Montepulciano<\/strong>. De nombreuses caves et boutiques locales proposent des d\u00e9gustations et une large s\u00e9lection de vins des vignobles voisins, parfaits pour les amateurs de vin.<\/p>\n\n\n\n<h3 class=\"wp-block-heading\">Articles en Cuir<\/h3>\n\n\n\n<p>La Toscane est \u00e9galement r\u00e9put\u00e9e pour son artisanat du cuir, et \u00e0 Sienne, vous trouverez des <strong>ceintures, sacs et portefeuilles<\/strong> fabriqu\u00e9s \u00e0 la main par des artisans locaux. Ces articles en cuir, \u00e9l\u00e9gants et durables, constituent un achat authentique et de qualit\u00e9.<\/p>\n\n\n\n<h3 class=\"wp-block-heading\">O\u00f9 S\u00e9journer : H\u00f4tel Minerva \u00e0 Sienne<\/h3>\n\n\n\n<p>Pour profiter pleinement de la culture siennoise, <strong>l\u2019H\u00f4tel Minerva<\/strong> est un lieu id\u00e9al, situ\u00e9 \u00e0 quelques minutes du centre historique. L\u2019H\u00f4tel Minerva dispose de <strong>56 chambres climatis\u00e9es<\/strong> r\u00e9parties en diff\u00e9rentes cat\u00e9gories, des chambres \u00e9conomiques Easy-Economy aux spacieuses Junior Suites, dont certaines offrent une vue panoramique sur la ville.<\/p>\n\n\n\n<figure class=\"wp-block-gallery has-nested-images columns-default is-cropped wp-block-gallery-1 is-layout-flex wp-block-gallery-is-layout-flex\">\n<figure class=\"wp-block-image size-large\"><img loading=\"lazy\" decoding=\"async\" width=\"1024\" height=\"683\" data-id=\"16401\" src=\"https:\/\/www.albergominerva.it\/wp-content\/uploads\/2024\/10\/hotel-minerva-superior-03.jpg\" alt=\"\" class=\"wp-image-16401\" srcset=\"https:\/\/www.albergominerva.it\/wp-content\/uploads\/2024\/10\/hotel-minerva-superior-03.jpg 1024w, https:\/\/www.albergominerva.it\/wp-content\/uploads\/2024\/10\/hotel-minerva-superior-03-300x200.jpg 300w, https:\/\/www.albergominerva.it\/wp-content\/uploads\/2024\/10\/hotel-minerva-superior-03-768x512.jpg 768w, https:\/\/www.albergominerva.it\/wp-content\/uploads\/2024\/10\/hotel-minerva-superior-03-1000x667.jpg 1000w, https:\/\/www.albergominerva.it\/wp-content\/uploads\/2024\/10\/hotel-minerva-superior-03-700x467.jpg 700w\" sizes=\"auto, (max-width: 1024px) 100vw, 1024px\" \/><\/figure>\n\n\n\n<figure class=\"wp-block-image size-large\"><img loading=\"lazy\" decoding=\"async\" width=\"1024\" height=\"683\" data-id=\"16411\" src=\"https:\/\/www.albergominerva.it\/wp-content\/uploads\/2024\/10\/hotel-minerva-superior-04.jpg\" alt=\"\" class=\"wp-image-16411\" srcset=\"https:\/\/www.albergominerva.it\/wp-content\/uploads\/2024\/10\/hotel-minerva-superior-04.jpg 1024w, https:\/\/www.albergominerva.it\/wp-content\/uploads\/2024\/10\/hotel-minerva-superior-04-300x200.jpg 300w, https:\/\/www.albergominerva.it\/wp-content\/uploads\/2024\/10\/hotel-minerva-superior-04-768x512.jpg 768w, https:\/\/www.albergominerva.it\/wp-content\/uploads\/2024\/10\/hotel-minerva-superior-04-1000x667.jpg 1000w, https:\/\/www.albergominerva.it\/wp-content\/uploads\/2024\/10\/hotel-minerva-superior-04-700x467.jpg 700w\" sizes=\"auto, (max-width: 1024px) 100vw, 1024px\" \/><\/figure>\n\n\n\n<figure class=\"wp-block-image size-large\"><img loading=\"lazy\" decoding=\"async\" width=\"1024\" height=\"683\" data-id=\"16349\" src=\"https:\/\/www.albergominerva.it\/wp-content\/uploads\/2024\/10\/hotel-minerva-standard-11.jpg\" alt=\"\" class=\"wp-image-16349\" srcset=\"https:\/\/www.albergominerva.it\/wp-content\/uploads\/2024\/10\/hotel-minerva-standard-11.jpg 1024w, https:\/\/www.albergominerva.it\/wp-content\/uploads\/2024\/10\/hotel-minerva-standard-11-300x200.jpg 300w, https:\/\/www.albergominerva.it\/wp-content\/uploads\/2024\/10\/hotel-minerva-standard-11-768x512.jpg 768w, https:\/\/www.albergominerva.it\/wp-content\/uploads\/2024\/10\/hotel-minerva-standard-11-1000x667.jpg 1000w, https:\/\/www.albergominerva.it\/wp-content\/uploads\/2024\/10\/hotel-minerva-standard-11-700x467.jpg 700w\" sizes=\"auto, (max-width: 1024px) 100vw, 1024px\" \/><\/figure>\n\n\n\n<figure class=\"wp-block-image size-large\"><img loading=\"lazy\" decoding=\"async\" width=\"1024\" height=\"683\" data-id=\"16309\" src=\"https:\/\/www.albergominerva.it\/wp-content\/uploads\/2024\/10\/hotel-minerva-standard-07.jpg\" alt=\"\" class=\"wp-image-16309\" srcset=\"https:\/\/www.albergominerva.it\/wp-content\/uploads\/2024\/10\/hotel-minerva-standard-07.jpg 1024w, https:\/\/www.albergominerva.it\/wp-content\/uploads\/2024\/10\/hotel-minerva-standard-07-300x200.jpg 300w, https:\/\/www.albergominerva.it\/wp-content\/uploads\/2024\/10\/hotel-minerva-standard-07-768x512.jpg 768w, https:\/\/www.albergominerva.it\/wp-content\/uploads\/2024\/10\/hotel-minerva-standard-07-1000x667.jpg 1000w, https:\/\/www.albergominerva.it\/wp-content\/uploads\/2024\/10\/hotel-minerva-standard-07-700x467.jpg 700w\" sizes=\"auto, (max-width: 1024px) 100vw, 1024px\" \/><\/figure>\n\n\n\n<figure class=\"wp-block-image size-large\"><img loading=\"lazy\" decoding=\"async\" width=\"683\" height=\"1024\" data-id=\"16319\" src=\"https:\/\/www.albergominerva.it\/wp-content\/uploads\/2024\/10\/hotel-minerva-standard-08-683x1024.jpg\" alt=\"\" class=\"wp-image-16319\" srcset=\"https:\/\/www.albergominerva.it\/wp-content\/uploads\/2024\/10\/hotel-minerva-standard-08-683x1024.jpg 683w, https:\/\/www.albergominerva.it\/wp-content\/uploads\/2024\/10\/hotel-minerva-standard-08-200x300.jpg 200w, https:\/\/www.albergominerva.it\/wp-content\/uploads\/2024\/10\/hotel-minerva-standard-08-768x1152.jpg 768w, https:\/\/www.albergominerva.it\/wp-content\/uploads\/2024\/10\/hotel-minerva-standard-08-1000x1500.jpg 1000w, https:\/\/www.albergominerva.it\/wp-content\/uploads\/2024\/10\/hotel-minerva-standard-08-700x1050.jpg 700w, https:\/\/www.albergominerva.it\/wp-content\/uploads\/2024\/10\/hotel-minerva-standard-08.jpg 1024w\" sizes=\"auto, (max-width: 683px) 100vw, 683px\" \/><\/figure>\n\n\n\n<figure class=\"wp-block-image size-large\"><img loading=\"lazy\" decoding=\"async\" width=\"1024\" height=\"683\" data-id=\"16299\" src=\"https:\/\/www.albergominerva.it\/wp-content\/uploads\/2024\/10\/hotel-minerva-standard-06.jpg\" alt=\"\" class=\"wp-image-16299\" srcset=\"https:\/\/www.albergominerva.it\/wp-content\/uploads\/2024\/10\/hotel-minerva-standard-06.jpg 1024w, https:\/\/www.albergominerva.it\/wp-content\/uploads\/2024\/10\/hotel-minerva-standard-06-300x200.jpg 300w, https:\/\/www.albergominerva.it\/wp-content\/uploads\/2024\/10\/hotel-minerva-standard-06-768x512.jpg 768w, https:\/\/www.albergominerva.it\/wp-content\/uploads\/2024\/10\/hotel-minerva-standard-06-1000x667.jpg 1000w, https:\/\/www.albergominerva.it\/wp-content\/uploads\/2024\/10\/hotel-minerva-standard-06-700x467.jpg 700w\" sizes=\"auto, (max-width: 1024px) 100vw, 1024px\" \/><\/figure>\n\n\n\n<figure class=\"wp-block-image size-large\"><img loading=\"lazy\" decoding=\"async\" width=\"1024\" height=\"683\" data-id=\"16036\" src=\"https:\/\/www.albergominerva.it\/wp-content\/uploads\/2024\/08\/Hotel-Minerva-2023-011-1-1024x683.jpg\" alt=\"\" class=\"wp-image-16036\" srcset=\"https:\/\/www.albergominerva.it\/wp-content\/uploads\/2024\/08\/Hotel-Minerva-2023-011-1-1024x683.jpg 1024w, https:\/\/www.albergominerva.it\/wp-content\/uploads\/2024\/08\/Hotel-Minerva-2023-011-1-300x200.jpg 300w, https:\/\/www.albergominerva.it\/wp-content\/uploads\/2024\/08\/Hotel-Minerva-2023-011-1-768x512.jpg 768w, https:\/\/www.albergominerva.it\/wp-content\/uploads\/2024\/08\/Hotel-Minerva-2023-011-1-1536x1024.jpg 1536w, https:\/\/www.albergominerva.it\/wp-content\/uploads\/2024\/08\/Hotel-Minerva-2023-011-1-2048x1365.jpg 2048w, https:\/\/www.albergominerva.it\/wp-content\/uploads\/2024\/08\/Hotel-Minerva-2023-011-1-1000x667.jpg 1000w, https:\/\/www.albergominerva.it\/wp-content\/uploads\/2024\/08\/Hotel-Minerva-2023-011-1-700x467.jpg 700w\" sizes=\"auto, (max-width: 1024px) 100vw, 1024px\" \/><\/figure>\n<\/figure>\n\n\n\n<h4 class=\"wp-block-heading\">Services de l\u2019H\u00f4tel Minerva<\/h4>\n\n\n\n<ul class=\"wp-block-list\">\n<li><strong>Petit-d\u00e9jeuner buffet<\/strong> : chaque matin, les clients peuvent savourer un petit-d\u00e9jeuner vari\u00e9 avec des produits italiens et internationaux, servi dans une salle lumineuse avec vue sur le jardin.<\/li>\n\n\n\n<li><strong>Parking couvert et s\u00e9curis\u00e9<\/strong> : l\u2019h\u00f4tel dispose de 20 places de parking surveill\u00e9es, id\u00e9al pour les clients arrivant en voiture.<\/li>\n\n\n\n<li><strong>Salle de conf\u00e9rence<\/strong> : parfaite pour les voyageurs d\u2019affaires, la salle de conf\u00e9rence est enti\u00e8rement \u00e9quip\u00e9e et peut accueillir jusqu\u2019\u00e0 <strong>40 personnes<\/strong>.<\/li>\n<\/ul>\n\n\n\n<p>L\u2019H\u00f4tel Minerva est \u00e9galement parfait pour les familles et les groupes, proposant des \u00e9quipements comme des lits pour b\u00e9b\u00e9s, des chauffe-biberons et une salle de jeux pour enfants. Sa proximit\u00e9 avec <strong>Orto de&rsquo; Pecci<\/strong>, un jardin avec des animaux de ferme, en fait un choix particuli\u00e8rement appr\u00e9ci\u00e9 des familles avec de jeunes enfants.<\/p>\n\n\n\n<h4 class=\"wp-block-heading\">R\u00e9servations et Offres Sp\u00e9ciales<\/h4>\n\n\n\n<p>Pour r\u00e9server votre s\u00e9jour et profiter d\u2019offres sp\u00e9ciales, rendez-vous sur le site officiel de l\u2019H\u00f4tel Minerva, appelez le <strong>+39 0577.284474<\/strong> ou envoyez un e-mail \u00e0 <strong>info@albergominerva.it<\/strong>.<\/p>\n","protected":false},"excerpt":{"rendered":"<p>Visiter Sienne, c\u2019est l\u2019occasion de ramener chez soi un morceau de la tradition toscane. Des douceurs locales aux articles d\u2019artisanat,<\/p>\n","protected":false},"author":3,"featured_media":0,"parent":0,"menu_order":0,"comment_status":"closed","ping_status":"closed","template":"","meta":{"_acf_changed":false,"footnotes":""},"class_list":["post-16993","page","type-page","status-publish","hentry"],"acf":[],"yoast_head":"<!-- This site is optimized with the Yoast SEO plugin v27.4 - https:\/\/yoast.com\/product\/yoast-seo-wordpress\/ -->\n<title>Que Acheter de Typique \u00e0 Sienne ? - Hotel Minerva Siena<\/title>\n<meta name=\"robots\" content=\"index, follow, max-snippet:-1, max-image-preview:large, max-video-preview:-1\" \/>\n<link rel=\"canonical\" href=\"https:\/\/www.albergominerva.it\/fr\/que-acheter-de-typique-a-sienne\/\" \/>\n<meta property=\"og:locale\" content=\"fr_FR\" \/>\n<meta property=\"og:type\" content=\"article\" \/>\n<meta property=\"og:title\" content=\"Que Acheter de Typique \u00e0 Sienne ? - Hotel Minerva Siena\" \/>\n<meta property=\"og:description\" content=\"Visiter Sienne, c\u2019est l\u2019occasion de ramener chez soi un morceau de la tradition toscane. Des douceurs locales aux articles d\u2019artisanat,\" \/>\n<meta property=\"og:url\" content=\"https:\/\/www.albergominerva.it\/fr\/que-acheter-de-typique-a-sienne\/\" \/>\n<meta property=\"og:site_name\" content=\"Hotel Minerva Siena\" \/>\n<meta property=\"article:modified_time\" content=\"2024-10-17T09:27:02+00:00\" \/>\n<meta property=\"og:image\" content=\"https:\/\/www.albergominerva.it\/wp-content\/uploads\/2024\/10\/hotel-minerva-superior-03.jpg\" \/>\n<meta name=\"twitter:card\" content=\"summary_large_image\" \/>\n<meta name=\"twitter:label1\" content=\"Dur\u00e9e de lecture estim\u00e9e\" \/>\n\t<meta name=\"twitter:data1\" content=\"5 minutes\" \/>\n<script type=\"application\/ld+json\" class=\"yoast-schema-graph\">{\"@context\":\"https:\\\/\\\/schema.org\",\"@graph\":[{\"@type\":\"WebPage\",\"@id\":\"https:\\\/\\\/www.albergominerva.it\\\/fr\\\/que-acheter-de-typique-a-sienne\\\/\",\"url\":\"https:\\\/\\\/www.albergominerva.it\\\/fr\\\/que-acheter-de-typique-a-sienne\\\/\",\"name\":\"Que Acheter de Typique \u00e0 Sienne ? - Hotel Minerva Siena\",\"isPartOf\":{\"@id\":\"https:\\\/\\\/www.albergominerva.it\\\/fr\\\/#website\"},\"primaryImageOfPage\":{\"@id\":\"https:\\\/\\\/www.albergominerva.it\\\/fr\\\/que-acheter-de-typique-a-sienne\\\/#primaryimage\"},\"image\":{\"@id\":\"https:\\\/\\\/www.albergominerva.it\\\/fr\\\/que-acheter-de-typique-a-sienne\\\/#primaryimage\"},\"thumbnailUrl\":\"https:\\\/\\\/www.albergominerva.it\\\/wp-content\\\/uploads\\\/2024\\\/10\\\/hotel-minerva-superior-03.jpg\",\"datePublished\":\"2024-10-17T09:27:00+00:00\",\"dateModified\":\"2024-10-17T09:27:02+00:00\",\"breadcrumb\":{\"@id\":\"https:\\\/\\\/www.albergominerva.it\\\/fr\\\/que-acheter-de-typique-a-sienne\\\/#breadcrumb\"},\"inLanguage\":\"fr-FR\",\"potentialAction\":[{\"@type\":\"ReadAction\",\"target\":[\"https:\\\/\\\/www.albergominerva.it\\\/fr\\\/que-acheter-de-typique-a-sienne\\\/\"]}]},{\"@type\":\"ImageObject\",\"inLanguage\":\"fr-FR\",\"@id\":\"https:\\\/\\\/www.albergominerva.it\\\/fr\\\/que-acheter-de-typique-a-sienne\\\/#primaryimage\",\"url\":\"https:\\\/\\\/www.albergominerva.it\\\/wp-content\\\/uploads\\\/2024\\\/10\\\/hotel-minerva-superior-03.jpg\",\"contentUrl\":\"https:\\\/\\\/www.albergominerva.it\\\/wp-content\\\/uploads\\\/2024\\\/10\\\/hotel-minerva-superior-03.jpg\"},{\"@type\":\"BreadcrumbList\",\"@id\":\"https:\\\/\\\/www.albergominerva.it\\\/fr\\\/que-acheter-de-typique-a-sienne\\\/#breadcrumb\",\"itemListElement\":[{\"@type\":\"ListItem\",\"position\":1,\"name\":\"Home\",\"item\":\"https:\\\/\\\/www.albergominerva.it\\\/fr\\\/\"},{\"@type\":\"ListItem\",\"position\":2,\"name\":\"Que Acheter de Typique \u00e0 Sienne ?\"}]},{\"@type\":\"WebSite\",\"@id\":\"https:\\\/\\\/www.albergominerva.it\\\/fr\\\/#website\",\"url\":\"https:\\\/\\\/www.albergominerva.it\\\/fr\\\/\",\"name\":\"Hotel Minerva Siena\",\"description\":\"Hotel in Centro Storico a Siena - Toscana - Italy\",\"potentialAction\":[{\"@type\":\"SearchAction\",\"target\":{\"@type\":\"EntryPoint\",\"urlTemplate\":\"https:\\\/\\\/www.albergominerva.it\\\/fr\\\/?s={search_term_string}\"},\"query-input\":{\"@type\":\"PropertyValueSpecification\",\"valueRequired\":true,\"valueName\":\"search_term_string\"}}],\"inLanguage\":\"fr-FR\"}]}<\/script>\n<!-- \/ Yoast SEO plugin. -->","yoast_head_json":{"title":"Que Acheter de Typique \u00e0 Sienne ? - Hotel Minerva Siena","robots":{"index":"index","follow":"follow","max-snippet":"max-snippet:-1","max-image-preview":"max-image-preview:large","max-video-preview":"max-video-preview:-1"},"canonical":"https:\/\/www.albergominerva.it\/fr\/que-acheter-de-typique-a-sienne\/","og_locale":"fr_FR","og_type":"article","og_title":"Que Acheter de Typique \u00e0 Sienne ? - Hotel Minerva Siena","og_description":"Visiter Sienne, c\u2019est l\u2019occasion de ramener chez soi un morceau de la tradition toscane. Des douceurs locales aux articles d\u2019artisanat,","og_url":"https:\/\/www.albergominerva.it\/fr\/que-acheter-de-typique-a-sienne\/","og_site_name":"Hotel Minerva Siena","article_modified_time":"2024-10-17T09:27:02+00:00","og_image":[{"url":"https:\/\/www.albergominerva.it\/wp-content\/uploads\/2024\/10\/hotel-minerva-superior-03.jpg","type":"","width":"","height":""}],"twitter_card":"summary_large_image","twitter_misc":{"Dur\u00e9e de lecture estim\u00e9e":"5 minutes"},"schema":{"@context":"https:\/\/schema.org","@graph":[{"@type":"WebPage","@id":"https:\/\/www.albergominerva.it\/fr\/que-acheter-de-typique-a-sienne\/","url":"https:\/\/www.albergominerva.it\/fr\/que-acheter-de-typique-a-sienne\/","name":"Que Acheter de Typique \u00e0 Sienne ? - Hotel Minerva Siena","isPartOf":{"@id":"https:\/\/www.albergominerva.it\/fr\/#website"},"primaryImageOfPage":{"@id":"https:\/\/www.albergominerva.it\/fr\/que-acheter-de-typique-a-sienne\/#primaryimage"},"image":{"@id":"https:\/\/www.albergominerva.it\/fr\/que-acheter-de-typique-a-sienne\/#primaryimage"},"thumbnailUrl":"https:\/\/www.albergominerva.it\/wp-content\/uploads\/2024\/10\/hotel-minerva-superior-03.jpg","datePublished":"2024-10-17T09:27:00+00:00","dateModified":"2024-10-17T09:27:02+00:00","breadcrumb":{"@id":"https:\/\/www.albergominerva.it\/fr\/que-acheter-de-typique-a-sienne\/#breadcrumb"},"inLanguage":"fr-FR","potentialAction":[{"@type":"ReadAction","target":["https:\/\/www.albergominerva.it\/fr\/que-acheter-de-typique-a-sienne\/"]}]},{"@type":"ImageObject","inLanguage":"fr-FR","@id":"https:\/\/www.albergominerva.it\/fr\/que-acheter-de-typique-a-sienne\/#primaryimage","url":"https:\/\/www.albergominerva.it\/wp-content\/uploads\/2024\/10\/hotel-minerva-superior-03.jpg","contentUrl":"https:\/\/www.albergominerva.it\/wp-content\/uploads\/2024\/10\/hotel-minerva-superior-03.jpg"},{"@type":"BreadcrumbList","@id":"https:\/\/www.albergominerva.it\/fr\/que-acheter-de-typique-a-sienne\/#breadcrumb","itemListElement":[{"@type":"ListItem","position":1,"name":"Home","item":"https:\/\/www.albergominerva.it\/fr\/"},{"@type":"ListItem","position":2,"name":"Que Acheter de Typique \u00e0 Sienne ?"}]},{"@type":"WebSite","@id":"https:\/\/www.albergominerva.it\/fr\/#website","url":"https:\/\/www.albergominerva.it\/fr\/","name":"Hotel Minerva Siena","description":"Hotel in Centro Storico a Siena - Toscana - Italy","potentialAction":[{"@type":"SearchAction","target":{"@type":"EntryPoint","urlTemplate":"https:\/\/www.albergominerva.it\/fr\/?s={search_term_string}"},"query-input":{"@type":"PropertyValueSpecification","valueRequired":true,"valueName":"search_term_string"}}],"inLanguage":"fr-FR"}]}},"_links":{"self":[{"href":"https:\/\/www.albergominerva.it\/fr\/wp-json\/wp\/v2\/pages\/16993","targetHints":{"allow":["GET"]}}],"collection":[{"href":"https:\/\/www.albergominerva.it\/fr\/wp-json\/wp\/v2\/pages"}],"about":[{"href":"https:\/\/www.albergominerva.it\/fr\/wp-json\/wp\/v2\/types\/page"}],"author":[{"embeddable":true,"href":"https:\/\/www.albergominerva.it\/fr\/wp-json\/wp\/v2\/users\/3"}],"replies":[{"embeddable":true,"href":"https:\/\/www.albergominerva.it\/fr\/wp-json\/wp\/v2\/comments?post=16993"}],"version-history":[{"count":1,"href":"https:\/\/www.albergominerva.it\/fr\/wp-json\/wp\/v2\/pages\/16993\/revisions"}],"predecessor-version":[{"id":16994,"href":"https:\/\/www.albergominerva.it\/fr\/wp-json\/wp\/v2\/pages\/16993\/revisions\/16994"}],"wp:attachment":[{"href":"https:\/\/www.albergominerva.it\/fr\/wp-json\/wp\/v2\/media?parent=16993"}],"curies":[{"name":"wp","href":"https:\/\/api.w.org\/{rel}","templated":true}]}}