{"id":17704,"date":"2024-12-17T17:00:09","date_gmt":"2024-12-17T16:00:09","guid":{"rendered":"https:\/\/www.albergominerva.it\/?page_id=17704"},"modified":"2024-12-17T17:00:10","modified_gmt":"2024-12-17T16:00:10","slug":"que-voir-entre-sienne-et-pise","status":"publish","type":"page","link":"https:\/\/www.albergominerva.it\/fr\/que-voir-entre-sienne-et-pise\/","title":{"rendered":"Que Voir Entre Sienne et Pise"},"content":{"rendered":"\n<p>L&rsquo;itin\u00e9raire entre <strong>Sienne<\/strong> et <strong>Pise<\/strong> traverse certains des paysages les plus enchanteurs de la Toscane, parsem\u00e9s de villages m\u00e9di\u00e9vaux, de vignobles et de tr\u00e9sors historiques. Un voyage de Sienne \u00e0 Pise n\u2019est pas simplement un transfert, mais une opportunit\u00e9 unique pour plonger dans un patrimoine culturel exceptionnel, savourer une cuisine d\u00e9licieuse et admirer des panoramas \u00e0 couper le souffle. Voici un itin\u00e9raire d\u00e9taill\u00e9 avec les \u00e9tapes incontournables \u00e0 d\u00e9couvrir en chemin.<\/p>\n\n\n\n<h3 class=\"wp-block-heading\">San Gimignano : La Ville aux Tours<\/h3>\n\n\n\n<p><strong>San Gimignano<\/strong>, surnomm\u00e9e la <em>\u201cVille aux Tours\u201d<\/em>, est l&rsquo;une des \u00e9tapes les plus embl\u00e9matiques. Son centre historique m\u00e9di\u00e9val, class\u00e9 au <strong>patrimoine mondial de l&rsquo;UNESCO<\/strong>, est c\u00e9l\u00e8bre pour ses <strong>14 tours m\u00e9di\u00e9vales<\/strong> encore debout qui dominent le paysage toscan. Fl\u00e2nez sur la magnifique <strong>Piazza della Cisterna<\/strong>, admirez les fresques de la <strong>Coll\u00e9giale de San Gimignano<\/strong> et profitez d&rsquo;une d\u00e9gustation du c\u00e9l\u00e8bre <strong>Vernaccia di San Gimignano<\/strong>, le vin blanc typique de la r\u00e9gion.<\/p>\n\n\n\n<h3 class=\"wp-block-heading\">Volterra : Tr\u00e9sors \u00c9trusques et Romains<\/h3>\n\n\n\n<p>L&rsquo;\u00e9tape suivante est <strong>Volterra<\/strong>, une ville d\u2019origine \u00e9trusque perch\u00e9e sur une colline avec une vue imprenable sur les vall\u00e9es environnantes. D\u00e9couvrez les <strong>murs \u00e9trusques<\/strong>, le <strong>Th\u00e9\u00e2tre Romain<\/strong> et le <strong>Palazzo dei Priori<\/strong>, l&rsquo;une des plus anciennes mairies de Toscane. Ne manquez pas le <strong>Mus\u00e9e Guarnacci<\/strong>, qui abrite des objets incroyables retra\u00e7ant l\u2019histoire de la civilisation \u00e9trusque.<\/p>\n\n\n\n<h3 class=\"wp-block-heading\">Monteriggioni : Un Bourg Fortifi\u00e9 de Conte de F\u00e9es<\/h3>\n\n\n\n<p>\u00c0 quelques kilom\u00e8tres de Sienne, <strong>Monteriggioni<\/strong> est l&rsquo;un des villages m\u00e9di\u00e9vaux les mieux conserv\u00e9s d&rsquo;Italie. Entour\u00e9 de <strong>murailles impressionnantes avec 14 tours<\/strong>, ce bourg semble tout droit sorti d\u2019une \u00e9poque r\u00e9volue. Une promenade le long des remparts offre une vue spectaculaire sur les collines toscanes et vous plongera dans une atmosph\u00e8re hors du temps.<\/p>\n\n\n\n<h3 class=\"wp-block-heading\">Certaldo : Le Village de Boccace<\/h3>\n\n\n\n<p><strong>Certaldo<\/strong>, la ville natale du c\u00e9l\u00e8bre \u00e9crivain <strong>Giovanni Boccace<\/strong>, est un village m\u00e9di\u00e9val plein de charme. Prenez le <strong>funiculaire<\/strong> jusqu\u2019au c\u0153ur historique o\u00f9 vous pourrez visiter la <strong>Maison de Boccace<\/strong>, aujourd\u2019hui un mus\u00e9e d\u00e9di\u00e9 \u00e0 sa vie et \u00e0 ses \u0153uvres, notamment le <em>D\u00e9cam\u00e9ron<\/em>. Les rues pav\u00e9es et les panoramas authentiques vous feront revivre la Toscane d&rsquo;autrefois.<\/p>\n\n\n\n<h3 class=\"wp-block-heading\">Pise : La Ville de la Tour Pench\u00e9e<\/h3>\n\n\n\n<p>L\u2019ultime \u00e9tape est <strong>Pise<\/strong>, l&rsquo;une des villes les plus c\u00e9l\u00e8bres d&rsquo;Italie. La <strong>Piazza dei Miracoli<\/strong> abrite la c\u00e9l\u00e8bre <strong>Tour Pench\u00e9e<\/strong>, la magnifique <strong>Cath\u00e9drale de Pise<\/strong>, le <strong>Baptist\u00e8re<\/strong> et le <strong>Camposanto Monumental<\/strong>. Mais Pise ne se limite pas \u00e0 sa tour : explorez les rives de l\u2019<strong>Arno<\/strong> et fl\u00e2nez dans le centre-ville anim\u00e9, rempli de boutiques, de restaurants et de petites places pittoresques.<\/p>\n\n\n\n<h2 class=\"wp-block-heading\">O\u00f9 Loger : Albergo Minerva \u00e0 Sienne<\/h2>\n\n\n\n<p>Si votre itin\u00e9raire commence \u00e0 Sienne, <strong>l\u2019Albergo Minerva<\/strong> est l\u2019endroit id\u00e9al pour s\u00e9journer. Situ\u00e9 \u00e0 quelques pas du centre historique, cet h\u00f4tel propose <strong>56 chambres climatis\u00e9es<\/strong> r\u00e9parties en plusieurs cat\u00e9gories : des chambres \u00e9conomiques <strong>Easy-Economy<\/strong> aux spacieuses <strong>Junior Suites<\/strong>, dont certaines offrent une <strong>vue panoramique sur Sienne<\/strong>.<\/p>\n\n\n\n<figure class=\"wp-block-gallery has-nested-images columns-default is-cropped wp-block-gallery-1 is-layout-flex wp-block-gallery-is-layout-flex\">\n<figure class=\"wp-block-image size-large\"><img loading=\"lazy\" decoding=\"async\" width=\"1024\" height=\"683\" data-id=\"16401\" src=\"https:\/\/www.albergominerva.it\/wp-content\/uploads\/2024\/10\/hotel-minerva-superior-03.jpg\" alt=\"\" class=\"wp-image-16401\" srcset=\"https:\/\/www.albergominerva.it\/wp-content\/uploads\/2024\/10\/hotel-minerva-superior-03.jpg 1024w, https:\/\/www.albergominerva.it\/wp-content\/uploads\/2024\/10\/hotel-minerva-superior-03-300x200.jpg 300w, https:\/\/www.albergominerva.it\/wp-content\/uploads\/2024\/10\/hotel-minerva-superior-03-768x512.jpg 768w, https:\/\/www.albergominerva.it\/wp-content\/uploads\/2024\/10\/hotel-minerva-superior-03-1000x667.jpg 1000w, https:\/\/www.albergominerva.it\/wp-content\/uploads\/2024\/10\/hotel-minerva-superior-03-700x467.jpg 700w\" sizes=\"auto, (max-width: 1024px) 100vw, 1024px\" \/><\/figure>\n\n\n\n<figure class=\"wp-block-image size-large\"><img loading=\"lazy\" decoding=\"async\" width=\"1024\" height=\"683\" data-id=\"16411\" src=\"https:\/\/www.albergominerva.it\/wp-content\/uploads\/2024\/10\/hotel-minerva-superior-04.jpg\" alt=\"\" class=\"wp-image-16411\" srcset=\"https:\/\/www.albergominerva.it\/wp-content\/uploads\/2024\/10\/hotel-minerva-superior-04.jpg 1024w, https:\/\/www.albergominerva.it\/wp-content\/uploads\/2024\/10\/hotel-minerva-superior-04-300x200.jpg 300w, https:\/\/www.albergominerva.it\/wp-content\/uploads\/2024\/10\/hotel-minerva-superior-04-768x512.jpg 768w, https:\/\/www.albergominerva.it\/wp-content\/uploads\/2024\/10\/hotel-minerva-superior-04-1000x667.jpg 1000w, https:\/\/www.albergominerva.it\/wp-content\/uploads\/2024\/10\/hotel-minerva-superior-04-700x467.jpg 700w\" sizes=\"auto, (max-width: 1024px) 100vw, 1024px\" \/><\/figure>\n\n\n\n<figure class=\"wp-block-image size-large\"><img loading=\"lazy\" decoding=\"async\" width=\"1024\" height=\"683\" data-id=\"16349\" src=\"https:\/\/www.albergominerva.it\/wp-content\/uploads\/2024\/10\/hotel-minerva-standard-11.jpg\" alt=\"\" class=\"wp-image-16349\" srcset=\"https:\/\/www.albergominerva.it\/wp-content\/uploads\/2024\/10\/hotel-minerva-standard-11.jpg 1024w, https:\/\/www.albergominerva.it\/wp-content\/uploads\/2024\/10\/hotel-minerva-standard-11-300x200.jpg 300w, https:\/\/www.albergominerva.it\/wp-content\/uploads\/2024\/10\/hotel-minerva-standard-11-768x512.jpg 768w, https:\/\/www.albergominerva.it\/wp-content\/uploads\/2024\/10\/hotel-minerva-standard-11-1000x667.jpg 1000w, https:\/\/www.albergominerva.it\/wp-content\/uploads\/2024\/10\/hotel-minerva-standard-11-700x467.jpg 700w\" sizes=\"auto, (max-width: 1024px) 100vw, 1024px\" \/><\/figure>\n\n\n\n<figure class=\"wp-block-image size-large\"><img loading=\"lazy\" decoding=\"async\" width=\"1024\" height=\"683\" data-id=\"16309\" src=\"https:\/\/www.albergominerva.it\/wp-content\/uploads\/2024\/10\/hotel-minerva-standard-07.jpg\" alt=\"\" class=\"wp-image-16309\" srcset=\"https:\/\/www.albergominerva.it\/wp-content\/uploads\/2024\/10\/hotel-minerva-standard-07.jpg 1024w, https:\/\/www.albergominerva.it\/wp-content\/uploads\/2024\/10\/hotel-minerva-standard-07-300x200.jpg 300w, https:\/\/www.albergominerva.it\/wp-content\/uploads\/2024\/10\/hotel-minerva-standard-07-768x512.jpg 768w, https:\/\/www.albergominerva.it\/wp-content\/uploads\/2024\/10\/hotel-minerva-standard-07-1000x667.jpg 1000w, https:\/\/www.albergominerva.it\/wp-content\/uploads\/2024\/10\/hotel-minerva-standard-07-700x467.jpg 700w\" sizes=\"auto, (max-width: 1024px) 100vw, 1024px\" \/><\/figure>\n\n\n\n<figure class=\"wp-block-image size-large\"><img loading=\"lazy\" decoding=\"async\" width=\"683\" height=\"1024\" data-id=\"16319\" src=\"https:\/\/www.albergominerva.it\/wp-content\/uploads\/2024\/10\/hotel-minerva-standard-08-683x1024.jpg\" alt=\"\" class=\"wp-image-16319\" srcset=\"https:\/\/www.albergominerva.it\/wp-content\/uploads\/2024\/10\/hotel-minerva-standard-08-683x1024.jpg 683w, https:\/\/www.albergominerva.it\/wp-content\/uploads\/2024\/10\/hotel-minerva-standard-08-200x300.jpg 200w, https:\/\/www.albergominerva.it\/wp-content\/uploads\/2024\/10\/hotel-minerva-standard-08-768x1152.jpg 768w, https:\/\/www.albergominerva.it\/wp-content\/uploads\/2024\/10\/hotel-minerva-standard-08-1000x1500.jpg 1000w, https:\/\/www.albergominerva.it\/wp-content\/uploads\/2024\/10\/hotel-minerva-standard-08-700x1050.jpg 700w, https:\/\/www.albergominerva.it\/wp-content\/uploads\/2024\/10\/hotel-minerva-standard-08.jpg 1024w\" sizes=\"auto, (max-width: 683px) 100vw, 683px\" \/><\/figure>\n\n\n\n<figure class=\"wp-block-image size-large\"><img loading=\"lazy\" decoding=\"async\" width=\"1024\" height=\"683\" data-id=\"16299\" src=\"https:\/\/www.albergominerva.it\/wp-content\/uploads\/2024\/10\/hotel-minerva-standard-06.jpg\" alt=\"\" class=\"wp-image-16299\" srcset=\"https:\/\/www.albergominerva.it\/wp-content\/uploads\/2024\/10\/hotel-minerva-standard-06.jpg 1024w, https:\/\/www.albergominerva.it\/wp-content\/uploads\/2024\/10\/hotel-minerva-standard-06-300x200.jpg 300w, https:\/\/www.albergominerva.it\/wp-content\/uploads\/2024\/10\/hotel-minerva-standard-06-768x512.jpg 768w, https:\/\/www.albergominerva.it\/wp-content\/uploads\/2024\/10\/hotel-minerva-standard-06-1000x667.jpg 1000w, https:\/\/www.albergominerva.it\/wp-content\/uploads\/2024\/10\/hotel-minerva-standard-06-700x467.jpg 700w\" sizes=\"auto, (max-width: 1024px) 100vw, 1024px\" \/><\/figure>\n\n\n\n<figure class=\"wp-block-image size-large\"><img loading=\"lazy\" decoding=\"async\" width=\"1024\" height=\"683\" data-id=\"16036\" src=\"https:\/\/www.albergominerva.it\/wp-content\/uploads\/2024\/08\/Hotel-Minerva-2023-011-1-1024x683.jpg\" alt=\"\" class=\"wp-image-16036\" srcset=\"https:\/\/www.albergominerva.it\/wp-content\/uploads\/2024\/08\/Hotel-Minerva-2023-011-1-1024x683.jpg 1024w, https:\/\/www.albergominerva.it\/wp-content\/uploads\/2024\/08\/Hotel-Minerva-2023-011-1-300x200.jpg 300w, https:\/\/www.albergominerva.it\/wp-content\/uploads\/2024\/08\/Hotel-Minerva-2023-011-1-768x512.jpg 768w, https:\/\/www.albergominerva.it\/wp-content\/uploads\/2024\/08\/Hotel-Minerva-2023-011-1-1536x1024.jpg 1536w, https:\/\/www.albergominerva.it\/wp-content\/uploads\/2024\/08\/Hotel-Minerva-2023-011-1-2048x1365.jpg 2048w, https:\/\/www.albergominerva.it\/wp-content\/uploads\/2024\/08\/Hotel-Minerva-2023-011-1-1000x667.jpg 1000w, https:\/\/www.albergominerva.it\/wp-content\/uploads\/2024\/08\/Hotel-Minerva-2023-011-1-700x467.jpg 700w\" sizes=\"auto, (max-width: 1024px) 100vw, 1024px\" \/><\/figure>\n<\/figure>\n\n\n\n<h3 class=\"wp-block-heading\">Services Offerts par l\u2019Albergo Minerva<\/h3>\n\n\n\n<p>Les clients peuvent profiter d\u2019un <strong>petit-d\u00e9jeuner buffet<\/strong> g\u00e9n\u00e9reux compos\u00e9 de produits italiens et internationaux. L\u2019h\u00f4tel dispose d\u2019un <strong>parking couvert et s\u00e9curis\u00e9<\/strong> avec <strong>20 places surveill\u00e9es<\/strong>, un service essentiel pour ceux qui voyagent en voiture. Une <strong>salle de conf\u00e9rence moderne<\/strong> est \u00e9galement disponible, pouvant accueillir jusqu\u2019\u00e0 <strong>40 personnes<\/strong> pour des r\u00e9unions et \u00e9v\u00e9nements professionnels.<\/p>\n\n\n\n<h3 class=\"wp-block-heading\">Parfait pour les Familles et les Groupes<\/h3>\n\n\n\n<p>L\u2019Albergo Minerva est particuli\u00e8rement adapt\u00e9 aux <strong>familles<\/strong> et aux <strong>groupes<\/strong>, gr\u00e2ce \u00e0 ses services d\u00e9di\u00e9s tels que <strong>lits b\u00e9b\u00e9, chauffe-biberons<\/strong> et une salle de jeux pour enfants. La proximit\u00e9 avec l\u2019<strong>Orto de\u2019 Pecci<\/strong>, un parc avec des animaux, en fait une solution id\u00e9ale pour les familles avec de jeunes enfants.<\/p>\n\n\n\n<h3 class=\"wp-block-heading\">R\u00e9servations et Offres Sp\u00e9ciales<\/h3>\n\n\n\n<p>Pour r\u00e9server votre s\u00e9jour et profiter des <strong>offres sp\u00e9ciales<\/strong>, visitez le site officiel de l\u2019<strong>Albergo Minerva<\/strong>, appelez le <strong>+39 0577.284474<\/strong> ou envoyez un e-mail \u00e0 <strong><a>info@albergominerva.it<\/a><\/strong>. En r\u00e9servant directement, vous b\u00e9n\u00e9ficierez du <strong>meilleur prix garanti<\/strong> pour un s\u00e9jour inoubliable en Toscane.<\/p>\n","protected":false},"excerpt":{"rendered":"<p>L&rsquo;itin\u00e9raire entre Sienne et Pise traverse certains des paysages les plus enchanteurs de la Toscane, parsem\u00e9s de villages m\u00e9di\u00e9vaux, de<\/p>\n","protected":false},"author":3,"featured_media":0,"parent":0,"menu_order":0,"comment_status":"closed","ping_status":"closed","template":"","meta":{"_acf_changed":false,"footnotes":""},"class_list":["post-17704","page","type-page","status-publish","hentry"],"acf":[],"yoast_head":"<!-- This site is optimized with the Yoast SEO plugin v26.4 - https:\/\/yoast.com\/wordpress\/plugins\/seo\/ -->\n<title>Que Voir Entre Sienne et Pise - Hotel Minerva Siena<\/title>\n<meta name=\"robots\" content=\"index, follow, max-snippet:-1, max-image-preview:large, max-video-preview:-1\" \/>\n<link rel=\"canonical\" href=\"https:\/\/www.albergominerva.it\/fr\/que-voir-entre-sienne-et-pise\/\" \/>\n<meta property=\"og:locale\" content=\"fr_FR\" \/>\n<meta property=\"og:type\" content=\"article\" \/>\n<meta property=\"og:title\" content=\"Que Voir Entre Sienne et Pise - Hotel Minerva Siena\" \/>\n<meta property=\"og:description\" content=\"L&rsquo;itin\u00e9raire entre Sienne et Pise traverse certains des paysages les plus enchanteurs de la Toscane, parsem\u00e9s de villages m\u00e9di\u00e9vaux, de\" \/>\n<meta property=\"og:url\" content=\"https:\/\/www.albergominerva.it\/fr\/que-voir-entre-sienne-et-pise\/\" \/>\n<meta property=\"og:site_name\" content=\"Hotel Minerva Siena\" \/>\n<meta property=\"article:modified_time\" content=\"2024-12-17T16:00:10+00:00\" \/>\n<meta property=\"og:image\" content=\"https:\/\/www.albergominerva.it\/wp-content\/uploads\/2024\/10\/hotel-minerva-superior-03.jpg\" \/>\n<meta name=\"twitter:card\" content=\"summary_large_image\" \/>\n<meta name=\"twitter:label1\" content=\"Dur\u00e9e de lecture estim\u00e9e\" \/>\n\t<meta name=\"twitter:data1\" content=\"5 minutes\" \/>\n<script type=\"application\/ld+json\" class=\"yoast-schema-graph\">{\"@context\":\"https:\/\/schema.org\",\"@graph\":[{\"@type\":\"WebPage\",\"@id\":\"https:\/\/www.albergominerva.it\/fr\/que-voir-entre-sienne-et-pise\/\",\"url\":\"https:\/\/www.albergominerva.it\/fr\/que-voir-entre-sienne-et-pise\/\",\"name\":\"Que Voir Entre Sienne et Pise - Hotel Minerva Siena\",\"isPartOf\":{\"@id\":\"https:\/\/www.albergominerva.it\/fr\/#website\"},\"primaryImageOfPage\":{\"@id\":\"https:\/\/www.albergominerva.it\/fr\/que-voir-entre-sienne-et-pise\/#primaryimage\"},\"image\":{\"@id\":\"https:\/\/www.albergominerva.it\/fr\/que-voir-entre-sienne-et-pise\/#primaryimage\"},\"thumbnailUrl\":\"https:\/\/www.albergominerva.it\/wp-content\/uploads\/2024\/10\/hotel-minerva-superior-03.jpg\",\"datePublished\":\"2024-12-17T16:00:09+00:00\",\"dateModified\":\"2024-12-17T16:00:10+00:00\",\"breadcrumb\":{\"@id\":\"https:\/\/www.albergominerva.it\/fr\/que-voir-entre-sienne-et-pise\/#breadcrumb\"},\"inLanguage\":\"fr-FR\",\"potentialAction\":[{\"@type\":\"ReadAction\",\"target\":[\"https:\/\/www.albergominerva.it\/fr\/que-voir-entre-sienne-et-pise\/\"]}]},{\"@type\":\"ImageObject\",\"inLanguage\":\"fr-FR\",\"@id\":\"https:\/\/www.albergominerva.it\/fr\/que-voir-entre-sienne-et-pise\/#primaryimage\",\"url\":\"https:\/\/www.albergominerva.it\/wp-content\/uploads\/2024\/10\/hotel-minerva-superior-03.jpg\",\"contentUrl\":\"https:\/\/www.albergominerva.it\/wp-content\/uploads\/2024\/10\/hotel-minerva-superior-03.jpg\"},{\"@type\":\"BreadcrumbList\",\"@id\":\"https:\/\/www.albergominerva.it\/fr\/que-voir-entre-sienne-et-pise\/#breadcrumb\",\"itemListElement\":[{\"@type\":\"ListItem\",\"position\":1,\"name\":\"Home\",\"item\":\"https:\/\/www.albergominerva.it\/fr\/\"},{\"@type\":\"ListItem\",\"position\":2,\"name\":\"Que Voir Entre Sienne et Pise\"}]},{\"@type\":\"WebSite\",\"@id\":\"https:\/\/www.albergominerva.it\/fr\/#website\",\"url\":\"https:\/\/www.albergominerva.it\/fr\/\",\"name\":\"Hotel Minerva Siena\",\"description\":\"Hotel in Centro Storico a Siena - Toscana - Italy\",\"potentialAction\":[{\"@type\":\"SearchAction\",\"target\":{\"@type\":\"EntryPoint\",\"urlTemplate\":\"https:\/\/www.albergominerva.it\/fr\/?s={search_term_string}\"},\"query-input\":{\"@type\":\"PropertyValueSpecification\",\"valueRequired\":true,\"valueName\":\"search_term_string\"}}],\"inLanguage\":\"fr-FR\"}]}<\/script>\n<!-- \/ Yoast SEO plugin. -->","yoast_head_json":{"title":"Que Voir Entre Sienne et Pise - Hotel Minerva Siena","robots":{"index":"index","follow":"follow","max-snippet":"max-snippet:-1","max-image-preview":"max-image-preview:large","max-video-preview":"max-video-preview:-1"},"canonical":"https:\/\/www.albergominerva.it\/fr\/que-voir-entre-sienne-et-pise\/","og_locale":"fr_FR","og_type":"article","og_title":"Que Voir Entre Sienne et Pise - Hotel Minerva Siena","og_description":"L&rsquo;itin\u00e9raire entre Sienne et Pise traverse certains des paysages les plus enchanteurs de la Toscane, parsem\u00e9s de villages m\u00e9di\u00e9vaux, de","og_url":"https:\/\/www.albergominerva.it\/fr\/que-voir-entre-sienne-et-pise\/","og_site_name":"Hotel Minerva Siena","article_modified_time":"2024-12-17T16:00:10+00:00","og_image":[{"url":"https:\/\/www.albergominerva.it\/wp-content\/uploads\/2024\/10\/hotel-minerva-superior-03.jpg","type":"","width":"","height":""}],"twitter_card":"summary_large_image","twitter_misc":{"Dur\u00e9e de lecture estim\u00e9e":"5 minutes"},"schema":{"@context":"https:\/\/schema.org","@graph":[{"@type":"WebPage","@id":"https:\/\/www.albergominerva.it\/fr\/que-voir-entre-sienne-et-pise\/","url":"https:\/\/www.albergominerva.it\/fr\/que-voir-entre-sienne-et-pise\/","name":"Que Voir Entre Sienne et Pise - Hotel Minerva Siena","isPartOf":{"@id":"https:\/\/www.albergominerva.it\/fr\/#website"},"primaryImageOfPage":{"@id":"https:\/\/www.albergominerva.it\/fr\/que-voir-entre-sienne-et-pise\/#primaryimage"},"image":{"@id":"https:\/\/www.albergominerva.it\/fr\/que-voir-entre-sienne-et-pise\/#primaryimage"},"thumbnailUrl":"https:\/\/www.albergominerva.it\/wp-content\/uploads\/2024\/10\/hotel-minerva-superior-03.jpg","datePublished":"2024-12-17T16:00:09+00:00","dateModified":"2024-12-17T16:00:10+00:00","breadcrumb":{"@id":"https:\/\/www.albergominerva.it\/fr\/que-voir-entre-sienne-et-pise\/#breadcrumb"},"inLanguage":"fr-FR","potentialAction":[{"@type":"ReadAction","target":["https:\/\/www.albergominerva.it\/fr\/que-voir-entre-sienne-et-pise\/"]}]},{"@type":"ImageObject","inLanguage":"fr-FR","@id":"https:\/\/www.albergominerva.it\/fr\/que-voir-entre-sienne-et-pise\/#primaryimage","url":"https:\/\/www.albergominerva.it\/wp-content\/uploads\/2024\/10\/hotel-minerva-superior-03.jpg","contentUrl":"https:\/\/www.albergominerva.it\/wp-content\/uploads\/2024\/10\/hotel-minerva-superior-03.jpg"},{"@type":"BreadcrumbList","@id":"https:\/\/www.albergominerva.it\/fr\/que-voir-entre-sienne-et-pise\/#breadcrumb","itemListElement":[{"@type":"ListItem","position":1,"name":"Home","item":"https:\/\/www.albergominerva.it\/fr\/"},{"@type":"ListItem","position":2,"name":"Que Voir Entre Sienne et Pise"}]},{"@type":"WebSite","@id":"https:\/\/www.albergominerva.it\/fr\/#website","url":"https:\/\/www.albergominerva.it\/fr\/","name":"Hotel Minerva Siena","description":"Hotel in Centro Storico a Siena - Toscana - Italy","potentialAction":[{"@type":"SearchAction","target":{"@type":"EntryPoint","urlTemplate":"https:\/\/www.albergominerva.it\/fr\/?s={search_term_string}"},"query-input":{"@type":"PropertyValueSpecification","valueRequired":true,"valueName":"search_term_string"}}],"inLanguage":"fr-FR"}]}},"_links":{"self":[{"href":"https:\/\/www.albergominerva.it\/fr\/wp-json\/wp\/v2\/pages\/17704","targetHints":{"allow":["GET"]}}],"collection":[{"href":"https:\/\/www.albergominerva.it\/fr\/wp-json\/wp\/v2\/pages"}],"about":[{"href":"https:\/\/www.albergominerva.it\/fr\/wp-json\/wp\/v2\/types\/page"}],"author":[{"embeddable":true,"href":"https:\/\/www.albergominerva.it\/fr\/wp-json\/wp\/v2\/users\/3"}],"replies":[{"embeddable":true,"href":"https:\/\/www.albergominerva.it\/fr\/wp-json\/wp\/v2\/comments?post=17704"}],"version-history":[{"count":1,"href":"https:\/\/www.albergominerva.it\/fr\/wp-json\/wp\/v2\/pages\/17704\/revisions"}],"predecessor-version":[{"id":17705,"href":"https:\/\/www.albergominerva.it\/fr\/wp-json\/wp\/v2\/pages\/17704\/revisions\/17705"}],"wp:attachment":[{"href":"https:\/\/www.albergominerva.it\/fr\/wp-json\/wp\/v2\/media?parent=17704"}],"curies":[{"name":"wp","href":"https:\/\/api.w.org\/{rel}","templated":true}]}}