{"id":17721,"date":"2024-12-17T17:27:43","date_gmt":"2024-12-17T16:27:43","guid":{"rendered":"https:\/\/www.albergominerva.it\/?page_id=17721"},"modified":"2024-12-17T17:27:44","modified_gmt":"2024-12-17T16:27:44","slug":"que-visiter-en-toscane-en-3-jours","status":"publish","type":"page","link":"https:\/\/www.albergominerva.it\/fr\/que-visiter-en-toscane-en-3-jours\/","title":{"rendered":"Que Visiter en Toscane en 3 Jours"},"content":{"rendered":"\n<p>La Toscane est l\u2019une des r\u00e9gions les plus fascinantes d\u2019Italie, c\u00e9l\u00e8bre pour ses paysages dignes de cartes postales, ses villes d\u2019art et ses villages m\u00e9di\u00e9vaux. Si vous disposez de trois jours pour explorer cette magnifique r\u00e9gion, voici un itin\u00e9raire qui vous permettra de d\u00e9couvrir ses principales attractions et de vivre une exp\u00e9rience inoubliable.<\/p>\n\n\n\n<h3 class=\"wp-block-heading\">Jour 1 : Florence \u2013 Le C\u0153ur de la Renaissance<\/h3>\n\n\n\n<p>Votre voyage commence \u00e0 <strong>Florence<\/strong>, berceau de la Renaissance et l\u2019une des plus belles villes du monde. Consacrez votre matin\u00e9e \u00e0 la <strong>Galerie des Offices<\/strong>, o\u00f9 vous pourrez admirer des chefs-d\u2019\u0153uvre de Botticelli, Michel-Ange et L\u00e9onard de Vinci. Continuez par la visite de la <strong>Cath\u00e9drale Santa Maria del Fiore<\/strong> et montez jusqu\u2019au sommet de la <strong>Coupole de Brunelleschi<\/strong> pour profiter d\u2019une vue imprenable sur la ville.<\/p>\n\n\n\n<p>Pour le d\u00e9jeuner, arr\u00eatez-vous dans une trattoria typique pour go\u00fbter la c\u00e9l\u00e8bre <strong>bistecca alla fiorentina<\/strong>. Dans l\u2019apr\u00e8s-midi, promenez-vous sur le <strong>Ponte Vecchio<\/strong> et admirez les boutiques historiques d\u2019orf\u00e8vrerie. Terminez votre journ\u00e9e \u00e0 la <strong>Piazzale Michelangelo<\/strong>, d\u2019o\u00f9 vous pourrez contempler l\u2019un des plus beaux panoramas de Florence au coucher du soleil.<\/p>\n\n\n\n<h3 class=\"wp-block-heading\">Jour 2 : Sienne et San Gimignano \u2013 Joyaux M\u00e9di\u00e9vaux<\/h3>\n\n\n\n<p>Le deuxi\u00e8me jour est consacr\u00e9 au c\u0153ur m\u00e9di\u00e9val de la Toscane. Commencez votre matin\u00e9e \u00e0 <strong>Sienne<\/strong>, c\u00e9l\u00e8bre pour sa splendide <strong>Piazza del Campo<\/strong>, o\u00f9 se d\u00e9roule le c\u00e9l\u00e8bre <strong>Palio de Sienne<\/strong>. Visitez la <strong>Cath\u00e9drale de Sienne<\/strong>, un chef-d\u2019\u0153uvre gothique avec une magnifique fa\u00e7ade en marbre et des int\u00e9rieurs d\u00e9cor\u00e9s d\u2019\u0153uvres de Michel-Ange et Donatello. Fl\u00e2nez dans les ruelles \u00e9troites du centre historique et go\u00fbtez \u00e0 des douceurs locales comme le <strong>panforte<\/strong> ou les <strong>ricciarelli<\/strong>.<\/p>\n\n\n\n<p>L\u2019apr\u00e8s-midi, dirigez-vous vers <strong>San Gimignano<\/strong>, surnomm\u00e9e la <em>\u201cVille aux Tours\u201d<\/em>. Vous y admirerez les <strong>14 tours m\u00e9di\u00e9vales<\/strong> encore debout, symboles du pouvoir des familles nobles de l\u2019\u00e9poque. Promenez-vous sur la <strong>Piazza della Cisterna<\/strong> et visitez la <strong>Coll\u00e9giale de San Gimignano<\/strong>, c\u00e9l\u00e8bre pour ses fresques extraordinaires. Terminez la journ\u00e9e par une d\u00e9gustation de la <strong>Vernaccia<\/strong>, le c\u00e9l\u00e8bre vin blanc local.<\/p>\n\n\n\n<h3 class=\"wp-block-heading\">Jour 3 : Val d\u2019Orcia et Villages Iconiques<\/h3>\n\n\n\n<p>Le dernier jour est d\u00e9di\u00e9 \u00e0 la <strong>Val d\u2019Orcia<\/strong>, l\u2019un des paysages les plus photographi\u00e9s au monde, inscrit au <strong>patrimoine mondial de l\u2019UNESCO<\/strong>. Commencez par <strong>Pienza<\/strong>, joyau de la Renaissance voulu par le pape Pie II. Promenez-vous dans ses charmantes ruelles et arr\u00eatez-vous dans une boutique pour go\u00fbter au fameux <strong>pecorino de Pienza<\/strong>, l\u2019un des fromages les plus r\u00e9put\u00e9s d\u2019Italie.<\/p>\n\n\n\n<p>Continuez vers <strong>Montepulciano<\/strong>, un village m\u00e9di\u00e9val entour\u00e9 de vignobles. Visitez la <strong>Piazza Grande<\/strong> et l\u2019impressionnante <strong>\u00e9glise San Biagio<\/strong>. Profitez-en pour d\u00e9guster le fameux <strong>Vino Nobile di Montepulciano<\/strong> dans l\u2019une des nombreuses caves locales. Terminez votre circuit par un arr\u00eat \u00e0 <strong>Bagno Vignoni<\/strong>, un petit village connu pour sa piscine thermale centrale datant de l\u2019\u00e9poque romaine.<\/p>\n\n\n\n<h2 class=\"wp-block-heading\">O\u00f9 S\u00e9journer : Albergo Minerva \u00e0 Sienne<\/h2>\n\n\n\n<p>Pour profiter au mieux de cet itin\u00e9raire, l\u2019<strong>Albergo Minerva<\/strong> \u00e0 Sienne est le choix id\u00e9al. Situ\u00e9 \u00e0 quelques pas du centre historique, l\u2019h\u00f4tel propose <strong>56 chambres climatis\u00e9es<\/strong> r\u00e9parties en diff\u00e9rentes cat\u00e9gories, allant des confortables <strong>Easy-Economy<\/strong> aux spacieuses <strong>Junior Suites<\/strong>, dont certaines offrent une <strong>vue panoramique sur Sienne<\/strong>.<\/p>\n\n\n\n<figure class=\"wp-block-gallery has-nested-images columns-default is-cropped wp-block-gallery-1 is-layout-flex wp-block-gallery-is-layout-flex\">\n<figure class=\"wp-block-image size-large\"><img loading=\"lazy\" decoding=\"async\" width=\"1024\" height=\"683\" data-id=\"16401\" src=\"https:\/\/www.albergominerva.it\/wp-content\/uploads\/2024\/10\/hotel-minerva-superior-03.jpg\" alt=\"\" class=\"wp-image-16401\" srcset=\"https:\/\/www.albergominerva.it\/wp-content\/uploads\/2024\/10\/hotel-minerva-superior-03.jpg 1024w, https:\/\/www.albergominerva.it\/wp-content\/uploads\/2024\/10\/hotel-minerva-superior-03-300x200.jpg 300w, https:\/\/www.albergominerva.it\/wp-content\/uploads\/2024\/10\/hotel-minerva-superior-03-768x512.jpg 768w, https:\/\/www.albergominerva.it\/wp-content\/uploads\/2024\/10\/hotel-minerva-superior-03-1000x667.jpg 1000w, https:\/\/www.albergominerva.it\/wp-content\/uploads\/2024\/10\/hotel-minerva-superior-03-700x467.jpg 700w\" sizes=\"auto, (max-width: 1024px) 100vw, 1024px\" \/><\/figure>\n\n\n\n<figure class=\"wp-block-image size-large\"><img loading=\"lazy\" decoding=\"async\" width=\"1024\" height=\"683\" data-id=\"16411\" src=\"https:\/\/www.albergominerva.it\/wp-content\/uploads\/2024\/10\/hotel-minerva-superior-04.jpg\" alt=\"\" class=\"wp-image-16411\" srcset=\"https:\/\/www.albergominerva.it\/wp-content\/uploads\/2024\/10\/hotel-minerva-superior-04.jpg 1024w, https:\/\/www.albergominerva.it\/wp-content\/uploads\/2024\/10\/hotel-minerva-superior-04-300x200.jpg 300w, https:\/\/www.albergominerva.it\/wp-content\/uploads\/2024\/10\/hotel-minerva-superior-04-768x512.jpg 768w, https:\/\/www.albergominerva.it\/wp-content\/uploads\/2024\/10\/hotel-minerva-superior-04-1000x667.jpg 1000w, https:\/\/www.albergominerva.it\/wp-content\/uploads\/2024\/10\/hotel-minerva-superior-04-700x467.jpg 700w\" sizes=\"auto, (max-width: 1024px) 100vw, 1024px\" \/><\/figure>\n\n\n\n<figure class=\"wp-block-image size-large\"><img loading=\"lazy\" decoding=\"async\" width=\"1024\" height=\"683\" data-id=\"16349\" src=\"https:\/\/www.albergominerva.it\/wp-content\/uploads\/2024\/10\/hotel-minerva-standard-11.jpg\" alt=\"\" class=\"wp-image-16349\" srcset=\"https:\/\/www.albergominerva.it\/wp-content\/uploads\/2024\/10\/hotel-minerva-standard-11.jpg 1024w, https:\/\/www.albergominerva.it\/wp-content\/uploads\/2024\/10\/hotel-minerva-standard-11-300x200.jpg 300w, https:\/\/www.albergominerva.it\/wp-content\/uploads\/2024\/10\/hotel-minerva-standard-11-768x512.jpg 768w, https:\/\/www.albergominerva.it\/wp-content\/uploads\/2024\/10\/hotel-minerva-standard-11-1000x667.jpg 1000w, https:\/\/www.albergominerva.it\/wp-content\/uploads\/2024\/10\/hotel-minerva-standard-11-700x467.jpg 700w\" sizes=\"auto, (max-width: 1024px) 100vw, 1024px\" \/><\/figure>\n\n\n\n<figure class=\"wp-block-image size-large\"><img loading=\"lazy\" decoding=\"async\" width=\"1024\" height=\"683\" data-id=\"16309\" src=\"https:\/\/www.albergominerva.it\/wp-content\/uploads\/2024\/10\/hotel-minerva-standard-07.jpg\" alt=\"\" class=\"wp-image-16309\" srcset=\"https:\/\/www.albergominerva.it\/wp-content\/uploads\/2024\/10\/hotel-minerva-standard-07.jpg 1024w, https:\/\/www.albergominerva.it\/wp-content\/uploads\/2024\/10\/hotel-minerva-standard-07-300x200.jpg 300w, https:\/\/www.albergominerva.it\/wp-content\/uploads\/2024\/10\/hotel-minerva-standard-07-768x512.jpg 768w, https:\/\/www.albergominerva.it\/wp-content\/uploads\/2024\/10\/hotel-minerva-standard-07-1000x667.jpg 1000w, https:\/\/www.albergominerva.it\/wp-content\/uploads\/2024\/10\/hotel-minerva-standard-07-700x467.jpg 700w\" sizes=\"auto, (max-width: 1024px) 100vw, 1024px\" \/><\/figure>\n\n\n\n<figure class=\"wp-block-image size-large\"><img loading=\"lazy\" decoding=\"async\" width=\"683\" height=\"1024\" data-id=\"16319\" src=\"https:\/\/www.albergominerva.it\/wp-content\/uploads\/2024\/10\/hotel-minerva-standard-08-683x1024.jpg\" alt=\"\" class=\"wp-image-16319\" srcset=\"https:\/\/www.albergominerva.it\/wp-content\/uploads\/2024\/10\/hotel-minerva-standard-08-683x1024.jpg 683w, https:\/\/www.albergominerva.it\/wp-content\/uploads\/2024\/10\/hotel-minerva-standard-08-200x300.jpg 200w, https:\/\/www.albergominerva.it\/wp-content\/uploads\/2024\/10\/hotel-minerva-standard-08-768x1152.jpg 768w, https:\/\/www.albergominerva.it\/wp-content\/uploads\/2024\/10\/hotel-minerva-standard-08-1000x1500.jpg 1000w, https:\/\/www.albergominerva.it\/wp-content\/uploads\/2024\/10\/hotel-minerva-standard-08-700x1050.jpg 700w, https:\/\/www.albergominerva.it\/wp-content\/uploads\/2024\/10\/hotel-minerva-standard-08.jpg 1024w\" sizes=\"auto, (max-width: 683px) 100vw, 683px\" \/><\/figure>\n\n\n\n<figure class=\"wp-block-image size-large\"><img loading=\"lazy\" decoding=\"async\" width=\"1024\" height=\"683\" data-id=\"16299\" src=\"https:\/\/www.albergominerva.it\/wp-content\/uploads\/2024\/10\/hotel-minerva-standard-06.jpg\" alt=\"\" class=\"wp-image-16299\" srcset=\"https:\/\/www.albergominerva.it\/wp-content\/uploads\/2024\/10\/hotel-minerva-standard-06.jpg 1024w, https:\/\/www.albergominerva.it\/wp-content\/uploads\/2024\/10\/hotel-minerva-standard-06-300x200.jpg 300w, https:\/\/www.albergominerva.it\/wp-content\/uploads\/2024\/10\/hotel-minerva-standard-06-768x512.jpg 768w, https:\/\/www.albergominerva.it\/wp-content\/uploads\/2024\/10\/hotel-minerva-standard-06-1000x667.jpg 1000w, https:\/\/www.albergominerva.it\/wp-content\/uploads\/2024\/10\/hotel-minerva-standard-06-700x467.jpg 700w\" sizes=\"auto, (max-width: 1024px) 100vw, 1024px\" \/><\/figure>\n\n\n\n<figure class=\"wp-block-image size-large\"><img loading=\"lazy\" decoding=\"async\" width=\"1024\" height=\"683\" data-id=\"16036\" src=\"https:\/\/www.albergominerva.it\/wp-content\/uploads\/2024\/08\/Hotel-Minerva-2023-011-1-1024x683.jpg\" alt=\"\" class=\"wp-image-16036\" srcset=\"https:\/\/www.albergominerva.it\/wp-content\/uploads\/2024\/08\/Hotel-Minerva-2023-011-1-1024x683.jpg 1024w, https:\/\/www.albergominerva.it\/wp-content\/uploads\/2024\/08\/Hotel-Minerva-2023-011-1-300x200.jpg 300w, https:\/\/www.albergominerva.it\/wp-content\/uploads\/2024\/08\/Hotel-Minerva-2023-011-1-768x512.jpg 768w, https:\/\/www.albergominerva.it\/wp-content\/uploads\/2024\/08\/Hotel-Minerva-2023-011-1-1536x1024.jpg 1536w, https:\/\/www.albergominerva.it\/wp-content\/uploads\/2024\/08\/Hotel-Minerva-2023-011-1-2048x1365.jpg 2048w, https:\/\/www.albergominerva.it\/wp-content\/uploads\/2024\/08\/Hotel-Minerva-2023-011-1-1000x667.jpg 1000w, https:\/\/www.albergominerva.it\/wp-content\/uploads\/2024\/08\/Hotel-Minerva-2023-011-1-700x467.jpg 700w\" sizes=\"auto, (max-width: 1024px) 100vw, 1024px\" \/><\/figure>\n<\/figure>\n\n\n\n<h3 class=\"wp-block-heading\">Services Propos\u00e9s par l\u2019Albergo Minerva<\/h3>\n\n\n\n<p>Chaque matin, profitez d\u2019un <strong>petit-d\u00e9jeuner buffet<\/strong> copieux avec des produits italiens et internationaux, parfait pour bien commencer la journ\u00e9e. L\u2019h\u00f4tel met \u00e9galement \u00e0 disposition un <strong>parking couvert et surveill\u00e9<\/strong> avec <strong>20 places<\/strong>, une option pratique pour ceux qui voyagent en voiture. Une <strong>salle de conf\u00e9rence<\/strong> moderne est \u00e9galement disponible, pouvant accueillir jusqu\u2019\u00e0 <strong>40 personnes<\/strong> pour des r\u00e9unions ou \u00e9v\u00e9nements.<\/p>\n\n\n\n<h3 class=\"wp-block-heading\">Id\u00e9al pour les Familles et les Groupes<\/h3>\n\n\n\n<p>L\u2019<strong>Albergo Minerva<\/strong> est particuli\u00e8rement adapt\u00e9 aux <strong>familles<\/strong> et aux <strong>groupes<\/strong>, gr\u00e2ce \u00e0 ses services d\u00e9di\u00e9s comme des <strong>lits b\u00e9b\u00e9, chauffe-biberons<\/strong> et une salle de jeux pour enfants. La proximit\u00e9 de l\u2019<strong>Orto de\u2019 Pecci<\/strong>, un parc avec des animaux de ferme, rend le s\u00e9jour encore plus agr\u00e9able pour les familles avec de jeunes enfants.<\/p>\n\n\n\n<h3 class=\"wp-block-heading\">R\u00e9servations et Offres Sp\u00e9ciales<\/h3>\n\n\n\n<p>Pour r\u00e9server votre s\u00e9jour et profiter des <strong>offres sp\u00e9ciales<\/strong>, visitez le site officiel de l\u2019<strong>Albergo Minerva<\/strong>, appelez le <strong>+39 0577.284474<\/strong> ou envoyez un e-mail \u00e0 <strong><a>info@albergominerva.it<\/a><\/strong>. En r\u00e9servant directement, vous b\u00e9n\u00e9ficierez du <strong>meilleur prix garanti<\/strong> et pourrez vivre une exp\u00e9rience inoubliable en Toscane.<\/p>\n","protected":false},"excerpt":{"rendered":"<p>La Toscane est l\u2019une des r\u00e9gions les plus fascinantes d\u2019Italie, c\u00e9l\u00e8bre pour ses paysages dignes de cartes postales, ses villes<\/p>\n","protected":false},"author":3,"featured_media":0,"parent":0,"menu_order":0,"comment_status":"closed","ping_status":"closed","template":"","meta":{"_acf_changed":false,"footnotes":""},"class_list":["post-17721","page","type-page","status-publish","hentry"],"acf":[],"yoast_head":"<!-- This site is optimized with the Yoast SEO plugin v26.4 - https:\/\/yoast.com\/wordpress\/plugins\/seo\/ -->\n<title>Que Visiter en Toscane en 3 Jours - Hotel Minerva Siena<\/title>\n<meta name=\"robots\" content=\"index, follow, max-snippet:-1, max-image-preview:large, max-video-preview:-1\" \/>\n<link rel=\"canonical\" href=\"https:\/\/www.albergominerva.it\/fr\/que-visiter-en-toscane-en-3-jours\/\" \/>\n<meta property=\"og:locale\" content=\"fr_FR\" \/>\n<meta property=\"og:type\" content=\"article\" \/>\n<meta property=\"og:title\" content=\"Que Visiter en Toscane en 3 Jours - Hotel Minerva Siena\" \/>\n<meta property=\"og:description\" content=\"La Toscane est l\u2019une des r\u00e9gions les plus fascinantes d\u2019Italie, c\u00e9l\u00e8bre pour ses paysages dignes de cartes postales, ses villes\" \/>\n<meta property=\"og:url\" content=\"https:\/\/www.albergominerva.it\/fr\/que-visiter-en-toscane-en-3-jours\/\" \/>\n<meta property=\"og:site_name\" content=\"Hotel Minerva Siena\" \/>\n<meta property=\"article:modified_time\" content=\"2024-12-17T16:27:44+00:00\" \/>\n<meta property=\"og:image\" content=\"https:\/\/www.albergominerva.it\/wp-content\/uploads\/2024\/10\/hotel-minerva-superior-03.jpg\" \/>\n<meta name=\"twitter:card\" content=\"summary_large_image\" \/>\n<meta name=\"twitter:label1\" content=\"Dur\u00e9e de lecture estim\u00e9e\" \/>\n\t<meta name=\"twitter:data1\" content=\"5 minutes\" \/>\n<script type=\"application\/ld+json\" class=\"yoast-schema-graph\">{\"@context\":\"https:\/\/schema.org\",\"@graph\":[{\"@type\":\"WebPage\",\"@id\":\"https:\/\/www.albergominerva.it\/fr\/que-visiter-en-toscane-en-3-jours\/\",\"url\":\"https:\/\/www.albergominerva.it\/fr\/que-visiter-en-toscane-en-3-jours\/\",\"name\":\"Que Visiter en Toscane en 3 Jours - Hotel Minerva Siena\",\"isPartOf\":{\"@id\":\"https:\/\/www.albergominerva.it\/fr\/#website\"},\"primaryImageOfPage\":{\"@id\":\"https:\/\/www.albergominerva.it\/fr\/que-visiter-en-toscane-en-3-jours\/#primaryimage\"},\"image\":{\"@id\":\"https:\/\/www.albergominerva.it\/fr\/que-visiter-en-toscane-en-3-jours\/#primaryimage\"},\"thumbnailUrl\":\"https:\/\/www.albergominerva.it\/wp-content\/uploads\/2024\/10\/hotel-minerva-superior-03.jpg\",\"datePublished\":\"2024-12-17T16:27:43+00:00\",\"dateModified\":\"2024-12-17T16:27:44+00:00\",\"breadcrumb\":{\"@id\":\"https:\/\/www.albergominerva.it\/fr\/que-visiter-en-toscane-en-3-jours\/#breadcrumb\"},\"inLanguage\":\"fr-FR\",\"potentialAction\":[{\"@type\":\"ReadAction\",\"target\":[\"https:\/\/www.albergominerva.it\/fr\/que-visiter-en-toscane-en-3-jours\/\"]}]},{\"@type\":\"ImageObject\",\"inLanguage\":\"fr-FR\",\"@id\":\"https:\/\/www.albergominerva.it\/fr\/que-visiter-en-toscane-en-3-jours\/#primaryimage\",\"url\":\"https:\/\/www.albergominerva.it\/wp-content\/uploads\/2024\/10\/hotel-minerva-superior-03.jpg\",\"contentUrl\":\"https:\/\/www.albergominerva.it\/wp-content\/uploads\/2024\/10\/hotel-minerva-superior-03.jpg\"},{\"@type\":\"BreadcrumbList\",\"@id\":\"https:\/\/www.albergominerva.it\/fr\/que-visiter-en-toscane-en-3-jours\/#breadcrumb\",\"itemListElement\":[{\"@type\":\"ListItem\",\"position\":1,\"name\":\"Home\",\"item\":\"https:\/\/www.albergominerva.it\/fr\/\"},{\"@type\":\"ListItem\",\"position\":2,\"name\":\"Que Visiter en Toscane en 3 Jours\"}]},{\"@type\":\"WebSite\",\"@id\":\"https:\/\/www.albergominerva.it\/fr\/#website\",\"url\":\"https:\/\/www.albergominerva.it\/fr\/\",\"name\":\"Hotel Minerva Siena\",\"description\":\"Hotel in Centro Storico a Siena - Toscana - Italy\",\"potentialAction\":[{\"@type\":\"SearchAction\",\"target\":{\"@type\":\"EntryPoint\",\"urlTemplate\":\"https:\/\/www.albergominerva.it\/fr\/?s={search_term_string}\"},\"query-input\":{\"@type\":\"PropertyValueSpecification\",\"valueRequired\":true,\"valueName\":\"search_term_string\"}}],\"inLanguage\":\"fr-FR\"}]}<\/script>\n<!-- \/ Yoast SEO plugin. -->","yoast_head_json":{"title":"Que Visiter en Toscane en 3 Jours - Hotel Minerva Siena","robots":{"index":"index","follow":"follow","max-snippet":"max-snippet:-1","max-image-preview":"max-image-preview:large","max-video-preview":"max-video-preview:-1"},"canonical":"https:\/\/www.albergominerva.it\/fr\/que-visiter-en-toscane-en-3-jours\/","og_locale":"fr_FR","og_type":"article","og_title":"Que Visiter en Toscane en 3 Jours - Hotel Minerva Siena","og_description":"La Toscane est l\u2019une des r\u00e9gions les plus fascinantes d\u2019Italie, c\u00e9l\u00e8bre pour ses paysages dignes de cartes postales, ses villes","og_url":"https:\/\/www.albergominerva.it\/fr\/que-visiter-en-toscane-en-3-jours\/","og_site_name":"Hotel Minerva Siena","article_modified_time":"2024-12-17T16:27:44+00:00","og_image":[{"url":"https:\/\/www.albergominerva.it\/wp-content\/uploads\/2024\/10\/hotel-minerva-superior-03.jpg","type":"","width":"","height":""}],"twitter_card":"summary_large_image","twitter_misc":{"Dur\u00e9e de lecture estim\u00e9e":"5 minutes"},"schema":{"@context":"https:\/\/schema.org","@graph":[{"@type":"WebPage","@id":"https:\/\/www.albergominerva.it\/fr\/que-visiter-en-toscane-en-3-jours\/","url":"https:\/\/www.albergominerva.it\/fr\/que-visiter-en-toscane-en-3-jours\/","name":"Que Visiter en Toscane en 3 Jours - Hotel Minerva Siena","isPartOf":{"@id":"https:\/\/www.albergominerva.it\/fr\/#website"},"primaryImageOfPage":{"@id":"https:\/\/www.albergominerva.it\/fr\/que-visiter-en-toscane-en-3-jours\/#primaryimage"},"image":{"@id":"https:\/\/www.albergominerva.it\/fr\/que-visiter-en-toscane-en-3-jours\/#primaryimage"},"thumbnailUrl":"https:\/\/www.albergominerva.it\/wp-content\/uploads\/2024\/10\/hotel-minerva-superior-03.jpg","datePublished":"2024-12-17T16:27:43+00:00","dateModified":"2024-12-17T16:27:44+00:00","breadcrumb":{"@id":"https:\/\/www.albergominerva.it\/fr\/que-visiter-en-toscane-en-3-jours\/#breadcrumb"},"inLanguage":"fr-FR","potentialAction":[{"@type":"ReadAction","target":["https:\/\/www.albergominerva.it\/fr\/que-visiter-en-toscane-en-3-jours\/"]}]},{"@type":"ImageObject","inLanguage":"fr-FR","@id":"https:\/\/www.albergominerva.it\/fr\/que-visiter-en-toscane-en-3-jours\/#primaryimage","url":"https:\/\/www.albergominerva.it\/wp-content\/uploads\/2024\/10\/hotel-minerva-superior-03.jpg","contentUrl":"https:\/\/www.albergominerva.it\/wp-content\/uploads\/2024\/10\/hotel-minerva-superior-03.jpg"},{"@type":"BreadcrumbList","@id":"https:\/\/www.albergominerva.it\/fr\/que-visiter-en-toscane-en-3-jours\/#breadcrumb","itemListElement":[{"@type":"ListItem","position":1,"name":"Home","item":"https:\/\/www.albergominerva.it\/fr\/"},{"@type":"ListItem","position":2,"name":"Que Visiter en Toscane en 3 Jours"}]},{"@type":"WebSite","@id":"https:\/\/www.albergominerva.it\/fr\/#website","url":"https:\/\/www.albergominerva.it\/fr\/","name":"Hotel Minerva Siena","description":"Hotel in Centro Storico a Siena - Toscana - Italy","potentialAction":[{"@type":"SearchAction","target":{"@type":"EntryPoint","urlTemplate":"https:\/\/www.albergominerva.it\/fr\/?s={search_term_string}"},"query-input":{"@type":"PropertyValueSpecification","valueRequired":true,"valueName":"search_term_string"}}],"inLanguage":"fr-FR"}]}},"_links":{"self":[{"href":"https:\/\/www.albergominerva.it\/fr\/wp-json\/wp\/v2\/pages\/17721","targetHints":{"allow":["GET"]}}],"collection":[{"href":"https:\/\/www.albergominerva.it\/fr\/wp-json\/wp\/v2\/pages"}],"about":[{"href":"https:\/\/www.albergominerva.it\/fr\/wp-json\/wp\/v2\/types\/page"}],"author":[{"embeddable":true,"href":"https:\/\/www.albergominerva.it\/fr\/wp-json\/wp\/v2\/users\/3"}],"replies":[{"embeddable":true,"href":"https:\/\/www.albergominerva.it\/fr\/wp-json\/wp\/v2\/comments?post=17721"}],"version-history":[{"count":1,"href":"https:\/\/www.albergominerva.it\/fr\/wp-json\/wp\/v2\/pages\/17721\/revisions"}],"predecessor-version":[{"id":17722,"href":"https:\/\/www.albergominerva.it\/fr\/wp-json\/wp\/v2\/pages\/17721\/revisions\/17722"}],"wp:attachment":[{"href":"https:\/\/www.albergominerva.it\/fr\/wp-json\/wp\/v2\/media?parent=17721"}],"curies":[{"name":"wp","href":"https:\/\/api.w.org\/{rel}","templated":true}]}}