{"id":17733,"date":"2024-12-17T17:46:12","date_gmt":"2024-12-17T16:46:12","guid":{"rendered":"https:\/\/www.albergominerva.it\/?page_id=17733"},"modified":"2024-12-17T17:46:14","modified_gmt":"2024-12-17T16:46:14","slug":"tour-de-la-toscane-3-jours-en-train","status":"publish","type":"page","link":"https:\/\/www.albergominerva.it\/fr\/tour-de-la-toscane-3-jours-en-train\/","title":{"rendered":"Tour de la Toscane : 3 Jours en Train"},"content":{"rendered":"\n<p>La Toscane est l\u2019une des r\u00e9gions les plus fascinantes d\u2019Italie, id\u00e9ale pour \u00eatre explor\u00e9e en train gr\u00e2ce \u00e0 des liaisons efficaces entre ses principales villes. Si vous disposez de trois jours, voici l\u2019itin\u00e9raire parfait pour d\u00e9couvrir les destinations les plus embl\u00e9matiques de la r\u00e9gion sans avoir besoin de voiture.<\/p>\n\n\n\n<h3 class=\"wp-block-heading\">Jour 1 : Florence \u2013 Le C\u0153ur de la Renaissance<\/h3>\n\n\n\n<p>Votre voyage commence \u00e0 <strong>Florence<\/strong>, facilement accessible en train depuis n\u2019importe quelle ville italienne. Consacrez la matin\u00e9e \u00e0 la <strong>Galerie des Offices<\/strong>, o\u00f9 vous pourrez admirer des chefs-d&rsquo;\u0153uvre de Botticelli, Michel-Ange et L\u00e9onard de Vinci. Ensuite, rendez-vous \u00e0 la <strong>Cath\u00e9drale Santa Maria del Fiore<\/strong> et montez jusqu\u2019\u00e0 la Coupole de Brunelleschi pour profiter d\u2019une vue imprenable sur la ville.<\/p>\n\n\n\n<p>Pour le d\u00e9jeuner, arr\u00eatez-vous dans une trattoria typique et go\u00fbtez la c\u00e9l\u00e8bre <em>bistecca alla fiorentina<\/em>. Dans l\u2019apr\u00e8s-midi, promenez-vous sur le <strong>Ponte Vecchio<\/strong>, avec ses boutiques historiques d\u2019orf\u00e8vres, et terminez la journ\u00e9e sur la <strong>Piazzale Michelangelo<\/strong>, o\u00f9 vous pourrez profiter d\u2019une vue panoramique inoubliable au coucher du soleil. La gare Santa Maria Novella de Florence est pratique pour vos d\u00e9placements en soir\u00e9e ou le lendemain.<\/p>\n\n\n\n<h3 class=\"wp-block-heading\">Jour 2 : Sienne et San Gimignano \u2013 Tr\u00e9sors M\u00e9di\u00e9vaux<\/h3>\n\n\n\n<p>Prenez le train pour <strong>Sienne<\/strong>, l\u2019une des plus belles villes de Toscane, c\u00e9l\u00e8bre pour sa <strong>Piazza del Campo<\/strong>, o\u00f9 se d\u00e9roule le c\u00e9l\u00e8bre Palio. Visitez la <strong>Cath\u00e9drale de Sienne<\/strong>, un chef-d&rsquo;\u0153uvre gothique orn\u00e9 d&rsquo;\u0153uvres de Michel-Ange et de Donatello. Fl\u00e2nez dans les rues \u00e9troites du centre historique et d\u00e9gustez des sp\u00e9cialit\u00e9s locales comme le <em>panforte<\/em> et les <em>ricciarelli<\/em>.<\/p>\n\n\n\n<p>Dans l\u2019apr\u00e8s-midi, dirigez-vous vers <strong>San Gimignano<\/strong>, accessible par un court trajet en bus depuis la gare de Poggibonsi, desservie par les trains r\u00e9gionaux. Surnomm\u00e9e la \u201cCit\u00e9 des Tours\u201d, San Gimignano conserve 14 tours m\u00e9di\u00e9vales, symboles du pouvoir des anciennes familles nobles. Visitez la <strong>Coll\u00e9giale de San Gimignano<\/strong> et promenez-vous sur la pittoresque <strong>Piazza della Cisterna<\/strong>. Avant de retourner \u00e0 Sienne, d\u00e9gustez un verre de <strong>Vernaccia<\/strong>, le c\u00e9l\u00e8bre vin blanc local.<\/p>\n\n\n\n<h3 class=\"wp-block-heading\">Jour 3 : Val d\u2019Orcia \u2013 Villages et Paysages Iconiques<\/h3>\n\n\n\n<p>Le troisi\u00e8me jour est consacr\u00e9 \u00e0 la superbe <strong>Val d\u2019Orcia<\/strong>, accessible en train jusqu\u2019\u00e0 Chiusi-Chianciano Terme puis en bus local. Commencez par <strong>Pienza<\/strong>, joyau de la Renaissance command\u00e9 par le pape Pie II, connu pour ses charmantes ruelles et son d\u00e9licieux <strong>pecorino de Pienza<\/strong>, l\u2019un des fromages les plus c\u00e9l\u00e8bres d\u2019Italie.<\/p>\n\n\n\n<p>Poursuivez jusqu\u2019\u00e0 <strong>Montepulciano<\/strong>, un village m\u00e9di\u00e9val entour\u00e9 de vignobles. Visitez la <strong>Piazza Grande<\/strong> et l\u2019\u00e9glise de <strong>San Biagio<\/strong>, puis arr\u00eatez-vous dans une cave locale pour d\u00e9guster le c\u00e9l\u00e8bre <strong>Vino Nobile di Montepulciano<\/strong>. Terminez votre journ\u00e9e \u00e0 <strong>Bagno Vignoni<\/strong>, un village unique dont la place centrale est occup\u00e9e par un bassin thermal datant de l\u2019\u00e9poque romaine.<\/p>\n\n\n\n<h3 class=\"wp-block-heading\">O\u00f9 Loger : Albergo Minerva \u00e0 Sienne<\/h3>\n\n\n\n<p>Pour cet itin\u00e9raire, l\u2019<strong>Albergo Minerva<\/strong> \u00e0 Sienne est le choix id\u00e9al. Situ\u00e9 \u00e0 deux pas du centre historique et facilement accessible depuis la gare, l\u2019h\u00f4tel propose 56 chambres climatis\u00e9es de diff\u00e9rentes cat\u00e9gories, des confortables chambres Easy-Economy aux spacieuses Junior Suites, dont beaucoup offrent une vue panoramique sur Sienne.<\/p>\n\n\n\n<h3 class=\"wp-block-heading\">Services de l\u2019Albergo Minerva<\/h3>\n\n\n\n<p>Chaque matin, l\u2019h\u00f4tel propose un copieux <strong>petit-d\u00e9jeuner buffet<\/strong> avec des produits frais italiens et internationaux, id\u00e9al pour commencer la journ\u00e9e avec \u00e9nergie. Gr\u00e2ce \u00e0 son emplacement central, il constitue une excellente base pour les voyageurs en train qui explorent la Toscane. L\u2019h\u00f4tel dispose \u00e9galement d\u2019une <strong>salle de conf\u00e9rences \u00e9quip\u00e9e<\/strong>, parfaite pour des r\u00e9unions et \u00e9v\u00e9nements jusqu\u2019\u00e0 40 personnes.<\/p>\n\n\n\n<figure class=\"wp-block-gallery has-nested-images columns-default is-cropped wp-block-gallery-1 is-layout-flex wp-block-gallery-is-layout-flex\">\n<figure class=\"wp-block-image size-large\"><img loading=\"lazy\" decoding=\"async\" width=\"1024\" height=\"683\" data-id=\"16401\" src=\"https:\/\/www.albergominerva.it\/wp-content\/uploads\/2024\/10\/hotel-minerva-superior-03.jpg\" alt=\"\" class=\"wp-image-16401\" srcset=\"https:\/\/www.albergominerva.it\/wp-content\/uploads\/2024\/10\/hotel-minerva-superior-03.jpg 1024w, https:\/\/www.albergominerva.it\/wp-content\/uploads\/2024\/10\/hotel-minerva-superior-03-300x200.jpg 300w, https:\/\/www.albergominerva.it\/wp-content\/uploads\/2024\/10\/hotel-minerva-superior-03-768x512.jpg 768w, https:\/\/www.albergominerva.it\/wp-content\/uploads\/2024\/10\/hotel-minerva-superior-03-1000x667.jpg 1000w, https:\/\/www.albergominerva.it\/wp-content\/uploads\/2024\/10\/hotel-minerva-superior-03-700x467.jpg 700w\" sizes=\"auto, (max-width: 1024px) 100vw, 1024px\" \/><\/figure>\n\n\n\n<figure class=\"wp-block-image size-large\"><img loading=\"lazy\" decoding=\"async\" width=\"1024\" height=\"683\" data-id=\"16411\" src=\"https:\/\/www.albergominerva.it\/wp-content\/uploads\/2024\/10\/hotel-minerva-superior-04.jpg\" alt=\"\" class=\"wp-image-16411\" srcset=\"https:\/\/www.albergominerva.it\/wp-content\/uploads\/2024\/10\/hotel-minerva-superior-04.jpg 1024w, https:\/\/www.albergominerva.it\/wp-content\/uploads\/2024\/10\/hotel-minerva-superior-04-300x200.jpg 300w, https:\/\/www.albergominerva.it\/wp-content\/uploads\/2024\/10\/hotel-minerva-superior-04-768x512.jpg 768w, https:\/\/www.albergominerva.it\/wp-content\/uploads\/2024\/10\/hotel-minerva-superior-04-1000x667.jpg 1000w, https:\/\/www.albergominerva.it\/wp-content\/uploads\/2024\/10\/hotel-minerva-superior-04-700x467.jpg 700w\" sizes=\"auto, (max-width: 1024px) 100vw, 1024px\" \/><\/figure>\n\n\n\n<figure class=\"wp-block-image size-large\"><img loading=\"lazy\" decoding=\"async\" width=\"1024\" height=\"683\" data-id=\"16349\" src=\"https:\/\/www.albergominerva.it\/wp-content\/uploads\/2024\/10\/hotel-minerva-standard-11.jpg\" alt=\"\" class=\"wp-image-16349\" srcset=\"https:\/\/www.albergominerva.it\/wp-content\/uploads\/2024\/10\/hotel-minerva-standard-11.jpg 1024w, https:\/\/www.albergominerva.it\/wp-content\/uploads\/2024\/10\/hotel-minerva-standard-11-300x200.jpg 300w, https:\/\/www.albergominerva.it\/wp-content\/uploads\/2024\/10\/hotel-minerva-standard-11-768x512.jpg 768w, https:\/\/www.albergominerva.it\/wp-content\/uploads\/2024\/10\/hotel-minerva-standard-11-1000x667.jpg 1000w, https:\/\/www.albergominerva.it\/wp-content\/uploads\/2024\/10\/hotel-minerva-standard-11-700x467.jpg 700w\" sizes=\"auto, (max-width: 1024px) 100vw, 1024px\" \/><\/figure>\n\n\n\n<figure class=\"wp-block-image size-large\"><img loading=\"lazy\" decoding=\"async\" width=\"1024\" height=\"683\" data-id=\"16309\" src=\"https:\/\/www.albergominerva.it\/wp-content\/uploads\/2024\/10\/hotel-minerva-standard-07.jpg\" alt=\"\" class=\"wp-image-16309\" srcset=\"https:\/\/www.albergominerva.it\/wp-content\/uploads\/2024\/10\/hotel-minerva-standard-07.jpg 1024w, https:\/\/www.albergominerva.it\/wp-content\/uploads\/2024\/10\/hotel-minerva-standard-07-300x200.jpg 300w, https:\/\/www.albergominerva.it\/wp-content\/uploads\/2024\/10\/hotel-minerva-standard-07-768x512.jpg 768w, https:\/\/www.albergominerva.it\/wp-content\/uploads\/2024\/10\/hotel-minerva-standard-07-1000x667.jpg 1000w, https:\/\/www.albergominerva.it\/wp-content\/uploads\/2024\/10\/hotel-minerva-standard-07-700x467.jpg 700w\" sizes=\"auto, (max-width: 1024px) 100vw, 1024px\" \/><\/figure>\n\n\n\n<figure class=\"wp-block-image size-large\"><img loading=\"lazy\" decoding=\"async\" width=\"683\" height=\"1024\" data-id=\"16319\" src=\"https:\/\/www.albergominerva.it\/wp-content\/uploads\/2024\/10\/hotel-minerva-standard-08-683x1024.jpg\" alt=\"\" class=\"wp-image-16319\" srcset=\"https:\/\/www.albergominerva.it\/wp-content\/uploads\/2024\/10\/hotel-minerva-standard-08-683x1024.jpg 683w, https:\/\/www.albergominerva.it\/wp-content\/uploads\/2024\/10\/hotel-minerva-standard-08-200x300.jpg 200w, https:\/\/www.albergominerva.it\/wp-content\/uploads\/2024\/10\/hotel-minerva-standard-08-768x1152.jpg 768w, https:\/\/www.albergominerva.it\/wp-content\/uploads\/2024\/10\/hotel-minerva-standard-08-1000x1500.jpg 1000w, https:\/\/www.albergominerva.it\/wp-content\/uploads\/2024\/10\/hotel-minerva-standard-08-700x1050.jpg 700w, https:\/\/www.albergominerva.it\/wp-content\/uploads\/2024\/10\/hotel-minerva-standard-08.jpg 1024w\" sizes=\"auto, (max-width: 683px) 100vw, 683px\" \/><\/figure>\n\n\n\n<figure class=\"wp-block-image size-large\"><img loading=\"lazy\" decoding=\"async\" width=\"1024\" height=\"683\" data-id=\"16299\" src=\"https:\/\/www.albergominerva.it\/wp-content\/uploads\/2024\/10\/hotel-minerva-standard-06.jpg\" alt=\"\" class=\"wp-image-16299\" srcset=\"https:\/\/www.albergominerva.it\/wp-content\/uploads\/2024\/10\/hotel-minerva-standard-06.jpg 1024w, https:\/\/www.albergominerva.it\/wp-content\/uploads\/2024\/10\/hotel-minerva-standard-06-300x200.jpg 300w, https:\/\/www.albergominerva.it\/wp-content\/uploads\/2024\/10\/hotel-minerva-standard-06-768x512.jpg 768w, https:\/\/www.albergominerva.it\/wp-content\/uploads\/2024\/10\/hotel-minerva-standard-06-1000x667.jpg 1000w, https:\/\/www.albergominerva.it\/wp-content\/uploads\/2024\/10\/hotel-minerva-standard-06-700x467.jpg 700w\" sizes=\"auto, (max-width: 1024px) 100vw, 1024px\" \/><\/figure>\n\n\n\n<figure class=\"wp-block-image size-large\"><img loading=\"lazy\" decoding=\"async\" width=\"1024\" height=\"683\" data-id=\"16036\" src=\"https:\/\/www.albergominerva.it\/wp-content\/uploads\/2024\/08\/Hotel-Minerva-2023-011-1-1024x683.jpg\" alt=\"\" class=\"wp-image-16036\" srcset=\"https:\/\/www.albergominerva.it\/wp-content\/uploads\/2024\/08\/Hotel-Minerva-2023-011-1-1024x683.jpg 1024w, https:\/\/www.albergominerva.it\/wp-content\/uploads\/2024\/08\/Hotel-Minerva-2023-011-1-300x200.jpg 300w, https:\/\/www.albergominerva.it\/wp-content\/uploads\/2024\/08\/Hotel-Minerva-2023-011-1-768x512.jpg 768w, https:\/\/www.albergominerva.it\/wp-content\/uploads\/2024\/08\/Hotel-Minerva-2023-011-1-1536x1024.jpg 1536w, https:\/\/www.albergominerva.it\/wp-content\/uploads\/2024\/08\/Hotel-Minerva-2023-011-1-2048x1365.jpg 2048w, https:\/\/www.albergominerva.it\/wp-content\/uploads\/2024\/08\/Hotel-Minerva-2023-011-1-1000x667.jpg 1000w, https:\/\/www.albergominerva.it\/wp-content\/uploads\/2024\/08\/Hotel-Minerva-2023-011-1-700x467.jpg 700w\" sizes=\"auto, (max-width: 1024px) 100vw, 1024px\" \/><\/figure>\n<\/figure>\n\n\n\n<h3 class=\"wp-block-heading\">Parfait pour les Familles et Groupes<\/h3>\n\n\n\n<p>L\u2019<strong>Albergo Minerva<\/strong> est particuli\u00e8rement adapt\u00e9 aux familles et aux groupes, avec des services comme des lits b\u00e9b\u00e9, chauffe-biberons et une salle de jeux pour les enfants. La proximit\u00e9 de l\u2019<strong>Orto de\u2019 Pecci<\/strong>, un parc avec des animaux de ferme, en fait une option id\u00e9ale pour les familles avec de jeunes enfants.<\/p>\n\n\n\n<h3 class=\"wp-block-heading\">R\u00e9servations et Offres Sp\u00e9ciales<\/h3>\n\n\n\n<p>Pour r\u00e9server votre s\u00e9jour et profiter des offres sp\u00e9ciales, visitez le site officiel de l\u2019<strong>Albergo Minerva<\/strong>, appelez le <strong>+39 0577.284474<\/strong> ou envoyez un e-mail \u00e0 <strong><a>info@albergominerva.it<\/a><\/strong>. En r\u00e9servant directement, vous b\u00e9n\u00e9ficierez du <strong>meilleur tarif garanti<\/strong> et vivrez une exp\u00e9rience inoubliable \u00e0 la d\u00e9couverte de la Toscane.<\/p>\n","protected":false},"excerpt":{"rendered":"<p>La Toscane est l\u2019une des r\u00e9gions les plus fascinantes d\u2019Italie, id\u00e9ale pour \u00eatre explor\u00e9e en train gr\u00e2ce \u00e0 des liaisons<\/p>\n","protected":false},"author":3,"featured_media":0,"parent":0,"menu_order":0,"comment_status":"closed","ping_status":"closed","template":"","meta":{"_acf_changed":false,"footnotes":""},"class_list":["post-17733","page","type-page","status-publish","hentry"],"acf":[],"yoast_head":"<!-- This site is optimized with the Yoast SEO plugin v27.4 - https:\/\/yoast.com\/product\/yoast-seo-wordpress\/ -->\n<title>Tour de la Toscane : 3 Jours en Train - Hotel Minerva Siena<\/title>\n<meta name=\"robots\" content=\"index, follow, max-snippet:-1, max-image-preview:large, max-video-preview:-1\" \/>\n<link rel=\"canonical\" href=\"https:\/\/www.albergominerva.it\/fr\/tour-de-la-toscane-3-jours-en-train\/\" \/>\n<meta property=\"og:locale\" content=\"fr_FR\" \/>\n<meta property=\"og:type\" content=\"article\" \/>\n<meta property=\"og:title\" content=\"Tour de la Toscane : 3 Jours en Train - Hotel Minerva Siena\" \/>\n<meta property=\"og:description\" content=\"La Toscane est l\u2019une des r\u00e9gions les plus fascinantes d\u2019Italie, id\u00e9ale pour \u00eatre explor\u00e9e en train gr\u00e2ce \u00e0 des liaisons\" \/>\n<meta property=\"og:url\" content=\"https:\/\/www.albergominerva.it\/fr\/tour-de-la-toscane-3-jours-en-train\/\" \/>\n<meta property=\"og:site_name\" content=\"Hotel Minerva Siena\" \/>\n<meta property=\"article:modified_time\" content=\"2024-12-17T16:46:14+00:00\" \/>\n<meta property=\"og:image\" content=\"https:\/\/www.albergominerva.it\/wp-content\/uploads\/2024\/10\/hotel-minerva-superior-03.jpg\" \/>\n<meta name=\"twitter:card\" content=\"summary_large_image\" \/>\n<meta name=\"twitter:label1\" content=\"Dur\u00e9e de lecture estim\u00e9e\" \/>\n\t<meta name=\"twitter:data1\" content=\"5 minutes\" \/>\n<script type=\"application\/ld+json\" class=\"yoast-schema-graph\">{\"@context\":\"https:\\\/\\\/schema.org\",\"@graph\":[{\"@type\":\"WebPage\",\"@id\":\"https:\\\/\\\/www.albergominerva.it\\\/fr\\\/tour-de-la-toscane-3-jours-en-train\\\/\",\"url\":\"https:\\\/\\\/www.albergominerva.it\\\/fr\\\/tour-de-la-toscane-3-jours-en-train\\\/\",\"name\":\"Tour de la Toscane : 3 Jours en Train - Hotel Minerva Siena\",\"isPartOf\":{\"@id\":\"https:\\\/\\\/www.albergominerva.it\\\/fr\\\/#website\"},\"primaryImageOfPage\":{\"@id\":\"https:\\\/\\\/www.albergominerva.it\\\/fr\\\/tour-de-la-toscane-3-jours-en-train\\\/#primaryimage\"},\"image\":{\"@id\":\"https:\\\/\\\/www.albergominerva.it\\\/fr\\\/tour-de-la-toscane-3-jours-en-train\\\/#primaryimage\"},\"thumbnailUrl\":\"https:\\\/\\\/www.albergominerva.it\\\/wp-content\\\/uploads\\\/2024\\\/10\\\/hotel-minerva-superior-03.jpg\",\"datePublished\":\"2024-12-17T16:46:12+00:00\",\"dateModified\":\"2024-12-17T16:46:14+00:00\",\"breadcrumb\":{\"@id\":\"https:\\\/\\\/www.albergominerva.it\\\/fr\\\/tour-de-la-toscane-3-jours-en-train\\\/#breadcrumb\"},\"inLanguage\":\"fr-FR\",\"potentialAction\":[{\"@type\":\"ReadAction\",\"target\":[\"https:\\\/\\\/www.albergominerva.it\\\/fr\\\/tour-de-la-toscane-3-jours-en-train\\\/\"]}]},{\"@type\":\"ImageObject\",\"inLanguage\":\"fr-FR\",\"@id\":\"https:\\\/\\\/www.albergominerva.it\\\/fr\\\/tour-de-la-toscane-3-jours-en-train\\\/#primaryimage\",\"url\":\"https:\\\/\\\/www.albergominerva.it\\\/wp-content\\\/uploads\\\/2024\\\/10\\\/hotel-minerva-superior-03.jpg\",\"contentUrl\":\"https:\\\/\\\/www.albergominerva.it\\\/wp-content\\\/uploads\\\/2024\\\/10\\\/hotel-minerva-superior-03.jpg\"},{\"@type\":\"BreadcrumbList\",\"@id\":\"https:\\\/\\\/www.albergominerva.it\\\/fr\\\/tour-de-la-toscane-3-jours-en-train\\\/#breadcrumb\",\"itemListElement\":[{\"@type\":\"ListItem\",\"position\":1,\"name\":\"Home\",\"item\":\"https:\\\/\\\/www.albergominerva.it\\\/fr\\\/\"},{\"@type\":\"ListItem\",\"position\":2,\"name\":\"Tour de la Toscane : 3 Jours en Train\"}]},{\"@type\":\"WebSite\",\"@id\":\"https:\\\/\\\/www.albergominerva.it\\\/fr\\\/#website\",\"url\":\"https:\\\/\\\/www.albergominerva.it\\\/fr\\\/\",\"name\":\"Hotel Minerva Siena\",\"description\":\"Hotel in Centro Storico a Siena - Toscana - Italy\",\"potentialAction\":[{\"@type\":\"SearchAction\",\"target\":{\"@type\":\"EntryPoint\",\"urlTemplate\":\"https:\\\/\\\/www.albergominerva.it\\\/fr\\\/?s={search_term_string}\"},\"query-input\":{\"@type\":\"PropertyValueSpecification\",\"valueRequired\":true,\"valueName\":\"search_term_string\"}}],\"inLanguage\":\"fr-FR\"}]}<\/script>\n<!-- \/ Yoast SEO plugin. -->","yoast_head_json":{"title":"Tour de la Toscane : 3 Jours en Train - Hotel Minerva Siena","robots":{"index":"index","follow":"follow","max-snippet":"max-snippet:-1","max-image-preview":"max-image-preview:large","max-video-preview":"max-video-preview:-1"},"canonical":"https:\/\/www.albergominerva.it\/fr\/tour-de-la-toscane-3-jours-en-train\/","og_locale":"fr_FR","og_type":"article","og_title":"Tour de la Toscane : 3 Jours en Train - Hotel Minerva Siena","og_description":"La Toscane est l\u2019une des r\u00e9gions les plus fascinantes d\u2019Italie, id\u00e9ale pour \u00eatre explor\u00e9e en train gr\u00e2ce \u00e0 des liaisons","og_url":"https:\/\/www.albergominerva.it\/fr\/tour-de-la-toscane-3-jours-en-train\/","og_site_name":"Hotel Minerva Siena","article_modified_time":"2024-12-17T16:46:14+00:00","og_image":[{"url":"https:\/\/www.albergominerva.it\/wp-content\/uploads\/2024\/10\/hotel-minerva-superior-03.jpg","type":"","width":"","height":""}],"twitter_card":"summary_large_image","twitter_misc":{"Dur\u00e9e de lecture estim\u00e9e":"5 minutes"},"schema":{"@context":"https:\/\/schema.org","@graph":[{"@type":"WebPage","@id":"https:\/\/www.albergominerva.it\/fr\/tour-de-la-toscane-3-jours-en-train\/","url":"https:\/\/www.albergominerva.it\/fr\/tour-de-la-toscane-3-jours-en-train\/","name":"Tour de la Toscane : 3 Jours en Train - Hotel Minerva Siena","isPartOf":{"@id":"https:\/\/www.albergominerva.it\/fr\/#website"},"primaryImageOfPage":{"@id":"https:\/\/www.albergominerva.it\/fr\/tour-de-la-toscane-3-jours-en-train\/#primaryimage"},"image":{"@id":"https:\/\/www.albergominerva.it\/fr\/tour-de-la-toscane-3-jours-en-train\/#primaryimage"},"thumbnailUrl":"https:\/\/www.albergominerva.it\/wp-content\/uploads\/2024\/10\/hotel-minerva-superior-03.jpg","datePublished":"2024-12-17T16:46:12+00:00","dateModified":"2024-12-17T16:46:14+00:00","breadcrumb":{"@id":"https:\/\/www.albergominerva.it\/fr\/tour-de-la-toscane-3-jours-en-train\/#breadcrumb"},"inLanguage":"fr-FR","potentialAction":[{"@type":"ReadAction","target":["https:\/\/www.albergominerva.it\/fr\/tour-de-la-toscane-3-jours-en-train\/"]}]},{"@type":"ImageObject","inLanguage":"fr-FR","@id":"https:\/\/www.albergominerva.it\/fr\/tour-de-la-toscane-3-jours-en-train\/#primaryimage","url":"https:\/\/www.albergominerva.it\/wp-content\/uploads\/2024\/10\/hotel-minerva-superior-03.jpg","contentUrl":"https:\/\/www.albergominerva.it\/wp-content\/uploads\/2024\/10\/hotel-minerva-superior-03.jpg"},{"@type":"BreadcrumbList","@id":"https:\/\/www.albergominerva.it\/fr\/tour-de-la-toscane-3-jours-en-train\/#breadcrumb","itemListElement":[{"@type":"ListItem","position":1,"name":"Home","item":"https:\/\/www.albergominerva.it\/fr\/"},{"@type":"ListItem","position":2,"name":"Tour de la Toscane : 3 Jours en Train"}]},{"@type":"WebSite","@id":"https:\/\/www.albergominerva.it\/fr\/#website","url":"https:\/\/www.albergominerva.it\/fr\/","name":"Hotel Minerva Siena","description":"Hotel in Centro Storico a Siena - Toscana - Italy","potentialAction":[{"@type":"SearchAction","target":{"@type":"EntryPoint","urlTemplate":"https:\/\/www.albergominerva.it\/fr\/?s={search_term_string}"},"query-input":{"@type":"PropertyValueSpecification","valueRequired":true,"valueName":"search_term_string"}}],"inLanguage":"fr-FR"}]}},"_links":{"self":[{"href":"https:\/\/www.albergominerva.it\/fr\/wp-json\/wp\/v2\/pages\/17733","targetHints":{"allow":["GET"]}}],"collection":[{"href":"https:\/\/www.albergominerva.it\/fr\/wp-json\/wp\/v2\/pages"}],"about":[{"href":"https:\/\/www.albergominerva.it\/fr\/wp-json\/wp\/v2\/types\/page"}],"author":[{"embeddable":true,"href":"https:\/\/www.albergominerva.it\/fr\/wp-json\/wp\/v2\/users\/3"}],"replies":[{"embeddable":true,"href":"https:\/\/www.albergominerva.it\/fr\/wp-json\/wp\/v2\/comments?post=17733"}],"version-history":[{"count":1,"href":"https:\/\/www.albergominerva.it\/fr\/wp-json\/wp\/v2\/pages\/17733\/revisions"}],"predecessor-version":[{"id":17734,"href":"https:\/\/www.albergominerva.it\/fr\/wp-json\/wp\/v2\/pages\/17733\/revisions\/17734"}],"wp:attachment":[{"href":"https:\/\/www.albergominerva.it\/fr\/wp-json\/wp\/v2\/media?parent=17733"}],"curies":[{"name":"wp","href":"https:\/\/api.w.org\/{rel}","templated":true}]}}