{"id":17747,"date":"2024-12-17T18:08:01","date_gmt":"2024-12-17T17:08:01","guid":{"rendered":"https:\/\/www.albergominerva.it\/?page_id=17747"},"modified":"2024-12-17T18:08:02","modified_gmt":"2024-12-17T17:08:02","slug":"quels-villages-visiter-pres-de-sienne","status":"publish","type":"page","link":"https:\/\/www.albergominerva.it\/fr\/quels-villages-visiter-pres-de-sienne\/","title":{"rendered":"Quels Villages Visiter Pr\u00e8s de Sienne ?"},"content":{"rendered":"\n<p>La Toscane est c\u00e9l\u00e8bre pour ses charmants villages m\u00e9di\u00e9vaux, dont beaucoup se trouvent \u00e0 quelques kilom\u00e8tres de <strong>Sienne<\/strong>, nich\u00e9s entre collines, vignobles et paysages \u00e0 couper le souffle. Voici une s\u00e9lection des plus beaux villages \u00e0 d\u00e9couvrir autour de Sienne, parfaits pour une immersion dans l&rsquo;histoire, l&rsquo;art et les traditions toscanes.<\/p>\n\n\n\n<h3 class=\"wp-block-heading\"><strong>Monteriggioni \u2013 Le Village Fortifi\u00e9<\/strong><\/h3>\n\n\n\n<p>\u00c0 seulement 20 minutes en voiture de Sienne, <strong>Monteriggioni<\/strong> est l\u2019un des villages m\u00e9di\u00e9vaux les mieux pr\u00e9serv\u00e9s de Toscane. Entour\u00e9 de remparts du XIIIe si\u00e8cle avec 14 tours encore intactes, il domine le paysage environnant. Promenez-vous le long des murailles pour profiter d\u2019une vue panoramique exceptionnelle. Dans le centre historique, visitez la petite <strong>\u00c9glise Santa Maria Assunta<\/strong> et arr\u00eatez-vous dans les boutiques locales pour acheter des produits typiques.<\/p>\n\n\n\n<h3 class=\"wp-block-heading\"><strong>San Gimignano \u2013 La Ville aux Tours<\/strong><\/h3>\n\n\n\n<p>\u00c0 environ 40 minutes de Sienne, <strong>San Gimignano<\/strong> est surnomm\u00e9e la \u00ab Manhattan m\u00e9di\u00e9vale \u00bb en raison de ses 14 tours encore debout, symboles du pouvoir des anciennes familles nobles. Fl\u00e2nez dans les rues pav\u00e9es, visitez la <strong>Piazza della Cisterna<\/strong> et la <strong>Coll\u00e9giale de San Gimignano<\/strong>, c\u00e9l\u00e8bre pour ses fresques spectaculaires. Ne manquez pas de d\u00e9guster la <strong>Vernaccia de San Gimignano<\/strong>, le c\u00e9l\u00e8bre vin blanc local.<\/p>\n\n\n\n<h3 class=\"wp-block-heading\"><strong>Pienza \u2013 Le Joyau de la Renaissance<\/strong><\/h3>\n\n\n\n<p>Situ\u00e9e \u00e0 environ 50 minutes de Sienne, <strong>Pienza<\/strong> est un chef-d\u2019\u0153uvre de la Renaissance, command\u00e9 par le pape Pie II. Le village offre un \u00e9quilibre parfait entre urbanisme et paysage, avec des vues magnifiques sur la <strong>Val d\u2019Orcia<\/strong>, class\u00e9e au patrimoine mondial de l\u2019UNESCO. Visitez la <strong>cath\u00e9drale de Pienza<\/strong> et le <strong>Palazzo Piccolomini<\/strong>, puis faites une halte dans une boutique locale pour go\u00fbter le c\u00e9l\u00e8bre <strong>Pecorino de Pienza<\/strong>, l\u2019un des fromages les plus appr\u00e9ci\u00e9s d\u2019Italie.<\/p>\n\n\n\n<h3 class=\"wp-block-heading\"><strong>Montalcino \u2013 Le Royaume du Brunello<\/strong><\/h3>\n\n\n\n<p>\u00c0 environ 45 minutes de Sienne, <strong>Montalcino<\/strong> est une destination incontournable pour les amateurs de vin. Le village est mondialement connu pour le <strong>Brunello di Montalcino<\/strong>, l\u2019un des vins rouges les plus prestigieux. Visitez la <strong>Forteresse de Montalcino<\/strong>, qui offre une vue panoramique spectaculaire sur les vignobles. Promenez-vous dans le centre historique, visitez les caves locales et d\u00e9gustez ce vin embl\u00e9matique.<\/p>\n\n\n\n<h3 class=\"wp-block-heading\"><strong>Buonconvento \u2013 Un Havre de Paix<\/strong><\/h3>\n\n\n\n<p>\u00c0 seulement 30 minutes de Sienne, <strong>Buonconvento<\/strong> est un village moins connu, mais plein de charme. Situ\u00e9 le long de la <strong>Via Francigena<\/strong>, il a conserv\u00e9 l\u2019atmosph\u00e8re authentique d\u2019un village m\u00e9di\u00e9val. Visitez le <strong>Mus\u00e9e d\u2019Art Sacr\u00e9<\/strong> et promenez-vous dans les rues du centre historique. Buonconvento est l\u2019endroit id\u00e9al pour ceux qui recherchent la tranquillit\u00e9 et une Toscane authentique.<\/p>\n\n\n\n<h3 class=\"wp-block-heading\"><strong>Radicofani \u2013 Un Panorama de R\u00eave<\/strong><\/h3>\n\n\n\n<p>\u00c0 environ une heure de Sienne, <strong>Radicofani<\/strong> est un village perch\u00e9 offrant une vue imprenable sur la <strong>Val d\u2019Orcia<\/strong>. Domin\u00e9 par sa <strong>Forteresse m\u00e9di\u00e9vale<\/strong>, le village raconte des histoires de chevaliers et de batailles. Une promenade dans le centre historique vous plongera dans une atmosph\u00e8re hors du temps.<\/p>\n\n\n\n<h3 class=\"wp-block-heading\"><strong>Bagno Vignoni \u2013 Le Village des Eaux Thermales<\/strong><\/h3>\n\n\n\n<p>\u00c0 50 minutes de Sienne, <strong>Bagno Vignoni<\/strong> est c\u00e9l\u00e8bre pour sa place centrale occup\u00e9e par un grand <strong>bassin thermal<\/strong> datant de l\u2019\u00e9poque romaine. Ce village unique est parfait pour se d\u00e9tendre entre histoire et nature. Admirez les reflets des b\u00e2timents historiques dans l\u2019eau et offrez-vous un moment de relaxation dans les thermes naturels des environs.<\/p>\n\n\n\n<h3 class=\"wp-block-heading\"><strong>Castiglione d\u2019Orcia \u2013 Un Bijou dans la Val d\u2019Orcia<\/strong><\/h3>\n\n\n\n<p>Situ\u00e9 \u00e0 environ 50 minutes de Sienne, <strong>Castiglione d\u2019Orcia<\/strong> est l\u2019un des villages les plus pittoresques de la <strong>Val d\u2019Orcia<\/strong>. Montez jusqu\u2019\u00e0 la <strong>Rocca di Tentennano<\/strong>, d\u2019o\u00f9 vous profiterez d\u2019une vue imprenable sur les douces collines toscanes. Ce village est parfait pour ceux qui recherchent la paix, des panoramas inoubliables et un v\u00e9ritable contact avec la nature.<\/p>\n\n\n\n<h3 class=\"wp-block-heading\">O\u00f9 Dormir : Albergo Minerva \u00e0 Sienne<\/h3>\n\n\n\n<p>Pour visiter ces villages, <strong>Albergo Minerva<\/strong> \u00e0 Sienne est le choix id\u00e9al. Situ\u00e9 \u00e0 quelques pas du centre historique et facilement accessible, l\u2019h\u00f4tel propose <strong>56 chambres climatis\u00e9es<\/strong> dans diff\u00e9rentes cat\u00e9gories, dont plusieurs offrent une vue panoramique sur la ville.<\/p>\n\n\n\n<figure class=\"wp-block-gallery has-nested-images columns-default is-cropped wp-block-gallery-1 is-layout-flex wp-block-gallery-is-layout-flex\">\n<figure class=\"wp-block-image size-large\"><img loading=\"lazy\" decoding=\"async\" width=\"1024\" height=\"683\" data-id=\"16401\" src=\"https:\/\/www.albergominerva.it\/wp-content\/uploads\/2024\/10\/hotel-minerva-superior-03.jpg\" alt=\"\" class=\"wp-image-16401\" srcset=\"https:\/\/www.albergominerva.it\/wp-content\/uploads\/2024\/10\/hotel-minerva-superior-03.jpg 1024w, https:\/\/www.albergominerva.it\/wp-content\/uploads\/2024\/10\/hotel-minerva-superior-03-300x200.jpg 300w, https:\/\/www.albergominerva.it\/wp-content\/uploads\/2024\/10\/hotel-minerva-superior-03-768x512.jpg 768w, https:\/\/www.albergominerva.it\/wp-content\/uploads\/2024\/10\/hotel-minerva-superior-03-1000x667.jpg 1000w, https:\/\/www.albergominerva.it\/wp-content\/uploads\/2024\/10\/hotel-minerva-superior-03-700x467.jpg 700w\" sizes=\"auto, (max-width: 1024px) 100vw, 1024px\" \/><\/figure>\n\n\n\n<figure class=\"wp-block-image size-large\"><img loading=\"lazy\" decoding=\"async\" width=\"1024\" height=\"683\" data-id=\"16411\" src=\"https:\/\/www.albergominerva.it\/wp-content\/uploads\/2024\/10\/hotel-minerva-superior-04.jpg\" alt=\"\" class=\"wp-image-16411\" srcset=\"https:\/\/www.albergominerva.it\/wp-content\/uploads\/2024\/10\/hotel-minerva-superior-04.jpg 1024w, https:\/\/www.albergominerva.it\/wp-content\/uploads\/2024\/10\/hotel-minerva-superior-04-300x200.jpg 300w, https:\/\/www.albergominerva.it\/wp-content\/uploads\/2024\/10\/hotel-minerva-superior-04-768x512.jpg 768w, https:\/\/www.albergominerva.it\/wp-content\/uploads\/2024\/10\/hotel-minerva-superior-04-1000x667.jpg 1000w, https:\/\/www.albergominerva.it\/wp-content\/uploads\/2024\/10\/hotel-minerva-superior-04-700x467.jpg 700w\" sizes=\"auto, (max-width: 1024px) 100vw, 1024px\" \/><\/figure>\n\n\n\n<figure class=\"wp-block-image size-large\"><img loading=\"lazy\" decoding=\"async\" width=\"1024\" height=\"683\" data-id=\"16349\" src=\"https:\/\/www.albergominerva.it\/wp-content\/uploads\/2024\/10\/hotel-minerva-standard-11.jpg\" alt=\"\" class=\"wp-image-16349\" srcset=\"https:\/\/www.albergominerva.it\/wp-content\/uploads\/2024\/10\/hotel-minerva-standard-11.jpg 1024w, https:\/\/www.albergominerva.it\/wp-content\/uploads\/2024\/10\/hotel-minerva-standard-11-300x200.jpg 300w, https:\/\/www.albergominerva.it\/wp-content\/uploads\/2024\/10\/hotel-minerva-standard-11-768x512.jpg 768w, https:\/\/www.albergominerva.it\/wp-content\/uploads\/2024\/10\/hotel-minerva-standard-11-1000x667.jpg 1000w, https:\/\/www.albergominerva.it\/wp-content\/uploads\/2024\/10\/hotel-minerva-standard-11-700x467.jpg 700w\" sizes=\"auto, (max-width: 1024px) 100vw, 1024px\" \/><\/figure>\n\n\n\n<figure class=\"wp-block-image size-large\"><img loading=\"lazy\" decoding=\"async\" width=\"1024\" height=\"683\" data-id=\"16309\" src=\"https:\/\/www.albergominerva.it\/wp-content\/uploads\/2024\/10\/hotel-minerva-standard-07.jpg\" alt=\"\" class=\"wp-image-16309\" srcset=\"https:\/\/www.albergominerva.it\/wp-content\/uploads\/2024\/10\/hotel-minerva-standard-07.jpg 1024w, https:\/\/www.albergominerva.it\/wp-content\/uploads\/2024\/10\/hotel-minerva-standard-07-300x200.jpg 300w, https:\/\/www.albergominerva.it\/wp-content\/uploads\/2024\/10\/hotel-minerva-standard-07-768x512.jpg 768w, https:\/\/www.albergominerva.it\/wp-content\/uploads\/2024\/10\/hotel-minerva-standard-07-1000x667.jpg 1000w, https:\/\/www.albergominerva.it\/wp-content\/uploads\/2024\/10\/hotel-minerva-standard-07-700x467.jpg 700w\" sizes=\"auto, (max-width: 1024px) 100vw, 1024px\" \/><\/figure>\n\n\n\n<figure class=\"wp-block-image size-large\"><img loading=\"lazy\" decoding=\"async\" width=\"683\" height=\"1024\" data-id=\"16319\" src=\"https:\/\/www.albergominerva.it\/wp-content\/uploads\/2024\/10\/hotel-minerva-standard-08-683x1024.jpg\" alt=\"\" class=\"wp-image-16319\" srcset=\"https:\/\/www.albergominerva.it\/wp-content\/uploads\/2024\/10\/hotel-minerva-standard-08-683x1024.jpg 683w, https:\/\/www.albergominerva.it\/wp-content\/uploads\/2024\/10\/hotel-minerva-standard-08-200x300.jpg 200w, https:\/\/www.albergominerva.it\/wp-content\/uploads\/2024\/10\/hotel-minerva-standard-08-768x1152.jpg 768w, https:\/\/www.albergominerva.it\/wp-content\/uploads\/2024\/10\/hotel-minerva-standard-08-1000x1500.jpg 1000w, https:\/\/www.albergominerva.it\/wp-content\/uploads\/2024\/10\/hotel-minerva-standard-08-700x1050.jpg 700w, https:\/\/www.albergominerva.it\/wp-content\/uploads\/2024\/10\/hotel-minerva-standard-08.jpg 1024w\" sizes=\"auto, (max-width: 683px) 100vw, 683px\" \/><\/figure>\n\n\n\n<figure class=\"wp-block-image size-large\"><img loading=\"lazy\" decoding=\"async\" width=\"1024\" height=\"683\" data-id=\"16299\" src=\"https:\/\/www.albergominerva.it\/wp-content\/uploads\/2024\/10\/hotel-minerva-standard-06.jpg\" alt=\"\" class=\"wp-image-16299\" srcset=\"https:\/\/www.albergominerva.it\/wp-content\/uploads\/2024\/10\/hotel-minerva-standard-06.jpg 1024w, https:\/\/www.albergominerva.it\/wp-content\/uploads\/2024\/10\/hotel-minerva-standard-06-300x200.jpg 300w, https:\/\/www.albergominerva.it\/wp-content\/uploads\/2024\/10\/hotel-minerva-standard-06-768x512.jpg 768w, https:\/\/www.albergominerva.it\/wp-content\/uploads\/2024\/10\/hotel-minerva-standard-06-1000x667.jpg 1000w, https:\/\/www.albergominerva.it\/wp-content\/uploads\/2024\/10\/hotel-minerva-standard-06-700x467.jpg 700w\" sizes=\"auto, (max-width: 1024px) 100vw, 1024px\" \/><\/figure>\n\n\n\n<figure class=\"wp-block-image size-large\"><img loading=\"lazy\" decoding=\"async\" width=\"1024\" height=\"683\" data-id=\"16036\" src=\"https:\/\/www.albergominerva.it\/wp-content\/uploads\/2024\/08\/Hotel-Minerva-2023-011-1-1024x683.jpg\" alt=\"\" class=\"wp-image-16036\" srcset=\"https:\/\/www.albergominerva.it\/wp-content\/uploads\/2024\/08\/Hotel-Minerva-2023-011-1-1024x683.jpg 1024w, https:\/\/www.albergominerva.it\/wp-content\/uploads\/2024\/08\/Hotel-Minerva-2023-011-1-300x200.jpg 300w, https:\/\/www.albergominerva.it\/wp-content\/uploads\/2024\/08\/Hotel-Minerva-2023-011-1-768x512.jpg 768w, https:\/\/www.albergominerva.it\/wp-content\/uploads\/2024\/08\/Hotel-Minerva-2023-011-1-1536x1024.jpg 1536w, https:\/\/www.albergominerva.it\/wp-content\/uploads\/2024\/08\/Hotel-Minerva-2023-011-1-2048x1365.jpg 2048w, https:\/\/www.albergominerva.it\/wp-content\/uploads\/2024\/08\/Hotel-Minerva-2023-011-1-1000x667.jpg 1000w, https:\/\/www.albergominerva.it\/wp-content\/uploads\/2024\/08\/Hotel-Minerva-2023-011-1-700x467.jpg 700w\" sizes=\"auto, (max-width: 1024px) 100vw, 1024px\" \/><\/figure>\n<\/figure>\n\n\n\n<h3 class=\"wp-block-heading\">Services de l\u2019Albergo Minerva<\/h3>\n\n\n\n<p>Chaque matin, l\u2019h\u00f4tel propose un <strong>petit-d\u00e9jeuner buffet<\/strong> compos\u00e9 de produits frais italiens et internationaux. L\u2019h\u00f4tel dispose \u00e9galement d\u2019un <strong>parking couvert et s\u00e9curis\u00e9<\/strong>, id\u00e9al pour ceux qui voyagent en voiture, ainsi que d\u2019une <strong>salle de conf\u00e9rences \u00e9quip\u00e9e<\/strong> pour des \u00e9v\u00e9nements et r\u00e9unions jusqu\u2019\u00e0 40 personnes.<\/p>\n\n\n\n<h3 class=\"wp-block-heading\">R\u00e9servations et Offres Sp\u00e9ciales<\/h3>\n\n\n\n<p>Pour r\u00e9server votre s\u00e9jour et profiter des offres sp\u00e9ciales, visitez le site officiel de l\u2019<strong>Albergo Minerva<\/strong>, appelez le <strong>+39 0577.284474<\/strong> ou envoyez un e-mail \u00e0 <strong><a>info@albergominerva.it<\/a><\/strong>. En r\u00e9servant directement, vous b\u00e9n\u00e9ficierez du <strong>meilleur prix garanti<\/strong> et vivrez une exp\u00e9rience inoubliable en d\u00e9couvrant les plus beaux villages pr\u00e8s de Sienne.<\/p>\n","protected":false},"excerpt":{"rendered":"<p>La Toscane est c\u00e9l\u00e8bre pour ses charmants villages m\u00e9di\u00e9vaux, dont beaucoup se trouvent \u00e0 quelques kilom\u00e8tres de Sienne, nich\u00e9s entre<\/p>\n","protected":false},"author":3,"featured_media":0,"parent":0,"menu_order":0,"comment_status":"closed","ping_status":"closed","template":"","meta":{"_acf_changed":false,"footnotes":""},"class_list":["post-17747","page","type-page","status-publish","hentry"],"acf":[],"yoast_head":"<!-- This site is optimized with the Yoast SEO plugin v27.4 - https:\/\/yoast.com\/product\/yoast-seo-wordpress\/ -->\n<title>Quels Villages Visiter Pr\u00e8s de Sienne ? - Hotel Minerva Siena<\/title>\n<meta name=\"robots\" content=\"index, follow, max-snippet:-1, max-image-preview:large, max-video-preview:-1\" \/>\n<link rel=\"canonical\" href=\"https:\/\/www.albergominerva.it\/fr\/quels-villages-visiter-pres-de-sienne\/\" \/>\n<meta property=\"og:locale\" content=\"fr_FR\" \/>\n<meta property=\"og:type\" content=\"article\" \/>\n<meta property=\"og:title\" content=\"Quels Villages Visiter Pr\u00e8s de Sienne ? - Hotel Minerva Siena\" \/>\n<meta property=\"og:description\" content=\"La Toscane est c\u00e9l\u00e8bre pour ses charmants villages m\u00e9di\u00e9vaux, dont beaucoup se trouvent \u00e0 quelques kilom\u00e8tres de Sienne, nich\u00e9s entre\" \/>\n<meta property=\"og:url\" content=\"https:\/\/www.albergominerva.it\/fr\/quels-villages-visiter-pres-de-sienne\/\" \/>\n<meta property=\"og:site_name\" content=\"Hotel Minerva Siena\" \/>\n<meta property=\"article:modified_time\" content=\"2024-12-17T17:08:02+00:00\" \/>\n<meta property=\"og:image\" content=\"https:\/\/www.albergominerva.it\/wp-content\/uploads\/2024\/10\/hotel-minerva-superior-03.jpg\" \/>\n<meta name=\"twitter:card\" content=\"summary_large_image\" \/>\n<meta name=\"twitter:label1\" content=\"Dur\u00e9e de lecture estim\u00e9e\" \/>\n\t<meta name=\"twitter:data1\" content=\"6 minutes\" \/>\n<script type=\"application\/ld+json\" class=\"yoast-schema-graph\">{\"@context\":\"https:\\\/\\\/schema.org\",\"@graph\":[{\"@type\":\"WebPage\",\"@id\":\"https:\\\/\\\/www.albergominerva.it\\\/fr\\\/quels-villages-visiter-pres-de-sienne\\\/\",\"url\":\"https:\\\/\\\/www.albergominerva.it\\\/fr\\\/quels-villages-visiter-pres-de-sienne\\\/\",\"name\":\"Quels Villages Visiter Pr\u00e8s de Sienne ? - Hotel Minerva Siena\",\"isPartOf\":{\"@id\":\"https:\\\/\\\/www.albergominerva.it\\\/fr\\\/#website\"},\"primaryImageOfPage\":{\"@id\":\"https:\\\/\\\/www.albergominerva.it\\\/fr\\\/quels-villages-visiter-pres-de-sienne\\\/#primaryimage\"},\"image\":{\"@id\":\"https:\\\/\\\/www.albergominerva.it\\\/fr\\\/quels-villages-visiter-pres-de-sienne\\\/#primaryimage\"},\"thumbnailUrl\":\"https:\\\/\\\/www.albergominerva.it\\\/wp-content\\\/uploads\\\/2024\\\/10\\\/hotel-minerva-superior-03.jpg\",\"datePublished\":\"2024-12-17T17:08:01+00:00\",\"dateModified\":\"2024-12-17T17:08:02+00:00\",\"breadcrumb\":{\"@id\":\"https:\\\/\\\/www.albergominerva.it\\\/fr\\\/quels-villages-visiter-pres-de-sienne\\\/#breadcrumb\"},\"inLanguage\":\"fr-FR\",\"potentialAction\":[{\"@type\":\"ReadAction\",\"target\":[\"https:\\\/\\\/www.albergominerva.it\\\/fr\\\/quels-villages-visiter-pres-de-sienne\\\/\"]}]},{\"@type\":\"ImageObject\",\"inLanguage\":\"fr-FR\",\"@id\":\"https:\\\/\\\/www.albergominerva.it\\\/fr\\\/quels-villages-visiter-pres-de-sienne\\\/#primaryimage\",\"url\":\"https:\\\/\\\/www.albergominerva.it\\\/wp-content\\\/uploads\\\/2024\\\/10\\\/hotel-minerva-superior-03.jpg\",\"contentUrl\":\"https:\\\/\\\/www.albergominerva.it\\\/wp-content\\\/uploads\\\/2024\\\/10\\\/hotel-minerva-superior-03.jpg\"},{\"@type\":\"BreadcrumbList\",\"@id\":\"https:\\\/\\\/www.albergominerva.it\\\/fr\\\/quels-villages-visiter-pres-de-sienne\\\/#breadcrumb\",\"itemListElement\":[{\"@type\":\"ListItem\",\"position\":1,\"name\":\"Home\",\"item\":\"https:\\\/\\\/www.albergominerva.it\\\/fr\\\/\"},{\"@type\":\"ListItem\",\"position\":2,\"name\":\"Quels Villages Visiter Pr\u00e8s de Sienne ?\"}]},{\"@type\":\"WebSite\",\"@id\":\"https:\\\/\\\/www.albergominerva.it\\\/fr\\\/#website\",\"url\":\"https:\\\/\\\/www.albergominerva.it\\\/fr\\\/\",\"name\":\"Hotel Minerva Siena\",\"description\":\"Hotel in Centro Storico a Siena - Toscana - Italy\",\"potentialAction\":[{\"@type\":\"SearchAction\",\"target\":{\"@type\":\"EntryPoint\",\"urlTemplate\":\"https:\\\/\\\/www.albergominerva.it\\\/fr\\\/?s={search_term_string}\"},\"query-input\":{\"@type\":\"PropertyValueSpecification\",\"valueRequired\":true,\"valueName\":\"search_term_string\"}}],\"inLanguage\":\"fr-FR\"}]}<\/script>\n<!-- \/ Yoast SEO plugin. -->","yoast_head_json":{"title":"Quels Villages Visiter Pr\u00e8s de Sienne ? - Hotel Minerva Siena","robots":{"index":"index","follow":"follow","max-snippet":"max-snippet:-1","max-image-preview":"max-image-preview:large","max-video-preview":"max-video-preview:-1"},"canonical":"https:\/\/www.albergominerva.it\/fr\/quels-villages-visiter-pres-de-sienne\/","og_locale":"fr_FR","og_type":"article","og_title":"Quels Villages Visiter Pr\u00e8s de Sienne ? - Hotel Minerva Siena","og_description":"La Toscane est c\u00e9l\u00e8bre pour ses charmants villages m\u00e9di\u00e9vaux, dont beaucoup se trouvent \u00e0 quelques kilom\u00e8tres de Sienne, nich\u00e9s entre","og_url":"https:\/\/www.albergominerva.it\/fr\/quels-villages-visiter-pres-de-sienne\/","og_site_name":"Hotel Minerva Siena","article_modified_time":"2024-12-17T17:08:02+00:00","og_image":[{"url":"https:\/\/www.albergominerva.it\/wp-content\/uploads\/2024\/10\/hotel-minerva-superior-03.jpg","type":"","width":"","height":""}],"twitter_card":"summary_large_image","twitter_misc":{"Dur\u00e9e de lecture estim\u00e9e":"6 minutes"},"schema":{"@context":"https:\/\/schema.org","@graph":[{"@type":"WebPage","@id":"https:\/\/www.albergominerva.it\/fr\/quels-villages-visiter-pres-de-sienne\/","url":"https:\/\/www.albergominerva.it\/fr\/quels-villages-visiter-pres-de-sienne\/","name":"Quels Villages Visiter Pr\u00e8s de Sienne ? - Hotel Minerva Siena","isPartOf":{"@id":"https:\/\/www.albergominerva.it\/fr\/#website"},"primaryImageOfPage":{"@id":"https:\/\/www.albergominerva.it\/fr\/quels-villages-visiter-pres-de-sienne\/#primaryimage"},"image":{"@id":"https:\/\/www.albergominerva.it\/fr\/quels-villages-visiter-pres-de-sienne\/#primaryimage"},"thumbnailUrl":"https:\/\/www.albergominerva.it\/wp-content\/uploads\/2024\/10\/hotel-minerva-superior-03.jpg","datePublished":"2024-12-17T17:08:01+00:00","dateModified":"2024-12-17T17:08:02+00:00","breadcrumb":{"@id":"https:\/\/www.albergominerva.it\/fr\/quels-villages-visiter-pres-de-sienne\/#breadcrumb"},"inLanguage":"fr-FR","potentialAction":[{"@type":"ReadAction","target":["https:\/\/www.albergominerva.it\/fr\/quels-villages-visiter-pres-de-sienne\/"]}]},{"@type":"ImageObject","inLanguage":"fr-FR","@id":"https:\/\/www.albergominerva.it\/fr\/quels-villages-visiter-pres-de-sienne\/#primaryimage","url":"https:\/\/www.albergominerva.it\/wp-content\/uploads\/2024\/10\/hotel-minerva-superior-03.jpg","contentUrl":"https:\/\/www.albergominerva.it\/wp-content\/uploads\/2024\/10\/hotel-minerva-superior-03.jpg"},{"@type":"BreadcrumbList","@id":"https:\/\/www.albergominerva.it\/fr\/quels-villages-visiter-pres-de-sienne\/#breadcrumb","itemListElement":[{"@type":"ListItem","position":1,"name":"Home","item":"https:\/\/www.albergominerva.it\/fr\/"},{"@type":"ListItem","position":2,"name":"Quels Villages Visiter Pr\u00e8s de Sienne ?"}]},{"@type":"WebSite","@id":"https:\/\/www.albergominerva.it\/fr\/#website","url":"https:\/\/www.albergominerva.it\/fr\/","name":"Hotel Minerva Siena","description":"Hotel in Centro Storico a Siena - Toscana - Italy","potentialAction":[{"@type":"SearchAction","target":{"@type":"EntryPoint","urlTemplate":"https:\/\/www.albergominerva.it\/fr\/?s={search_term_string}"},"query-input":{"@type":"PropertyValueSpecification","valueRequired":true,"valueName":"search_term_string"}}],"inLanguage":"fr-FR"}]}},"_links":{"self":[{"href":"https:\/\/www.albergominerva.it\/fr\/wp-json\/wp\/v2\/pages\/17747","targetHints":{"allow":["GET"]}}],"collection":[{"href":"https:\/\/www.albergominerva.it\/fr\/wp-json\/wp\/v2\/pages"}],"about":[{"href":"https:\/\/www.albergominerva.it\/fr\/wp-json\/wp\/v2\/types\/page"}],"author":[{"embeddable":true,"href":"https:\/\/www.albergominerva.it\/fr\/wp-json\/wp\/v2\/users\/3"}],"replies":[{"embeddable":true,"href":"https:\/\/www.albergominerva.it\/fr\/wp-json\/wp\/v2\/comments?post=17747"}],"version-history":[{"count":1,"href":"https:\/\/www.albergominerva.it\/fr\/wp-json\/wp\/v2\/pages\/17747\/revisions"}],"predecessor-version":[{"id":17748,"href":"https:\/\/www.albergominerva.it\/fr\/wp-json\/wp\/v2\/pages\/17747\/revisions\/17748"}],"wp:attachment":[{"href":"https:\/\/www.albergominerva.it\/fr\/wp-json\/wp\/v2\/media?parent=17747"}],"curies":[{"name":"wp","href":"https:\/\/api.w.org\/{rel}","templated":true}]}}