{"id":17763,"date":"2024-12-18T10:48:23","date_gmt":"2024-12-18T09:48:23","guid":{"rendered":"https:\/\/www.albergominerva.it\/?page_id=17763"},"modified":"2024-12-18T10:48:24","modified_gmt":"2024-12-18T09:48:24","slug":"que-voir-entre-sienne-et-rome","status":"publish","type":"page","link":"https:\/\/www.albergominerva.it\/fr\/que-voir-entre-sienne-et-rome\/","title":{"rendered":"Que Voir Entre Sienne et Rome ?"},"content":{"rendered":"\n<p>Voyager de <strong>Sienne \u00e0 Rome<\/strong> est bien plus qu\u2019un simple trajet : c\u2019est une opportunit\u00e9 pour d\u00e9couvrir certaines des r\u00e9gions les plus fascinantes du centre de l\u2019Italie, avec des villages historiques, des paysages \u00e0 couper le souffle et des traditions culinaires uniques. Voici un itin\u00e9raire qui transforme ce voyage en une exp\u00e9rience inoubliable, avec un arr\u00eat sp\u00e9cial \u00e0 l\u2019<strong>Albergo Minerva<\/strong> de Sienne.<\/p>\n\n\n\n<h3 class=\"wp-block-heading\"><strong>Val d\u2019Orcia \u2013 Des Paysages de Carte Postale<\/strong><\/h3>\n\n\n\n<p>\u00c0 quelques kilom\u00e8tres de Sienne se trouve la <strong>Val d\u2019Orcia<\/strong>, l\u2019un des paysages les plus embl\u00e9matiques de la Toscane et un site inscrit au patrimoine mondial de l\u2019UNESCO. Des collines douces, des all\u00e9es de cypr\u00e8s et des villages m\u00e9di\u00e9vaux composent un cadre unique. <strong>Pienza<\/strong> est connue comme la \u00ab\u00a0ville id\u00e9ale\u00a0\u00bb de la Renaissance, avec son centre historique et son c\u00e9l\u00e8bre <strong>pecorino<\/strong>. <strong>San Quirico d\u2019Orcia<\/strong> s\u00e9duit par les Horti Leonini, un magnifique jardin \u00e0 l\u2019italienne, et ses charmantes ruelles. <strong>Bagno Vignoni<\/strong>, quant \u00e0 elle, est c\u00e9l\u00e8bre pour sa place centrale occup\u00e9e par un grand bassin thermal, parfait pour une pause relaxante.<\/p>\n\n\n\n<h3 class=\"wp-block-heading\"><strong>Montepulciano \u2013 Le Royaume du Vino Nobile<\/strong><\/h3>\n\n\n\n<p>En continuant vers le sud, faites une halte \u00e0 <strong>Montepulciano<\/strong>, c\u00e9l\u00e8bre pour son <strong>Vino Nobile<\/strong>. Promenez-vous dans la rue principale, visitez la spectaculaire <strong>Piazza Grande<\/strong> et admirez l\u2019<strong>\u00c9glise San Biagio<\/strong>, un chef-d\u2019\u0153uvre de la Renaissance. Ne manquez pas l\u2019occasion de d\u00e9guster un verre de vin dans l\u2019une des caves historiques du village.<\/p>\n\n\n\n<h3 class=\"wp-block-heading\"><strong>Albergo Minerva \u2013 Votre Base \u00e0 Sienne<\/strong><\/h3>\n\n\n\n<p>Avant de poursuivre votre voyage vers Rome, nous vous recommandons un s\u00e9jour \u00e0 l\u2019<strong>Albergo Minerva<\/strong> de Sienne, le point de d\u00e9part id\u00e9al pour explorer la ville et ses environs. Situ\u00e9 \u00e0 quelques pas du centre historique, cet h\u00f4tel allie confort moderne et ambiance chaleureuse.<\/p>\n\n\n\n<h4 class=\"wp-block-heading\"><strong>Chambres et Confort<\/strong><\/h4>\n\n\n\n<p>L\u2019Albergo Minerva propose <strong>56 chambres climatis\u00e9es<\/strong>, r\u00e9parties en plusieurs cat\u00e9gories pour r\u00e9pondre \u00e0 tous les besoins. Les chambres <strong>Easy-Economy<\/strong> sont parfaites pour ceux qui recherchent un s\u00e9jour fonctionnel et abordable. Les chambres <strong>Comfort<\/strong>, plus spacieuses, sont id\u00e9ales pour les couples ou les familles. Les <strong>Junior Suites<\/strong>, souvent dot\u00e9es de vues panoramiques sur Sienne, offrent un s\u00e9jour exclusif.<\/p>\n\n\n\n<figure class=\"wp-block-gallery has-nested-images columns-default is-cropped wp-block-gallery-1 is-layout-flex wp-block-gallery-is-layout-flex\">\n<figure class=\"wp-block-image size-large\"><img loading=\"lazy\" decoding=\"async\" width=\"1024\" height=\"683\" data-id=\"16401\" src=\"https:\/\/www.albergominerva.it\/wp-content\/uploads\/2024\/10\/hotel-minerva-superior-03.jpg\" alt=\"\" class=\"wp-image-16401\" srcset=\"https:\/\/www.albergominerva.it\/wp-content\/uploads\/2024\/10\/hotel-minerva-superior-03.jpg 1024w, https:\/\/www.albergominerva.it\/wp-content\/uploads\/2024\/10\/hotel-minerva-superior-03-300x200.jpg 300w, https:\/\/www.albergominerva.it\/wp-content\/uploads\/2024\/10\/hotel-minerva-superior-03-768x512.jpg 768w, https:\/\/www.albergominerva.it\/wp-content\/uploads\/2024\/10\/hotel-minerva-superior-03-1000x667.jpg 1000w, https:\/\/www.albergominerva.it\/wp-content\/uploads\/2024\/10\/hotel-minerva-superior-03-700x467.jpg 700w\" sizes=\"auto, (max-width: 1024px) 100vw, 1024px\" \/><\/figure>\n\n\n\n<figure class=\"wp-block-image size-large\"><img loading=\"lazy\" decoding=\"async\" width=\"1024\" height=\"683\" data-id=\"16411\" src=\"https:\/\/www.albergominerva.it\/wp-content\/uploads\/2024\/10\/hotel-minerva-superior-04.jpg\" alt=\"\" class=\"wp-image-16411\" srcset=\"https:\/\/www.albergominerva.it\/wp-content\/uploads\/2024\/10\/hotel-minerva-superior-04.jpg 1024w, https:\/\/www.albergominerva.it\/wp-content\/uploads\/2024\/10\/hotel-minerva-superior-04-300x200.jpg 300w, https:\/\/www.albergominerva.it\/wp-content\/uploads\/2024\/10\/hotel-minerva-superior-04-768x512.jpg 768w, https:\/\/www.albergominerva.it\/wp-content\/uploads\/2024\/10\/hotel-minerva-superior-04-1000x667.jpg 1000w, https:\/\/www.albergominerva.it\/wp-content\/uploads\/2024\/10\/hotel-minerva-superior-04-700x467.jpg 700w\" sizes=\"auto, (max-width: 1024px) 100vw, 1024px\" \/><\/figure>\n\n\n\n<figure class=\"wp-block-image size-large\"><img loading=\"lazy\" decoding=\"async\" width=\"1024\" height=\"683\" data-id=\"16349\" src=\"https:\/\/www.albergominerva.it\/wp-content\/uploads\/2024\/10\/hotel-minerva-standard-11.jpg\" alt=\"\" class=\"wp-image-16349\" srcset=\"https:\/\/www.albergominerva.it\/wp-content\/uploads\/2024\/10\/hotel-minerva-standard-11.jpg 1024w, https:\/\/www.albergominerva.it\/wp-content\/uploads\/2024\/10\/hotel-minerva-standard-11-300x200.jpg 300w, https:\/\/www.albergominerva.it\/wp-content\/uploads\/2024\/10\/hotel-minerva-standard-11-768x512.jpg 768w, https:\/\/www.albergominerva.it\/wp-content\/uploads\/2024\/10\/hotel-minerva-standard-11-1000x667.jpg 1000w, https:\/\/www.albergominerva.it\/wp-content\/uploads\/2024\/10\/hotel-minerva-standard-11-700x467.jpg 700w\" sizes=\"auto, (max-width: 1024px) 100vw, 1024px\" \/><\/figure>\n\n\n\n<figure class=\"wp-block-image size-large\"><img loading=\"lazy\" decoding=\"async\" width=\"1024\" height=\"683\" data-id=\"16309\" src=\"https:\/\/www.albergominerva.it\/wp-content\/uploads\/2024\/10\/hotel-minerva-standard-07.jpg\" alt=\"\" class=\"wp-image-16309\" srcset=\"https:\/\/www.albergominerva.it\/wp-content\/uploads\/2024\/10\/hotel-minerva-standard-07.jpg 1024w, https:\/\/www.albergominerva.it\/wp-content\/uploads\/2024\/10\/hotel-minerva-standard-07-300x200.jpg 300w, https:\/\/www.albergominerva.it\/wp-content\/uploads\/2024\/10\/hotel-minerva-standard-07-768x512.jpg 768w, https:\/\/www.albergominerva.it\/wp-content\/uploads\/2024\/10\/hotel-minerva-standard-07-1000x667.jpg 1000w, https:\/\/www.albergominerva.it\/wp-content\/uploads\/2024\/10\/hotel-minerva-standard-07-700x467.jpg 700w\" sizes=\"auto, (max-width: 1024px) 100vw, 1024px\" \/><\/figure>\n\n\n\n<figure class=\"wp-block-image size-large\"><img loading=\"lazy\" decoding=\"async\" width=\"683\" height=\"1024\" data-id=\"16319\" src=\"https:\/\/www.albergominerva.it\/wp-content\/uploads\/2024\/10\/hotel-minerva-standard-08-683x1024.jpg\" alt=\"\" class=\"wp-image-16319\" srcset=\"https:\/\/www.albergominerva.it\/wp-content\/uploads\/2024\/10\/hotel-minerva-standard-08-683x1024.jpg 683w, https:\/\/www.albergominerva.it\/wp-content\/uploads\/2024\/10\/hotel-minerva-standard-08-200x300.jpg 200w, https:\/\/www.albergominerva.it\/wp-content\/uploads\/2024\/10\/hotel-minerva-standard-08-768x1152.jpg 768w, https:\/\/www.albergominerva.it\/wp-content\/uploads\/2024\/10\/hotel-minerva-standard-08-1000x1500.jpg 1000w, https:\/\/www.albergominerva.it\/wp-content\/uploads\/2024\/10\/hotel-minerva-standard-08-700x1050.jpg 700w, https:\/\/www.albergominerva.it\/wp-content\/uploads\/2024\/10\/hotel-minerva-standard-08.jpg 1024w\" sizes=\"auto, (max-width: 683px) 100vw, 683px\" \/><\/figure>\n\n\n\n<figure class=\"wp-block-image size-large\"><img loading=\"lazy\" decoding=\"async\" width=\"1024\" height=\"683\" data-id=\"16299\" src=\"https:\/\/www.albergominerva.it\/wp-content\/uploads\/2024\/10\/hotel-minerva-standard-06.jpg\" alt=\"\" class=\"wp-image-16299\" srcset=\"https:\/\/www.albergominerva.it\/wp-content\/uploads\/2024\/10\/hotel-minerva-standard-06.jpg 1024w, https:\/\/www.albergominerva.it\/wp-content\/uploads\/2024\/10\/hotel-minerva-standard-06-300x200.jpg 300w, https:\/\/www.albergominerva.it\/wp-content\/uploads\/2024\/10\/hotel-minerva-standard-06-768x512.jpg 768w, https:\/\/www.albergominerva.it\/wp-content\/uploads\/2024\/10\/hotel-minerva-standard-06-1000x667.jpg 1000w, https:\/\/www.albergominerva.it\/wp-content\/uploads\/2024\/10\/hotel-minerva-standard-06-700x467.jpg 700w\" sizes=\"auto, (max-width: 1024px) 100vw, 1024px\" \/><\/figure>\n\n\n\n<figure class=\"wp-block-image size-large\"><img loading=\"lazy\" decoding=\"async\" width=\"1024\" height=\"683\" data-id=\"16036\" src=\"https:\/\/www.albergominerva.it\/wp-content\/uploads\/2024\/08\/Hotel-Minerva-2023-011-1-1024x683.jpg\" alt=\"\" class=\"wp-image-16036\" srcset=\"https:\/\/www.albergominerva.it\/wp-content\/uploads\/2024\/08\/Hotel-Minerva-2023-011-1-1024x683.jpg 1024w, https:\/\/www.albergominerva.it\/wp-content\/uploads\/2024\/08\/Hotel-Minerva-2023-011-1-300x200.jpg 300w, https:\/\/www.albergominerva.it\/wp-content\/uploads\/2024\/08\/Hotel-Minerva-2023-011-1-768x512.jpg 768w, https:\/\/www.albergominerva.it\/wp-content\/uploads\/2024\/08\/Hotel-Minerva-2023-011-1-1536x1024.jpg 1536w, https:\/\/www.albergominerva.it\/wp-content\/uploads\/2024\/08\/Hotel-Minerva-2023-011-1-2048x1365.jpg 2048w, https:\/\/www.albergominerva.it\/wp-content\/uploads\/2024\/08\/Hotel-Minerva-2023-011-1-1000x667.jpg 1000w, https:\/\/www.albergominerva.it\/wp-content\/uploads\/2024\/08\/Hotel-Minerva-2023-011-1-700x467.jpg 700w\" sizes=\"auto, (max-width: 1024px) 100vw, 1024px\" \/><\/figure>\n<\/figure>\n\n\n\n<h4 class=\"wp-block-heading\"><strong>Services Exclusifs<\/strong><\/h4>\n\n\n\n<p>Commencez votre journ\u00e9e avec un d\u00e9licieux <strong>petit-d\u00e9jeuner buffet<\/strong>, compos\u00e9 de produits frais italiens et internationaux, parfait pour faire le plein d\u2019\u00e9nergie avant de partir explorer. L\u2019h\u00f4tel dispose \u00e9galement d\u2019un <strong>parking couvert et surveill\u00e9<\/strong>, tr\u00e8s pratique pour ceux qui voyagent en voiture et souhaitent explorer la Toscane en toute s\u00e9r\u00e9nit\u00e9. Profitez du <strong>Wi-Fi gratuit<\/strong> et d\u2019une <strong>salle de conf\u00e9rences enti\u00e8rement \u00e9quip\u00e9e<\/strong>, id\u00e9ale pour les voyageurs d\u2019affaires ou les \u00e9v\u00e9nements priv\u00e9s. Pour les familles et les groupes, l\u2019h\u00f4tel offre des services d\u00e9di\u00e9s comme des lits b\u00e9b\u00e9, des chauffe-biberons et une salle de jeux pour enfants.<\/p>\n\n\n\n<h4 class=\"wp-block-heading\"><strong>Situation Strat\u00e9gique<\/strong><\/h4>\n\n\n\n<p>L\u2019Albergo Minerva est situ\u00e9 \u00e0 proximit\u00e9 de la gare et des principales routes, ce qui en fait un choix parfait pour les voyageurs en train comme en voiture. Sa proximit\u00e9 avec le centre historique permet de visiter facilement les principales attractions de Sienne, comme la Piazza del Campo et la cath\u00e9drale.<\/p>\n\n\n\n<h3 class=\"wp-block-heading\"><strong>Orvieto \u2013 La Ville du D\u00f4me<\/strong><\/h3>\n\n\n\n<p>Sur la route de Rome, un arr\u00eat incontournable est <strong>Orvieto<\/strong>, perch\u00e9e sur une falaise de tuf. Visitez son magnifique <strong>D\u00f4me<\/strong>, dont la fa\u00e7ade est orn\u00e9e de mosa\u00efques, et d\u00e9couvrez le c\u00e9l\u00e8bre fresque du <em>Jugement dernier<\/em>. Descendez dans le <strong>puits de Saint-Patrick<\/strong>, une \u0153uvre d\u2019ing\u00e9nierie extraordinaire, et fl\u00e2nez dans le centre historique pour d\u00e9couvrir des boutiques de c\u00e9ramiques artisanales.<\/p>\n\n\n\n<h3 class=\"wp-block-heading\"><strong>Civita di Bagnoregio \u2013 La Cit\u00e9 qui Meurt<\/strong><\/h3>\n\n\n\n<p>\u00c0 quelques kilom\u00e8tres d\u2019Orvieto, arr\u00eatez-vous \u00e0 <strong>Civita di Bagnoregio<\/strong>, un village unique accessible uniquement par une passerelle pi\u00e9tonne. Connue comme la \u00ab\u00a0cit\u00e9 qui meurt\u00a0\u00bb en raison de l\u2019\u00e9rosion de son sol, elle offre une atmosph\u00e8re magique et des vues imprenables sur la vall\u00e9e des Calanchi.<\/p>\n\n\n\n<h3 class=\"wp-block-heading\"><strong>Viterbo \u2013 La Ville des Papes<\/strong><\/h3>\n\n\n\n<p>En continuant vers le sud, faites une halte \u00e0 <strong>Viterbo<\/strong>, c\u00e9l\u00e8bre pour son quartier m\u00e9di\u00e9val de <strong>San Pellegrino<\/strong> et ses <strong>Thermes des Papes<\/strong>, parfaits pour une pause d\u00e9tente. Visitez le <strong>Palais des Papes<\/strong> et la <strong>Cath\u00e9drale San Lorenzo<\/strong>.<\/p>\n\n\n\n<h3 class=\"wp-block-heading\"><strong>Conseils de Voyage<\/strong><\/h3>\n\n\n\n<p>Voyager en voiture est id\u00e9al pour explorer les villages moins accessibles, tandis que le train est une option pratique pour rejoindre les grandes villes. Ne manquez pas de go\u00fbter les sp\u00e9cialit\u00e9s locales, comme le <strong>pecorino toscan<\/strong>, le <strong>Brunello di Montalcino<\/strong>, les vins ombriens et les classiques romains comme le <strong>cacio e pepe<\/strong>. Pr\u00e9voir au moins 4 \u00e0 5 heures par \u00e9tape permet de pleinement appr\u00e9cier la beaut\u00e9 de chaque lieu.<\/p>\n\n\n\n<p>Avec un s\u00e9jour \u00e0 l\u2019<strong>Albergo Minerva<\/strong> et en suivant cet itin\u00e9raire, votre voyage de Sienne \u00e0 Rome deviendra une aventure inoubliable, entre histoire, nature et saveurs authentiques.<\/p>\n","protected":false},"excerpt":{"rendered":"<p>Voyager de Sienne \u00e0 Rome est bien plus qu\u2019un simple trajet : c\u2019est une opportunit\u00e9 pour d\u00e9couvrir certaines des r\u00e9gions<\/p>\n","protected":false},"author":3,"featured_media":0,"parent":0,"menu_order":0,"comment_status":"closed","ping_status":"closed","template":"","meta":{"_acf_changed":false,"footnotes":""},"class_list":["post-17763","page","type-page","status-publish","hentry"],"acf":[],"yoast_head":"<!-- This site is optimized with the Yoast SEO plugin v26.4 - https:\/\/yoast.com\/wordpress\/plugins\/seo\/ -->\n<title>Que Voir Entre Sienne et Rome ? - Hotel Minerva Siena<\/title>\n<meta name=\"robots\" content=\"index, follow, max-snippet:-1, max-image-preview:large, max-video-preview:-1\" \/>\n<link rel=\"canonical\" href=\"https:\/\/www.albergominerva.it\/fr\/que-voir-entre-sienne-et-rome\/\" \/>\n<meta property=\"og:locale\" content=\"fr_FR\" \/>\n<meta property=\"og:type\" content=\"article\" \/>\n<meta property=\"og:title\" content=\"Que Voir Entre Sienne et Rome ? - Hotel Minerva Siena\" \/>\n<meta property=\"og:description\" content=\"Voyager de Sienne \u00e0 Rome est bien plus qu\u2019un simple trajet : c\u2019est une opportunit\u00e9 pour d\u00e9couvrir certaines des r\u00e9gions\" \/>\n<meta property=\"og:url\" content=\"https:\/\/www.albergominerva.it\/fr\/que-voir-entre-sienne-et-rome\/\" \/>\n<meta property=\"og:site_name\" content=\"Hotel Minerva Siena\" \/>\n<meta property=\"article:modified_time\" content=\"2024-12-18T09:48:24+00:00\" \/>\n<meta property=\"og:image\" content=\"https:\/\/www.albergominerva.it\/wp-content\/uploads\/2024\/10\/hotel-minerva-superior-03.jpg\" \/>\n<meta name=\"twitter:card\" content=\"summary_large_image\" \/>\n<meta name=\"twitter:label1\" content=\"Dur\u00e9e de lecture estim\u00e9e\" \/>\n\t<meta name=\"twitter:data1\" content=\"6 minutes\" \/>\n<script type=\"application\/ld+json\" class=\"yoast-schema-graph\">{\"@context\":\"https:\/\/schema.org\",\"@graph\":[{\"@type\":\"WebPage\",\"@id\":\"https:\/\/www.albergominerva.it\/fr\/que-voir-entre-sienne-et-rome\/\",\"url\":\"https:\/\/www.albergominerva.it\/fr\/que-voir-entre-sienne-et-rome\/\",\"name\":\"Que Voir Entre Sienne et Rome ? - Hotel Minerva Siena\",\"isPartOf\":{\"@id\":\"https:\/\/www.albergominerva.it\/fr\/#website\"},\"primaryImageOfPage\":{\"@id\":\"https:\/\/www.albergominerva.it\/fr\/que-voir-entre-sienne-et-rome\/#primaryimage\"},\"image\":{\"@id\":\"https:\/\/www.albergominerva.it\/fr\/que-voir-entre-sienne-et-rome\/#primaryimage\"},\"thumbnailUrl\":\"https:\/\/www.albergominerva.it\/wp-content\/uploads\/2024\/10\/hotel-minerva-superior-03.jpg\",\"datePublished\":\"2024-12-18T09:48:23+00:00\",\"dateModified\":\"2024-12-18T09:48:24+00:00\",\"breadcrumb\":{\"@id\":\"https:\/\/www.albergominerva.it\/fr\/que-voir-entre-sienne-et-rome\/#breadcrumb\"},\"inLanguage\":\"fr-FR\",\"potentialAction\":[{\"@type\":\"ReadAction\",\"target\":[\"https:\/\/www.albergominerva.it\/fr\/que-voir-entre-sienne-et-rome\/\"]}]},{\"@type\":\"ImageObject\",\"inLanguage\":\"fr-FR\",\"@id\":\"https:\/\/www.albergominerva.it\/fr\/que-voir-entre-sienne-et-rome\/#primaryimage\",\"url\":\"https:\/\/www.albergominerva.it\/wp-content\/uploads\/2024\/10\/hotel-minerva-superior-03.jpg\",\"contentUrl\":\"https:\/\/www.albergominerva.it\/wp-content\/uploads\/2024\/10\/hotel-minerva-superior-03.jpg\"},{\"@type\":\"BreadcrumbList\",\"@id\":\"https:\/\/www.albergominerva.it\/fr\/que-voir-entre-sienne-et-rome\/#breadcrumb\",\"itemListElement\":[{\"@type\":\"ListItem\",\"position\":1,\"name\":\"Home\",\"item\":\"https:\/\/www.albergominerva.it\/fr\/\"},{\"@type\":\"ListItem\",\"position\":2,\"name\":\"Que Voir Entre Sienne et Rome ?\"}]},{\"@type\":\"WebSite\",\"@id\":\"https:\/\/www.albergominerva.it\/fr\/#website\",\"url\":\"https:\/\/www.albergominerva.it\/fr\/\",\"name\":\"Hotel Minerva Siena\",\"description\":\"Hotel in Centro Storico a Siena - Toscana - Italy\",\"potentialAction\":[{\"@type\":\"SearchAction\",\"target\":{\"@type\":\"EntryPoint\",\"urlTemplate\":\"https:\/\/www.albergominerva.it\/fr\/?s={search_term_string}\"},\"query-input\":{\"@type\":\"PropertyValueSpecification\",\"valueRequired\":true,\"valueName\":\"search_term_string\"}}],\"inLanguage\":\"fr-FR\"}]}<\/script>\n<!-- \/ Yoast SEO plugin. -->","yoast_head_json":{"title":"Que Voir Entre Sienne et Rome ? - Hotel Minerva Siena","robots":{"index":"index","follow":"follow","max-snippet":"max-snippet:-1","max-image-preview":"max-image-preview:large","max-video-preview":"max-video-preview:-1"},"canonical":"https:\/\/www.albergominerva.it\/fr\/que-voir-entre-sienne-et-rome\/","og_locale":"fr_FR","og_type":"article","og_title":"Que Voir Entre Sienne et Rome ? - Hotel Minerva Siena","og_description":"Voyager de Sienne \u00e0 Rome est bien plus qu\u2019un simple trajet : c\u2019est une opportunit\u00e9 pour d\u00e9couvrir certaines des r\u00e9gions","og_url":"https:\/\/www.albergominerva.it\/fr\/que-voir-entre-sienne-et-rome\/","og_site_name":"Hotel Minerva Siena","article_modified_time":"2024-12-18T09:48:24+00:00","og_image":[{"url":"https:\/\/www.albergominerva.it\/wp-content\/uploads\/2024\/10\/hotel-minerva-superior-03.jpg","type":"","width":"","height":""}],"twitter_card":"summary_large_image","twitter_misc":{"Dur\u00e9e de lecture estim\u00e9e":"6 minutes"},"schema":{"@context":"https:\/\/schema.org","@graph":[{"@type":"WebPage","@id":"https:\/\/www.albergominerva.it\/fr\/que-voir-entre-sienne-et-rome\/","url":"https:\/\/www.albergominerva.it\/fr\/que-voir-entre-sienne-et-rome\/","name":"Que Voir Entre Sienne et Rome ? - Hotel Minerva Siena","isPartOf":{"@id":"https:\/\/www.albergominerva.it\/fr\/#website"},"primaryImageOfPage":{"@id":"https:\/\/www.albergominerva.it\/fr\/que-voir-entre-sienne-et-rome\/#primaryimage"},"image":{"@id":"https:\/\/www.albergominerva.it\/fr\/que-voir-entre-sienne-et-rome\/#primaryimage"},"thumbnailUrl":"https:\/\/www.albergominerva.it\/wp-content\/uploads\/2024\/10\/hotel-minerva-superior-03.jpg","datePublished":"2024-12-18T09:48:23+00:00","dateModified":"2024-12-18T09:48:24+00:00","breadcrumb":{"@id":"https:\/\/www.albergominerva.it\/fr\/que-voir-entre-sienne-et-rome\/#breadcrumb"},"inLanguage":"fr-FR","potentialAction":[{"@type":"ReadAction","target":["https:\/\/www.albergominerva.it\/fr\/que-voir-entre-sienne-et-rome\/"]}]},{"@type":"ImageObject","inLanguage":"fr-FR","@id":"https:\/\/www.albergominerva.it\/fr\/que-voir-entre-sienne-et-rome\/#primaryimage","url":"https:\/\/www.albergominerva.it\/wp-content\/uploads\/2024\/10\/hotel-minerva-superior-03.jpg","contentUrl":"https:\/\/www.albergominerva.it\/wp-content\/uploads\/2024\/10\/hotel-minerva-superior-03.jpg"},{"@type":"BreadcrumbList","@id":"https:\/\/www.albergominerva.it\/fr\/que-voir-entre-sienne-et-rome\/#breadcrumb","itemListElement":[{"@type":"ListItem","position":1,"name":"Home","item":"https:\/\/www.albergominerva.it\/fr\/"},{"@type":"ListItem","position":2,"name":"Que Voir Entre Sienne et Rome ?"}]},{"@type":"WebSite","@id":"https:\/\/www.albergominerva.it\/fr\/#website","url":"https:\/\/www.albergominerva.it\/fr\/","name":"Hotel Minerva Siena","description":"Hotel in Centro Storico a Siena - Toscana - Italy","potentialAction":[{"@type":"SearchAction","target":{"@type":"EntryPoint","urlTemplate":"https:\/\/www.albergominerva.it\/fr\/?s={search_term_string}"},"query-input":{"@type":"PropertyValueSpecification","valueRequired":true,"valueName":"search_term_string"}}],"inLanguage":"fr-FR"}]}},"_links":{"self":[{"href":"https:\/\/www.albergominerva.it\/fr\/wp-json\/wp\/v2\/pages\/17763","targetHints":{"allow":["GET"]}}],"collection":[{"href":"https:\/\/www.albergominerva.it\/fr\/wp-json\/wp\/v2\/pages"}],"about":[{"href":"https:\/\/www.albergominerva.it\/fr\/wp-json\/wp\/v2\/types\/page"}],"author":[{"embeddable":true,"href":"https:\/\/www.albergominerva.it\/fr\/wp-json\/wp\/v2\/users\/3"}],"replies":[{"embeddable":true,"href":"https:\/\/www.albergominerva.it\/fr\/wp-json\/wp\/v2\/comments?post=17763"}],"version-history":[{"count":1,"href":"https:\/\/www.albergominerva.it\/fr\/wp-json\/wp\/v2\/pages\/17763\/revisions"}],"predecessor-version":[{"id":17764,"href":"https:\/\/www.albergominerva.it\/fr\/wp-json\/wp\/v2\/pages\/17763\/revisions\/17764"}],"wp:attachment":[{"href":"https:\/\/www.albergominerva.it\/fr\/wp-json\/wp\/v2\/media?parent=17763"}],"curies":[{"name":"wp","href":"https:\/\/api.w.org\/{rel}","templated":true}]}}