{"id":22453,"date":"2026-02-20T16:05:08","date_gmt":"2026-02-20T15:05:08","guid":{"rendered":"https:\/\/www.albergominerva.it\/?page_id=22453"},"modified":"2026-02-20T16:05:10","modified_gmt":"2026-02-20T15:05:10","slug":"albergo-minerva-votre-hotel-ideal-au-coeur-de-sienne","status":"publish","type":"page","link":"https:\/\/www.albergominerva.it\/fr\/albergo-minerva-votre-hotel-ideal-au-coeur-de-sienne\/","title":{"rendered":"Albergo Minerva : Votre h\u00f4tel id\u00e9al au c\u0153ur de Sienne"},"content":{"rendered":"\n<p>Situ\u00e9 \u00e0 quelques minutes \u00e0 pied du centre historique, <strong>l\u2019Albergo Minerva<\/strong> est l\u2019adresse parfaite pour d\u00e9couvrir Sienne dans toute son authenticit\u00e9. Gr\u00e2ce \u00e0 sa position strat\u00e9gique, ses terrasses panoramiques avec vue sur la campagne toscane et son parking priv\u00e9 (un v\u00e9ritable avantage en centre-ville), l\u2019h\u00f4tel offre un s\u00e9jour confortable et pratique pour les voyageurs en qu\u00eate d\u2019histoire, d\u2019art et de traditions.<\/p>\n\n\n\n<p>Que vous planifiez un week-end culturel ou un s\u00e9jour plus long, d\u00e9couvrez <strong><a href=\"https:\/\/www.albergominerva.it\/fr\/sienne-et-ses-environs-en-4-jours-les-meilleures-choses-a-voir\/\">Sienne et ses environs en 4 jours : les meilleures choses \u00e0 voir<\/a><\/strong> et profitez d\u2019un emplacement id\u00e9al pour explorer la ville.<\/p>\n\n\n<div style=\"display:flex; justify-content:center;\">\n\n\n<figure class=\"wp-block-embed is-type-video is-provider-youtube wp-block-embed-youtube wp-embed-aspect-16-9 wp-has-aspect-ratio\"><div class=\"wp-block-embed__wrapper\">\n<iframe loading=\"lazy\" title=\"Hotel Minerva   Full 4K ITA\" width=\"500\" height=\"281\" src=\"https:\/\/www.youtube.com\/embed\/AW3LygfbUKw?feature=oembed\" frameborder=\"0\" allow=\"accelerometer; autoplay; clipboard-write; encrypted-media; gyroscope; picture-in-picture; web-share\" referrerpolicy=\"strict-origin-when-cross-origin\" allowfullscreen><\/iframe>\n<\/div><\/figure>\n\n\n<\/div>\n\n\n<hr class=\"wp-block-separator has-alpha-channel-opacity\"\/>\n\n\n\n<h2 class=\"wp-block-heading\">\u00c0 deux pas de la Piazza del Campo<\/h2>\n\n\n\n<p>Depuis l\u2019Albergo Minerva, vous rejoignez facilement la c\u00e9l\u00e8bre <strong><a href=\"https:\/\/www.albergominerva.it\/fr\/piazza-del-campo-histoire-et-curiosites-de-la-plus-belle-place-ditalie\/\">Piazza del Campo : histoire et curiosit\u00e9s de la plus belle place d\u2019Italie<\/a><\/strong>, c\u0153ur battant de Sienne et th\u00e9\u00e2tre du c\u00e9l\u00e8bre Palio.<\/p>\n\n\n\n<figure class=\"wp-block-gallery has-nested-images columns-default is-cropped wp-block-gallery-1 is-layout-flex wp-block-gallery-is-layout-flex\">\n<figure class=\"wp-block-image size-large\"><img loading=\"lazy\" decoding=\"async\" width=\"759\" height=\"1024\" data-id=\"19157\" src=\"https:\/\/www.albergominerva.it\/wp-content\/uploads\/2025\/02\/20241130_113503-759x1024.jpg\" alt=\"\" class=\"wp-image-19157\" srcset=\"https:\/\/www.albergominerva.it\/wp-content\/uploads\/2025\/02\/20241130_113503-759x1024.jpg 759w, https:\/\/www.albergominerva.it\/wp-content\/uploads\/2025\/02\/20241130_113503-222x300.jpg 222w, https:\/\/www.albergominerva.it\/wp-content\/uploads\/2025\/02\/20241130_113503-768x1036.jpg 768w, https:\/\/www.albergominerva.it\/wp-content\/uploads\/2025\/02\/20241130_113503-1000x1349.jpg 1000w, https:\/\/www.albergominerva.it\/wp-content\/uploads\/2025\/02\/20241130_113503-700x944.jpg 700w, https:\/\/www.albergominerva.it\/wp-content\/uploads\/2025\/02\/20241130_113503.jpg 1024w\" sizes=\"auto, (max-width: 759px) 100vw, 759px\" \/><\/figure>\n\n\n\n<figure class=\"wp-block-image size-large\"><img loading=\"lazy\" decoding=\"async\" width=\"1024\" height=\"682\" data-id=\"15768\" src=\"https:\/\/www.albergominerva.it\/wp-content\/uploads\/2024\/08\/Camere-Hotel-Minerva-001-1024x682.jpg\" alt=\"\" class=\"wp-image-15768\" srcset=\"https:\/\/www.albergominerva.it\/wp-content\/uploads\/2024\/08\/Camere-Hotel-Minerva-001-1024x682.jpg 1024w, https:\/\/www.albergominerva.it\/wp-content\/uploads\/2024\/08\/Camere-Hotel-Minerva-001-300x200.jpg 300w, https:\/\/www.albergominerva.it\/wp-content\/uploads\/2024\/08\/Camere-Hotel-Minerva-001-768x512.jpg 768w, https:\/\/www.albergominerva.it\/wp-content\/uploads\/2024\/08\/Camere-Hotel-Minerva-001-1536x1024.jpg 1536w, https:\/\/www.albergominerva.it\/wp-content\/uploads\/2024\/08\/Camere-Hotel-Minerva-001-2048x1365.jpg 2048w, https:\/\/www.albergominerva.it\/wp-content\/uploads\/2024\/08\/Camere-Hotel-Minerva-001-1000x666.jpg 1000w, https:\/\/www.albergominerva.it\/wp-content\/uploads\/2024\/08\/Camere-Hotel-Minerva-001-700x466.jpg 700w\" sizes=\"auto, (max-width: 1024px) 100vw, 1024px\" \/><\/figure>\n\n\n\n<figure class=\"wp-block-image size-large\"><img loading=\"lazy\" decoding=\"async\" width=\"1024\" height=\"682\" data-id=\"15684\" src=\"https:\/\/www.albergominerva.it\/wp-content\/uploads\/2024\/08\/Camere-Hotel-Minerva-015-1024x682.jpg\" alt=\"\" class=\"wp-image-15684\" srcset=\"https:\/\/www.albergominerva.it\/wp-content\/uploads\/2024\/08\/Camere-Hotel-Minerva-015-1024x682.jpg 1024w, https:\/\/www.albergominerva.it\/wp-content\/uploads\/2024\/08\/Camere-Hotel-Minerva-015-300x200.jpg 300w, https:\/\/www.albergominerva.it\/wp-content\/uploads\/2024\/08\/Camere-Hotel-Minerva-015-768x512.jpg 768w, https:\/\/www.albergominerva.it\/wp-content\/uploads\/2024\/08\/Camere-Hotel-Minerva-015-1536x1024.jpg 1536w, https:\/\/www.albergominerva.it\/wp-content\/uploads\/2024\/08\/Camere-Hotel-Minerva-015-2048x1365.jpg 2048w, https:\/\/www.albergominerva.it\/wp-content\/uploads\/2024\/08\/Camere-Hotel-Minerva-015-1000x666.jpg 1000w, https:\/\/www.albergominerva.it\/wp-content\/uploads\/2024\/08\/Camere-Hotel-Minerva-015-700x466.jpg 700w\" sizes=\"auto, (max-width: 1024px) 100vw, 1024px\" \/><\/figure>\n\n\n\n<figure class=\"wp-block-image size-large\"><img loading=\"lazy\" decoding=\"async\" width=\"1024\" height=\"682\" data-id=\"15726\" src=\"https:\/\/www.albergominerva.it\/wp-content\/uploads\/2024\/08\/Camere-Hotel-Minerva-022-1024x682.jpg\" alt=\"\" class=\"wp-image-15726\" srcset=\"https:\/\/www.albergominerva.it\/wp-content\/uploads\/2024\/08\/Camere-Hotel-Minerva-022-1024x682.jpg 1024w, https:\/\/www.albergominerva.it\/wp-content\/uploads\/2024\/08\/Camere-Hotel-Minerva-022-300x200.jpg 300w, https:\/\/www.albergominerva.it\/wp-content\/uploads\/2024\/08\/Camere-Hotel-Minerva-022-768x512.jpg 768w, https:\/\/www.albergominerva.it\/wp-content\/uploads\/2024\/08\/Camere-Hotel-Minerva-022-1536x1024.jpg 1536w, https:\/\/www.albergominerva.it\/wp-content\/uploads\/2024\/08\/Camere-Hotel-Minerva-022-2048x1365.jpg 2048w, https:\/\/www.albergominerva.it\/wp-content\/uploads\/2024\/08\/Camere-Hotel-Minerva-022-1000x666.jpg 1000w, https:\/\/www.albergominerva.it\/wp-content\/uploads\/2024\/08\/Camere-Hotel-Minerva-022-700x466.jpg 700w\" sizes=\"auto, (max-width: 1024px) 100vw, 1024px\" \/><\/figure>\n\n\n\n<figure class=\"wp-block-image size-large\"><img loading=\"lazy\" decoding=\"async\" width=\"1024\" height=\"683\" data-id=\"1510\" src=\"https:\/\/www.albergominerva.it\/wp-content\/uploads\/2016\/02\/Camere-Elegant-Vista-Hotel-Siena-Centro-002-1024x683.jpg\" alt=\"Camere Elegant Vista Hotel Siena Centro\" class=\"wp-image-1510\" srcset=\"https:\/\/www.albergominerva.it\/wp-content\/uploads\/2016\/02\/Camere-Elegant-Vista-Hotel-Siena-Centro-002.jpg 1024w, https:\/\/www.albergominerva.it\/wp-content\/uploads\/2016\/02\/Camere-Elegant-Vista-Hotel-Siena-Centro-002-300x200.jpg 300w\" sizes=\"auto, (max-width: 1024px) 100vw, 1024px\" \/><\/figure>\n\n\n\n<figure class=\"wp-block-image size-large\"><img loading=\"lazy\" decoding=\"async\" width=\"1024\" height=\"683\" data-id=\"732\" src=\"https:\/\/www.albergominerva.it\/wp-content\/uploads\/2016\/03\/Camere-Elegant-Vista-Hotel-Siena-Centro-02-1024x683.jpg\" alt=\"\" class=\"wp-image-732\" srcset=\"https:\/\/www.albergominerva.it\/wp-content\/uploads\/2016\/03\/Camere-Elegant-Vista-Hotel-Siena-Centro-02.jpg 1024w, https:\/\/www.albergominerva.it\/wp-content\/uploads\/2016\/03\/Camere-Elegant-Vista-Hotel-Siena-Centro-02-300x200.jpg 300w, https:\/\/www.albergominerva.it\/wp-content\/uploads\/2016\/03\/Camere-Elegant-Vista-Hotel-Siena-Centro-02-768x512.jpg 768w\" sizes=\"auto, (max-width: 1024px) 100vw, 1024px\" \/><\/figure>\n\n\n\n<figure class=\"wp-block-image size-large\"><img loading=\"lazy\" decoding=\"async\" width=\"1024\" height=\"683\" data-id=\"656\" src=\"https:\/\/www.albergominerva.it\/wp-content\/uploads\/2016\/02\/Hotel-Vista-Siena-Centro-02-1024x683.jpg\" alt=\"Camere con Vista Hotel Siena Centro\" class=\"wp-image-656\" srcset=\"https:\/\/www.albergominerva.it\/wp-content\/uploads\/2016\/02\/Hotel-Vista-Siena-Centro-02.jpg 1024w, https:\/\/www.albergominerva.it\/wp-content\/uploads\/2016\/02\/Hotel-Vista-Siena-Centro-02-300x200.jpg 300w, https:\/\/www.albergominerva.it\/wp-content\/uploads\/2016\/02\/Hotel-Vista-Siena-Centro-02-768x512.jpg 768w\" sizes=\"auto, (max-width: 1024px) 100vw, 1024px\" \/><\/figure>\n\n\n\n<figure class=\"wp-block-image size-large\"><img loading=\"lazy\" decoding=\"async\" width=\"700\" height=\"467\" data-id=\"243\" src=\"https:\/\/www.albergominerva.it\/wp-content\/uploads\/2016\/01\/Camere.jpg\" alt=\"\" class=\"wp-image-243\" srcset=\"https:\/\/www.albergominerva.it\/wp-content\/uploads\/2016\/01\/Camere.jpg 700w, https:\/\/www.albergominerva.it\/wp-content\/uploads\/2016\/01\/Camere-300x200.jpg 300w\" sizes=\"auto, (max-width: 700px) 100vw, 700px\" \/><\/figure>\n<\/figure>\n\n\n\n<p>Admirez la magnifique <strong><a href=\"https:\/\/www.albergominerva.it\/fr\/fonte-gaia-histoire-et-curiosites-de-la-fontaine-de-la-piazza-del-campo-de-sienne\/\">Fonte Gaia : histoire et curiosit\u00e9s de la fontaine de la Piazza del Campo de Sienne<\/a><\/strong> et visitez le majestueux <strong><a href=\"https:\/\/www.albergominerva.it\/fr\/palais-public-de-sienne-guide-du-visiteur\/\">Palais Public de Sienne : guide du visiteur<\/a><\/strong>.<\/p>\n\n\n\n<p>Si vous recherchez un s\u00e9jour strat\u00e9gique \u00e0 proximit\u00e9 de la place principale, consultez \u00e9galement le guide des <strong><a href=\"https:\/\/www.albergominerva.it\/fr\/meilleurs-hotels-pres-de-la-piazza-del-campo-sienne\/\">meilleurs h\u00f4tels pr\u00e8s de la Piazza del Campo \u00e0 Sienne<\/a><\/strong>.<\/p>\n\n\n\n<hr class=\"wp-block-separator has-alpha-channel-opacity\"\/>\n\n\n\n<h2 class=\"wp-block-heading\">Le Duomo et les tr\u00e9sors artistiques<\/h2>\n\n\n\n<p>Aucun s\u00e9jour \u00e0 Sienne ne serait complet sans la visite de la spectaculaire <strong><a href=\"https:\/\/www.albergominerva.it\/fr\/cathedrale-de-sienne-horaires-douverture-billets-et-chefs-doeuvre\/\">Cath\u00e9drale de Sienne : horaires d\u2019ouverture, billets et chefs-d\u2019\u0153uvre<\/a><\/strong>.<\/p>\n\n\n\n<p>Pr\u00e9parez votre visite gr\u00e2ce au guide complet du <strong><a href=\"https:\/\/www.albergominerva.it\/fr\/duomo-de-sienne-horaires-douverture-billets-et-incontournables\/\">Duomo de Sienne : horaires d\u2019ouverture, billets et incontournables<\/a><\/strong> et d\u00e9couvrez \u00e9galement la beaut\u00e9 de l\u2019<strong><a href=\"https:\/\/www.albergominerva.it\/fr\/eglise-de-san-domenico-a-sienne-histoire-et-oeuvres-dart-a-admirer\/\">\u00c9glise de San Domenico \u00e0 Sienne : histoire et \u0153uvres d\u2019art \u00e0 admirer<\/a><\/strong>.<\/p>\n\n\n\n<hr class=\"wp-block-separator has-alpha-channel-opacity\"\/>\n\n\n\n<h2 class=\"wp-block-heading\">Mus\u00e9es et culture pour tous<\/h2>\n\n\n\n<p>Les amateurs d\u2019art et d\u2019histoire appr\u00e9cieront le riche patrimoine mus\u00e9al de la ville :<\/p>\n\n\n\n<ul class=\"wp-block-list\">\n<li>Le <strong><a href=\"https:\/\/www.albergominerva.it\/fr\/musee-archeologique-national-de-sienne-que-voir-et-pourquoi-il-faut-le-visiter\/\">Mus\u00e9e arch\u00e9ologique national de Sienne : que voir et pourquoi il faut le visiter<\/a><\/strong><\/li>\n\n\n\n<li>Le <strong><a href=\"https:\/\/www.albergominerva.it\/fr\/musee-diocesain-de-sienne-art-sacre-et-tresors-caches\/\">Mus\u00e9e dioc\u00e9sain de Sienne : art sacr\u00e9 et tr\u00e9sors cach\u00e9s<\/a><\/strong><\/li>\n\n\n\n<li>Le <strong><a href=\"https:\/\/www.albergominerva.it\/fr\/musee-de-lhopital-santa-maria-della-scala-pour-les-familles-avec-enfants\/\">Mus\u00e9e de l\u2019H\u00f4pital Santa Maria della Scala pour les familles avec enfants<\/a><\/strong><\/li>\n\n\n\n<li>Le fascinant <strong><a href=\"https:\/\/www.albergominerva.it\/fr\/musee-dhistoire-naturelle-de-lacademie-des-fisiocritici-curiosites-et-collections\/\">Mus\u00e9e d\u2019histoire naturelle de l\u2019Acad\u00e9mie des Fisiocritici : curiosit\u00e9s et collections<\/a><\/strong><\/li>\n\n\n\n<li>Et sa version d\u00e9taill\u00e9e : <strong><a href=\"https:\/\/www.albergominerva.it\/fr\/musee-dhistoire-naturelle-de-lacademie-des-fisiocritici-curiosites-et-collections-2\/\">Mus\u00e9e d\u2019histoire naturelle de l\u2019Acad\u00e9mie des Fisiocritici : curiosit\u00e9s et collections (guide complet)<\/a><\/strong><\/li>\n<\/ul>\n\n\n\n<hr class=\"wp-block-separator has-alpha-channel-opacity\"\/>\n\n\n\n<h2 class=\"wp-block-heading\">Les Contrade et la tradition du Palio<\/h2>\n\n\n\n<p>S\u00e9journer \u00e0 l\u2019Albergo Minerva signifie aussi plonger dans l\u2019\u00e2me la plus authentique de Sienne : celle des Contrade.<\/p>\n\n\n\n<p>D\u00e9couvrez l\u2019histoire et les traditions de la <strong><a href=\"https:\/\/www.albergominerva.it\/fr\/contrada-della-civetta-histoire-traditions-musee-et-palio-remportes\/\">Contrada della Civetta : histoire, traditions, mus\u00e9e et Palio remport\u00e9s<\/a><\/strong>, de la <strong><a href=\"https:\/\/www.albergominerva.it\/fr\/contrada-del-drago-histoire-traditions-musee-et-palios-remportes\/\">Contrada del Drago : histoire, traditions, mus\u00e9e et Palios remport\u00e9s<\/a><\/strong> et sa version approfondie <strong><a href=\"https:\/\/www.albergominerva.it\/fr\/contrada-del-drago-histoire-traditions-musee-et-palios-remportes-2\/\">Contrada del Drago : histoire, traditions, mus\u00e9e et Palios remport\u00e9s (2)<\/a><\/strong>.<\/p>\n\n\n\n<p>Explorez \u00e9galement la fascinante <strong><a href=\"https:\/\/www.albergominerva.it\/fr\/nobile-contrada-del-bruco-histoire-traditions-musee-et-palios-remportes\/\">Nobile Contrada del Bruco : histoire, traditions, mus\u00e9e et Palios remport\u00e9s<\/a><\/strong>, gardienne de si\u00e8cles de passion et de rivalit\u00e9s historiques.<\/p>\n\n\n\n<hr class=\"wp-block-separator has-alpha-channel-opacity\"\/>\n\n\n\n<h2 class=\"wp-block-heading\">Architecture et portes historiques<\/h2>\n\n\n\n<p>En arrivant \u00e0 Sienne, ne manquez pas de franchir la majestueuse <strong><a href=\"https:\/\/www.albergominerva.it\/fr\/porta-camollia-et-les-autres-portes-historiques-de-sienne\/\">Porta Camollia et les autres portes historiques de Sienne<\/a><\/strong>, symbole de l\u2019ancienne ville fortifi\u00e9e.<\/p>\n\n\n\n<p>Promenez-vous ensuite jusqu\u2019\u00e0 la splendide <strong><a href=\"https:\/\/www.albergominerva.it\/fr\/loggia-della-mercanzia-histoire-et-art-de-la-renaissance-a-sienne\/\">Loggia della Mercanzia : histoire et art de la Renaissance \u00e0 Sienne<\/a><\/strong>, v\u00e9ritable joyau architectural.<\/p>\n\n\n\n<hr class=\"wp-block-separator has-alpha-channel-opacity\"\/>\n\n\n\n<h2 class=\"wp-block-heading\">Pourquoi choisir l\u2019Albergo Minerva ?<\/h2>\n\n\n\n<p>En choisissant l\u2019Albergo Minerva, vous b\u00e9n\u00e9ficiez :<\/p>\n\n\n\n<ul class=\"wp-block-list\">\n<li>D\u2019un emplacement strat\u00e9gique proche du centre historique<\/li>\n\n\n\n<li>De chambres confortables et lumineuses<\/li>\n\n\n\n<li>D\u2019un parking priv\u00e9 rare \u00e0 Sienne<\/li>\n\n\n\n<li>D\u2019une vue panoramique sur la campagne toscane<\/li>\n\n\n\n<li>D\u2019un accueil chaleureux et familial<\/li>\n<\/ul>\n\n\n\n<p>Que vous veniez pour un week-end romantique, un s\u00e9jour culturel ou pour vivre l\u2019\u00e9motion du Palio, l\u2019Albergo Minerva est le point de d\u00e9part id\u00e9al pour d\u00e9couvrir toutes les merveilles de Sienne.<\/p>\n\n\n\n<p>R\u00e9servez votre s\u00e9jour et vivez l\u2019exp\u00e9rience unique d\u2019une ville m\u00e9di\u00e9vale class\u00e9e au patrimoine mondial de l\u2019UNESCO, depuis un h\u00f4tel qui allie confort, tradition et hospitalit\u00e9 toscane.<\/p>\n","protected":false},"excerpt":{"rendered":"<p>Situ\u00e9 \u00e0 quelques minutes \u00e0 pied du centre historique, l\u2019Albergo Minerva est l\u2019adresse parfaite pour d\u00e9couvrir Sienne dans toute son<\/p>\n","protected":false},"author":3,"featured_media":0,"parent":0,"menu_order":0,"comment_status":"closed","ping_status":"closed","template":"","meta":{"_acf_changed":false,"footnotes":""},"class_list":["post-22453","page","type-page","status-publish","hentry"],"acf":[],"yoast_head":"<!-- This site is optimized with the Yoast SEO plugin v26.4 - https:\/\/yoast.com\/wordpress\/plugins\/seo\/ -->\n<title>Albergo Minerva : Votre h\u00f4tel id\u00e9al au c\u0153ur de Sienne - Hotel Minerva Siena<\/title>\n<meta name=\"robots\" content=\"index, follow, max-snippet:-1, max-image-preview:large, max-video-preview:-1\" \/>\n<link rel=\"canonical\" href=\"https:\/\/www.albergominerva.it\/fr\/albergo-minerva-votre-hotel-ideal-au-coeur-de-sienne\/\" \/>\n<meta property=\"og:locale\" content=\"fr_FR\" \/>\n<meta property=\"og:type\" content=\"article\" \/>\n<meta property=\"og:title\" content=\"Albergo Minerva : Votre h\u00f4tel id\u00e9al au c\u0153ur de Sienne - Hotel Minerva Siena\" \/>\n<meta property=\"og:description\" content=\"Situ\u00e9 \u00e0 quelques minutes \u00e0 pied du centre historique, l\u2019Albergo Minerva est l\u2019adresse parfaite pour d\u00e9couvrir Sienne dans toute son\" \/>\n<meta property=\"og:url\" content=\"https:\/\/www.albergominerva.it\/fr\/albergo-minerva-votre-hotel-ideal-au-coeur-de-sienne\/\" \/>\n<meta property=\"og:site_name\" content=\"Hotel Minerva Siena\" \/>\n<meta property=\"article:modified_time\" content=\"2026-02-20T15:05:10+00:00\" \/>\n<meta property=\"og:image\" content=\"https:\/\/www.albergominerva.it\/wp-content\/uploads\/2025\/02\/20241130_113503.jpg\" \/>\n\t<meta property=\"og:image:width\" content=\"1024\" \/>\n\t<meta property=\"og:image:height\" content=\"1381\" \/>\n\t<meta property=\"og:image:type\" content=\"image\/jpeg\" \/>\n<meta name=\"twitter:card\" content=\"summary_large_image\" \/>\n<meta name=\"twitter:label1\" content=\"Dur\u00e9e de lecture estim\u00e9e\" \/>\n\t<meta name=\"twitter:data1\" content=\"5 minutes\" \/>\n<script type=\"application\/ld+json\" class=\"yoast-schema-graph\">{\"@context\":\"https:\/\/schema.org\",\"@graph\":[{\"@type\":\"WebPage\",\"@id\":\"https:\/\/www.albergominerva.it\/fr\/albergo-minerva-votre-hotel-ideal-au-coeur-de-sienne\/\",\"url\":\"https:\/\/www.albergominerva.it\/fr\/albergo-minerva-votre-hotel-ideal-au-coeur-de-sienne\/\",\"name\":\"Albergo Minerva : Votre h\u00f4tel id\u00e9al au c\u0153ur de Sienne - Hotel Minerva Siena\",\"isPartOf\":{\"@id\":\"https:\/\/www.albergominerva.it\/fr\/#website\"},\"primaryImageOfPage\":{\"@id\":\"https:\/\/www.albergominerva.it\/fr\/albergo-minerva-votre-hotel-ideal-au-coeur-de-sienne\/#primaryimage\"},\"image\":{\"@id\":\"https:\/\/www.albergominerva.it\/fr\/albergo-minerva-votre-hotel-ideal-au-coeur-de-sienne\/#primaryimage\"},\"thumbnailUrl\":\"https:\/\/www.albergominerva.it\/wp-content\/uploads\/2025\/02\/20241130_113503-759x1024.jpg\",\"datePublished\":\"2026-02-20T15:05:08+00:00\",\"dateModified\":\"2026-02-20T15:05:10+00:00\",\"breadcrumb\":{\"@id\":\"https:\/\/www.albergominerva.it\/fr\/albergo-minerva-votre-hotel-ideal-au-coeur-de-sienne\/#breadcrumb\"},\"inLanguage\":\"fr-FR\",\"potentialAction\":[{\"@type\":\"ReadAction\",\"target\":[\"https:\/\/www.albergominerva.it\/fr\/albergo-minerva-votre-hotel-ideal-au-coeur-de-sienne\/\"]}]},{\"@type\":\"ImageObject\",\"inLanguage\":\"fr-FR\",\"@id\":\"https:\/\/www.albergominerva.it\/fr\/albergo-minerva-votre-hotel-ideal-au-coeur-de-sienne\/#primaryimage\",\"url\":\"https:\/\/www.albergominerva.it\/wp-content\/uploads\/2025\/02\/20241130_113503-759x1024.jpg\",\"contentUrl\":\"https:\/\/www.albergominerva.it\/wp-content\/uploads\/2025\/02\/20241130_113503-759x1024.jpg\"},{\"@type\":\"BreadcrumbList\",\"@id\":\"https:\/\/www.albergominerva.it\/fr\/albergo-minerva-votre-hotel-ideal-au-coeur-de-sienne\/#breadcrumb\",\"itemListElement\":[{\"@type\":\"ListItem\",\"position\":1,\"name\":\"Home\",\"item\":\"https:\/\/www.albergominerva.it\/fr\/\"},{\"@type\":\"ListItem\",\"position\":2,\"name\":\"Albergo Minerva : Votre h\u00f4tel id\u00e9al au c\u0153ur de Sienne\"}]},{\"@type\":\"WebSite\",\"@id\":\"https:\/\/www.albergominerva.it\/fr\/#website\",\"url\":\"https:\/\/www.albergominerva.it\/fr\/\",\"name\":\"Hotel Minerva Siena\",\"description\":\"Hotel in Centro Storico a Siena - Toscana - Italy\",\"potentialAction\":[{\"@type\":\"SearchAction\",\"target\":{\"@type\":\"EntryPoint\",\"urlTemplate\":\"https:\/\/www.albergominerva.it\/fr\/?s={search_term_string}\"},\"query-input\":{\"@type\":\"PropertyValueSpecification\",\"valueRequired\":true,\"valueName\":\"search_term_string\"}}],\"inLanguage\":\"fr-FR\"}]}<\/script>\n<!-- \/ Yoast SEO plugin. -->","yoast_head_json":{"title":"Albergo Minerva : Votre h\u00f4tel id\u00e9al au c\u0153ur de Sienne - Hotel Minerva Siena","robots":{"index":"index","follow":"follow","max-snippet":"max-snippet:-1","max-image-preview":"max-image-preview:large","max-video-preview":"max-video-preview:-1"},"canonical":"https:\/\/www.albergominerva.it\/fr\/albergo-minerva-votre-hotel-ideal-au-coeur-de-sienne\/","og_locale":"fr_FR","og_type":"article","og_title":"Albergo Minerva : Votre h\u00f4tel id\u00e9al au c\u0153ur de Sienne - Hotel Minerva Siena","og_description":"Situ\u00e9 \u00e0 quelques minutes \u00e0 pied du centre historique, l\u2019Albergo Minerva est l\u2019adresse parfaite pour d\u00e9couvrir Sienne dans toute son","og_url":"https:\/\/www.albergominerva.it\/fr\/albergo-minerva-votre-hotel-ideal-au-coeur-de-sienne\/","og_site_name":"Hotel Minerva Siena","article_modified_time":"2026-02-20T15:05:10+00:00","og_image":[{"width":1024,"height":1381,"url":"https:\/\/www.albergominerva.it\/wp-content\/uploads\/2025\/02\/20241130_113503.jpg","type":"image\/jpeg"}],"twitter_card":"summary_large_image","twitter_misc":{"Dur\u00e9e de lecture estim\u00e9e":"5 minutes"},"schema":{"@context":"https:\/\/schema.org","@graph":[{"@type":"WebPage","@id":"https:\/\/www.albergominerva.it\/fr\/albergo-minerva-votre-hotel-ideal-au-coeur-de-sienne\/","url":"https:\/\/www.albergominerva.it\/fr\/albergo-minerva-votre-hotel-ideal-au-coeur-de-sienne\/","name":"Albergo Minerva : Votre h\u00f4tel id\u00e9al au c\u0153ur de Sienne - Hotel Minerva Siena","isPartOf":{"@id":"https:\/\/www.albergominerva.it\/fr\/#website"},"primaryImageOfPage":{"@id":"https:\/\/www.albergominerva.it\/fr\/albergo-minerva-votre-hotel-ideal-au-coeur-de-sienne\/#primaryimage"},"image":{"@id":"https:\/\/www.albergominerva.it\/fr\/albergo-minerva-votre-hotel-ideal-au-coeur-de-sienne\/#primaryimage"},"thumbnailUrl":"https:\/\/www.albergominerva.it\/wp-content\/uploads\/2025\/02\/20241130_113503-759x1024.jpg","datePublished":"2026-02-20T15:05:08+00:00","dateModified":"2026-02-20T15:05:10+00:00","breadcrumb":{"@id":"https:\/\/www.albergominerva.it\/fr\/albergo-minerva-votre-hotel-ideal-au-coeur-de-sienne\/#breadcrumb"},"inLanguage":"fr-FR","potentialAction":[{"@type":"ReadAction","target":["https:\/\/www.albergominerva.it\/fr\/albergo-minerva-votre-hotel-ideal-au-coeur-de-sienne\/"]}]},{"@type":"ImageObject","inLanguage":"fr-FR","@id":"https:\/\/www.albergominerva.it\/fr\/albergo-minerva-votre-hotel-ideal-au-coeur-de-sienne\/#primaryimage","url":"https:\/\/www.albergominerva.it\/wp-content\/uploads\/2025\/02\/20241130_113503-759x1024.jpg","contentUrl":"https:\/\/www.albergominerva.it\/wp-content\/uploads\/2025\/02\/20241130_113503-759x1024.jpg"},{"@type":"BreadcrumbList","@id":"https:\/\/www.albergominerva.it\/fr\/albergo-minerva-votre-hotel-ideal-au-coeur-de-sienne\/#breadcrumb","itemListElement":[{"@type":"ListItem","position":1,"name":"Home","item":"https:\/\/www.albergominerva.it\/fr\/"},{"@type":"ListItem","position":2,"name":"Albergo Minerva : Votre h\u00f4tel id\u00e9al au c\u0153ur de Sienne"}]},{"@type":"WebSite","@id":"https:\/\/www.albergominerva.it\/fr\/#website","url":"https:\/\/www.albergominerva.it\/fr\/","name":"Hotel Minerva Siena","description":"Hotel in Centro Storico a Siena - Toscana - Italy","potentialAction":[{"@type":"SearchAction","target":{"@type":"EntryPoint","urlTemplate":"https:\/\/www.albergominerva.it\/fr\/?s={search_term_string}"},"query-input":{"@type":"PropertyValueSpecification","valueRequired":true,"valueName":"search_term_string"}}],"inLanguage":"fr-FR"}]}},"_links":{"self":[{"href":"https:\/\/www.albergominerva.it\/fr\/wp-json\/wp\/v2\/pages\/22453","targetHints":{"allow":["GET"]}}],"collection":[{"href":"https:\/\/www.albergominerva.it\/fr\/wp-json\/wp\/v2\/pages"}],"about":[{"href":"https:\/\/www.albergominerva.it\/fr\/wp-json\/wp\/v2\/types\/page"}],"author":[{"embeddable":true,"href":"https:\/\/www.albergominerva.it\/fr\/wp-json\/wp\/v2\/users\/3"}],"replies":[{"embeddable":true,"href":"https:\/\/www.albergominerva.it\/fr\/wp-json\/wp\/v2\/comments?post=22453"}],"version-history":[{"count":1,"href":"https:\/\/www.albergominerva.it\/fr\/wp-json\/wp\/v2\/pages\/22453\/revisions"}],"predecessor-version":[{"id":22454,"href":"https:\/\/www.albergominerva.it\/fr\/wp-json\/wp\/v2\/pages\/22453\/revisions\/22454"}],"wp:attachment":[{"href":"https:\/\/www.albergominerva.it\/fr\/wp-json\/wp\/v2\/media?parent=22453"}],"curies":[{"name":"wp","href":"https:\/\/api.w.org\/{rel}","templated":true}]}}