{"id":2810,"date":"2019-03-03T10:33:27","date_gmt":"2019-03-03T10:33:27","guid":{"rendered":"https:\/\/albergominerva.it\/fr\/?page_id=2810"},"modified":"2019-07-01T15:32:32","modified_gmt":"2019-07-01T13:32:32","slug":"hotel-siena-dans-le-complexe-du-musee-santa-maria-della-scala","status":"publish","type":"page","link":"https:\/\/www.albergominerva.it\/fr\/hotel-siena-dans-le-complexe-du-musee-santa-maria-della-scala\/","title":{"rendered":"H\u00f4tel Siena dans le complexe du mus\u00e9e Santa Maria della Scala"},"content":{"rendered":"<p><strong> Vous cherchez un h\u00f4tel \u00e0 Sienne pr\u00e8s du complexe du mus\u00e9e Santa Maria della Scala?<\/strong><\/p>\n<p><iframe loading=\"lazy\" style=\"border: 0;\" src=\"https:\/\/www.google.com\/maps\/embed?pb=!1m28!1m12!1m3!1d5805.359056271021!2d11.325575075518675!3d43.320967672014135!2m3!1f0!2f0!3f0!3m2!1i1024!2i768!4f13.1!4m13!3e2!4m5!1s0x132a2cc7df55564d%3A0xbb55bddd311ac99b!2sHOTEL+MINERVA%2C+Via+Giuseppe+Garibaldi%2C+Siena%2C+SI!3m2!1d43.324607!2d11.331828!4m5!1s0x132a2cbbb16c96fd%3A0x736de0ff9586a325!2sSanta+Maria+della+Scala%2C+Piazza+del+Duomo%2C+1%2C+53100+Siena+SI!3m2!1d43.317136!2d11.3283019!5e0!3m2!1sit!2sit!4v1528470550576\" width=\"600\" height=\"450\" frameborder=\"0\" allowfullscreen=\"allowfullscreen\"><\/iframe><\/p>\n<p>2984\/5000<br \/>\n<strong> Dans ce cas, nous vous sugg\u00e9rons de r\u00e9server \u00e0 l&rsquo;h\u00f4tel Minerva <\/strong>, un charmant h\u00f4tel 3 \u00e9toiles situ\u00e9 dans le centre historique de Sienne et non loin du complexe du mus\u00e9e Santa Maria della Scala.<\/p>\n<p>Equip\u00e9 d&rsquo;un bar et d&rsquo;un parking payant, couvert, avec entr\u00e9e directe \u00e0 l&rsquo;h\u00f4tel et avec 20 places disponibles, l&rsquo;h\u00f4tel Minerva comprend dans ses chambres int\u00e9rieures 56 chambres climatis\u00e9es, toutes diff\u00e9rentes, avec wifi et divis\u00e9es en Economy, \u00e9l\u00e9gante-standard, junior-suite et junior-suite double.<\/p>\n<p>Les <a href=\"http:\/\/albergominerva.it\/camere-economiche-siena-centro\/\"> simples chambres <\/a> sont plac\u00e9es \u00e0 l&rsquo;int\u00e9rieur et ont une surface de 16 m\u00b2.<\/p>\n<p>Les <a href=\"http:\/\/albergominerva.it\/camere-elegant-siena-centro\/\"> chambres \u00e9l\u00e9gantes <\/a> offrent toutes une vue sur le centre historique de Sienne et une surface de 19 m\u00b2.<\/p>\n<p>Les <a href=\"http:\/\/albergominerva.it\/junior-suite-siena-centro\/\"> suites junior <\/a> offrent toutes une vue sur les basiliques de San Francesco et de Provenzano et ont une superficie de 22 m\u00b2.<\/p>\n<p><a href=\"http:\/\/albergominerva.it\/junior-suite-matrimoniale-siena-centro\/\"> Les Junior Suites Junior <\/a> offrent une vue sur le centre historique de Sienne. Elles sont spacieuses \u00e0 partir de 19 m\u00b2 et terrasse sur demande.<\/p>\n<p>Vous pourrez donc choisir parmi de nombreux choix pour votre s\u00e9jour de loisir ou de travail, la plupart avec une vue panoramique sur Sienne.<\/p>\n<p><strong> L&rsquo;Hotel Minerva affiche ensuite syst\u00e9matiquement dans ses salles int\u00e9rieures une v\u00e9ritable galerie d&rsquo;art moderne <\/strong> proposant des \u0153uvres d&rsquo;artistes siennois.<\/p>\n<p>Notre h\u00f4tel situ\u00e9 pr\u00e8s du complexe de mus\u00e9es Santa Maria della Scala est calme et convient parfaitement aux parents avec enfants. nous avons m\u00eame des lits disponibles, ainsi qu&rsquo;un chauffe-biberon, un st\u00e9rilisateur et une salle de jeux interne.<\/p>\n<p><strong> La Minerva est \u00e9galement proche de deux terrains de jeux et de l\u2019Orto de &lsquo;Pecci <\/strong>, un magnifique jardin avec des animaux de la ferme.<\/p>\n<p>Le Minerva Hotel est alors un lieu unique pour les r\u00e9unions de travail puisqu&rsquo;il est \u00e9quip\u00e9 d&rsquo;une connexion Wi-Fi et d&rsquo;une salle de conf\u00e9rence avec vue sur le centre-ville historique pouvant accueillir jusqu&rsquo;\u00e0 40 personnes. Il est \u00e9quip\u00e9 d&rsquo;une t\u00e9l\u00e9vision \u00e0 LED, d&rsquo;un vid\u00e9oprojecteur. r\u00e9troprojecteur et tous les \u00e9quipements principaux.<\/p>\n<p>En ce qui concerne le petit-d\u00e9jeuner, l\u2019Hotel Minerva propose un savoureux petit-d\u00e9jeuner italien, international et avec des confitures naturelles et de qualit\u00e9.<\/p>\n<p>L&rsquo;h\u00f4tel se trouve \u00e0 Sienne, dans la Via Garibaldi, \u00e0 72 km <strong> de la gare et \u00e0 2 minutes en voiture de la gare et dans le quartier NON ZTL<\/strong>.<\/p>\n<p>Pour r\u00e9server cet h\u00f4tel \u00e0 Sienne dans le complexe du mus\u00e9e Santa Maria della Scala, cliquez sur R\u00e9server en haut \u00e0 droite ou appelez le 0577.284474 ou envoyez un courriel \u00e0 info@albergominerva.it.<\/p>\n<p>En appelant ce num\u00e9ro de t\u00e9l\u00e9phone ou en r\u00e9servant sur le site Web, vous pourrez r\u00e9aliser des \u00e9conomies, car nous vous garantissons la meilleure garantie du prix chaque fois.<\/p>\n","protected":false},"excerpt":{"rendered":"<p>Vous cherchez un h\u00f4tel \u00e0 Sienne pr\u00e8s du complexe du mus\u00e9e Santa Maria della Scala? 2984\/5000 Dans ce cas, nous<\/p>\n","protected":false},"author":3,"featured_media":0,"parent":0,"menu_order":0,"comment_status":"closed","ping_status":"closed","template":"","meta":{"_acf_changed":false,"footnotes":""},"class_list":["post-2810","page","type-page","status-publish","hentry"],"acf":[],"yoast_head":"<!-- This site is optimized with the Yoast SEO plugin v26.4 - https:\/\/yoast.com\/wordpress\/plugins\/seo\/ -->\n<title>H\u00f4tel Siena dans le complexe du mus\u00e9e Santa Maria della Scala - Hotel Minerva Siena<\/title>\n<meta name=\"robots\" content=\"index, follow, max-snippet:-1, max-image-preview:large, max-video-preview:-1\" \/>\n<link rel=\"canonical\" href=\"https:\/\/www.albergominerva.it\/fr\/hotel-siena-dans-le-complexe-du-musee-santa-maria-della-scala\/\" \/>\n<meta property=\"og:locale\" content=\"fr_FR\" \/>\n<meta property=\"og:type\" content=\"article\" \/>\n<meta property=\"og:title\" content=\"H\u00f4tel Siena dans le complexe du mus\u00e9e Santa Maria della Scala - Hotel Minerva Siena\" \/>\n<meta property=\"og:description\" content=\"Vous cherchez un h\u00f4tel \u00e0 Sienne pr\u00e8s du complexe du mus\u00e9e Santa Maria della Scala? 2984\/5000 Dans ce cas, nous\" \/>\n<meta property=\"og:url\" content=\"https:\/\/www.albergominerva.it\/fr\/hotel-siena-dans-le-complexe-du-musee-santa-maria-della-scala\/\" \/>\n<meta property=\"og:site_name\" content=\"Hotel Minerva Siena\" \/>\n<meta property=\"article:modified_time\" content=\"2019-07-01T13:32:32+00:00\" \/>\n<meta name=\"twitter:card\" content=\"summary_large_image\" \/>\n<meta name=\"twitter:label1\" content=\"Dur\u00e9e de lecture estim\u00e9e\" \/>\n\t<meta name=\"twitter:data1\" content=\"2 minutes\" \/>\n<script type=\"application\/ld+json\" class=\"yoast-schema-graph\">{\"@context\":\"https:\/\/schema.org\",\"@graph\":[{\"@type\":\"WebPage\",\"@id\":\"https:\/\/www.albergominerva.it\/fr\/hotel-siena-dans-le-complexe-du-musee-santa-maria-della-scala\/\",\"url\":\"https:\/\/www.albergominerva.it\/fr\/hotel-siena-dans-le-complexe-du-musee-santa-maria-della-scala\/\",\"name\":\"H\u00f4tel Siena dans le complexe du mus\u00e9e Santa Maria della Scala - Hotel Minerva Siena\",\"isPartOf\":{\"@id\":\"https:\/\/www.albergominerva.it\/fr\/#website\"},\"datePublished\":\"2019-03-03T10:33:27+00:00\",\"dateModified\":\"2019-07-01T13:32:32+00:00\",\"breadcrumb\":{\"@id\":\"https:\/\/www.albergominerva.it\/fr\/hotel-siena-dans-le-complexe-du-musee-santa-maria-della-scala\/#breadcrumb\"},\"inLanguage\":\"fr-FR\",\"potentialAction\":[{\"@type\":\"ReadAction\",\"target\":[\"https:\/\/www.albergominerva.it\/fr\/hotel-siena-dans-le-complexe-du-musee-santa-maria-della-scala\/\"]}]},{\"@type\":\"BreadcrumbList\",\"@id\":\"https:\/\/www.albergominerva.it\/fr\/hotel-siena-dans-le-complexe-du-musee-santa-maria-della-scala\/#breadcrumb\",\"itemListElement\":[{\"@type\":\"ListItem\",\"position\":1,\"name\":\"Home\",\"item\":\"https:\/\/www.albergominerva.it\/fr\/\"},{\"@type\":\"ListItem\",\"position\":2,\"name\":\"H\u00f4tel Siena dans le complexe du mus\u00e9e Santa Maria della Scala\"}]},{\"@type\":\"WebSite\",\"@id\":\"https:\/\/www.albergominerva.it\/fr\/#website\",\"url\":\"https:\/\/www.albergominerva.it\/fr\/\",\"name\":\"Hotel Minerva Siena\",\"description\":\"Hotel in Centro Storico a Siena - Toscana - Italy\",\"potentialAction\":[{\"@type\":\"SearchAction\",\"target\":{\"@type\":\"EntryPoint\",\"urlTemplate\":\"https:\/\/www.albergominerva.it\/fr\/?s={search_term_string}\"},\"query-input\":{\"@type\":\"PropertyValueSpecification\",\"valueRequired\":true,\"valueName\":\"search_term_string\"}}],\"inLanguage\":\"fr-FR\"}]}<\/script>\n<!-- \/ Yoast SEO plugin. -->","yoast_head_json":{"title":"H\u00f4tel Siena dans le complexe du mus\u00e9e Santa Maria della Scala - Hotel Minerva Siena","robots":{"index":"index","follow":"follow","max-snippet":"max-snippet:-1","max-image-preview":"max-image-preview:large","max-video-preview":"max-video-preview:-1"},"canonical":"https:\/\/www.albergominerva.it\/fr\/hotel-siena-dans-le-complexe-du-musee-santa-maria-della-scala\/","og_locale":"fr_FR","og_type":"article","og_title":"H\u00f4tel Siena dans le complexe du mus\u00e9e Santa Maria della Scala - Hotel Minerva Siena","og_description":"Vous cherchez un h\u00f4tel \u00e0 Sienne pr\u00e8s du complexe du mus\u00e9e Santa Maria della Scala? 2984\/5000 Dans ce cas, nous","og_url":"https:\/\/www.albergominerva.it\/fr\/hotel-siena-dans-le-complexe-du-musee-santa-maria-della-scala\/","og_site_name":"Hotel Minerva Siena","article_modified_time":"2019-07-01T13:32:32+00:00","twitter_card":"summary_large_image","twitter_misc":{"Dur\u00e9e de lecture estim\u00e9e":"2 minutes"},"schema":{"@context":"https:\/\/schema.org","@graph":[{"@type":"WebPage","@id":"https:\/\/www.albergominerva.it\/fr\/hotel-siena-dans-le-complexe-du-musee-santa-maria-della-scala\/","url":"https:\/\/www.albergominerva.it\/fr\/hotel-siena-dans-le-complexe-du-musee-santa-maria-della-scala\/","name":"H\u00f4tel Siena dans le complexe du mus\u00e9e Santa Maria della Scala - Hotel Minerva Siena","isPartOf":{"@id":"https:\/\/www.albergominerva.it\/fr\/#website"},"datePublished":"2019-03-03T10:33:27+00:00","dateModified":"2019-07-01T13:32:32+00:00","breadcrumb":{"@id":"https:\/\/www.albergominerva.it\/fr\/hotel-siena-dans-le-complexe-du-musee-santa-maria-della-scala\/#breadcrumb"},"inLanguage":"fr-FR","potentialAction":[{"@type":"ReadAction","target":["https:\/\/www.albergominerva.it\/fr\/hotel-siena-dans-le-complexe-du-musee-santa-maria-della-scala\/"]}]},{"@type":"BreadcrumbList","@id":"https:\/\/www.albergominerva.it\/fr\/hotel-siena-dans-le-complexe-du-musee-santa-maria-della-scala\/#breadcrumb","itemListElement":[{"@type":"ListItem","position":1,"name":"Home","item":"https:\/\/www.albergominerva.it\/fr\/"},{"@type":"ListItem","position":2,"name":"H\u00f4tel Siena dans le complexe du mus\u00e9e Santa Maria della Scala"}]},{"@type":"WebSite","@id":"https:\/\/www.albergominerva.it\/fr\/#website","url":"https:\/\/www.albergominerva.it\/fr\/","name":"Hotel Minerva Siena","description":"Hotel in Centro Storico a Siena - Toscana - Italy","potentialAction":[{"@type":"SearchAction","target":{"@type":"EntryPoint","urlTemplate":"https:\/\/www.albergominerva.it\/fr\/?s={search_term_string}"},"query-input":{"@type":"PropertyValueSpecification","valueRequired":true,"valueName":"search_term_string"}}],"inLanguage":"fr-FR"}]}},"_links":{"self":[{"href":"https:\/\/www.albergominerva.it\/fr\/wp-json\/wp\/v2\/pages\/2810","targetHints":{"allow":["GET"]}}],"collection":[{"href":"https:\/\/www.albergominerva.it\/fr\/wp-json\/wp\/v2\/pages"}],"about":[{"href":"https:\/\/www.albergominerva.it\/fr\/wp-json\/wp\/v2\/types\/page"}],"author":[{"embeddable":true,"href":"https:\/\/www.albergominerva.it\/fr\/wp-json\/wp\/v2\/users\/3"}],"replies":[{"embeddable":true,"href":"https:\/\/www.albergominerva.it\/fr\/wp-json\/wp\/v2\/comments?post=2810"}],"version-history":[{"count":2,"href":"https:\/\/www.albergominerva.it\/fr\/wp-json\/wp\/v2\/pages\/2810\/revisions"}],"predecessor-version":[{"id":3447,"href":"https:\/\/www.albergominerva.it\/fr\/wp-json\/wp\/v2\/pages\/2810\/revisions\/3447"}],"wp:attachment":[{"href":"https:\/\/www.albergominerva.it\/fr\/wp-json\/wp\/v2\/media?parent=2810"}],"curies":[{"name":"wp","href":"https:\/\/api.w.org\/{rel}","templated":true}]}}