{"id":2813,"date":"2019-03-03T10:46:30","date_gmt":"2019-03-03T10:46:30","guid":{"rendered":"https:\/\/albergominerva.it\/fr\/?page_id=2813"},"modified":"2019-07-02T09:31:03","modified_gmt":"2019-07-02T07:31:03","slug":"quelles-sont-toutes-les-principales-attractions-de-sienne","status":"publish","type":"page","link":"https:\/\/www.albergominerva.it\/fr\/quelles-sont-toutes-les-principales-attractions-de-sienne\/","title":{"rendered":"Quelles sont toutes les principales attractions de Sienne"},"content":{"rendered":"<p>Sienne est sans aucun doute l&rsquo;une des villes les plus fascinantes de la Toscane et de toute l&rsquo;Italie.<\/p>\n<p>Il est consid\u00e9r\u00e9 comme un lieu riche en histoire et en art, mais est li\u00e9 \u00e0 un fil de courrier \u00e9troit m\u00eame \u00e0 des traditions ancr\u00e9es dans les quartiers et le c\u00e9l\u00e8bre Palio di Siena.<\/p>\n<p><strong> Voyons maintenant en d\u00e9tail toutes les principales attractions de Sienne. Gr\u00e2ce \u00e0 notre guide, vous pourrez en apprendre davantage sur cette ville fantastique et mieux organiser votre voyage pour la visiter. <\/strong><\/p>\n<p>De toute \u00e9vidence, l&rsquo;attraction la plus importante de Sienne est la Piazza del Campo, un lieu touristique par excellence, un lieu de restauration et de boutiques de souvenirs.<\/p>\n<p>La l\u00e9g\u00e8re pente de la place conf\u00e8re au site un charme particulier et permet d&rsquo;admirer les nombreux hauts et bas qui caract\u00e9risent les rues \u00e9troites de Sienne.<\/p>\n<p>Toute la place est entour\u00e9e d&rsquo;une s\u00e9rie d&rsquo;imposantes fa\u00e7ades appartenant \u00e0 des palais nobles et ce spectacle magnifique rend le lieu encore plus s\u00e9duisant.<\/p>\n<p>Toutefois, si vous souhaitez appr\u00e9cier la Piazza del Campo dans toute sa splendeur, nous vous conseillons de monter \u00e0 la Torre del Mangia, situ\u00e9e au-dessus du Palazzo Pubblico.<\/p>\n<p>De ce point de vue, vous pourrez admirer la place sous sa forme typique de coquille compos\u00e9e de neuf segments, chacun faisant r\u00e9f\u00e9rence \u00e0 l\u2019un des composants c\u00e9l\u00e8bres du gouvernement des Neuf qui a permis \u00e0 Sienne de devenir une ville inoubliable.<\/p>\n<p>Toujours sur la Piazza del Campo, vous trouverez l&rsquo;imposant Palazzo Pubblico, consid\u00e9r\u00e9 comme l&rsquo;un des \u00e9difices civiques les plus importants et les plus \u00e9vocateurs d&rsquo;Italie.<\/p>\n<p>\u00c0 l&rsquo;int\u00e9rieur se trouve le mus\u00e9e civique de Sienne, qui abrite les plus c\u00e9l\u00e8bres fresques d&rsquo;Ambrogio Lorenzetti repr\u00e9sentant l&rsquo;all\u00e9gorie du bon et du mauvais gouvernement.<\/p>\n<p>De plus, dans la partie sup\u00e9rieure de la place, vous pourrez admirer la source Gaia, universellement reconnue comme la plus belle des sources d&rsquo;eau de Sienne.<br \/>\nAujourd&rsquo;hui, celle de la Piazza del Campo est une copie exacte de la source cr\u00e9\u00e9e par Jacopo della Quercia au d\u00e9but du XVe si\u00e8cle.<\/p>\n<p>Enfin, rappelez-vous que la Piazza del Campo est \u00e9galement le lieu o\u00f9 le c\u00e9l\u00e8bre Palio di Siena, une course de chevaux passionnante qui attire des milliers de spectateurs chaque ann\u00e9e, s\u2019anime deux fois par an.<\/p>\n<p>Une autre attraction \u00e0 ne pas manquer est le Duomo di Siena, une structure monumentale d\u00e9di\u00e9e \u00e0 l&rsquo;Assomption de la Vierge, situ\u00e9e au centre de la place du m\u00eame nom.<\/p>\n<p>Construit entre la fin du XIIe et le d\u00e9but du XIIIe si\u00e8cle, ce b\u00e2timent est l\u2019un des plus brillants mod\u00e8les d\u2019architecture m\u00e9di\u00e9vale d\u2019Italie, principalement de style gothique, mais \u00e9galement avec des traces romanes.<\/p>\n<p>A l&rsquo;int\u00e9rieur se trouve le sol, d\u00e9cor\u00e9 de symboles \u00e9sot\u00e9riques et d&rsquo;histoires religieuses, parmi lesquels nous mentionnons les sibylles de la tradition, la vie de Mo\u00efse et le Massacre des Innocents.<\/p>\n<p>La biblioth\u00e8que Piccolomini, \u00e9galement d\u00e9cor\u00e9e de fresques peintes par Pinturicchio \u00e0 la demande du cardinal Francesco Todeschini Piccolomini, qui deviendra plus tard Pio III, contiendra \u00e9galement un grand int\u00e9r\u00eat pour contenir son \u00e9norme volume de papier.<\/p>\n<p>N&rsquo;oubliez pas de visiter le baptist\u00e8re de Sienne, construit entre 1316 et 1325 par Camaino di Crescentino et plac\u00e9 derri\u00e8re la cath\u00e9drale de Sienne, sous les derni\u00e8res trav\u00e9es du Coro del Duomo.<\/p>\n<p>Sa fa\u00e7ade est de style gothique comme celle du Duomo et son int\u00e9rieur est divis\u00e9 en trois nefs avec une vo\u00fbte ogivale.<\/p>\n<p>Le Baptist\u00e8re, consid\u00e9r\u00e9 comme un magnifique exemple de l&rsquo;art siennois du XVe si\u00e8cle, pr\u00e9sente de magnifiques vo\u00fbtes et des fresques murales avec des peintures de Benvenuto di Giovanni, Pietro degli Orioli et Lorenzo di Pietro, appel\u00e9es \u00ab\u00a0Vecchietta\u00a0\u00bb.<\/p>\n<p>Les fonts baptismaux, achev\u00e9s en 1431 gr\u00e2ce aux \u0153uvres des plus illustres artistes italiens du quinzi\u00e8me si\u00e8cle tels que Jacopo della Quercia, Lorenzo Ghiberti et Donatello, constituent l\u2019\u0153uvre la plus importante du baptist\u00e8re de Sienne.<\/p>\n<p>Un autre monument qui m\u00e9rite d&rsquo;\u00eatre mentionn\u00e9 est la basilique de San Francesco, construite dans la premi\u00e8re moiti\u00e9 du XIIIe si\u00e8cle sur la place du m\u00eame nom de Sienne.<\/p>\n<p>L&rsquo;environnement interne est caract\u00e9ris\u00e9 par une nef unique et, apr\u00e8s de nombreuses restaurations au cours des si\u00e8cles, la structure prend aujourd&rsquo;hui une connotation gothique.<\/p>\n<p>Une autre \u00e9glise importante de Sienne est la basilique de San Domenico, construite \u00e0 partir de 1226 puis transform\u00e9e au XIVe si\u00e8cle en un style gothique encore actuel.<\/p>\n<p>La Cappella delle Volte occupe la fa\u00e7ade. Sur les murs desquels se trouvent de nombreux tableaux repr\u00e9sentant la vie de Santa Catterina.<\/p>\n<p>\u00c0 l&rsquo;int\u00e9rieur, il y a aussi une relique d&rsquo;une valeur inestimable: la t\u00eate de Santa Caterina, situ\u00e9e dans la partie centrale de l&rsquo;autel de Giovanni di Stefano.<\/p>\n<p>Il convient \u00e9galement de visiter la crypte gothique restaur\u00e9e au XXe si\u00e8cle, dans laquelle une grande partie des services religieux sont encore c\u00e9l\u00e9br\u00e9s.<br \/>\nEnfin, comment oublier le suggestif Palazzo Salimbeni, le bureau actuel de la Banca Monte dei Paschi.<\/p>\n<p>Le b\u00e2timent d&rsquo;origine remonte \u00e0 trois ou quatre cent. Il a subi des modifications consid\u00e9rables, en particulier au XIXe si\u00e8cle, de l&rsquo;architecte Giuseppe Partini, et la structure d&rsquo;origine, de style gothique, est devenue n\u00e9ogothique.<\/p>\n<p><strong> Si vous souhaitez voir toutes ces attractions avec le maximum de confort, vous devriez r\u00e9server un h\u00f4tel avec parking dans le centre de Sienne.<\/strong><\/p>\n<p>Notre h\u00f4tel, le Minerva, est un h\u00f4tel situ\u00e9 \u00e0 Sienne pr\u00e8s de la Piazza del Campo et dispose d\u2019un garage couvert de 20 places avec acc\u00e8s direct au hall.<\/p>\n<p>R\u00e9servez d\u00e8s maintenant et en parcourant le site, vous remarquerez nos magnifiques salles panoramiques avec vue sur le centre de Sienne.<\/p>\n<p>Si vous r\u00e9servez depuis le site ou depuis le t\u00e9l\u00e9phone, vous aurez toujours la garantie du meilleur prix garanti!<\/p>\n<p>Faites-le maintenant, nous vous attendons!<\/p>\n","protected":false},"excerpt":{"rendered":"<p>Sienne est sans aucun doute l&rsquo;une des villes les plus fascinantes de la Toscane et de toute l&rsquo;Italie. Il est<\/p>\n","protected":false},"author":3,"featured_media":0,"parent":0,"menu_order":0,"comment_status":"closed","ping_status":"closed","template":"","meta":{"_acf_changed":false,"footnotes":""},"class_list":["post-2813","page","type-page","status-publish","hentry"],"acf":[],"yoast_head":"<!-- This site is optimized with the Yoast SEO plugin v27.4 - https:\/\/yoast.com\/product\/yoast-seo-wordpress\/ -->\n<title>Quelles sont toutes les principales attractions de Sienne - Hotel Minerva Siena<\/title>\n<meta name=\"robots\" content=\"index, follow, max-snippet:-1, max-image-preview:large, max-video-preview:-1\" \/>\n<link rel=\"canonical\" href=\"https:\/\/www.albergominerva.it\/fr\/quelles-sont-toutes-les-principales-attractions-de-sienne\/\" \/>\n<meta property=\"og:locale\" content=\"fr_FR\" \/>\n<meta property=\"og:type\" content=\"article\" \/>\n<meta property=\"og:title\" content=\"Quelles sont toutes les principales attractions de Sienne - Hotel Minerva Siena\" \/>\n<meta property=\"og:description\" content=\"Sienne est sans aucun doute l&rsquo;une des villes les plus fascinantes de la Toscane et de toute l&rsquo;Italie. Il est\" \/>\n<meta property=\"og:url\" content=\"https:\/\/www.albergominerva.it\/fr\/quelles-sont-toutes-les-principales-attractions-de-sienne\/\" \/>\n<meta property=\"og:site_name\" content=\"Hotel Minerva Siena\" \/>\n<meta property=\"article:modified_time\" content=\"2019-07-02T07:31:03+00:00\" \/>\n<meta name=\"twitter:card\" content=\"summary_large_image\" \/>\n<meta name=\"twitter:label1\" content=\"Dur\u00e9e de lecture estim\u00e9e\" \/>\n\t<meta name=\"twitter:data1\" content=\"5 minutes\" \/>\n<script type=\"application\/ld+json\" class=\"yoast-schema-graph\">{\"@context\":\"https:\\\/\\\/schema.org\",\"@graph\":[{\"@type\":\"WebPage\",\"@id\":\"https:\\\/\\\/www.albergominerva.it\\\/fr\\\/quelles-sont-toutes-les-principales-attractions-de-sienne\\\/\",\"url\":\"https:\\\/\\\/www.albergominerva.it\\\/fr\\\/quelles-sont-toutes-les-principales-attractions-de-sienne\\\/\",\"name\":\"Quelles sont toutes les principales attractions de Sienne - Hotel Minerva Siena\",\"isPartOf\":{\"@id\":\"https:\\\/\\\/www.albergominerva.it\\\/fr\\\/#website\"},\"datePublished\":\"2019-03-03T10:46:30+00:00\",\"dateModified\":\"2019-07-02T07:31:03+00:00\",\"breadcrumb\":{\"@id\":\"https:\\\/\\\/www.albergominerva.it\\\/fr\\\/quelles-sont-toutes-les-principales-attractions-de-sienne\\\/#breadcrumb\"},\"inLanguage\":\"fr-FR\",\"potentialAction\":[{\"@type\":\"ReadAction\",\"target\":[\"https:\\\/\\\/www.albergominerva.it\\\/fr\\\/quelles-sont-toutes-les-principales-attractions-de-sienne\\\/\"]}]},{\"@type\":\"BreadcrumbList\",\"@id\":\"https:\\\/\\\/www.albergominerva.it\\\/fr\\\/quelles-sont-toutes-les-principales-attractions-de-sienne\\\/#breadcrumb\",\"itemListElement\":[{\"@type\":\"ListItem\",\"position\":1,\"name\":\"Home\",\"item\":\"https:\\\/\\\/www.albergominerva.it\\\/fr\\\/\"},{\"@type\":\"ListItem\",\"position\":2,\"name\":\"Quelles sont toutes les principales attractions de Sienne\"}]},{\"@type\":\"WebSite\",\"@id\":\"https:\\\/\\\/www.albergominerva.it\\\/fr\\\/#website\",\"url\":\"https:\\\/\\\/www.albergominerva.it\\\/fr\\\/\",\"name\":\"Hotel Minerva Siena\",\"description\":\"Hotel in Centro Storico a Siena - Toscana - Italy\",\"potentialAction\":[{\"@type\":\"SearchAction\",\"target\":{\"@type\":\"EntryPoint\",\"urlTemplate\":\"https:\\\/\\\/www.albergominerva.it\\\/fr\\\/?s={search_term_string}\"},\"query-input\":{\"@type\":\"PropertyValueSpecification\",\"valueRequired\":true,\"valueName\":\"search_term_string\"}}],\"inLanguage\":\"fr-FR\"}]}<\/script>\n<!-- \/ Yoast SEO plugin. -->","yoast_head_json":{"title":"Quelles sont toutes les principales attractions de Sienne - Hotel Minerva Siena","robots":{"index":"index","follow":"follow","max-snippet":"max-snippet:-1","max-image-preview":"max-image-preview:large","max-video-preview":"max-video-preview:-1"},"canonical":"https:\/\/www.albergominerva.it\/fr\/quelles-sont-toutes-les-principales-attractions-de-sienne\/","og_locale":"fr_FR","og_type":"article","og_title":"Quelles sont toutes les principales attractions de Sienne - Hotel Minerva Siena","og_description":"Sienne est sans aucun doute l&rsquo;une des villes les plus fascinantes de la Toscane et de toute l&rsquo;Italie. Il est","og_url":"https:\/\/www.albergominerva.it\/fr\/quelles-sont-toutes-les-principales-attractions-de-sienne\/","og_site_name":"Hotel Minerva Siena","article_modified_time":"2019-07-02T07:31:03+00:00","twitter_card":"summary_large_image","twitter_misc":{"Dur\u00e9e de lecture estim\u00e9e":"5 minutes"},"schema":{"@context":"https:\/\/schema.org","@graph":[{"@type":"WebPage","@id":"https:\/\/www.albergominerva.it\/fr\/quelles-sont-toutes-les-principales-attractions-de-sienne\/","url":"https:\/\/www.albergominerva.it\/fr\/quelles-sont-toutes-les-principales-attractions-de-sienne\/","name":"Quelles sont toutes les principales attractions de Sienne - Hotel Minerva Siena","isPartOf":{"@id":"https:\/\/www.albergominerva.it\/fr\/#website"},"datePublished":"2019-03-03T10:46:30+00:00","dateModified":"2019-07-02T07:31:03+00:00","breadcrumb":{"@id":"https:\/\/www.albergominerva.it\/fr\/quelles-sont-toutes-les-principales-attractions-de-sienne\/#breadcrumb"},"inLanguage":"fr-FR","potentialAction":[{"@type":"ReadAction","target":["https:\/\/www.albergominerva.it\/fr\/quelles-sont-toutes-les-principales-attractions-de-sienne\/"]}]},{"@type":"BreadcrumbList","@id":"https:\/\/www.albergominerva.it\/fr\/quelles-sont-toutes-les-principales-attractions-de-sienne\/#breadcrumb","itemListElement":[{"@type":"ListItem","position":1,"name":"Home","item":"https:\/\/www.albergominerva.it\/fr\/"},{"@type":"ListItem","position":2,"name":"Quelles sont toutes les principales attractions de Sienne"}]},{"@type":"WebSite","@id":"https:\/\/www.albergominerva.it\/fr\/#website","url":"https:\/\/www.albergominerva.it\/fr\/","name":"Hotel Minerva Siena","description":"Hotel in Centro Storico a Siena - Toscana - Italy","potentialAction":[{"@type":"SearchAction","target":{"@type":"EntryPoint","urlTemplate":"https:\/\/www.albergominerva.it\/fr\/?s={search_term_string}"},"query-input":{"@type":"PropertyValueSpecification","valueRequired":true,"valueName":"search_term_string"}}],"inLanguage":"fr-FR"}]}},"_links":{"self":[{"href":"https:\/\/www.albergominerva.it\/fr\/wp-json\/wp\/v2\/pages\/2813","targetHints":{"allow":["GET"]}}],"collection":[{"href":"https:\/\/www.albergominerva.it\/fr\/wp-json\/wp\/v2\/pages"}],"about":[{"href":"https:\/\/www.albergominerva.it\/fr\/wp-json\/wp\/v2\/types\/page"}],"author":[{"embeddable":true,"href":"https:\/\/www.albergominerva.it\/fr\/wp-json\/wp\/v2\/users\/3"}],"replies":[{"embeddable":true,"href":"https:\/\/www.albergominerva.it\/fr\/wp-json\/wp\/v2\/comments?post=2813"}],"version-history":[{"count":2,"href":"https:\/\/www.albergominerva.it\/fr\/wp-json\/wp\/v2\/pages\/2813\/revisions"}],"predecessor-version":[{"id":3527,"href":"https:\/\/www.albergominerva.it\/fr\/wp-json\/wp\/v2\/pages\/2813\/revisions\/3527"}],"wp:attachment":[{"href":"https:\/\/www.albergominerva.it\/fr\/wp-json\/wp\/v2\/media?parent=2813"}],"curies":[{"name":"wp","href":"https:\/\/api.w.org\/{rel}","templated":true}]}}