{"id":2815,"date":"2019-03-03T11:06:41","date_gmt":"2019-03-03T11:06:41","guid":{"rendered":"https:\/\/albergominerva.it\/fr\/?page_id=2815"},"modified":"2019-07-02T09:33:05","modified_gmt":"2019-07-02T07:33:05","slug":"quelles-sont-les-zones-ztl-a-trafic-limite-a-sienne","status":"publish","type":"page","link":"https:\/\/www.albergominerva.it\/fr\/quelles-sont-les-zones-ztl-a-trafic-limite-a-sienne\/","title":{"rendered":"Quelles sont les zones ZTL \u00e0 trafic limit\u00e9 \u00e0 Sienne"},"content":{"rendered":"<p>Si vous \u00eates sur le point de visiter Sienne, sachez que le centre historique de la ville est consid\u00e9r\u00e9 comme une zone \u00e0 trafic limit\u00e9 (ZTL).<\/p>\n<p><strong> [Ouvrons une parenth\u00e8se: l\u2019Hotel Minerva est un h\u00f4tel situ\u00e9 dans le centre de Sienne, non pas dans la zone des ZTL et dot\u00e9 d\u2019un parking payant de 20 places]. <\/strong><\/p>\n<p>Cela signifie qu&rsquo;il y a des cam\u00e9ras de s\u00e9curit\u00e9 \u00e0 l&rsquo;entr\u00e9e ou \u00e0 la sortie de presque toutes les rues du centre historique et que pour y entrer, il est obligatoire d&rsquo;obtenir un permis, \u00e9galement pour \u00e9viter des sanctions d\u00e9sagr\u00e9ables.<\/p>\n<p>En particulier, Sienne poss\u00e8de la plus ancienne zone \u00e0 trafic limit\u00e9 d\u2019Italie, et m\u00eame l\u2019une des premi\u00e8res en Europe, et est consid\u00e9r\u00e9e comme l\u2019une des plus importantes en termes d\u2019extension (environ 31 m\u00e8tres carr\u00e9s par habitant).<br \/>\nLa ZTL du centre historique de Sienne est \u00e9quip\u00e9e de portes \u00e9lectroniques sp\u00e9ciales parfaitement adapt\u00e9es au syst\u00e8me de t\u00e9l\u00e9passage et \u00e9quip\u00e9es de cam\u00e9ras fonctionnant 24h \/ 24.<\/p>\n<p>Ces passages sont capables de contr\u00f4ler tous les acc\u00e8s du centre historique et ont vu leur r\u00e9alisation en 2004 afin de prot\u00e9ger le tissu urbain particulier de Sienne entour\u00e9 de murs.<\/p>\n<p>Bien entendu, le choix d&rsquo;utiliser ces portes constitue \u00e9galement un avantage pour les habitants de Sienne, notamment parce qu&rsquo;une circulation de v\u00e9hicules limit\u00e9e dans le centre historique est synonyme d&rsquo;am\u00e9lioration de la qualit\u00e9 de la vie.<\/p>\n<p>La ZTL de Sienne, en plus d&rsquo;\u00eatre l&rsquo;une des plus anciennes d&rsquo;Italie, d\u00e9limite une grande partie du centre-ville et, pr\u00e8s de ses fronti\u00e8res, permet aux touristes d&rsquo;acc\u00e9der \u00e0 de nombreux parkings souterrains tr\u00e8s pratiques.<\/p>\n<p>Le ZTL de Sienne est divis\u00e9 en trois secteurs: \u00ab\u00a0ZTL\u00a0\u00bb, \u00ab\u00a0ZTL A\u00a0\u00bb et \u00ab\u00a0ZTL Y storico\u00a0\u00bb.<br \/>\nLa ZTL englobe toutes les rues du centre historique, \u00e0 l&rsquo;exception de: La ZTL de Sienne, en plus d&rsquo;\u00eatre l&rsquo;une des plus anciennes d&rsquo;Italie, d\u00e9limite une grande partie du centre-ville et permet aux touristes de acc\u00e8s \u00e0 un parking souterrain multiple et pratique.<\/p>\n<p>La ZTL inclut toutes les rues du centre historique dans les murs, \u00e0 l\u2019exclusion:<\/p>\n<p>\u2022 via Pian d&rsquo;Ovile<br \/>\n\u2022 via Garibaldi (de Porta Ovile \u00e0 viale Don Minzoni &#8211; Barriera San Lorenzo)<br \/>\n\u2022 via le nouveau jardin d&rsquo;enfants<br \/>\n\u2022 via Paolo Mascagni (de Nuovo Asilo \u00e0 Bastianini)<br \/>\n\u2022 via Ettore Bastianini (de via Paolo Mascagni \u00e0 la porte de contr\u00f4le ZTL)<br \/>\n\u2022 via Roma (de Porta Romana \u00e0 la porte de contr\u00f4le ZTL)<\/p>\n<p>Au lieu de cela, le \u00ab\u00a0ZTL A\u00a0\u00bb comprend:<br \/>\n\u2022 via dei Montanini (de via del Sasso di San Bernardino \u00f2 via Giuseppe Pianigiani)<br \/>\n\u2022 vicolo del Rustichetto<br \/>\n\u2022 via dell&rsquo;Arco Malavolti<br \/>\n\u2022 via Giuseppe Pianigiani via dei Termini<br \/>\n\u2022 Costa dell&rsquo;Incrociata<br \/>\n\u2022 via del Cavalletto<br \/>\n\u2022 via della Sapienza<br \/>\n\u2022 vie delle Terme (de via della Sapienza \u00e0 piazza Indipendenza)<br \/>\n\u2022 piazza Indipendenza<br \/>\n\u2022 Banchi di Sotto (de Logge del Papa \u00e0 via di San Vigilio)<br \/>\n\u2022 piazza Salimbeni<\/p>\n<p>Le soi-disant \u00ab\u00a0Y historique\u00a0\u00bb, ou le p\u00e9rim\u00e8tre de Banchi di Sopra, est consid\u00e9r\u00e9 \u00e0 tous \u00e9gards comme une zone pi\u00e9tonne.<\/p>\n<p>Sur cette piste, l&rsquo;interdiction absolue et permanente de tous les v\u00e9hicules a \u00e9t\u00e9 \u00e9tablie, \u00e0 l&rsquo;exception des r\u00e9sidents et des sujets autoris\u00e9s munis d&rsquo;un permis r\u00e9guli\u00e8rement enregistr\u00e9 dans la municipalit\u00e9.<\/p>\n<p>Voici toutes les rues de Sienne int\u00e9ress\u00e9es par le \u00ab\u00a0ZTL Y historique\u00a0\u00bb:<br \/>\n\u2022 Banchi di Sopra<br \/>\n\u2022 vicolo Beato Pier Pettinaio<br \/>\n\u2022 vicolo del Coltellinaio<br \/>\n\u2022 vicolo della Torre<br \/>\n\u2022 via dei Pontani<br \/>\n\u2022 via dei Rossi (de Banchi di Sopra \u00e0 via del Refe Nero)<br \/>\n\u2022 Banchi di Sotto (de via di San Vigilio \u00e0 via di Citt\u00e0)<br \/>\n\u2022 via delle Donzelle (de Banchi di Sotto \u00e0 vicolo del Viscione)<br \/>\n\u2022 via di Citt\u00e0<br \/>\n\u2022 via delle Terme (de piazza dell&rsquo;Indipendenza \u00e0 via di Citt\u00e0)<br \/>\n\u2022 via di Beccheria<br \/>\n\u2022 via dei Pellegrini (de via di Citt\u00e0 \u00e0 via di Monna Agnese)<br \/>\n\u2022 via delle Campane<br \/>\n\u2022 vicolo del Castoro (de via di Citt\u00e0 \u00e0 via del Poggio)<br \/>\n\u2022 Il Campo (anello superiore)<\/p>\n<p>Nous nous souvenons encore une fois que les cam\u00e9ras li\u00e9es au service de la ZTL de Sienne fonctionnent jour et nuit sans interruption.<\/p>\n<p>L&rsquo;interdiction d&rsquo;acc\u00e8s est r\u00e9glement\u00e9e pour tous les types de v\u00e9hicules \u00e0 moteur, tandis que les motocyclettes et les cyclomoteurs peuvent \u00eatre utilis\u00e9s sans autorisation dans certaines zones de la ZLT.<\/p>\n<p>Voyons maintenant en d\u00e9tail o\u00f9 sont plac\u00e9es les cam\u00e9ras de la ZTL servant \u00e0 prot\u00e9ger les portes d&rsquo;entr\u00e9e et de sortie des rues les plus importantes du centre historique:<br \/>\n\u2022 Via Tozzi (entr\u00e9e et sortie)<br \/>\n\u2022 Via Camporegio (entr\u00e9e et sortie)<br \/>\n\u2022 Vicolo Malizia (entr\u00e9e et sortie)<br \/>\n\u2022 Via Mascagni (entr\u00e9e et sortie)<br \/>\n\u2022 Via delle Sperandie (entr\u00e9e)<br \/>\n\u2022 Via Mattioli (entr\u00e9e et sortie)<br \/>\n\u2022 Via Garibaldi (entr\u00e9e et sortie)<br \/>\n\u2022 Via Fontanella (Entr\u00e9e)<br \/>\n\u2022 Porta Romana (entr\u00e9e et sortie)<br \/>\n\u2022 Via di Vallerozzi (sortie)<br \/>\n\u2022 Porta Pispini (sortie)<br \/>\n\u2022 Via di Mezzo (Entr\u00e9e)<br \/>\n\u2022 Via Gazzani (entr\u00e9e et sortie)<br \/>\n\u2022 Via Ettore Bastianini (Entr\u00e9e)<br \/>\n\u2022 Via Esterna Fontebranda (entr\u00e9e et sortie)<br \/>\n\u2022 Porta San Marco (sortie)<br \/>\n\u2022 Porta Camollia (sortie)<br \/>\n\u2022 Via Sasso San Bernardino (Entr\u00e9e)<\/p>\n<p>Les cat\u00e9gories de v\u00e9hicules et de personnes autoris\u00e9es \u00e0 circuler dans les zones ZTL de Sienne sont les suivantes, bien entendu avec la d\u00e9livrance d\u2019un permis r\u00e9gulier:<br \/>\n\u2022 Taxi &#8211; Taxi Merci &#8211; Municipalit\u00e9 de la CCN de Sienne<br \/>\n\u2022 CCN d\u2019autres municipalit\u00e9s<br \/>\n\u2022 V\u00e9hicules de la commune de Sienne et v\u00e9hicules utilis\u00e9s pour des services publics identifi\u00e9s par des logos (police, arm\u00e9e de terre, pompiers, Guardia Finanza, Corpo Forestale, ASL, v\u00e9hicules de secours, d\u00e9chets, transports en commun)<\/p>\n<p>\u2022 Marques de stationnement pour personnes handicap\u00e9es (selon l\u2019article 188 du C.d.S.) d\u2019autres municipalit\u00e9s<br \/>\n\u2022 r\u00e9sidents<br \/>\n\u2022 les garagistes dans les zones touch\u00e9es du centre historique<br \/>\n\u2022 plus de soixante-dix<br \/>\n\u2022 mineurs<br \/>\n\u2022 d\u00e9sactiv\u00e9<br \/>\n\u2022 techniciens de maintenance<br \/>\n\u2022 signifie desservant la construction<br \/>\n\u2022 transport de marchandises<br \/>\n\u2022 associations<\/p>\n","protected":false},"excerpt":{"rendered":"<p>Si vous \u00eates sur le point de visiter Sienne, sachez que le centre historique de la ville est consid\u00e9r\u00e9 comme<\/p>\n","protected":false},"author":3,"featured_media":0,"parent":0,"menu_order":0,"comment_status":"closed","ping_status":"closed","template":"","meta":{"_acf_changed":false,"footnotes":""},"class_list":["post-2815","page","type-page","status-publish","hentry"],"acf":[],"yoast_head":"<!-- This site is optimized with the Yoast SEO plugin v26.4 - https:\/\/yoast.com\/wordpress\/plugins\/seo\/ -->\n<title>Quelles sont les zones ZTL \u00e0 trafic limit\u00e9 \u00e0 Sienne - Hotel Minerva Siena<\/title>\n<meta name=\"robots\" content=\"index, follow, max-snippet:-1, max-image-preview:large, max-video-preview:-1\" \/>\n<link rel=\"canonical\" href=\"https:\/\/www.albergominerva.it\/fr\/quelles-sont-les-zones-ztl-a-trafic-limite-a-sienne\/\" \/>\n<meta property=\"og:locale\" content=\"fr_FR\" \/>\n<meta property=\"og:type\" content=\"article\" \/>\n<meta property=\"og:title\" content=\"Quelles sont les zones ZTL \u00e0 trafic limit\u00e9 \u00e0 Sienne - Hotel Minerva Siena\" \/>\n<meta property=\"og:description\" content=\"Si vous \u00eates sur le point de visiter Sienne, sachez que le centre historique de la ville est consid\u00e9r\u00e9 comme\" \/>\n<meta property=\"og:url\" content=\"https:\/\/www.albergominerva.it\/fr\/quelles-sont-les-zones-ztl-a-trafic-limite-a-sienne\/\" \/>\n<meta property=\"og:site_name\" content=\"Hotel Minerva Siena\" \/>\n<meta property=\"article:modified_time\" content=\"2019-07-02T07:33:05+00:00\" \/>\n<meta name=\"twitter:card\" content=\"summary_large_image\" \/>\n<meta name=\"twitter:label1\" content=\"Dur\u00e9e de lecture estim\u00e9e\" \/>\n\t<meta name=\"twitter:data1\" content=\"5 minutes\" \/>\n<script type=\"application\/ld+json\" class=\"yoast-schema-graph\">{\"@context\":\"https:\/\/schema.org\",\"@graph\":[{\"@type\":\"WebPage\",\"@id\":\"https:\/\/www.albergominerva.it\/fr\/quelles-sont-les-zones-ztl-a-trafic-limite-a-sienne\/\",\"url\":\"https:\/\/www.albergominerva.it\/fr\/quelles-sont-les-zones-ztl-a-trafic-limite-a-sienne\/\",\"name\":\"Quelles sont les zones ZTL \u00e0 trafic limit\u00e9 \u00e0 Sienne - Hotel Minerva Siena\",\"isPartOf\":{\"@id\":\"https:\/\/www.albergominerva.it\/fr\/#website\"},\"datePublished\":\"2019-03-03T11:06:41+00:00\",\"dateModified\":\"2019-07-02T07:33:05+00:00\",\"breadcrumb\":{\"@id\":\"https:\/\/www.albergominerva.it\/fr\/quelles-sont-les-zones-ztl-a-trafic-limite-a-sienne\/#breadcrumb\"},\"inLanguage\":\"fr-FR\",\"potentialAction\":[{\"@type\":\"ReadAction\",\"target\":[\"https:\/\/www.albergominerva.it\/fr\/quelles-sont-les-zones-ztl-a-trafic-limite-a-sienne\/\"]}]},{\"@type\":\"BreadcrumbList\",\"@id\":\"https:\/\/www.albergominerva.it\/fr\/quelles-sont-les-zones-ztl-a-trafic-limite-a-sienne\/#breadcrumb\",\"itemListElement\":[{\"@type\":\"ListItem\",\"position\":1,\"name\":\"Home\",\"item\":\"https:\/\/www.albergominerva.it\/fr\/\"},{\"@type\":\"ListItem\",\"position\":2,\"name\":\"Quelles sont les zones ZTL \u00e0 trafic limit\u00e9 \u00e0 Sienne\"}]},{\"@type\":\"WebSite\",\"@id\":\"https:\/\/www.albergominerva.it\/fr\/#website\",\"url\":\"https:\/\/www.albergominerva.it\/fr\/\",\"name\":\"Hotel Minerva Siena\",\"description\":\"Hotel in Centro Storico a Siena - Toscana - Italy\",\"potentialAction\":[{\"@type\":\"SearchAction\",\"target\":{\"@type\":\"EntryPoint\",\"urlTemplate\":\"https:\/\/www.albergominerva.it\/fr\/?s={search_term_string}\"},\"query-input\":{\"@type\":\"PropertyValueSpecification\",\"valueRequired\":true,\"valueName\":\"search_term_string\"}}],\"inLanguage\":\"fr-FR\"}]}<\/script>\n<!-- \/ Yoast SEO plugin. -->","yoast_head_json":{"title":"Quelles sont les zones ZTL \u00e0 trafic limit\u00e9 \u00e0 Sienne - Hotel Minerva Siena","robots":{"index":"index","follow":"follow","max-snippet":"max-snippet:-1","max-image-preview":"max-image-preview:large","max-video-preview":"max-video-preview:-1"},"canonical":"https:\/\/www.albergominerva.it\/fr\/quelles-sont-les-zones-ztl-a-trafic-limite-a-sienne\/","og_locale":"fr_FR","og_type":"article","og_title":"Quelles sont les zones ZTL \u00e0 trafic limit\u00e9 \u00e0 Sienne - Hotel Minerva Siena","og_description":"Si vous \u00eates sur le point de visiter Sienne, sachez que le centre historique de la ville est consid\u00e9r\u00e9 comme","og_url":"https:\/\/www.albergominerva.it\/fr\/quelles-sont-les-zones-ztl-a-trafic-limite-a-sienne\/","og_site_name":"Hotel Minerva Siena","article_modified_time":"2019-07-02T07:33:05+00:00","twitter_card":"summary_large_image","twitter_misc":{"Dur\u00e9e de lecture estim\u00e9e":"5 minutes"},"schema":{"@context":"https:\/\/schema.org","@graph":[{"@type":"WebPage","@id":"https:\/\/www.albergominerva.it\/fr\/quelles-sont-les-zones-ztl-a-trafic-limite-a-sienne\/","url":"https:\/\/www.albergominerva.it\/fr\/quelles-sont-les-zones-ztl-a-trafic-limite-a-sienne\/","name":"Quelles sont les zones ZTL \u00e0 trafic limit\u00e9 \u00e0 Sienne - Hotel Minerva Siena","isPartOf":{"@id":"https:\/\/www.albergominerva.it\/fr\/#website"},"datePublished":"2019-03-03T11:06:41+00:00","dateModified":"2019-07-02T07:33:05+00:00","breadcrumb":{"@id":"https:\/\/www.albergominerva.it\/fr\/quelles-sont-les-zones-ztl-a-trafic-limite-a-sienne\/#breadcrumb"},"inLanguage":"fr-FR","potentialAction":[{"@type":"ReadAction","target":["https:\/\/www.albergominerva.it\/fr\/quelles-sont-les-zones-ztl-a-trafic-limite-a-sienne\/"]}]},{"@type":"BreadcrumbList","@id":"https:\/\/www.albergominerva.it\/fr\/quelles-sont-les-zones-ztl-a-trafic-limite-a-sienne\/#breadcrumb","itemListElement":[{"@type":"ListItem","position":1,"name":"Home","item":"https:\/\/www.albergominerva.it\/fr\/"},{"@type":"ListItem","position":2,"name":"Quelles sont les zones ZTL \u00e0 trafic limit\u00e9 \u00e0 Sienne"}]},{"@type":"WebSite","@id":"https:\/\/www.albergominerva.it\/fr\/#website","url":"https:\/\/www.albergominerva.it\/fr\/","name":"Hotel Minerva Siena","description":"Hotel in Centro Storico a Siena - Toscana - Italy","potentialAction":[{"@type":"SearchAction","target":{"@type":"EntryPoint","urlTemplate":"https:\/\/www.albergominerva.it\/fr\/?s={search_term_string}"},"query-input":{"@type":"PropertyValueSpecification","valueRequired":true,"valueName":"search_term_string"}}],"inLanguage":"fr-FR"}]}},"_links":{"self":[{"href":"https:\/\/www.albergominerva.it\/fr\/wp-json\/wp\/v2\/pages\/2815","targetHints":{"allow":["GET"]}}],"collection":[{"href":"https:\/\/www.albergominerva.it\/fr\/wp-json\/wp\/v2\/pages"}],"about":[{"href":"https:\/\/www.albergominerva.it\/fr\/wp-json\/wp\/v2\/types\/page"}],"author":[{"embeddable":true,"href":"https:\/\/www.albergominerva.it\/fr\/wp-json\/wp\/v2\/users\/3"}],"replies":[{"embeddable":true,"href":"https:\/\/www.albergominerva.it\/fr\/wp-json\/wp\/v2\/comments?post=2815"}],"version-history":[{"count":2,"href":"https:\/\/www.albergominerva.it\/fr\/wp-json\/wp\/v2\/pages\/2815\/revisions"}],"predecessor-version":[{"id":3530,"href":"https:\/\/www.albergominerva.it\/fr\/wp-json\/wp\/v2\/pages\/2815\/revisions\/3530"}],"wp:attachment":[{"href":"https:\/\/www.albergominerva.it\/fr\/wp-json\/wp\/v2\/media?parent=2815"}],"curies":[{"name":"wp","href":"https:\/\/api.w.org\/{rel}","templated":true}]}}