{"id":2819,"date":"2019-03-03T11:14:10","date_gmt":"2019-03-03T11:14:10","guid":{"rendered":"https:\/\/albergominerva.it\/fr\/?page_id=2819"},"modified":"2019-07-02T09:34:33","modified_gmt":"2019-07-02T07:34:33","slug":"quels-sont-les-rues-principales-de-sienne","status":"publish","type":"page","link":"https:\/\/www.albergominerva.it\/fr\/quels-sont-les-rues-principales-de-sienne\/","title":{"rendered":"Quels sont les rues principales de Sienne"},"content":{"rendered":"<p>Vous pr\u00e9voyez un voyage \u00e0 Sienne mais vous ne savez rien de l&rsquo;endroit? Vous cherchez des informations pour passer une belle journ\u00e9e dans la ville du Palio mais avez-vous peur de laisser quelque chose?<\/p>\n<p>Ne vous inqui\u00e9tez pas, suivez notre guide des rues principales de Sienne et vous ne manquerez de rien!<\/p>\n<p>De toute \u00e9vidence, le lieu touristique par excellence de Sienne est la Piazza del Campo, ou le point de rencontre des trois collines sur lesquelles se trouve la ville.<\/p>\n<p>Sur cette place extraordinaire et originale en forme de coquille se trouvent des \u00e9difices monumentaux tels que le Palazzo Pubblico, accessible par Vicolo San Pietro (que vous trouverez \u00e0 droite de la Fonte Gaia), \u00e0 la hauteur du Croce del Travaglio.<\/p>\n<p>La Croce del Travaglio est le point de rencontre des trois principales art\u00e8res qui ont toujours caract\u00e9ris\u00e9 la ville de Sienne: via Banchi di Sopra, via Banchi di Sotto et Via di Citt\u00e0.<\/p>\n<p>Pr\u00e9cis\u00e9ment \u00e0 cause de son emplacement particulier, en pratique le centre de la ville, nous vous conseillons de consid\u00e9rer le Croce del Travaglio comme point de d\u00e9part de tout itin\u00e9raire que vous souhaitez entreprendre.<\/p>\n<p>De la Croce del Travaglio, vous pouvez vous d\u00e9placer le long de Banchi di Sopra pour d\u00e9couvrir le Troisi\u00e8me de Camollia (Via Banchi di Sopra, Via dei Montanini et Via Camollia), ce merveilleux quartier parsem\u00e9 de palais aristocratiques, \u00e0 la m\u00e9moire d&rsquo;une patrie m\u00e9di\u00e9vale de banquiers nobles de Sienne. et les riches marchands.<\/p>\n<p>Rendez-vous \u00e9galement dans les quartiers d&rsquo;Ovile et de Fontebranda pour d\u00e9couvrir l&rsquo;\u00e2me populaire de Sienne, o\u00f9 est surtout n\u00e9e Santa Caterina da Siena.<br \/>\nC&rsquo;est dans cette zone que vous rencontrerez le Palazzo Tolomei, le plus ancien b\u00e2timent de Sienne datant du XIIIe si\u00e8cle et situ\u00e9 dans les spectaculaires basiliques de San Francesco et de San Domenico, qui surplombe la vall\u00e9e de Fontebranda.<\/p>\n<p>Au lieu de cela, en partant de la Croce del Travaglio le long du Banchi di Sotto, vous pourrez vous aventurer dans le Terzo di San Martino, r\u00e9put\u00e9 pour \u00eatre le protecteur des voyageurs et des p\u00e8lerins.<\/p>\n<p>Depuis cette zone qui descend vers Porta Romana, vous pourrez contempler l\u2019un des coins les plus enchanteurs de Sienne: le Castellare degli Ugurgieri, magnifique structure m\u00e9di\u00e9vale situ\u00e9e entre Via San Vigilio et Via Angiolieri.<\/p>\n<p>\u00c0 Banchi di Sotto, vous pourrez \u00e9galement admirer le sensationnel Palazzo Piccolomini et le Logge del Papa, un v\u00e9ritable mod\u00e8le de l&rsquo;architecture de la Renaissance siennoise.<\/p>\n<p>Enfin, en prenant toujours le Croce del Travaglio comme point de r\u00e9f\u00e9rence, descendez le long de la Via di Citt\u00e0, la rue la plus \u00e9l\u00e9gante de Sienne et le c\u0153ur la\u00efc et religieux de Sienne.<\/p>\n<p>Initialement appel\u00e9e Via Galgaria, la Via di Citt\u00e0 est l&rsquo;une des rues les plus c\u00e9l\u00e8bres de Sienne. Elle relie le centre politique, ou Piazza del Campo et Palazzo Pubblico, au centre religieux, \u00e0 savoir la Piazza del Duomo.<\/p>\n<p>En parcourant cette rue, vous ne pourrez pas vous emp\u00eacher de remarquer de fabuleux \u00e9difices m\u00e9di\u00e9vaux tels que le Palazzo Monaldi, le Palazzo Crocini et le Palazzo Patrizi, ce dernier si\u00e8ge de l&rsquo;Accademia degli Intronauti.<\/p>\n<p>En continuant le long de la via di Citt\u00e0, vous verrez le palais Marsili, construit au XVe si\u00e8cle dans le style gothique par Luca di Bartolo Lupini, et le palais du XVe si\u00e8cle Marsilia-Libelli, dont le projet fait encore l\u2019objet de d\u00e9bats.<\/p>\n<p>En fait, pour certains, le palais Marsilia-Libelli a \u00e9t\u00e9 construit par Vecchietta, pour d&rsquo;autres, le m\u00e9rite de sa pr\u00e9sence doit \u00eatre attribu\u00e9 \u00e0 Urbano da Cortona.<br \/>\nLa Via di Citt\u00e0 d\u00e9bouche sur la Piazza di Postierla, plus connue sous le nom de Quattro Cantoni, en r\u00e9f\u00e9rence au fait que les rues principales du Terzo di Citt\u00e0 se rejoignent ici.<\/p>\n<p>Depuis la Piazza di Postierla, vous pouvez continuer sur Via del Capitano, o\u00f9 se trouvent le palais de Chigi \u00e0 la Postierla et le palais du Capitole du peuple, aujourd&rsquo;hui appel\u00e9 Piccolomini-Clementini, construit \u00e0 la fin du XIIIe si\u00e8cle.<\/p>\n<p>Apr\u00e8s avoir pass\u00e9 la Via del Capitano, vous vous retrouverez sur la Piazza del Duomo, plong\u00e9s dans une atmosph\u00e8re de solennit\u00e9 surprenante qui constitue le fond de la cath\u00e9drale monumentale en marbre.<\/p>\n<p>En face de la cath\u00e9drale, vous remarquerez l&rsquo;ancien complexe de l&rsquo;h\u00f4pital de Santa Maria della Scala, qui \u00e0 l&rsquo;\u00e9poque m\u00e9di\u00e9vale \u00e9tait un h\u00f4pital et qui abrite aujourd&rsquo;hui un centre culturel dynamique.<\/p>\n<p>Reprenant comme point de r\u00e9f\u00e9rence Via di Citt\u00e0, vous pouvez suivre l&rsquo;itin\u00e9raire qui m\u00e8ne \u00e0 la partie la plus ancienne de Sienne, Castelvecchio.<\/p>\n<p>Vous y arrivez de la raide Costarella dei Barberi, depuis laquelle vous pourrez contempler le panorama extraordinaire de la Piazza del Campo, encadr\u00e9 par le Palazzo Pubblico.<\/p>\n<p>Dans le jargon commun appel\u00e9 Costarella dei Barbieri, nous entendons le point situ\u00e9 entre la Piazza del Campo et le Duomo, appel\u00e9 le Mossa.<\/p>\n<p>La Mossa est \u00e9galement un lieu tr\u00e8s important dans l&rsquo;\u00e9conomie du Palio di Siena, car elle est consid\u00e9r\u00e9e comme le point de d\u00e9part et d&rsquo;arriv\u00e9e des chevaux participant \u00e0 la course spectaculaire qui a lieu deux fois par an: les 2 juillet et 16 ao\u00fbt.<\/p>\n<p><strong> Si vous souhaitez un h\u00f4tel \u00e0 Sienne avec parking et \u00e0 proximit\u00e9 de la Piazza del Campo, choisissez l\u2019Albergo Minerva, notre h\u00f4tel 3 \u00e9toiles situ\u00e9 dans le centre de Sienne et proposant de nombreuses chambres avec vue panoramique. <\/strong><\/p>\n<p>Parcourez le site et r\u00e9servez directement par t\u00e9l\u00e9phone et vous aurez toujours le meilleur prix garanti.<\/p>\n","protected":false},"excerpt":{"rendered":"<p>Vous pr\u00e9voyez un voyage \u00e0 Sienne mais vous ne savez rien de l&rsquo;endroit? Vous cherchez des informations pour passer une<\/p>\n","protected":false},"author":3,"featured_media":0,"parent":0,"menu_order":0,"comment_status":"closed","ping_status":"closed","template":"","meta":{"_acf_changed":false,"footnotes":""},"class_list":["post-2819","page","type-page","status-publish","hentry"],"acf":[],"yoast_head":"<!-- This site is optimized with the Yoast SEO plugin v27.4 - https:\/\/yoast.com\/product\/yoast-seo-wordpress\/ -->\n<title>Quels sont les rues principales de Sienne - Hotel Minerva Siena<\/title>\n<meta name=\"robots\" content=\"index, follow, max-snippet:-1, max-image-preview:large, max-video-preview:-1\" \/>\n<link rel=\"canonical\" href=\"https:\/\/www.albergominerva.it\/fr\/quels-sont-les-rues-principales-de-sienne\/\" \/>\n<meta property=\"og:locale\" content=\"fr_FR\" \/>\n<meta property=\"og:type\" content=\"article\" \/>\n<meta property=\"og:title\" content=\"Quels sont les rues principales de Sienne - Hotel Minerva Siena\" \/>\n<meta property=\"og:description\" content=\"Vous pr\u00e9voyez un voyage \u00e0 Sienne mais vous ne savez rien de l&rsquo;endroit? Vous cherchez des informations pour passer une\" \/>\n<meta property=\"og:url\" content=\"https:\/\/www.albergominerva.it\/fr\/quels-sont-les-rues-principales-de-sienne\/\" \/>\n<meta property=\"og:site_name\" content=\"Hotel Minerva Siena\" \/>\n<meta property=\"article:modified_time\" content=\"2019-07-02T07:34:33+00:00\" \/>\n<meta name=\"twitter:card\" content=\"summary_large_image\" \/>\n<meta name=\"twitter:label1\" content=\"Dur\u00e9e de lecture estim\u00e9e\" \/>\n\t<meta name=\"twitter:data1\" content=\"5 minutes\" \/>\n<script type=\"application\/ld+json\" class=\"yoast-schema-graph\">{\"@context\":\"https:\\\/\\\/schema.org\",\"@graph\":[{\"@type\":\"WebPage\",\"@id\":\"https:\\\/\\\/www.albergominerva.it\\\/fr\\\/quels-sont-les-rues-principales-de-sienne\\\/\",\"url\":\"https:\\\/\\\/www.albergominerva.it\\\/fr\\\/quels-sont-les-rues-principales-de-sienne\\\/\",\"name\":\"Quels sont les rues principales de Sienne - Hotel Minerva Siena\",\"isPartOf\":{\"@id\":\"https:\\\/\\\/www.albergominerva.it\\\/fr\\\/#website\"},\"datePublished\":\"2019-03-03T11:14:10+00:00\",\"dateModified\":\"2019-07-02T07:34:33+00:00\",\"breadcrumb\":{\"@id\":\"https:\\\/\\\/www.albergominerva.it\\\/fr\\\/quels-sont-les-rues-principales-de-sienne\\\/#breadcrumb\"},\"inLanguage\":\"fr-FR\",\"potentialAction\":[{\"@type\":\"ReadAction\",\"target\":[\"https:\\\/\\\/www.albergominerva.it\\\/fr\\\/quels-sont-les-rues-principales-de-sienne\\\/\"]}]},{\"@type\":\"BreadcrumbList\",\"@id\":\"https:\\\/\\\/www.albergominerva.it\\\/fr\\\/quels-sont-les-rues-principales-de-sienne\\\/#breadcrumb\",\"itemListElement\":[{\"@type\":\"ListItem\",\"position\":1,\"name\":\"Home\",\"item\":\"https:\\\/\\\/www.albergominerva.it\\\/fr\\\/\"},{\"@type\":\"ListItem\",\"position\":2,\"name\":\"Quels sont les rues principales de Sienne\"}]},{\"@type\":\"WebSite\",\"@id\":\"https:\\\/\\\/www.albergominerva.it\\\/fr\\\/#website\",\"url\":\"https:\\\/\\\/www.albergominerva.it\\\/fr\\\/\",\"name\":\"Hotel Minerva Siena\",\"description\":\"Hotel in Centro Storico a Siena - Toscana - Italy\",\"potentialAction\":[{\"@type\":\"SearchAction\",\"target\":{\"@type\":\"EntryPoint\",\"urlTemplate\":\"https:\\\/\\\/www.albergominerva.it\\\/fr\\\/?s={search_term_string}\"},\"query-input\":{\"@type\":\"PropertyValueSpecification\",\"valueRequired\":true,\"valueName\":\"search_term_string\"}}],\"inLanguage\":\"fr-FR\"}]}<\/script>\n<!-- \/ Yoast SEO plugin. -->","yoast_head_json":{"title":"Quels sont les rues principales de Sienne - Hotel Minerva Siena","robots":{"index":"index","follow":"follow","max-snippet":"max-snippet:-1","max-image-preview":"max-image-preview:large","max-video-preview":"max-video-preview:-1"},"canonical":"https:\/\/www.albergominerva.it\/fr\/quels-sont-les-rues-principales-de-sienne\/","og_locale":"fr_FR","og_type":"article","og_title":"Quels sont les rues principales de Sienne - Hotel Minerva Siena","og_description":"Vous pr\u00e9voyez un voyage \u00e0 Sienne mais vous ne savez rien de l&rsquo;endroit? Vous cherchez des informations pour passer une","og_url":"https:\/\/www.albergominerva.it\/fr\/quels-sont-les-rues-principales-de-sienne\/","og_site_name":"Hotel Minerva Siena","article_modified_time":"2019-07-02T07:34:33+00:00","twitter_card":"summary_large_image","twitter_misc":{"Dur\u00e9e de lecture estim\u00e9e":"5 minutes"},"schema":{"@context":"https:\/\/schema.org","@graph":[{"@type":"WebPage","@id":"https:\/\/www.albergominerva.it\/fr\/quels-sont-les-rues-principales-de-sienne\/","url":"https:\/\/www.albergominerva.it\/fr\/quels-sont-les-rues-principales-de-sienne\/","name":"Quels sont les rues principales de Sienne - Hotel Minerva Siena","isPartOf":{"@id":"https:\/\/www.albergominerva.it\/fr\/#website"},"datePublished":"2019-03-03T11:14:10+00:00","dateModified":"2019-07-02T07:34:33+00:00","breadcrumb":{"@id":"https:\/\/www.albergominerva.it\/fr\/quels-sont-les-rues-principales-de-sienne\/#breadcrumb"},"inLanguage":"fr-FR","potentialAction":[{"@type":"ReadAction","target":["https:\/\/www.albergominerva.it\/fr\/quels-sont-les-rues-principales-de-sienne\/"]}]},{"@type":"BreadcrumbList","@id":"https:\/\/www.albergominerva.it\/fr\/quels-sont-les-rues-principales-de-sienne\/#breadcrumb","itemListElement":[{"@type":"ListItem","position":1,"name":"Home","item":"https:\/\/www.albergominerva.it\/fr\/"},{"@type":"ListItem","position":2,"name":"Quels sont les rues principales de Sienne"}]},{"@type":"WebSite","@id":"https:\/\/www.albergominerva.it\/fr\/#website","url":"https:\/\/www.albergominerva.it\/fr\/","name":"Hotel Minerva Siena","description":"Hotel in Centro Storico a Siena - Toscana - Italy","potentialAction":[{"@type":"SearchAction","target":{"@type":"EntryPoint","urlTemplate":"https:\/\/www.albergominerva.it\/fr\/?s={search_term_string}"},"query-input":{"@type":"PropertyValueSpecification","valueRequired":true,"valueName":"search_term_string"}}],"inLanguage":"fr-FR"}]}},"_links":{"self":[{"href":"https:\/\/www.albergominerva.it\/fr\/wp-json\/wp\/v2\/pages\/2819","targetHints":{"allow":["GET"]}}],"collection":[{"href":"https:\/\/www.albergominerva.it\/fr\/wp-json\/wp\/v2\/pages"}],"about":[{"href":"https:\/\/www.albergominerva.it\/fr\/wp-json\/wp\/v2\/types\/page"}],"author":[{"embeddable":true,"href":"https:\/\/www.albergominerva.it\/fr\/wp-json\/wp\/v2\/users\/3"}],"replies":[{"embeddable":true,"href":"https:\/\/www.albergominerva.it\/fr\/wp-json\/wp\/v2\/comments?post=2819"}],"version-history":[{"count":2,"href":"https:\/\/www.albergominerva.it\/fr\/wp-json\/wp\/v2\/pages\/2819\/revisions"}],"predecessor-version":[{"id":3533,"href":"https:\/\/www.albergominerva.it\/fr\/wp-json\/wp\/v2\/pages\/2819\/revisions\/3533"}],"wp:attachment":[{"href":"https:\/\/www.albergominerva.it\/fr\/wp-json\/wp\/v2\/media?parent=2819"}],"curies":[{"name":"wp","href":"https:\/\/api.w.org\/{rel}","templated":true}]}}