{"id":2827,"date":"2019-03-03T11:43:52","date_gmt":"2019-03-03T11:43:52","guid":{"rendered":"https:\/\/albergominerva.it\/fr\/?page_id=2827"},"modified":"2019-03-03T11:47:16","modified_gmt":"2019-03-03T11:47:16","slug":"cosa-vedere-a-siena-nel-centro-storico-vicino-piazza-del-campo","status":"publish","type":"page","link":"https:\/\/www.albergominerva.it\/fr\/cosa-vedere-a-siena-nel-centro-storico-vicino-piazza-del-campo\/","title":{"rendered":"Que voir \u00e0 Sienne dans le centre historique pr\u00e8s de la Piazza del Campo"},"content":{"rendered":"<h1> Quelles attractions voir dans le centre de Sienne pr\u00e8s de la Piazza del Campo <\/h1>\n<p><strong> Envisagez-vous de visiter Sienne et aimeriez-vous avoir des conseils sur les monuments et les attractions les plus importants \u00e0 contempler dans le centre-ville historique pr\u00e8s de la Piazza del Campo? <\/strong> Suivez notre guide et vous y trouverez de nombreuses id\u00e9es int\u00e9ressantes. partir.<\/p>\n<p>Nous partons \u00e9videmment de la Piazza del Campo, pour les Siennois tout simplement du Campo, le v\u00e9ritable c\u0153ur de la ville, avec sa forme de coquille caract\u00e9ristique.<\/p>\n<p>C\u2019est \u00e9galement l\u2019endroit o\u00f9 se c\u00e9l\u00e8bre deux fois par an (le 2 juillet et le 16 ao\u00fbt) le c\u00e9l\u00e8bre Palio di Siena, une tr\u00e8s ancienne et spectaculaire course de chevaux parmi les 17 quartiers de la ville.<\/p>\n<p>\u00c9galement sur cette place, il y a d&rsquo;autres monuments importants tels que le Palazzo Pubblico, la Torre del Mangia et la Fonte Gaia.<\/p>\n<p>Le Palazzo Pubblico di Siena est le symbole par excellence du pouvoir politique siennois.<\/p>\n<p>En effet, depuis le gouvernement des Neuf jusqu&rsquo;\u00e0 aujourd&rsquo;hui, tous les dirigeants de Sienne ont \u00e9lu domicile dans cet extraordinaire \u00e9difice construit dans le style gothique au XIVe si\u00e8cle.<\/p>\n<p>La beaut\u00e9 et la majest\u00e9 de ce b\u00e2timent ont conditionn\u00e9 au fil des si\u00e8cles le gouvernement de la ville \u00e0 publier un d\u00e9cret obligeant les propri\u00e9taires des maisons situ\u00e9es sur la Piazza del Campo \u00e0 construire leurs palais dans le respect de la coh\u00e9rence stylistique du Palazzo Pubblico.<\/p>\n<p>\u00c0 l&rsquo;int\u00e9rieur de ce palais se trouve le mus\u00e9e civique de Sienne, un v\u00e9ritable r\u00e9servoir artistique d&rsquo;\u0153uvres qui ont rendu l&rsquo;Italie c\u00e9l\u00e8bre dans le monde entier.<\/p>\n<p>Le Mus\u00e9e municipal de Sienne renferme tout d\u2019abord l\u2019une des all\u00e9gories les plus spectaculaires et les plus envi\u00e9es du monde: celle du gouvernement bon et mauvais, orn\u00e9e de fresques sur les murs d\u2019Ambrogio Lorenzetti.<\/p>\n<p>Ainsi, pour la premi\u00e8re fois dans l&rsquo;histoire de l&rsquo;art, nous sommes en 1337, un artiste peint un cycle pictural bas\u00e9 sur un th\u00e8me civil et non religieux, dans le but de traduire visuellement les id\u00e9aux qui ont pr\u00e9sid\u00e9 aux dirigeants de Sienne.<\/p>\n<p>L&rsquo;all\u00e9gorie du bon et du mauvais gouvernement est accompagn\u00e9e d&rsquo;un autre grand ouvrage: La Maest\u00e0 de Simone Martini, que les Neuf ont command\u00e9 pour t\u00e9moigner du grand d\u00e9vouement des Siennois envers la Vierge.<\/p>\n<p>Dans ce cas, la Vierge est repr\u00e9sent\u00e9e au centre du tableau, assise sur un tr\u00f4ne royal et entour\u00e9e d&rsquo;une poign\u00e9e de saints. Au premier plan, on voit deux anges tenant des paniers de fleurs, tandis que les saints siennois les implorent de prot\u00e9ger leur ville.<\/p>\n<p>La meilleure fa\u00e7on d\u2019appr\u00e9cier la Piazza del Campo dans toute sa splendeur est de grimper sur la suggestive Torre del Mangia, depuis laquelle vous pourrez admirer le panorama de la place.<\/p>\n<p>Des 88 m\u00e8tres de la Torre del Mangia, vous pouvez voir toute Sienne: de la Piazza del Campo au Duomo, en passant par les collines lointaines de Sienne.<\/p>\n<p>La l\u00e9gende raconte que lors de la construction, au pied de la tour, une s\u00e9rie de pi\u00e8ces de monnaie chanceuses ont \u00e9t\u00e9 enterr\u00e9es, dans le but d\u00e9clar\u00e9 de prot\u00e9ger la tour du tonnerre et des temp\u00eates.<\/p>\n<p>La cloche qui surplombe la Torre del Mangia, \u00e9galement appel\u00e9e Campanone, a \u00e9t\u00e9 install\u00e9e en 1666 et p\u00e8se 6 760 kilos.<\/p>\n<p>Une autre attraction \u00e0 ne pas manquer est la Fonte Gaia, une reproduction fid\u00e8le du fantastique ouvrage hydraulique de Jacopo della Quercia r\u00e9alis\u00e9 dans la premi\u00e8re moiti\u00e9 du XVe si\u00e8cle.<\/p>\n<p>La source s&rsquo;appelait \u00ab\u00a0Gaia\u00a0\u00bb pr\u00e9cis\u00e9ment parce qu&rsquo;elle donnait prestige et richesse \u00e0 la place principale de la ville.<\/p>\n<p>La Fonte Gaia est situ\u00e9e sur la Piazza del Campo, pr\u00e8s du Palazzo Pubblico et de la Torre del Mangia. La fontaine monumentale est d\u00e9cor\u00e9e de bas-reliefs de Tito Sarrocchi.<\/p>\n<p>Ces bas-reliefs repr\u00e9sentent des sc\u00e8nes de l&rsquo;histoire de la cr\u00e9ation de l&rsquo;Homme et de la Vierge \u00e0 l&rsquo;Enfant parmi les anges et les vertus. Sur le c\u00f4t\u00e9, on trouve les repr\u00e9sentations de Rea Silvia et Acca Larenzia, en m\u00e9moire des origines l\u00e9gendaires de Sienne.<\/p>\n<p>Enfin, nous ne pouvons pas oublier le Duomo de Sienne, situ\u00e9 sur la place juste au-dessus de la Piazza del Campo.<\/p>\n<p>Ce complexe monumental a \u00e9t\u00e9 construit dans le style gothique et conserve \u00e0 l&rsquo;int\u00e9rieur une grande quantit\u00e9 d&rsquo;\u0153uvres inestimables sign\u00e9es par des personnalit\u00e9s telles que Donatello, Pisano, Michelangelo et, surtout, des fresques spectaculaires du c\u00e9l\u00e8bre Pinturicchio.<\/p>\n<p>La cath\u00e9drale, \u00e9rig\u00e9e entre 1214 et 1263, se caract\u00e9rise par une structure en croix latine et un d\u00f4me peu saillant avec un clocher adjacent.<\/p>\n<p>L&rsquo;ext\u00e9rieur et l&rsquo;int\u00e9rieur sont d\u00e9cor\u00e9s de blocs de marbre blanc alternant avec des bandes beaucoup plus minces de couleur noir verd\u00e2tre qui repr\u00e9sentent les couleurs de Sienne.<\/p>\n<p>Il convient \u00e9galement de mentionner les extraordinaires \u0153uvres d\u2019art sculpt\u00e9es sur le sol, grav\u00e9es sur marbre par 40 des artistes les plus importants de l\u2019\u00e9poque.<\/p>\n<p>Enfin, une r\u00e9f\u00e9rence \u00e0 l&rsquo;extraordinaire biblioth\u00e8que Piccolomini, situ\u00e9e le long du bas-c\u00f4t\u00e9 gauche de la cath\u00e9drale et construite en 1492 par l&rsquo;archev\u00eaque de Sienne, le cardinal Francesco Piccolomini Todeschini (devenu pape Pie III), afin de conserver le riche patrimoine de sa biblioth\u00e8que.<\/p>\n<p>La biblioth\u00e8que, qui a \u00e9t\u00e9 d\u00e9cor\u00e9e de fresques par Pinturicchio au d\u00e9but du XVIe si\u00e8cle, est une salle de forme rectangulaire dot\u00e9e d&rsquo;armoires en bois et d&rsquo;un sol de carreaux de fa\u00efence triangulaires.<\/p>\n<p>Naturellement, toutes ces attractions sont facilement visibles si vous r\u00e9servez un h\u00f4tel dans le centre de Sienne.<\/p>\n<p>Notre h\u00f4tel, l\u2019h\u00f4tel Minerva, est un h\u00f4tel situ\u00e9 \u00e0 Sienne pr\u00e8s de la Piazza del Campo. Il pr\u00e9sente \u00e9galement deux grands avantages: un parking couvert de 20 places avec acc\u00e8s direct au hall et de nombreuses salles panoramiques magnifiques offrant une vue spectaculaire sur la ville.<\/p>\n<p><strong> D\u00e9couvrez-le vous-m\u00eame <\/strong> et si vous r\u00e9servez directement sur le site, vous b\u00e9n\u00e9ficierez toujours du meilleur prix garanti.<\/p>\n","protected":false},"excerpt":{"rendered":"<p>Quelles attractions voir dans le centre de Sienne pr\u00e8s de la Piazza del Campo Envisagez-vous de visiter Sienne et aimeriez-vous<\/p>\n","protected":false},"author":3,"featured_media":0,"parent":0,"menu_order":0,"comment_status":"closed","ping_status":"closed","template":"","meta":{"_acf_changed":false,"footnotes":""},"class_list":["post-2827","page","type-page","status-publish","hentry"],"acf":[],"yoast_head":"<!-- This site is optimized with the Yoast SEO plugin v26.4 - https:\/\/yoast.com\/wordpress\/plugins\/seo\/ -->\n<title>Que voir \u00e0 Sienne dans le centre historique pr\u00e8s de la Piazza del Campo - Hotel Minerva Siena<\/title>\n<meta name=\"robots\" content=\"index, follow, max-snippet:-1, max-image-preview:large, max-video-preview:-1\" \/>\n<link rel=\"canonical\" href=\"https:\/\/www.albergominerva.it\/fr\/cosa-vedere-a-siena-nel-centro-storico-vicino-piazza-del-campo\/\" \/>\n<meta property=\"og:locale\" content=\"fr_FR\" \/>\n<meta property=\"og:type\" content=\"article\" \/>\n<meta property=\"og:title\" content=\"Que voir \u00e0 Sienne dans le centre historique pr\u00e8s de la Piazza del Campo - Hotel Minerva Siena\" \/>\n<meta property=\"og:description\" content=\"Quelles attractions voir dans le centre de Sienne pr\u00e8s de la Piazza del Campo Envisagez-vous de visiter Sienne et aimeriez-vous\" \/>\n<meta property=\"og:url\" content=\"https:\/\/www.albergominerva.it\/fr\/cosa-vedere-a-siena-nel-centro-storico-vicino-piazza-del-campo\/\" \/>\n<meta property=\"og:site_name\" content=\"Hotel Minerva Siena\" \/>\n<meta property=\"article:modified_time\" content=\"2019-03-03T11:47:16+00:00\" \/>\n<meta name=\"twitter:card\" content=\"summary_large_image\" \/>\n<meta name=\"twitter:label1\" content=\"Dur\u00e9e de lecture estim\u00e9e\" \/>\n\t<meta name=\"twitter:data1\" content=\"5 minutes\" \/>\n<script type=\"application\/ld+json\" class=\"yoast-schema-graph\">{\"@context\":\"https:\/\/schema.org\",\"@graph\":[{\"@type\":\"WebPage\",\"@id\":\"https:\/\/www.albergominerva.it\/fr\/cosa-vedere-a-siena-nel-centro-storico-vicino-piazza-del-campo\/\",\"url\":\"https:\/\/www.albergominerva.it\/fr\/cosa-vedere-a-siena-nel-centro-storico-vicino-piazza-del-campo\/\",\"name\":\"Que voir \u00e0 Sienne dans le centre historique pr\u00e8s de la Piazza del Campo - Hotel Minerva Siena\",\"isPartOf\":{\"@id\":\"https:\/\/www.albergominerva.it\/fr\/#website\"},\"datePublished\":\"2019-03-03T11:43:52+00:00\",\"dateModified\":\"2019-03-03T11:47:16+00:00\",\"breadcrumb\":{\"@id\":\"https:\/\/www.albergominerva.it\/fr\/cosa-vedere-a-siena-nel-centro-storico-vicino-piazza-del-campo\/#breadcrumb\"},\"inLanguage\":\"fr-FR\",\"potentialAction\":[{\"@type\":\"ReadAction\",\"target\":[\"https:\/\/www.albergominerva.it\/fr\/cosa-vedere-a-siena-nel-centro-storico-vicino-piazza-del-campo\/\"]}]},{\"@type\":\"BreadcrumbList\",\"@id\":\"https:\/\/www.albergominerva.it\/fr\/cosa-vedere-a-siena-nel-centro-storico-vicino-piazza-del-campo\/#breadcrumb\",\"itemListElement\":[{\"@type\":\"ListItem\",\"position\":1,\"name\":\"Home\",\"item\":\"https:\/\/www.albergominerva.it\/fr\/\"},{\"@type\":\"ListItem\",\"position\":2,\"name\":\"Que voir \u00e0 Sienne dans le centre historique pr\u00e8s de la Piazza del Campo\"}]},{\"@type\":\"WebSite\",\"@id\":\"https:\/\/www.albergominerva.it\/fr\/#website\",\"url\":\"https:\/\/www.albergominerva.it\/fr\/\",\"name\":\"Hotel Minerva Siena\",\"description\":\"Hotel in Centro Storico a Siena - Toscana - Italy\",\"potentialAction\":[{\"@type\":\"SearchAction\",\"target\":{\"@type\":\"EntryPoint\",\"urlTemplate\":\"https:\/\/www.albergominerva.it\/fr\/?s={search_term_string}\"},\"query-input\":{\"@type\":\"PropertyValueSpecification\",\"valueRequired\":true,\"valueName\":\"search_term_string\"}}],\"inLanguage\":\"fr-FR\"}]}<\/script>\n<!-- \/ Yoast SEO plugin. -->","yoast_head_json":{"title":"Que voir \u00e0 Sienne dans le centre historique pr\u00e8s de la Piazza del Campo - Hotel Minerva Siena","robots":{"index":"index","follow":"follow","max-snippet":"max-snippet:-1","max-image-preview":"max-image-preview:large","max-video-preview":"max-video-preview:-1"},"canonical":"https:\/\/www.albergominerva.it\/fr\/cosa-vedere-a-siena-nel-centro-storico-vicino-piazza-del-campo\/","og_locale":"fr_FR","og_type":"article","og_title":"Que voir \u00e0 Sienne dans le centre historique pr\u00e8s de la Piazza del Campo - Hotel Minerva Siena","og_description":"Quelles attractions voir dans le centre de Sienne pr\u00e8s de la Piazza del Campo Envisagez-vous de visiter Sienne et aimeriez-vous","og_url":"https:\/\/www.albergominerva.it\/fr\/cosa-vedere-a-siena-nel-centro-storico-vicino-piazza-del-campo\/","og_site_name":"Hotel Minerva Siena","article_modified_time":"2019-03-03T11:47:16+00:00","twitter_card":"summary_large_image","twitter_misc":{"Dur\u00e9e de lecture estim\u00e9e":"5 minutes"},"schema":{"@context":"https:\/\/schema.org","@graph":[{"@type":"WebPage","@id":"https:\/\/www.albergominerva.it\/fr\/cosa-vedere-a-siena-nel-centro-storico-vicino-piazza-del-campo\/","url":"https:\/\/www.albergominerva.it\/fr\/cosa-vedere-a-siena-nel-centro-storico-vicino-piazza-del-campo\/","name":"Que voir \u00e0 Sienne dans le centre historique pr\u00e8s de la Piazza del Campo - Hotel Minerva Siena","isPartOf":{"@id":"https:\/\/www.albergominerva.it\/fr\/#website"},"datePublished":"2019-03-03T11:43:52+00:00","dateModified":"2019-03-03T11:47:16+00:00","breadcrumb":{"@id":"https:\/\/www.albergominerva.it\/fr\/cosa-vedere-a-siena-nel-centro-storico-vicino-piazza-del-campo\/#breadcrumb"},"inLanguage":"fr-FR","potentialAction":[{"@type":"ReadAction","target":["https:\/\/www.albergominerva.it\/fr\/cosa-vedere-a-siena-nel-centro-storico-vicino-piazza-del-campo\/"]}]},{"@type":"BreadcrumbList","@id":"https:\/\/www.albergominerva.it\/fr\/cosa-vedere-a-siena-nel-centro-storico-vicino-piazza-del-campo\/#breadcrumb","itemListElement":[{"@type":"ListItem","position":1,"name":"Home","item":"https:\/\/www.albergominerva.it\/fr\/"},{"@type":"ListItem","position":2,"name":"Que voir \u00e0 Sienne dans le centre historique pr\u00e8s de la Piazza del Campo"}]},{"@type":"WebSite","@id":"https:\/\/www.albergominerva.it\/fr\/#website","url":"https:\/\/www.albergominerva.it\/fr\/","name":"Hotel Minerva Siena","description":"Hotel in Centro Storico a Siena - Toscana - Italy","potentialAction":[{"@type":"SearchAction","target":{"@type":"EntryPoint","urlTemplate":"https:\/\/www.albergominerva.it\/fr\/?s={search_term_string}"},"query-input":{"@type":"PropertyValueSpecification","valueRequired":true,"valueName":"search_term_string"}}],"inLanguage":"fr-FR"}]}},"_links":{"self":[{"href":"https:\/\/www.albergominerva.it\/fr\/wp-json\/wp\/v2\/pages\/2827","targetHints":{"allow":["GET"]}}],"collection":[{"href":"https:\/\/www.albergominerva.it\/fr\/wp-json\/wp\/v2\/pages"}],"about":[{"href":"https:\/\/www.albergominerva.it\/fr\/wp-json\/wp\/v2\/types\/page"}],"author":[{"embeddable":true,"href":"https:\/\/www.albergominerva.it\/fr\/wp-json\/wp\/v2\/users\/3"}],"replies":[{"embeddable":true,"href":"https:\/\/www.albergominerva.it\/fr\/wp-json\/wp\/v2\/comments?post=2827"}],"version-history":[{"count":2,"href":"https:\/\/www.albergominerva.it\/fr\/wp-json\/wp\/v2\/pages\/2827\/revisions"}],"predecessor-version":[{"id":2829,"href":"https:\/\/www.albergominerva.it\/fr\/wp-json\/wp\/v2\/pages\/2827\/revisions\/2829"}],"wp:attachment":[{"href":"https:\/\/www.albergominerva.it\/fr\/wp-json\/wp\/v2\/media?parent=2827"}],"curies":[{"name":"wp","href":"https:\/\/api.w.org\/{rel}","templated":true}]}}