{"id":2830,"date":"2019-03-03T11:51:03","date_gmt":"2019-03-03T11:51:03","guid":{"rendered":"https:\/\/albergominerva.it\/fr\/?page_id=2830"},"modified":"2019-03-03T11:51:03","modified_gmt":"2019-03-03T11:51:03","slug":"quelles-sont-les-portes-de-sienne","status":"publish","type":"page","link":"https:\/\/www.albergominerva.it\/fr\/quelles-sont-les-portes-de-sienne\/","title":{"rendered":"Quelles sont les Portes de Sienne"},"content":{"rendered":"<h1> Quelles sont les portes pour entrer \u00e0 Sienne <\/h1>\n<p>L\u2019histoire des remparts de Sienne est \u00e9videmment intrins\u00e8quement li\u00e9e \u00e0 ses <strong> portes, qui semblent en tout \u00eatre 39. <\/ strong><\/p>\n<p>Le nombre exact est difficile \u00e0 quantifier, du simple fait que certaines des portes ont disparu au fil des si\u00e8cles ou ont \u00e9t\u00e9 incorpor\u00e9es dans les murs qui ont progressivement conduit \u00e0 l\u2019agrandissement de la ville.<\/p>\n<p>Nous devons \u00e9galement consid\u00e9rer que de nombreuses portes ont chang\u00e9 de nom au fil du temps, tandis que d&rsquo;autres ont \u00e9t\u00e9 compl\u00e8tement reconstruites et d\u00e9plac\u00e9es vers l&rsquo;ext\u00e9rieur.<\/p>\n<p>Pour faire un peu de commande, il faudra revoir bri\u00e8vement l\u2019histoire des remparts de la ville de Sienne.<\/p>\n<p>Un premier cercle de murailles remonte au Haut Moyen \u00c2ge et unissait la \u00ab\u00a0vieille\u00a0\u00bb ville, ou Castelvecchio, \u00e0 la zone du Duomo.<\/p>\n<p>Le premier cercle s&rsquo;est ensuite d\u00e9roul\u00e9 derri\u00e8re le complexe actuel de Santa Maria della Scala, \u00e0 travers les rues de Franciosa et de Pellegrini, avant de regarder \u00e0 travers les espaces libres du Campo.<\/p>\n<p>Dans cette position exacte, depuis le onzi\u00e8me si\u00e8cle, la Porta Salaria, qui correspond aujourd&rsquo;hui \u00e0 l&rsquo;actuelle Costarella dei Barbieri, a \u00e9t\u00e9 ouverte.<\/p>\n<p>Les murs ont continu\u00e9 le long de la Via del Casato di Sotto jusqu&rsquo;\u00e0 la Porta Oria, via le Capitole, en passant par la Via Tommaso Pendola et la Via del Fosso de Sant&rsquo;Ansano.<\/p>\n<p>\u00c0 cette hauteur, il y avait les Deux Portes, alors appel\u00e9es Vallepiatta ou Canonici.<\/p>\n<p>Enfin, \u00e0 la suite d\u2019une d\u00e9pression encore pr\u00e9sente aujourd\u2019hui, les murs de l\u2019arri\u00e8re des b\u00e2timents situ\u00e9s le long de la Via del Capitano jusqu\u2019\u00e0 une derni\u00e8re porte, appel\u00e9e Verchione.<\/p>\n<p>Une premi\u00e8re extension de ces murs eut lieu dans la premi\u00e8re moiti\u00e9 du XIIe si\u00e8cle, englobant pratiquement toute la zone de la Mercatale (aujourd&rsquo;hui Piazza del Campo et Piazza del Mercato) et une grande partie de Camollia, pr\u00e8s de la via Francigena.<\/p>\n<p><strong> \u00c9largissement de la premi\u00e8re moiti\u00e9 du XIIe si\u00e8cle <\/ strong><\/p>\n<p>Contrairement \u00e0 d&rsquo;autres villes italiennes, peut-\u00eatre en raison de la nature imperm\u00e9able du territoire, il n&rsquo;y avait pas \u00e0 Sienne de nouveaux cercles muraux incorporant les pr\u00e9c\u00e9dents, mais plut\u00f4t des extensions, maintenant en hauteur, maintenant, de l&rsquo;autre, incorporant de nouvelles zones. reliant \u00e0 la route existante.<br \/>\nParfois, un chemin existant a \u00e9t\u00e9 d\u00e9pass\u00e9 et d\u00e9truit.<\/p>\n<p>La premi\u00e8re moiti\u00e9 du XIIe si\u00e8cle conna\u00eet une expansion importante qui englobe toute la zone du Mercatale (l&rsquo;actuelle Piazza del Campo et Piazza del Mercato) et la plus grande partie du tiers du Camollia, o\u00f9 passe la Via Francigena.<\/p>\n<p>L\u2019agrandissement a pris fin \u00e0 l\u2019actuelle Porta Camollia, qui est le point le plus au nord de la piste.<\/p>\n<p>En plus de la Porta Camollia et de celles d\u00e9j\u00e0 existantes, la Porta Salaria a \u00e9t\u00e9 ajout\u00e9e \u00e0 Fontebranda; la Porta di San Prospero sur l&rsquo;actuelle Viale Rinaldo Franci; la Porta di Pescaia dans la Via di Fontegiusta; la Porta di San Vigilio, maintenant situ\u00e9e derri\u00e8re le Palazzo Salimbeni; la Porta dei Provenzani, pr\u00e8s de Santa Maria di Provenzano; et la vieille Porta Romana, \u00e0 proximit\u00e9 imm\u00e9diate de Santo Spirito.<\/p>\n<p>\u00c0 partir de 1180, un \u00e9largissement ult\u00e9rieur concernait la partie orientale du tiers de Camollia et le sud de la troisi\u00e8me de la ville.<\/p>\n<p>En fait, \u00e0 partir de la Porta Camollia, une nouvelle ligne de murs a \u00e9t\u00e9 construite pour la Porta San Lorenzo, puis pour la Porta a Ovile et la Porta dei Frati Minori, \u00e0 la hauteur de la Piazza San Francesco.<\/p>\n<p>Plus tard, ils ont cr\u00e9\u00e9 la Porta dei Salvani, la Porta di Follonica, l&rsquo;ancienne Porta di San Maurizio al Ponte (qui serait aujourd&rsquo;hui l&rsquo;Arco de la Via di Pantaneto), la Porta di Val di Montone ou autrement appel\u00e9e le Borgo Nuovo di Santa. Maria.<\/p>\n<p>Enfin, nous nous souvenons que le long du Castelvecchio se distinguaient la Porta di San Giuseppe, la Porta all&rsquo;Arco et la Porta Oria (Aurea).<\/p>\n<p>D&rsquo;autres changements ont eu lieu au milieu du XIIIe si\u00e8cle, avec la cr\u00e9ation de nouvelles portes: Porte de Busseto, Porte de San Come, Porte de Fontebranda et la deuxi\u00e8me Porta Romana, d\u00e9plac\u00e9es au sud sur la place qui abrite le mus\u00e9e de la Soci\u00e9t\u00e9 des ex\u00e9cuteurs. des dispositions de tarte.<\/p>\n<p>\u00c0 partir de 1290, une nouvelle restructuration impliqua toute la partie sud de Sienne jusqu&rsquo;\u00e0 la limite des murs existants.<\/p>\n<p>La ceinture, qui \u00e9tait \u00e9quip\u00e9e de tours, commen\u00e7ait \u00e0 Porta di Busseto \u00e0 Porta Pispini, suivait ensuite l&rsquo;actuelle Porta Romana et continuait jusqu&rsquo;\u00e0 Porta Tufi, Porta San Marco et Porta Laterina.<\/p>\n<p>Il est bon de rappeler cependant que, selon les c\u00e9l\u00e8bres \u00ab\u00a0Chroniques de Sienne\u00a0\u00bb de Tizio, Sienne se vantait de la beaut\u00e9 de pas moins de 39 portes d&rsquo;entr\u00e9e et que chaque compagnie militaire ou \u00ab\u00a0Societatis\u00a0\u00bb se voyait confier la garde d&rsquo;au moins une d&rsquo;entre elles.<\/p>\n<p><strong> Pour compl\u00e9ter les informations, nous citons dans la liste toutes les portes dont Tizio s&rsquo;est souvenu: <\/strong><br \/>\n\u2022 All\u2019Arco<br \/>\n\u2022 Camollia o Camullia<br \/>\n\u2022 dei Canonici o Di Vallepiatta o Le Due Porte<br \/>\n\u2022 dei Frati Minori o di S. Francesco<br \/>\n\u2022 dei Peruzzini<br \/>\n\u2022 dei Provenzani<br \/>\n\u2022 dei Salvani<br \/>\n\u2022 di Busseto<br \/>\n\u2022 di Follonica<br \/>\n\u2022 di Fontebranda<br \/>\n\u2022 di San Viene<br \/>\n\u2022 Giustizia o Nuova di Valmontone<br \/>\n\u2022 Laterina<br \/>\n\u2022 Montis Guathiani<br \/>\n\u2022 Oria o Aurea<br \/>\n\u2022 Pescaia o Pescaria<br \/>\n\u2022 Pispini<br \/>\n\u2022 Porta a Ovile<br \/>\n\u2022 Postierla<br \/>\n\u2022 Praelorum<br \/>\n\u2022 Romana Attuale (Antiporto)<br \/>\n\u2022 Romana o Nuova o di San Martino<br \/>\n\u2022 Romana Vecchia<br \/>\n\u2022 S. Ansano<br \/>\n\u2022 S. Eugenia<br \/>\n\u2022 S. Salvatore<br \/>\n\u2022 Salaja o Salaria<br \/>\n\u2022 San Giorgio<br \/>\n\u2022 San Giovanni Battista<br \/>\n\u2022 San Giuseppe<br \/>\n\u2022 San Lorenzo<br \/>\n\u2022 San Marco<br \/>\n\u2022 San Maurizio<br \/>\n\u2022 San Prospero<br \/>\n\u2022 San Vigilio<br \/>\n\u2022 Stalloreggi (Stalloregii)<br \/>\n\u2022 Tufi<br \/>\n\u2022 Val Di Montone o Borgo Santa Maria<br \/>\n\u2022 Verchione<\/p>\n","protected":false},"excerpt":{"rendered":"<p>Quelles sont les portes pour entrer \u00e0 Sienne L\u2019histoire des remparts de Sienne est \u00e9videmment intrins\u00e8quement li\u00e9e \u00e0 ses portes,<\/p>\n","protected":false},"author":3,"featured_media":0,"parent":0,"menu_order":0,"comment_status":"closed","ping_status":"closed","template":"","meta":{"_acf_changed":false,"footnotes":""},"class_list":["post-2830","page","type-page","status-publish","hentry"],"acf":[],"yoast_head":"<!-- This site is optimized with the Yoast SEO plugin v26.4 - https:\/\/yoast.com\/wordpress\/plugins\/seo\/ -->\n<title>Quelles sont les Portes de Sienne - Hotel Minerva Siena<\/title>\n<meta name=\"robots\" content=\"index, follow, max-snippet:-1, max-image-preview:large, max-video-preview:-1\" \/>\n<link rel=\"canonical\" href=\"https:\/\/www.albergominerva.it\/fr\/quelles-sont-les-portes-de-sienne\/\" \/>\n<meta property=\"og:locale\" content=\"fr_FR\" \/>\n<meta property=\"og:type\" content=\"article\" \/>\n<meta property=\"og:title\" content=\"Quelles sont les Portes de Sienne - Hotel Minerva Siena\" \/>\n<meta property=\"og:description\" content=\"Quelles sont les portes pour entrer \u00e0 Sienne L\u2019histoire des remparts de Sienne est \u00e9videmment intrins\u00e8quement li\u00e9e \u00e0 ses portes,\" \/>\n<meta property=\"og:url\" content=\"https:\/\/www.albergominerva.it\/fr\/quelles-sont-les-portes-de-sienne\/\" \/>\n<meta property=\"og:site_name\" content=\"Hotel Minerva Siena\" \/>\n<meta name=\"twitter:card\" content=\"summary_large_image\" \/>\n<meta name=\"twitter:label1\" content=\"Dur\u00e9e de lecture estim\u00e9e\" \/>\n\t<meta name=\"twitter:data1\" content=\"5 minutes\" \/>\n<script type=\"application\/ld+json\" class=\"yoast-schema-graph\">{\"@context\":\"https:\/\/schema.org\",\"@graph\":[{\"@type\":\"WebPage\",\"@id\":\"https:\/\/www.albergominerva.it\/fr\/quelles-sont-les-portes-de-sienne\/\",\"url\":\"https:\/\/www.albergominerva.it\/fr\/quelles-sont-les-portes-de-sienne\/\",\"name\":\"Quelles sont les Portes de Sienne - Hotel Minerva Siena\",\"isPartOf\":{\"@id\":\"https:\/\/www.albergominerva.it\/fr\/#website\"},\"datePublished\":\"2019-03-03T11:51:03+00:00\",\"breadcrumb\":{\"@id\":\"https:\/\/www.albergominerva.it\/fr\/quelles-sont-les-portes-de-sienne\/#breadcrumb\"},\"inLanguage\":\"fr-FR\",\"potentialAction\":[{\"@type\":\"ReadAction\",\"target\":[\"https:\/\/www.albergominerva.it\/fr\/quelles-sont-les-portes-de-sienne\/\"]}]},{\"@type\":\"BreadcrumbList\",\"@id\":\"https:\/\/www.albergominerva.it\/fr\/quelles-sont-les-portes-de-sienne\/#breadcrumb\",\"itemListElement\":[{\"@type\":\"ListItem\",\"position\":1,\"name\":\"Home\",\"item\":\"https:\/\/www.albergominerva.it\/fr\/\"},{\"@type\":\"ListItem\",\"position\":2,\"name\":\"Quelles sont les Portes de Sienne\"}]},{\"@type\":\"WebSite\",\"@id\":\"https:\/\/www.albergominerva.it\/fr\/#website\",\"url\":\"https:\/\/www.albergominerva.it\/fr\/\",\"name\":\"Hotel Minerva Siena\",\"description\":\"Hotel in Centro Storico a Siena - Toscana - Italy\",\"potentialAction\":[{\"@type\":\"SearchAction\",\"target\":{\"@type\":\"EntryPoint\",\"urlTemplate\":\"https:\/\/www.albergominerva.it\/fr\/?s={search_term_string}\"},\"query-input\":{\"@type\":\"PropertyValueSpecification\",\"valueRequired\":true,\"valueName\":\"search_term_string\"}}],\"inLanguage\":\"fr-FR\"}]}<\/script>\n<!-- \/ Yoast SEO plugin. -->","yoast_head_json":{"title":"Quelles sont les Portes de Sienne - Hotel Minerva Siena","robots":{"index":"index","follow":"follow","max-snippet":"max-snippet:-1","max-image-preview":"max-image-preview:large","max-video-preview":"max-video-preview:-1"},"canonical":"https:\/\/www.albergominerva.it\/fr\/quelles-sont-les-portes-de-sienne\/","og_locale":"fr_FR","og_type":"article","og_title":"Quelles sont les Portes de Sienne - Hotel Minerva Siena","og_description":"Quelles sont les portes pour entrer \u00e0 Sienne L\u2019histoire des remparts de Sienne est \u00e9videmment intrins\u00e8quement li\u00e9e \u00e0 ses portes,","og_url":"https:\/\/www.albergominerva.it\/fr\/quelles-sont-les-portes-de-sienne\/","og_site_name":"Hotel Minerva Siena","twitter_card":"summary_large_image","twitter_misc":{"Dur\u00e9e de lecture estim\u00e9e":"5 minutes"},"schema":{"@context":"https:\/\/schema.org","@graph":[{"@type":"WebPage","@id":"https:\/\/www.albergominerva.it\/fr\/quelles-sont-les-portes-de-sienne\/","url":"https:\/\/www.albergominerva.it\/fr\/quelles-sont-les-portes-de-sienne\/","name":"Quelles sont les Portes de Sienne - Hotel Minerva Siena","isPartOf":{"@id":"https:\/\/www.albergominerva.it\/fr\/#website"},"datePublished":"2019-03-03T11:51:03+00:00","breadcrumb":{"@id":"https:\/\/www.albergominerva.it\/fr\/quelles-sont-les-portes-de-sienne\/#breadcrumb"},"inLanguage":"fr-FR","potentialAction":[{"@type":"ReadAction","target":["https:\/\/www.albergominerva.it\/fr\/quelles-sont-les-portes-de-sienne\/"]}]},{"@type":"BreadcrumbList","@id":"https:\/\/www.albergominerva.it\/fr\/quelles-sont-les-portes-de-sienne\/#breadcrumb","itemListElement":[{"@type":"ListItem","position":1,"name":"Home","item":"https:\/\/www.albergominerva.it\/fr\/"},{"@type":"ListItem","position":2,"name":"Quelles sont les Portes de Sienne"}]},{"@type":"WebSite","@id":"https:\/\/www.albergominerva.it\/fr\/#website","url":"https:\/\/www.albergominerva.it\/fr\/","name":"Hotel Minerva Siena","description":"Hotel in Centro Storico a Siena - Toscana - Italy","potentialAction":[{"@type":"SearchAction","target":{"@type":"EntryPoint","urlTemplate":"https:\/\/www.albergominerva.it\/fr\/?s={search_term_string}"},"query-input":{"@type":"PropertyValueSpecification","valueRequired":true,"valueName":"search_term_string"}}],"inLanguage":"fr-FR"}]}},"_links":{"self":[{"href":"https:\/\/www.albergominerva.it\/fr\/wp-json\/wp\/v2\/pages\/2830","targetHints":{"allow":["GET"]}}],"collection":[{"href":"https:\/\/www.albergominerva.it\/fr\/wp-json\/wp\/v2\/pages"}],"about":[{"href":"https:\/\/www.albergominerva.it\/fr\/wp-json\/wp\/v2\/types\/page"}],"author":[{"embeddable":true,"href":"https:\/\/www.albergominerva.it\/fr\/wp-json\/wp\/v2\/users\/3"}],"replies":[{"embeddable":true,"href":"https:\/\/www.albergominerva.it\/fr\/wp-json\/wp\/v2\/comments?post=2830"}],"version-history":[{"count":1,"href":"https:\/\/www.albergominerva.it\/fr\/wp-json\/wp\/v2\/pages\/2830\/revisions"}],"predecessor-version":[{"id":2831,"href":"https:\/\/www.albergominerva.it\/fr\/wp-json\/wp\/v2\/pages\/2830\/revisions\/2831"}],"wp:attachment":[{"href":"https:\/\/www.albergominerva.it\/fr\/wp-json\/wp\/v2\/media?parent=2830"}],"curies":[{"name":"wp","href":"https:\/\/api.w.org\/{rel}","templated":true}]}}