{"id":2832,"date":"2019-03-04T14:07:03","date_gmt":"2019-03-04T14:07:03","guid":{"rendered":"https:\/\/albergominerva.it\/fr\/?page_id=2832"},"modified":"2019-07-02T09:59:32","modified_gmt":"2019-07-02T07:59:32","slug":"ou-se-garer-a-sienne-quels-sont-les-principaux-parkings-ou-laisser-la-voiture","status":"publish","type":"page","link":"https:\/\/www.albergominerva.it\/fr\/ou-se-garer-a-sienne-quels-sont-les-principaux-parkings-ou-laisser-la-voiture\/","title":{"rendered":"O\u00f9 se garer \u00e0 Sienne: Quels sont les principaux parkings o\u00f9 laisser la voiture"},"content":{"rendered":"<p>Rappelez-vous que le centre historique de Sienne est consid\u00e9r\u00e9 comme une zone \u00e0 trafic limit\u00e9 (ZTL). Par cons\u00e9quent, sauf autorisation sp\u00e9ciale, il est obligatoire de stationner uniquement dans les zones situ\u00e9es \u00e0 l&rsquo;ext\u00e9rieur ou \u00e0 proximit\u00e9 de celui-ci.<\/p>\n<p>Voici une liste de parkings gratuits et payants, juste pour faciliter votre s\u00e9jour dans la ville du Palio.<\/p>\n<p>Commen\u00e7ons par le parking gratuit, signalant ceux de Strada Laterina, Viale Mario Bracci et Strada di Malizia.<\/p>\n<p><strong> Le petit parking de Strada Laterina <\/strong> est situ\u00e9 \u00e0 proximit\u00e9 du cimeti\u00e8re municipal et \u00e0 seulement 15 minutes \u00e0 pied de la Piazza del Campo. Si vous ne trouvez pas de place, vous pouvez toujours laisser votre voiture le long de la route juste \u00e0 l&rsquo;int\u00e9rieur de la Porta Laterina ou sur le parking \u00ab\u00a0Il Duomo\u00a0\u00bb.<\/p>\n<p><strong> Le parking gratuit de Viale Mario Bracci <\/strong>, la route qui m\u00e8ne \u00e0 l&rsquo;h\u00f4pital principal de la ville, vous permet de vous arr\u00eater le long d&rsquo;un c\u00f4t\u00e9 de la route. Vous pouvez donc vous garer ici et utiliser les transports en commun pour vous rendre au centre.<\/p>\n<p><strong> Le troisi\u00e8me et dernier parking gratuit \u00e0 Sienne est celui de Strada di Malizia <\/strong>: un petit parking situ\u00e9 non loin du centre historique, difficile \u00e0 trouver mais bien desservi par les transports en commun.<\/p>\n<p>Nous vous rappelons \u00e9galement que tous les parkings payants \u00e0 Sienne sont gratuits les jours f\u00e9ri\u00e9s, tandis que les jours de semaine, ils sont soumis \u00e0 des taux variables en fonction de la r\u00e9gion et du service offert.<\/p>\n<p>Pour chaque parking, vous trouverez ci-dessous toutes les informations concernant les horaires, les co\u00fbts et les distances du centre historique.<\/p>\n<p>Mais voici d&rsquo;autres parkings importants \u00e0 Sienne (pay\u00e9s pour ceux que nous avons signal\u00e9s aux tarifs de 2018).<\/p>\n<p><strong> Le champ <\/strong><br \/>\nCe grand parking est situ\u00e9 pr\u00e8s de Porta Tufi, \u00e0 quelques centaines de m\u00e8tres de la Piazza del Campo, de la Torre del Mangia et du Palazzo Pubblico.<\/p>\n<p>Il est ouvert 24h \/ 24 et co\u00fbte 2 euros par heure (tarif 2018), tandis que le tarif \u00e0 la journ\u00e9e est de 35 euros (tarif 2018).<\/p>\n<p><strong> Le Duomo <\/strong><br \/>\nIl s\u2019agit d\u2019un parking de taille moyenne situ\u00e9 non loin de Porta San Marco. Le Duomo et le complexe Santa Maria della Scala sont tr\u00e8s proches, tandis que la Piazza del Campo et tous les autres monuments importants sont facilement accessibles en quelques minutes \u00e0 pied.<\/p>\n<p>Ouvert 24h, 2 euros l&rsquo;heure et tarif journalier \u00e0 35 euros.<\/p>\n<p><strong> Santa Caterina <\/strong><br \/>\nLe grand parking de Santa Caterina est situ\u00e9 pr\u00e8s du complexe de Santa Maria della Scala. La Piazza del Campo est accessible en 15 minutes \u00e0 pied environ. L&rsquo;\u00e9glise de San Domenico et le sanctuaire de Santa Caterina sont \u00e0 quelques centaines de m\u00e8tres.<\/p>\n<p>Il est ouvert 24h \/ 24. Chaque heure, vous d\u00e9pensez 2 euros. Le tarif journalier est de 35 euros.<\/p>\n<p><strong> San Francesco <\/strong><br \/>\nLe parking de San Francesco n&rsquo;est pas tr\u00e8s grand, mais en tout cas spacieux et est situ\u00e9 non loin de la magnifique \u00e9glise de San Francesco et \u00e0 proximit\u00e9 de l&rsquo;universit\u00e9 de Sienne.<\/p>\n<p>Le service est couvert 24h \/ 24, \u00e0 un taux horaire de 2 euros et le tarif journalier n\u2019exc\u00e8de pas 35 euros.<\/p>\n<p><strong>-Stadio Fortezza <\/strong><br \/>\nC&rsquo;est l&rsquo;un des plus grands parkings de Sienne et peut contenir plus de 800 voitures. Il est situ\u00e9 non loin de la forteresse des M\u00e9dicis et des murailles m\u00e9dic\u00e9ennes caract\u00e9ristiques de la ville.<\/p>\n<p>Depuis ce parking, vous pourrez facilement rejoindre le stade de Sienne. Il ne vous faudra que quelques minutes de marche et m\u00eame le centre historique est suffisamment proche.<\/p>\n<p>C&rsquo;est le lieu de repos id\u00e9al pour ceux qui arrivent \u00e0 Sienne \u00e0 l&rsquo;occasion du Palio.<\/p>\n<p>Il est \u00e9vident que le parking est ouvert 24 heures sur 24, le tarif horaire est de 2 euros et le tarif journalier n\u2019exc\u00e8de pas 26 euros. Comme dit, pendant la journ\u00e9e du Palio, il y a une r\u00e9duction sur le tarif journalier et le co\u00fbt n&rsquo;est que de 20 euros.<\/p>\n<p>Il y a aussi une partie libre o\u00f9 les bus s&rsquo;arr\u00eatent.<\/p>\n<p><strong> Train <\/strong><\/p>\n<p>Enfin, nous signalons le parking de la gare de Sienne, non seulement parce qu\u2019il est l\u2019un des plus grands, mais aussi parce qu\u2019il est sans doute le moins cher pour ceux qui restent en ville toute la journ\u00e9e. Il y a aussi un escalator qui am\u00e8ne les clients pr\u00e8s de Porta Camollia.<\/p>\n<p>De plus, ce parking est ouvert 24h \/ 24, au tarif horaire de 0,50 \u20ac et de 2 \u20ac pour la deuxi\u00e8me heure et pour toute la journ\u00e9e.<\/p>\n<p>Bien s\u00fbr, si vous voulez rester \u00e0 Sienne, il est toujours plus pratique de se garer dans un h\u00f4tel du centre de Sienne avec un garage payant comme le Minerva Hotel.<\/p>\n<p>Faites d\u00e9filer le site Web et d\u00e9couvrez toutes nos chambres panoramiques avec vue sur le centre historique de Sienne.<\/p>\n<p>Si vous r\u00e9servez ensuite directement sur le site, vous b\u00e9n\u00e9ficierez toujours du meilleur prix garanti.<\/p>\n","protected":false},"excerpt":{"rendered":"<p>Rappelez-vous que le centre historique de Sienne est consid\u00e9r\u00e9 comme une zone \u00e0 trafic limit\u00e9 (ZTL). Par cons\u00e9quent, sauf autorisation<\/p>\n","protected":false},"author":3,"featured_media":0,"parent":0,"menu_order":0,"comment_status":"closed","ping_status":"closed","template":"","meta":{"_acf_changed":false,"footnotes":""},"class_list":["post-2832","page","type-page","status-publish","hentry"],"acf":[],"yoast_head":"<!-- This site is optimized with the Yoast SEO plugin v27.4 - https:\/\/yoast.com\/product\/yoast-seo-wordpress\/ -->\n<title>O\u00f9 se garer \u00e0 Sienne: Quels sont les principaux parkings o\u00f9 laisser la voiture - Hotel Minerva Siena<\/title>\n<meta name=\"robots\" content=\"index, follow, max-snippet:-1, max-image-preview:large, max-video-preview:-1\" \/>\n<link rel=\"canonical\" href=\"https:\/\/www.albergominerva.it\/fr\/ou-se-garer-a-sienne-quels-sont-les-principaux-parkings-ou-laisser-la-voiture\/\" \/>\n<meta property=\"og:locale\" content=\"fr_FR\" \/>\n<meta property=\"og:type\" content=\"article\" \/>\n<meta property=\"og:title\" content=\"O\u00f9 se garer \u00e0 Sienne: Quels sont les principaux parkings o\u00f9 laisser la voiture - Hotel Minerva Siena\" \/>\n<meta property=\"og:description\" content=\"Rappelez-vous que le centre historique de Sienne est consid\u00e9r\u00e9 comme une zone \u00e0 trafic limit\u00e9 (ZTL). Par cons\u00e9quent, sauf autorisation\" \/>\n<meta property=\"og:url\" content=\"https:\/\/www.albergominerva.it\/fr\/ou-se-garer-a-sienne-quels-sont-les-principaux-parkings-ou-laisser-la-voiture\/\" \/>\n<meta property=\"og:site_name\" content=\"Hotel Minerva Siena\" \/>\n<meta property=\"article:modified_time\" content=\"2019-07-02T07:59:32+00:00\" \/>\n<meta name=\"twitter:card\" content=\"summary_large_image\" \/>\n<meta name=\"twitter:label1\" content=\"Dur\u00e9e de lecture estim\u00e9e\" \/>\n\t<meta name=\"twitter:data1\" content=\"4 minutes\" \/>\n<script type=\"application\/ld+json\" class=\"yoast-schema-graph\">{\"@context\":\"https:\\\/\\\/schema.org\",\"@graph\":[{\"@type\":\"WebPage\",\"@id\":\"https:\\\/\\\/www.albergominerva.it\\\/fr\\\/ou-se-garer-a-sienne-quels-sont-les-principaux-parkings-ou-laisser-la-voiture\\\/\",\"url\":\"https:\\\/\\\/www.albergominerva.it\\\/fr\\\/ou-se-garer-a-sienne-quels-sont-les-principaux-parkings-ou-laisser-la-voiture\\\/\",\"name\":\"O\u00f9 se garer \u00e0 Sienne: Quels sont les principaux parkings o\u00f9 laisser la voiture - Hotel Minerva Siena\",\"isPartOf\":{\"@id\":\"https:\\\/\\\/www.albergominerva.it\\\/fr\\\/#website\"},\"datePublished\":\"2019-03-04T14:07:03+00:00\",\"dateModified\":\"2019-07-02T07:59:32+00:00\",\"breadcrumb\":{\"@id\":\"https:\\\/\\\/www.albergominerva.it\\\/fr\\\/ou-se-garer-a-sienne-quels-sont-les-principaux-parkings-ou-laisser-la-voiture\\\/#breadcrumb\"},\"inLanguage\":\"fr-FR\",\"potentialAction\":[{\"@type\":\"ReadAction\",\"target\":[\"https:\\\/\\\/www.albergominerva.it\\\/fr\\\/ou-se-garer-a-sienne-quels-sont-les-principaux-parkings-ou-laisser-la-voiture\\\/\"]}]},{\"@type\":\"BreadcrumbList\",\"@id\":\"https:\\\/\\\/www.albergominerva.it\\\/fr\\\/ou-se-garer-a-sienne-quels-sont-les-principaux-parkings-ou-laisser-la-voiture\\\/#breadcrumb\",\"itemListElement\":[{\"@type\":\"ListItem\",\"position\":1,\"name\":\"Home\",\"item\":\"https:\\\/\\\/www.albergominerva.it\\\/fr\\\/\"},{\"@type\":\"ListItem\",\"position\":2,\"name\":\"O\u00f9 se garer \u00e0 Sienne: Quels sont les principaux parkings o\u00f9 laisser la voiture\"}]},{\"@type\":\"WebSite\",\"@id\":\"https:\\\/\\\/www.albergominerva.it\\\/fr\\\/#website\",\"url\":\"https:\\\/\\\/www.albergominerva.it\\\/fr\\\/\",\"name\":\"Hotel Minerva Siena\",\"description\":\"Hotel in Centro Storico a Siena - Toscana - Italy\",\"potentialAction\":[{\"@type\":\"SearchAction\",\"target\":{\"@type\":\"EntryPoint\",\"urlTemplate\":\"https:\\\/\\\/www.albergominerva.it\\\/fr\\\/?s={search_term_string}\"},\"query-input\":{\"@type\":\"PropertyValueSpecification\",\"valueRequired\":true,\"valueName\":\"search_term_string\"}}],\"inLanguage\":\"fr-FR\"}]}<\/script>\n<!-- \/ Yoast SEO plugin. -->","yoast_head_json":{"title":"O\u00f9 se garer \u00e0 Sienne: Quels sont les principaux parkings o\u00f9 laisser la voiture - Hotel Minerva Siena","robots":{"index":"index","follow":"follow","max-snippet":"max-snippet:-1","max-image-preview":"max-image-preview:large","max-video-preview":"max-video-preview:-1"},"canonical":"https:\/\/www.albergominerva.it\/fr\/ou-se-garer-a-sienne-quels-sont-les-principaux-parkings-ou-laisser-la-voiture\/","og_locale":"fr_FR","og_type":"article","og_title":"O\u00f9 se garer \u00e0 Sienne: Quels sont les principaux parkings o\u00f9 laisser la voiture - Hotel Minerva Siena","og_description":"Rappelez-vous que le centre historique de Sienne est consid\u00e9r\u00e9 comme une zone \u00e0 trafic limit\u00e9 (ZTL). Par cons\u00e9quent, sauf autorisation","og_url":"https:\/\/www.albergominerva.it\/fr\/ou-se-garer-a-sienne-quels-sont-les-principaux-parkings-ou-laisser-la-voiture\/","og_site_name":"Hotel Minerva Siena","article_modified_time":"2019-07-02T07:59:32+00:00","twitter_card":"summary_large_image","twitter_misc":{"Dur\u00e9e de lecture estim\u00e9e":"4 minutes"},"schema":{"@context":"https:\/\/schema.org","@graph":[{"@type":"WebPage","@id":"https:\/\/www.albergominerva.it\/fr\/ou-se-garer-a-sienne-quels-sont-les-principaux-parkings-ou-laisser-la-voiture\/","url":"https:\/\/www.albergominerva.it\/fr\/ou-se-garer-a-sienne-quels-sont-les-principaux-parkings-ou-laisser-la-voiture\/","name":"O\u00f9 se garer \u00e0 Sienne: Quels sont les principaux parkings o\u00f9 laisser la voiture - Hotel Minerva Siena","isPartOf":{"@id":"https:\/\/www.albergominerva.it\/fr\/#website"},"datePublished":"2019-03-04T14:07:03+00:00","dateModified":"2019-07-02T07:59:32+00:00","breadcrumb":{"@id":"https:\/\/www.albergominerva.it\/fr\/ou-se-garer-a-sienne-quels-sont-les-principaux-parkings-ou-laisser-la-voiture\/#breadcrumb"},"inLanguage":"fr-FR","potentialAction":[{"@type":"ReadAction","target":["https:\/\/www.albergominerva.it\/fr\/ou-se-garer-a-sienne-quels-sont-les-principaux-parkings-ou-laisser-la-voiture\/"]}]},{"@type":"BreadcrumbList","@id":"https:\/\/www.albergominerva.it\/fr\/ou-se-garer-a-sienne-quels-sont-les-principaux-parkings-ou-laisser-la-voiture\/#breadcrumb","itemListElement":[{"@type":"ListItem","position":1,"name":"Home","item":"https:\/\/www.albergominerva.it\/fr\/"},{"@type":"ListItem","position":2,"name":"O\u00f9 se garer \u00e0 Sienne: Quels sont les principaux parkings o\u00f9 laisser la voiture"}]},{"@type":"WebSite","@id":"https:\/\/www.albergominerva.it\/fr\/#website","url":"https:\/\/www.albergominerva.it\/fr\/","name":"Hotel Minerva Siena","description":"Hotel in Centro Storico a Siena - Toscana - Italy","potentialAction":[{"@type":"SearchAction","target":{"@type":"EntryPoint","urlTemplate":"https:\/\/www.albergominerva.it\/fr\/?s={search_term_string}"},"query-input":{"@type":"PropertyValueSpecification","valueRequired":true,"valueName":"search_term_string"}}],"inLanguage":"fr-FR"}]}},"_links":{"self":[{"href":"https:\/\/www.albergominerva.it\/fr\/wp-json\/wp\/v2\/pages\/2832","targetHints":{"allow":["GET"]}}],"collection":[{"href":"https:\/\/www.albergominerva.it\/fr\/wp-json\/wp\/v2\/pages"}],"about":[{"href":"https:\/\/www.albergominerva.it\/fr\/wp-json\/wp\/v2\/types\/page"}],"author":[{"embeddable":true,"href":"https:\/\/www.albergominerva.it\/fr\/wp-json\/wp\/v2\/users\/3"}],"replies":[{"embeddable":true,"href":"https:\/\/www.albergominerva.it\/fr\/wp-json\/wp\/v2\/comments?post=2832"}],"version-history":[{"count":2,"href":"https:\/\/www.albergominerva.it\/fr\/wp-json\/wp\/v2\/pages\/2832\/revisions"}],"predecessor-version":[{"id":3559,"href":"https:\/\/www.albergominerva.it\/fr\/wp-json\/wp\/v2\/pages\/2832\/revisions\/3559"}],"wp:attachment":[{"href":"https:\/\/www.albergominerva.it\/fr\/wp-json\/wp\/v2\/media?parent=2832"}],"curies":[{"name":"wp","href":"https:\/\/api.w.org\/{rel}","templated":true}]}}