{"id":2837,"date":"2019-03-04T14:17:13","date_gmt":"2019-03-04T14:17:13","guid":{"rendered":"https:\/\/albergominerva.it\/fr\/?page_id=2837"},"modified":"2019-03-04T14:17:13","modified_gmt":"2019-03-04T14:17:13","slug":"ou-les-escaliers-mecaniques-de-sienne-sont-ils-connectes-au-parking","status":"publish","type":"page","link":"https:\/\/www.albergominerva.it\/fr\/ou-les-escaliers-mecaniques-de-sienne-sont-ils-connectes-au-parking\/","title":{"rendered":"O\u00f9 les escaliers m\u00e9caniques de Sienne sont-ils connect\u00e9s au parking?"},"content":{"rendered":"<h1> O\u00f9 sont les escaliers m\u00e9caniques \u00e0 Sienne \u00e0 proximit\u00e9 des parkings <\/h1>\n<p><strong> O\u00f9 sont les escaliers m\u00e9caniques \u00e0 Sienne? <\/strong><\/p>\n<p>Pour faciliter la visite du centre-ville historique, la municipalit\u00e9 de Sienne a mis en place un syst\u00e8me d&rsquo;escalators reli\u00e9 \u00e0 une s\u00e9rie de parkings depuis plusieurs ann\u00e9es.<\/p>\n<p>Ces escalators, ouverts 24h \/ 24, sont situ\u00e9s au nord, \u00e0 l&rsquo;est et \u00e0 l&rsquo;ouest de Sienne et vous permettent d&rsquo;\u00e9viter les fortes inclinaisons rencontr\u00e9es en direction du centre-ville.<\/p>\n<p>Ce syst\u00e8me \u00e9tudi\u00e9 en d\u00e9tail permet aux touristes et aux habitants de r\u00e9duire le temps de trajet et d\u2019atteindre les points de la ville dans les meilleures conditions de s\u00e9curit\u00e9.<\/p>\n<p>Ceci est rendu possible gr\u00e2ce \u00e0 l&rsquo;utilisation de parkings situ\u00e9s \u00e0 des points strat\u00e9giques d&rsquo;acc\u00e8s \u00e0 la ville et reli\u00e9s au centre historique par des escalators et des minibus.<\/p>\n<p>Mais voyons maintenant quelles sont les escales mobiles les plus importantes de Sienne et dans quelle partie de la ville elles se trouvent.<\/p>\n<p><strong> La Stazione-Antiporto-Porta Camollia de Risalita <\/\u200b\u200bstrong> peut relier la gare de Sienne au quartier Anti -porto, pr\u00e8s de Porta Camollia.<\/p>\n<p>Cette situation est id\u00e9ale pour ceux qui arrivent \u00e0 Sienne en train ou en bus et souhaitent rejoindre le centre-ville le plus rapidement possible.<\/p>\n<p>C&rsquo;est aussi une bonne possibilit\u00e9 pour ceux qui sont \u00e9quip\u00e9s de voitures, car il est possible de se garer pr\u00e8s de la gare.<\/p>\n<p>Cette ascension m\u00e9canis\u00e9e est la plus r\u00e9cente et a \u00e9t\u00e9 inaugur\u00e9e par la commune de Sienne en 2011.<\/p>\n<p>Il traverse un chemin de 283 m\u00e8tres pour atteindre une d\u00e9nivellation de 62 m\u00e8tres, permettant une capacit\u00e9 maximale d&rsquo;environ 6000 personnes par heure.<\/p>\n<p>Sur le chemin, vous trouverez de nombreux magasins et restaurants. La Piazza del Campo se trouve \u00e0 seulement 25 minutes \u00e0 pied.<\/p>\n<p>La route est pour la plupart du temps en sous-sol ou en sous-sol et la ville de Sienne a \u00e9galement pens\u00e9 aux personnes handicap\u00e9es.<\/p>\n<p>En fait, il est possible de rejoindre la base de l&rsquo;usine et Piazzale Rosselli \u00e0 partir du parking souterrain de la station, en profitant des ascenseurs pratiques.<\/p>\n<p>Puis arriv\u00e9 \u00e0 Piazzale Rosselli, gr\u00e2ce \u00e0 des syst\u00e8mes d\u2019appel sp\u00e9ciaux, vous pouvez b\u00e9n\u00e9ficier du service de taxi d\u00e9di\u00e9.<\/p>\n<p><strong> La deuxi\u00e8me ascension m\u00e9canis\u00e9e des pi\u00e9tons est la mont\u00e9e de San Francesco <\/strong> &#8211; Estacco Est.<\/p>\n<p>Ces escaliers m\u00e9caniques sont situ\u00e9s pr\u00e8s de l&rsquo;\u00e9glise San Francesco et de la place du m\u00eame nom qui abrite plusieurs d\u00e9partements de l&rsquo;universit\u00e9 de Sienne.<\/p>\n<p>En profitant de cet ascenseur, vous pourrez rejoindre rapidement la Piazza Salimbeni, la Piazza Provenzano, le parcours de la ville et bien s\u00fbr la Piazza del Campo.<\/p>\n<p>Le premier syst\u00e8me avec des escaliers m\u00e9caniques construit par la municipalit\u00e9 de Sienne, la Risalita di San Francesco, vous permet de traverser tout le boulevard p\u00e9riph\u00e9rique de la Piazza Francesco en quelques minutes.<\/p>\n<p>Le parcours, compl\u00e8tement concern\u00e9 \u00e0 l&rsquo;exception de l&rsquo;acc\u00e8s, est de 120 m\u00e8tres et passe directement sous les murs du &lsquo;400 pour se rendre \u00e0 l&rsquo;arri\u00e8re de la basilique de San Francesco.<\/p>\n<p>Son inauguration remonte \u00e0 2000 et devrait transporter environ un million de touristes et de locaux chaque ann\u00e9e.<\/p>\n<p>Et enfin, nous voyons le troisi\u00e8me et dernier service d&rsquo;escalator: <strong> Santa Caterina Rising &#8211; West Docking. <\/strong><\/p>\n<p>Cette installation est juste \u00e0 c\u00f4t\u00e9 du parking de Santa Caterina et tr\u00e8s proche de la zone de repos pour les bus pour les touristes.<\/p>\n<p>Il repr\u00e9sente \u00e9galement une connexion directe avec la Piazza del Campo et la Piazza Duomo.<br \/>\nCet ascenseur a \u00e9t\u00e9 inaugur\u00e9 en 2005 et consiste en douze vols d\u2019escaliers m\u00e9caniques d\u2019une capacit\u00e9 horaire d\u2019environ 4 500 personnes.<\/p>\n<p>L&rsquo;entr\u00e9e de la vall\u00e9e se trouve Via Esterna di Fontebranda, pr\u00e8s de la porte du m\u00eame nom et \u00e0 quelques m\u00e8tres de la source et du parking Santa Caterina.<\/p>\n<p>La sortie en amont se situe Via di Valle Piatta, \u00e0 moins de 200 m\u00e8tres du Duomo.<\/p>\n<p>Ces escaliers m\u00e9caniques ont \u00e9t\u00e9 r\u00e9alis\u00e9s avec un d\u00e9marrage automatique particulier avec des cellules photo\u00e9lectriques et le syst\u00e8me complet est d\u00e9velopp\u00e9 sous Via del Costone, ce qui permet de surmonter une diff\u00e9rence de hauteur de 35 m\u00e8tres.<\/p>\n<p>L&rsquo;ascension est compl\u00e8tement souterraine et est id\u00e9ale pour atteindre le Duomo, le complexe du mus\u00e9e de Santa Maria della Scala, la basilique de S. Domenico, le sanctuaire Caterina et bien s\u00fbr le centre-ville.<\/p>\n<p><strong> Bien entendu, garer et prendre des escaliers m\u00e9caniques n&rsquo;est pas la solution la plus simple. <\/strong><\/p>\n<p>La solution la plus pratique consiste sans aucun doute \u00e0 r\u00e9server un h\u00f4tel \u00e0 Siena Centro tel que l\u2019h\u00f4tel Minerva, notre h\u00f4tel situ\u00e9 au centre de Sienne avec un parking parfait pour les familles et les couples qui souhaitent un maximum de confort.<\/p>\n<p>Naviguez sur le site et d\u00e9couvrez toutes nos chambres avec vue panoramique sur le centre historique de Sienne. N&rsquo;oubliez pas que si vous r\u00e9servez sur ce site, vous b\u00e9n\u00e9ficierez toujours du meilleur prix garanti.<\/p>\n","protected":false},"excerpt":{"rendered":"<p>O\u00f9 sont les escaliers m\u00e9caniques \u00e0 Sienne \u00e0 proximit\u00e9 des parkings O\u00f9 sont les escaliers m\u00e9caniques \u00e0 Sienne? Pour faciliter<\/p>\n","protected":false},"author":3,"featured_media":0,"parent":0,"menu_order":0,"comment_status":"closed","ping_status":"closed","template":"","meta":{"_acf_changed":false,"footnotes":""},"class_list":["post-2837","page","type-page","status-publish","hentry"],"acf":[],"yoast_head":"<!-- This site is optimized with the Yoast SEO plugin v26.4 - https:\/\/yoast.com\/wordpress\/plugins\/seo\/ -->\n<title>O\u00f9 les escaliers m\u00e9caniques de Sienne sont-ils connect\u00e9s au parking? - Hotel Minerva Siena<\/title>\n<meta name=\"robots\" content=\"index, follow, max-snippet:-1, max-image-preview:large, max-video-preview:-1\" \/>\n<link rel=\"canonical\" href=\"https:\/\/www.albergominerva.it\/fr\/ou-les-escaliers-mecaniques-de-sienne-sont-ils-connectes-au-parking\/\" \/>\n<meta property=\"og:locale\" content=\"fr_FR\" \/>\n<meta property=\"og:type\" content=\"article\" \/>\n<meta property=\"og:title\" content=\"O\u00f9 les escaliers m\u00e9caniques de Sienne sont-ils connect\u00e9s au parking? - Hotel Minerva Siena\" \/>\n<meta property=\"og:description\" content=\"O\u00f9 sont les escaliers m\u00e9caniques \u00e0 Sienne \u00e0 proximit\u00e9 des parkings O\u00f9 sont les escaliers m\u00e9caniques \u00e0 Sienne? Pour faciliter\" \/>\n<meta property=\"og:url\" content=\"https:\/\/www.albergominerva.it\/fr\/ou-les-escaliers-mecaniques-de-sienne-sont-ils-connectes-au-parking\/\" \/>\n<meta property=\"og:site_name\" content=\"Hotel Minerva Siena\" \/>\n<meta name=\"twitter:card\" content=\"summary_large_image\" \/>\n<meta name=\"twitter:label1\" content=\"Dur\u00e9e de lecture estim\u00e9e\" \/>\n\t<meta name=\"twitter:data1\" content=\"4 minutes\" \/>\n<script type=\"application\/ld+json\" class=\"yoast-schema-graph\">{\"@context\":\"https:\/\/schema.org\",\"@graph\":[{\"@type\":\"WebPage\",\"@id\":\"https:\/\/www.albergominerva.it\/fr\/ou-les-escaliers-mecaniques-de-sienne-sont-ils-connectes-au-parking\/\",\"url\":\"https:\/\/www.albergominerva.it\/fr\/ou-les-escaliers-mecaniques-de-sienne-sont-ils-connectes-au-parking\/\",\"name\":\"O\u00f9 les escaliers m\u00e9caniques de Sienne sont-ils connect\u00e9s au parking? - Hotel Minerva Siena\",\"isPartOf\":{\"@id\":\"https:\/\/www.albergominerva.it\/fr\/#website\"},\"datePublished\":\"2019-03-04T14:17:13+00:00\",\"breadcrumb\":{\"@id\":\"https:\/\/www.albergominerva.it\/fr\/ou-les-escaliers-mecaniques-de-sienne-sont-ils-connectes-au-parking\/#breadcrumb\"},\"inLanguage\":\"fr-FR\",\"potentialAction\":[{\"@type\":\"ReadAction\",\"target\":[\"https:\/\/www.albergominerva.it\/fr\/ou-les-escaliers-mecaniques-de-sienne-sont-ils-connectes-au-parking\/\"]}]},{\"@type\":\"BreadcrumbList\",\"@id\":\"https:\/\/www.albergominerva.it\/fr\/ou-les-escaliers-mecaniques-de-sienne-sont-ils-connectes-au-parking\/#breadcrumb\",\"itemListElement\":[{\"@type\":\"ListItem\",\"position\":1,\"name\":\"Home\",\"item\":\"https:\/\/www.albergominerva.it\/fr\/\"},{\"@type\":\"ListItem\",\"position\":2,\"name\":\"O\u00f9 les escaliers m\u00e9caniques de Sienne sont-ils connect\u00e9s au parking?\"}]},{\"@type\":\"WebSite\",\"@id\":\"https:\/\/www.albergominerva.it\/fr\/#website\",\"url\":\"https:\/\/www.albergominerva.it\/fr\/\",\"name\":\"Hotel Minerva Siena\",\"description\":\"Hotel in Centro Storico a Siena - Toscana - Italy\",\"potentialAction\":[{\"@type\":\"SearchAction\",\"target\":{\"@type\":\"EntryPoint\",\"urlTemplate\":\"https:\/\/www.albergominerva.it\/fr\/?s={search_term_string}\"},\"query-input\":{\"@type\":\"PropertyValueSpecification\",\"valueRequired\":true,\"valueName\":\"search_term_string\"}}],\"inLanguage\":\"fr-FR\"}]}<\/script>\n<!-- \/ Yoast SEO plugin. -->","yoast_head_json":{"title":"O\u00f9 les escaliers m\u00e9caniques de Sienne sont-ils connect\u00e9s au parking? - Hotel Minerva Siena","robots":{"index":"index","follow":"follow","max-snippet":"max-snippet:-1","max-image-preview":"max-image-preview:large","max-video-preview":"max-video-preview:-1"},"canonical":"https:\/\/www.albergominerva.it\/fr\/ou-les-escaliers-mecaniques-de-sienne-sont-ils-connectes-au-parking\/","og_locale":"fr_FR","og_type":"article","og_title":"O\u00f9 les escaliers m\u00e9caniques de Sienne sont-ils connect\u00e9s au parking? - Hotel Minerva Siena","og_description":"O\u00f9 sont les escaliers m\u00e9caniques \u00e0 Sienne \u00e0 proximit\u00e9 des parkings O\u00f9 sont les escaliers m\u00e9caniques \u00e0 Sienne? Pour faciliter","og_url":"https:\/\/www.albergominerva.it\/fr\/ou-les-escaliers-mecaniques-de-sienne-sont-ils-connectes-au-parking\/","og_site_name":"Hotel Minerva Siena","twitter_card":"summary_large_image","twitter_misc":{"Dur\u00e9e de lecture estim\u00e9e":"4 minutes"},"schema":{"@context":"https:\/\/schema.org","@graph":[{"@type":"WebPage","@id":"https:\/\/www.albergominerva.it\/fr\/ou-les-escaliers-mecaniques-de-sienne-sont-ils-connectes-au-parking\/","url":"https:\/\/www.albergominerva.it\/fr\/ou-les-escaliers-mecaniques-de-sienne-sont-ils-connectes-au-parking\/","name":"O\u00f9 les escaliers m\u00e9caniques de Sienne sont-ils connect\u00e9s au parking? - Hotel Minerva Siena","isPartOf":{"@id":"https:\/\/www.albergominerva.it\/fr\/#website"},"datePublished":"2019-03-04T14:17:13+00:00","breadcrumb":{"@id":"https:\/\/www.albergominerva.it\/fr\/ou-les-escaliers-mecaniques-de-sienne-sont-ils-connectes-au-parking\/#breadcrumb"},"inLanguage":"fr-FR","potentialAction":[{"@type":"ReadAction","target":["https:\/\/www.albergominerva.it\/fr\/ou-les-escaliers-mecaniques-de-sienne-sont-ils-connectes-au-parking\/"]}]},{"@type":"BreadcrumbList","@id":"https:\/\/www.albergominerva.it\/fr\/ou-les-escaliers-mecaniques-de-sienne-sont-ils-connectes-au-parking\/#breadcrumb","itemListElement":[{"@type":"ListItem","position":1,"name":"Home","item":"https:\/\/www.albergominerva.it\/fr\/"},{"@type":"ListItem","position":2,"name":"O\u00f9 les escaliers m\u00e9caniques de Sienne sont-ils connect\u00e9s au parking?"}]},{"@type":"WebSite","@id":"https:\/\/www.albergominerva.it\/fr\/#website","url":"https:\/\/www.albergominerva.it\/fr\/","name":"Hotel Minerva Siena","description":"Hotel in Centro Storico a Siena - Toscana - Italy","potentialAction":[{"@type":"SearchAction","target":{"@type":"EntryPoint","urlTemplate":"https:\/\/www.albergominerva.it\/fr\/?s={search_term_string}"},"query-input":{"@type":"PropertyValueSpecification","valueRequired":true,"valueName":"search_term_string"}}],"inLanguage":"fr-FR"}]}},"_links":{"self":[{"href":"https:\/\/www.albergominerva.it\/fr\/wp-json\/wp\/v2\/pages\/2837","targetHints":{"allow":["GET"]}}],"collection":[{"href":"https:\/\/www.albergominerva.it\/fr\/wp-json\/wp\/v2\/pages"}],"about":[{"href":"https:\/\/www.albergominerva.it\/fr\/wp-json\/wp\/v2\/types\/page"}],"author":[{"embeddable":true,"href":"https:\/\/www.albergominerva.it\/fr\/wp-json\/wp\/v2\/users\/3"}],"replies":[{"embeddable":true,"href":"https:\/\/www.albergominerva.it\/fr\/wp-json\/wp\/v2\/comments?post=2837"}],"version-history":[{"count":1,"href":"https:\/\/www.albergominerva.it\/fr\/wp-json\/wp\/v2\/pages\/2837\/revisions"}],"predecessor-version":[{"id":2838,"href":"https:\/\/www.albergominerva.it\/fr\/wp-json\/wp\/v2\/pages\/2837\/revisions\/2838"}],"wp:attachment":[{"href":"https:\/\/www.albergominerva.it\/fr\/wp-json\/wp\/v2\/media?parent=2837"}],"curies":[{"name":"wp","href":"https:\/\/api.w.org\/{rel}","templated":true}]}}