{"id":2890,"date":"2019-03-16T14:47:23","date_gmt":"2019-03-16T14:47:23","guid":{"rendered":"https:\/\/albergominerva.it\/fr\/?page_id=2890"},"modified":"2019-07-02T10:54:00","modified_gmt":"2019-07-02T08:54:00","slug":"que-voir-a-sienne-le-sanctuaire-de-santa-caterina","status":"publish","type":"page","link":"https:\/\/www.albergominerva.it\/fr\/que-voir-a-sienne-le-sanctuaire-de-santa-caterina\/","title":{"rendered":"Que voir \u00e0 Sienne: le sanctuaire de Santa Caterina"},"content":{"rendered":"<h1>Le sanctuaire de Santa Caterina<\/h1>\n<p><strong> \u00c9pouse de Dieu, Theologa, mystique, philosophe, femme d\u2019une intelligence incroyable et d\u2019une foi profonde et contagieuse, Caterina Benincasa est la patronne de l\u2019Italie et de l\u2019Europe <!-- strong--> et surtout gardienne de la magie intens\u00e9ment f\u00e9brile qui anime l\u2019ensemble ville de Sienne, qui dans sa maison de No\u00ebl a construit l\u2019un des sanctuaires les plus fascinants d\u2019Europe en 1464.<\/strong><\/p>\n<p>Cette maison de sanctuaire abrite diff\u00e9rentes pi\u00e8ces ayant chacune son charme mystique et myst\u00e9rieux.<\/p>\n<p><strong> Il y a l&rsquo;\u00e9glise du Crucifix, r\u00e9alis\u00e9e entre 1614 et 1623, qui abrite le fameux Crucifix des stigmates que Caterina a re\u00e7u en 1375, un \u00e9v\u00e9nement miraculeux qui a contribu\u00e9 \u00e0 rendre sa l\u00e9gende aussi r\u00e9elle que merveilleuse.<\/strong><\/p>\n<p>Dans cette partie, vous trouverez de nombreuses peintures du XVIIIe si\u00e8cle, telles que Le retour du pape de Franchini \u00e0 Rome, Sainte Catherine exhortant le pape \u00e0 revenir en Italie d&rsquo;Alessandro Calvi et L&rsquo;Elemosina de Santa Caterina de Libero Guerrini et enfin Santa Caterina Assalita des soldats de Perpignani. .<\/p>\n<p><strong> Inimaginable, c\u2019est la chapelle fantastique orn\u00e9e de fresques de Giuseppe Nicola Nasini <\/strong> et d\u2019autres artistes, entre 1701 et 1703, avec des \u0153uvres comme Glorification of Sainte Catherine, Stigma, Ascension au paradis et Assomption au paradis.<\/p>\n<p><strong> L&rsquo;Oratorio della Cucina est une autre partie unique du sanctuaire. Il contient encore les restes de braises br\u00fblantes o\u00f9 Caterina est tomb\u00e9e mais o\u00f9, en extase, il est rest\u00e9 miraculeusement indemne.<\/strong><\/p>\n<p>L&rsquo;oratoire a un sol en majolique et un plafond \u00e0 caissons orn\u00e9 de rosaces dor\u00e9es.<\/p>\n<p><strong> Les murs lat\u00e9raux et arri\u00e8re <\/strong> sont particuli\u00e8rement beaux, avec un collage d&rsquo;artistes qui ont c\u00e9l\u00e9br\u00e9 la vie de sainte Catherine avec des \u0153uvres telles que:<\/p>\n<p>&#8211; Bienheureux Giovanni Colombini par Alessandro Casolani<br \/>\n&#8211; Santa Caterina lib\u00e8re une obsession de Pietro Sorri<br \/>\n&#8211; Sainte Catherine re\u00e7oit la communion de mani\u00e8re miraculeuse de Cristoforo Roncalli, dit il Pomarancio<br \/>\n&#8211; Sainte Catherine prie pour deux condamn\u00e9s \u00e0 mort de Lattanzio Bonastri<br \/>\n&#8211; Bienheureux Ambrogio Sansedoni de Gaetano Marinelli<\/p>\n<p>Enfin, un autre domaine \u00e0 admirer est le plus r\u00e9cent, le soi-disant Portico dei Comuni, construit en 1941, deux ans apr\u00e8s la proclamation de Sainte Catherine patronne de l&rsquo;Italie par Pie XXII.<\/p>\n<p>Le Portico dei Comuni est ainsi nomm\u00e9 en l&rsquo;honneur de toutes les municipalit\u00e9s italiennes qui ont contribu\u00e9 avec leur brique \u00e0 sa construction.<\/p>\n<p><strong> Le sanctuaire de Santa Caterina est situ\u00e9 sur la Via Costa di Sant\u2019Antonio 6 <\/strong> et est rapidement accessible \u00e0 pied depuis l\u2019h\u00f4tel Minerva.<\/p>\n<p><strong> L&rsquo;Hotel Minerva, notre h\u00f4tel trois \u00e9toiles situ\u00e9 dans le centre de Sienne <\/strong>, est le seul h\u00f4tel de la ville dot\u00e9 d&rsquo;un parking couvert payant de 20 places et situ\u00e9 dans une zone non-ZTL.<\/p>\n<p>Depuis l&rsquo;h\u00f4tel Minerva, vous pourrez facilement d\u00e9couvrir toutes les attractions principales de Sienne, \u00e0 partir du magnifique sanctuaire de Santa Caterina.<\/p>\n<p>Venez nous rendre visite et r\u00e9servez directement sur le site au plus bas prix de tous les temps!.<\/p>\n<p><strong> Nous disposons de nombreuses chambres offrant une vue panoramique sur le centre de Sienne. <\/strong><\/p>\n<p><iframe loading=\"lazy\" style=\"border: 0;\" src=\"https:\/\/www.google.com\/maps\/embed?pb=!1m28!1m12!1m3!1d5805.45105787843!2d11.328790676433838!3d43.32000481653635!2m3!1f0!2f0!3f0!3m2!1i1024!2i768!4f13.1!4m13!3e2!4m5!1s0x132a2cb8f7f8bb8f%3A0x1c9971cb5291a4da!2sSantuario+di+Santa+Caterina%2C+Via+Costa+di+Sant'Antonio+6%2C+Siena%2C+Province+of+Siena!3m2!1d43.3199817!2d11.3288016!4m5!1s0x132a2cc7df55564d%3A0xbb55bddd311ac99b!2sHOTEL+MINERVA%2C+Via+Giuseppe+Garibaldi%2C+Siena%2C+Province+of+Siena!3m2!1d43.324607!2d11.331828!5e0!3m2!1sen!2sit!4v1524820805389\" width=\"600\" height=\"450\" frameborder=\"0\" allowfullscreen=\"allowfullscreen\"><\/iframe><\/p>\n","protected":false},"excerpt":{"rendered":"<p>Le sanctuaire de Santa Caterina \u00c9pouse de Dieu, Theologa, mystique, philosophe, femme d\u2019une intelligence incroyable et d\u2019une foi profonde et<\/p>\n","protected":false},"author":3,"featured_media":0,"parent":0,"menu_order":0,"comment_status":"closed","ping_status":"closed","template":"","meta":{"_acf_changed":false,"footnotes":""},"class_list":["post-2890","page","type-page","status-publish","hentry"],"acf":[],"yoast_head":"<!-- This site is optimized with the Yoast SEO plugin v26.4 - https:\/\/yoast.com\/wordpress\/plugins\/seo\/ -->\n<title>Que voir \u00e0 Sienne: le sanctuaire de Santa Caterina - Hotel Minerva Siena<\/title>\n<meta name=\"robots\" content=\"index, follow, max-snippet:-1, max-image-preview:large, max-video-preview:-1\" \/>\n<link rel=\"canonical\" href=\"https:\/\/www.albergominerva.it\/fr\/que-voir-a-sienne-le-sanctuaire-de-santa-caterina\/\" \/>\n<meta property=\"og:locale\" content=\"fr_FR\" \/>\n<meta property=\"og:type\" content=\"article\" \/>\n<meta property=\"og:title\" content=\"Que voir \u00e0 Sienne: le sanctuaire de Santa Caterina - Hotel Minerva Siena\" \/>\n<meta property=\"og:description\" content=\"Le sanctuaire de Santa Caterina \u00c9pouse de Dieu, Theologa, mystique, philosophe, femme d\u2019une intelligence incroyable et d\u2019une foi profonde et\" \/>\n<meta property=\"og:url\" content=\"https:\/\/www.albergominerva.it\/fr\/que-voir-a-sienne-le-sanctuaire-de-santa-caterina\/\" \/>\n<meta property=\"og:site_name\" content=\"Hotel Minerva Siena\" \/>\n<meta property=\"article:modified_time\" content=\"2019-07-02T08:54:00+00:00\" \/>\n<meta name=\"twitter:card\" content=\"summary_large_image\" \/>\n<meta name=\"twitter:label1\" content=\"Dur\u00e9e de lecture estim\u00e9e\" \/>\n\t<meta name=\"twitter:data1\" content=\"3 minutes\" \/>\n<script type=\"application\/ld+json\" class=\"yoast-schema-graph\">{\"@context\":\"https:\/\/schema.org\",\"@graph\":[{\"@type\":\"WebPage\",\"@id\":\"https:\/\/www.albergominerva.it\/fr\/que-voir-a-sienne-le-sanctuaire-de-santa-caterina\/\",\"url\":\"https:\/\/www.albergominerva.it\/fr\/que-voir-a-sienne-le-sanctuaire-de-santa-caterina\/\",\"name\":\"Que voir \u00e0 Sienne: le sanctuaire de Santa Caterina - Hotel Minerva Siena\",\"isPartOf\":{\"@id\":\"https:\/\/www.albergominerva.it\/fr\/#website\"},\"datePublished\":\"2019-03-16T14:47:23+00:00\",\"dateModified\":\"2019-07-02T08:54:00+00:00\",\"breadcrumb\":{\"@id\":\"https:\/\/www.albergominerva.it\/fr\/que-voir-a-sienne-le-sanctuaire-de-santa-caterina\/#breadcrumb\"},\"inLanguage\":\"fr-FR\",\"potentialAction\":[{\"@type\":\"ReadAction\",\"target\":[\"https:\/\/www.albergominerva.it\/fr\/que-voir-a-sienne-le-sanctuaire-de-santa-caterina\/\"]}]},{\"@type\":\"BreadcrumbList\",\"@id\":\"https:\/\/www.albergominerva.it\/fr\/que-voir-a-sienne-le-sanctuaire-de-santa-caterina\/#breadcrumb\",\"itemListElement\":[{\"@type\":\"ListItem\",\"position\":1,\"name\":\"Home\",\"item\":\"https:\/\/www.albergominerva.it\/fr\/\"},{\"@type\":\"ListItem\",\"position\":2,\"name\":\"Que voir \u00e0 Sienne: le sanctuaire de Santa Caterina\"}]},{\"@type\":\"WebSite\",\"@id\":\"https:\/\/www.albergominerva.it\/fr\/#website\",\"url\":\"https:\/\/www.albergominerva.it\/fr\/\",\"name\":\"Hotel Minerva Siena\",\"description\":\"Hotel in Centro Storico a Siena - Toscana - Italy\",\"potentialAction\":[{\"@type\":\"SearchAction\",\"target\":{\"@type\":\"EntryPoint\",\"urlTemplate\":\"https:\/\/www.albergominerva.it\/fr\/?s={search_term_string}\"},\"query-input\":{\"@type\":\"PropertyValueSpecification\",\"valueRequired\":true,\"valueName\":\"search_term_string\"}}],\"inLanguage\":\"fr-FR\"}]}<\/script>\n<!-- \/ Yoast SEO plugin. -->","yoast_head_json":{"title":"Que voir \u00e0 Sienne: le sanctuaire de Santa Caterina - Hotel Minerva Siena","robots":{"index":"index","follow":"follow","max-snippet":"max-snippet:-1","max-image-preview":"max-image-preview:large","max-video-preview":"max-video-preview:-1"},"canonical":"https:\/\/www.albergominerva.it\/fr\/que-voir-a-sienne-le-sanctuaire-de-santa-caterina\/","og_locale":"fr_FR","og_type":"article","og_title":"Que voir \u00e0 Sienne: le sanctuaire de Santa Caterina - Hotel Minerva Siena","og_description":"Le sanctuaire de Santa Caterina \u00c9pouse de Dieu, Theologa, mystique, philosophe, femme d\u2019une intelligence incroyable et d\u2019une foi profonde et","og_url":"https:\/\/www.albergominerva.it\/fr\/que-voir-a-sienne-le-sanctuaire-de-santa-caterina\/","og_site_name":"Hotel Minerva Siena","article_modified_time":"2019-07-02T08:54:00+00:00","twitter_card":"summary_large_image","twitter_misc":{"Dur\u00e9e de lecture estim\u00e9e":"3 minutes"},"schema":{"@context":"https:\/\/schema.org","@graph":[{"@type":"WebPage","@id":"https:\/\/www.albergominerva.it\/fr\/que-voir-a-sienne-le-sanctuaire-de-santa-caterina\/","url":"https:\/\/www.albergominerva.it\/fr\/que-voir-a-sienne-le-sanctuaire-de-santa-caterina\/","name":"Que voir \u00e0 Sienne: le sanctuaire de Santa Caterina - Hotel Minerva Siena","isPartOf":{"@id":"https:\/\/www.albergominerva.it\/fr\/#website"},"datePublished":"2019-03-16T14:47:23+00:00","dateModified":"2019-07-02T08:54:00+00:00","breadcrumb":{"@id":"https:\/\/www.albergominerva.it\/fr\/que-voir-a-sienne-le-sanctuaire-de-santa-caterina\/#breadcrumb"},"inLanguage":"fr-FR","potentialAction":[{"@type":"ReadAction","target":["https:\/\/www.albergominerva.it\/fr\/que-voir-a-sienne-le-sanctuaire-de-santa-caterina\/"]}]},{"@type":"BreadcrumbList","@id":"https:\/\/www.albergominerva.it\/fr\/que-voir-a-sienne-le-sanctuaire-de-santa-caterina\/#breadcrumb","itemListElement":[{"@type":"ListItem","position":1,"name":"Home","item":"https:\/\/www.albergominerva.it\/fr\/"},{"@type":"ListItem","position":2,"name":"Que voir \u00e0 Sienne: le sanctuaire de Santa Caterina"}]},{"@type":"WebSite","@id":"https:\/\/www.albergominerva.it\/fr\/#website","url":"https:\/\/www.albergominerva.it\/fr\/","name":"Hotel Minerva Siena","description":"Hotel in Centro Storico a Siena - Toscana - Italy","potentialAction":[{"@type":"SearchAction","target":{"@type":"EntryPoint","urlTemplate":"https:\/\/www.albergominerva.it\/fr\/?s={search_term_string}"},"query-input":{"@type":"PropertyValueSpecification","valueRequired":true,"valueName":"search_term_string"}}],"inLanguage":"fr-FR"}]}},"_links":{"self":[{"href":"https:\/\/www.albergominerva.it\/fr\/wp-json\/wp\/v2\/pages\/2890","targetHints":{"allow":["GET"]}}],"collection":[{"href":"https:\/\/www.albergominerva.it\/fr\/wp-json\/wp\/v2\/pages"}],"about":[{"href":"https:\/\/www.albergominerva.it\/fr\/wp-json\/wp\/v2\/types\/page"}],"author":[{"embeddable":true,"href":"https:\/\/www.albergominerva.it\/fr\/wp-json\/wp\/v2\/users\/3"}],"replies":[{"embeddable":true,"href":"https:\/\/www.albergominerva.it\/fr\/wp-json\/wp\/v2\/comments?post=2890"}],"version-history":[{"count":3,"href":"https:\/\/www.albergominerva.it\/fr\/wp-json\/wp\/v2\/pages\/2890\/revisions"}],"predecessor-version":[{"id":3646,"href":"https:\/\/www.albergominerva.it\/fr\/wp-json\/wp\/v2\/pages\/2890\/revisions\/3646"}],"wp:attachment":[{"href":"https:\/\/www.albergominerva.it\/fr\/wp-json\/wp\/v2\/media?parent=2890"}],"curies":[{"name":"wp","href":"https:\/\/api.w.org\/{rel}","templated":true}]}}