{"id":2892,"date":"2019-03-16T14:51:24","date_gmt":"2019-03-16T14:51:24","guid":{"rendered":"https:\/\/albergominerva.it\/fr\/?page_id=2892"},"modified":"2019-07-02T10:03:23","modified_gmt":"2019-07-02T08:03:23","slug":"que-voir-a-sienne-pres-de-la-piazza-del-campo-la-loggia-della-mercanzia","status":"publish","type":"page","link":"https:\/\/www.albergominerva.it\/fr\/que-voir-a-sienne-pres-de-la-piazza-del-campo-la-loggia-della-mercanzia\/","title":{"rendered":"Que voir \u00e0 Sienne pr\u00e8s de la Piazza Del Campo: la Loggia Della Mercanzia"},"content":{"rendered":"<h1>La Loggia Della Mercanzia<\/h1>\n<p>Juste derri\u00e8re la Piazza del Campo et une destination obligatoire pour ceux qui adorent un art que seule Sienne peut exprimer profond\u00e9ment, <strong> il y a la Loggia della Mercanzia, une \u0153uvre qui fait \u00e9cho aux styles gothique et de la Renaissance et qui se Croce del Travaglio.<\/strong><\/p>\n<p><strong> La Loggia della Mercanzia est une \u0153uvre merveilleuse cr\u00e9\u00e9e entre 1417 et 1428 par Pietro del Minella et Sano di Matteo. Elle pr\u00e9sente une grande loggia ouverte et trois arches sur des piliers dot\u00e9s de chapiteaux fantastiques.<\/strong><\/p>\n<p>La loggia, \u00e0 l&rsquo;int\u00e9rieur des tabernacles, montre les statues de saints r\u00e9alis\u00e9es par Vecchietta (San Paolo et San Pietro) et par Antonio Federighi (San Ansano, San Savino et San Vittore).<\/p>\n<p>Il y a \u00e9galement deux bancs en marbre avec deux repr\u00e9sentations: les hommes illustres romains de Federighi et les Vertus cardinales d\u2019Urbano da Cortona.<\/p>\n<p><strong> La Loggia della Mercanzia est le symbole artistique le plus impressionnant du pouvoir marchand d\u00e9tenu par la ville &lt;\/ strong&gt; \u00e0 partir du Moyen \u00c2ge. C&rsquo;est l&rsquo;une des attractions du Centre de Sienne qui restera dans votre c\u0153ur.<\/strong><\/p>\n<p><strong> Naturellement, pour les visiter avec un maximum de confort, vous devez toujours s\u00e9journer dans un h\u00f4tel situ\u00e9 pr\u00e8s de la Piazza del Campo.<\/strong><\/p>\n<p><strong> L&rsquo;Hotel Minerva est un h\u00f4tel trois \u00e9toiles situ\u00e9 dans le centre-ville, \u00e0 proximit\u00e9 de la Piazza del Campo. Il est accessible en quelques minutes \u00e0 pied et comprend un parking couvert payant de 20 places.<\/strong><\/p>\n<p><strong> La Minerve est \u00e9galement r\u00e9put\u00e9e pour ses chambres offrant une vue panoramique magnifique sur le centre de Sienne.<\/strong><\/p>\n<p>Voulez-vous les r\u00e9server pour vos vacances \u00e0 Sienne?<\/p>\n","protected":false},"excerpt":{"rendered":"<p>La Loggia Della Mercanzia Juste derri\u00e8re la Piazza del Campo et une destination obligatoire pour ceux qui adorent un art<\/p>\n","protected":false},"author":3,"featured_media":0,"parent":0,"menu_order":0,"comment_status":"closed","ping_status":"closed","template":"","meta":{"_acf_changed":false,"footnotes":""},"class_list":["post-2892","page","type-page","status-publish","hentry"],"acf":[],"yoast_head":"<!-- This site is optimized with the Yoast SEO plugin v27.4 - https:\/\/yoast.com\/product\/yoast-seo-wordpress\/ -->\n<title>Que voir \u00e0 Sienne pr\u00e8s de la Piazza Del Campo: la Loggia Della Mercanzia - Hotel Minerva Siena<\/title>\n<meta name=\"robots\" content=\"index, follow, max-snippet:-1, max-image-preview:large, max-video-preview:-1\" \/>\n<link rel=\"canonical\" href=\"https:\/\/www.albergominerva.it\/fr\/que-voir-a-sienne-pres-de-la-piazza-del-campo-la-loggia-della-mercanzia\/\" \/>\n<meta property=\"og:locale\" content=\"fr_FR\" \/>\n<meta property=\"og:type\" content=\"article\" \/>\n<meta property=\"og:title\" content=\"Que voir \u00e0 Sienne pr\u00e8s de la Piazza Del Campo: la Loggia Della Mercanzia - Hotel Minerva Siena\" \/>\n<meta property=\"og:description\" content=\"La Loggia Della Mercanzia Juste derri\u00e8re la Piazza del Campo et une destination obligatoire pour ceux qui adorent un art\" \/>\n<meta property=\"og:url\" content=\"https:\/\/www.albergominerva.it\/fr\/que-voir-a-sienne-pres-de-la-piazza-del-campo-la-loggia-della-mercanzia\/\" \/>\n<meta property=\"og:site_name\" content=\"Hotel Minerva Siena\" \/>\n<meta property=\"article:modified_time\" content=\"2019-07-02T08:03:23+00:00\" \/>\n<meta name=\"twitter:card\" content=\"summary_large_image\" \/>\n<meta name=\"twitter:label1\" content=\"Dur\u00e9e de lecture estim\u00e9e\" \/>\n\t<meta name=\"twitter:data1\" content=\"1 minute\" \/>\n<script type=\"application\/ld+json\" class=\"yoast-schema-graph\">{\"@context\":\"https:\\\/\\\/schema.org\",\"@graph\":[{\"@type\":\"WebPage\",\"@id\":\"https:\\\/\\\/www.albergominerva.it\\\/fr\\\/que-voir-a-sienne-pres-de-la-piazza-del-campo-la-loggia-della-mercanzia\\\/\",\"url\":\"https:\\\/\\\/www.albergominerva.it\\\/fr\\\/que-voir-a-sienne-pres-de-la-piazza-del-campo-la-loggia-della-mercanzia\\\/\",\"name\":\"Que voir \u00e0 Sienne pr\u00e8s de la Piazza Del Campo: la Loggia Della Mercanzia - Hotel Minerva Siena\",\"isPartOf\":{\"@id\":\"https:\\\/\\\/www.albergominerva.it\\\/fr\\\/#website\"},\"datePublished\":\"2019-03-16T14:51:24+00:00\",\"dateModified\":\"2019-07-02T08:03:23+00:00\",\"breadcrumb\":{\"@id\":\"https:\\\/\\\/www.albergominerva.it\\\/fr\\\/que-voir-a-sienne-pres-de-la-piazza-del-campo-la-loggia-della-mercanzia\\\/#breadcrumb\"},\"inLanguage\":\"fr-FR\",\"potentialAction\":[{\"@type\":\"ReadAction\",\"target\":[\"https:\\\/\\\/www.albergominerva.it\\\/fr\\\/que-voir-a-sienne-pres-de-la-piazza-del-campo-la-loggia-della-mercanzia\\\/\"]}]},{\"@type\":\"BreadcrumbList\",\"@id\":\"https:\\\/\\\/www.albergominerva.it\\\/fr\\\/que-voir-a-sienne-pres-de-la-piazza-del-campo-la-loggia-della-mercanzia\\\/#breadcrumb\",\"itemListElement\":[{\"@type\":\"ListItem\",\"position\":1,\"name\":\"Home\",\"item\":\"https:\\\/\\\/www.albergominerva.it\\\/fr\\\/\"},{\"@type\":\"ListItem\",\"position\":2,\"name\":\"Que voir \u00e0 Sienne pr\u00e8s de la Piazza Del Campo: la Loggia Della Mercanzia\"}]},{\"@type\":\"WebSite\",\"@id\":\"https:\\\/\\\/www.albergominerva.it\\\/fr\\\/#website\",\"url\":\"https:\\\/\\\/www.albergominerva.it\\\/fr\\\/\",\"name\":\"Hotel Minerva Siena\",\"description\":\"Hotel in Centro Storico a Siena - Toscana - Italy\",\"potentialAction\":[{\"@type\":\"SearchAction\",\"target\":{\"@type\":\"EntryPoint\",\"urlTemplate\":\"https:\\\/\\\/www.albergominerva.it\\\/fr\\\/?s={search_term_string}\"},\"query-input\":{\"@type\":\"PropertyValueSpecification\",\"valueRequired\":true,\"valueName\":\"search_term_string\"}}],\"inLanguage\":\"fr-FR\"}]}<\/script>\n<!-- \/ Yoast SEO plugin. -->","yoast_head_json":{"title":"Que voir \u00e0 Sienne pr\u00e8s de la Piazza Del Campo: la Loggia Della Mercanzia - Hotel Minerva Siena","robots":{"index":"index","follow":"follow","max-snippet":"max-snippet:-1","max-image-preview":"max-image-preview:large","max-video-preview":"max-video-preview:-1"},"canonical":"https:\/\/www.albergominerva.it\/fr\/que-voir-a-sienne-pres-de-la-piazza-del-campo-la-loggia-della-mercanzia\/","og_locale":"fr_FR","og_type":"article","og_title":"Que voir \u00e0 Sienne pr\u00e8s de la Piazza Del Campo: la Loggia Della Mercanzia - Hotel Minerva Siena","og_description":"La Loggia Della Mercanzia Juste derri\u00e8re la Piazza del Campo et une destination obligatoire pour ceux qui adorent un art","og_url":"https:\/\/www.albergominerva.it\/fr\/que-voir-a-sienne-pres-de-la-piazza-del-campo-la-loggia-della-mercanzia\/","og_site_name":"Hotel Minerva Siena","article_modified_time":"2019-07-02T08:03:23+00:00","twitter_card":"summary_large_image","twitter_misc":{"Dur\u00e9e de lecture estim\u00e9e":"1 minute"},"schema":{"@context":"https:\/\/schema.org","@graph":[{"@type":"WebPage","@id":"https:\/\/www.albergominerva.it\/fr\/que-voir-a-sienne-pres-de-la-piazza-del-campo-la-loggia-della-mercanzia\/","url":"https:\/\/www.albergominerva.it\/fr\/que-voir-a-sienne-pres-de-la-piazza-del-campo-la-loggia-della-mercanzia\/","name":"Que voir \u00e0 Sienne pr\u00e8s de la Piazza Del Campo: la Loggia Della Mercanzia - Hotel Minerva Siena","isPartOf":{"@id":"https:\/\/www.albergominerva.it\/fr\/#website"},"datePublished":"2019-03-16T14:51:24+00:00","dateModified":"2019-07-02T08:03:23+00:00","breadcrumb":{"@id":"https:\/\/www.albergominerva.it\/fr\/que-voir-a-sienne-pres-de-la-piazza-del-campo-la-loggia-della-mercanzia\/#breadcrumb"},"inLanguage":"fr-FR","potentialAction":[{"@type":"ReadAction","target":["https:\/\/www.albergominerva.it\/fr\/que-voir-a-sienne-pres-de-la-piazza-del-campo-la-loggia-della-mercanzia\/"]}]},{"@type":"BreadcrumbList","@id":"https:\/\/www.albergominerva.it\/fr\/que-voir-a-sienne-pres-de-la-piazza-del-campo-la-loggia-della-mercanzia\/#breadcrumb","itemListElement":[{"@type":"ListItem","position":1,"name":"Home","item":"https:\/\/www.albergominerva.it\/fr\/"},{"@type":"ListItem","position":2,"name":"Que voir \u00e0 Sienne pr\u00e8s de la Piazza Del Campo: la Loggia Della Mercanzia"}]},{"@type":"WebSite","@id":"https:\/\/www.albergominerva.it\/fr\/#website","url":"https:\/\/www.albergominerva.it\/fr\/","name":"Hotel Minerva Siena","description":"Hotel in Centro Storico a Siena - Toscana - Italy","potentialAction":[{"@type":"SearchAction","target":{"@type":"EntryPoint","urlTemplate":"https:\/\/www.albergominerva.it\/fr\/?s={search_term_string}"},"query-input":{"@type":"PropertyValueSpecification","valueRequired":true,"valueName":"search_term_string"}}],"inLanguage":"fr-FR"}]}},"_links":{"self":[{"href":"https:\/\/www.albergominerva.it\/fr\/wp-json\/wp\/v2\/pages\/2892","targetHints":{"allow":["GET"]}}],"collection":[{"href":"https:\/\/www.albergominerva.it\/fr\/wp-json\/wp\/v2\/pages"}],"about":[{"href":"https:\/\/www.albergominerva.it\/fr\/wp-json\/wp\/v2\/types\/page"}],"author":[{"embeddable":true,"href":"https:\/\/www.albergominerva.it\/fr\/wp-json\/wp\/v2\/users\/3"}],"replies":[{"embeddable":true,"href":"https:\/\/www.albergominerva.it\/fr\/wp-json\/wp\/v2\/comments?post=2892"}],"version-history":[{"count":2,"href":"https:\/\/www.albergominerva.it\/fr\/wp-json\/wp\/v2\/pages\/2892\/revisions"}],"predecessor-version":[{"id":3562,"href":"https:\/\/www.albergominerva.it\/fr\/wp-json\/wp\/v2\/pages\/2892\/revisions\/3562"}],"wp:attachment":[{"href":"https:\/\/www.albergominerva.it\/fr\/wp-json\/wp\/v2\/media?parent=2892"}],"curies":[{"name":"wp","href":"https:\/\/api.w.org\/{rel}","templated":true}]}}