{"id":2895,"date":"2019-03-16T14:54:20","date_gmt":"2019-03-16T14:54:20","guid":{"rendered":"https:\/\/albergominerva.it\/fr\/?page_id=2895"},"modified":"2019-10-07T16:44:10","modified_gmt":"2019-10-07T14:44:10","slug":"que-faire-a-sienne-un-jour-immediatement-visiter-la-basilique-de-santa-maria-dei-servi","status":"publish","type":"page","link":"https:\/\/www.albergominerva.it\/fr\/que-faire-a-sienne-un-jour-immediatement-visiter-la-basilique-de-santa-maria-dei-servi\/","title":{"rendered":"Que faire \u00e0 Sienne un jour? Imm\u00e9diatement visiter la basilique de Santa Maria dei Servi"},"content":{"rendered":"<div class=\"wpb-content-wrapper\"><h1>La Basilica di Santa Maria dei Servi<\/h1>\n<p><strong> Si vous visitez la Toscane et que vous avez d\u00e9cid\u00e9 de vous arr\u00eater \u00e0 Sienne un jour seulement, ne manquez pas d&rsquo;admirer la magnifique basilique Saint-Cl\u00e9ment de Santa Maria dei Servi <\/strong>, une \u00e9glise datant du milieu de 1200 mais consacr\u00e9 seulement le 18 mai \u00e0 1.533.<\/p>\n<p><strong> Cette basilique, situ\u00e9e dans la Contrada de Valdimontone, qui domine Sienne <\/strong>, constitue un ensemble original et majestueux de styles baroque et n\u00e9ogothique.<\/p>\n<p>En effet, l&rsquo;\u00e9glise a \u00e9t\u00e9 construite sur plusieurs si\u00e8cles et la derni\u00e8re partie restaur\u00e9e entre Giuseppe Partini et Agenore Socini entre la fin des ann\u00e9es 1800 et le d\u00e9but des ann\u00e9es 1900.<\/p>\n<p><strong> La fa\u00e7ade est d&rsquo;une beaut\u00e9 simple et \u00e9l\u00e9mentaire et est accessible par un escalier. <\/strong><\/p>\n<p>\u00c0 l&rsquo;int\u00e9rieur, vous trouverez trois nefs, un transept avec cinq chapelles et cinq baies.<\/p>\n<p>L\u2019\u0153uvre la plus importante de la basilique Santa Maria dei Servi est la <strong> Vierge \u00e0 l\u2019enfant du Coppo di Marcovaldo <\/strong> qui s\u2019est achev\u00e9e en 1.261.<\/p>\n<p>L\u2019histoire de ce tableau, ex\u00e9cut\u00e9 par Coppo une fois captur\u00e9 par les citoyens siennois lors de la c\u00e9l\u00e8bre bataille de Montaperti, est particuli\u00e8re.<\/p>\n<p>Un autre tableau \u00e0 admirer est le massacre des Innocents, cr\u00e9\u00e9 par Matteo di Giovanni en 1491.<\/p>\n<p>Le <strong> croisement Niccol\u00e0 de Segna <\/strong>, qui fait partie des \u00ab300 d\u2019un \u00e9merveillement symbolique\u00bb, est particuli\u00e8rement visible le long du transept.<\/p>\n<p>Parmi les autres \u0153uvres importantes, citons l&rsquo;Incororazione della Madonna de Bernardino Fungai, la Nativit\u00e9 de Taddeo di Bartolo, la Madonna della Misericordia de Giovanni di Paolo et l&rsquo;Adoration des pasteurs d&rsquo;Alessandro Casolani.<\/p>\n<p>Dans la chapelle de gauche, on trouve l&rsquo;Immacul\u00e9e, une sculpture en marbre datant des ann\u00e9es 1700 et l&rsquo;Annonciation de Francesco Vanni, datant de 1 588.<\/p>\n<p>L\u2019\u00e9glise de Santa Maria dei Servi est une annexe importante de votre visite de Sienne pour une journ\u00e9e <strong>. Vous pourrez vous y rendre en 10 minutes \u00e0 pied de la Piazza del Campo <\/strong>.<\/p>\n<p><strong> Si vous souhaitez s\u00e9journer dans un h\u00f4tel du centre de Sienne <\/strong> tout en b\u00e9n\u00e9ficiant d&rsquo;un parking couvert payant, nous vous recommandons de r\u00e9server l&rsquo;h\u00f4tel Minerva, notre h\u00f4tel trois \u00e9toiles situ\u00e9 dans le centre historique de Sienne et accessible en quelques-uns. minutes en voiture et \u00e0 pied de la gare.<\/p>\n<p><strong> Vous voulez en savoir plus? <\/strong><\/p>\n<p>Parcourez le site et d\u00e9couvrez nos chambres avec vue panoramique sur Sienne.<\/p>\n<p>Sur le site, vous trouverez toujours le meilleur prix garanti.<\/p>\n<h2 style=\"text-align: center;\"><span style=\"color: #ffffff;\">Le <strong>CAMERE<\/strong><\/span><\/h2>\n<p style=\"text-align: center;\"><span style=\"color: #ffffff;\">Una vista unica sul Centro Storico di Siena<\/span><\/p>\n<p>[\/vc_column_text][grve_button button_color=\u00a0\u00bbprimary-3&Prime; button_text=\u00a0\u00bbScopri\u00a0\u00bb button_size=\u00a0\u00bbextrasmall\u00a0\u00bb button_link=\u00a0\u00bburl:%2Fcamere-elegant-siena-centro%2F||\u00a0\u00bb align=\u00a0\u00bbcenter\u00a0\u00bb animation=\u00a0\u00bbfadeInDown\u00a0\u00bb][\/vc_column_inner][\/vc_row_inner][\/vc_column][\/vc_row][vc_row footer_feature=\u00a0\u00bbyes\u00a0\u00bb margin_bottom=\u00a0\u00bb0&Prime;][vc_column][vc_column_text][static_block_content id=\u00a0\u00bb567&Prime;][\/vc_column_text][\/vc_column][\/vc_row]<\/p>\n<\/div>","protected":false},"excerpt":{"rendered":"<p>La Basilica di Santa Maria dei Servi Si vous visitez la Toscane et que vous avez d\u00e9cid\u00e9 de vous arr\u00eater<\/p>\n","protected":false},"author":3,"featured_media":0,"parent":0,"menu_order":0,"comment_status":"closed","ping_status":"closed","template":"","meta":{"_acf_changed":false,"footnotes":""},"class_list":["post-2895","page","type-page","status-publish","hentry"],"acf":[],"yoast_head":"<!-- This site is optimized with the Yoast SEO plugin v27.4 - https:\/\/yoast.com\/product\/yoast-seo-wordpress\/ -->\n<title>Que faire \u00e0 Sienne un jour? Imm\u00e9diatement visiter la basilique de Santa Maria dei Servi - Hotel Minerva Siena<\/title>\n<meta name=\"robots\" content=\"index, follow, max-snippet:-1, max-image-preview:large, max-video-preview:-1\" \/>\n<link rel=\"canonical\" href=\"https:\/\/www.albergominerva.it\/fr\/que-faire-a-sienne-un-jour-immediatement-visiter-la-basilique-de-santa-maria-dei-servi\/\" \/>\n<meta property=\"og:locale\" content=\"fr_FR\" \/>\n<meta property=\"og:type\" content=\"article\" \/>\n<meta property=\"og:title\" content=\"Que faire \u00e0 Sienne un jour? Imm\u00e9diatement visiter la basilique de Santa Maria dei Servi - Hotel Minerva Siena\" \/>\n<meta property=\"og:description\" content=\"La Basilica di Santa Maria dei Servi Si vous visitez la Toscane et que vous avez d\u00e9cid\u00e9 de vous arr\u00eater\" \/>\n<meta property=\"og:url\" content=\"https:\/\/www.albergominerva.it\/fr\/que-faire-a-sienne-un-jour-immediatement-visiter-la-basilique-de-santa-maria-dei-servi\/\" \/>\n<meta property=\"og:site_name\" content=\"Hotel Minerva Siena\" \/>\n<meta property=\"article:modified_time\" content=\"2019-10-07T14:44:10+00:00\" \/>\n<meta name=\"twitter:card\" content=\"summary_large_image\" \/>\n<meta name=\"twitter:label1\" content=\"Dur\u00e9e de lecture estim\u00e9e\" \/>\n\t<meta name=\"twitter:data1\" content=\"2 minutes\" \/>\n<script type=\"application\/ld+json\" class=\"yoast-schema-graph\">{\"@context\":\"https:\\\/\\\/schema.org\",\"@graph\":[{\"@type\":\"WebPage\",\"@id\":\"https:\\\/\\\/www.albergominerva.it\\\/fr\\\/que-faire-a-sienne-un-jour-immediatement-visiter-la-basilique-de-santa-maria-dei-servi\\\/\",\"url\":\"https:\\\/\\\/www.albergominerva.it\\\/fr\\\/que-faire-a-sienne-un-jour-immediatement-visiter-la-basilique-de-santa-maria-dei-servi\\\/\",\"name\":\"Que faire \u00e0 Sienne un jour? Imm\u00e9diatement visiter la basilique de Santa Maria dei Servi - Hotel Minerva Siena\",\"isPartOf\":{\"@id\":\"https:\\\/\\\/www.albergominerva.it\\\/fr\\\/#website\"},\"datePublished\":\"2019-03-16T14:54:20+00:00\",\"dateModified\":\"2019-10-07T14:44:10+00:00\",\"breadcrumb\":{\"@id\":\"https:\\\/\\\/www.albergominerva.it\\\/fr\\\/que-faire-a-sienne-un-jour-immediatement-visiter-la-basilique-de-santa-maria-dei-servi\\\/#breadcrumb\"},\"inLanguage\":\"fr-FR\",\"potentialAction\":[{\"@type\":\"ReadAction\",\"target\":[\"https:\\\/\\\/www.albergominerva.it\\\/fr\\\/que-faire-a-sienne-un-jour-immediatement-visiter-la-basilique-de-santa-maria-dei-servi\\\/\"]}]},{\"@type\":\"BreadcrumbList\",\"@id\":\"https:\\\/\\\/www.albergominerva.it\\\/fr\\\/que-faire-a-sienne-un-jour-immediatement-visiter-la-basilique-de-santa-maria-dei-servi\\\/#breadcrumb\",\"itemListElement\":[{\"@type\":\"ListItem\",\"position\":1,\"name\":\"Home\",\"item\":\"https:\\\/\\\/www.albergominerva.it\\\/fr\\\/\"},{\"@type\":\"ListItem\",\"position\":2,\"name\":\"Que faire \u00e0 Sienne un jour? Imm\u00e9diatement visiter la basilique de Santa Maria dei Servi\"}]},{\"@type\":\"WebSite\",\"@id\":\"https:\\\/\\\/www.albergominerva.it\\\/fr\\\/#website\",\"url\":\"https:\\\/\\\/www.albergominerva.it\\\/fr\\\/\",\"name\":\"Hotel Minerva Siena\",\"description\":\"Hotel in Centro Storico a Siena - Toscana - Italy\",\"potentialAction\":[{\"@type\":\"SearchAction\",\"target\":{\"@type\":\"EntryPoint\",\"urlTemplate\":\"https:\\\/\\\/www.albergominerva.it\\\/fr\\\/?s={search_term_string}\"},\"query-input\":{\"@type\":\"PropertyValueSpecification\",\"valueRequired\":true,\"valueName\":\"search_term_string\"}}],\"inLanguage\":\"fr-FR\"}]}<\/script>\n<!-- \/ Yoast SEO plugin. -->","yoast_head_json":{"title":"Que faire \u00e0 Sienne un jour? Imm\u00e9diatement visiter la basilique de Santa Maria dei Servi - Hotel Minerva Siena","robots":{"index":"index","follow":"follow","max-snippet":"max-snippet:-1","max-image-preview":"max-image-preview:large","max-video-preview":"max-video-preview:-1"},"canonical":"https:\/\/www.albergominerva.it\/fr\/que-faire-a-sienne-un-jour-immediatement-visiter-la-basilique-de-santa-maria-dei-servi\/","og_locale":"fr_FR","og_type":"article","og_title":"Que faire \u00e0 Sienne un jour? Imm\u00e9diatement visiter la basilique de Santa Maria dei Servi - Hotel Minerva Siena","og_description":"La Basilica di Santa Maria dei Servi Si vous visitez la Toscane et que vous avez d\u00e9cid\u00e9 de vous arr\u00eater","og_url":"https:\/\/www.albergominerva.it\/fr\/que-faire-a-sienne-un-jour-immediatement-visiter-la-basilique-de-santa-maria-dei-servi\/","og_site_name":"Hotel Minerva Siena","article_modified_time":"2019-10-07T14:44:10+00:00","twitter_card":"summary_large_image","twitter_misc":{"Dur\u00e9e de lecture estim\u00e9e":"2 minutes"},"schema":{"@context":"https:\/\/schema.org","@graph":[{"@type":"WebPage","@id":"https:\/\/www.albergominerva.it\/fr\/que-faire-a-sienne-un-jour-immediatement-visiter-la-basilique-de-santa-maria-dei-servi\/","url":"https:\/\/www.albergominerva.it\/fr\/que-faire-a-sienne-un-jour-immediatement-visiter-la-basilique-de-santa-maria-dei-servi\/","name":"Que faire \u00e0 Sienne un jour? Imm\u00e9diatement visiter la basilique de Santa Maria dei Servi - Hotel Minerva Siena","isPartOf":{"@id":"https:\/\/www.albergominerva.it\/fr\/#website"},"datePublished":"2019-03-16T14:54:20+00:00","dateModified":"2019-10-07T14:44:10+00:00","breadcrumb":{"@id":"https:\/\/www.albergominerva.it\/fr\/que-faire-a-sienne-un-jour-immediatement-visiter-la-basilique-de-santa-maria-dei-servi\/#breadcrumb"},"inLanguage":"fr-FR","potentialAction":[{"@type":"ReadAction","target":["https:\/\/www.albergominerva.it\/fr\/que-faire-a-sienne-un-jour-immediatement-visiter-la-basilique-de-santa-maria-dei-servi\/"]}]},{"@type":"BreadcrumbList","@id":"https:\/\/www.albergominerva.it\/fr\/que-faire-a-sienne-un-jour-immediatement-visiter-la-basilique-de-santa-maria-dei-servi\/#breadcrumb","itemListElement":[{"@type":"ListItem","position":1,"name":"Home","item":"https:\/\/www.albergominerva.it\/fr\/"},{"@type":"ListItem","position":2,"name":"Que faire \u00e0 Sienne un jour? Imm\u00e9diatement visiter la basilique de Santa Maria dei Servi"}]},{"@type":"WebSite","@id":"https:\/\/www.albergominerva.it\/fr\/#website","url":"https:\/\/www.albergominerva.it\/fr\/","name":"Hotel Minerva Siena","description":"Hotel in Centro Storico a Siena - Toscana - Italy","potentialAction":[{"@type":"SearchAction","target":{"@type":"EntryPoint","urlTemplate":"https:\/\/www.albergominerva.it\/fr\/?s={search_term_string}"},"query-input":{"@type":"PropertyValueSpecification","valueRequired":true,"valueName":"search_term_string"}}],"inLanguage":"fr-FR"}]}},"_links":{"self":[{"href":"https:\/\/www.albergominerva.it\/fr\/wp-json\/wp\/v2\/pages\/2895","targetHints":{"allow":["GET"]}}],"collection":[{"href":"https:\/\/www.albergominerva.it\/fr\/wp-json\/wp\/v2\/pages"}],"about":[{"href":"https:\/\/www.albergominerva.it\/fr\/wp-json\/wp\/v2\/types\/page"}],"author":[{"embeddable":true,"href":"https:\/\/www.albergominerva.it\/fr\/wp-json\/wp\/v2\/users\/3"}],"replies":[{"embeddable":true,"href":"https:\/\/www.albergominerva.it\/fr\/wp-json\/wp\/v2\/comments?post=2895"}],"version-history":[{"count":2,"href":"https:\/\/www.albergominerva.it\/fr\/wp-json\/wp\/v2\/pages\/2895\/revisions"}],"predecessor-version":[{"id":5696,"href":"https:\/\/www.albergominerva.it\/fr\/wp-json\/wp\/v2\/pages\/2895\/revisions\/5696"}],"wp:attachment":[{"href":"https:\/\/www.albergominerva.it\/fr\/wp-json\/wp\/v2\/media?parent=2895"}],"curies":[{"name":"wp","href":"https:\/\/api.w.org\/{rel}","templated":true}]}}