{"id":2897,"date":"2019-03-16T14:58:56","date_gmt":"2019-03-16T14:58:56","guid":{"rendered":"https:\/\/albergominerva.it\/fr\/?page_id=2897"},"modified":"2019-07-02T11:47:07","modified_gmt":"2019-07-02T09:47:07","slug":"que-voir-a-sienne-absolument-tout-sur-la-magnifique-piazza-del-campo","status":"publish","type":"page","link":"https:\/\/www.albergominerva.it\/fr\/que-voir-a-sienne-absolument-tout-sur-la-magnifique-piazza-del-campo\/","title":{"rendered":"Que voir \u00e0 Sienne Absolument: tout sur la magnifique Piazza del Campo"},"content":{"rendered":"<p><strong>Une forme de coquillage pour garder toutes vos envies, la jonction de trois collines et la bataille mythologique de 17 districts.<\/strong><\/p>\n<p>C\u2019est la magnifique Piazza del Campo, le c\u0153ur battant de toute une ville et la destination incontest\u00e9e des millions de touristes qui chaque ann\u00e9e et du monde entier viennent en Toscane pour la photographier, l\u2019admirer et la ramener comme par enchantement, du moins dans leurs r\u00eaves .<\/p>\n<p>Cette place, si diff\u00e9rente et si ancr\u00e9e dans la tradition, est ant\u00e9rieure \u00e0 1.100, avec une premi\u00e8re nouvelle remontant \u00e0 1.169.<\/p>\n<p>Il suffit de penser que la Piazza \u00e9tait vaste avant et comprenait \u00e9galement la Piazza del Mercato \u00e0 proximit\u00e9.<\/p>\n<p>C\u2019\u00e9tait donc une petite destination de p\u00e8lerinage dans la vall\u00e9e et, en 1270, c\u2019est devenu un v\u00e9ritable march\u00e9 en plein air que le mythique gouvernement des Neuf a d\u00e9cid\u00e9 de paver.<\/p>\n<p>Le trottoir \u00e9tait une \u00e9tape importante qui a eu lieu juste apr\u00e8s l&rsquo;\u00e9rection du Palazzo Comunale qui, comme le gouvernement de la ville devait montrer toute sa beaut\u00e9 et sa majest\u00e9.<\/p>\n<p><strong> La Piazza del Campo est compos\u00e9e de neuf segments qui font \u00e9cho et c\u00e9l\u00e8brent le gouvernement des Neuf, sa grandeur et sa clairvoyance.<br \/>\n<\/strong><br \/>\nLe carr\u00e9 que nous voyons aujourd\u2019hui n\u2019est pas celui des Neuf mais le r\u00e9sultat de choix et de lois qui ont suivi et qui se sont crois\u00e9s au fil du temps pour dessiner ensuite le merveilleux profil que nous voyons aujourd\u2019hui.<\/p>\n<p><strong> Cela dit, la Piazza contient trois joyaux <\/strong> que chaque voyageur doit sonder avec \u00e9merveillement et \u00e9merveillement absolu.<\/p>\n<p><strong> Le premier joyau est sans aucun doute Fonte Gaia <\/strong>, dont le nom vient du bonheur avec lequel les citoyens ont re\u00e7u l\u2019eau qui, pour la premi\u00e8re fois, a sombr\u00e9 de mani\u00e8re majestueuse sur la Piazza del Campo.<\/p>\n<p>La fonte Gaia, dont les marbres originaux sont conserv\u00e9s \u00e0 l\u2019int\u00e9rieur du mus\u00e9e de l\u2019h\u00f4pital Santa Maria della Scala pour les pr\u00e9server des \u00e9l\u00e9ments, a \u00e9t\u00e9 r\u00e9alis\u00e9e avec les marbres les plus pr\u00e9cieux par le c\u00e9l\u00e8bre artiste Jacopo della Quercia qui, en dix ans environ, date de 1409 jusqu&rsquo;en 1419, il ex\u00e9cuta tout le travail.<\/p>\n<p><strong> De l&rsquo;autre c\u00f4t\u00e9 de Fonte Gaia et dans la partie inf\u00e9rieure, se trouve le Palazzo Pubblico <\/strong>, construit entre 1288 et 1342, une \u0153uvre de la classe technique et gothique, qui abrite glorieuse salle du grand conseil.<\/p>\n<p>Un d\u00e9tail vraiment fascinant du palais est le centre de la fa\u00e7ade o\u00f9 une rosace enti\u00e8rement en cuivre repr\u00e9sente le monogramme du Christ de 1425, une r\u00e9primande de San Bernardino.<\/p>\n<p>Si vous levez les yeux, vous verrez la Torre del Mangia, des ornements en pierre de 88 m\u00e8tres construits par Muccio et Francesco di Rinaldo, jusqu&rsquo;\u00e0 400 marches qui vous m\u00e8neront \u00e0 un paysage inoubliable.<\/p>\n<p><strong> \u00c0 l&rsquo;int\u00e9rieur du palais, se trouve le troisi\u00e8me joyau, le mus\u00e9e municipal, <\/strong> un tr\u00e9sor de chefs-d&rsquo;\u0153uvre de l&rsquo;art toscan avec une grande salle appel\u00e9e le Globe o\u00f9 vous trouverez deux chefs-d&rsquo;\u0153uvre magiques du peintre Simone Martini ou La Maest\u00e0 et Guidoriccio de Fogliano au si\u00e8ge de Montaperti.<\/p>\n<p>Ensuite, il y a une autre salle, la salle de la paix avec les fresques de Effets d&rsquo;un bon gouvernement et d&rsquo;un mauvais gouvernement, un avertissement que l&rsquo;art nous permet de comprendre le pass\u00e9, de comprendre le pr\u00e9sent et d&rsquo;am\u00e9liorer l&rsquo;avenir.<\/p>\n<p>Le Mus\u00e9e Civique est un catalogue interminable d&rsquo;\u0153uvres d&rsquo;artistes c\u00e9l\u00e8bres tels que Domenico di Niccol\u00f2, le susdit Jacopo della Quercia, Domenico Beccafumi, Spinello Aretino et Bernardo Rossellino.<\/p>\n<p>En bref, la Piazza del Campo est la plus belle chose \u00e0 voir \u00e0 Sienne, mais pas la seule et pour le <strong> faire avec le plus grand confort, nous vous conseillons de r\u00e9server l\u2019Hotel Minerva pr\u00e8s de la Piazza del Campo <\/strong>.<\/p>\n<p>L\u2019h\u00f4tel Minerva, en plus de se situer \u00e0 quelques minutes \u00e0 pied de la Piazza, est un h\u00f4tel trois \u00e9toiles de Sienne dot\u00e9 d\u2019un parking couvert couvert de 20 places, d\u2019une raret\u00e9 \u00e0 Sienne et d\u2019une solution id\u00e9ale dans les zones non-ZTL.<\/p>\n<p>R\u00e9servez d\u00e8s maintenant en cliquant sur le haut et vous d\u00e9couvrirez de nombreuses chambres, toutes diff\u00e9rentes les unes des autres et toutes aussi magiques que la Piazza elle-m\u00eame.<\/p>\n<p><strong> D\u00e9couvrez nos chambres et d\u00e9couvrez que la plupart d&rsquo;entre elles offrent une vue panoramique sur le centre de Sienne! <\/strong>, une \u00e9motion unique \u00e0 vivre et \u00e0 m\u00e9moriser \u00e0 jamais.<\/p>\n<p><strong> R\u00e9servez maintenant l&rsquo;h\u00f4tel Minerva pr\u00e8s de la Piazza del Campo.<\/strong><\/p>\n<p>\n<iframe loading=\"lazy\" style=\"border: 0;\" src=\"https:\/\/www.google.com\/maps\/embed?pb=!1m28!1m12!1m3!1d5805.31998557798!2d11.326194676434081!3d43.32137656653612!2m3!1f0!2f0!3f0!3m2!1i1024!2i768!4f13.1!4m13!3e2!4m5!1s0x132a2cc7df55564d%3A0xbb55bddd311ac99b!2sHOTEL+MINERVA%2C+Via+Giuseppe+Garibaldi%2C+Siena%2C+Province+of+Siena!3m2!1d43.324607!2d11.331828!4m5!1s0x132a2cb9f1439513%3A0x46ab39303192025a!2sPiazza+del+Campo%2C+Il+Campo%2C+53100+Siena+SI!3m2!1d43.318420499999995!2d11.331691099999999!5e0!3m2!1sen!2sit!4v1524738828864\" width=\"600\" height=\"450\" frameborder=\"0\" allowfullscreen=\"allowfullscreen\"><\/iframe><\/p>\n","protected":false},"excerpt":{"rendered":"<p>Une forme de coquillage pour garder toutes vos envies, la jonction de trois collines et la bataille mythologique de 17<\/p>\n","protected":false},"author":3,"featured_media":0,"parent":0,"menu_order":0,"comment_status":"closed","ping_status":"closed","template":"","meta":{"_acf_changed":false,"footnotes":""},"class_list":["post-2897","page","type-page","status-publish","hentry"],"acf":[],"yoast_head":"<!-- This site is optimized with the Yoast SEO plugin v27.4 - https:\/\/yoast.com\/product\/yoast-seo-wordpress\/ -->\n<title>Que voir \u00e0 Sienne Absolument: tout sur la magnifique Piazza del Campo - Hotel Minerva Siena<\/title>\n<meta name=\"robots\" content=\"index, follow, max-snippet:-1, max-image-preview:large, max-video-preview:-1\" \/>\n<link rel=\"canonical\" href=\"https:\/\/www.albergominerva.it\/fr\/que-voir-a-sienne-absolument-tout-sur-la-magnifique-piazza-del-campo\/\" \/>\n<meta property=\"og:locale\" content=\"fr_FR\" \/>\n<meta property=\"og:type\" content=\"article\" \/>\n<meta property=\"og:title\" content=\"Que voir \u00e0 Sienne Absolument: tout sur la magnifique Piazza del Campo - Hotel Minerva Siena\" \/>\n<meta property=\"og:description\" content=\"Une forme de coquillage pour garder toutes vos envies, la jonction de trois collines et la bataille mythologique de 17\" \/>\n<meta property=\"og:url\" content=\"https:\/\/www.albergominerva.it\/fr\/que-voir-a-sienne-absolument-tout-sur-la-magnifique-piazza-del-campo\/\" \/>\n<meta property=\"og:site_name\" content=\"Hotel Minerva Siena\" \/>\n<meta property=\"article:modified_time\" content=\"2019-07-02T09:47:07+00:00\" \/>\n<meta name=\"twitter:card\" content=\"summary_large_image\" \/>\n<meta name=\"twitter:label1\" content=\"Dur\u00e9e de lecture estim\u00e9e\" \/>\n\t<meta name=\"twitter:data1\" content=\"4 minutes\" \/>\n<script type=\"application\/ld+json\" class=\"yoast-schema-graph\">{\"@context\":\"https:\\\/\\\/schema.org\",\"@graph\":[{\"@type\":\"WebPage\",\"@id\":\"https:\\\/\\\/www.albergominerva.it\\\/fr\\\/que-voir-a-sienne-absolument-tout-sur-la-magnifique-piazza-del-campo\\\/\",\"url\":\"https:\\\/\\\/www.albergominerva.it\\\/fr\\\/que-voir-a-sienne-absolument-tout-sur-la-magnifique-piazza-del-campo\\\/\",\"name\":\"Que voir \u00e0 Sienne Absolument: tout sur la magnifique Piazza del Campo - Hotel Minerva Siena\",\"isPartOf\":{\"@id\":\"https:\\\/\\\/www.albergominerva.it\\\/fr\\\/#website\"},\"datePublished\":\"2019-03-16T14:58:56+00:00\",\"dateModified\":\"2019-07-02T09:47:07+00:00\",\"breadcrumb\":{\"@id\":\"https:\\\/\\\/www.albergominerva.it\\\/fr\\\/que-voir-a-sienne-absolument-tout-sur-la-magnifique-piazza-del-campo\\\/#breadcrumb\"},\"inLanguage\":\"fr-FR\",\"potentialAction\":[{\"@type\":\"ReadAction\",\"target\":[\"https:\\\/\\\/www.albergominerva.it\\\/fr\\\/que-voir-a-sienne-absolument-tout-sur-la-magnifique-piazza-del-campo\\\/\"]}]},{\"@type\":\"BreadcrumbList\",\"@id\":\"https:\\\/\\\/www.albergominerva.it\\\/fr\\\/que-voir-a-sienne-absolument-tout-sur-la-magnifique-piazza-del-campo\\\/#breadcrumb\",\"itemListElement\":[{\"@type\":\"ListItem\",\"position\":1,\"name\":\"Home\",\"item\":\"https:\\\/\\\/www.albergominerva.it\\\/fr\\\/\"},{\"@type\":\"ListItem\",\"position\":2,\"name\":\"Que voir \u00e0 Sienne Absolument: tout sur la magnifique Piazza del Campo\"}]},{\"@type\":\"WebSite\",\"@id\":\"https:\\\/\\\/www.albergominerva.it\\\/fr\\\/#website\",\"url\":\"https:\\\/\\\/www.albergominerva.it\\\/fr\\\/\",\"name\":\"Hotel Minerva Siena\",\"description\":\"Hotel in Centro Storico a Siena - Toscana - Italy\",\"potentialAction\":[{\"@type\":\"SearchAction\",\"target\":{\"@type\":\"EntryPoint\",\"urlTemplate\":\"https:\\\/\\\/www.albergominerva.it\\\/fr\\\/?s={search_term_string}\"},\"query-input\":{\"@type\":\"PropertyValueSpecification\",\"valueRequired\":true,\"valueName\":\"search_term_string\"}}],\"inLanguage\":\"fr-FR\"}]}<\/script>\n<!-- \/ Yoast SEO plugin. -->","yoast_head_json":{"title":"Que voir \u00e0 Sienne Absolument: tout sur la magnifique Piazza del Campo - Hotel Minerva Siena","robots":{"index":"index","follow":"follow","max-snippet":"max-snippet:-1","max-image-preview":"max-image-preview:large","max-video-preview":"max-video-preview:-1"},"canonical":"https:\/\/www.albergominerva.it\/fr\/que-voir-a-sienne-absolument-tout-sur-la-magnifique-piazza-del-campo\/","og_locale":"fr_FR","og_type":"article","og_title":"Que voir \u00e0 Sienne Absolument: tout sur la magnifique Piazza del Campo - Hotel Minerva Siena","og_description":"Une forme de coquillage pour garder toutes vos envies, la jonction de trois collines et la bataille mythologique de 17","og_url":"https:\/\/www.albergominerva.it\/fr\/que-voir-a-sienne-absolument-tout-sur-la-magnifique-piazza-del-campo\/","og_site_name":"Hotel Minerva Siena","article_modified_time":"2019-07-02T09:47:07+00:00","twitter_card":"summary_large_image","twitter_misc":{"Dur\u00e9e de lecture estim\u00e9e":"4 minutes"},"schema":{"@context":"https:\/\/schema.org","@graph":[{"@type":"WebPage","@id":"https:\/\/www.albergominerva.it\/fr\/que-voir-a-sienne-absolument-tout-sur-la-magnifique-piazza-del-campo\/","url":"https:\/\/www.albergominerva.it\/fr\/que-voir-a-sienne-absolument-tout-sur-la-magnifique-piazza-del-campo\/","name":"Que voir \u00e0 Sienne Absolument: tout sur la magnifique Piazza del Campo - Hotel Minerva Siena","isPartOf":{"@id":"https:\/\/www.albergominerva.it\/fr\/#website"},"datePublished":"2019-03-16T14:58:56+00:00","dateModified":"2019-07-02T09:47:07+00:00","breadcrumb":{"@id":"https:\/\/www.albergominerva.it\/fr\/que-voir-a-sienne-absolument-tout-sur-la-magnifique-piazza-del-campo\/#breadcrumb"},"inLanguage":"fr-FR","potentialAction":[{"@type":"ReadAction","target":["https:\/\/www.albergominerva.it\/fr\/que-voir-a-sienne-absolument-tout-sur-la-magnifique-piazza-del-campo\/"]}]},{"@type":"BreadcrumbList","@id":"https:\/\/www.albergominerva.it\/fr\/que-voir-a-sienne-absolument-tout-sur-la-magnifique-piazza-del-campo\/#breadcrumb","itemListElement":[{"@type":"ListItem","position":1,"name":"Home","item":"https:\/\/www.albergominerva.it\/fr\/"},{"@type":"ListItem","position":2,"name":"Que voir \u00e0 Sienne Absolument: tout sur la magnifique Piazza del Campo"}]},{"@type":"WebSite","@id":"https:\/\/www.albergominerva.it\/fr\/#website","url":"https:\/\/www.albergominerva.it\/fr\/","name":"Hotel Minerva Siena","description":"Hotel in Centro Storico a Siena - Toscana - Italy","potentialAction":[{"@type":"SearchAction","target":{"@type":"EntryPoint","urlTemplate":"https:\/\/www.albergominerva.it\/fr\/?s={search_term_string}"},"query-input":{"@type":"PropertyValueSpecification","valueRequired":true,"valueName":"search_term_string"}}],"inLanguage":"fr-FR"}]}},"_links":{"self":[{"href":"https:\/\/www.albergominerva.it\/fr\/wp-json\/wp\/v2\/pages\/2897","targetHints":{"allow":["GET"]}}],"collection":[{"href":"https:\/\/www.albergominerva.it\/fr\/wp-json\/wp\/v2\/pages"}],"about":[{"href":"https:\/\/www.albergominerva.it\/fr\/wp-json\/wp\/v2\/types\/page"}],"author":[{"embeddable":true,"href":"https:\/\/www.albergominerva.it\/fr\/wp-json\/wp\/v2\/users\/3"}],"replies":[{"embeddable":true,"href":"https:\/\/www.albergominerva.it\/fr\/wp-json\/wp\/v2\/comments?post=2897"}],"version-history":[{"count":2,"href":"https:\/\/www.albergominerva.it\/fr\/wp-json\/wp\/v2\/pages\/2897\/revisions"}],"predecessor-version":[{"id":3656,"href":"https:\/\/www.albergominerva.it\/fr\/wp-json\/wp\/v2\/pages\/2897\/revisions\/3656"}],"wp:attachment":[{"href":"https:\/\/www.albergominerva.it\/fr\/wp-json\/wp\/v2\/media?parent=2897"}],"curies":[{"name":"wp","href":"https:\/\/api.w.org\/{rel}","templated":true}]}}