{"id":2900,"date":"2019-03-16T15:04:04","date_gmt":"2019-03-16T15:04:04","guid":{"rendered":"https:\/\/albergominerva.it\/fr\/?page_id=2900"},"modified":"2019-03-16T15:04:33","modified_gmt":"2019-03-16T15:04:33","slug":"cest-pourquoi-jai-choisi-le-minerva-hotel","status":"publish","type":"page","link":"https:\/\/www.albergominerva.it\/fr\/cest-pourquoi-jai-choisi-le-minerva-hotel\/","title":{"rendered":"C&rsquo;est pourquoi j&rsquo;ai choisi le Minerva Hotel"},"content":{"rendered":"<div class=\"wpb-content-wrapper\"><p>[vc_row padding_top=\u00a0\u00bb30&Prime; margin_bottom=\u00a0\u00bb0&Prime; padding_bottom=\u00a0\u00bb50&Prime;][vc_column][vc_column_text]<\/p>\n<h1> CEUX QUE VOUS LISEZ SONT TOUS LES AVIS R\u00c9ELS DE TRIPADVISOR <\/h1>\n<p><strong> Ne perdez pas de temps \u00e0 chercher un h\u00f4tel dans le centre de Sienne. <\/strong><\/p>\n<p><strong> Choisissez Il Minerva car c\u2019est l\u2019h\u00f4tel le plus choisi par ceux qui recherchent un maximum de confort dans le centre de Sienne. <\/strong><\/p>\n<p><strong> Lisez ci-dessous et r\u00e9servez d\u00e8s maintenant! <\/strong>:<\/p>\n<h1> Confortable et parfait <\/h1>\n<p><strong> Quoi dire: si vous devez rester \u00e0 Sienne, c&rsquo;est un h\u00f4tel parfait. Parce que la Minerva est \u00e0 l\u2019int\u00e9rieur des murs mais juste \u00e0 l\u2019ext\u00e9rieur de la ZTL. <\/strong> Les chambres sont confortables et le personnel est \u00e9galement tr\u00e8s serviable et courtois. Un petit-d\u00e9jeuner international est copieux et toujours renouvel\u00e9. De l\u00e0, vous pourrez rejoindre tous les monuments de la ville en seulement quelques minutes: de la Piazza del Campo au Duomo, des mus\u00e9es Contrade \u00e0 la Torre del Mangia. Et si apr\u00e8s une bonne promenade vous avez faim, vous trouverez dans les environs les meilleurs restaurants pour vous d\u00e9tendre devant la cuisine siennoise typique et un bon verre de vin rouge qui est simplement du sangiovese ou du chianti. En bref, il ne reste plus qu&rsquo;\u00e0 l&rsquo;essayer.<\/p>\n<p><em> Tommasi S. <\/em><br \/>\n<H1> Belle <\/h1>\n<p>Je le recommande \u00e0 tout le monde. Personnel tr\u00e8s serviable, <strong> belle chambre avec terrasse <\/strong>, petit-d\u00e9jeuner impeccable et co\u00fbts abordables. Structure pr\u00e8s du centre avec garage que dans le centre de Sienne n&rsquo;est pas petite &#8230;&#8230;.!<\/p>\n<p><em> Francesco G. <\/em><br \/>\n<H1> Ottimo.soggiorno <\/h1>\n<p>Chambres propres et lumineuses, lits confortables, installations spacieuses et propres. Bonne qualit\u00e9 Internet, excellent petit d\u00e9jeuner. <strong> Promenade pratique pour rejoindre le centre de Sienne, ainsi qu\u2019un garage <\/strong>. <strong> La gare est facilement accessible <\/strong>.<\/p>\n<p><em> Barbara R. <\/em><br \/>\n<H1> Bon <\/h1>\n<p><strong> Il est id\u00e9alement situ\u00e9 <\/strong>. Il n&rsquo;a pas de piscine mais se trouve \u00e0 la porte de la belle Sienne. <strong> Dors par Dieu <\/strong>. Il m\u00e9rite quatre \u00e9toiles car c\u2019est un h\u00f4tel exceptionnel. Il n&rsquo;offre pas de services prestigieux et spectaculaires, mais il est excellent, m\u00eame pour la restauration.<\/p>\n<p><Em> FiliSpagna2006 <\/em><\/p>\n<h1> Trois \u00e9toiles &#8230; mais encore plus. <\/h1>\n<p><strong> H\u00f4tel spacieux et bien meubl\u00e9, situ\u00e9 \u00e0 un peu plus de 10 minutes de la Piazza del Campo <\/strong>, personnel comp\u00e9tent et serviable, chambres simples et lumineuses, ont confirm\u00e9 le bon rapport qualit\u00e9 \/ prix &#8230; que dire? Excellent petit-d\u00e9jeuner avec une large s\u00e9lection, <strong> expositions mensuelles de peinture, de photographie et d&rsquo;art divers <\/strong> .. et si vous avez une arri\u00e8re-salle, vous pourrez profiter d&rsquo;une vue magnifique sur les toits et le profil de l&rsquo;une des plus belles villes de la qui \u00ab\u00a0tr\u00e9buche\u00a0\u00bb. Quoi ajouter \u00e0 propos de Sienne? Rien. Juste le perdre et c&rsquo;est tout.<\/p>\n<p><Em> francemarketti <\/em><\/p>\n<h1> tout va bien <\/h1>\n<p>deux nuits dans cet h\u00f4tel situ\u00e9 au nord de la ville mais \u00e0 moins de 10 minutes du centre \u00e0 pied. <strong> tr\u00e8s propre, taille de la chambre double et salle de bain standard. t\u00e9l\u00e9vision \u00e9galement avec certaines cha\u00eenes du ciel <\/strong> &#8230;&#8230;.. petit d\u00e9jeuner copieux avec un large choix. <strong> tr\u00e8s belle vue sur la ville <\/strong> pour ceux qui ont une chambre en face de la rue. personnel sympathique et serviable.<\/p>\n<p><Em> framartino64 <\/em><br \/>\n<H1> Tourisme <\/h1>\n<p><strong> Tr\u00e8s bien situ\u00e9 pour visiter la ville, laissez la voiture sur le parking de l&rsquo;h\u00f4tel (payant) et, en 15 minutes \u00e0 pied, vous \u00eates sur la Piazza del Campo. <\/strong> Le personnel est tr\u00e8s serviable et gentil. Plusieurs restaurants \u00e0 proximit\u00e9. Salle blanche.<\/p>\n<p><Em> GMax63 <\/em><br \/>\n<H1> Bon <\/h1>\n<p>Personnel tr\u00e8s sympathique, serviable, h\u00f4tel propre! \u00c0 recommander absolument, et plus encore, <strong> tr\u00e8s pr\u00e8s du centre <\/strong>! Excellente exp\u00e9rience \u00e0 tous points de vue. La prochaine fois que je visiterai cette ville, je reviendrai \u00e0 coup s\u00fbr !!<\/p>\n<p><em> Alberto M <\/em><\/p>\n<h1> Semaine Sienne <\/h1>\n<p>Excellent emplacement \u00e0 500 m du centre. H\u00f4tel agr\u00e9able et propre. Excellent et copieux petit d\u00e9jeuner. <strong> R\u00e9duction des frais de parking en partie \u00e0 l&rsquo;h\u00f4tel pour 12 \u20ac par jour. R\u00e9servez d&rsquo;abord car il y a peu de places. <\/strong> Recommand\u00e9<\/p>\n<p><Em> Marco4Bs <\/em><\/p>\n<h1> H\u00f4tel dans le centre <\/h1>\n<p>H\u00f4tel \u00e9quip\u00e9 de tout le confort. <strong> Propre et moderne, dot\u00e9 d&rsquo;un parking r\u00e9serv\u00e9, mais payant. <\/strong> Il est situ\u00e9 \u00e0 deux pas du centre historique et dans l&rsquo;enceinte de la ville. Le personnel amical et serviable.<\/p>\n<p><Em> Kirara96 <\/em><\/p>\n<h1> Week-end \u00e0 Sienne <\/h1>\n<p>Je suis rest\u00e9 avec mon copain pour une nuit. La salle est confortable, le personnel poli et serviable. <strong> Un petit-d\u00e9jeuner bien assorti. <\/strong> Il est situ\u00e9 dans une position strat\u00e9gique qui vous permet de rejoindre le centre en 10 minutes.<\/p>\n<p><em> Benedetta T <\/em><\/p>\n<h1> Tr\u00e8s bien situ\u00e9 <\/h1>\n<p><strong> H\u00f4tel situ\u00e9 \u00e0 proximit\u00e9 imm\u00e9diate de la ZTL et tr\u00e8s proche de la gare routi\u00e8re, pratiquement au centre. <\/strong> Le personnel amical et serviable, la chambre propre et confortable. H\u00f4tel id\u00e9al pour ceux qui ont une voiture car elle offre un garage payant (un montant raisonnable quand m\u00eame). Recommand\u00e9!<\/p>\n<p><em> Irene G <\/em><\/p>\n<h1> Dans le quartier historique de la Lupa <\/h1>\n<p><strong> Logistiquement pratique pour visiter le centre de Sienne, parking sur place, excellent petit-d\u00e9jeuner et disponibilit\u00e9 du personnel. <\/strong> Recommand\u00e9 comme base de soutien.<\/p>\n<p><em>Ssgalione<\/em>[\/vc_column_text][\/vc_column][\/vc_row][vc_row bg_type=\u00a0\u00bbimage\u00a0\u00bb bg_image=\u00a0\u00bb48&Prime; bg_image_type=\u00a0\u00bbfixed-bg\u00a0\u00bb opacity_overlay=\u00a0\u00bb10&Prime; padding_bottom=\u00a0\u00bb100&Prime; padding_top=\u00a0\u00bb100&Prime; margin_bottom=\u00a0\u00bb0&Prime;][vc_column width=\u00a0\u00bb1\/3&Prime;][\/vc_column][vc_column width=\u00a0\u00bb1\/3&Prime;][\/vc_column][vc_column width=\u00a0\u00bb1\/3&Prime;][vc_row_inner css=\u00a0\u00bb.vc_custom_1453484977472{margin-top: 10% !important;margin-right: 10% !important;margin-bottom: 10% !important;margin-left: 10% !important;border-top-width: 5px !important;border-right-width: 5px !important;border-bottom-width: 5px !important;border-left-width: 5px !important;padding-top: 30px !important;padding-right: 10px !important;padding-bottom: 10px !important;padding-left: 10px !important;background-color: rgba(10,10,10,0.31) !important;*background-color: rgb(10,10,10) !important;border-left-color: #ffffff !important;border-left-style: solid !important;border-right-color: #ffffff !important;border-right-style: solid !important;border-top-color: #ffffff !important;border-top-style: solid !important;border-bottom-color: #ffffff !important;border-bottom-style: solid !important;}\u00a0\u00bb][vc_column_inner][grve_icon_box icon=\u00a0\u00bbbed\u00a0\u00bb shape_type=\u00a0\u00bboutline\u00a0\u00bb align=\u00a0\u00bbcenter\u00a0\u00bb icon_color=\u00a0\u00bbwhite\u00a0\u00bb heading=\u00a0\u00bbh2&Prime; animation=\u00a0\u00bbfadeInUp\u00a0\u00bb][\/grve_icon_box][vc_column_text]<\/p>\n<h2 style=\"text-align: center;\"><span style=\"color: #ffffff;\">Le <strong>CAMERE<\/strong><\/span><\/h2>\n<p style=\"text-align: center;\"><span style=\"color: #ffffff;\">Una vista unica sul Centro Storico di Siena<\/span><\/p>\n<p>[\/vc_column_text][grve_button button_color=\u00a0\u00bbprimary-3&Prime; button_text=\u00a0\u00bbScopri\u00a0\u00bb button_size=\u00a0\u00bbextrasmall\u00a0\u00bb button_link=\u00a0\u00bburl:%2Fcamere-elegant-siena-centro%2F||\u00a0\u00bb align=\u00a0\u00bbcenter\u00a0\u00bb animation=\u00a0\u00bbfadeInDown\u00a0\u00bb][\/vc_column_inner][\/vc_row_inner][\/vc_column][\/vc_row][vc_row footer_feature=\u00a0\u00bbyes\u00a0\u00bb margin_bottom=\u00a0\u00bb0&Prime;][vc_column][vc_column_text][static_block_content id=\u00a0\u00bb567&Prime;][\/vc_column_text][\/vc_column][\/vc_row]<\/p>\n<\/div>","protected":false},"excerpt":{"rendered":"<p>[vc_row padding_top=\u00a0\u00bb30&Prime; margin_bottom=\u00a0\u00bb0&Prime; padding_bottom=\u00a0\u00bb50&Prime;][vc_column][vc_column_text] CEUX QUE VOUS LISEZ SONT TOUS LES AVIS R\u00c9ELS DE TRIPADVISOR Ne perdez pas de temps<\/p>\n","protected":false},"author":3,"featured_media":0,"parent":0,"menu_order":0,"comment_status":"closed","ping_status":"closed","template":"","meta":{"_acf_changed":false,"footnotes":""},"class_list":["post-2900","page","type-page","status-publish","hentry"],"acf":[],"yoast_head":"<!-- This site is optimized with the Yoast SEO plugin v27.4 - https:\/\/yoast.com\/product\/yoast-seo-wordpress\/ -->\n<title>C&#039;est pourquoi j&#039;ai choisi le Minerva Hotel - Hotel Minerva Siena<\/title>\n<meta name=\"robots\" content=\"index, follow, max-snippet:-1, max-image-preview:large, max-video-preview:-1\" \/>\n<link rel=\"canonical\" href=\"https:\/\/www.albergominerva.it\/fr\/cest-pourquoi-jai-choisi-le-minerva-hotel\/\" \/>\n<meta property=\"og:locale\" content=\"fr_FR\" \/>\n<meta property=\"og:type\" content=\"article\" \/>\n<meta property=\"og:title\" content=\"C&#039;est pourquoi j&#039;ai choisi le Minerva Hotel - Hotel Minerva Siena\" \/>\n<meta property=\"og:description\" content=\"[vc_row padding_top=\u00a0\u00bb30&Prime; margin_bottom=\u00a0\u00bb0&Prime; padding_bottom=\u00a0\u00bb50&Prime;][vc_column][vc_column_text] CEUX QUE VOUS LISEZ SONT TOUS LES AVIS R\u00c9ELS DE TRIPADVISOR Ne perdez pas de temps\" \/>\n<meta property=\"og:url\" content=\"https:\/\/www.albergominerva.it\/fr\/cest-pourquoi-jai-choisi-le-minerva-hotel\/\" \/>\n<meta property=\"og:site_name\" content=\"Hotel Minerva Siena\" \/>\n<meta property=\"article:modified_time\" content=\"2019-03-16T15:04:33+00:00\" \/>\n<meta name=\"twitter:card\" content=\"summary_large_image\" \/>\n<meta name=\"twitter:label1\" content=\"Dur\u00e9e de lecture estim\u00e9e\" \/>\n\t<meta name=\"twitter:data1\" content=\"5 minutes\" \/>\n<script type=\"application\/ld+json\" class=\"yoast-schema-graph\">{\"@context\":\"https:\\\/\\\/schema.org\",\"@graph\":[{\"@type\":\"WebPage\",\"@id\":\"https:\\\/\\\/www.albergominerva.it\\\/fr\\\/cest-pourquoi-jai-choisi-le-minerva-hotel\\\/\",\"url\":\"https:\\\/\\\/www.albergominerva.it\\\/fr\\\/cest-pourquoi-jai-choisi-le-minerva-hotel\\\/\",\"name\":\"C'est pourquoi j'ai choisi le Minerva Hotel - Hotel Minerva Siena\",\"isPartOf\":{\"@id\":\"https:\\\/\\\/www.albergominerva.it\\\/fr\\\/#website\"},\"datePublished\":\"2019-03-16T15:04:04+00:00\",\"dateModified\":\"2019-03-16T15:04:33+00:00\",\"breadcrumb\":{\"@id\":\"https:\\\/\\\/www.albergominerva.it\\\/fr\\\/cest-pourquoi-jai-choisi-le-minerva-hotel\\\/#breadcrumb\"},\"inLanguage\":\"fr-FR\",\"potentialAction\":[{\"@type\":\"ReadAction\",\"target\":[\"https:\\\/\\\/www.albergominerva.it\\\/fr\\\/cest-pourquoi-jai-choisi-le-minerva-hotel\\\/\"]}]},{\"@type\":\"BreadcrumbList\",\"@id\":\"https:\\\/\\\/www.albergominerva.it\\\/fr\\\/cest-pourquoi-jai-choisi-le-minerva-hotel\\\/#breadcrumb\",\"itemListElement\":[{\"@type\":\"ListItem\",\"position\":1,\"name\":\"Home\",\"item\":\"https:\\\/\\\/www.albergominerva.it\\\/fr\\\/\"},{\"@type\":\"ListItem\",\"position\":2,\"name\":\"C&rsquo;est pourquoi j&rsquo;ai choisi le Minerva Hotel\"}]},{\"@type\":\"WebSite\",\"@id\":\"https:\\\/\\\/www.albergominerva.it\\\/fr\\\/#website\",\"url\":\"https:\\\/\\\/www.albergominerva.it\\\/fr\\\/\",\"name\":\"Hotel Minerva Siena\",\"description\":\"Hotel in Centro Storico a Siena - Toscana - Italy\",\"potentialAction\":[{\"@type\":\"SearchAction\",\"target\":{\"@type\":\"EntryPoint\",\"urlTemplate\":\"https:\\\/\\\/www.albergominerva.it\\\/fr\\\/?s={search_term_string}\"},\"query-input\":{\"@type\":\"PropertyValueSpecification\",\"valueRequired\":true,\"valueName\":\"search_term_string\"}}],\"inLanguage\":\"fr-FR\"}]}<\/script>\n<!-- \/ Yoast SEO plugin. -->","yoast_head_json":{"title":"C'est pourquoi j'ai choisi le Minerva Hotel - Hotel Minerva Siena","robots":{"index":"index","follow":"follow","max-snippet":"max-snippet:-1","max-image-preview":"max-image-preview:large","max-video-preview":"max-video-preview:-1"},"canonical":"https:\/\/www.albergominerva.it\/fr\/cest-pourquoi-jai-choisi-le-minerva-hotel\/","og_locale":"fr_FR","og_type":"article","og_title":"C'est pourquoi j'ai choisi le Minerva Hotel - Hotel Minerva Siena","og_description":"[vc_row padding_top=\u00a0\u00bb30&Prime; margin_bottom=\u00a0\u00bb0&Prime; padding_bottom=\u00a0\u00bb50&Prime;][vc_column][vc_column_text] CEUX QUE VOUS LISEZ SONT TOUS LES AVIS R\u00c9ELS DE TRIPADVISOR Ne perdez pas de temps","og_url":"https:\/\/www.albergominerva.it\/fr\/cest-pourquoi-jai-choisi-le-minerva-hotel\/","og_site_name":"Hotel Minerva Siena","article_modified_time":"2019-03-16T15:04:33+00:00","twitter_card":"summary_large_image","twitter_misc":{"Dur\u00e9e de lecture estim\u00e9e":"5 minutes"},"schema":{"@context":"https:\/\/schema.org","@graph":[{"@type":"WebPage","@id":"https:\/\/www.albergominerva.it\/fr\/cest-pourquoi-jai-choisi-le-minerva-hotel\/","url":"https:\/\/www.albergominerva.it\/fr\/cest-pourquoi-jai-choisi-le-minerva-hotel\/","name":"C'est pourquoi j'ai choisi le Minerva Hotel - Hotel Minerva Siena","isPartOf":{"@id":"https:\/\/www.albergominerva.it\/fr\/#website"},"datePublished":"2019-03-16T15:04:04+00:00","dateModified":"2019-03-16T15:04:33+00:00","breadcrumb":{"@id":"https:\/\/www.albergominerva.it\/fr\/cest-pourquoi-jai-choisi-le-minerva-hotel\/#breadcrumb"},"inLanguage":"fr-FR","potentialAction":[{"@type":"ReadAction","target":["https:\/\/www.albergominerva.it\/fr\/cest-pourquoi-jai-choisi-le-minerva-hotel\/"]}]},{"@type":"BreadcrumbList","@id":"https:\/\/www.albergominerva.it\/fr\/cest-pourquoi-jai-choisi-le-minerva-hotel\/#breadcrumb","itemListElement":[{"@type":"ListItem","position":1,"name":"Home","item":"https:\/\/www.albergominerva.it\/fr\/"},{"@type":"ListItem","position":2,"name":"C&rsquo;est pourquoi j&rsquo;ai choisi le Minerva Hotel"}]},{"@type":"WebSite","@id":"https:\/\/www.albergominerva.it\/fr\/#website","url":"https:\/\/www.albergominerva.it\/fr\/","name":"Hotel Minerva Siena","description":"Hotel in Centro Storico a Siena - Toscana - Italy","potentialAction":[{"@type":"SearchAction","target":{"@type":"EntryPoint","urlTemplate":"https:\/\/www.albergominerva.it\/fr\/?s={search_term_string}"},"query-input":{"@type":"PropertyValueSpecification","valueRequired":true,"valueName":"search_term_string"}}],"inLanguage":"fr-FR"}]}},"_links":{"self":[{"href":"https:\/\/www.albergominerva.it\/fr\/wp-json\/wp\/v2\/pages\/2900","targetHints":{"allow":["GET"]}}],"collection":[{"href":"https:\/\/www.albergominerva.it\/fr\/wp-json\/wp\/v2\/pages"}],"about":[{"href":"https:\/\/www.albergominerva.it\/fr\/wp-json\/wp\/v2\/types\/page"}],"author":[{"embeddable":true,"href":"https:\/\/www.albergominerva.it\/fr\/wp-json\/wp\/v2\/users\/3"}],"replies":[{"embeddable":true,"href":"https:\/\/www.albergominerva.it\/fr\/wp-json\/wp\/v2\/comments?post=2900"}],"version-history":[{"count":2,"href":"https:\/\/www.albergominerva.it\/fr\/wp-json\/wp\/v2\/pages\/2900\/revisions"}],"predecessor-version":[{"id":2902,"href":"https:\/\/www.albergominerva.it\/fr\/wp-json\/wp\/v2\/pages\/2900\/revisions\/2902"}],"wp:attachment":[{"href":"https:\/\/www.albergominerva.it\/fr\/wp-json\/wp\/v2\/media?parent=2900"}],"curies":[{"name":"wp","href":"https:\/\/api.w.org\/{rel}","templated":true}]}}