{"id":2905,"date":"2019-03-16T15:11:41","date_gmt":"2019-03-16T15:11:41","guid":{"rendered":"https:\/\/albergominerva.it\/fr\/?page_id=2905"},"modified":"2019-07-02T10:00:41","modified_gmt":"2019-07-02T08:00:41","slug":"pres-de-la-piazza-del-campo-a-sienne-le-palazzo-chigi-saracini","status":"publish","type":"page","link":"https:\/\/www.albergominerva.it\/fr\/pres-de-la-piazza-del-campo-a-sienne-le-palazzo-chigi-saracini\/","title":{"rendered":"Pr\u00e8s de la Piazza Del Campo \u00e0 Sienne: Le Palazzo Chigi Saracini"},"content":{"rendered":"<h1>Palazzo Chigi Saracini<\/h1>\n<p>La magie puissante et suggestive de Sienne ne s\u2019exprime pas exclusivement sur la magnifique Piazza del Campo.<\/p>\n<p><strong> Pr\u00e8s de la Piazza et en plein centre historique, il existe des palais uniques et magnifiques <!-- strong--> que chaque touriste et voyageur doit d\u00e9couvrir s&rsquo;il veut profiter pleinement de la tradition de la ville.<\/strong><\/p>\n<p><strong> Parmi ces palais, le plus beau \u00e0 visiter est peut-\u00eatre le palais Chigi Saracini, situ\u00e9 Via di Citt\u00e0. <!-- strong--><\/strong><\/p>\n<p>Ce palais remonte dans sa version la plus ancienne et la plus petite au <strong> 12\u00e8me si\u00e8cle.<\/strong><\/p>\n<p>Il s\u2019appelait Palazzo Marescotti parce qu\u2019il appartenait \u00e0 la famille Ghibellina dei Marescotti.<\/p>\n<p>Au fil du temps, le b\u00e2timent s\u2019est agrandi pour accueillir \u00e9galement les dirigeants du Conseil de la R\u00e9publique.<\/p>\n<p>Seulement au 16\u00e8me si\u00e8cle, la famille la plus puissante de Sienne, les Piccolomini l&rsquo;ont achet\u00e9e en lui donnant un aspect essentiellement Renaissance.<\/p>\n<p>Le palais est ensuite pass\u00e9 de main en main jusqu&rsquo;\u00e0 <strong> Guido Chigi Saracini <!-- strong-->, puis en 1932, il est devenu le si\u00e8ge de l&rsquo;Acad\u00e9mie de musique de Chigiana, qui est devenue la fondation en 1958, qui abrite l&rsquo;\u00e9cole de haute sp\u00e9cialisation musicale.<\/strong><\/p>\n<p><strong> La galerie interne conserve des \u0153uvres d&rsquo;artistes siennois de 200 \u00e0 900 <!-- strong-->, parmi lesquelles la Vierge du Ma\u00eetre de Tressa, une Vierge et deux anges de Matteo di Giovanni, une Piet\u00e0 de Riccio et Le mariage mystique de Sainte Caterina da Siena de <strong> Beccafumi <!-- strong-->.<\/strong><\/strong><\/p>\n<p><strong> Ensuite, vous trouverez de magnifiques sculptures et des majoliques. <!-- strong--> Parmi les sculptures, on distingue la Discordia de Francesco di Giorgio, tandis que parmi les majoliques, les plats de l&rsquo;artiste siennois Ferdinando Maria Campani.<\/strong><\/p>\n<p>Le Palazzo Chigi Saracini est facilement accessible \u00e0 pied depuis n&rsquo;importe quel h\u00f4tel du centre de Sienne.<\/p>\n<p>Nous vous conseillons de r\u00e9server notre h\u00f4tel, l\u2019Hotel Minerva, un h\u00f4tel 3 \u00e9toiles du centre de Sienne dot\u00e9 d\u2019un parking couvert payant.<\/p>\n<p>Outre le confort du parking interne avec acc\u00e8s direct au hall et le fait qu\u2019il n\u2019est pas comparable \u00e0 beaucoup d\u2019autres dans la zone ZTL, <strong> le Minerva Hotel offre dans de nombreuses chambres une magnifique vue panoramique sur le centre historique de Sienne <!-- strong--> et qu\u2019il est \u00e9galement facilement accessible depuis les gares routi\u00e8re et ferroviaire.<\/strong><\/p>\n<p>R\u00e9servez directement sur ce site et nous nous assurerons toujours le meilleur prix garanti.<\/p>\n","protected":false},"excerpt":{"rendered":"<p>Palazzo Chigi Saracini La magie puissante et suggestive de Sienne ne s\u2019exprime pas exclusivement sur la magnifique Piazza del Campo.<\/p>\n","protected":false},"author":3,"featured_media":0,"parent":0,"menu_order":0,"comment_status":"closed","ping_status":"closed","template":"","meta":{"_acf_changed":false,"footnotes":""},"class_list":["post-2905","page","type-page","status-publish","hentry"],"acf":[],"yoast_head":"<!-- This site is optimized with the Yoast SEO plugin v27.4 - https:\/\/yoast.com\/product\/yoast-seo-wordpress\/ -->\n<title>Pr\u00e8s de la Piazza Del Campo \u00e0 Sienne: Le Palazzo Chigi Saracini - Hotel Minerva Siena<\/title>\n<meta name=\"robots\" content=\"index, follow, max-snippet:-1, max-image-preview:large, max-video-preview:-1\" \/>\n<link rel=\"canonical\" href=\"https:\/\/www.albergominerva.it\/fr\/pres-de-la-piazza-del-campo-a-sienne-le-palazzo-chigi-saracini\/\" \/>\n<meta property=\"og:locale\" content=\"fr_FR\" \/>\n<meta property=\"og:type\" content=\"article\" \/>\n<meta property=\"og:title\" content=\"Pr\u00e8s de la Piazza Del Campo \u00e0 Sienne: Le Palazzo Chigi Saracini - Hotel Minerva Siena\" \/>\n<meta property=\"og:description\" content=\"Palazzo Chigi Saracini La magie puissante et suggestive de Sienne ne s\u2019exprime pas exclusivement sur la magnifique Piazza del Campo.\" \/>\n<meta property=\"og:url\" content=\"https:\/\/www.albergominerva.it\/fr\/pres-de-la-piazza-del-campo-a-sienne-le-palazzo-chigi-saracini\/\" \/>\n<meta property=\"og:site_name\" content=\"Hotel Minerva Siena\" \/>\n<meta property=\"article:modified_time\" content=\"2019-07-02T08:00:41+00:00\" \/>\n<meta name=\"twitter:card\" content=\"summary_large_image\" \/>\n<meta name=\"twitter:label1\" content=\"Dur\u00e9e de lecture estim\u00e9e\" \/>\n\t<meta name=\"twitter:data1\" content=\"2 minutes\" \/>\n<script type=\"application\/ld+json\" class=\"yoast-schema-graph\">{\"@context\":\"https:\\\/\\\/schema.org\",\"@graph\":[{\"@type\":\"WebPage\",\"@id\":\"https:\\\/\\\/www.albergominerva.it\\\/fr\\\/pres-de-la-piazza-del-campo-a-sienne-le-palazzo-chigi-saracini\\\/\",\"url\":\"https:\\\/\\\/www.albergominerva.it\\\/fr\\\/pres-de-la-piazza-del-campo-a-sienne-le-palazzo-chigi-saracini\\\/\",\"name\":\"Pr\u00e8s de la Piazza Del Campo \u00e0 Sienne: Le Palazzo Chigi Saracini - Hotel Minerva Siena\",\"isPartOf\":{\"@id\":\"https:\\\/\\\/www.albergominerva.it\\\/fr\\\/#website\"},\"datePublished\":\"2019-03-16T15:11:41+00:00\",\"dateModified\":\"2019-07-02T08:00:41+00:00\",\"breadcrumb\":{\"@id\":\"https:\\\/\\\/www.albergominerva.it\\\/fr\\\/pres-de-la-piazza-del-campo-a-sienne-le-palazzo-chigi-saracini\\\/#breadcrumb\"},\"inLanguage\":\"fr-FR\",\"potentialAction\":[{\"@type\":\"ReadAction\",\"target\":[\"https:\\\/\\\/www.albergominerva.it\\\/fr\\\/pres-de-la-piazza-del-campo-a-sienne-le-palazzo-chigi-saracini\\\/\"]}]},{\"@type\":\"BreadcrumbList\",\"@id\":\"https:\\\/\\\/www.albergominerva.it\\\/fr\\\/pres-de-la-piazza-del-campo-a-sienne-le-palazzo-chigi-saracini\\\/#breadcrumb\",\"itemListElement\":[{\"@type\":\"ListItem\",\"position\":1,\"name\":\"Home\",\"item\":\"https:\\\/\\\/www.albergominerva.it\\\/fr\\\/\"},{\"@type\":\"ListItem\",\"position\":2,\"name\":\"Pr\u00e8s de la Piazza Del Campo \u00e0 Sienne: Le Palazzo Chigi Saracini\"}]},{\"@type\":\"WebSite\",\"@id\":\"https:\\\/\\\/www.albergominerva.it\\\/fr\\\/#website\",\"url\":\"https:\\\/\\\/www.albergominerva.it\\\/fr\\\/\",\"name\":\"Hotel Minerva Siena\",\"description\":\"Hotel in Centro Storico a Siena - Toscana - Italy\",\"potentialAction\":[{\"@type\":\"SearchAction\",\"target\":{\"@type\":\"EntryPoint\",\"urlTemplate\":\"https:\\\/\\\/www.albergominerva.it\\\/fr\\\/?s={search_term_string}\"},\"query-input\":{\"@type\":\"PropertyValueSpecification\",\"valueRequired\":true,\"valueName\":\"search_term_string\"}}],\"inLanguage\":\"fr-FR\"}]}<\/script>\n<!-- \/ Yoast SEO plugin. -->","yoast_head_json":{"title":"Pr\u00e8s de la Piazza Del Campo \u00e0 Sienne: Le Palazzo Chigi Saracini - Hotel Minerva Siena","robots":{"index":"index","follow":"follow","max-snippet":"max-snippet:-1","max-image-preview":"max-image-preview:large","max-video-preview":"max-video-preview:-1"},"canonical":"https:\/\/www.albergominerva.it\/fr\/pres-de-la-piazza-del-campo-a-sienne-le-palazzo-chigi-saracini\/","og_locale":"fr_FR","og_type":"article","og_title":"Pr\u00e8s de la Piazza Del Campo \u00e0 Sienne: Le Palazzo Chigi Saracini - Hotel Minerva Siena","og_description":"Palazzo Chigi Saracini La magie puissante et suggestive de Sienne ne s\u2019exprime pas exclusivement sur la magnifique Piazza del Campo.","og_url":"https:\/\/www.albergominerva.it\/fr\/pres-de-la-piazza-del-campo-a-sienne-le-palazzo-chigi-saracini\/","og_site_name":"Hotel Minerva Siena","article_modified_time":"2019-07-02T08:00:41+00:00","twitter_card":"summary_large_image","twitter_misc":{"Dur\u00e9e de lecture estim\u00e9e":"2 minutes"},"schema":{"@context":"https:\/\/schema.org","@graph":[{"@type":"WebPage","@id":"https:\/\/www.albergominerva.it\/fr\/pres-de-la-piazza-del-campo-a-sienne-le-palazzo-chigi-saracini\/","url":"https:\/\/www.albergominerva.it\/fr\/pres-de-la-piazza-del-campo-a-sienne-le-palazzo-chigi-saracini\/","name":"Pr\u00e8s de la Piazza Del Campo \u00e0 Sienne: Le Palazzo Chigi Saracini - Hotel Minerva Siena","isPartOf":{"@id":"https:\/\/www.albergominerva.it\/fr\/#website"},"datePublished":"2019-03-16T15:11:41+00:00","dateModified":"2019-07-02T08:00:41+00:00","breadcrumb":{"@id":"https:\/\/www.albergominerva.it\/fr\/pres-de-la-piazza-del-campo-a-sienne-le-palazzo-chigi-saracini\/#breadcrumb"},"inLanguage":"fr-FR","potentialAction":[{"@type":"ReadAction","target":["https:\/\/www.albergominerva.it\/fr\/pres-de-la-piazza-del-campo-a-sienne-le-palazzo-chigi-saracini\/"]}]},{"@type":"BreadcrumbList","@id":"https:\/\/www.albergominerva.it\/fr\/pres-de-la-piazza-del-campo-a-sienne-le-palazzo-chigi-saracini\/#breadcrumb","itemListElement":[{"@type":"ListItem","position":1,"name":"Home","item":"https:\/\/www.albergominerva.it\/fr\/"},{"@type":"ListItem","position":2,"name":"Pr\u00e8s de la Piazza Del Campo \u00e0 Sienne: Le Palazzo Chigi Saracini"}]},{"@type":"WebSite","@id":"https:\/\/www.albergominerva.it\/fr\/#website","url":"https:\/\/www.albergominerva.it\/fr\/","name":"Hotel Minerva Siena","description":"Hotel in Centro Storico a Siena - Toscana - Italy","potentialAction":[{"@type":"SearchAction","target":{"@type":"EntryPoint","urlTemplate":"https:\/\/www.albergominerva.it\/fr\/?s={search_term_string}"},"query-input":{"@type":"PropertyValueSpecification","valueRequired":true,"valueName":"search_term_string"}}],"inLanguage":"fr-FR"}]}},"_links":{"self":[{"href":"https:\/\/www.albergominerva.it\/fr\/wp-json\/wp\/v2\/pages\/2905","targetHints":{"allow":["GET"]}}],"collection":[{"href":"https:\/\/www.albergominerva.it\/fr\/wp-json\/wp\/v2\/pages"}],"about":[{"href":"https:\/\/www.albergominerva.it\/fr\/wp-json\/wp\/v2\/types\/page"}],"author":[{"embeddable":true,"href":"https:\/\/www.albergominerva.it\/fr\/wp-json\/wp\/v2\/users\/3"}],"replies":[{"embeddable":true,"href":"https:\/\/www.albergominerva.it\/fr\/wp-json\/wp\/v2\/comments?post=2905"}],"version-history":[{"count":2,"href":"https:\/\/www.albergominerva.it\/fr\/wp-json\/wp\/v2\/pages\/2905\/revisions"}],"predecessor-version":[{"id":3561,"href":"https:\/\/www.albergominerva.it\/fr\/wp-json\/wp\/v2\/pages\/2905\/revisions\/3561"}],"wp:attachment":[{"href":"https:\/\/www.albergominerva.it\/fr\/wp-json\/wp\/v2\/media?parent=2905"}],"curies":[{"name":"wp","href":"https:\/\/api.w.org\/{rel}","templated":true}]}}