{"id":2907,"date":"2019-03-17T17:51:34","date_gmt":"2019-03-17T17:51:34","guid":{"rendered":"https:\/\/albergominerva.it\/fr\/?page_id=2907"},"modified":"2019-07-01T14:30:19","modified_gmt":"2019-07-01T12:30:19","slug":"hotel-a-sienne-acceptant-les-animaux-hotel-animaux-admis","status":"publish","type":"page","link":"https:\/\/www.albergominerva.it\/fr\/hotel-a-sienne-acceptant-les-animaux-hotel-animaux-admis\/","title":{"rendered":"H\u00f4tel \u00e0 Sienne acceptant les animaux, H\u00f4tel Animaux admis"},"content":{"rendered":"<h2 style=\"text-align: left;\">H\u00f4tel \u00e0 Sienne acceptant les animaux, H\u00f4tel Animaux admis<\/h2>\n<p><strong>Vous cherchez un h\u00f4tel acceptant les animaux \u00e0 Sienne? <\/strong><\/p>\n<p><strong> Nous vous recommandons de r\u00e9server l\u2019h\u00f4tel Minerva <\/strong>, un bel h\u00f4tel 3 \u00e9toiles acceptant les animaux domestiques situ\u00e9 dans le centre de Sienne.<\/p>\n<p>Equip\u00e9 d&rsquo;un bar et d&rsquo;un parking payant, couvert, avec acc\u00e8s direct \u00e0 l&rsquo;h\u00f4tel et avec 20 places disponibles, l&rsquo;h\u00f4tel Minerva contient 56 chambres climatis\u00e9es, toutes diff\u00e9rentes, avec wifi et qui sont divis\u00e9es en \u00e9l\u00e9gantes, \u00e9conomiques &#8211; Standard, junior suite et junior suite.<\/p>\n<p>Les <a href=\"http:\/\/albergominerva.it\/camere-economiche-siena-centro\/\"> simples chambres <\/a> sont am\u00e9nag\u00e9es dans la partie int\u00e9rieure et ont une superficie \u00e0 partir de 16 m\u00b2.<\/p>\n<p>Les <a href=\"http:\/\/albergominerva.it\/camere-elegant-siena-centro\/\"> chambres \u00e9l\u00e9gantes <\/a> offrent toutes une vue sur le centre historique de Sienne et sont spacieuses \u00e0 partir de 19 m\u00b2.<\/p>\n<p>Les <a href=\"http:\/\/albergominerva.it\/junior-suite-siena-centro\/\"> suites junior <\/a> ont toutes vue sur les basiliques de San Francesco et de Provenzano et ont une superficie de 22 m\u00b2.<\/p>\n<p><a href=\"http:\/\/albergominerva.it\/junior-suite-matrimon-siena-centro\/\"> Les Junior Suites Junior <\/a> offrent une vue sur le centre historique de Sienne. Elles sont spacieuses \u00e0 partir de 19 m\u00b2 et une petite terrasse sur demande.<\/p>\n<p>Vous pourrez donc choisir parmi de nombreuses alternatives pour votre s\u00e9jour, que ce soit pour le plaisir ou pour le travail, dont beaucoup offrent une vue panoramique sur Sienne.<\/p>\n<p><strong> L&rsquo;Hotel Minerva pr\u00e9sente ensuite, \u00e0 l&rsquo;int\u00e9rieur de celui-ci, une v\u00e9ritable galerie d&rsquo;art <\/strong> moderne pr\u00e9sentant des \u0153uvres de peintres de Sienne.<\/p>\n<p>Notre h\u00f4tel acceptant les animaux domestiques est calme et est id\u00e9al pour les parents avec enfants. nous avons \u00e9galement des lits disponibles, ainsi que des chauffe-biberons, des st\u00e9rilisateurs et une salle de jeux interne.<\/p>\n<p><strong> Il Minerva est \u00e9galement proche de deux terrains de jeux et de l\u2019Orto de \u2019Pecci <strong>, un magnifique jardin avec des animaux de la ferme.<\/strong><\/strong><\/p>\n<p>L\u2019h\u00f4tel Minerva est \u00e9galement un lieu unique pour les r\u00e9unions d\u2019affaires, car il est \u00e9quip\u00e9 d\u2019une connexion Wi-Fi et d\u2019une salle de r\u00e9union donnant sur le centre historique de Sienne, qui a le droit d\u2019accueillir jusqu\u2019\u00e0 40 personnes. Il est \u00e9quip\u00e9 d\u2019une t\u00e9l\u00e9vision \u00e0 \u00e9cran LED, d\u2019un vid\u00e9oprojecteur, combien de l&rsquo;\u00e9quipement principal.<\/p>\n<p>Du point de vue du petit-d\u00e9jeuner, l\u2019h\u00f4tel Minerva propose un petit-d\u00e9jeuner app\u00e9tissant italien, international et avec des confitures naturelles et de qualit\u00e9.<\/p>\n<p>L&rsquo;h\u00f4tel est situ\u00e9 \u00e0 Sienne, dans la Via Garibaldi, \u00e0 72 minutes <strong> de la gare et \u00e0 <strong> ZTL area. <\/strong><\/strong><\/p>\n<p>Pour faire une r\u00e9servation dans cet h\u00f4tel de Sienne animaux admis, cliquez sur R\u00e9server en haut \u00e0 droite ou appelez le 0577.284474 ou envoyez un courriel \u00e0 info@albergominerva.it.<\/p>\n<p>En appelant ce num\u00e9ro ou en r\u00e9servant sur le site, vous pourrez r\u00e9aliser des \u00e9conomies, car nous vous garantissons \u00e0 chaque fois le meilleur prix garanti. [\/Vc_column_text] [\/vc_column_inner] [vc_column_inner width = \u00ab\u00a01\/2\u00a0\u00bb] [vc_column_text]<\/p>\n<h3 style=\"text-align: left;\"><strong> Services <\/strong><\/h3>\n<ul>\n<li><strong> garage surveill\u00e9 <\/strong> et surveillance vid\u00e9o payante<\/li>\n<li>service d&rsquo;information et <strong> guide <\/strong><\/li>\n<li>suggestions sur les <strong>chemins<\/strong><\/li>\n<\/ul>\n","protected":false},"excerpt":{"rendered":"<p>H\u00f4tel \u00e0 Sienne acceptant les animaux, H\u00f4tel Animaux admis Vous cherchez un h\u00f4tel acceptant les animaux \u00e0 Sienne? Nous vous<\/p>\n","protected":false},"author":3,"featured_media":0,"parent":0,"menu_order":0,"comment_status":"closed","ping_status":"closed","template":"","meta":{"_acf_changed":false,"footnotes":""},"class_list":["post-2907","page","type-page","status-publish","hentry"],"acf":[],"yoast_head":"<!-- This site is optimized with the Yoast SEO plugin v27.4 - https:\/\/yoast.com\/product\/yoast-seo-wordpress\/ -->\n<title>H\u00f4tel \u00e0 Sienne acceptant les animaux, H\u00f4tel Animaux admis - Hotel Minerva Siena<\/title>\n<meta name=\"robots\" content=\"index, follow, max-snippet:-1, max-image-preview:large, max-video-preview:-1\" \/>\n<link rel=\"canonical\" href=\"https:\/\/www.albergominerva.it\/fr\/hotel-a-sienne-acceptant-les-animaux-hotel-animaux-admis\/\" \/>\n<meta property=\"og:locale\" content=\"fr_FR\" \/>\n<meta property=\"og:type\" content=\"article\" \/>\n<meta property=\"og:title\" content=\"H\u00f4tel \u00e0 Sienne acceptant les animaux, H\u00f4tel Animaux admis - Hotel Minerva Siena\" \/>\n<meta property=\"og:description\" content=\"H\u00f4tel \u00e0 Sienne acceptant les animaux, H\u00f4tel Animaux admis Vous cherchez un h\u00f4tel acceptant les animaux \u00e0 Sienne? Nous vous\" \/>\n<meta property=\"og:url\" content=\"https:\/\/www.albergominerva.it\/fr\/hotel-a-sienne-acceptant-les-animaux-hotel-animaux-admis\/\" \/>\n<meta property=\"og:site_name\" content=\"Hotel Minerva Siena\" \/>\n<meta property=\"article:modified_time\" content=\"2019-07-01T12:30:19+00:00\" \/>\n<meta name=\"twitter:card\" content=\"summary_large_image\" \/>\n<meta name=\"twitter:label1\" content=\"Dur\u00e9e de lecture estim\u00e9e\" \/>\n\t<meta name=\"twitter:data1\" content=\"2 minutes\" \/>\n<script type=\"application\/ld+json\" class=\"yoast-schema-graph\">{\"@context\":\"https:\\\/\\\/schema.org\",\"@graph\":[{\"@type\":\"WebPage\",\"@id\":\"https:\\\/\\\/www.albergominerva.it\\\/fr\\\/hotel-a-sienne-acceptant-les-animaux-hotel-animaux-admis\\\/\",\"url\":\"https:\\\/\\\/www.albergominerva.it\\\/fr\\\/hotel-a-sienne-acceptant-les-animaux-hotel-animaux-admis\\\/\",\"name\":\"H\u00f4tel \u00e0 Sienne acceptant les animaux, H\u00f4tel Animaux admis - Hotel Minerva Siena\",\"isPartOf\":{\"@id\":\"https:\\\/\\\/www.albergominerva.it\\\/fr\\\/#website\"},\"datePublished\":\"2019-03-17T17:51:34+00:00\",\"dateModified\":\"2019-07-01T12:30:19+00:00\",\"breadcrumb\":{\"@id\":\"https:\\\/\\\/www.albergominerva.it\\\/fr\\\/hotel-a-sienne-acceptant-les-animaux-hotel-animaux-admis\\\/#breadcrumb\"},\"inLanguage\":\"fr-FR\",\"potentialAction\":[{\"@type\":\"ReadAction\",\"target\":[\"https:\\\/\\\/www.albergominerva.it\\\/fr\\\/hotel-a-sienne-acceptant-les-animaux-hotel-animaux-admis\\\/\"]}]},{\"@type\":\"BreadcrumbList\",\"@id\":\"https:\\\/\\\/www.albergominerva.it\\\/fr\\\/hotel-a-sienne-acceptant-les-animaux-hotel-animaux-admis\\\/#breadcrumb\",\"itemListElement\":[{\"@type\":\"ListItem\",\"position\":1,\"name\":\"Home\",\"item\":\"https:\\\/\\\/www.albergominerva.it\\\/fr\\\/\"},{\"@type\":\"ListItem\",\"position\":2,\"name\":\"H\u00f4tel \u00e0 Sienne acceptant les animaux, H\u00f4tel Animaux admis\"}]},{\"@type\":\"WebSite\",\"@id\":\"https:\\\/\\\/www.albergominerva.it\\\/fr\\\/#website\",\"url\":\"https:\\\/\\\/www.albergominerva.it\\\/fr\\\/\",\"name\":\"Hotel Minerva Siena\",\"description\":\"Hotel in Centro Storico a Siena - Toscana - Italy\",\"potentialAction\":[{\"@type\":\"SearchAction\",\"target\":{\"@type\":\"EntryPoint\",\"urlTemplate\":\"https:\\\/\\\/www.albergominerva.it\\\/fr\\\/?s={search_term_string}\"},\"query-input\":{\"@type\":\"PropertyValueSpecification\",\"valueRequired\":true,\"valueName\":\"search_term_string\"}}],\"inLanguage\":\"fr-FR\"}]}<\/script>\n<!-- \/ Yoast SEO plugin. -->","yoast_head_json":{"title":"H\u00f4tel \u00e0 Sienne acceptant les animaux, H\u00f4tel Animaux admis - Hotel Minerva Siena","robots":{"index":"index","follow":"follow","max-snippet":"max-snippet:-1","max-image-preview":"max-image-preview:large","max-video-preview":"max-video-preview:-1"},"canonical":"https:\/\/www.albergominerva.it\/fr\/hotel-a-sienne-acceptant-les-animaux-hotel-animaux-admis\/","og_locale":"fr_FR","og_type":"article","og_title":"H\u00f4tel \u00e0 Sienne acceptant les animaux, H\u00f4tel Animaux admis - Hotel Minerva Siena","og_description":"H\u00f4tel \u00e0 Sienne acceptant les animaux, H\u00f4tel Animaux admis Vous cherchez un h\u00f4tel acceptant les animaux \u00e0 Sienne? Nous vous","og_url":"https:\/\/www.albergominerva.it\/fr\/hotel-a-sienne-acceptant-les-animaux-hotel-animaux-admis\/","og_site_name":"Hotel Minerva Siena","article_modified_time":"2019-07-01T12:30:19+00:00","twitter_card":"summary_large_image","twitter_misc":{"Dur\u00e9e de lecture estim\u00e9e":"2 minutes"},"schema":{"@context":"https:\/\/schema.org","@graph":[{"@type":"WebPage","@id":"https:\/\/www.albergominerva.it\/fr\/hotel-a-sienne-acceptant-les-animaux-hotel-animaux-admis\/","url":"https:\/\/www.albergominerva.it\/fr\/hotel-a-sienne-acceptant-les-animaux-hotel-animaux-admis\/","name":"H\u00f4tel \u00e0 Sienne acceptant les animaux, H\u00f4tel Animaux admis - Hotel Minerva Siena","isPartOf":{"@id":"https:\/\/www.albergominerva.it\/fr\/#website"},"datePublished":"2019-03-17T17:51:34+00:00","dateModified":"2019-07-01T12:30:19+00:00","breadcrumb":{"@id":"https:\/\/www.albergominerva.it\/fr\/hotel-a-sienne-acceptant-les-animaux-hotel-animaux-admis\/#breadcrumb"},"inLanguage":"fr-FR","potentialAction":[{"@type":"ReadAction","target":["https:\/\/www.albergominerva.it\/fr\/hotel-a-sienne-acceptant-les-animaux-hotel-animaux-admis\/"]}]},{"@type":"BreadcrumbList","@id":"https:\/\/www.albergominerva.it\/fr\/hotel-a-sienne-acceptant-les-animaux-hotel-animaux-admis\/#breadcrumb","itemListElement":[{"@type":"ListItem","position":1,"name":"Home","item":"https:\/\/www.albergominerva.it\/fr\/"},{"@type":"ListItem","position":2,"name":"H\u00f4tel \u00e0 Sienne acceptant les animaux, H\u00f4tel Animaux admis"}]},{"@type":"WebSite","@id":"https:\/\/www.albergominerva.it\/fr\/#website","url":"https:\/\/www.albergominerva.it\/fr\/","name":"Hotel Minerva Siena","description":"Hotel in Centro Storico a Siena - Toscana - Italy","potentialAction":[{"@type":"SearchAction","target":{"@type":"EntryPoint","urlTemplate":"https:\/\/www.albergominerva.it\/fr\/?s={search_term_string}"},"query-input":{"@type":"PropertyValueSpecification","valueRequired":true,"valueName":"search_term_string"}}],"inLanguage":"fr-FR"}]}},"_links":{"self":[{"href":"https:\/\/www.albergominerva.it\/fr\/wp-json\/wp\/v2\/pages\/2907","targetHints":{"allow":["GET"]}}],"collection":[{"href":"https:\/\/www.albergominerva.it\/fr\/wp-json\/wp\/v2\/pages"}],"about":[{"href":"https:\/\/www.albergominerva.it\/fr\/wp-json\/wp\/v2\/types\/page"}],"author":[{"embeddable":true,"href":"https:\/\/www.albergominerva.it\/fr\/wp-json\/wp\/v2\/users\/3"}],"replies":[{"embeddable":true,"href":"https:\/\/www.albergominerva.it\/fr\/wp-json\/wp\/v2\/comments?post=2907"}],"version-history":[{"count":3,"href":"https:\/\/www.albergominerva.it\/fr\/wp-json\/wp\/v2\/pages\/2907\/revisions"}],"predecessor-version":[{"id":3382,"href":"https:\/\/www.albergominerva.it\/fr\/wp-json\/wp\/v2\/pages\/2907\/revisions\/3382"}],"wp:attachment":[{"href":"https:\/\/www.albergominerva.it\/fr\/wp-json\/wp\/v2\/media?parent=2907"}],"curies":[{"name":"wp","href":"https:\/\/api.w.org\/{rel}","templated":true}]}}