{"id":2911,"date":"2019-03-17T17:58:11","date_gmt":"2019-03-17T17:58:11","guid":{"rendered":"https:\/\/albergominerva.it\/fr\/?page_id=2911"},"modified":"2019-07-01T11:46:18","modified_gmt":"2019-07-01T09:46:18","slug":"hotel-a-sienne-avec-salle-de-reunion-pour-reunions-daffaires","status":"publish","type":"page","link":"https:\/\/www.albergominerva.it\/fr\/hotel-a-sienne-avec-salle-de-reunion-pour-reunions-daffaires\/","title":{"rendered":"H\u00f4tel \u00e0 Sienne avec salle de r\u00e9union pour r\u00e9unions d&rsquo;affaires"},"content":{"rendered":"<h2 style=\"text-align: left;\">H\u00f4tel du centre de r\u00e9unions et de petits congr\u00e8s de Sienne<\/h2>\n<p><strong> Vous recherchez un h\u00f4tel \u00e0 Sienne avec une salle de r\u00e9union pour vos r\u00e9unions et expositions? <\/strong><\/p>\n<p><strong> Dans ce cas, nous vous sugg\u00e9rons de r\u00e9server l\u2019Hotel Minerva <\/strong> dans le centre historique de Sienne, un superbe h\u00f4tel 3 \u00e9toiles dot\u00e9 d\u2019une salle de r\u00e9union.<\/p>\n<p>Dot\u00e9 d\u2019un bar et d\u2019un parking payant, ferm\u00e9, avec un acc\u00e8s direct \u00e0 l\u2019h\u00f4tel et avec 20 places disponibles, l\u2019Hotel Minerva comprend 56 chambres climatis\u00e9es, toutes diff\u00e9rentes, avec wifi et qui se divisent en deux cat\u00e9gories: standard-\u00e9l\u00e9gant, junior-suite et junior-suite double.<\/p>\n<p>Les <a href=\"http:\/\/albergominerva.it\/camere-economiche-siena-centro\/\"> simples chambres <\/a> sont plac\u00e9es dans la partie int\u00e9rieure et ont une superficie \u00e0 partir de 16 m\u00b2.<\/p>\n<p><a href=\"http:\/\/albergominerva.it\/camere-elegant-siena-centro\/\"> Les chambres \u00e9l\u00e9gantes <\/a> offrent toutes une vue sur le centre historique de Sienne et ont une superficie de 19 m\u00b2.<\/p>\n<p><a href=\"http:\/\/albergominerva.it\/junior-suite-siena-centro\/\"> Les Junior Suites <\/a> offrent toutes une vue sur les basiliques de San Francesco et de Provenzano et ont une superficie de 22 m\u00b2. .<\/p>\n<p><a href=\"http:\/\/albergominerva.it\/junior-suite-matrimon-siena-centro\/\"> Les Junior Suites Junior <\/a> ont une vue sur le centre historique de Sienne, ont une superficie de 19 m\u00b2 et une petite terrasse sur demande.<\/p>\n<p>Vous pourrez donc choisir parmi de nombreuses alternatives pour votre s\u00e9jour de loisir ou de travail, bon nombre d&rsquo;entre elles offrant une vue panoramique sur Sienne.<\/p>\n<p><strong> L&rsquo;Hotel Minerva pr\u00e9sente ensuite p\u00e9riodiquement une v\u00e9ritable galerie d&rsquo;art <\/strong> moderne proposant des \u0153uvres d&rsquo;artistes de Sienne.<\/p>\n<p>Notre h\u00f4tel est calme et id\u00e9al pour les parents avec enfants. nous avons \u00e9galement des lits disponibles, ainsi que des chauffe-biberons, des st\u00e9rilisateurs et une salle de jeux interne.<\/p>\n<p><strong> Il Minerva est \u00e9galement proche de deux terrains de jeux et de l\u2019Orto de \u2019Pecci <\/strong>, un magnifique jardin avec des animaux de la ferme.<\/p>\n<p>L&rsquo;h\u00f4tel Minerva constitue \u00e9galement un cadre id\u00e9al pour les r\u00e9unions de travail car il est \u00e9quip\u00e9 d&rsquo;une connexion Wi-Fi et d&rsquo;une salle de conf\u00e9rence donnant sur le centre-ville historique pouvant accueillir jusqu&rsquo;\u00e0 40 personnes. Il est dot\u00e9 d&rsquo;une t\u00e9l\u00e9vision \u00e0 \u00e9cran LED et d&rsquo;un vid\u00e9oprojecteur. , r\u00e9troprojecteur et tous les \u00e9quipements les plus importants.<\/p>\n<p>En ce qui concerne le petit-d\u00e9jeuner, l\u2019Hotel Minerva propose un d\u00e9licieux petit-d\u00e9jeuner italien et international compos\u00e9 de confitures de qualit\u00e9.<\/p>\n<p>L&rsquo;h\u00f4tel est situ\u00e9 \u00e0 Sienne, dans la Via Garibaldi, \u00e0 72 km <strong> de la gare et \u00e0 2 minutes en voiture de la gare et dans un <strong> quartier non-ZTL<\/strong>.<\/strong><\/p>\n<p>Pour faire une r\u00e9servation dans cet h\u00f4tel de Sienne avec une salle de r\u00e9union pour de petits congr\u00e8s, cliquez sur R\u00e9server en haut \u00e0 droite ou appelez le 0577.284474 ou envoyez un courriel \u00e0 info@albergominerva.it<\/p>\n<p>En contactant ce num\u00e9ro ou en r\u00e9servant sur le site Web, vous pourrez \u00e9conomiser de l&rsquo;argent car nous garantissons toujours le meilleur prix garanti.<\/p>\n<h3 style=\"text-align: left;\"><strong> Services <\/strong><\/h3>\n<ul>\n<li style=\"list-style-type: none;\">\n<ul style=\"list-style-type: disc;\">\n<li><strong> garage surveill\u00e9 <\/strong> et surveillance vid\u00e9o payante<\/li>\n<li>service d&rsquo;information et <strong> guide<\/strong><\/li>\n<li><strong>suggestions sur les <strong><strong> chemins\u00a0<\/strong><\/strong><\/strong><\/li>\n<\/ul>\n<\/li>\n<\/ul>\n","protected":false},"excerpt":{"rendered":"<p>H\u00f4tel du centre de r\u00e9unions et de petits congr\u00e8s de Sienne Vous recherchez un h\u00f4tel \u00e0 Sienne avec une salle<\/p>\n","protected":false},"author":3,"featured_media":0,"parent":0,"menu_order":0,"comment_status":"closed","ping_status":"closed","template":"","meta":{"_acf_changed":false,"footnotes":""},"class_list":["post-2911","page","type-page","status-publish","hentry"],"acf":[],"yoast_head":"<!-- This site is optimized with the Yoast SEO plugin v27.4 - https:\/\/yoast.com\/product\/yoast-seo-wordpress\/ -->\n<title>H\u00f4tel \u00e0 Sienne avec salle de r\u00e9union pour r\u00e9unions d&#039;affaires - Hotel Minerva Siena<\/title>\n<meta name=\"robots\" content=\"index, follow, max-snippet:-1, max-image-preview:large, max-video-preview:-1\" \/>\n<link rel=\"canonical\" href=\"https:\/\/www.albergominerva.it\/fr\/hotel-a-sienne-avec-salle-de-reunion-pour-reunions-daffaires\/\" \/>\n<meta property=\"og:locale\" content=\"fr_FR\" \/>\n<meta property=\"og:type\" content=\"article\" \/>\n<meta property=\"og:title\" content=\"H\u00f4tel \u00e0 Sienne avec salle de r\u00e9union pour r\u00e9unions d&#039;affaires - Hotel Minerva Siena\" \/>\n<meta property=\"og:description\" content=\"H\u00f4tel du centre de r\u00e9unions et de petits congr\u00e8s de Sienne Vous recherchez un h\u00f4tel \u00e0 Sienne avec une salle\" \/>\n<meta property=\"og:url\" content=\"https:\/\/www.albergominerva.it\/fr\/hotel-a-sienne-avec-salle-de-reunion-pour-reunions-daffaires\/\" \/>\n<meta property=\"og:site_name\" content=\"Hotel Minerva Siena\" \/>\n<meta property=\"article:modified_time\" content=\"2019-07-01T09:46:18+00:00\" \/>\n<meta name=\"twitter:card\" content=\"summary_large_image\" \/>\n<meta name=\"twitter:label1\" content=\"Dur\u00e9e de lecture estim\u00e9e\" \/>\n\t<meta name=\"twitter:data1\" content=\"2 minutes\" \/>\n<script type=\"application\/ld+json\" class=\"yoast-schema-graph\">{\"@context\":\"https:\\\/\\\/schema.org\",\"@graph\":[{\"@type\":\"WebPage\",\"@id\":\"https:\\\/\\\/www.albergominerva.it\\\/fr\\\/hotel-a-sienne-avec-salle-de-reunion-pour-reunions-daffaires\\\/\",\"url\":\"https:\\\/\\\/www.albergominerva.it\\\/fr\\\/hotel-a-sienne-avec-salle-de-reunion-pour-reunions-daffaires\\\/\",\"name\":\"H\u00f4tel \u00e0 Sienne avec salle de r\u00e9union pour r\u00e9unions d'affaires - Hotel Minerva Siena\",\"isPartOf\":{\"@id\":\"https:\\\/\\\/www.albergominerva.it\\\/fr\\\/#website\"},\"datePublished\":\"2019-03-17T17:58:11+00:00\",\"dateModified\":\"2019-07-01T09:46:18+00:00\",\"breadcrumb\":{\"@id\":\"https:\\\/\\\/www.albergominerva.it\\\/fr\\\/hotel-a-sienne-avec-salle-de-reunion-pour-reunions-daffaires\\\/#breadcrumb\"},\"inLanguage\":\"fr-FR\",\"potentialAction\":[{\"@type\":\"ReadAction\",\"target\":[\"https:\\\/\\\/www.albergominerva.it\\\/fr\\\/hotel-a-sienne-avec-salle-de-reunion-pour-reunions-daffaires\\\/\"]}]},{\"@type\":\"BreadcrumbList\",\"@id\":\"https:\\\/\\\/www.albergominerva.it\\\/fr\\\/hotel-a-sienne-avec-salle-de-reunion-pour-reunions-daffaires\\\/#breadcrumb\",\"itemListElement\":[{\"@type\":\"ListItem\",\"position\":1,\"name\":\"Home\",\"item\":\"https:\\\/\\\/www.albergominerva.it\\\/fr\\\/\"},{\"@type\":\"ListItem\",\"position\":2,\"name\":\"H\u00f4tel \u00e0 Sienne avec salle de r\u00e9union pour r\u00e9unions d&rsquo;affaires\"}]},{\"@type\":\"WebSite\",\"@id\":\"https:\\\/\\\/www.albergominerva.it\\\/fr\\\/#website\",\"url\":\"https:\\\/\\\/www.albergominerva.it\\\/fr\\\/\",\"name\":\"Hotel Minerva Siena\",\"description\":\"Hotel in Centro Storico a Siena - Toscana - Italy\",\"potentialAction\":[{\"@type\":\"SearchAction\",\"target\":{\"@type\":\"EntryPoint\",\"urlTemplate\":\"https:\\\/\\\/www.albergominerva.it\\\/fr\\\/?s={search_term_string}\"},\"query-input\":{\"@type\":\"PropertyValueSpecification\",\"valueRequired\":true,\"valueName\":\"search_term_string\"}}],\"inLanguage\":\"fr-FR\"}]}<\/script>\n<!-- \/ Yoast SEO plugin. -->","yoast_head_json":{"title":"H\u00f4tel \u00e0 Sienne avec salle de r\u00e9union pour r\u00e9unions d'affaires - Hotel Minerva Siena","robots":{"index":"index","follow":"follow","max-snippet":"max-snippet:-1","max-image-preview":"max-image-preview:large","max-video-preview":"max-video-preview:-1"},"canonical":"https:\/\/www.albergominerva.it\/fr\/hotel-a-sienne-avec-salle-de-reunion-pour-reunions-daffaires\/","og_locale":"fr_FR","og_type":"article","og_title":"H\u00f4tel \u00e0 Sienne avec salle de r\u00e9union pour r\u00e9unions d'affaires - Hotel Minerva Siena","og_description":"H\u00f4tel du centre de r\u00e9unions et de petits congr\u00e8s de Sienne Vous recherchez un h\u00f4tel \u00e0 Sienne avec une salle","og_url":"https:\/\/www.albergominerva.it\/fr\/hotel-a-sienne-avec-salle-de-reunion-pour-reunions-daffaires\/","og_site_name":"Hotel Minerva Siena","article_modified_time":"2019-07-01T09:46:18+00:00","twitter_card":"summary_large_image","twitter_misc":{"Dur\u00e9e de lecture estim\u00e9e":"2 minutes"},"schema":{"@context":"https:\/\/schema.org","@graph":[{"@type":"WebPage","@id":"https:\/\/www.albergominerva.it\/fr\/hotel-a-sienne-avec-salle-de-reunion-pour-reunions-daffaires\/","url":"https:\/\/www.albergominerva.it\/fr\/hotel-a-sienne-avec-salle-de-reunion-pour-reunions-daffaires\/","name":"H\u00f4tel \u00e0 Sienne avec salle de r\u00e9union pour r\u00e9unions d'affaires - Hotel Minerva Siena","isPartOf":{"@id":"https:\/\/www.albergominerva.it\/fr\/#website"},"datePublished":"2019-03-17T17:58:11+00:00","dateModified":"2019-07-01T09:46:18+00:00","breadcrumb":{"@id":"https:\/\/www.albergominerva.it\/fr\/hotel-a-sienne-avec-salle-de-reunion-pour-reunions-daffaires\/#breadcrumb"},"inLanguage":"fr-FR","potentialAction":[{"@type":"ReadAction","target":["https:\/\/www.albergominerva.it\/fr\/hotel-a-sienne-avec-salle-de-reunion-pour-reunions-daffaires\/"]}]},{"@type":"BreadcrumbList","@id":"https:\/\/www.albergominerva.it\/fr\/hotel-a-sienne-avec-salle-de-reunion-pour-reunions-daffaires\/#breadcrumb","itemListElement":[{"@type":"ListItem","position":1,"name":"Home","item":"https:\/\/www.albergominerva.it\/fr\/"},{"@type":"ListItem","position":2,"name":"H\u00f4tel \u00e0 Sienne avec salle de r\u00e9union pour r\u00e9unions d&rsquo;affaires"}]},{"@type":"WebSite","@id":"https:\/\/www.albergominerva.it\/fr\/#website","url":"https:\/\/www.albergominerva.it\/fr\/","name":"Hotel Minerva Siena","description":"Hotel in Centro Storico a Siena - Toscana - Italy","potentialAction":[{"@type":"SearchAction","target":{"@type":"EntryPoint","urlTemplate":"https:\/\/www.albergominerva.it\/fr\/?s={search_term_string}"},"query-input":{"@type":"PropertyValueSpecification","valueRequired":true,"valueName":"search_term_string"}}],"inLanguage":"fr-FR"}]}},"_links":{"self":[{"href":"https:\/\/www.albergominerva.it\/fr\/wp-json\/wp\/v2\/pages\/2911","targetHints":{"allow":["GET"]}}],"collection":[{"href":"https:\/\/www.albergominerva.it\/fr\/wp-json\/wp\/v2\/pages"}],"about":[{"href":"https:\/\/www.albergominerva.it\/fr\/wp-json\/wp\/v2\/types\/page"}],"author":[{"embeddable":true,"href":"https:\/\/www.albergominerva.it\/fr\/wp-json\/wp\/v2\/users\/3"}],"replies":[{"embeddable":true,"href":"https:\/\/www.albergominerva.it\/fr\/wp-json\/wp\/v2\/comments?post=2911"}],"version-history":[{"count":3,"href":"https:\/\/www.albergominerva.it\/fr\/wp-json\/wp\/v2\/pages\/2911\/revisions"}],"predecessor-version":[{"id":3391,"href":"https:\/\/www.albergominerva.it\/fr\/wp-json\/wp\/v2\/pages\/2911\/revisions\/3391"}],"wp:attachment":[{"href":"https:\/\/www.albergominerva.it\/fr\/wp-json\/wp\/v2\/media?parent=2911"}],"curies":[{"name":"wp","href":"https:\/\/api.w.org\/{rel}","templated":true}]}}