{"id":2923,"date":"2019-03-17T19:04:37","date_gmt":"2019-03-17T19:04:37","guid":{"rendered":"https:\/\/albergominerva.it\/fr\/?page_id=2923"},"modified":"2019-03-17T19:06:22","modified_gmt":"2019-03-17T19:06:22","slug":"hotel-a-sienne-dans-le-quartier-universita","status":"publish","type":"page","link":"https:\/\/www.albergominerva.it\/fr\/hotel-a-sienne-dans-le-quartier-universita\/","title":{"rendered":"H\u00f4tel \u00e0 Sienne dans le quartier Universit\u00e0."},"content":{"rendered":"<p><strong> Vous recherchez un h\u00f4tel \u00e0 Sienne pr\u00e8s de l&rsquo;universit\u00e9 de Sienne? <\/strong> <\/p>\n<p> <strong> Dans ce cas, nous vous conseillons de r\u00e9server l\u2019Hotel Minerva <\/strong>, un splendide h\u00f4tel 3 \u00e9toiles situ\u00e9 dans le centre de Sienne et \u00e0 quelques pas de l\u2019universit\u00e9 de Sienne. <\/p>\n<p> Equip\u00e9 d\u2019un bar et d\u2019un parking payant, couvert, avec entr\u00e9e directe \u00e0 l\u2019h\u00f4tel et avec 20 places disponibles, l\u2019h\u00f4tel Minerva contient 56 chambres climatis\u00e9es, toutes diff\u00e9rentes, avec connexion sans fil et qui sont divis\u00e9es en \u00c9conomie facile, standard \u00e9l\u00e9gant, suites junior et doubles suites. <\/p>\n<p>Les <\/p>\n<p> <a href=\"http:\/\/albergominerva.it\/camere-economiche-siena-centro\/\"> simples chambres <\/a> sont am\u00e9nag\u00e9es \u00e0 l&rsquo;int\u00e9rieur et sont spacieuses \u00e0 partir de 16 m\u00b2. <\/p>\n<p> <a href=\"http:\/\/albergominerva.it\/camere-elegant-siena-centro\/\"> Les chambres \u00e9l\u00e9gantes <\/a> offrent toutes une vue sur le centre historique de Sienne et sont spacieuses \u00e0 partir de 19 m\u00b2. . <\/p>\n<p> <a href=\"http:\/\/albergominerva.it\/junior-suite-siena-centro\/\"> Les Junior Suites <\/a> offrent toutes une vue sur les basiliques de San Francesco et de Provenzano et constituent un excellent point de d\u00e9part de 22 m\u00b2. <\/p>\n<p> <a href=\"http:\/\/albergominerva.it\/junior-suite-matrimon-siena-centro\/\"> Les Junior Suites Junior <\/a> ont une vue sur le centre historique de Sienne, ont une zone \u00e0 partir de \u00e0 partir de 19 m\u00b2 et une petite terrasse sur demande. <\/p>\n<p> Vous pourrez donc choisir parmi plusieurs choix pour votre s\u00e9jour, que ce soit pour le plaisir ou pour le travail, nombre d&rsquo;entre eux offrant une vue panoramique sur Sienne. <\/p>\n<p> <strong> L&rsquo;Hotel Minerva expose ensuite p\u00e9riodiquement une v\u00e9ritable galerie d&rsquo;art contemporain <strong> proposant des \u0153uvres de peintres siennois. <\/p>\n<p> Notre h\u00f4tel situ\u00e9 \u00e0 proximit\u00e9 de l\u2019Universit\u00e9 de Sienne est calme et id\u00e9al pour les parents avec enfants. nous avons \u00e9galement des lits disponibles, ainsi que des chauffe-biberons, des st\u00e9rilisateurs et une biblioth\u00e8que de jouets sur place. <\/p>\n<p> <strong> La Minerva est \u00e9galement proche de deux terrains de jeux et de l\u2019Orto de \u2019Pecci <\/strong>, un magnifique jardin avec des animaux de la ferme. <\/p>\n<p> L\u2019h\u00f4tel Minerva est \u00e9galement un lieu id\u00e9al pour les r\u00e9unions d\u2019affaires car il est \u00e9quip\u00e9 d\u2019une connexion Wi-Fi et d\u2019une salle de conf\u00e9rence donnant sur le centre-ville historique, pouvant accueillir jusqu\u2019\u00e0 40 personnes. la lumi\u00e8re et toutes les fonctionnalit\u00e9s les plus importantes. <\/p>\n<p> Du point de vue du petit-d\u00e9jeuner, le Minerva Hotel propose un d\u00e9licieux petit-d\u00e9jeuner italien et international avec des confitures de qualit\u00e9. <\/p>\n<p> Vous trouverez l\u2019h\u00f4tel \u00e0 Sienne sur la Via Garibaldi, \u00e0 72 minutes <strong> de la gare et \u00e0 <strong> la r\u00e9gion de <strong> NONTLL <\/strong> <\/p>\n<p> Pour faire une r\u00e9servation dans cet h\u00f4tel de Sienne situ\u00e9 \u00e0 proximit\u00e9 de l\u2019Universit\u00e9 de Sienne, cliquez sur R\u00e9server en haut \u00e0 droite ou appelez le 0577.284474 ou envoyez un courrier \u00e9lectronique \u00e0 info@albergominerva.it. <\/ p><\/p>\n<p> En contactant ce num\u00e9ro de t\u00e9l\u00e9phone ou en effectuant une r\u00e9servation sur le site Web, vous pouvez r\u00e9aliser une \u00e9conomie importante, car nous vous garantissons le meilleur prix garanti \u00e0 chaque fois. <\/p>\n","protected":false},"excerpt":{"rendered":"<p>Vous recherchez un h\u00f4tel \u00e0 Sienne pr\u00e8s de l&rsquo;universit\u00e9 de Sienne? Dans ce cas, nous vous conseillons de r\u00e9server l\u2019Hotel<\/p>\n","protected":false},"author":3,"featured_media":0,"parent":0,"menu_order":0,"comment_status":"closed","ping_status":"closed","template":"","meta":{"_acf_changed":false,"footnotes":""},"class_list":["post-2923","page","type-page","status-publish","hentry"],"acf":[],"yoast_head":"<!-- This site is optimized with the Yoast SEO plugin v27.4 - https:\/\/yoast.com\/product\/yoast-seo-wordpress\/ -->\n<title>H\u00f4tel \u00e0 Sienne dans le quartier Universit\u00e0. - Hotel Minerva Siena<\/title>\n<meta name=\"robots\" content=\"index, follow, max-snippet:-1, max-image-preview:large, max-video-preview:-1\" \/>\n<link rel=\"canonical\" href=\"https:\/\/www.albergominerva.it\/fr\/hotel-a-sienne-dans-le-quartier-universita\/\" \/>\n<meta property=\"og:locale\" content=\"fr_FR\" \/>\n<meta property=\"og:type\" content=\"article\" \/>\n<meta property=\"og:title\" content=\"H\u00f4tel \u00e0 Sienne dans le quartier Universit\u00e0. - Hotel Minerva Siena\" \/>\n<meta property=\"og:description\" content=\"Vous recherchez un h\u00f4tel \u00e0 Sienne pr\u00e8s de l&rsquo;universit\u00e9 de Sienne? Dans ce cas, nous vous conseillons de r\u00e9server l\u2019Hotel\" \/>\n<meta property=\"og:url\" content=\"https:\/\/www.albergominerva.it\/fr\/hotel-a-sienne-dans-le-quartier-universita\/\" \/>\n<meta property=\"og:site_name\" content=\"Hotel Minerva Siena\" \/>\n<meta property=\"article:modified_time\" content=\"2019-03-17T19:06:22+00:00\" \/>\n<meta name=\"twitter:card\" content=\"summary_large_image\" \/>\n<meta name=\"twitter:label1\" content=\"Dur\u00e9e de lecture estim\u00e9e\" \/>\n\t<meta name=\"twitter:data1\" content=\"2 minutes\" \/>\n<script type=\"application\/ld+json\" class=\"yoast-schema-graph\">{\"@context\":\"https:\\\/\\\/schema.org\",\"@graph\":[{\"@type\":\"WebPage\",\"@id\":\"https:\\\/\\\/www.albergominerva.it\\\/fr\\\/hotel-a-sienne-dans-le-quartier-universita\\\/\",\"url\":\"https:\\\/\\\/www.albergominerva.it\\\/fr\\\/hotel-a-sienne-dans-le-quartier-universita\\\/\",\"name\":\"H\u00f4tel \u00e0 Sienne dans le quartier Universit\u00e0. - Hotel Minerva Siena\",\"isPartOf\":{\"@id\":\"https:\\\/\\\/www.albergominerva.it\\\/fr\\\/#website\"},\"datePublished\":\"2019-03-17T19:04:37+00:00\",\"dateModified\":\"2019-03-17T19:06:22+00:00\",\"breadcrumb\":{\"@id\":\"https:\\\/\\\/www.albergominerva.it\\\/fr\\\/hotel-a-sienne-dans-le-quartier-universita\\\/#breadcrumb\"},\"inLanguage\":\"fr-FR\",\"potentialAction\":[{\"@type\":\"ReadAction\",\"target\":[\"https:\\\/\\\/www.albergominerva.it\\\/fr\\\/hotel-a-sienne-dans-le-quartier-universita\\\/\"]}]},{\"@type\":\"BreadcrumbList\",\"@id\":\"https:\\\/\\\/www.albergominerva.it\\\/fr\\\/hotel-a-sienne-dans-le-quartier-universita\\\/#breadcrumb\",\"itemListElement\":[{\"@type\":\"ListItem\",\"position\":1,\"name\":\"Home\",\"item\":\"https:\\\/\\\/www.albergominerva.it\\\/fr\\\/\"},{\"@type\":\"ListItem\",\"position\":2,\"name\":\"H\u00f4tel \u00e0 Sienne dans le quartier Universit\u00e0.\"}]},{\"@type\":\"WebSite\",\"@id\":\"https:\\\/\\\/www.albergominerva.it\\\/fr\\\/#website\",\"url\":\"https:\\\/\\\/www.albergominerva.it\\\/fr\\\/\",\"name\":\"Hotel Minerva Siena\",\"description\":\"Hotel in Centro Storico a Siena - Toscana - Italy\",\"potentialAction\":[{\"@type\":\"SearchAction\",\"target\":{\"@type\":\"EntryPoint\",\"urlTemplate\":\"https:\\\/\\\/www.albergominerva.it\\\/fr\\\/?s={search_term_string}\"},\"query-input\":{\"@type\":\"PropertyValueSpecification\",\"valueRequired\":true,\"valueName\":\"search_term_string\"}}],\"inLanguage\":\"fr-FR\"}]}<\/script>\n<!-- \/ Yoast SEO plugin. -->","yoast_head_json":{"title":"H\u00f4tel \u00e0 Sienne dans le quartier Universit\u00e0. - Hotel Minerva Siena","robots":{"index":"index","follow":"follow","max-snippet":"max-snippet:-1","max-image-preview":"max-image-preview:large","max-video-preview":"max-video-preview:-1"},"canonical":"https:\/\/www.albergominerva.it\/fr\/hotel-a-sienne-dans-le-quartier-universita\/","og_locale":"fr_FR","og_type":"article","og_title":"H\u00f4tel \u00e0 Sienne dans le quartier Universit\u00e0. - Hotel Minerva Siena","og_description":"Vous recherchez un h\u00f4tel \u00e0 Sienne pr\u00e8s de l&rsquo;universit\u00e9 de Sienne? Dans ce cas, nous vous conseillons de r\u00e9server l\u2019Hotel","og_url":"https:\/\/www.albergominerva.it\/fr\/hotel-a-sienne-dans-le-quartier-universita\/","og_site_name":"Hotel Minerva Siena","article_modified_time":"2019-03-17T19:06:22+00:00","twitter_card":"summary_large_image","twitter_misc":{"Dur\u00e9e de lecture estim\u00e9e":"2 minutes"},"schema":{"@context":"https:\/\/schema.org","@graph":[{"@type":"WebPage","@id":"https:\/\/www.albergominerva.it\/fr\/hotel-a-sienne-dans-le-quartier-universita\/","url":"https:\/\/www.albergominerva.it\/fr\/hotel-a-sienne-dans-le-quartier-universita\/","name":"H\u00f4tel \u00e0 Sienne dans le quartier Universit\u00e0. - Hotel Minerva Siena","isPartOf":{"@id":"https:\/\/www.albergominerva.it\/fr\/#website"},"datePublished":"2019-03-17T19:04:37+00:00","dateModified":"2019-03-17T19:06:22+00:00","breadcrumb":{"@id":"https:\/\/www.albergominerva.it\/fr\/hotel-a-sienne-dans-le-quartier-universita\/#breadcrumb"},"inLanguage":"fr-FR","potentialAction":[{"@type":"ReadAction","target":["https:\/\/www.albergominerva.it\/fr\/hotel-a-sienne-dans-le-quartier-universita\/"]}]},{"@type":"BreadcrumbList","@id":"https:\/\/www.albergominerva.it\/fr\/hotel-a-sienne-dans-le-quartier-universita\/#breadcrumb","itemListElement":[{"@type":"ListItem","position":1,"name":"Home","item":"https:\/\/www.albergominerva.it\/fr\/"},{"@type":"ListItem","position":2,"name":"H\u00f4tel \u00e0 Sienne dans le quartier Universit\u00e0."}]},{"@type":"WebSite","@id":"https:\/\/www.albergominerva.it\/fr\/#website","url":"https:\/\/www.albergominerva.it\/fr\/","name":"Hotel Minerva Siena","description":"Hotel in Centro Storico a Siena - Toscana - Italy","potentialAction":[{"@type":"SearchAction","target":{"@type":"EntryPoint","urlTemplate":"https:\/\/www.albergominerva.it\/fr\/?s={search_term_string}"},"query-input":{"@type":"PropertyValueSpecification","valueRequired":true,"valueName":"search_term_string"}}],"inLanguage":"fr-FR"}]}},"_links":{"self":[{"href":"https:\/\/www.albergominerva.it\/fr\/wp-json\/wp\/v2\/pages\/2923","targetHints":{"allow":["GET"]}}],"collection":[{"href":"https:\/\/www.albergominerva.it\/fr\/wp-json\/wp\/v2\/pages"}],"about":[{"href":"https:\/\/www.albergominerva.it\/fr\/wp-json\/wp\/v2\/types\/page"}],"author":[{"embeddable":true,"href":"https:\/\/www.albergominerva.it\/fr\/wp-json\/wp\/v2\/users\/3"}],"replies":[{"embeddable":true,"href":"https:\/\/www.albergominerva.it\/fr\/wp-json\/wp\/v2\/comments?post=2923"}],"version-history":[{"count":3,"href":"https:\/\/www.albergominerva.it\/fr\/wp-json\/wp\/v2\/pages\/2923\/revisions"}],"predecessor-version":[{"id":2928,"href":"https:\/\/www.albergominerva.it\/fr\/wp-json\/wp\/v2\/pages\/2923\/revisions\/2928"}],"wp:attachment":[{"href":"https:\/\/www.albergominerva.it\/fr\/wp-json\/wp\/v2\/media?parent=2923"}],"curies":[{"name":"wp","href":"https:\/\/api.w.org\/{rel}","templated":true}]}}