{"id":2929,"date":"2019-03-17T19:08:54","date_gmt":"2019-03-17T19:08:54","guid":{"rendered":"https:\/\/albergominerva.it\/fr\/?page_id=2929"},"modified":"2019-07-01T14:33:16","modified_gmt":"2019-07-01T12:33:16","slug":"hotel-a-sienne-pour-etudiants-et-groupes-scolaires","status":"publish","type":"page","link":"https:\/\/www.albergominerva.it\/fr\/hotel-a-sienne-pour-etudiants-et-groupes-scolaires\/","title":{"rendered":"H\u00f4tel \u00e0 Sienne pour \u00e9tudiants et groupes scolaires"},"content":{"rendered":"<p><strong> Vous recherchez un h\u00f4tel \u00e0 Sienne id\u00e9al pour les \u00e9tudiants et les groupes scolaires? <\/strong><\/p>\n<p><strong> Nous vous recommandons de r\u00e9server \u00e0 l&rsquo;h\u00f4tel Minerva <\/strong>, un bel h\u00f4tel 3 \u00e9toiles situ\u00e9 dans le centre historique de Sienne, id\u00e9al pour les \u00e9tudiants et les groupes scolaires.<\/p>\n<p>Equip\u00e9 d&rsquo;un bar et d&rsquo;un garage payant, couvert, avec acc\u00e8s direct \u00e0 l&rsquo;h\u00f4tel et avec 20 places disponibles, l&rsquo;h\u00f4tel Minerva comprend 56 chambres climatis\u00e9es, toutes diff\u00e9rentes, avec wifi et \u00e9conomie facile, \u00e9l\u00e9gantes &#8211; Standard, junior suite et junior suite.<\/p>\n<p>Les <a href=\"http:\/\/albergominerva.it\/camere-economiche-siena-centro\/\"> simples chambres <\/a> sont am\u00e9nag\u00e9es dans la partie int\u00e9rieure et ont une superficie \u00e0 partir de 16 m\u00b2.<\/p>\n<p><a href=\"http:\/\/albergominerva.it\/camere-elegant-siena-centro\/\"> Les chambres \u00e9l\u00e9gantes <\/a> offrent toutes une vue sur le centre historique de Sienne et ont une superficie de 19 m\u00b2.<\/p>\n<p>Les <a href=\"http:\/\/albergominerva.it\/junior-suite-siena-centro\/\"> suites junior <\/a> offrent toutes une vue sur les basiliques de San Francesco et de Provenzano et sont spacieuses \u00e0 partir de 22 m\u00b2.<\/p>\n<p><a href=\"http:\/\/albergominerva.it\/junior-suite-matrimon-siena-centro\/\"> Les Junior Suites Junior <\/a> ont une vue sur le centre historique de Sienne, ont une superficie de 19 m\u00b2 et une petite terrasse sur demande.<\/p>\n<p>Vous aurez donc la possibilit\u00e9 de choisir entre de nombreuses solutions pour votre s\u00e9jour de loisir ou de travail, dont beaucoup offrent une vue panoramique sur Sienne.<\/p>\n<p><strong> L&rsquo;Hotel Minerva expose ensuite, \u00e0 intervalles r\u00e9guliers, une v\u00e9ritable galerie d&rsquo;art <\/strong> moderne pr\u00e9sentant des \u0153uvres d&rsquo;artistes siennois.<\/p>\n<p>Notre h\u00f4tel pour les \u00e9tudiants et les groupes scolaires est calme et convient \u00e9galement aux parents avec enfants. nous avons m\u00eame des berceaux, des chauffe-biberons, des st\u00e9rilisateurs et une salle de jeux interne.<\/p>\n<p><strong> La Minerva se trouve \u00e9galement \u00e0 proximit\u00e9 de deux terrains de jeux et de l\u2019Orto de \u2019Pecci <\/strong>, un magnifique jardin avec des animaux de la ferme.<\/p>\n<p>L&rsquo;Hotel Minerva est \u00e9galement un lieu unique pour les r\u00e9unions de travail, car il est \u00e9quip\u00e9 d&rsquo;une connexion Wi-Fi et d&rsquo;une salle de r\u00e9union donnant sur le centre-ville historique, qui peut accueillir jusqu&rsquo;\u00e0 40 personnes. Il est dot\u00e9 d&rsquo;une t\u00e9l\u00e9vision \u00e0 \u00e9cran LED, d&rsquo;un vid\u00e9oprojecteur, d&rsquo;un r\u00e9troprojecteur et toutes les meilleures fonctionnalit\u00e9s.<\/p>\n<p>Du point de vue du petit-d\u00e9jeuner, l\u2019Hotel Minerva propose un d\u00e9licieux petit-d\u00e9jeuner italien et international avec des confitures de qualit\u00e9.<\/p>\n<p>L&rsquo;h\u00f4tel est situ\u00e9 \u00e0 Sienne, dans la Via Garibaldi, \u00e0 72 <strong> un peu plus de 2 minutes en voiture de la gare et dans un <strong> quartier NON ZTL <\/strong>.<\/strong><\/p>\n<p>Pour effectuer une r\u00e9servation dans cet h\u00f4tel de Sienne pour les \u00e9tudiants et les groupes scolaires, cliquez sur R\u00e9server en haut \u00e0 droite ou appelez le 0577.284474 ou envoyez un courrier \u00e9lectronique \u00e0 info@albergominerva.it.<\/p>\n<p>En appelant ce num\u00e9ro ou en r\u00e9servant sur le site Web, vous pouvez r\u00e9aliser une \u00e9conomie importante, car nous vous garantissons \u00e0 chaque fois le meilleur prix garanti.<\/p>\n","protected":false},"excerpt":{"rendered":"<p>Vous recherchez un h\u00f4tel \u00e0 Sienne id\u00e9al pour les \u00e9tudiants et les groupes scolaires? Nous vous recommandons de r\u00e9server \u00e0<\/p>\n","protected":false},"author":3,"featured_media":0,"parent":0,"menu_order":0,"comment_status":"closed","ping_status":"closed","template":"","meta":{"_acf_changed":false,"footnotes":""},"class_list":["post-2929","page","type-page","status-publish","hentry"],"acf":[],"yoast_head":"<!-- This site is optimized with the Yoast SEO plugin v27.4 - https:\/\/yoast.com\/product\/yoast-seo-wordpress\/ -->\n<title>H\u00f4tel \u00e0 Sienne pour \u00e9tudiants et groupes scolaires - Hotel Minerva Siena<\/title>\n<meta name=\"robots\" content=\"index, follow, max-snippet:-1, max-image-preview:large, max-video-preview:-1\" \/>\n<link rel=\"canonical\" href=\"https:\/\/www.albergominerva.it\/fr\/hotel-a-sienne-pour-etudiants-et-groupes-scolaires\/\" \/>\n<meta property=\"og:locale\" content=\"fr_FR\" \/>\n<meta property=\"og:type\" content=\"article\" \/>\n<meta property=\"og:title\" content=\"H\u00f4tel \u00e0 Sienne pour \u00e9tudiants et groupes scolaires - Hotel Minerva Siena\" \/>\n<meta property=\"og:description\" content=\"Vous recherchez un h\u00f4tel \u00e0 Sienne id\u00e9al pour les \u00e9tudiants et les groupes scolaires? Nous vous recommandons de r\u00e9server \u00e0\" \/>\n<meta property=\"og:url\" content=\"https:\/\/www.albergominerva.it\/fr\/hotel-a-sienne-pour-etudiants-et-groupes-scolaires\/\" \/>\n<meta property=\"og:site_name\" content=\"Hotel Minerva Siena\" \/>\n<meta property=\"article:modified_time\" content=\"2019-07-01T12:33:16+00:00\" \/>\n<meta name=\"twitter:card\" content=\"summary_large_image\" \/>\n<meta name=\"twitter:label1\" content=\"Dur\u00e9e de lecture estim\u00e9e\" \/>\n\t<meta name=\"twitter:data1\" content=\"2 minutes\" \/>\n<script type=\"application\/ld+json\" class=\"yoast-schema-graph\">{\"@context\":\"https:\\\/\\\/schema.org\",\"@graph\":[{\"@type\":\"WebPage\",\"@id\":\"https:\\\/\\\/www.albergominerva.it\\\/fr\\\/hotel-a-sienne-pour-etudiants-et-groupes-scolaires\\\/\",\"url\":\"https:\\\/\\\/www.albergominerva.it\\\/fr\\\/hotel-a-sienne-pour-etudiants-et-groupes-scolaires\\\/\",\"name\":\"H\u00f4tel \u00e0 Sienne pour \u00e9tudiants et groupes scolaires - Hotel Minerva Siena\",\"isPartOf\":{\"@id\":\"https:\\\/\\\/www.albergominerva.it\\\/fr\\\/#website\"},\"datePublished\":\"2019-03-17T19:08:54+00:00\",\"dateModified\":\"2019-07-01T12:33:16+00:00\",\"breadcrumb\":{\"@id\":\"https:\\\/\\\/www.albergominerva.it\\\/fr\\\/hotel-a-sienne-pour-etudiants-et-groupes-scolaires\\\/#breadcrumb\"},\"inLanguage\":\"fr-FR\",\"potentialAction\":[{\"@type\":\"ReadAction\",\"target\":[\"https:\\\/\\\/www.albergominerva.it\\\/fr\\\/hotel-a-sienne-pour-etudiants-et-groupes-scolaires\\\/\"]}]},{\"@type\":\"BreadcrumbList\",\"@id\":\"https:\\\/\\\/www.albergominerva.it\\\/fr\\\/hotel-a-sienne-pour-etudiants-et-groupes-scolaires\\\/#breadcrumb\",\"itemListElement\":[{\"@type\":\"ListItem\",\"position\":1,\"name\":\"Home\",\"item\":\"https:\\\/\\\/www.albergominerva.it\\\/fr\\\/\"},{\"@type\":\"ListItem\",\"position\":2,\"name\":\"H\u00f4tel \u00e0 Sienne pour \u00e9tudiants et groupes scolaires\"}]},{\"@type\":\"WebSite\",\"@id\":\"https:\\\/\\\/www.albergominerva.it\\\/fr\\\/#website\",\"url\":\"https:\\\/\\\/www.albergominerva.it\\\/fr\\\/\",\"name\":\"Hotel Minerva Siena\",\"description\":\"Hotel in Centro Storico a Siena - Toscana - Italy\",\"potentialAction\":[{\"@type\":\"SearchAction\",\"target\":{\"@type\":\"EntryPoint\",\"urlTemplate\":\"https:\\\/\\\/www.albergominerva.it\\\/fr\\\/?s={search_term_string}\"},\"query-input\":{\"@type\":\"PropertyValueSpecification\",\"valueRequired\":true,\"valueName\":\"search_term_string\"}}],\"inLanguage\":\"fr-FR\"}]}<\/script>\n<!-- \/ Yoast SEO plugin. -->","yoast_head_json":{"title":"H\u00f4tel \u00e0 Sienne pour \u00e9tudiants et groupes scolaires - Hotel Minerva Siena","robots":{"index":"index","follow":"follow","max-snippet":"max-snippet:-1","max-image-preview":"max-image-preview:large","max-video-preview":"max-video-preview:-1"},"canonical":"https:\/\/www.albergominerva.it\/fr\/hotel-a-sienne-pour-etudiants-et-groupes-scolaires\/","og_locale":"fr_FR","og_type":"article","og_title":"H\u00f4tel \u00e0 Sienne pour \u00e9tudiants et groupes scolaires - Hotel Minerva Siena","og_description":"Vous recherchez un h\u00f4tel \u00e0 Sienne id\u00e9al pour les \u00e9tudiants et les groupes scolaires? Nous vous recommandons de r\u00e9server \u00e0","og_url":"https:\/\/www.albergominerva.it\/fr\/hotel-a-sienne-pour-etudiants-et-groupes-scolaires\/","og_site_name":"Hotel Minerva Siena","article_modified_time":"2019-07-01T12:33:16+00:00","twitter_card":"summary_large_image","twitter_misc":{"Dur\u00e9e de lecture estim\u00e9e":"2 minutes"},"schema":{"@context":"https:\/\/schema.org","@graph":[{"@type":"WebPage","@id":"https:\/\/www.albergominerva.it\/fr\/hotel-a-sienne-pour-etudiants-et-groupes-scolaires\/","url":"https:\/\/www.albergominerva.it\/fr\/hotel-a-sienne-pour-etudiants-et-groupes-scolaires\/","name":"H\u00f4tel \u00e0 Sienne pour \u00e9tudiants et groupes scolaires - Hotel Minerva Siena","isPartOf":{"@id":"https:\/\/www.albergominerva.it\/fr\/#website"},"datePublished":"2019-03-17T19:08:54+00:00","dateModified":"2019-07-01T12:33:16+00:00","breadcrumb":{"@id":"https:\/\/www.albergominerva.it\/fr\/hotel-a-sienne-pour-etudiants-et-groupes-scolaires\/#breadcrumb"},"inLanguage":"fr-FR","potentialAction":[{"@type":"ReadAction","target":["https:\/\/www.albergominerva.it\/fr\/hotel-a-sienne-pour-etudiants-et-groupes-scolaires\/"]}]},{"@type":"BreadcrumbList","@id":"https:\/\/www.albergominerva.it\/fr\/hotel-a-sienne-pour-etudiants-et-groupes-scolaires\/#breadcrumb","itemListElement":[{"@type":"ListItem","position":1,"name":"Home","item":"https:\/\/www.albergominerva.it\/fr\/"},{"@type":"ListItem","position":2,"name":"H\u00f4tel \u00e0 Sienne pour \u00e9tudiants et groupes scolaires"}]},{"@type":"WebSite","@id":"https:\/\/www.albergominerva.it\/fr\/#website","url":"https:\/\/www.albergominerva.it\/fr\/","name":"Hotel Minerva Siena","description":"Hotel in Centro Storico a Siena - Toscana - Italy","potentialAction":[{"@type":"SearchAction","target":{"@type":"EntryPoint","urlTemplate":"https:\/\/www.albergominerva.it\/fr\/?s={search_term_string}"},"query-input":{"@type":"PropertyValueSpecification","valueRequired":true,"valueName":"search_term_string"}}],"inLanguage":"fr-FR"}]}},"_links":{"self":[{"href":"https:\/\/www.albergominerva.it\/fr\/wp-json\/wp\/v2\/pages\/2929","targetHints":{"allow":["GET"]}}],"collection":[{"href":"https:\/\/www.albergominerva.it\/fr\/wp-json\/wp\/v2\/pages"}],"about":[{"href":"https:\/\/www.albergominerva.it\/fr\/wp-json\/wp\/v2\/types\/page"}],"author":[{"embeddable":true,"href":"https:\/\/www.albergominerva.it\/fr\/wp-json\/wp\/v2\/users\/3"}],"replies":[{"embeddable":true,"href":"https:\/\/www.albergominerva.it\/fr\/wp-json\/wp\/v2\/comments?post=2929"}],"version-history":[{"count":4,"href":"https:\/\/www.albergominerva.it\/fr\/wp-json\/wp\/v2\/pages\/2929\/revisions"}],"predecessor-version":[{"id":3422,"href":"https:\/\/www.albergominerva.it\/fr\/wp-json\/wp\/v2\/pages\/2929\/revisions\/3422"}],"wp:attachment":[{"href":"https:\/\/www.albergominerva.it\/fr\/wp-json\/wp\/v2\/media?parent=2929"}],"curies":[{"name":"wp","href":"https:\/\/api.w.org\/{rel}","templated":true}]}}