{"id":2934,"date":"2019-03-17T19:15:14","date_gmt":"2019-03-17T19:15:14","guid":{"rendered":"https:\/\/albergominerva.it\/fr\/?page_id=2934"},"modified":"2019-07-01T14:27:53","modified_gmt":"2019-07-01T12:27:53","slug":"hotel-a-sienne-pres-du-gsk","status":"publish","type":"page","link":"https:\/\/www.albergominerva.it\/fr\/hotel-a-sienne-pres-du-gsk\/","title":{"rendered":"H\u00f4tel \u00e0 Sienne pr\u00e8s du GSK"},"content":{"rendered":"<p>Vous recherchez un h\u00f4tel \u00e0 Sienne pr\u00e8s du si\u00e8ge de GSK? &lt;\/ strong&gt;<\/p>\n<p>Dans ce cas, nous vous recommandons de r\u00e9server \u00e0 l&rsquo;h\u00f4tel Minerva , un magnifique h\u00f4tel 3 \u00e9toiles \u00e0 Sienne, \u00e0 quelques minutes de route du si\u00e8ge de GSK.<\/p>\n<p>Equip\u00e9 d&rsquo;un bar couvert et d&rsquo;un garage, avec entr\u00e9e directe \u00e0 l&rsquo;h\u00f4tel et avec 20 places disponibles, l&rsquo;h\u00f4tel Minerva contient 56 chambres climatis\u00e9es, toutes diff\u00e9rentes, avec connexion sans fil et qui sont divis\u00e9es en easy-economy, \u00e9l\u00e9gante-standard, junior-suite et junior-suite double.<\/p>\n<p>Les <a href=\"http:\/\/albergominerva.it\/camere-economiche-siena-centro\/\"> Easy Rooms <\/a> sont situ\u00e9es \u00e0 l&rsquo;int\u00e9rieur et ont une superficie de 16 m\u00b2.<\/p>\n<p><a href=\"http:\/\/albergominerva.it\/camere-elegant-siena-centro\/\"> Les chambres \u00e9l\u00e9gantes <\/a> offrent toutes une vue sur le centre historique de Sienne et ont une superficie de 19 m\u00b2.<\/p>\n<p>Les <a href=\"http:\/\/albergominerva.it\/junior-suite-siena-centro\/\"> suites junior <\/a> offrent toutes une vue sur les basiliques de San Francesco et de Provenzano et sont spacieuses \u00e0 partir de 22 m\u00b2. .<\/p>\n<p><a href=\"http:\/\/albergominerva.it\/junior-suite-matrimon-siena-centro\/\"> Les Junior Suites Junior <\/a> offrent une vue sur le centre historique de Sienne et sont spacieuses \u00e0 partir de 19 m\u00b2. une petite terrasse sur demande.<\/p>\n<p>Vous pourrez donc choisir parmi de nombreux choix pour votre s\u00e9jour de loisir ou de travail, bon nombre d&rsquo;entre eux offrant une vue panoramique de Sienne.<\/p>\n<p>L&rsquo;Hotel Minerva expose ensuite \u00e0 l&rsquo;int\u00e9rieur, \u00e0 intervalles r\u00e9guliers, une v\u00e9ritable galerie d&rsquo;art moderne proposant des \u0153uvres de peintres siennois.<\/p>\n<p>Notre h\u00f4tel, situ\u00e9 \u00e0 proximit\u00e9 du si\u00e8ge de GSK, est calme et convient parfaitement aux familles avec enfants. nous avons m\u00eame des lits disponibles, ainsi que des chauffe-biberons, des st\u00e9rilisateurs et une salle de jeux interne.<\/p>\n<p>La Minerva est \u00e9galement proche de deux terrains de jeux et de l\u2019Orto de \u2019Pecci , un magnifique jardin avec des animaux de la ferme.<\/p>\n<p>L&rsquo;Hotel Minerva est \u00e9galement un excellent emplacement pour les r\u00e9unions d&rsquo;affaires car il est \u00e9quip\u00e9 d&rsquo;une connexion Wi-Fi et d&rsquo;une salle de r\u00e9union donnant sur le centre historique de Sienne, pouvant accueillir jusqu&rsquo;\u00e0 40 personnes. Il est dot\u00e9 d&rsquo;une t\u00e9l\u00e9vision \u00e0 \u00e9cran LED, d&rsquo;un vid\u00e9oprojecteur, combien d&rsquo;installations les plus importantes.<\/p>\n<p>Du point de vue du petit-d\u00e9jeuner, le Minerva Hotel propose un petit-d\u00e9jeuner app\u00e9tissant, italien, international et avec des confitures authentiques et de qualit\u00e9.<\/p>\n<p>Vous trouverez l\u2019h\u00f4tel \u00e0 Sienne, Via Garibaldi, \u00e0 72 un peu plus de 2 minutes en voiture de la gare et dans un quartier NON ZTL .<\/p>\n<p>Pour effectuer une r\u00e9servation dans cet h\u00f4tel situ\u00e9 \u00e0 Sienne pr\u00e8s du si\u00e8ge de GSK, cliquez sur R\u00e9server en haut \u00e0 droite ou appelez le 0577.284474 ou envoyez un courrier \u00e9lectronique \u00e0 info@albergominerva.it.<\/p>\n<p>En appelant ce num\u00e9ro ou en r\u00e9servant sur le site, vous r\u00e9aliserez des \u00e9conomies consid\u00e9rables, car nous vous garantissons \u00e0 tout moment le meilleur prix garanti.<\/p>\n","protected":false},"excerpt":{"rendered":"<p>Vous recherchez un h\u00f4tel \u00e0 Sienne pr\u00e8s du si\u00e8ge de GSK? &lt;\/ strong&gt; Dans ce cas, nous vous recommandons de<\/p>\n","protected":false},"author":3,"featured_media":0,"parent":0,"menu_order":0,"comment_status":"closed","ping_status":"closed","template":"","meta":{"_acf_changed":false,"footnotes":""},"class_list":["post-2934","page","type-page","status-publish","hentry"],"acf":[],"yoast_head":"<!-- This site is optimized with the Yoast SEO plugin v27.4 - https:\/\/yoast.com\/product\/yoast-seo-wordpress\/ -->\n<title>H\u00f4tel \u00e0 Sienne pr\u00e8s du GSK - Hotel Minerva Siena<\/title>\n<meta name=\"robots\" content=\"index, follow, max-snippet:-1, max-image-preview:large, max-video-preview:-1\" \/>\n<link rel=\"canonical\" href=\"https:\/\/www.albergominerva.it\/fr\/hotel-a-sienne-pres-du-gsk\/\" \/>\n<meta property=\"og:locale\" content=\"fr_FR\" \/>\n<meta property=\"og:type\" content=\"article\" \/>\n<meta property=\"og:title\" content=\"H\u00f4tel \u00e0 Sienne pr\u00e8s du GSK - Hotel Minerva Siena\" \/>\n<meta property=\"og:description\" content=\"Vous recherchez un h\u00f4tel \u00e0 Sienne pr\u00e8s du si\u00e8ge de GSK? &lt;\/ strong&gt; Dans ce cas, nous vous recommandons de\" \/>\n<meta property=\"og:url\" content=\"https:\/\/www.albergominerva.it\/fr\/hotel-a-sienne-pres-du-gsk\/\" \/>\n<meta property=\"og:site_name\" content=\"Hotel Minerva Siena\" \/>\n<meta property=\"article:modified_time\" content=\"2019-07-01T12:27:53+00:00\" \/>\n<meta name=\"twitter:card\" content=\"summary_large_image\" \/>\n<meta name=\"twitter:label1\" content=\"Dur\u00e9e de lecture estim\u00e9e\" \/>\n\t<meta name=\"twitter:data1\" content=\"2 minutes\" \/>\n<script type=\"application\/ld+json\" class=\"yoast-schema-graph\">{\"@context\":\"https:\\\/\\\/schema.org\",\"@graph\":[{\"@type\":\"WebPage\",\"@id\":\"https:\\\/\\\/www.albergominerva.it\\\/fr\\\/hotel-a-sienne-pres-du-gsk\\\/\",\"url\":\"https:\\\/\\\/www.albergominerva.it\\\/fr\\\/hotel-a-sienne-pres-du-gsk\\\/\",\"name\":\"H\u00f4tel \u00e0 Sienne pr\u00e8s du GSK - Hotel Minerva Siena\",\"isPartOf\":{\"@id\":\"https:\\\/\\\/www.albergominerva.it\\\/fr\\\/#website\"},\"datePublished\":\"2019-03-17T19:15:14+00:00\",\"dateModified\":\"2019-07-01T12:27:53+00:00\",\"breadcrumb\":{\"@id\":\"https:\\\/\\\/www.albergominerva.it\\\/fr\\\/hotel-a-sienne-pres-du-gsk\\\/#breadcrumb\"},\"inLanguage\":\"fr-FR\",\"potentialAction\":[{\"@type\":\"ReadAction\",\"target\":[\"https:\\\/\\\/www.albergominerva.it\\\/fr\\\/hotel-a-sienne-pres-du-gsk\\\/\"]}]},{\"@type\":\"BreadcrumbList\",\"@id\":\"https:\\\/\\\/www.albergominerva.it\\\/fr\\\/hotel-a-sienne-pres-du-gsk\\\/#breadcrumb\",\"itemListElement\":[{\"@type\":\"ListItem\",\"position\":1,\"name\":\"Home\",\"item\":\"https:\\\/\\\/www.albergominerva.it\\\/fr\\\/\"},{\"@type\":\"ListItem\",\"position\":2,\"name\":\"H\u00f4tel \u00e0 Sienne pr\u00e8s du GSK\"}]},{\"@type\":\"WebSite\",\"@id\":\"https:\\\/\\\/www.albergominerva.it\\\/fr\\\/#website\",\"url\":\"https:\\\/\\\/www.albergominerva.it\\\/fr\\\/\",\"name\":\"Hotel Minerva Siena\",\"description\":\"Hotel in Centro Storico a Siena - Toscana - Italy\",\"potentialAction\":[{\"@type\":\"SearchAction\",\"target\":{\"@type\":\"EntryPoint\",\"urlTemplate\":\"https:\\\/\\\/www.albergominerva.it\\\/fr\\\/?s={search_term_string}\"},\"query-input\":{\"@type\":\"PropertyValueSpecification\",\"valueRequired\":true,\"valueName\":\"search_term_string\"}}],\"inLanguage\":\"fr-FR\"}]}<\/script>\n<!-- \/ Yoast SEO plugin. -->","yoast_head_json":{"title":"H\u00f4tel \u00e0 Sienne pr\u00e8s du GSK - Hotel Minerva Siena","robots":{"index":"index","follow":"follow","max-snippet":"max-snippet:-1","max-image-preview":"max-image-preview:large","max-video-preview":"max-video-preview:-1"},"canonical":"https:\/\/www.albergominerva.it\/fr\/hotel-a-sienne-pres-du-gsk\/","og_locale":"fr_FR","og_type":"article","og_title":"H\u00f4tel \u00e0 Sienne pr\u00e8s du GSK - Hotel Minerva Siena","og_description":"Vous recherchez un h\u00f4tel \u00e0 Sienne pr\u00e8s du si\u00e8ge de GSK? &lt;\/ strong&gt; Dans ce cas, nous vous recommandons de","og_url":"https:\/\/www.albergominerva.it\/fr\/hotel-a-sienne-pres-du-gsk\/","og_site_name":"Hotel Minerva Siena","article_modified_time":"2019-07-01T12:27:53+00:00","twitter_card":"summary_large_image","twitter_misc":{"Dur\u00e9e de lecture estim\u00e9e":"2 minutes"},"schema":{"@context":"https:\/\/schema.org","@graph":[{"@type":"WebPage","@id":"https:\/\/www.albergominerva.it\/fr\/hotel-a-sienne-pres-du-gsk\/","url":"https:\/\/www.albergominerva.it\/fr\/hotel-a-sienne-pres-du-gsk\/","name":"H\u00f4tel \u00e0 Sienne pr\u00e8s du GSK - Hotel Minerva Siena","isPartOf":{"@id":"https:\/\/www.albergominerva.it\/fr\/#website"},"datePublished":"2019-03-17T19:15:14+00:00","dateModified":"2019-07-01T12:27:53+00:00","breadcrumb":{"@id":"https:\/\/www.albergominerva.it\/fr\/hotel-a-sienne-pres-du-gsk\/#breadcrumb"},"inLanguage":"fr-FR","potentialAction":[{"@type":"ReadAction","target":["https:\/\/www.albergominerva.it\/fr\/hotel-a-sienne-pres-du-gsk\/"]}]},{"@type":"BreadcrumbList","@id":"https:\/\/www.albergominerva.it\/fr\/hotel-a-sienne-pres-du-gsk\/#breadcrumb","itemListElement":[{"@type":"ListItem","position":1,"name":"Home","item":"https:\/\/www.albergominerva.it\/fr\/"},{"@type":"ListItem","position":2,"name":"H\u00f4tel \u00e0 Sienne pr\u00e8s du GSK"}]},{"@type":"WebSite","@id":"https:\/\/www.albergominerva.it\/fr\/#website","url":"https:\/\/www.albergominerva.it\/fr\/","name":"Hotel Minerva Siena","description":"Hotel in Centro Storico a Siena - Toscana - Italy","potentialAction":[{"@type":"SearchAction","target":{"@type":"EntryPoint","urlTemplate":"https:\/\/www.albergominerva.it\/fr\/?s={search_term_string}"},"query-input":{"@type":"PropertyValueSpecification","valueRequired":true,"valueName":"search_term_string"}}],"inLanguage":"fr-FR"}]}},"_links":{"self":[{"href":"https:\/\/www.albergominerva.it\/fr\/wp-json\/wp\/v2\/pages\/2934","targetHints":{"allow":["GET"]}}],"collection":[{"href":"https:\/\/www.albergominerva.it\/fr\/wp-json\/wp\/v2\/pages"}],"about":[{"href":"https:\/\/www.albergominerva.it\/fr\/wp-json\/wp\/v2\/types\/page"}],"author":[{"embeddable":true,"href":"https:\/\/www.albergominerva.it\/fr\/wp-json\/wp\/v2\/users\/3"}],"replies":[{"embeddable":true,"href":"https:\/\/www.albergominerva.it\/fr\/wp-json\/wp\/v2\/comments?post=2934"}],"version-history":[{"count":4,"href":"https:\/\/www.albergominerva.it\/fr\/wp-json\/wp\/v2\/pages\/2934\/revisions"}],"predecessor-version":[{"id":3377,"href":"https:\/\/www.albergominerva.it\/fr\/wp-json\/wp\/v2\/pages\/2934\/revisions\/3377"}],"wp:attachment":[{"href":"https:\/\/www.albergominerva.it\/fr\/wp-json\/wp\/v2\/media?parent=2934"}],"curies":[{"name":"wp","href":"https:\/\/api.w.org\/{rel}","templated":true}]}}