{"id":2946,"date":"2019-03-17T19:26:17","date_gmt":"2019-03-17T19:26:17","guid":{"rendered":"https:\/\/albergominerva.it\/fr\/?page_id=2946"},"modified":"2019-03-17T19:26:36","modified_gmt":"2019-03-17T19:26:36","slug":"hotel-a-sienne-pres-du-stade-de-football-artemio-franch","status":"publish","type":"page","link":"https:\/\/www.albergominerva.it\/fr\/hotel-a-sienne-pres-du-stade-de-football-artemio-franch\/","title":{"rendered":"H\u00f4tel \u00e0 Sienne pr\u00e8s du stade de football Artemio Franchi"},"content":{"rendered":"<p>Vous cherchez un h\u00f4tel \u00e0 Sienne pr\u00e8s du stade de football Artemio Franchi?<\/p>\n<p>Nous vous proposons ensuite de r\u00e9server l&rsquo;h\u00f4tel Minerva, un magnifique h\u00f4tel 3 \u00e9toiles situ\u00e9 dans le centre historique de Sienne et \u00e0 une courte distance du stade de football Artemio Franchi.<\/p>\n<p>Dot\u00e9 d&rsquo;un bar et d&rsquo;un parking payant, ferm\u00e9, avec acc\u00e8s direct \u00e0 l&rsquo;h\u00f4tel et avec 20 places disponibles, l&rsquo;h\u00f4tel Minerva contient en son sein 56 chambres climatis\u00e9es, toutes diff\u00e9rentes, avec wifi et qui se divisent en deux &#8211; Standard, junior suite et junior suite.<\/p>\n<p>Les <a href=\"http:\/\/albergominerva.it\/camere-economiche-siena-centro\/\"> chambres simples <\/a> sont situ\u00e9es \u00e0 l&rsquo;int\u00e9rieur et sont spacieuses \u00e0 partir de 16 m\u00b2.<\/p>\n<p>Les <a href=\"http:\/\/albergominerva.it\/camere-elegant-siena-centro\/\"> chambres \u00e9l\u00e9gantes <\/a> offrent toutes une vue sur le centre historique de Sienne et sont spacieuses \u00e0 partir de 19 m\u00b2.<\/p>\n<p>Les <a href=\"http:\/\/albergominerva.it\/junior-suite-siena-centro\/\"> suites junior <\/a> offrent toutes une vue sur les basiliques de San Francesco et de Provenzano et sont spacieuses \u00e0 partir de 22 m\u00b2.<\/p>\n<p><a href=\"http:\/\/albergominerva.it\/junior-suite-matrimon-siena-centro\/\"> Les Junior Suites Junior <\/a> offrent une vue sur le centre historique de Sienne et sont spacieuses \u00e0 partir de 19 m\u00b2. une petite terrasse sur demande.<\/p>\n<p>En cons\u00e9quence, vous aurez l\u2019opportunit\u00e9 de choisir entre plusieurs solutions pour votre halte pour le plaisir ou les affaires, la plupart avec une vue panoramique de Sienne.<\/p>\n<p>L&rsquo;Hotel Minerva expose ensuite p\u00e9riodiquement, dans ses salles int\u00e9rieures, une v\u00e9ritable galerie d&rsquo;art moderne pr\u00e9sentant des \u0153uvres de peintres siennois.<\/p>\n<p>Notre h\u00f4tel situ\u00e9 \u00e0 proximit\u00e9 du stade de football Artemio Franchi est calme et convient parfaitement aux familles avec enfants. nous avons m\u00eame des lits disponibles, ainsi qu&rsquo;un chauffe-biberon, un st\u00e9rilisateur et une ludoth\u00e8que \u00e0 l&rsquo;int\u00e9rieur.<\/p>\n<p>Il Minerva est \u00e9galement proche de deux terrains de jeux et de l\u2019Orto de \u2019Pecci , un magnifique jardin avec des animaux de la ferme.<\/p>\n<p>L&rsquo;h\u00f4tel Minerva constitue \u00e9galement un cadre id\u00e9al pour les r\u00e9unions de travail car il est \u00e9quip\u00e9 d&rsquo;une connexion Wi-Fi et d&rsquo;une salle de r\u00e9union donnant sur le centre-ville historique, qui peut accueillir jusqu&rsquo;\u00e0 40 personnes. Il est \u00e9quip\u00e9 d&rsquo;une t\u00e9l\u00e9vision \u00e0 LED, d&rsquo;un vid\u00e9oprojecteur et d&rsquo;un tableau noir. lumineux et toutes les meilleures fonctionnalit\u00e9s.<\/p>\n<p>En ce qui concerne le petit-d\u00e9jeuner, le Minerva Hotel propose un petit-d\u00e9jeuner app\u00e9tissant, italien, international et avec des confitures authentiques et de qualit\u00e9.<\/p>\n<p>L&rsquo;h\u00f4tel est situ\u00e9 \u00e0 Sienne, dans la Via Garibaldi, \u00e0 72 un peu plus de 2 minutes en voiture de la gare et dans un quartier NON ZTL .<\/p>\n<p>Pour effectuer une r\u00e9servation dans cet h\u00f4tel de Sienne situ\u00e9 \u00e0 proximit\u00e9 du stade de football Artemio Franchi, cliquez sur R\u00e9server en haut \u00e0 droite ou appelez le 0577.284474 ou envoyez un courrier \u00e9lectronique \u00e0 info@albergominerva.it.<\/p>\n<p>En contactant ce num\u00e9ro ou en effectuant une r\u00e9servation sur le site Web, vous pouvez r\u00e9aliser des \u00e9conomies substantielles, car nous vous garantissons \u00e0 chaque fois le meilleur prix garanti.<\/p>\n","protected":false},"excerpt":{"rendered":"<p>Vous cherchez un h\u00f4tel \u00e0 Sienne pr\u00e8s du stade de football Artemio Franchi? Nous vous proposons ensuite de r\u00e9server l&rsquo;h\u00f4tel<\/p>\n","protected":false},"author":3,"featured_media":0,"parent":0,"menu_order":0,"comment_status":"closed","ping_status":"closed","template":"","meta":{"_acf_changed":false,"footnotes":""},"class_list":["post-2946","page","type-page","status-publish","hentry"],"acf":[],"yoast_head":"<!-- This site is optimized with the Yoast SEO plugin v27.4 - https:\/\/yoast.com\/product\/yoast-seo-wordpress\/ -->\n<title>H\u00f4tel \u00e0 Sienne pr\u00e8s du stade de football Artemio Franchi - Hotel Minerva Siena<\/title>\n<meta name=\"robots\" content=\"index, follow, max-snippet:-1, max-image-preview:large, max-video-preview:-1\" \/>\n<link rel=\"canonical\" href=\"https:\/\/www.albergominerva.it\/fr\/hotel-a-sienne-pres-du-stade-de-football-artemio-franch\/\" \/>\n<meta property=\"og:locale\" content=\"fr_FR\" \/>\n<meta property=\"og:type\" content=\"article\" \/>\n<meta property=\"og:title\" content=\"H\u00f4tel \u00e0 Sienne pr\u00e8s du stade de football Artemio Franchi - Hotel Minerva Siena\" \/>\n<meta property=\"og:description\" content=\"Vous cherchez un h\u00f4tel \u00e0 Sienne pr\u00e8s du stade de football Artemio Franchi? Nous vous proposons ensuite de r\u00e9server l&rsquo;h\u00f4tel\" \/>\n<meta property=\"og:url\" content=\"https:\/\/www.albergominerva.it\/fr\/hotel-a-sienne-pres-du-stade-de-football-artemio-franch\/\" \/>\n<meta property=\"og:site_name\" content=\"Hotel Minerva Siena\" \/>\n<meta property=\"article:modified_time\" content=\"2019-03-17T19:26:36+00:00\" \/>\n<meta name=\"twitter:card\" content=\"summary_large_image\" \/>\n<meta name=\"twitter:label1\" content=\"Dur\u00e9e de lecture estim\u00e9e\" \/>\n\t<meta name=\"twitter:data1\" content=\"2 minutes\" \/>\n<script type=\"application\/ld+json\" class=\"yoast-schema-graph\">{\"@context\":\"https:\\\/\\\/schema.org\",\"@graph\":[{\"@type\":\"WebPage\",\"@id\":\"https:\\\/\\\/www.albergominerva.it\\\/fr\\\/hotel-a-sienne-pres-du-stade-de-football-artemio-franch\\\/\",\"url\":\"https:\\\/\\\/www.albergominerva.it\\\/fr\\\/hotel-a-sienne-pres-du-stade-de-football-artemio-franch\\\/\",\"name\":\"H\u00f4tel \u00e0 Sienne pr\u00e8s du stade de football Artemio Franchi - Hotel Minerva Siena\",\"isPartOf\":{\"@id\":\"https:\\\/\\\/www.albergominerva.it\\\/fr\\\/#website\"},\"datePublished\":\"2019-03-17T19:26:17+00:00\",\"dateModified\":\"2019-03-17T19:26:36+00:00\",\"breadcrumb\":{\"@id\":\"https:\\\/\\\/www.albergominerva.it\\\/fr\\\/hotel-a-sienne-pres-du-stade-de-football-artemio-franch\\\/#breadcrumb\"},\"inLanguage\":\"fr-FR\",\"potentialAction\":[{\"@type\":\"ReadAction\",\"target\":[\"https:\\\/\\\/www.albergominerva.it\\\/fr\\\/hotel-a-sienne-pres-du-stade-de-football-artemio-franch\\\/\"]}]},{\"@type\":\"BreadcrumbList\",\"@id\":\"https:\\\/\\\/www.albergominerva.it\\\/fr\\\/hotel-a-sienne-pres-du-stade-de-football-artemio-franch\\\/#breadcrumb\",\"itemListElement\":[{\"@type\":\"ListItem\",\"position\":1,\"name\":\"Home\",\"item\":\"https:\\\/\\\/www.albergominerva.it\\\/fr\\\/\"},{\"@type\":\"ListItem\",\"position\":2,\"name\":\"H\u00f4tel \u00e0 Sienne pr\u00e8s du stade de football Artemio Franchi\"}]},{\"@type\":\"WebSite\",\"@id\":\"https:\\\/\\\/www.albergominerva.it\\\/fr\\\/#website\",\"url\":\"https:\\\/\\\/www.albergominerva.it\\\/fr\\\/\",\"name\":\"Hotel Minerva Siena\",\"description\":\"Hotel in Centro Storico a Siena - Toscana - Italy\",\"potentialAction\":[{\"@type\":\"SearchAction\",\"target\":{\"@type\":\"EntryPoint\",\"urlTemplate\":\"https:\\\/\\\/www.albergominerva.it\\\/fr\\\/?s={search_term_string}\"},\"query-input\":{\"@type\":\"PropertyValueSpecification\",\"valueRequired\":true,\"valueName\":\"search_term_string\"}}],\"inLanguage\":\"fr-FR\"}]}<\/script>\n<!-- \/ Yoast SEO plugin. -->","yoast_head_json":{"title":"H\u00f4tel \u00e0 Sienne pr\u00e8s du stade de football Artemio Franchi - Hotel Minerva Siena","robots":{"index":"index","follow":"follow","max-snippet":"max-snippet:-1","max-image-preview":"max-image-preview:large","max-video-preview":"max-video-preview:-1"},"canonical":"https:\/\/www.albergominerva.it\/fr\/hotel-a-sienne-pres-du-stade-de-football-artemio-franch\/","og_locale":"fr_FR","og_type":"article","og_title":"H\u00f4tel \u00e0 Sienne pr\u00e8s du stade de football Artemio Franchi - Hotel Minerva Siena","og_description":"Vous cherchez un h\u00f4tel \u00e0 Sienne pr\u00e8s du stade de football Artemio Franchi? Nous vous proposons ensuite de r\u00e9server l&rsquo;h\u00f4tel","og_url":"https:\/\/www.albergominerva.it\/fr\/hotel-a-sienne-pres-du-stade-de-football-artemio-franch\/","og_site_name":"Hotel Minerva Siena","article_modified_time":"2019-03-17T19:26:36+00:00","twitter_card":"summary_large_image","twitter_misc":{"Dur\u00e9e de lecture estim\u00e9e":"2 minutes"},"schema":{"@context":"https:\/\/schema.org","@graph":[{"@type":"WebPage","@id":"https:\/\/www.albergominerva.it\/fr\/hotel-a-sienne-pres-du-stade-de-football-artemio-franch\/","url":"https:\/\/www.albergominerva.it\/fr\/hotel-a-sienne-pres-du-stade-de-football-artemio-franch\/","name":"H\u00f4tel \u00e0 Sienne pr\u00e8s du stade de football Artemio Franchi - Hotel Minerva Siena","isPartOf":{"@id":"https:\/\/www.albergominerva.it\/fr\/#website"},"datePublished":"2019-03-17T19:26:17+00:00","dateModified":"2019-03-17T19:26:36+00:00","breadcrumb":{"@id":"https:\/\/www.albergominerva.it\/fr\/hotel-a-sienne-pres-du-stade-de-football-artemio-franch\/#breadcrumb"},"inLanguage":"fr-FR","potentialAction":[{"@type":"ReadAction","target":["https:\/\/www.albergominerva.it\/fr\/hotel-a-sienne-pres-du-stade-de-football-artemio-franch\/"]}]},{"@type":"BreadcrumbList","@id":"https:\/\/www.albergominerva.it\/fr\/hotel-a-sienne-pres-du-stade-de-football-artemio-franch\/#breadcrumb","itemListElement":[{"@type":"ListItem","position":1,"name":"Home","item":"https:\/\/www.albergominerva.it\/fr\/"},{"@type":"ListItem","position":2,"name":"H\u00f4tel \u00e0 Sienne pr\u00e8s du stade de football Artemio Franchi"}]},{"@type":"WebSite","@id":"https:\/\/www.albergominerva.it\/fr\/#website","url":"https:\/\/www.albergominerva.it\/fr\/","name":"Hotel Minerva Siena","description":"Hotel in Centro Storico a Siena - Toscana - Italy","potentialAction":[{"@type":"SearchAction","target":{"@type":"EntryPoint","urlTemplate":"https:\/\/www.albergominerva.it\/fr\/?s={search_term_string}"},"query-input":{"@type":"PropertyValueSpecification","valueRequired":true,"valueName":"search_term_string"}}],"inLanguage":"fr-FR"}]}},"_links":{"self":[{"href":"https:\/\/www.albergominerva.it\/fr\/wp-json\/wp\/v2\/pages\/2946","targetHints":{"allow":["GET"]}}],"collection":[{"href":"https:\/\/www.albergominerva.it\/fr\/wp-json\/wp\/v2\/pages"}],"about":[{"href":"https:\/\/www.albergominerva.it\/fr\/wp-json\/wp\/v2\/types\/page"}],"author":[{"embeddable":true,"href":"https:\/\/www.albergominerva.it\/fr\/wp-json\/wp\/v2\/users\/3"}],"replies":[{"embeddable":true,"href":"https:\/\/www.albergominerva.it\/fr\/wp-json\/wp\/v2\/comments?post=2946"}],"version-history":[{"count":2,"href":"https:\/\/www.albergominerva.it\/fr\/wp-json\/wp\/v2\/pages\/2946\/revisions"}],"predecessor-version":[{"id":2948,"href":"https:\/\/www.albergominerva.it\/fr\/wp-json\/wp\/v2\/pages\/2946\/revisions\/2948"}],"wp:attachment":[{"href":"https:\/\/www.albergominerva.it\/fr\/wp-json\/wp\/v2\/media?parent=2946"}],"curies":[{"name":"wp","href":"https:\/\/api.w.org\/{rel}","templated":true}]}}