{"id":2954,"date":"2019-03-17T19:38:16","date_gmt":"2019-03-17T19:38:16","guid":{"rendered":"https:\/\/albergominerva.it\/fr\/?page_id=2954"},"modified":"2019-03-17T19:43:02","modified_gmt":"2019-03-17T19:43:02","slug":"hotel-a-sienne-pres-de-porta-camollia","status":"publish","type":"page","link":"https:\/\/www.albergominerva.it\/fr\/hotel-a-sienne-pres-de-porta-camollia\/","title":{"rendered":"H\u00f4tel \u00e0 Sienne pr\u00e8s de Porta Camollia"},"content":{"rendered":"<p>Vous cherchez un h\u00f4tel \u00e0 Sienne pr\u00e8s de Porta Camollia?<\/p>\n<p>Dans ce cas, nous vous recommandons de r\u00e9server \u00e0 l&rsquo;h\u00f4tel Minerva , un magnifique h\u00f4tel 3 \u00e9toiles situ\u00e9 dans le centre de Sienne et \u00e0 quelques pas de Porta Camollia.<\/p>\n<p>Dot\u00e9 d\u2019un bar et d\u2019un parking payant, ferm\u00e9, avec acc\u00e8s direct \u00e0 l\u2019h\u00f4tel et avec 20 places disponibles, l\u2019h\u00f4tel Minerva comprend 56 chambres climatis\u00e9es, toutes diff\u00e9rentes, avec wifi et qui se divisent en deux &#8211; Standard, junior suite et junior suite.<\/p>\n<p>Les <a href=\"http:\/\/albergominerva.it\/camere-economiche-siena-centro\/\"> chambres simples <\/a> sont situ\u00e9es \u00e0 l&rsquo;int\u00e9rieur et sont spacieuses \u00e0 partir de 16 m\u00b2.<\/p>\n<p><a href=\"http:\/\/albergominerva.it\/camere-elegant-siena-centro\/\"> Les chambres \u00e9l\u00e9gantes <\/a> offrent toutes une vue sur le centre historique de Sienne et ont une superficie de 19 m\u00b2.<\/p>\n<p>Les <a href=\"http:\/\/albergominerva.it\/junior-suite-siena-centro\/\"> suites junior <\/a> ont toutes vue sur les basiliques de San Francesco et de Provenzano et ont une superficie de 22 m\u00b2.<\/p>\n<p><a href=\"http:\/\/albergominerva.it\/junior-suite-matrimon-siena-centro\/\"> Les Junior Suites Junior <\/a> ont une vue sur le centre historique de Sienne, ont une superficie de 19 m\u00b2 et une petite terrasse sur demande.<\/p>\n<p>Vous pourrez donc choisir parmi de nombreux choix pour votre s\u00e9jour de loisir ou de travail, dont la plupart offrent une vue panoramique de Sienne.<\/p>\n<p>L&rsquo;Hotel Minerva pr\u00e9sente ensuite syst\u00e9matiquement, dans son int\u00e9rieur, une v\u00e9ritable galerie d&rsquo;art contemporain pr\u00e9sentant des \u0153uvres d&rsquo;artistes de Sienne.<\/p>\n<p>Notre h\u00f4tel pr\u00e8s de Porta Camollia est calme et convient parfaitement aux parents avec enfants. nous avons \u00e9galement des lits disponibles, ainsi que des chauffe-biberons, des st\u00e9rilisateurs et une salle de jeux interne.<\/p>\n<p>La Minerva est \u00e9galement proche de deux terrains de jeux et de l\u2019Orto de \u2019Pecci , un magnifique jardin avec des animaux de la ferme.<\/p>\n<p>L\u2019h\u00f4tel Minerva est \u00e9galement un excellent emplacement pour les r\u00e9unions d\u2019affaires car il est \u00e9quip\u00e9 d\u2019une connexion sans fil et d\u2019une salle de r\u00e9union donnant sur le centre historique de Sienne, qui a le droit d\u2019accueillir jusqu\u2019\u00e0 40 personnes. Il est \u00e9quip\u00e9 d\u2019une t\u00e9l\u00e9vision \u00e0 \u00e9cran LED, d\u2019un vid\u00e9oprojecteur, combien d&rsquo;installations principales.<\/p>\n<p>Du point de vue du petit-d\u00e9jeuner, l\u2019Hotel Minerva propose un d\u00e9licieux petit-d\u00e9jeuner italien et international compos\u00e9 de confitures naturelles et de qualit\u00e9.<\/p>\n<p>L\u2019h\u00f4tel est situ\u00e9 \u00e0 Sienne, dans la Via Garibaldi, \u00e0 72 km de la gare et \u00e0 2 minutes en voiture et dans un quartier NON ZTL .<\/p>\n<p>Pour r\u00e9server cet h\u00f4tel de Sienne, dans la r\u00e9gion de Porta Camollia, cliquez sur R\u00e9server dans le coin sup\u00e9rieur droit ou appelez le 0577.284474 ou envoyez un courriel \u00e0 info@albergominerva.it.<\/p>\n<p>En appelant ce num\u00e9ro de t\u00e9l\u00e9phone ou en r\u00e9servant \u00e0 partir du site, vous pourrez r\u00e9aliser une \u00e9conomie importante, car nous vous garantissons le meilleur prix garanti \u00e0 tout moment.<\/p>\n","protected":false},"excerpt":{"rendered":"<p>Vous cherchez un h\u00f4tel \u00e0 Sienne pr\u00e8s de Porta Camollia? Dans ce cas, nous vous recommandons de r\u00e9server \u00e0 l&rsquo;h\u00f4tel<\/p>\n","protected":false},"author":3,"featured_media":0,"parent":0,"menu_order":0,"comment_status":"closed","ping_status":"closed","template":"","meta":{"_acf_changed":false,"footnotes":""},"class_list":["post-2954","page","type-page","status-publish","hentry"],"acf":[],"yoast_head":"<!-- This site is optimized with the Yoast SEO plugin v27.4 - https:\/\/yoast.com\/product\/yoast-seo-wordpress\/ -->\n<title>H\u00f4tel \u00e0 Sienne pr\u00e8s de Porta Camollia - Hotel Minerva Siena<\/title>\n<meta name=\"robots\" content=\"index, follow, max-snippet:-1, max-image-preview:large, max-video-preview:-1\" \/>\n<link rel=\"canonical\" href=\"https:\/\/www.albergominerva.it\/fr\/hotel-a-sienne-pres-de-porta-camollia\/\" \/>\n<meta property=\"og:locale\" content=\"fr_FR\" \/>\n<meta property=\"og:type\" content=\"article\" \/>\n<meta property=\"og:title\" content=\"H\u00f4tel \u00e0 Sienne pr\u00e8s de Porta Camollia - Hotel Minerva Siena\" \/>\n<meta property=\"og:description\" content=\"Vous cherchez un h\u00f4tel \u00e0 Sienne pr\u00e8s de Porta Camollia? Dans ce cas, nous vous recommandons de r\u00e9server \u00e0 l&rsquo;h\u00f4tel\" \/>\n<meta property=\"og:url\" content=\"https:\/\/www.albergominerva.it\/fr\/hotel-a-sienne-pres-de-porta-camollia\/\" \/>\n<meta property=\"og:site_name\" content=\"Hotel Minerva Siena\" \/>\n<meta property=\"article:modified_time\" content=\"2019-03-17T19:43:02+00:00\" \/>\n<meta name=\"twitter:card\" content=\"summary_large_image\" \/>\n<meta name=\"twitter:label1\" content=\"Dur\u00e9e de lecture estim\u00e9e\" \/>\n\t<meta name=\"twitter:data1\" content=\"2 minutes\" \/>\n<script type=\"application\/ld+json\" class=\"yoast-schema-graph\">{\"@context\":\"https:\\\/\\\/schema.org\",\"@graph\":[{\"@type\":\"WebPage\",\"@id\":\"https:\\\/\\\/www.albergominerva.it\\\/fr\\\/hotel-a-sienne-pres-de-porta-camollia\\\/\",\"url\":\"https:\\\/\\\/www.albergominerva.it\\\/fr\\\/hotel-a-sienne-pres-de-porta-camollia\\\/\",\"name\":\"H\u00f4tel \u00e0 Sienne pr\u00e8s de Porta Camollia - Hotel Minerva Siena\",\"isPartOf\":{\"@id\":\"https:\\\/\\\/www.albergominerva.it\\\/fr\\\/#website\"},\"datePublished\":\"2019-03-17T19:38:16+00:00\",\"dateModified\":\"2019-03-17T19:43:02+00:00\",\"breadcrumb\":{\"@id\":\"https:\\\/\\\/www.albergominerva.it\\\/fr\\\/hotel-a-sienne-pres-de-porta-camollia\\\/#breadcrumb\"},\"inLanguage\":\"fr-FR\",\"potentialAction\":[{\"@type\":\"ReadAction\",\"target\":[\"https:\\\/\\\/www.albergominerva.it\\\/fr\\\/hotel-a-sienne-pres-de-porta-camollia\\\/\"]}]},{\"@type\":\"BreadcrumbList\",\"@id\":\"https:\\\/\\\/www.albergominerva.it\\\/fr\\\/hotel-a-sienne-pres-de-porta-camollia\\\/#breadcrumb\",\"itemListElement\":[{\"@type\":\"ListItem\",\"position\":1,\"name\":\"Home\",\"item\":\"https:\\\/\\\/www.albergominerva.it\\\/fr\\\/\"},{\"@type\":\"ListItem\",\"position\":2,\"name\":\"H\u00f4tel \u00e0 Sienne pr\u00e8s de Porta Camollia\"}]},{\"@type\":\"WebSite\",\"@id\":\"https:\\\/\\\/www.albergominerva.it\\\/fr\\\/#website\",\"url\":\"https:\\\/\\\/www.albergominerva.it\\\/fr\\\/\",\"name\":\"Hotel Minerva Siena\",\"description\":\"Hotel in Centro Storico a Siena - Toscana - Italy\",\"potentialAction\":[{\"@type\":\"SearchAction\",\"target\":{\"@type\":\"EntryPoint\",\"urlTemplate\":\"https:\\\/\\\/www.albergominerva.it\\\/fr\\\/?s={search_term_string}\"},\"query-input\":{\"@type\":\"PropertyValueSpecification\",\"valueRequired\":true,\"valueName\":\"search_term_string\"}}],\"inLanguage\":\"fr-FR\"}]}<\/script>\n<!-- \/ Yoast SEO plugin. -->","yoast_head_json":{"title":"H\u00f4tel \u00e0 Sienne pr\u00e8s de Porta Camollia - Hotel Minerva Siena","robots":{"index":"index","follow":"follow","max-snippet":"max-snippet:-1","max-image-preview":"max-image-preview:large","max-video-preview":"max-video-preview:-1"},"canonical":"https:\/\/www.albergominerva.it\/fr\/hotel-a-sienne-pres-de-porta-camollia\/","og_locale":"fr_FR","og_type":"article","og_title":"H\u00f4tel \u00e0 Sienne pr\u00e8s de Porta Camollia - Hotel Minerva Siena","og_description":"Vous cherchez un h\u00f4tel \u00e0 Sienne pr\u00e8s de Porta Camollia? Dans ce cas, nous vous recommandons de r\u00e9server \u00e0 l&rsquo;h\u00f4tel","og_url":"https:\/\/www.albergominerva.it\/fr\/hotel-a-sienne-pres-de-porta-camollia\/","og_site_name":"Hotel Minerva Siena","article_modified_time":"2019-03-17T19:43:02+00:00","twitter_card":"summary_large_image","twitter_misc":{"Dur\u00e9e de lecture estim\u00e9e":"2 minutes"},"schema":{"@context":"https:\/\/schema.org","@graph":[{"@type":"WebPage","@id":"https:\/\/www.albergominerva.it\/fr\/hotel-a-sienne-pres-de-porta-camollia\/","url":"https:\/\/www.albergominerva.it\/fr\/hotel-a-sienne-pres-de-porta-camollia\/","name":"H\u00f4tel \u00e0 Sienne pr\u00e8s de Porta Camollia - Hotel Minerva Siena","isPartOf":{"@id":"https:\/\/www.albergominerva.it\/fr\/#website"},"datePublished":"2019-03-17T19:38:16+00:00","dateModified":"2019-03-17T19:43:02+00:00","breadcrumb":{"@id":"https:\/\/www.albergominerva.it\/fr\/hotel-a-sienne-pres-de-porta-camollia\/#breadcrumb"},"inLanguage":"fr-FR","potentialAction":[{"@type":"ReadAction","target":["https:\/\/www.albergominerva.it\/fr\/hotel-a-sienne-pres-de-porta-camollia\/"]}]},{"@type":"BreadcrumbList","@id":"https:\/\/www.albergominerva.it\/fr\/hotel-a-sienne-pres-de-porta-camollia\/#breadcrumb","itemListElement":[{"@type":"ListItem","position":1,"name":"Home","item":"https:\/\/www.albergominerva.it\/fr\/"},{"@type":"ListItem","position":2,"name":"H\u00f4tel \u00e0 Sienne pr\u00e8s de Porta Camollia"}]},{"@type":"WebSite","@id":"https:\/\/www.albergominerva.it\/fr\/#website","url":"https:\/\/www.albergominerva.it\/fr\/","name":"Hotel Minerva Siena","description":"Hotel in Centro Storico a Siena - Toscana - Italy","potentialAction":[{"@type":"SearchAction","target":{"@type":"EntryPoint","urlTemplate":"https:\/\/www.albergominerva.it\/fr\/?s={search_term_string}"},"query-input":{"@type":"PropertyValueSpecification","valueRequired":true,"valueName":"search_term_string"}}],"inLanguage":"fr-FR"}]}},"_links":{"self":[{"href":"https:\/\/www.albergominerva.it\/fr\/wp-json\/wp\/v2\/pages\/2954","targetHints":{"allow":["GET"]}}],"collection":[{"href":"https:\/\/www.albergominerva.it\/fr\/wp-json\/wp\/v2\/pages"}],"about":[{"href":"https:\/\/www.albergominerva.it\/fr\/wp-json\/wp\/v2\/types\/page"}],"author":[{"embeddable":true,"href":"https:\/\/www.albergominerva.it\/fr\/wp-json\/wp\/v2\/users\/3"}],"replies":[{"embeddable":true,"href":"https:\/\/www.albergominerva.it\/fr\/wp-json\/wp\/v2\/comments?post=2954"}],"version-history":[{"count":3,"href":"https:\/\/www.albergominerva.it\/fr\/wp-json\/wp\/v2\/pages\/2954\/revisions"}],"predecessor-version":[{"id":2958,"href":"https:\/\/www.albergominerva.it\/fr\/wp-json\/wp\/v2\/pages\/2954\/revisions\/2958"}],"wp:attachment":[{"href":"https:\/\/www.albergominerva.it\/fr\/wp-json\/wp\/v2\/media?parent=2954"}],"curies":[{"name":"wp","href":"https:\/\/api.w.org\/{rel}","templated":true}]}}