{"id":2962,"date":"2019-03-17T20:24:08","date_gmt":"2019-03-17T20:24:08","guid":{"rendered":"https:\/\/albergominerva.it\/fr\/?page_id=2962"},"modified":"2019-07-01T16:33:07","modified_gmt":"2019-07-01T14:33:07","slug":"hotel-sienne-courte-distance-arret-flixbus-piazzale-carlo-rosselli-12","status":"publish","type":"page","link":"https:\/\/www.albergominerva.it\/fr\/hotel-sienne-courte-distance-arret-flixbus-piazzale-carlo-rosselli-12\/","title":{"rendered":"H\u00f4tel Sienne courte distance arr\u00eat FlixBus, Piazzale Carlo Rosselli 12"},"content":{"rendered":"<p><strong> Vous recherchez un h\u00f4tel \u00e0 Sienne \u00e0 proximit\u00e9 de l&rsquo;arr\u00eat Flixbus situ\u00e9 \u00e0 Piazzale Carlo Rosselli 12? <\/strong><\/p>\n<p><strong> Dans ce cas, nous vous sugg\u00e9rons de r\u00e9server l\u2019Hotel Minerva <\/strong>, un bel h\u00f4tel 3 \u00e9toiles situ\u00e9 dans le centre historique de Sienne et \u00e0 quelques pas de l\u2019arr\u00eat Flixbus, Piazzale Carlo Rosselli 12.<\/p>\n<p>Equip\u00e9 d\u2019un bar et d\u2019un parking payant, ferm\u00e9, avec entr\u00e9e directe \u00e0 l\u2019h\u00f4tel et avec 20 places disponibles, l\u2019h\u00f4tel Minerva comprend 56 chambres climatis\u00e9es, toutes diff\u00e9rentes, avec wifi et qui se divisent en plusieurs Economy, \u00e9l\u00e9gante-standard, junior-suite et junior-suite double.<\/p>\n<p>Les <a href=\"http:\/\/albergominerva.it\/camere-economiche-siena-centro\/\"> Easy Rooms <\/a> sont situ\u00e9es \u00e0 l&rsquo;int\u00e9rieur et ont une superficie de 16 m\u00b2.<\/p>\n<p><a href=\"http:\/\/albergominerva.it\/camere-elegant-siena-centro\/\"> Les chambres \u00e9l\u00e9gantes <\/a> offrent toutes une vue sur le centre historique de Sienne et ont une superficie de 19 m\u00b2.<\/p>\n<p>Les <a href=\"http:\/\/albergominerva.it\/junior-suite-siena-centro\/\"> suites junior <\/a> offrent toutes une vue sur les basiliques de San Francesco et de Provenzano et sont spacieuses \u00e0 partir de 22 m\u00b2.<\/p>\n<p><a href=\"http:\/\/albergominerva.it\/junior-suite-matrimon-siena-centro\/\"> Les Junior Suites Junior <\/a> offrent une vue sur le centre historique de Sienne. Elles sont spacieuses \u00e0 partir de 19 m\u00b2 et une petite terrasse sur demande.<\/p>\n<p>Vous pourrez donc choisir parmi de nombreux choix pour votre s\u00e9jour, que ce soit pour le plaisir ou pour le travail, beaucoup d&rsquo;entre eux offrant une vue panoramique sur Sienne.<\/p>\n<p><strong> L&rsquo;Hotel Minerva expose ensuite syst\u00e9matiquement, dans ses salles int\u00e9rieures, une v\u00e9ritable galerie d&rsquo;art contemporain <\/strong> pr\u00e9sentant des \u0153uvres de peintres siennois.<\/p>\n<p>Notre h\u00f4tel situ\u00e9 \u00e0 proximit\u00e9 de l\u2019arr\u00eat Flixbus, \u00e0 la gare de Piazzale Carlo Rosselli 12, est calme et id\u00e9al pour les parents avec enfants; nous avons \u00e9galement des lits disponibles, ainsi que des chauffe-biberons, des st\u00e9rilisateurs et une biblioth\u00e8que de jouets sur place.<\/p>\n<p><strong> Il Minerva est \u00e9galement proche de deux terrains de jeux et de l\u2019Orto de \u2019Pecci <\/strong>, un magnifique jardin avec des animaux de la ferme.<\/p>\n<p>L\u2019h\u00f4tel Minerva est \u00e9galement un lieu unique pour les r\u00e9unions d\u2019affaires car il est \u00e9quip\u00e9 d\u2019une connexion Wi-Fi et d\u2019une salle de conf\u00e9rence offrant une vue sur le centre historique de Sienne, pouvant accueillir jusqu\u2019\u00e0 40 personnes. Il est dot\u00e9 d\u2019une t\u00e9l\u00e9vision \u00e0 \u00e9cran LED, d\u2019un vid\u00e9o projecteur, r\u00e9troprojecteur et toutes les fonctionnalit\u00e9s les plus importantes.<\/p>\n<p>En ce qui concerne le petit-d\u00e9jeuner, l\u2019Hotel Minerva propose un petit-d\u00e9jeuner app\u00e9tissant italien, international et avec des confitures naturelles et s\u00e9lectionn\u00e9es.<\/p>\n<p>Vous trouverez l\u2019h\u00f4tel \u00e0 Sienne, Via Garibaldi, \u00e0 moins de 2 minutes en voiture de la gare et dans un <strong> quartier NON ZTL <\/strong>.<\/p>\n<p>Pour r\u00e9server cet h\u00f4tel \u00e0 Sienne, dans le quartier des arr\u00eats Flixbus, Piazzale Carlo Rosselli 12, cliquez sur R\u00e9server en haut \u00e0 droite ou appelez le 0577.284474 ou envoyez un courriel \u00e0 info@albergominerva.it.<\/p>\n<p>En appelant ce num\u00e9ro de t\u00e9l\u00e9phone ou en r\u00e9servant sur le site Web, vous pouvez \u00e9conomiser de l&rsquo;argent, car nous vous garantissons le meilleur prix garanti \u00e0 tout moment.<\/p>\n","protected":false},"excerpt":{"rendered":"<p>Vous recherchez un h\u00f4tel \u00e0 Sienne \u00e0 proximit\u00e9 de l&rsquo;arr\u00eat Flixbus situ\u00e9 \u00e0 Piazzale Carlo Rosselli 12? Dans ce cas,<\/p>\n","protected":false},"author":3,"featured_media":0,"parent":0,"menu_order":0,"comment_status":"closed","ping_status":"closed","template":"","meta":{"_acf_changed":false,"footnotes":""},"class_list":["post-2962","page","type-page","status-publish","hentry"],"acf":[],"yoast_head":"<!-- This site is optimized with the Yoast SEO plugin v27.4 - https:\/\/yoast.com\/product\/yoast-seo-wordpress\/ -->\n<title>H\u00f4tel Sienne courte distance arr\u00eat FlixBus, Piazzale Carlo Rosselli 12 - Hotel Minerva Siena<\/title>\n<meta name=\"robots\" content=\"index, follow, max-snippet:-1, max-image-preview:large, max-video-preview:-1\" \/>\n<link rel=\"canonical\" href=\"https:\/\/www.albergominerva.it\/fr\/hotel-sienne-courte-distance-arret-flixbus-piazzale-carlo-rosselli-12\/\" \/>\n<meta property=\"og:locale\" content=\"fr_FR\" \/>\n<meta property=\"og:type\" content=\"article\" \/>\n<meta property=\"og:title\" content=\"H\u00f4tel Sienne courte distance arr\u00eat FlixBus, Piazzale Carlo Rosselli 12 - Hotel Minerva Siena\" \/>\n<meta property=\"og:description\" content=\"Vous recherchez un h\u00f4tel \u00e0 Sienne \u00e0 proximit\u00e9 de l&rsquo;arr\u00eat Flixbus situ\u00e9 \u00e0 Piazzale Carlo Rosselli 12? Dans ce cas,\" \/>\n<meta property=\"og:url\" content=\"https:\/\/www.albergominerva.it\/fr\/hotel-sienne-courte-distance-arret-flixbus-piazzale-carlo-rosselli-12\/\" \/>\n<meta property=\"og:site_name\" content=\"Hotel Minerva Siena\" \/>\n<meta property=\"article:modified_time\" content=\"2019-07-01T14:33:07+00:00\" \/>\n<meta name=\"twitter:card\" content=\"summary_large_image\" \/>\n<meta name=\"twitter:label1\" content=\"Dur\u00e9e de lecture estim\u00e9e\" \/>\n\t<meta name=\"twitter:data1\" content=\"2 minutes\" \/>\n<script type=\"application\/ld+json\" class=\"yoast-schema-graph\">{\"@context\":\"https:\\\/\\\/schema.org\",\"@graph\":[{\"@type\":\"WebPage\",\"@id\":\"https:\\\/\\\/www.albergominerva.it\\\/fr\\\/hotel-sienne-courte-distance-arret-flixbus-piazzale-carlo-rosselli-12\\\/\",\"url\":\"https:\\\/\\\/www.albergominerva.it\\\/fr\\\/hotel-sienne-courte-distance-arret-flixbus-piazzale-carlo-rosselli-12\\\/\",\"name\":\"H\u00f4tel Sienne courte distance arr\u00eat FlixBus, Piazzale Carlo Rosselli 12 - Hotel Minerva Siena\",\"isPartOf\":{\"@id\":\"https:\\\/\\\/www.albergominerva.it\\\/fr\\\/#website\"},\"datePublished\":\"2019-03-17T20:24:08+00:00\",\"dateModified\":\"2019-07-01T14:33:07+00:00\",\"breadcrumb\":{\"@id\":\"https:\\\/\\\/www.albergominerva.it\\\/fr\\\/hotel-sienne-courte-distance-arret-flixbus-piazzale-carlo-rosselli-12\\\/#breadcrumb\"},\"inLanguage\":\"fr-FR\",\"potentialAction\":[{\"@type\":\"ReadAction\",\"target\":[\"https:\\\/\\\/www.albergominerva.it\\\/fr\\\/hotel-sienne-courte-distance-arret-flixbus-piazzale-carlo-rosselli-12\\\/\"]}]},{\"@type\":\"BreadcrumbList\",\"@id\":\"https:\\\/\\\/www.albergominerva.it\\\/fr\\\/hotel-sienne-courte-distance-arret-flixbus-piazzale-carlo-rosselli-12\\\/#breadcrumb\",\"itemListElement\":[{\"@type\":\"ListItem\",\"position\":1,\"name\":\"Home\",\"item\":\"https:\\\/\\\/www.albergominerva.it\\\/fr\\\/\"},{\"@type\":\"ListItem\",\"position\":2,\"name\":\"H\u00f4tel Sienne courte distance arr\u00eat FlixBus, Piazzale Carlo Rosselli 12\"}]},{\"@type\":\"WebSite\",\"@id\":\"https:\\\/\\\/www.albergominerva.it\\\/fr\\\/#website\",\"url\":\"https:\\\/\\\/www.albergominerva.it\\\/fr\\\/\",\"name\":\"Hotel Minerva Siena\",\"description\":\"Hotel in Centro Storico a Siena - Toscana - Italy\",\"potentialAction\":[{\"@type\":\"SearchAction\",\"target\":{\"@type\":\"EntryPoint\",\"urlTemplate\":\"https:\\\/\\\/www.albergominerva.it\\\/fr\\\/?s={search_term_string}\"},\"query-input\":{\"@type\":\"PropertyValueSpecification\",\"valueRequired\":true,\"valueName\":\"search_term_string\"}}],\"inLanguage\":\"fr-FR\"}]}<\/script>\n<!-- \/ Yoast SEO plugin. -->","yoast_head_json":{"title":"H\u00f4tel Sienne courte distance arr\u00eat FlixBus, Piazzale Carlo Rosselli 12 - Hotel Minerva Siena","robots":{"index":"index","follow":"follow","max-snippet":"max-snippet:-1","max-image-preview":"max-image-preview:large","max-video-preview":"max-video-preview:-1"},"canonical":"https:\/\/www.albergominerva.it\/fr\/hotel-sienne-courte-distance-arret-flixbus-piazzale-carlo-rosselli-12\/","og_locale":"fr_FR","og_type":"article","og_title":"H\u00f4tel Sienne courte distance arr\u00eat FlixBus, Piazzale Carlo Rosselli 12 - Hotel Minerva Siena","og_description":"Vous recherchez un h\u00f4tel \u00e0 Sienne \u00e0 proximit\u00e9 de l&rsquo;arr\u00eat Flixbus situ\u00e9 \u00e0 Piazzale Carlo Rosselli 12? Dans ce cas,","og_url":"https:\/\/www.albergominerva.it\/fr\/hotel-sienne-courte-distance-arret-flixbus-piazzale-carlo-rosselli-12\/","og_site_name":"Hotel Minerva Siena","article_modified_time":"2019-07-01T14:33:07+00:00","twitter_card":"summary_large_image","twitter_misc":{"Dur\u00e9e de lecture estim\u00e9e":"2 minutes"},"schema":{"@context":"https:\/\/schema.org","@graph":[{"@type":"WebPage","@id":"https:\/\/www.albergominerva.it\/fr\/hotel-sienne-courte-distance-arret-flixbus-piazzale-carlo-rosselli-12\/","url":"https:\/\/www.albergominerva.it\/fr\/hotel-sienne-courte-distance-arret-flixbus-piazzale-carlo-rosselli-12\/","name":"H\u00f4tel Sienne courte distance arr\u00eat FlixBus, Piazzale Carlo Rosselli 12 - Hotel Minerva Siena","isPartOf":{"@id":"https:\/\/www.albergominerva.it\/fr\/#website"},"datePublished":"2019-03-17T20:24:08+00:00","dateModified":"2019-07-01T14:33:07+00:00","breadcrumb":{"@id":"https:\/\/www.albergominerva.it\/fr\/hotel-sienne-courte-distance-arret-flixbus-piazzale-carlo-rosselli-12\/#breadcrumb"},"inLanguage":"fr-FR","potentialAction":[{"@type":"ReadAction","target":["https:\/\/www.albergominerva.it\/fr\/hotel-sienne-courte-distance-arret-flixbus-piazzale-carlo-rosselli-12\/"]}]},{"@type":"BreadcrumbList","@id":"https:\/\/www.albergominerva.it\/fr\/hotel-sienne-courte-distance-arret-flixbus-piazzale-carlo-rosselli-12\/#breadcrumb","itemListElement":[{"@type":"ListItem","position":1,"name":"Home","item":"https:\/\/www.albergominerva.it\/fr\/"},{"@type":"ListItem","position":2,"name":"H\u00f4tel Sienne courte distance arr\u00eat FlixBus, Piazzale Carlo Rosselli 12"}]},{"@type":"WebSite","@id":"https:\/\/www.albergominerva.it\/fr\/#website","url":"https:\/\/www.albergominerva.it\/fr\/","name":"Hotel Minerva Siena","description":"Hotel in Centro Storico a Siena - Toscana - Italy","potentialAction":[{"@type":"SearchAction","target":{"@type":"EntryPoint","urlTemplate":"https:\/\/www.albergominerva.it\/fr\/?s={search_term_string}"},"query-input":{"@type":"PropertyValueSpecification","valueRequired":true,"valueName":"search_term_string"}}],"inLanguage":"fr-FR"}]}},"_links":{"self":[{"href":"https:\/\/www.albergominerva.it\/fr\/wp-json\/wp\/v2\/pages\/2962","targetHints":{"allow":["GET"]}}],"collection":[{"href":"https:\/\/www.albergominerva.it\/fr\/wp-json\/wp\/v2\/pages"}],"about":[{"href":"https:\/\/www.albergominerva.it\/fr\/wp-json\/wp\/v2\/types\/page"}],"author":[{"embeddable":true,"href":"https:\/\/www.albergominerva.it\/fr\/wp-json\/wp\/v2\/users\/3"}],"replies":[{"embeddable":true,"href":"https:\/\/www.albergominerva.it\/fr\/wp-json\/wp\/v2\/comments?post=2962"}],"version-history":[{"count":3,"href":"https:\/\/www.albergominerva.it\/fr\/wp-json\/wp\/v2\/pages\/2962\/revisions"}],"predecessor-version":[{"id":3465,"href":"https:\/\/www.albergominerva.it\/fr\/wp-json\/wp\/v2\/pages\/2962\/revisions\/3465"}],"wp:attachment":[{"href":"https:\/\/www.albergominerva.it\/fr\/wp-json\/wp\/v2\/media?parent=2962"}],"curies":[{"name":"wp","href":"https:\/\/api.w.org\/{rel}","templated":true}]}}