{"id":2968,"date":"2019-03-17T20:32:01","date_gmt":"2019-03-17T20:32:01","guid":{"rendered":"https:\/\/albergominerva.it\/fr\/?page_id=2968"},"modified":"2019-07-01T15:10:28","modified_gmt":"2019-07-01T13:10:28","slug":"hotel-siena-a-courte-distance-de-la-piazza-san-francesco-ou-dormir","status":"publish","type":"page","link":"https:\/\/www.albergominerva.it\/fr\/hotel-siena-a-courte-distance-de-la-piazza-san-francesco-ou-dormir\/","title":{"rendered":"H\u00f4tel Siena \u00e0 courte distance de la Piazza San Francesco O\u00f9 dormir"},"content":{"rendered":"<h2 style=\"text-align: left;\">H\u00f4tel Sienne \u00e0 courte distance de la Piazza San Francesco O\u00f9 dormir<\/h2>\n<p>Souhaitez-vous r\u00e9server dans un h\u00f4tel \u00e0 Sienne pr\u00e8s de la Piazza San Francesco?<\/p>\n<p>Dans ce cas, nous vous recommandons de s\u00e9journer \u00e0 l&rsquo;h\u00f4tel Minerva , un splendide h\u00f4tel 3 \u00e9toiles situ\u00e9 dans le centre de Sienne et \u00e0 une courte distance de la Piazza San Francesco.<\/p>\n<p>Dot\u00e9 d\u2019un bar et d\u2019un parking payant, ferm\u00e9, avec entr\u00e9e directe \u00e0 l\u2019h\u00f4tel et avec 20 places disponibles, l\u2019h\u00f4tel Minerva comprend 56 chambres climatis\u00e9es, toutes diff\u00e9rentes, avec connexion sans fil et divis\u00e9es en plusieurs -\u00e9conomie, standard-\u00e9l\u00e9gant, junior-suite et junior-suite double.<\/p>\n<p><a href=\"http:\/\/albergominerva.it\/camere-economiche-siena-centro\/\"> Les Easy rooms <\/a> sont am\u00e9nag\u00e9es dans la partie int\u00e9rieure et ont une superficie \u00e0 partir de 16 m\u00b2.<\/p>\n<p><a href=\"http:\/\/albergominerva.it\/camere-elegant-siena-centro\/\"> Les chambres \u00e9l\u00e9gantes <\/a> offrent toutes une vue sur le centre historique de Sienne et ont une superficie de 19 m\u00b2.<\/p>\n<p>Les <a href=\"http:\/\/albergominerva.it\/junior-suite-siena-centro\/\"> suites junior <\/a> offrent toutes une vue sur les basiliques de San Francesco et de Provenzano et sont spacieuses \u00e0 partir de 22 m\u00b2. .<\/p>\n<p><a href=\"http:\/\/albergominerva.it\/junior-suite-matrimon-siena-centro\/\"> Les Junior Suites Junior <\/a> offrent une vue sur le centre historique de Sienne et sont spacieuses \u00e0 partir de 19 m\u00b2. une petite terrasse sur demande.<\/p>\n<p>Ainsi, vous pourrez choisir parmi de nombreuses solutions pour votre halte, que ce soit pour le plaisir ou pour le travail, beaucoup d&rsquo;entre elles offrant une vue panoramique de Sienne.<\/p>\n<p>L&rsquo;Hotel Minerva pr\u00e9sente ensuite, dans ses salles int\u00e9rieures, une v\u00e9ritable galerie d&rsquo;art contemporain pr\u00e9sentant des \u0153uvres de peintres siennois.<\/p>\n<p>Notre h\u00f4tel situ\u00e9 dans le quartier de la Piazza San Francesco est calme et convient parfaitement aux parents avec enfants. nous avons m\u00eame des berceaux, des chauffe-biberons, des st\u00e9rilisateurs et une ludoth\u00e8que.<\/p>\n<p>La Minerva est \u00e9galement proche de deux terrains de jeux et de l\u2019Orto de \u2019Pecci , un magnifique jardin avec des animaux de la ferme.<\/p>\n<p>L\u2019h\u00f4tel Minerva est \u00e9galement un lieu unique pour les r\u00e9unions de travail car il est \u00e9quip\u00e9 d\u2019une connexion sans fil et d\u2019une salle de conf\u00e9rence avec vue sur le centre historique de Sienne pouvant accueillir jusqu\u2019\u00e0 40 personnes. Elle est \u00e9quip\u00e9e d\u2019une t\u00e9l\u00e9vision \u00e0 LED, d\u2019un vid\u00e9oprojecteur, d\u2019un r\u00e9troprojecteur et tout le meilleur \u00e9quipement.<\/p>\n<p>Du point de vue du petit-d\u00e9jeuner, le Minerva Hotel propose un d\u00e9licieux petit-d\u00e9jeuner italien et international avec des confitures de qualit\u00e9.<\/p>\n<p>Vous trouverez l\u2019h\u00f4tel \u00e0 Sienne, Via Garibaldi, \u00e0 moins de 2 minutes en voiture de la gare et dans un quartier NON ZTL .<\/p>\n<p>Pour dormir dans cet h\u00f4tel de Sienne situ\u00e9 \u00e0 proximit\u00e9 de la place Saint Fran\u00e7ois, cliquez sur R\u00e9server en haut \u00e0 droite ou appelez le 0577.284474 ou envoyez un courrier \u00e9lectronique \u00e0 info@albergominerva.it.<\/p>\n<p>En contactant ce num\u00e9ro ou en r\u00e9servant sur le site Web, vous pouvez r\u00e9aliser une \u00e9conomie importante, car nous vous garantissons \u00e0 chaque fois le meilleur prix garanti.<\/p>\n","protected":false},"excerpt":{"rendered":"<p>H\u00f4tel Sienne \u00e0 courte distance de la Piazza San Francesco O\u00f9 dormir Souhaitez-vous r\u00e9server dans un h\u00f4tel \u00e0 Sienne pr\u00e8s<\/p>\n","protected":false},"author":3,"featured_media":0,"parent":0,"menu_order":0,"comment_status":"closed","ping_status":"closed","template":"","meta":{"_acf_changed":false,"footnotes":""},"class_list":["post-2968","page","type-page","status-publish","hentry"],"acf":[],"yoast_head":"<!-- This site is optimized with the Yoast SEO plugin v27.4 - https:\/\/yoast.com\/product\/yoast-seo-wordpress\/ -->\n<title>H\u00f4tel Siena \u00e0 courte distance de la Piazza San Francesco O\u00f9 dormir - Hotel Minerva Siena<\/title>\n<meta name=\"robots\" content=\"index, follow, max-snippet:-1, max-image-preview:large, max-video-preview:-1\" \/>\n<link rel=\"canonical\" href=\"https:\/\/www.albergominerva.it\/fr\/hotel-siena-a-courte-distance-de-la-piazza-san-francesco-ou-dormir\/\" \/>\n<meta property=\"og:locale\" content=\"fr_FR\" \/>\n<meta property=\"og:type\" content=\"article\" \/>\n<meta property=\"og:title\" content=\"H\u00f4tel Siena \u00e0 courte distance de la Piazza San Francesco O\u00f9 dormir - Hotel Minerva Siena\" \/>\n<meta property=\"og:description\" content=\"H\u00f4tel Sienne \u00e0 courte distance de la Piazza San Francesco O\u00f9 dormir Souhaitez-vous r\u00e9server dans un h\u00f4tel \u00e0 Sienne pr\u00e8s\" \/>\n<meta property=\"og:url\" content=\"https:\/\/www.albergominerva.it\/fr\/hotel-siena-a-courte-distance-de-la-piazza-san-francesco-ou-dormir\/\" \/>\n<meta property=\"og:site_name\" content=\"Hotel Minerva Siena\" \/>\n<meta property=\"article:modified_time\" content=\"2019-07-01T13:10:28+00:00\" \/>\n<meta name=\"twitter:card\" content=\"summary_large_image\" \/>\n<meta name=\"twitter:label1\" content=\"Dur\u00e9e de lecture estim\u00e9e\" \/>\n\t<meta name=\"twitter:data1\" content=\"2 minutes\" \/>\n<script type=\"application\/ld+json\" class=\"yoast-schema-graph\">{\"@context\":\"https:\\\/\\\/schema.org\",\"@graph\":[{\"@type\":\"WebPage\",\"@id\":\"https:\\\/\\\/www.albergominerva.it\\\/fr\\\/hotel-siena-a-courte-distance-de-la-piazza-san-francesco-ou-dormir\\\/\",\"url\":\"https:\\\/\\\/www.albergominerva.it\\\/fr\\\/hotel-siena-a-courte-distance-de-la-piazza-san-francesco-ou-dormir\\\/\",\"name\":\"H\u00f4tel Siena \u00e0 courte distance de la Piazza San Francesco O\u00f9 dormir - Hotel Minerva Siena\",\"isPartOf\":{\"@id\":\"https:\\\/\\\/www.albergominerva.it\\\/fr\\\/#website\"},\"datePublished\":\"2019-03-17T20:32:01+00:00\",\"dateModified\":\"2019-07-01T13:10:28+00:00\",\"breadcrumb\":{\"@id\":\"https:\\\/\\\/www.albergominerva.it\\\/fr\\\/hotel-siena-a-courte-distance-de-la-piazza-san-francesco-ou-dormir\\\/#breadcrumb\"},\"inLanguage\":\"fr-FR\",\"potentialAction\":[{\"@type\":\"ReadAction\",\"target\":[\"https:\\\/\\\/www.albergominerva.it\\\/fr\\\/hotel-siena-a-courte-distance-de-la-piazza-san-francesco-ou-dormir\\\/\"]}]},{\"@type\":\"BreadcrumbList\",\"@id\":\"https:\\\/\\\/www.albergominerva.it\\\/fr\\\/hotel-siena-a-courte-distance-de-la-piazza-san-francesco-ou-dormir\\\/#breadcrumb\",\"itemListElement\":[{\"@type\":\"ListItem\",\"position\":1,\"name\":\"Home\",\"item\":\"https:\\\/\\\/www.albergominerva.it\\\/fr\\\/\"},{\"@type\":\"ListItem\",\"position\":2,\"name\":\"H\u00f4tel Siena \u00e0 courte distance de la Piazza San Francesco O\u00f9 dormir\"}]},{\"@type\":\"WebSite\",\"@id\":\"https:\\\/\\\/www.albergominerva.it\\\/fr\\\/#website\",\"url\":\"https:\\\/\\\/www.albergominerva.it\\\/fr\\\/\",\"name\":\"Hotel Minerva Siena\",\"description\":\"Hotel in Centro Storico a Siena - Toscana - Italy\",\"potentialAction\":[{\"@type\":\"SearchAction\",\"target\":{\"@type\":\"EntryPoint\",\"urlTemplate\":\"https:\\\/\\\/www.albergominerva.it\\\/fr\\\/?s={search_term_string}\"},\"query-input\":{\"@type\":\"PropertyValueSpecification\",\"valueRequired\":true,\"valueName\":\"search_term_string\"}}],\"inLanguage\":\"fr-FR\"}]}<\/script>\n<!-- \/ Yoast SEO plugin. -->","yoast_head_json":{"title":"H\u00f4tel Siena \u00e0 courte distance de la Piazza San Francesco O\u00f9 dormir - Hotel Minerva Siena","robots":{"index":"index","follow":"follow","max-snippet":"max-snippet:-1","max-image-preview":"max-image-preview:large","max-video-preview":"max-video-preview:-1"},"canonical":"https:\/\/www.albergominerva.it\/fr\/hotel-siena-a-courte-distance-de-la-piazza-san-francesco-ou-dormir\/","og_locale":"fr_FR","og_type":"article","og_title":"H\u00f4tel Siena \u00e0 courte distance de la Piazza San Francesco O\u00f9 dormir - Hotel Minerva Siena","og_description":"H\u00f4tel Sienne \u00e0 courte distance de la Piazza San Francesco O\u00f9 dormir Souhaitez-vous r\u00e9server dans un h\u00f4tel \u00e0 Sienne pr\u00e8s","og_url":"https:\/\/www.albergominerva.it\/fr\/hotel-siena-a-courte-distance-de-la-piazza-san-francesco-ou-dormir\/","og_site_name":"Hotel Minerva Siena","article_modified_time":"2019-07-01T13:10:28+00:00","twitter_card":"summary_large_image","twitter_misc":{"Dur\u00e9e de lecture estim\u00e9e":"2 minutes"},"schema":{"@context":"https:\/\/schema.org","@graph":[{"@type":"WebPage","@id":"https:\/\/www.albergominerva.it\/fr\/hotel-siena-a-courte-distance-de-la-piazza-san-francesco-ou-dormir\/","url":"https:\/\/www.albergominerva.it\/fr\/hotel-siena-a-courte-distance-de-la-piazza-san-francesco-ou-dormir\/","name":"H\u00f4tel Siena \u00e0 courte distance de la Piazza San Francesco O\u00f9 dormir - Hotel Minerva Siena","isPartOf":{"@id":"https:\/\/www.albergominerva.it\/fr\/#website"},"datePublished":"2019-03-17T20:32:01+00:00","dateModified":"2019-07-01T13:10:28+00:00","breadcrumb":{"@id":"https:\/\/www.albergominerva.it\/fr\/hotel-siena-a-courte-distance-de-la-piazza-san-francesco-ou-dormir\/#breadcrumb"},"inLanguage":"fr-FR","potentialAction":[{"@type":"ReadAction","target":["https:\/\/www.albergominerva.it\/fr\/hotel-siena-a-courte-distance-de-la-piazza-san-francesco-ou-dormir\/"]}]},{"@type":"BreadcrumbList","@id":"https:\/\/www.albergominerva.it\/fr\/hotel-siena-a-courte-distance-de-la-piazza-san-francesco-ou-dormir\/#breadcrumb","itemListElement":[{"@type":"ListItem","position":1,"name":"Home","item":"https:\/\/www.albergominerva.it\/fr\/"},{"@type":"ListItem","position":2,"name":"H\u00f4tel Siena \u00e0 courte distance de la Piazza San Francesco O\u00f9 dormir"}]},{"@type":"WebSite","@id":"https:\/\/www.albergominerva.it\/fr\/#website","url":"https:\/\/www.albergominerva.it\/fr\/","name":"Hotel Minerva Siena","description":"Hotel in Centro Storico a Siena - Toscana - Italy","potentialAction":[{"@type":"SearchAction","target":{"@type":"EntryPoint","urlTemplate":"https:\/\/www.albergominerva.it\/fr\/?s={search_term_string}"},"query-input":{"@type":"PropertyValueSpecification","valueRequired":true,"valueName":"search_term_string"}}],"inLanguage":"fr-FR"}]}},"_links":{"self":[{"href":"https:\/\/www.albergominerva.it\/fr\/wp-json\/wp\/v2\/pages\/2968","targetHints":{"allow":["GET"]}}],"collection":[{"href":"https:\/\/www.albergominerva.it\/fr\/wp-json\/wp\/v2\/pages"}],"about":[{"href":"https:\/\/www.albergominerva.it\/fr\/wp-json\/wp\/v2\/types\/page"}],"author":[{"embeddable":true,"href":"https:\/\/www.albergominerva.it\/fr\/wp-json\/wp\/v2\/users\/3"}],"replies":[{"embeddable":true,"href":"https:\/\/www.albergominerva.it\/fr\/wp-json\/wp\/v2\/comments?post=2968"}],"version-history":[{"count":4,"href":"https:\/\/www.albergominerva.it\/fr\/wp-json\/wp\/v2\/pages\/2968\/revisions"}],"predecessor-version":[{"id":3430,"href":"https:\/\/www.albergominerva.it\/fr\/wp-json\/wp\/v2\/pages\/2968\/revisions\/3430"}],"wp:attachment":[{"href":"https:\/\/www.albergominerva.it\/fr\/wp-json\/wp\/v2\/media?parent=2968"}],"curies":[{"name":"wp","href":"https:\/\/api.w.org\/{rel}","templated":true}]}}