{"id":2971,"date":"2019-03-17T20:35:10","date_gmt":"2019-03-17T20:35:10","guid":{"rendered":"https:\/\/albergominerva.it\/fr\/?page_id=2971"},"modified":"2019-03-17T20:36:46","modified_gmt":"2019-03-17T20:36:46","slug":"hotel-sienne-a-courte-distance-de-strada-delle-scotte-ou-dormir","status":"publish","type":"page","link":"https:\/\/www.albergominerva.it\/fr\/hotel-sienne-a-courte-distance-de-strada-delle-scotte-ou-dormir\/","title":{"rendered":"H\u00f4tel Sienne \u00e0 courte distance de Strada delle Scotte O\u00f9 dormir"},"content":{"rendered":"<p><strong> Souhaitez-vous r\u00e9server un h\u00f4tel \u00e0 Sienne dans le quartier de Strada delle Scotte? <\/strong><\/p>\n<p><strong> Dans ce cas, nous vous proposons de passer votre s\u00e9jour \u00e0 l&rsquo;h\u00f4tel Minerva <\/strong>, un bel h\u00f4tel 3 \u00e9toiles situ\u00e9 dans le centre historique de Sienne et \u00e0 quelques pas de la Strada delle Scotte.<\/p>\n<p>Equip\u00e9 d&rsquo;un bar et d&rsquo;un parking payant, prot\u00e9g\u00e9, avec acc\u00e8s direct \u00e0 l&rsquo;h\u00f4tel et avec 20 places disponibles, l&rsquo;h\u00f4tel Minerva comprend dans ses chambres int\u00e9rieures 56 chambres climatis\u00e9es, toutes diff\u00e9rentes, avec connexion sans fil et divis\u00e9es en Economy, \u00e9l\u00e9gante-standard, junior-suite et junior-suite double.<\/p>\n<p>Les <a href=\"http:\/\/albergominerva.it\/camere-economiche-siena-centro\/\"> chambres simples <\/a> sont plac\u00e9es \u00e0 l&rsquo;int\u00e9rieur et sont spacieuses \u00e0 partir de 16 m\u00b2.<\/p>\n<p><a href=\"http:\/\/albergominerva.it\/camere-elegant-siena-centro\/\"> Les chambres \u00e9l\u00e9gantes <\/a> offrent toutes une vue sur le centre historique de Sienne et sont spacieuses \u00e0 partir de 19 m\u00b2.<\/p>\n<p>Les <a href=\"http:\/\/albergominerva.it\/junior-suite-siena-centro\/\"> suites junior <\/a> offrent toutes une vue sur les basiliques de San Francesco et de Provenzano et sont spacieuses \u00e0 partir de 22 m\u00b2. .<\/p>\n<p><a href=\"http:\/\/albergominerva.it\/junior-suite-matrimon-siena-centro\/\"> Les Junior Suites Junior <\/a> ont une vue sur le centre historique de Sienne, ont une superficie de 19 m\u00b2 et une petite terrasse sur demande.<\/p>\n<p>Vous pouvez ensuite choisir parmi de nombreux choix pour votre s\u00e9jour, que ce soit pour le plaisir ou pour le travail, dont beaucoup offrent une vue panoramique sur Sienne.<\/p>\n<p><strong> L&rsquo;Hotel Minerva pr\u00e9sente ensuite r\u00e9guli\u00e8rement, dans ses salles int\u00e9rieures, une v\u00e9ritable galerie d&rsquo;art contemporain <\/strong> pr\u00e9sentant des \u0153uvres d&rsquo;artistes de Sienne.<\/p>\n<p>Notre h\u00f4tel pr\u00e8s de Strada delle Scotte est calme et id\u00e9al pour les familles avec enfants. nous avons m\u00eame des lits disponibles, ainsi qu&rsquo;un chauffe-biberon, un st\u00e9rilisateur et une ludoth\u00e8que \u00e0 l&rsquo;int\u00e9rieur.<\/p>\n<p><strong> Il Minerva est \u00e9galement proche de deux terrains de jeux et de l\u2019Orto de \u2019Pecci <\/strong>, un magnifique jardin avec des animaux de la ferme.<\/p>\n<p>Le Minerva Hotel constitue \u00e9galement un cadre id\u00e9al pour les r\u00e9unions de travail car il est \u00e9quip\u00e9 d&rsquo;une connexion sans fil et d&rsquo;une salle de r\u00e9union donnant sur le centre historique de Sienne pouvant accueillir jusqu&rsquo;\u00e0 40 personnes. Il est dot\u00e9 d&rsquo;une t\u00e9l\u00e9vision \u00e0 \u00e9cran LED, d&rsquo;un vid\u00e9oprojecteur et d&rsquo;un r\u00e9troprojecteur. et toutes les fonctionnalit\u00e9s les plus importantes.<\/p>\n<p>Du point de vue du petit-d\u00e9jeuner, l\u2019Hotel Minerva propose un d\u00e9licieux petit-d\u00e9jeuner italien et international compos\u00e9 de confitures naturelles et s\u00e9lectionn\u00e9es.<\/p>\n<p>L\u2019h\u00f4tel est situ\u00e9 \u00e0 Sienne, dans la Via Garibaldi, \u00e0 72 minutes <strong> de la gare et \u00e0 <strong> une zone non-ZTL <\/strong> <\/p>\n<p>Pour s\u00e9journer dans cet h\u00f4tel de Sienne pr\u00e8s de Strada delle Scotte, cliquez sur R\u00e9server dans le coin sup\u00e9rieur droit ou appelez le 0577.284474 ou envoyez un courriel \u00e0 info@albergominerva.it.<\/p>\n<p>En contactant ce num\u00e9ro de t\u00e9l\u00e9phone ou en effectuant une r\u00e9servation sur le site Web, vous pourrez r\u00e9aliser des \u00e9conomies, car nous vous garantissons le meilleur prix garanti \u00e0 chaque fois<\/p>\n","protected":false},"excerpt":{"rendered":"<p>Souhaitez-vous r\u00e9server un h\u00f4tel \u00e0 Sienne dans le quartier de Strada delle Scotte? Dans ce cas, nous vous proposons de<\/p>\n","protected":false},"author":3,"featured_media":0,"parent":0,"menu_order":0,"comment_status":"closed","ping_status":"closed","template":"","meta":{"_acf_changed":false,"footnotes":""},"class_list":["post-2971","page","type-page","status-publish","hentry"],"acf":[],"yoast_head":"<!-- This site is optimized with the Yoast SEO plugin v26.4 - https:\/\/yoast.com\/wordpress\/plugins\/seo\/ -->\n<title>H\u00f4tel Sienne \u00e0 courte distance de Strada delle Scotte O\u00f9 dormir - Hotel Minerva Siena<\/title>\n<meta name=\"robots\" content=\"index, follow, max-snippet:-1, max-image-preview:large, max-video-preview:-1\" \/>\n<link rel=\"canonical\" href=\"https:\/\/www.albergominerva.it\/fr\/hotel-sienne-a-courte-distance-de-strada-delle-scotte-ou-dormir\/\" \/>\n<meta property=\"og:locale\" content=\"fr_FR\" \/>\n<meta property=\"og:type\" content=\"article\" \/>\n<meta property=\"og:title\" content=\"H\u00f4tel Sienne \u00e0 courte distance de Strada delle Scotte O\u00f9 dormir - Hotel Minerva Siena\" \/>\n<meta property=\"og:description\" content=\"Souhaitez-vous r\u00e9server un h\u00f4tel \u00e0 Sienne dans le quartier de Strada delle Scotte? Dans ce cas, nous vous proposons de\" \/>\n<meta property=\"og:url\" content=\"https:\/\/www.albergominerva.it\/fr\/hotel-sienne-a-courte-distance-de-strada-delle-scotte-ou-dormir\/\" \/>\n<meta property=\"og:site_name\" content=\"Hotel Minerva Siena\" \/>\n<meta property=\"article:modified_time\" content=\"2019-03-17T20:36:46+00:00\" \/>\n<meta name=\"twitter:card\" content=\"summary_large_image\" \/>\n<meta name=\"twitter:label1\" content=\"Dur\u00e9e de lecture estim\u00e9e\" \/>\n\t<meta name=\"twitter:data1\" content=\"2 minutes\" \/>\n<script type=\"application\/ld+json\" class=\"yoast-schema-graph\">{\"@context\":\"https:\/\/schema.org\",\"@graph\":[{\"@type\":\"WebPage\",\"@id\":\"https:\/\/www.albergominerva.it\/fr\/hotel-sienne-a-courte-distance-de-strada-delle-scotte-ou-dormir\/\",\"url\":\"https:\/\/www.albergominerva.it\/fr\/hotel-sienne-a-courte-distance-de-strada-delle-scotte-ou-dormir\/\",\"name\":\"H\u00f4tel Sienne \u00e0 courte distance de Strada delle Scotte O\u00f9 dormir - Hotel Minerva Siena\",\"isPartOf\":{\"@id\":\"https:\/\/www.albergominerva.it\/fr\/#website\"},\"datePublished\":\"2019-03-17T20:35:10+00:00\",\"dateModified\":\"2019-03-17T20:36:46+00:00\",\"breadcrumb\":{\"@id\":\"https:\/\/www.albergominerva.it\/fr\/hotel-sienne-a-courte-distance-de-strada-delle-scotte-ou-dormir\/#breadcrumb\"},\"inLanguage\":\"fr-FR\",\"potentialAction\":[{\"@type\":\"ReadAction\",\"target\":[\"https:\/\/www.albergominerva.it\/fr\/hotel-sienne-a-courte-distance-de-strada-delle-scotte-ou-dormir\/\"]}]},{\"@type\":\"BreadcrumbList\",\"@id\":\"https:\/\/www.albergominerva.it\/fr\/hotel-sienne-a-courte-distance-de-strada-delle-scotte-ou-dormir\/#breadcrumb\",\"itemListElement\":[{\"@type\":\"ListItem\",\"position\":1,\"name\":\"Home\",\"item\":\"https:\/\/www.albergominerva.it\/fr\/\"},{\"@type\":\"ListItem\",\"position\":2,\"name\":\"H\u00f4tel Sienne \u00e0 courte distance de Strada delle Scotte O\u00f9 dormir\"}]},{\"@type\":\"WebSite\",\"@id\":\"https:\/\/www.albergominerva.it\/fr\/#website\",\"url\":\"https:\/\/www.albergominerva.it\/fr\/\",\"name\":\"Hotel Minerva Siena\",\"description\":\"Hotel in Centro Storico a Siena - Toscana - Italy\",\"potentialAction\":[{\"@type\":\"SearchAction\",\"target\":{\"@type\":\"EntryPoint\",\"urlTemplate\":\"https:\/\/www.albergominerva.it\/fr\/?s={search_term_string}\"},\"query-input\":{\"@type\":\"PropertyValueSpecification\",\"valueRequired\":true,\"valueName\":\"search_term_string\"}}],\"inLanguage\":\"fr-FR\"}]}<\/script>\n<!-- \/ Yoast SEO plugin. -->","yoast_head_json":{"title":"H\u00f4tel Sienne \u00e0 courte distance de Strada delle Scotte O\u00f9 dormir - Hotel Minerva Siena","robots":{"index":"index","follow":"follow","max-snippet":"max-snippet:-1","max-image-preview":"max-image-preview:large","max-video-preview":"max-video-preview:-1"},"canonical":"https:\/\/www.albergominerva.it\/fr\/hotel-sienne-a-courte-distance-de-strada-delle-scotte-ou-dormir\/","og_locale":"fr_FR","og_type":"article","og_title":"H\u00f4tel Sienne \u00e0 courte distance de Strada delle Scotte O\u00f9 dormir - Hotel Minerva Siena","og_description":"Souhaitez-vous r\u00e9server un h\u00f4tel \u00e0 Sienne dans le quartier de Strada delle Scotte? Dans ce cas, nous vous proposons de","og_url":"https:\/\/www.albergominerva.it\/fr\/hotel-sienne-a-courte-distance-de-strada-delle-scotte-ou-dormir\/","og_site_name":"Hotel Minerva Siena","article_modified_time":"2019-03-17T20:36:46+00:00","twitter_card":"summary_large_image","twitter_misc":{"Dur\u00e9e de lecture estim\u00e9e":"2 minutes"},"schema":{"@context":"https:\/\/schema.org","@graph":[{"@type":"WebPage","@id":"https:\/\/www.albergominerva.it\/fr\/hotel-sienne-a-courte-distance-de-strada-delle-scotte-ou-dormir\/","url":"https:\/\/www.albergominerva.it\/fr\/hotel-sienne-a-courte-distance-de-strada-delle-scotte-ou-dormir\/","name":"H\u00f4tel Sienne \u00e0 courte distance de Strada delle Scotte O\u00f9 dormir - Hotel Minerva Siena","isPartOf":{"@id":"https:\/\/www.albergominerva.it\/fr\/#website"},"datePublished":"2019-03-17T20:35:10+00:00","dateModified":"2019-03-17T20:36:46+00:00","breadcrumb":{"@id":"https:\/\/www.albergominerva.it\/fr\/hotel-sienne-a-courte-distance-de-strada-delle-scotte-ou-dormir\/#breadcrumb"},"inLanguage":"fr-FR","potentialAction":[{"@type":"ReadAction","target":["https:\/\/www.albergominerva.it\/fr\/hotel-sienne-a-courte-distance-de-strada-delle-scotte-ou-dormir\/"]}]},{"@type":"BreadcrumbList","@id":"https:\/\/www.albergominerva.it\/fr\/hotel-sienne-a-courte-distance-de-strada-delle-scotte-ou-dormir\/#breadcrumb","itemListElement":[{"@type":"ListItem","position":1,"name":"Home","item":"https:\/\/www.albergominerva.it\/fr\/"},{"@type":"ListItem","position":2,"name":"H\u00f4tel Sienne \u00e0 courte distance de Strada delle Scotte O\u00f9 dormir"}]},{"@type":"WebSite","@id":"https:\/\/www.albergominerva.it\/fr\/#website","url":"https:\/\/www.albergominerva.it\/fr\/","name":"Hotel Minerva Siena","description":"Hotel in Centro Storico a Siena - Toscana - Italy","potentialAction":[{"@type":"SearchAction","target":{"@type":"EntryPoint","urlTemplate":"https:\/\/www.albergominerva.it\/fr\/?s={search_term_string}"},"query-input":{"@type":"PropertyValueSpecification","valueRequired":true,"valueName":"search_term_string"}}],"inLanguage":"fr-FR"}]}},"_links":{"self":[{"href":"https:\/\/www.albergominerva.it\/fr\/wp-json\/wp\/v2\/pages\/2971","targetHints":{"allow":["GET"]}}],"collection":[{"href":"https:\/\/www.albergominerva.it\/fr\/wp-json\/wp\/v2\/pages"}],"about":[{"href":"https:\/\/www.albergominerva.it\/fr\/wp-json\/wp\/v2\/types\/page"}],"author":[{"embeddable":true,"href":"https:\/\/www.albergominerva.it\/fr\/wp-json\/wp\/v2\/users\/3"}],"replies":[{"embeddable":true,"href":"https:\/\/www.albergominerva.it\/fr\/wp-json\/wp\/v2\/comments?post=2971"}],"version-history":[{"count":2,"href":"https:\/\/www.albergominerva.it\/fr\/wp-json\/wp\/v2\/pages\/2971\/revisions"}],"predecessor-version":[{"id":2974,"href":"https:\/\/www.albergominerva.it\/fr\/wp-json\/wp\/v2\/pages\/2971\/revisions\/2974"}],"wp:attachment":[{"href":"https:\/\/www.albergominerva.it\/fr\/wp-json\/wp\/v2\/media?parent=2971"}],"curies":[{"name":"wp","href":"https:\/\/api.w.org\/{rel}","templated":true}]}}