{"id":2975,"date":"2019-03-17T20:41:23","date_gmt":"2019-03-17T20:41:23","guid":{"rendered":"https:\/\/albergominerva.it\/fr\/?page_id=2975"},"modified":"2019-07-01T15:18:17","modified_gmt":"2019-07-01T13:18:17","slug":"hotel-sienne-a-courte-distance-de-via-della-sapienza-ou-dormir","status":"publish","type":"page","link":"https:\/\/www.albergominerva.it\/fr\/hotel-sienne-a-courte-distance-de-via-della-sapienza-ou-dormir\/","title":{"rendered":"H\u00f4tel Sienne \u00e0 courte distance de Via della Sapienza O\u00f9 dormir"},"content":{"rendered":"<h2 data-tadv-p=\"keep\">H\u00f4tel Sienne \u00e0 courte distance de Via della Sapienza<\/h2>\n<p><strong>Souhaitez-vous effectuer une r\u00e9servation dans un h\u00f4tel de Sienne pr\u00e8s de Via della Sapienza? <\/strong><\/p>\n<p><strong> Dans ce cas, nous vous sugg\u00e9rons de dormir \u00e0 l&rsquo;h\u00f4tel Minerva <\/strong>, un bel h\u00f4tel 3 \u00e9toiles situ\u00e9 dans le centre de Sienne et \u00e0 quelques pas de la Via della Sapienza.<\/p>\n<p>Equip\u00e9 d&rsquo;un bar et d&rsquo;un garage payant, couvert, avec acc\u00e8s direct \u00e0 l&rsquo;h\u00f4tel et avec 20 places disponibles, l&rsquo;H\u00f4tel Minerva comprend dans ses chambres int\u00e9rieures 56 chambres climatis\u00e9es, toutes diff\u00e9rentes, avec connexion sans fil et qui sont divis\u00e9es en easy-economy , standard-\u00e9l\u00e9gant, junior-suite et junior-suite double.<\/p>\n<p>Les <a href=\"http:\/\/albergominerva.it\/camere-economiche-siena-centro\/\"> simples chambres <\/a> sont plac\u00e9es dans la partie int\u00e9rieure et ont une superficie \u00e0 partir de 16 m\u00b2.<\/p>\n<p><a href=\"http:\/\/albergominerva.it\/camere-elegant-siena-centro\/\"> Les chambres \u00e9l\u00e9gantes <\/a> offrent toutes une vue sur le centre historique de Sienne et ont une superficie de 19 m\u00b2.<\/p>\n<p>Les <a href=\"http:\/\/albergominerva.it\/junior-suite-siena-centro\/\"> suites junior <\/a> ont toutes vue sur les basiliques de San Francesco et de Provenzano et ont une superficie de 22 m\u00b2.<\/p>\n<p><a href=\"http:\/\/albergominerva.it\/junior-suite-matrimon-siena-centro\/\"> Les Junior Suites Junior <\/a> offrent une vue sur le centre historique de Sienne et sont spacieuses \u00e0 partir de 19 m\u00b2. une petite terrasse sur demande.<\/p>\n<p>En cons\u00e9quence, vous pourrez choisir parmi de nombreux choix pour votre halte, que ce soit pour le plaisir ou pour le travail, la plupart offrant une vue panoramique de Sienne.<\/p>\n<p><strong> L&rsquo;Hotel Minerva expose ensuite syst\u00e9matiquement, dans ses salles int\u00e9rieures, une v\u00e9ritable galerie d&rsquo;art <\/strong> moderne pr\u00e9sentant des \u0153uvres de peintres siennois.<\/p>\n<p>Notre h\u00f4tel situ\u00e9 dans le quartier de Via della Sapienza est calme et convient parfaitement aux familles avec enfants. nous avons m\u00eame des berceaux, des chauffe-biberons, des st\u00e9rilisateurs et une ludoth\u00e8que.<\/p>\n<p><strong> La Minerva est \u00e9galement proche de deux terrains de jeux et de l\u2019Orto de \u2019Pecci <\/strong>, un magnifique jardin avec des animaux de la ferme.<\/p>\n<p>L&rsquo;h\u00f4tel Minerva constitue \u00e9galement un excellent emplacement pour les r\u00e9unions de travail, car il est \u00e9quip\u00e9 d&rsquo;une connexion Wi-Fi et d&rsquo;une salle de conf\u00e9rence donnant sur le centre historique de Sienne pouvant accueillir jusqu&rsquo;\u00e0 40 personnes. Il est \u00e9quip\u00e9 d&rsquo;une t\u00e9l\u00e9vision \u00e0 LED, d&rsquo;un vid\u00e9oprojecteur et d&rsquo;un tableau noir. la lumi\u00e8re et tous les \u00e9quipements les plus importants.<\/p>\n<p>En ce qui concerne le petit-d\u00e9jeuner, le Minerva Hotel propose un d\u00e9licieux petit-d\u00e9jeuner italien et international compos\u00e9 de confitures de qualit\u00e9.<\/p>\n<p>Vous trouverez l\u2019h\u00f4tel \u00e0 Sienne, Via Garibaldi, \u00e0 moins de 2 minutes en voiture de la gare et dans un <strong> quartier NON ZTL <\/strong>.<\/p>\n<p>Pour s\u00e9journer dans cet h\u00f4tel de Sienne situ\u00e9 \u00e0 proximit\u00e9 de la Via della Sapienza, cliquez sur R\u00e9server en haut \u00e0 droite ou appelez le 0577.284474 ou envoyez un courrier \u00e9lectronique \u00e0 info@albergominerva.it.<\/p>\n<p>En contactant ce num\u00e9ro de t\u00e9l\u00e9phone ou en r\u00e9servant sur le site Web, vous \u00e9conomiserez de l&rsquo;argent car nous vous garantissons \u00e0 chaque fois le meilleur prix garanti.<\/p>\n","protected":false},"excerpt":{"rendered":"<p>H\u00f4tel Sienne \u00e0 courte distance de Via della Sapienza Souhaitez-vous effectuer une r\u00e9servation dans un h\u00f4tel de Sienne pr\u00e8s de<\/p>\n","protected":false},"author":3,"featured_media":0,"parent":0,"menu_order":0,"comment_status":"closed","ping_status":"closed","template":"","meta":{"_acf_changed":false,"footnotes":""},"class_list":["post-2975","page","type-page","status-publish","hentry"],"acf":[],"yoast_head":"<!-- This site is optimized with the Yoast SEO plugin v26.4 - https:\/\/yoast.com\/wordpress\/plugins\/seo\/ -->\n<title>H\u00f4tel Sienne \u00e0 courte distance de Via della Sapienza O\u00f9 dormir - Hotel Minerva Siena<\/title>\n<meta name=\"robots\" content=\"index, follow, max-snippet:-1, max-image-preview:large, max-video-preview:-1\" \/>\n<link rel=\"canonical\" href=\"https:\/\/www.albergominerva.it\/fr\/hotel-sienne-a-courte-distance-de-via-della-sapienza-ou-dormir\/\" \/>\n<meta property=\"og:locale\" content=\"fr_FR\" \/>\n<meta property=\"og:type\" content=\"article\" \/>\n<meta property=\"og:title\" content=\"H\u00f4tel Sienne \u00e0 courte distance de Via della Sapienza O\u00f9 dormir - Hotel Minerva Siena\" \/>\n<meta property=\"og:description\" content=\"H\u00f4tel Sienne \u00e0 courte distance de Via della Sapienza Souhaitez-vous effectuer une r\u00e9servation dans un h\u00f4tel de Sienne pr\u00e8s de\" \/>\n<meta property=\"og:url\" content=\"https:\/\/www.albergominerva.it\/fr\/hotel-sienne-a-courte-distance-de-via-della-sapienza-ou-dormir\/\" \/>\n<meta property=\"og:site_name\" content=\"Hotel Minerva Siena\" \/>\n<meta property=\"article:modified_time\" content=\"2019-07-01T13:18:17+00:00\" \/>\n<meta name=\"twitter:card\" content=\"summary_large_image\" \/>\n<meta name=\"twitter:label1\" content=\"Dur\u00e9e de lecture estim\u00e9e\" \/>\n\t<meta name=\"twitter:data1\" content=\"2 minutes\" \/>\n<script type=\"application\/ld+json\" class=\"yoast-schema-graph\">{\"@context\":\"https:\/\/schema.org\",\"@graph\":[{\"@type\":\"WebPage\",\"@id\":\"https:\/\/www.albergominerva.it\/fr\/hotel-sienne-a-courte-distance-de-via-della-sapienza-ou-dormir\/\",\"url\":\"https:\/\/www.albergominerva.it\/fr\/hotel-sienne-a-courte-distance-de-via-della-sapienza-ou-dormir\/\",\"name\":\"H\u00f4tel Sienne \u00e0 courte distance de Via della Sapienza O\u00f9 dormir - Hotel Minerva Siena\",\"isPartOf\":{\"@id\":\"https:\/\/www.albergominerva.it\/fr\/#website\"},\"datePublished\":\"2019-03-17T20:41:23+00:00\",\"dateModified\":\"2019-07-01T13:18:17+00:00\",\"breadcrumb\":{\"@id\":\"https:\/\/www.albergominerva.it\/fr\/hotel-sienne-a-courte-distance-de-via-della-sapienza-ou-dormir\/#breadcrumb\"},\"inLanguage\":\"fr-FR\",\"potentialAction\":[{\"@type\":\"ReadAction\",\"target\":[\"https:\/\/www.albergominerva.it\/fr\/hotel-sienne-a-courte-distance-de-via-della-sapienza-ou-dormir\/\"]}]},{\"@type\":\"BreadcrumbList\",\"@id\":\"https:\/\/www.albergominerva.it\/fr\/hotel-sienne-a-courte-distance-de-via-della-sapienza-ou-dormir\/#breadcrumb\",\"itemListElement\":[{\"@type\":\"ListItem\",\"position\":1,\"name\":\"Home\",\"item\":\"https:\/\/www.albergominerva.it\/fr\/\"},{\"@type\":\"ListItem\",\"position\":2,\"name\":\"H\u00f4tel Sienne \u00e0 courte distance de Via della Sapienza O\u00f9 dormir\"}]},{\"@type\":\"WebSite\",\"@id\":\"https:\/\/www.albergominerva.it\/fr\/#website\",\"url\":\"https:\/\/www.albergominerva.it\/fr\/\",\"name\":\"Hotel Minerva Siena\",\"description\":\"Hotel in Centro Storico a Siena - Toscana - Italy\",\"potentialAction\":[{\"@type\":\"SearchAction\",\"target\":{\"@type\":\"EntryPoint\",\"urlTemplate\":\"https:\/\/www.albergominerva.it\/fr\/?s={search_term_string}\"},\"query-input\":{\"@type\":\"PropertyValueSpecification\",\"valueRequired\":true,\"valueName\":\"search_term_string\"}}],\"inLanguage\":\"fr-FR\"}]}<\/script>\n<!-- \/ Yoast SEO plugin. -->","yoast_head_json":{"title":"H\u00f4tel Sienne \u00e0 courte distance de Via della Sapienza O\u00f9 dormir - Hotel Minerva Siena","robots":{"index":"index","follow":"follow","max-snippet":"max-snippet:-1","max-image-preview":"max-image-preview:large","max-video-preview":"max-video-preview:-1"},"canonical":"https:\/\/www.albergominerva.it\/fr\/hotel-sienne-a-courte-distance-de-via-della-sapienza-ou-dormir\/","og_locale":"fr_FR","og_type":"article","og_title":"H\u00f4tel Sienne \u00e0 courte distance de Via della Sapienza O\u00f9 dormir - Hotel Minerva Siena","og_description":"H\u00f4tel Sienne \u00e0 courte distance de Via della Sapienza Souhaitez-vous effectuer une r\u00e9servation dans un h\u00f4tel de Sienne pr\u00e8s de","og_url":"https:\/\/www.albergominerva.it\/fr\/hotel-sienne-a-courte-distance-de-via-della-sapienza-ou-dormir\/","og_site_name":"Hotel Minerva Siena","article_modified_time":"2019-07-01T13:18:17+00:00","twitter_card":"summary_large_image","twitter_misc":{"Dur\u00e9e de lecture estim\u00e9e":"2 minutes"},"schema":{"@context":"https:\/\/schema.org","@graph":[{"@type":"WebPage","@id":"https:\/\/www.albergominerva.it\/fr\/hotel-sienne-a-courte-distance-de-via-della-sapienza-ou-dormir\/","url":"https:\/\/www.albergominerva.it\/fr\/hotel-sienne-a-courte-distance-de-via-della-sapienza-ou-dormir\/","name":"H\u00f4tel Sienne \u00e0 courte distance de Via della Sapienza O\u00f9 dormir - Hotel Minerva Siena","isPartOf":{"@id":"https:\/\/www.albergominerva.it\/fr\/#website"},"datePublished":"2019-03-17T20:41:23+00:00","dateModified":"2019-07-01T13:18:17+00:00","breadcrumb":{"@id":"https:\/\/www.albergominerva.it\/fr\/hotel-sienne-a-courte-distance-de-via-della-sapienza-ou-dormir\/#breadcrumb"},"inLanguage":"fr-FR","potentialAction":[{"@type":"ReadAction","target":["https:\/\/www.albergominerva.it\/fr\/hotel-sienne-a-courte-distance-de-via-della-sapienza-ou-dormir\/"]}]},{"@type":"BreadcrumbList","@id":"https:\/\/www.albergominerva.it\/fr\/hotel-sienne-a-courte-distance-de-via-della-sapienza-ou-dormir\/#breadcrumb","itemListElement":[{"@type":"ListItem","position":1,"name":"Home","item":"https:\/\/www.albergominerva.it\/fr\/"},{"@type":"ListItem","position":2,"name":"H\u00f4tel Sienne \u00e0 courte distance de Via della Sapienza O\u00f9 dormir"}]},{"@type":"WebSite","@id":"https:\/\/www.albergominerva.it\/fr\/#website","url":"https:\/\/www.albergominerva.it\/fr\/","name":"Hotel Minerva Siena","description":"Hotel in Centro Storico a Siena - Toscana - Italy","potentialAction":[{"@type":"SearchAction","target":{"@type":"EntryPoint","urlTemplate":"https:\/\/www.albergominerva.it\/fr\/?s={search_term_string}"},"query-input":{"@type":"PropertyValueSpecification","valueRequired":true,"valueName":"search_term_string"}}],"inLanguage":"fr-FR"}]}},"_links":{"self":[{"href":"https:\/\/www.albergominerva.it\/fr\/wp-json\/wp\/v2\/pages\/2975","targetHints":{"allow":["GET"]}}],"collection":[{"href":"https:\/\/www.albergominerva.it\/fr\/wp-json\/wp\/v2\/pages"}],"about":[{"href":"https:\/\/www.albergominerva.it\/fr\/wp-json\/wp\/v2\/types\/page"}],"author":[{"embeddable":true,"href":"https:\/\/www.albergominerva.it\/fr\/wp-json\/wp\/v2\/users\/3"}],"replies":[{"embeddable":true,"href":"https:\/\/www.albergominerva.it\/fr\/wp-json\/wp\/v2\/comments?post=2975"}],"version-history":[{"count":4,"href":"https:\/\/www.albergominerva.it\/fr\/wp-json\/wp\/v2\/pages\/2975\/revisions"}],"predecessor-version":[{"id":3438,"href":"https:\/\/www.albergominerva.it\/fr\/wp-json\/wp\/v2\/pages\/2975\/revisions\/3438"}],"wp:attachment":[{"href":"https:\/\/www.albergominerva.it\/fr\/wp-json\/wp\/v2\/media?parent=2975"}],"curies":[{"name":"wp","href":"https:\/\/api.w.org\/{rel}","templated":true}]}}