{"id":2977,"date":"2019-03-17T20:45:49","date_gmt":"2019-03-17T20:45:49","guid":{"rendered":"https:\/\/albergominerva.it\/fr\/?page_id=2977"},"modified":"2019-07-01T15:17:38","modified_gmt":"2019-07-01T13:17:38","slug":"hotel-sienne-a-courte-distance-de-via-mattioli-ou-dormir","status":"publish","type":"page","link":"https:\/\/www.albergominerva.it\/fr\/hotel-sienne-a-courte-distance-de-via-mattioli-ou-dormir\/","title":{"rendered":"H\u00f4tel Sienne \u00e0 courte distance de Via Mattioli O\u00f9 dormir"},"content":{"rendered":"<h2>H\u00f4tel Sienne \u00e0 courte distance de Via Mattioli O\u00f9 dormir<\/h2>\n<p><strong>Souhaitez-vous effectuer une r\u00e9servation dans un h\u00f4tel de Sienne, dans la r\u00e9gion de Via Mattioli? <\/strong><\/p>\n<p><strong> Dans ce cas, nous vous sugg\u00e9rons de s\u00e9journer \u00e0 l&rsquo;h\u00f4tel Minerva <\/strong>, un charmant h\u00f4tel 3 \u00e9toiles situ\u00e9 dans le centre historique de Sienne et \u00e0 quelques pas de la Via Mattioli.<\/p>\n<p>Equip\u00e9 d&rsquo;un bar couvert et d&rsquo;un garage, avec acc\u00e8s direct \u00e0 l&rsquo;h\u00f4tel et avec 20 places disponibles, l&rsquo;h\u00f4tel Minerva comprend 56 chambres climatis\u00e9es, toutes diff\u00e9rentes, avec wifi et qui se divisent en deux cat\u00e9gories: facile, \u00e9conomique et \u00e9l\u00e9gant. chambres standard, junior-suite et junior-suite double.<\/p>\n<p>Les <a href=\"http:\/\/albergominerva.it\/camere-economiche-siena-centro\/\"> Easy Rooms <\/a> sont situ\u00e9es dans la partie int\u00e9rieure et ont une superficie \u00e0 partir de 16 m\u00b2.<\/p>\n<p><a href=\"http:\/\/albergominerva.it\/camere-elegant-siena-centro\/\"> Les chambres \u00e9l\u00e9gantes <\/a> offrent toutes une vue sur le centre historique de Sienne et ont une superficie de 19 m\u00b2.<\/p>\n<p>Les <a href=\"http:\/\/albergominerva.it\/junior-suite-siena-centro\/\"> suites junior <\/a> offrent toutes une vue sur les basiliques de San Francesco et de Provenzano et sont spacieuses \u00e0 partir de 22 m\u00b2.<\/p>\n<p><a href=\"http:\/\/albergominerva.it\/junior-suite-matrimon-siena-centro\/\"> Les Junior Suites Junior <\/a> offrent une vue sur le centre historique de Sienne et sont spacieuses \u00e0 partir de 19 m\u00b2. une petite terrasse sur demande.<\/p>\n<p>Vous pourrez donc choisir parmi de nombreux choix pour votre escale, que ce soit pour le plaisir ou pour le travail, dont la plupart offrent une vue panoramique de Sienne.<\/p>\n<p><strong> L&rsquo;Hotel Minerva expose ensuite p\u00e9riodiquement une v\u00e9ritable galerie d&rsquo;art contemporain <\/strong> pr\u00e9sentant des \u0153uvres d&rsquo;artistes siennois.<\/p>\n<p>Notre h\u00f4tel pr\u00e8s de la Via Mattioli est calme et convient parfaitement aux familles avec enfants. nous avons m\u00eame des lits disponibles, ainsi qu&rsquo;un chauffe-biberon, un st\u00e9rilisateur et une ludoth\u00e8que \u00e0 l&rsquo;int\u00e9rieur.<\/p>\n<p><strong> Il Minerva est \u00e9galement proche de deux terrains de jeux et de l\u2019Orto de \u2019Pecci <\/strong>, un magnifique jardin avec des animaux de la ferme.<\/p>\n<p>L&rsquo;h\u00f4tel Minerva constitue \u00e9galement un cadre unique pour les r\u00e9unions de travail car il est \u00e9quip\u00e9 d&rsquo;une connexion Wi-Fi et d&rsquo;une salle de r\u00e9union donnant sur le centre historique de Sienne pouvant accueillir jusqu&rsquo;\u00e0 40 personnes. Il est \u00e9quip\u00e9 d&rsquo;une t\u00e9l\u00e9vision \u00e0 LED et d&rsquo;un vid\u00e9oprojecteur. r\u00e9troprojecteur et toutes les fonctionnalit\u00e9s principales.<\/p>\n<p>En ce qui concerne le petit-d\u00e9jeuner, l\u2019Hotel Minerva propose un d\u00e9licieux petit-d\u00e9jeuner italien et international compos\u00e9 de confitures authentiques et s\u00e9lectionn\u00e9es.<\/p>\n<p>Vous trouverez l\u2019h\u00f4tel \u00e0 Sienne, Via Garibaldi, \u00e0 72 <strong> un peu plus de 2 minutes en voiture de la gare et dans un <strong> quartier NON ZTL <\/strong>.<\/strong><\/p>\n<p>Pour passer votre s\u00e9jour dans cet h\u00f4tel de Sienne, dans la r\u00e9gion de Via Mattioli, cliquez sur R\u00e9server dans le coin sup\u00e9rieur droit ou appelez le 0577.284474 ou envoyez un courriel \u00e0 info@albergominerva.it.<\/p>\n<p>En appelant ce num\u00e9ro ou en r\u00e9servant sur le site, vous aurez la possibilit\u00e9 de r\u00e9aliser des \u00e9conomies consid\u00e9rables, car nous vous garantissons \u00e0 chaque fois le meilleur prix garanti.<\/p>\n","protected":false},"excerpt":{"rendered":"<p>H\u00f4tel Sienne \u00e0 courte distance de Via Mattioli O\u00f9 dormir Souhaitez-vous effectuer une r\u00e9servation dans un h\u00f4tel de Sienne, dans<\/p>\n","protected":false},"author":3,"featured_media":0,"parent":0,"menu_order":0,"comment_status":"closed","ping_status":"closed","template":"","meta":{"_acf_changed":false,"footnotes":""},"class_list":["post-2977","page","type-page","status-publish","hentry"],"acf":[],"yoast_head":"<!-- This site is optimized with the Yoast SEO plugin v26.4 - https:\/\/yoast.com\/wordpress\/plugins\/seo\/ -->\n<title>H\u00f4tel Sienne \u00e0 courte distance de Via Mattioli O\u00f9 dormir - Hotel Minerva Siena<\/title>\n<meta name=\"robots\" content=\"index, follow, max-snippet:-1, max-image-preview:large, max-video-preview:-1\" \/>\n<link rel=\"canonical\" href=\"https:\/\/www.albergominerva.it\/fr\/hotel-sienne-a-courte-distance-de-via-mattioli-ou-dormir\/\" \/>\n<meta property=\"og:locale\" content=\"fr_FR\" \/>\n<meta property=\"og:type\" content=\"article\" \/>\n<meta property=\"og:title\" content=\"H\u00f4tel Sienne \u00e0 courte distance de Via Mattioli O\u00f9 dormir - Hotel Minerva Siena\" \/>\n<meta property=\"og:description\" content=\"H\u00f4tel Sienne \u00e0 courte distance de Via Mattioli O\u00f9 dormir Souhaitez-vous effectuer une r\u00e9servation dans un h\u00f4tel de Sienne, dans\" \/>\n<meta property=\"og:url\" content=\"https:\/\/www.albergominerva.it\/fr\/hotel-sienne-a-courte-distance-de-via-mattioli-ou-dormir\/\" \/>\n<meta property=\"og:site_name\" content=\"Hotel Minerva Siena\" \/>\n<meta property=\"article:modified_time\" content=\"2019-07-01T13:17:38+00:00\" \/>\n<meta name=\"twitter:card\" content=\"summary_large_image\" \/>\n<meta name=\"twitter:label1\" content=\"Dur\u00e9e de lecture estim\u00e9e\" \/>\n\t<meta name=\"twitter:data1\" content=\"2 minutes\" \/>\n<script type=\"application\/ld+json\" class=\"yoast-schema-graph\">{\"@context\":\"https:\/\/schema.org\",\"@graph\":[{\"@type\":\"WebPage\",\"@id\":\"https:\/\/www.albergominerva.it\/fr\/hotel-sienne-a-courte-distance-de-via-mattioli-ou-dormir\/\",\"url\":\"https:\/\/www.albergominerva.it\/fr\/hotel-sienne-a-courte-distance-de-via-mattioli-ou-dormir\/\",\"name\":\"H\u00f4tel Sienne \u00e0 courte distance de Via Mattioli O\u00f9 dormir - Hotel Minerva Siena\",\"isPartOf\":{\"@id\":\"https:\/\/www.albergominerva.it\/fr\/#website\"},\"datePublished\":\"2019-03-17T20:45:49+00:00\",\"dateModified\":\"2019-07-01T13:17:38+00:00\",\"breadcrumb\":{\"@id\":\"https:\/\/www.albergominerva.it\/fr\/hotel-sienne-a-courte-distance-de-via-mattioli-ou-dormir\/#breadcrumb\"},\"inLanguage\":\"fr-FR\",\"potentialAction\":[{\"@type\":\"ReadAction\",\"target\":[\"https:\/\/www.albergominerva.it\/fr\/hotel-sienne-a-courte-distance-de-via-mattioli-ou-dormir\/\"]}]},{\"@type\":\"BreadcrumbList\",\"@id\":\"https:\/\/www.albergominerva.it\/fr\/hotel-sienne-a-courte-distance-de-via-mattioli-ou-dormir\/#breadcrumb\",\"itemListElement\":[{\"@type\":\"ListItem\",\"position\":1,\"name\":\"Home\",\"item\":\"https:\/\/www.albergominerva.it\/fr\/\"},{\"@type\":\"ListItem\",\"position\":2,\"name\":\"H\u00f4tel Sienne \u00e0 courte distance de Via Mattioli O\u00f9 dormir\"}]},{\"@type\":\"WebSite\",\"@id\":\"https:\/\/www.albergominerva.it\/fr\/#website\",\"url\":\"https:\/\/www.albergominerva.it\/fr\/\",\"name\":\"Hotel Minerva Siena\",\"description\":\"Hotel in Centro Storico a Siena - Toscana - Italy\",\"potentialAction\":[{\"@type\":\"SearchAction\",\"target\":{\"@type\":\"EntryPoint\",\"urlTemplate\":\"https:\/\/www.albergominerva.it\/fr\/?s={search_term_string}\"},\"query-input\":{\"@type\":\"PropertyValueSpecification\",\"valueRequired\":true,\"valueName\":\"search_term_string\"}}],\"inLanguage\":\"fr-FR\"}]}<\/script>\n<!-- \/ Yoast SEO plugin. -->","yoast_head_json":{"title":"H\u00f4tel Sienne \u00e0 courte distance de Via Mattioli O\u00f9 dormir - Hotel Minerva Siena","robots":{"index":"index","follow":"follow","max-snippet":"max-snippet:-1","max-image-preview":"max-image-preview:large","max-video-preview":"max-video-preview:-1"},"canonical":"https:\/\/www.albergominerva.it\/fr\/hotel-sienne-a-courte-distance-de-via-mattioli-ou-dormir\/","og_locale":"fr_FR","og_type":"article","og_title":"H\u00f4tel Sienne \u00e0 courte distance de Via Mattioli O\u00f9 dormir - Hotel Minerva Siena","og_description":"H\u00f4tel Sienne \u00e0 courte distance de Via Mattioli O\u00f9 dormir Souhaitez-vous effectuer une r\u00e9servation dans un h\u00f4tel de Sienne, dans","og_url":"https:\/\/www.albergominerva.it\/fr\/hotel-sienne-a-courte-distance-de-via-mattioli-ou-dormir\/","og_site_name":"Hotel Minerva Siena","article_modified_time":"2019-07-01T13:17:38+00:00","twitter_card":"summary_large_image","twitter_misc":{"Dur\u00e9e de lecture estim\u00e9e":"2 minutes"},"schema":{"@context":"https:\/\/schema.org","@graph":[{"@type":"WebPage","@id":"https:\/\/www.albergominerva.it\/fr\/hotel-sienne-a-courte-distance-de-via-mattioli-ou-dormir\/","url":"https:\/\/www.albergominerva.it\/fr\/hotel-sienne-a-courte-distance-de-via-mattioli-ou-dormir\/","name":"H\u00f4tel Sienne \u00e0 courte distance de Via Mattioli O\u00f9 dormir - Hotel Minerva Siena","isPartOf":{"@id":"https:\/\/www.albergominerva.it\/fr\/#website"},"datePublished":"2019-03-17T20:45:49+00:00","dateModified":"2019-07-01T13:17:38+00:00","breadcrumb":{"@id":"https:\/\/www.albergominerva.it\/fr\/hotel-sienne-a-courte-distance-de-via-mattioli-ou-dormir\/#breadcrumb"},"inLanguage":"fr-FR","potentialAction":[{"@type":"ReadAction","target":["https:\/\/www.albergominerva.it\/fr\/hotel-sienne-a-courte-distance-de-via-mattioli-ou-dormir\/"]}]},{"@type":"BreadcrumbList","@id":"https:\/\/www.albergominerva.it\/fr\/hotel-sienne-a-courte-distance-de-via-mattioli-ou-dormir\/#breadcrumb","itemListElement":[{"@type":"ListItem","position":1,"name":"Home","item":"https:\/\/www.albergominerva.it\/fr\/"},{"@type":"ListItem","position":2,"name":"H\u00f4tel Sienne \u00e0 courte distance de Via Mattioli O\u00f9 dormir"}]},{"@type":"WebSite","@id":"https:\/\/www.albergominerva.it\/fr\/#website","url":"https:\/\/www.albergominerva.it\/fr\/","name":"Hotel Minerva Siena","description":"Hotel in Centro Storico a Siena - Toscana - Italy","potentialAction":[{"@type":"SearchAction","target":{"@type":"EntryPoint","urlTemplate":"https:\/\/www.albergominerva.it\/fr\/?s={search_term_string}"},"query-input":{"@type":"PropertyValueSpecification","valueRequired":true,"valueName":"search_term_string"}}],"inLanguage":"fr-FR"}]}},"_links":{"self":[{"href":"https:\/\/www.albergominerva.it\/fr\/wp-json\/wp\/v2\/pages\/2977","targetHints":{"allow":["GET"]}}],"collection":[{"href":"https:\/\/www.albergominerva.it\/fr\/wp-json\/wp\/v2\/pages"}],"about":[{"href":"https:\/\/www.albergominerva.it\/fr\/wp-json\/wp\/v2\/types\/page"}],"author":[{"embeddable":true,"href":"https:\/\/www.albergominerva.it\/fr\/wp-json\/wp\/v2\/users\/3"}],"replies":[{"embeddable":true,"href":"https:\/\/www.albergominerva.it\/fr\/wp-json\/wp\/v2\/comments?post=2977"}],"version-history":[{"count":3,"href":"https:\/\/www.albergominerva.it\/fr\/wp-json\/wp\/v2\/pages\/2977\/revisions"}],"predecessor-version":[{"id":3437,"href":"https:\/\/www.albergominerva.it\/fr\/wp-json\/wp\/v2\/pages\/2977\/revisions\/3437"}],"wp:attachment":[{"href":"https:\/\/www.albergominerva.it\/fr\/wp-json\/wp\/v2\/media?parent=2977"}],"curies":[{"name":"wp","href":"https:\/\/api.w.org\/{rel}","templated":true}]}}