{"id":2979,"date":"2019-03-17T20:49:32","date_gmt":"2019-03-17T20:49:32","guid":{"rendered":"https:\/\/albergominerva.it\/fr\/?page_id=2979"},"modified":"2019-03-17T20:49:32","modified_gmt":"2019-03-17T20:49:32","slug":"hotel-sienne-a-courte-distance-du-baptistere-de-san-giovanni","status":"publish","type":"page","link":"https:\/\/www.albergominerva.it\/fr\/hotel-sienne-a-courte-distance-du-baptistere-de-san-giovanni\/","title":{"rendered":"H\u00f4tel Sienne \u00e0 courte distance du baptist\u00e8re de San Giovanni"},"content":{"rendered":"<p><strong> Vous recherchez un h\u00f4tel \u00e0 Sienne, \u00e0 proximit\u00e9 du baptist\u00e8re de San Giovanni? <\/strong><\/p>\n<p><strong> Ensuite, nous vous proposons de r\u00e9server l\u2019Hotel Minerva <\/strong>, un magnifique h\u00f4tel 3 \u00e9toiles situ\u00e9 dans le centre de Sienne et non loin du baptist\u00e8re de San Giovanni.<\/p>\n<p>Equip\u00e9 d&rsquo;un bar et d&rsquo;un parking payant, ferm\u00e9, avec entr\u00e9e directe \u00e0 l&rsquo;h\u00f4tel et avec 20 places disponibles, l&rsquo;h\u00f4tel Minerva comprend dans ses chambres int\u00e9rieures 56 chambres climatis\u00e9es, toutes diff\u00e9rentes, avec connexion sans fil et divis\u00e9es en Economy, \u00e9l\u00e9gante-standard, junior-suite et junior-suite double.<\/p>\n<p>Les <a href=\"http:\/\/albergominerva.it\/camere-economiche-siena-centro\/\"> chambres simples <\/a> sont situ\u00e9es \u00e0 l&rsquo;int\u00e9rieur et sont spacieuses \u00e0 partir de 16 m\u00b2.<\/p>\n<p><a href=\"http:\/\/albergominerva.it\/camere-elegant-siena-centro\/\"> Les chambres \u00e9l\u00e9gantes <\/a> offrent toutes une vue sur le centre historique de Sienne et ont une superficie de 19 m\u00b2.<\/p>\n<p>Les <a href=\"http:\/\/albergominerva.it\/junior-suite-siena-centro\/\"> suites junior <\/a> ont toutes vue sur les basiliques de San Francesco et de Provenzano et ont une superficie de 22 m\u00b2.<\/p>\n<p><a href=\"http:\/\/albergominerva.it\/junior-suite-matrimon-siena-centro\/\"> Les Junior Suites Junior <\/a> ont une vue sur le centre historique de Sienne, ont une superficie de 19 m\u00b2 et une petite terrasse sur demande.<\/p>\n<p>Vous pouvez alors choisir parmi de nombreuses alternatives pour votre escale pour le plaisir ou les affaires, dont beaucoup offrent une vue panoramique sur Sienne.<\/p>\n<p><strong> L&rsquo;Hotel Minerva expose ensuite p\u00e9riodiquement une v\u00e9ritable galerie d&rsquo;art <\/strong> moderne proposant des \u0153uvres de peintres de Sienne.<\/p>\n<p>Notre h\u00f4tel pr\u00e8s du baptist\u00e8re de San Giovanni est calme et convient parfaitement aux parents avec enfants. nous avons m\u00eame des berceaux, des chauffe-biberons, des st\u00e9rilisateurs et une ludoth\u00e8que.<\/p>\n<p><strong> La Minerva est \u00e9galement proche de deux terrains de jeux et de l\u2019Orto de \u2019Pecci <\/strong>, un magnifique jardin avec des animaux de la ferme.<\/p>\n<p>L&rsquo;h\u00f4tel Minerva est \u00e9galement un lieu id\u00e9al pour les r\u00e9unions de travail puisqu&rsquo;il est \u00e9quip\u00e9 d&rsquo;une connexion sans fil et d&rsquo;une salle de r\u00e9union donnant sur le centre-ville historique pouvant accueillir jusqu&rsquo;\u00e0 40 personnes. Elle est \u00e9quip\u00e9e d&rsquo;une t\u00e9l\u00e9vision \u00e0 \u00e9cran LED, d&rsquo;un vid\u00e9oprojecteur, le meilleur \u00e9quipement.<\/p>\n<p>Du point de vue du petit-d\u00e9jeuner, l\u2019h\u00f4tel Minerva propose un app\u00e9tissant petit-d\u00e9jeuner italien, international et avec des confitures naturelles et de qualit\u00e9.<\/p>\n<p>Vous trouverez l\u2019h\u00f4tel \u00e0 Sienne, Via Garibaldi, \u00e0 moins de 2 min en voiture de la gare et \u00e0 moins de 2 minutes en voiture de la gare et dans un <strong> quartier NON ZTL <\/strong>.<\/p>\n<p>Pour r\u00e9server cet h\u00f4tel \u00e0 Sienne \u00e0 une courte distance du baptist\u00e8re de San Giovanni, cliquez sur R\u00e9server en haut \u00e0 droite ou appelez le 0577.284474 ou envoyez un courriel \u00e0 info@albergominerva.it.<\/p>\n<p>En appelant ce num\u00e9ro de t\u00e9l\u00e9phone ou en r\u00e9servant sur le site Web, vous pourrez r\u00e9aliser des \u00e9conomies substantielles, car nous vous garantissons le meilleur prix garanti.<\/p>\n","protected":false},"excerpt":{"rendered":"<p>Vous recherchez un h\u00f4tel \u00e0 Sienne, \u00e0 proximit\u00e9 du baptist\u00e8re de San Giovanni? Ensuite, nous vous proposons de r\u00e9server l\u2019Hotel<\/p>\n","protected":false},"author":3,"featured_media":0,"parent":0,"menu_order":0,"comment_status":"closed","ping_status":"closed","template":"","meta":{"_acf_changed":false,"footnotes":""},"class_list":["post-2979","page","type-page","status-publish","hentry"],"acf":[],"yoast_head":"<!-- This site is optimized with the Yoast SEO plugin v27.4 - https:\/\/yoast.com\/product\/yoast-seo-wordpress\/ -->\n<title>H\u00f4tel Sienne \u00e0 courte distance du baptist\u00e8re de San Giovanni - Hotel Minerva Siena<\/title>\n<meta name=\"robots\" content=\"index, follow, max-snippet:-1, max-image-preview:large, max-video-preview:-1\" \/>\n<link rel=\"canonical\" href=\"https:\/\/www.albergominerva.it\/fr\/hotel-sienne-a-courte-distance-du-baptistere-de-san-giovanni\/\" \/>\n<meta property=\"og:locale\" content=\"fr_FR\" \/>\n<meta property=\"og:type\" content=\"article\" \/>\n<meta property=\"og:title\" content=\"H\u00f4tel Sienne \u00e0 courte distance du baptist\u00e8re de San Giovanni - Hotel Minerva Siena\" \/>\n<meta property=\"og:description\" content=\"Vous recherchez un h\u00f4tel \u00e0 Sienne, \u00e0 proximit\u00e9 du baptist\u00e8re de San Giovanni? Ensuite, nous vous proposons de r\u00e9server l\u2019Hotel\" \/>\n<meta property=\"og:url\" content=\"https:\/\/www.albergominerva.it\/fr\/hotel-sienne-a-courte-distance-du-baptistere-de-san-giovanni\/\" \/>\n<meta property=\"og:site_name\" content=\"Hotel Minerva Siena\" \/>\n<meta name=\"twitter:card\" content=\"summary_large_image\" \/>\n<meta name=\"twitter:label1\" content=\"Dur\u00e9e de lecture estim\u00e9e\" \/>\n\t<meta name=\"twitter:data1\" content=\"2 minutes\" \/>\n<script type=\"application\/ld+json\" class=\"yoast-schema-graph\">{\"@context\":\"https:\\\/\\\/schema.org\",\"@graph\":[{\"@type\":\"WebPage\",\"@id\":\"https:\\\/\\\/www.albergominerva.it\\\/fr\\\/hotel-sienne-a-courte-distance-du-baptistere-de-san-giovanni\\\/\",\"url\":\"https:\\\/\\\/www.albergominerva.it\\\/fr\\\/hotel-sienne-a-courte-distance-du-baptistere-de-san-giovanni\\\/\",\"name\":\"H\u00f4tel Sienne \u00e0 courte distance du baptist\u00e8re de San Giovanni - Hotel Minerva Siena\",\"isPartOf\":{\"@id\":\"https:\\\/\\\/www.albergominerva.it\\\/fr\\\/#website\"},\"datePublished\":\"2019-03-17T20:49:32+00:00\",\"breadcrumb\":{\"@id\":\"https:\\\/\\\/www.albergominerva.it\\\/fr\\\/hotel-sienne-a-courte-distance-du-baptistere-de-san-giovanni\\\/#breadcrumb\"},\"inLanguage\":\"fr-FR\",\"potentialAction\":[{\"@type\":\"ReadAction\",\"target\":[\"https:\\\/\\\/www.albergominerva.it\\\/fr\\\/hotel-sienne-a-courte-distance-du-baptistere-de-san-giovanni\\\/\"]}]},{\"@type\":\"BreadcrumbList\",\"@id\":\"https:\\\/\\\/www.albergominerva.it\\\/fr\\\/hotel-sienne-a-courte-distance-du-baptistere-de-san-giovanni\\\/#breadcrumb\",\"itemListElement\":[{\"@type\":\"ListItem\",\"position\":1,\"name\":\"Home\",\"item\":\"https:\\\/\\\/www.albergominerva.it\\\/fr\\\/\"},{\"@type\":\"ListItem\",\"position\":2,\"name\":\"H\u00f4tel Sienne \u00e0 courte distance du baptist\u00e8re de San Giovanni\"}]},{\"@type\":\"WebSite\",\"@id\":\"https:\\\/\\\/www.albergominerva.it\\\/fr\\\/#website\",\"url\":\"https:\\\/\\\/www.albergominerva.it\\\/fr\\\/\",\"name\":\"Hotel Minerva Siena\",\"description\":\"Hotel in Centro Storico a Siena - Toscana - Italy\",\"potentialAction\":[{\"@type\":\"SearchAction\",\"target\":{\"@type\":\"EntryPoint\",\"urlTemplate\":\"https:\\\/\\\/www.albergominerva.it\\\/fr\\\/?s={search_term_string}\"},\"query-input\":{\"@type\":\"PropertyValueSpecification\",\"valueRequired\":true,\"valueName\":\"search_term_string\"}}],\"inLanguage\":\"fr-FR\"}]}<\/script>\n<!-- \/ Yoast SEO plugin. -->","yoast_head_json":{"title":"H\u00f4tel Sienne \u00e0 courte distance du baptist\u00e8re de San Giovanni - Hotel Minerva Siena","robots":{"index":"index","follow":"follow","max-snippet":"max-snippet:-1","max-image-preview":"max-image-preview:large","max-video-preview":"max-video-preview:-1"},"canonical":"https:\/\/www.albergominerva.it\/fr\/hotel-sienne-a-courte-distance-du-baptistere-de-san-giovanni\/","og_locale":"fr_FR","og_type":"article","og_title":"H\u00f4tel Sienne \u00e0 courte distance du baptist\u00e8re de San Giovanni - Hotel Minerva Siena","og_description":"Vous recherchez un h\u00f4tel \u00e0 Sienne, \u00e0 proximit\u00e9 du baptist\u00e8re de San Giovanni? Ensuite, nous vous proposons de r\u00e9server l\u2019Hotel","og_url":"https:\/\/www.albergominerva.it\/fr\/hotel-sienne-a-courte-distance-du-baptistere-de-san-giovanni\/","og_site_name":"Hotel Minerva Siena","twitter_card":"summary_large_image","twitter_misc":{"Dur\u00e9e de lecture estim\u00e9e":"2 minutes"},"schema":{"@context":"https:\/\/schema.org","@graph":[{"@type":"WebPage","@id":"https:\/\/www.albergominerva.it\/fr\/hotel-sienne-a-courte-distance-du-baptistere-de-san-giovanni\/","url":"https:\/\/www.albergominerva.it\/fr\/hotel-sienne-a-courte-distance-du-baptistere-de-san-giovanni\/","name":"H\u00f4tel Sienne \u00e0 courte distance du baptist\u00e8re de San Giovanni - Hotel Minerva Siena","isPartOf":{"@id":"https:\/\/www.albergominerva.it\/fr\/#website"},"datePublished":"2019-03-17T20:49:32+00:00","breadcrumb":{"@id":"https:\/\/www.albergominerva.it\/fr\/hotel-sienne-a-courte-distance-du-baptistere-de-san-giovanni\/#breadcrumb"},"inLanguage":"fr-FR","potentialAction":[{"@type":"ReadAction","target":["https:\/\/www.albergominerva.it\/fr\/hotel-sienne-a-courte-distance-du-baptistere-de-san-giovanni\/"]}]},{"@type":"BreadcrumbList","@id":"https:\/\/www.albergominerva.it\/fr\/hotel-sienne-a-courte-distance-du-baptistere-de-san-giovanni\/#breadcrumb","itemListElement":[{"@type":"ListItem","position":1,"name":"Home","item":"https:\/\/www.albergominerva.it\/fr\/"},{"@type":"ListItem","position":2,"name":"H\u00f4tel Sienne \u00e0 courte distance du baptist\u00e8re de San Giovanni"}]},{"@type":"WebSite","@id":"https:\/\/www.albergominerva.it\/fr\/#website","url":"https:\/\/www.albergominerva.it\/fr\/","name":"Hotel Minerva Siena","description":"Hotel in Centro Storico a Siena - Toscana - Italy","potentialAction":[{"@type":"SearchAction","target":{"@type":"EntryPoint","urlTemplate":"https:\/\/www.albergominerva.it\/fr\/?s={search_term_string}"},"query-input":{"@type":"PropertyValueSpecification","valueRequired":true,"valueName":"search_term_string"}}],"inLanguage":"fr-FR"}]}},"_links":{"self":[{"href":"https:\/\/www.albergominerva.it\/fr\/wp-json\/wp\/v2\/pages\/2979","targetHints":{"allow":["GET"]}}],"collection":[{"href":"https:\/\/www.albergominerva.it\/fr\/wp-json\/wp\/v2\/pages"}],"about":[{"href":"https:\/\/www.albergominerva.it\/fr\/wp-json\/wp\/v2\/types\/page"}],"author":[{"embeddable":true,"href":"https:\/\/www.albergominerva.it\/fr\/wp-json\/wp\/v2\/users\/3"}],"replies":[{"embeddable":true,"href":"https:\/\/www.albergominerva.it\/fr\/wp-json\/wp\/v2\/comments?post=2979"}],"version-history":[{"count":1,"href":"https:\/\/www.albergominerva.it\/fr\/wp-json\/wp\/v2\/pages\/2979\/revisions"}],"predecessor-version":[{"id":2980,"href":"https:\/\/www.albergominerva.it\/fr\/wp-json\/wp\/v2\/pages\/2979\/revisions\/2980"}],"wp:attachment":[{"href":"https:\/\/www.albergominerva.it\/fr\/wp-json\/wp\/v2\/media?parent=2979"}],"curies":[{"name":"wp","href":"https:\/\/api.w.org\/{rel}","templated":true}]}}