{"id":2981,"date":"2019-03-17T20:53:59","date_gmt":"2019-03-17T20:53:59","guid":{"rendered":"https:\/\/albergominerva.it\/fr\/?page_id=2981"},"modified":"2019-07-02T09:36:32","modified_gmt":"2019-07-02T07:36:32","slug":"quelles-sont-les-principales-attractions-de-sienne-decouvrons-il-duomo","status":"publish","type":"page","link":"https:\/\/www.albergominerva.it\/fr\/quelles-sont-les-principales-attractions-de-sienne-decouvrons-il-duomo\/","title":{"rendered":"Quelles sont les principales attractions de Sienne? D\u00e9couvrons Il Duomo"},"content":{"rendered":"<h1>La cath\u00e9drale, la cath\u00e9drale de Sienne<\/h1>\n<p><strong> Le Duomo, la cath\u00e9drale Santa Maria Assunta, est sans aucun doute l\u2019un des principaux attraits de Sienne <\/strong> et l\u2019un des chefs-d\u2019\u0153uvre les plus c\u00e9l\u00e8bres de l\u2019architecture gothique au monde.<\/p>\n<p>Construit entre 1215 et 1263, il pr\u00e9sente une forme de croix latine avec un transept, un clocher et un d\u00f4me orn\u00e9 d\u2019une lanterne construite par Gian Lorenzo Bernini au XVIIe si\u00e8cle.<\/p>\n<p><strong> Tant \u00e0 l&rsquo;ext\u00e9rieur qu&rsquo;\u00e0 l&rsquo;int\u00e9rieur, vous pourrez admirer le marbre blanc et noir \/ vert <\/strong> car le blanc et le noir sont les couleurs symboliques de la ville qui sont ins\u00e9r\u00e9es dans la cath\u00e9drale en alternance de rayures auxquelles est ajout\u00e9 un marbre rouge. sur la fa\u00e7ade.<\/p>\n<p><strong> Le Duomo de Sienne a \u00e9t\u00e9 construit vers la fin des ann\u00e9es 1200, puis arr\u00eat\u00e9 et mis en service en 1338. <\/strong><\/p>\n<p>L\u2019objectif de cette seconde phase \u00e9tait de rendre la cath\u00e9drale de Sienne v\u00e9ritablement immense avec trois nouveaux \u00e9l\u00e9ments, \u00e0 savoir la construction d\u2019une nef centrale et de deux bas-c\u00f4t\u00e9s.<\/p>\n<p><strong> Ce projet ambitieux a \u00e9t\u00e9 interrompu en 1348 et l\u2019av\u00e8nement de la peste noire, mais il s\u2019est enrichi de travaux internes in\u00e9dits et \u00e9tonnants.<br \/>\n<!-- Strong--><br \/>\nLa fa\u00e7ade du Duomo est d&rsquo;une magie unique sans \u00e9gale avec une infinit\u00e9 de statues repr\u00e9sentant des philosophes, des projets et des ap\u00f4tres.<\/strong><\/p>\n<p><strong> Tous ont \u00e9t\u00e9 sculpt\u00e9s par Giovanni Pisano <\/strong> et par son atelier, auxquels ont \u00e9t\u00e9 ajout\u00e9es des statues de patriarches dans les niches entourant la rosace r\u00e9alis\u00e9es par d&rsquo;autres auteurs.<\/p>\n<p>Presque toutes les sculptures de la fa\u00e7ade sont des copies dont les originaux sont prot\u00e9g\u00e9s et conserv\u00e9s dans la c\u00e9l\u00e8bre Crypte des Statues du Mus\u00e9e de l&rsquo;Op\u00e9ra del Duomo.<\/p>\n<p><strong> Si l&rsquo;ext\u00e9rieur est unique et merveilleux, l&rsquo;int\u00e9rieur aura un effet extraordinaire sur vos souvenirs <\/strong> gr\u00e2ce \u00e0 l&rsquo;effet particulier des bandes de marbre noir et blanc sur les murs, les colonnes et le plafond vo\u00fbt\u00e9 avec \u00e9toiles d&rsquo;or sur fond bleu.<\/p>\n<p>La rosace du choeur date de 1288 et a \u00e9t\u00e9 construite selon les plans de Duccio di Boninsegna.<\/p>\n<p><strong> M\u00eame le ma\u00eetre-autel est magnifique, en marbre et r\u00e9alis\u00e9 par Baldassarre Peruzzi en 1532. <\/strong><\/p>\n<p>Vous trouverez ci-dessous la <strong> chaire de Nicola Pisano <\/strong>, construite entre 1265 et 1268, qui associe des styles gothique et classique, le tout en marbre de Carrare.<\/p>\n<p>La chaire repr\u00e9sente la doctrine du salut et du jugement dernier avec quatre colonnes soutenues par deux lions et deux lionnes et la colonne centrale reposant sur de petites statues c\u00e9l\u00e9brant la philosophie et les sept arts lib\u00e9raux.<\/p>\n<p><strong> Impressionnant est la mosa\u00efque de marbre <\/strong> qui embellit tout l\u2019\u00e9tage de la cath\u00e9drale auquel plus de quarante artistes ont contribu\u00e9, montrant des sc\u00e8nes de l\u2019Ancien Testament, des Sibylles, des All\u00e9gories et des Vertus.<\/p>\n<p><strong> \u00c0 couper le souffle sont les chefs-d&rsquo;\u0153uvre tels que le San Pietro r\u00e9alis\u00e9 par un tr\u00e8s jeune Michel-Ange et le banquet d&rsquo;H\u00e9rode de Donatello <\/strong>, tandis que la c\u00e9l\u00e8bre Maest\u00e0 de Duccio di Boninsegna et le vitrail de Cimabue sont conserv\u00e9s au Mus\u00e9e de l&rsquo;op\u00e9ra de Duomo.<\/p>\n<p>La cath\u00e9drale de Sienne, parmi ses merveilles, comprend \u00e9galement la c\u00e9l\u00e8bre <strong> librairie Piccolini <\/strong>, avec d&rsquo;\u00e9l\u00e9gantes fresques de Pinturicchio qui racontent la vie du cardinal Enea Silvio Piccolini.<\/p>\n<p>En plein centre se trouve la statue des trois gr\u00e2ces.<\/p>\n<p>Le Duomo est un labyrinthe de cr\u00e9ativit\u00e9 et de mysticisme religieux que tout visiteur de Sienne doit absolument voir.<\/p>\n<p><strong> Si vous n&rsquo;avez pas encore d\u00e9cid\u00e9 o\u00f9 vous loger, nous vous sugg\u00e9rons d&rsquo;essayer l&rsquo;h\u00f4tel Minerva, <\/strong>, notre h\u00f4tel situ\u00e9 \u00e0 Siena Centro, \u00e0 quelques minutes de marche des principales attractions de la ville, dont le Duomo.<\/p>\n<p><strong> L&rsquo;h\u00f4tel Minerva propose 56 chambres, la plupart offrant une vue panoramique sur le centre de Sienne et <\/strong>, uniques dans le Panorama Senese. Il propose \u00e0 ses clients un parking couvert couvert avec acc\u00e8s direct \u00e0 l&rsquo;h\u00f4tel et 20 places.<\/p>\n<p>R\u00e9servez le confort de l&rsquo;h\u00f4tel Minerva.<\/p>\n<p>Vous serez en plein centre, dans la zone non-ZTL, avec un bar et un petit-d\u00e9jeuner d\u00e9licieux et authentique.<\/p>\n","protected":false},"excerpt":{"rendered":"<p>La cath\u00e9drale, la cath\u00e9drale de Sienne Le Duomo, la cath\u00e9drale Santa Maria Assunta, est sans aucun doute l\u2019un des principaux<\/p>\n","protected":false},"author":3,"featured_media":0,"parent":0,"menu_order":0,"comment_status":"closed","ping_status":"closed","template":"","meta":{"_acf_changed":false,"footnotes":""},"class_list":["post-2981","page","type-page","status-publish","hentry"],"acf":[],"yoast_head":"<!-- This site is optimized with the Yoast SEO plugin v26.4 - https:\/\/yoast.com\/wordpress\/plugins\/seo\/ -->\n<title>Quelles sont les principales attractions de Sienne? D\u00e9couvrons Il Duomo - Hotel Minerva Siena<\/title>\n<meta name=\"robots\" content=\"index, follow, max-snippet:-1, max-image-preview:large, max-video-preview:-1\" \/>\n<link rel=\"canonical\" href=\"https:\/\/www.albergominerva.it\/fr\/quelles-sont-les-principales-attractions-de-sienne-decouvrons-il-duomo\/\" \/>\n<meta property=\"og:locale\" content=\"fr_FR\" \/>\n<meta property=\"og:type\" content=\"article\" \/>\n<meta property=\"og:title\" content=\"Quelles sont les principales attractions de Sienne? D\u00e9couvrons Il Duomo - Hotel Minerva Siena\" \/>\n<meta property=\"og:description\" content=\"La cath\u00e9drale, la cath\u00e9drale de Sienne Le Duomo, la cath\u00e9drale Santa Maria Assunta, est sans aucun doute l\u2019un des principaux\" \/>\n<meta property=\"og:url\" content=\"https:\/\/www.albergominerva.it\/fr\/quelles-sont-les-principales-attractions-de-sienne-decouvrons-il-duomo\/\" \/>\n<meta property=\"og:site_name\" content=\"Hotel Minerva Siena\" \/>\n<meta property=\"article:modified_time\" content=\"2019-07-02T07:36:32+00:00\" \/>\n<meta name=\"twitter:card\" content=\"summary_large_image\" \/>\n<meta name=\"twitter:label1\" content=\"Dur\u00e9e de lecture estim\u00e9e\" \/>\n\t<meta name=\"twitter:data1\" content=\"4 minutes\" \/>\n<script type=\"application\/ld+json\" class=\"yoast-schema-graph\">{\"@context\":\"https:\/\/schema.org\",\"@graph\":[{\"@type\":\"WebPage\",\"@id\":\"https:\/\/www.albergominerva.it\/fr\/quelles-sont-les-principales-attractions-de-sienne-decouvrons-il-duomo\/\",\"url\":\"https:\/\/www.albergominerva.it\/fr\/quelles-sont-les-principales-attractions-de-sienne-decouvrons-il-duomo\/\",\"name\":\"Quelles sont les principales attractions de Sienne? D\u00e9couvrons Il Duomo - Hotel Minerva Siena\",\"isPartOf\":{\"@id\":\"https:\/\/www.albergominerva.it\/fr\/#website\"},\"datePublished\":\"2019-03-17T20:53:59+00:00\",\"dateModified\":\"2019-07-02T07:36:32+00:00\",\"breadcrumb\":{\"@id\":\"https:\/\/www.albergominerva.it\/fr\/quelles-sont-les-principales-attractions-de-sienne-decouvrons-il-duomo\/#breadcrumb\"},\"inLanguage\":\"fr-FR\",\"potentialAction\":[{\"@type\":\"ReadAction\",\"target\":[\"https:\/\/www.albergominerva.it\/fr\/quelles-sont-les-principales-attractions-de-sienne-decouvrons-il-duomo\/\"]}]},{\"@type\":\"BreadcrumbList\",\"@id\":\"https:\/\/www.albergominerva.it\/fr\/quelles-sont-les-principales-attractions-de-sienne-decouvrons-il-duomo\/#breadcrumb\",\"itemListElement\":[{\"@type\":\"ListItem\",\"position\":1,\"name\":\"Home\",\"item\":\"https:\/\/www.albergominerva.it\/fr\/\"},{\"@type\":\"ListItem\",\"position\":2,\"name\":\"Quelles sont les principales attractions de Sienne? D\u00e9couvrons Il Duomo\"}]},{\"@type\":\"WebSite\",\"@id\":\"https:\/\/www.albergominerva.it\/fr\/#website\",\"url\":\"https:\/\/www.albergominerva.it\/fr\/\",\"name\":\"Hotel Minerva Siena\",\"description\":\"Hotel in Centro Storico a Siena - Toscana - Italy\",\"potentialAction\":[{\"@type\":\"SearchAction\",\"target\":{\"@type\":\"EntryPoint\",\"urlTemplate\":\"https:\/\/www.albergominerva.it\/fr\/?s={search_term_string}\"},\"query-input\":{\"@type\":\"PropertyValueSpecification\",\"valueRequired\":true,\"valueName\":\"search_term_string\"}}],\"inLanguage\":\"fr-FR\"}]}<\/script>\n<!-- \/ Yoast SEO plugin. -->","yoast_head_json":{"title":"Quelles sont les principales attractions de Sienne? D\u00e9couvrons Il Duomo - Hotel Minerva Siena","robots":{"index":"index","follow":"follow","max-snippet":"max-snippet:-1","max-image-preview":"max-image-preview:large","max-video-preview":"max-video-preview:-1"},"canonical":"https:\/\/www.albergominerva.it\/fr\/quelles-sont-les-principales-attractions-de-sienne-decouvrons-il-duomo\/","og_locale":"fr_FR","og_type":"article","og_title":"Quelles sont les principales attractions de Sienne? D\u00e9couvrons Il Duomo - Hotel Minerva Siena","og_description":"La cath\u00e9drale, la cath\u00e9drale de Sienne Le Duomo, la cath\u00e9drale Santa Maria Assunta, est sans aucun doute l\u2019un des principaux","og_url":"https:\/\/www.albergominerva.it\/fr\/quelles-sont-les-principales-attractions-de-sienne-decouvrons-il-duomo\/","og_site_name":"Hotel Minerva Siena","article_modified_time":"2019-07-02T07:36:32+00:00","twitter_card":"summary_large_image","twitter_misc":{"Dur\u00e9e de lecture estim\u00e9e":"4 minutes"},"schema":{"@context":"https:\/\/schema.org","@graph":[{"@type":"WebPage","@id":"https:\/\/www.albergominerva.it\/fr\/quelles-sont-les-principales-attractions-de-sienne-decouvrons-il-duomo\/","url":"https:\/\/www.albergominerva.it\/fr\/quelles-sont-les-principales-attractions-de-sienne-decouvrons-il-duomo\/","name":"Quelles sont les principales attractions de Sienne? D\u00e9couvrons Il Duomo - Hotel Minerva Siena","isPartOf":{"@id":"https:\/\/www.albergominerva.it\/fr\/#website"},"datePublished":"2019-03-17T20:53:59+00:00","dateModified":"2019-07-02T07:36:32+00:00","breadcrumb":{"@id":"https:\/\/www.albergominerva.it\/fr\/quelles-sont-les-principales-attractions-de-sienne-decouvrons-il-duomo\/#breadcrumb"},"inLanguage":"fr-FR","potentialAction":[{"@type":"ReadAction","target":["https:\/\/www.albergominerva.it\/fr\/quelles-sont-les-principales-attractions-de-sienne-decouvrons-il-duomo\/"]}]},{"@type":"BreadcrumbList","@id":"https:\/\/www.albergominerva.it\/fr\/quelles-sont-les-principales-attractions-de-sienne-decouvrons-il-duomo\/#breadcrumb","itemListElement":[{"@type":"ListItem","position":1,"name":"Home","item":"https:\/\/www.albergominerva.it\/fr\/"},{"@type":"ListItem","position":2,"name":"Quelles sont les principales attractions de Sienne? D\u00e9couvrons Il Duomo"}]},{"@type":"WebSite","@id":"https:\/\/www.albergominerva.it\/fr\/#website","url":"https:\/\/www.albergominerva.it\/fr\/","name":"Hotel Minerva Siena","description":"Hotel in Centro Storico a Siena - Toscana - Italy","potentialAction":[{"@type":"SearchAction","target":{"@type":"EntryPoint","urlTemplate":"https:\/\/www.albergominerva.it\/fr\/?s={search_term_string}"},"query-input":{"@type":"PropertyValueSpecification","valueRequired":true,"valueName":"search_term_string"}}],"inLanguage":"fr-FR"}]}},"_links":{"self":[{"href":"https:\/\/www.albergominerva.it\/fr\/wp-json\/wp\/v2\/pages\/2981","targetHints":{"allow":["GET"]}}],"collection":[{"href":"https:\/\/www.albergominerva.it\/fr\/wp-json\/wp\/v2\/pages"}],"about":[{"href":"https:\/\/www.albergominerva.it\/fr\/wp-json\/wp\/v2\/types\/page"}],"author":[{"embeddable":true,"href":"https:\/\/www.albergominerva.it\/fr\/wp-json\/wp\/v2\/users\/3"}],"replies":[{"embeddable":true,"href":"https:\/\/www.albergominerva.it\/fr\/wp-json\/wp\/v2\/comments?post=2981"}],"version-history":[{"count":2,"href":"https:\/\/www.albergominerva.it\/fr\/wp-json\/wp\/v2\/pages\/2981\/revisions"}],"predecessor-version":[{"id":3535,"href":"https:\/\/www.albergominerva.it\/fr\/wp-json\/wp\/v2\/pages\/2981\/revisions\/3535"}],"wp:attachment":[{"href":"https:\/\/www.albergominerva.it\/fr\/wp-json\/wp\/v2\/media?parent=2981"}],"curies":[{"name":"wp","href":"https:\/\/api.w.org\/{rel}","templated":true}]}}