{"id":2983,"date":"2019-03-17T21:02:29","date_gmt":"2019-03-17T21:02:29","guid":{"rendered":"https:\/\/albergominerva.it\/fr\/?page_id=2983"},"modified":"2019-07-02T09:39:43","modified_gmt":"2019-07-02T07:39:43","slug":"quels-sont-les-principaux-pubs-et-clubs-de-sienne","status":"publish","type":"page","link":"https:\/\/www.albergominerva.it\/fr\/quels-sont-les-principaux-pubs-et-clubs-de-sienne\/","title":{"rendered":"Quels sont les principaux pubs et clubs de Sienne"},"content":{"rendered":"<h1>Selon nous, quels sont les principaux caf\u00e9s de Sienne<\/h1>\n<p>\u00cates-vous pr\u00e8s de Sienne et souhaitez-vous vous divertir dans un lieu o\u00f9 passer une bonne soir\u00e9e entre amis?<\/p>\n<p>Voici pour vous une liste des meilleurs pubs et bars \u00e0 cocktails \u00e0 Sienne selon nous qui peuvent faire pour vous. Nous vous rappelons que ces exercices sont les plus populaires de la r\u00e9gion et ont \u00e9galement l\u2019avantage d\u2019\u00eatre tous facilement accessibles \u00e0 pied depuis l\u2019h\u00f4tel <strong> Hotel Minerva, notre h\u00f4tel situ\u00e9 \u00e0 Sienne au centre avec 20 places de parking couvertes et payantes <\/strong> .<\/p>\n<p><strong> Al Cambio <\/strong><br \/>\nVia Pantaneto, 48 &#8211; Sienne<\/p>\n<p>Si vous voulez un lieu moderne o\u00f9 vous pourrez boire un verre, Al Cambio est fait pour vous. La liste des boissons alcoolis\u00e9es et non alcoolis\u00e9es est pratiquement interminable et la direction organise souvent des concerts et des sets de DJ.<\/p>\n<p>La fr\u00e9quentation \u00e9tant tr\u00e8s jeune, Al Cambio est la moiti\u00e9 pr\u00e9f\u00e9r\u00e9e des \u00e9tudiants et des touristes de moins de trente ans.<\/p>\n<p>Id\u00e9al pour un ap\u00e9ritif, mais aussi pour un verre en fin de soir\u00e9e ou pour le verre \u00e0 \u00e9trier classique.<\/p>\n<p><strong> Bar Il Palio <\/strong><br \/>\nIl Campo, 47 ans &#8211; Sienne<\/p>\n<p>Le Palio est sans aucun doute le bar embl\u00e9matique de la ville, ne serait-ce que parce qu&rsquo;il vous permet de profiter de la vue imprenable sur la Piazza del Campo, confortablement assis \u00e0 une table en plein air.<\/p>\n<p>Le bar, en plus de servir du caf\u00e9, des ap\u00e9ritifs, des bi\u00e8res et des vins raffin\u00e9s, accueille \u00e9galement des expositions d&rsquo;art et des r\u00e9unions culturelles \u00e0 des dates convenues. Excellentes boissons, emplacement dans le centre historique de Sienne et service impeccable: que voulez-vous de plus?<\/p>\n<p><strong> Le Tre Rane <\/strong><br \/>\nVia Stalloreggi, 22 &#8211; Sienne<\/p>\n<p>Si vous recherchez un restaurant de bar \u00e0 vin, nous vous recommandons d\u2019aller \u00e0 la Tre Rane. Cet endroit est ouvert pour le d\u00e9jeuner et le d\u00eener et, m\u00eame s&rsquo;il n&rsquo;est pas tr\u00e8s grand, il est confortable et bien entretenu.<\/p>\n<p>Les gens s&rsquo;arr\u00eatent g\u00e9n\u00e9ralement pour un ap\u00e9ritif avec des amuse-gueules et du prosecco, ou d\u00e9cident de savourer l&rsquo;un des nombreux vins toscans de la cave.<\/p>\n<p>En plus des entr\u00e9es, vous trouverez \u00e9galement des plats cr\u00e9atifs \u00e0 savourer avec un bon long verre pr\u00e9par\u00e9 avec soin par le barman. Ne manquez pas les fantastiques soir\u00e9es de musique live et de sets de DJ th\u00e9matiques, souvent accompagn\u00e9es de menus particuli\u00e8rement intrigants.<\/p>\n<p><strong> La Diana <\/strong><br \/>\nVia della Stufasecca 1 &#8211; Sienne<\/p>\n<p>Vous \u00eates amateur de bi\u00e8re et vous ne r\u00eavez que d&rsquo;une belle pinte \u00e0 savourer? Puis dirigez-vous vers la locale La Diana, l&rsquo;une des plus importantes brasseries de Sienne, c\u00e9l\u00e8bre pour son style int\u00e9rieur vivant, mais surtout pour son vaste choix de bi\u00e8res artisanales.<\/p>\n<p>Parmi toutes les bi\u00e8res disponibles, nous recommandons la Didone blanche, la saison Barbariccia ou la Indian Pale Ale.<\/p>\n<p>N&rsquo;oubliez pas que La Diana organise r\u00e9guli\u00e8rement des concerts et des concerts. Le plaisir est garanti! Certainement une proposition parfaite pour votre soir\u00e9e \u00e0 Sienne.<\/p>\n<p><strong> Blandis Caf\u00e8 Bar \u00e0 vin <\/strong><br \/>\nVia Esterna di Fontebranda 50\/52 &#8211; Sienne<\/p>\n<p>Enfin, nous mentionnons un v\u00e9ritable point de r\u00e9f\u00e9rence pour ceux qui aiment passer une soir\u00e9e siennoise en paix tout en sirotant un bon verre. Nous parlons du Blandis Caf\u00e8, un bar \u00e0 vin et caf\u00e9 proposant de d\u00e9licieux ap\u00e9ritifs accompagn\u00e9s de cocktails raffin\u00e9s et savoureux.<\/p>\n<p>Le restaurant est ouvert jusqu&rsquo;\u00e0 20h00 et pr\u00e9sente un style minimal mais accueillant et attrayant.<\/p>\n<p>Les \u00e9v\u00e9nements organis\u00e9s au Blandis Caf\u00e8 ont \u00e9galement une valeur consid\u00e9rable, notamment des soir\u00e9es itin\u00e9rantes et des concerts avec de la bonne musique pour tous les oreilles.<\/p>\n<p>Il ne vous reste plus qu\u2019\u00e0 trinquer avec votre cocktail pr\u00e9f\u00e9r\u00e9 dans cet endroit branch\u00e9 qui ne vous d\u00e9cevra pas.<\/p>\n<p>Si vous recherchez un h\u00f4tel dans le centre de Sienne, choisissez l\u2019H\u00f4tel Minerva, notre h\u00f4tel \u00e0 Sienne avec parking et de nombreuses chambres offrant une vue panoramique sur la ville de Palio.<\/p>\n<p>Naviguez sur le site, choisissez la chambre qui vous convient et si vous r\u00e9servez directement en ligne, vous aurez toujours le meilleur prix.<\/p>\n","protected":false},"excerpt":{"rendered":"<p>Selon nous, quels sont les principaux caf\u00e9s de Sienne \u00cates-vous pr\u00e8s de Sienne et souhaitez-vous vous divertir dans un lieu<\/p>\n","protected":false},"author":3,"featured_media":0,"parent":0,"menu_order":0,"comment_status":"closed","ping_status":"closed","template":"","meta":{"_acf_changed":false,"footnotes":""},"class_list":["post-2983","page","type-page","status-publish","hentry"],"acf":[],"yoast_head":"<!-- This site is optimized with the Yoast SEO plugin v26.4 - https:\/\/yoast.com\/wordpress\/plugins\/seo\/ -->\n<title>Quels sont les principaux pubs et clubs de Sienne - Hotel Minerva Siena<\/title>\n<meta name=\"robots\" content=\"index, follow, max-snippet:-1, max-image-preview:large, max-video-preview:-1\" \/>\n<link rel=\"canonical\" href=\"https:\/\/www.albergominerva.it\/fr\/quels-sont-les-principaux-pubs-et-clubs-de-sienne\/\" \/>\n<meta property=\"og:locale\" content=\"fr_FR\" \/>\n<meta property=\"og:type\" content=\"article\" \/>\n<meta property=\"og:title\" content=\"Quels sont les principaux pubs et clubs de Sienne - Hotel Minerva Siena\" \/>\n<meta property=\"og:description\" content=\"Selon nous, quels sont les principaux caf\u00e9s de Sienne \u00cates-vous pr\u00e8s de Sienne et souhaitez-vous vous divertir dans un lieu\" \/>\n<meta property=\"og:url\" content=\"https:\/\/www.albergominerva.it\/fr\/quels-sont-les-principaux-pubs-et-clubs-de-sienne\/\" \/>\n<meta property=\"og:site_name\" content=\"Hotel Minerva Siena\" \/>\n<meta property=\"article:modified_time\" content=\"2019-07-02T07:39:43+00:00\" \/>\n<meta name=\"twitter:card\" content=\"summary_large_image\" \/>\n<meta name=\"twitter:label1\" content=\"Dur\u00e9e de lecture estim\u00e9e\" \/>\n\t<meta name=\"twitter:data1\" content=\"4 minutes\" \/>\n<script type=\"application\/ld+json\" class=\"yoast-schema-graph\">{\"@context\":\"https:\/\/schema.org\",\"@graph\":[{\"@type\":\"WebPage\",\"@id\":\"https:\/\/www.albergominerva.it\/fr\/quels-sont-les-principaux-pubs-et-clubs-de-sienne\/\",\"url\":\"https:\/\/www.albergominerva.it\/fr\/quels-sont-les-principaux-pubs-et-clubs-de-sienne\/\",\"name\":\"Quels sont les principaux pubs et clubs de Sienne - Hotel Minerva Siena\",\"isPartOf\":{\"@id\":\"https:\/\/www.albergominerva.it\/fr\/#website\"},\"datePublished\":\"2019-03-17T21:02:29+00:00\",\"dateModified\":\"2019-07-02T07:39:43+00:00\",\"breadcrumb\":{\"@id\":\"https:\/\/www.albergominerva.it\/fr\/quels-sont-les-principaux-pubs-et-clubs-de-sienne\/#breadcrumb\"},\"inLanguage\":\"fr-FR\",\"potentialAction\":[{\"@type\":\"ReadAction\",\"target\":[\"https:\/\/www.albergominerva.it\/fr\/quels-sont-les-principaux-pubs-et-clubs-de-sienne\/\"]}]},{\"@type\":\"BreadcrumbList\",\"@id\":\"https:\/\/www.albergominerva.it\/fr\/quels-sont-les-principaux-pubs-et-clubs-de-sienne\/#breadcrumb\",\"itemListElement\":[{\"@type\":\"ListItem\",\"position\":1,\"name\":\"Home\",\"item\":\"https:\/\/www.albergominerva.it\/fr\/\"},{\"@type\":\"ListItem\",\"position\":2,\"name\":\"Quels sont les principaux pubs et clubs de Sienne\"}]},{\"@type\":\"WebSite\",\"@id\":\"https:\/\/www.albergominerva.it\/fr\/#website\",\"url\":\"https:\/\/www.albergominerva.it\/fr\/\",\"name\":\"Hotel Minerva Siena\",\"description\":\"Hotel in Centro Storico a Siena - Toscana - Italy\",\"potentialAction\":[{\"@type\":\"SearchAction\",\"target\":{\"@type\":\"EntryPoint\",\"urlTemplate\":\"https:\/\/www.albergominerva.it\/fr\/?s={search_term_string}\"},\"query-input\":{\"@type\":\"PropertyValueSpecification\",\"valueRequired\":true,\"valueName\":\"search_term_string\"}}],\"inLanguage\":\"fr-FR\"}]}<\/script>\n<!-- \/ Yoast SEO plugin. -->","yoast_head_json":{"title":"Quels sont les principaux pubs et clubs de Sienne - Hotel Minerva Siena","robots":{"index":"index","follow":"follow","max-snippet":"max-snippet:-1","max-image-preview":"max-image-preview:large","max-video-preview":"max-video-preview:-1"},"canonical":"https:\/\/www.albergominerva.it\/fr\/quels-sont-les-principaux-pubs-et-clubs-de-sienne\/","og_locale":"fr_FR","og_type":"article","og_title":"Quels sont les principaux pubs et clubs de Sienne - Hotel Minerva Siena","og_description":"Selon nous, quels sont les principaux caf\u00e9s de Sienne \u00cates-vous pr\u00e8s de Sienne et souhaitez-vous vous divertir dans un lieu","og_url":"https:\/\/www.albergominerva.it\/fr\/quels-sont-les-principaux-pubs-et-clubs-de-sienne\/","og_site_name":"Hotel Minerva Siena","article_modified_time":"2019-07-02T07:39:43+00:00","twitter_card":"summary_large_image","twitter_misc":{"Dur\u00e9e de lecture estim\u00e9e":"4 minutes"},"schema":{"@context":"https:\/\/schema.org","@graph":[{"@type":"WebPage","@id":"https:\/\/www.albergominerva.it\/fr\/quels-sont-les-principaux-pubs-et-clubs-de-sienne\/","url":"https:\/\/www.albergominerva.it\/fr\/quels-sont-les-principaux-pubs-et-clubs-de-sienne\/","name":"Quels sont les principaux pubs et clubs de Sienne - Hotel Minerva Siena","isPartOf":{"@id":"https:\/\/www.albergominerva.it\/fr\/#website"},"datePublished":"2019-03-17T21:02:29+00:00","dateModified":"2019-07-02T07:39:43+00:00","breadcrumb":{"@id":"https:\/\/www.albergominerva.it\/fr\/quels-sont-les-principaux-pubs-et-clubs-de-sienne\/#breadcrumb"},"inLanguage":"fr-FR","potentialAction":[{"@type":"ReadAction","target":["https:\/\/www.albergominerva.it\/fr\/quels-sont-les-principaux-pubs-et-clubs-de-sienne\/"]}]},{"@type":"BreadcrumbList","@id":"https:\/\/www.albergominerva.it\/fr\/quels-sont-les-principaux-pubs-et-clubs-de-sienne\/#breadcrumb","itemListElement":[{"@type":"ListItem","position":1,"name":"Home","item":"https:\/\/www.albergominerva.it\/fr\/"},{"@type":"ListItem","position":2,"name":"Quels sont les principaux pubs et clubs de Sienne"}]},{"@type":"WebSite","@id":"https:\/\/www.albergominerva.it\/fr\/#website","url":"https:\/\/www.albergominerva.it\/fr\/","name":"Hotel Minerva Siena","description":"Hotel in Centro Storico a Siena - Toscana - Italy","potentialAction":[{"@type":"SearchAction","target":{"@type":"EntryPoint","urlTemplate":"https:\/\/www.albergominerva.it\/fr\/?s={search_term_string}"},"query-input":{"@type":"PropertyValueSpecification","valueRequired":true,"valueName":"search_term_string"}}],"inLanguage":"fr-FR"}]}},"_links":{"self":[{"href":"https:\/\/www.albergominerva.it\/fr\/wp-json\/wp\/v2\/pages\/2983","targetHints":{"allow":["GET"]}}],"collection":[{"href":"https:\/\/www.albergominerva.it\/fr\/wp-json\/wp\/v2\/pages"}],"about":[{"href":"https:\/\/www.albergominerva.it\/fr\/wp-json\/wp\/v2\/types\/page"}],"author":[{"embeddable":true,"href":"https:\/\/www.albergominerva.it\/fr\/wp-json\/wp\/v2\/users\/3"}],"replies":[{"embeddable":true,"href":"https:\/\/www.albergominerva.it\/fr\/wp-json\/wp\/v2\/comments?post=2983"}],"version-history":[{"count":3,"href":"https:\/\/www.albergominerva.it\/fr\/wp-json\/wp\/v2\/pages\/2983\/revisions"}],"predecessor-version":[{"id":3539,"href":"https:\/\/www.albergominerva.it\/fr\/wp-json\/wp\/v2\/pages\/2983\/revisions\/3539"}],"wp:attachment":[{"href":"https:\/\/www.albergominerva.it\/fr\/wp-json\/wp\/v2\/media?parent=2983"}],"curies":[{"name":"wp","href":"https:\/\/api.w.org\/{rel}","templated":true}]}}