{"id":2990,"date":"2019-03-17T21:14:31","date_gmt":"2019-03-17T21:14:31","guid":{"rendered":"https:\/\/albergominerva.it\/fr\/?page_id=2990"},"modified":"2019-03-17T21:14:31","modified_gmt":"2019-03-17T21:14:31","slug":"quelles-attractions-a-voir-a-sienne-la-merveilleuse-basilique-de-san-francesco","status":"publish","type":"page","link":"https:\/\/www.albergominerva.it\/fr\/quelles-attractions-a-voir-a-sienne-la-merveilleuse-basilique-de-san-francesco\/","title":{"rendered":"Quelles attractions \u00e0 voir \u00e0 Sienne? La merveilleuse basilique de San Francesco"},"content":{"rendered":"<h1> La merveilleuse basilique de San Francesco <\/h1>\n<p><strong> Parmi les lieux sacr\u00e9s \u00e0 admirer \u00e0 Sienne dans toute leur splendeur mystique et architecturale, il y a certainement la basilique Saint-Fran\u00e7ois <\/strong>, un collectionneur d&rsquo;\u0153uvres d&rsquo;art uniques en leur genre, une collection passionnante voit son apog\u00e9e dans la <strong> nation de la Vierge Incoro, \u00e0 laquelle ont particip\u00e9 deux artistes: le Sassetto et Sano di Pietro <\/strong>.<\/p>\n<p>\u00c0 cela s\u2019ajoutent d\u2019autres merveilles telles que deux fresques d\u2019Ambrogio Lorenzetti, la Crucifixion de Pietro Lorenzetti et La Nativit\u00e9 du Christ de Sodome.<\/p>\n<p><strong> L\u2019\u00c9glise de San Francesco h\u00e9berge \u00e9galement les fameuses \u00ab\u00a0particules sacr\u00e9es\u00a0\u00bb, 351 h\u00f4tes consacr\u00e9s <\/strong> qui ont \u00e9t\u00e9 vol\u00e9s dans le tabernacle le 14 ao\u00fbt 1730 puis sont r\u00e9apparus apr\u00e8s trois jours dans une bo\u00eete d&rsquo;aum\u00f4ne du sanctuaire de Santa Maria \u00e0 Provenzano.<\/p>\n<p><strong> Ces h\u00f4tes ont la particularit\u00e9 de rester intacts et frais pendant des si\u00e8cles et tout est certifi\u00e9 par des examens p\u00e9riodiques de leur \u00e9tat.<br \/>\n<\/strong><br \/>\n\u00c0 l&rsquo;int\u00e9rieur de la basilique se trouvent \u00e9galement l&rsquo;Oratoire de San Bernardino, deux grands clo\u00eetres et une magnifique crypte utilis\u00e9e comme biblioth\u00e8que universitaire.<\/p>\n<p>La basilique de San Francesco \u00e0 Sienne est l&rsquo;\u00e9glise du miracle, de spiritualit\u00e9 et de joie. Sur le c\u00f4t\u00e9, vous trouverez un petit terrain de jeu pour les enfants o\u00f9 vous pourrez vous d\u00e9tendre en famille \u00e0 l&rsquo;ombre de grands et magnifiques arbres.<\/p>\n<p>Si vous recherchez un h\u00f4tel familial pr\u00e8s de la basilique San Francesco, nous vous recommandons de r\u00e9server l\u2019Hotel Minerva, notre h\u00f4tel du centre de Sienne avec parking, un h\u00f4tel trois \u00e9toiles avec bar, un petit d\u00e9jeuner copieux et d\u00e9licieux et surtout une vue panoramique sur Sienne. la plupart des chambres.<\/p>\n<p>D\u00e9couvrez notre h\u00f4tel en naviguant sur le site et r\u00e9servez le confort d&rsquo;un h\u00f4tel situ\u00e9 dans le centre de Sienne avec un parking couvert couvert et payant, ainsi qu&rsquo;un acc\u00e8s direct au hall de l&rsquo;h\u00f4tel.<\/p>\n","protected":false},"excerpt":{"rendered":"<p>La merveilleuse basilique de San Francesco Parmi les lieux sacr\u00e9s \u00e0 admirer \u00e0 Sienne dans toute leur splendeur mystique et<\/p>\n","protected":false},"author":3,"featured_media":0,"parent":0,"menu_order":0,"comment_status":"closed","ping_status":"closed","template":"","meta":{"_acf_changed":false,"footnotes":""},"class_list":["post-2990","page","type-page","status-publish","hentry"],"acf":[],"yoast_head":"<!-- This site is optimized with the Yoast SEO plugin v26.4 - https:\/\/yoast.com\/wordpress\/plugins\/seo\/ -->\n<title>Quelles attractions \u00e0 voir \u00e0 Sienne? La merveilleuse basilique de San Francesco - Hotel Minerva Siena<\/title>\n<meta name=\"robots\" content=\"index, follow, max-snippet:-1, max-image-preview:large, max-video-preview:-1\" \/>\n<link rel=\"canonical\" href=\"https:\/\/www.albergominerva.it\/fr\/quelles-attractions-a-voir-a-sienne-la-merveilleuse-basilique-de-san-francesco\/\" \/>\n<meta property=\"og:locale\" content=\"fr_FR\" \/>\n<meta property=\"og:type\" content=\"article\" \/>\n<meta property=\"og:title\" content=\"Quelles attractions \u00e0 voir \u00e0 Sienne? La merveilleuse basilique de San Francesco - Hotel Minerva Siena\" \/>\n<meta property=\"og:description\" content=\"La merveilleuse basilique de San Francesco Parmi les lieux sacr\u00e9s \u00e0 admirer \u00e0 Sienne dans toute leur splendeur mystique et\" \/>\n<meta property=\"og:url\" content=\"https:\/\/www.albergominerva.it\/fr\/quelles-attractions-a-voir-a-sienne-la-merveilleuse-basilique-de-san-francesco\/\" \/>\n<meta property=\"og:site_name\" content=\"Hotel Minerva Siena\" \/>\n<meta name=\"twitter:card\" content=\"summary_large_image\" \/>\n<meta name=\"twitter:label1\" content=\"Dur\u00e9e de lecture estim\u00e9e\" \/>\n\t<meta name=\"twitter:data1\" content=\"2 minutes\" \/>\n<script type=\"application\/ld+json\" class=\"yoast-schema-graph\">{\"@context\":\"https:\/\/schema.org\",\"@graph\":[{\"@type\":\"WebPage\",\"@id\":\"https:\/\/www.albergominerva.it\/fr\/quelles-attractions-a-voir-a-sienne-la-merveilleuse-basilique-de-san-francesco\/\",\"url\":\"https:\/\/www.albergominerva.it\/fr\/quelles-attractions-a-voir-a-sienne-la-merveilleuse-basilique-de-san-francesco\/\",\"name\":\"Quelles attractions \u00e0 voir \u00e0 Sienne? La merveilleuse basilique de San Francesco - Hotel Minerva Siena\",\"isPartOf\":{\"@id\":\"https:\/\/www.albergominerva.it\/fr\/#website\"},\"datePublished\":\"2019-03-17T21:14:31+00:00\",\"breadcrumb\":{\"@id\":\"https:\/\/www.albergominerva.it\/fr\/quelles-attractions-a-voir-a-sienne-la-merveilleuse-basilique-de-san-francesco\/#breadcrumb\"},\"inLanguage\":\"fr-FR\",\"potentialAction\":[{\"@type\":\"ReadAction\",\"target\":[\"https:\/\/www.albergominerva.it\/fr\/quelles-attractions-a-voir-a-sienne-la-merveilleuse-basilique-de-san-francesco\/\"]}]},{\"@type\":\"BreadcrumbList\",\"@id\":\"https:\/\/www.albergominerva.it\/fr\/quelles-attractions-a-voir-a-sienne-la-merveilleuse-basilique-de-san-francesco\/#breadcrumb\",\"itemListElement\":[{\"@type\":\"ListItem\",\"position\":1,\"name\":\"Home\",\"item\":\"https:\/\/www.albergominerva.it\/fr\/\"},{\"@type\":\"ListItem\",\"position\":2,\"name\":\"Quelles attractions \u00e0 voir \u00e0 Sienne? La merveilleuse basilique de San Francesco\"}]},{\"@type\":\"WebSite\",\"@id\":\"https:\/\/www.albergominerva.it\/fr\/#website\",\"url\":\"https:\/\/www.albergominerva.it\/fr\/\",\"name\":\"Hotel Minerva Siena\",\"description\":\"Hotel in Centro Storico a Siena - Toscana - Italy\",\"potentialAction\":[{\"@type\":\"SearchAction\",\"target\":{\"@type\":\"EntryPoint\",\"urlTemplate\":\"https:\/\/www.albergominerva.it\/fr\/?s={search_term_string}\"},\"query-input\":{\"@type\":\"PropertyValueSpecification\",\"valueRequired\":true,\"valueName\":\"search_term_string\"}}],\"inLanguage\":\"fr-FR\"}]}<\/script>\n<!-- \/ Yoast SEO plugin. -->","yoast_head_json":{"title":"Quelles attractions \u00e0 voir \u00e0 Sienne? La merveilleuse basilique de San Francesco - Hotel Minerva Siena","robots":{"index":"index","follow":"follow","max-snippet":"max-snippet:-1","max-image-preview":"max-image-preview:large","max-video-preview":"max-video-preview:-1"},"canonical":"https:\/\/www.albergominerva.it\/fr\/quelles-attractions-a-voir-a-sienne-la-merveilleuse-basilique-de-san-francesco\/","og_locale":"fr_FR","og_type":"article","og_title":"Quelles attractions \u00e0 voir \u00e0 Sienne? La merveilleuse basilique de San Francesco - Hotel Minerva Siena","og_description":"La merveilleuse basilique de San Francesco Parmi les lieux sacr\u00e9s \u00e0 admirer \u00e0 Sienne dans toute leur splendeur mystique et","og_url":"https:\/\/www.albergominerva.it\/fr\/quelles-attractions-a-voir-a-sienne-la-merveilleuse-basilique-de-san-francesco\/","og_site_name":"Hotel Minerva Siena","twitter_card":"summary_large_image","twitter_misc":{"Dur\u00e9e de lecture estim\u00e9e":"2 minutes"},"schema":{"@context":"https:\/\/schema.org","@graph":[{"@type":"WebPage","@id":"https:\/\/www.albergominerva.it\/fr\/quelles-attractions-a-voir-a-sienne-la-merveilleuse-basilique-de-san-francesco\/","url":"https:\/\/www.albergominerva.it\/fr\/quelles-attractions-a-voir-a-sienne-la-merveilleuse-basilique-de-san-francesco\/","name":"Quelles attractions \u00e0 voir \u00e0 Sienne? La merveilleuse basilique de San Francesco - Hotel Minerva Siena","isPartOf":{"@id":"https:\/\/www.albergominerva.it\/fr\/#website"},"datePublished":"2019-03-17T21:14:31+00:00","breadcrumb":{"@id":"https:\/\/www.albergominerva.it\/fr\/quelles-attractions-a-voir-a-sienne-la-merveilleuse-basilique-de-san-francesco\/#breadcrumb"},"inLanguage":"fr-FR","potentialAction":[{"@type":"ReadAction","target":["https:\/\/www.albergominerva.it\/fr\/quelles-attractions-a-voir-a-sienne-la-merveilleuse-basilique-de-san-francesco\/"]}]},{"@type":"BreadcrumbList","@id":"https:\/\/www.albergominerva.it\/fr\/quelles-attractions-a-voir-a-sienne-la-merveilleuse-basilique-de-san-francesco\/#breadcrumb","itemListElement":[{"@type":"ListItem","position":1,"name":"Home","item":"https:\/\/www.albergominerva.it\/fr\/"},{"@type":"ListItem","position":2,"name":"Quelles attractions \u00e0 voir \u00e0 Sienne? La merveilleuse basilique de San Francesco"}]},{"@type":"WebSite","@id":"https:\/\/www.albergominerva.it\/fr\/#website","url":"https:\/\/www.albergominerva.it\/fr\/","name":"Hotel Minerva Siena","description":"Hotel in Centro Storico a Siena - Toscana - Italy","potentialAction":[{"@type":"SearchAction","target":{"@type":"EntryPoint","urlTemplate":"https:\/\/www.albergominerva.it\/fr\/?s={search_term_string}"},"query-input":{"@type":"PropertyValueSpecification","valueRequired":true,"valueName":"search_term_string"}}],"inLanguage":"fr-FR"}]}},"_links":{"self":[{"href":"https:\/\/www.albergominerva.it\/fr\/wp-json\/wp\/v2\/pages\/2990","targetHints":{"allow":["GET"]}}],"collection":[{"href":"https:\/\/www.albergominerva.it\/fr\/wp-json\/wp\/v2\/pages"}],"about":[{"href":"https:\/\/www.albergominerva.it\/fr\/wp-json\/wp\/v2\/types\/page"}],"author":[{"embeddable":true,"href":"https:\/\/www.albergominerva.it\/fr\/wp-json\/wp\/v2\/users\/3"}],"replies":[{"embeddable":true,"href":"https:\/\/www.albergominerva.it\/fr\/wp-json\/wp\/v2\/comments?post=2990"}],"version-history":[{"count":1,"href":"https:\/\/www.albergominerva.it\/fr\/wp-json\/wp\/v2\/pages\/2990\/revisions"}],"predecessor-version":[{"id":2991,"href":"https:\/\/www.albergominerva.it\/fr\/wp-json\/wp\/v2\/pages\/2990\/revisions\/2991"}],"wp:attachment":[{"href":"https:\/\/www.albergominerva.it\/fr\/wp-json\/wp\/v2\/media?parent=2990"}],"curies":[{"name":"wp","href":"https:\/\/api.w.org\/{rel}","templated":true}]}}