{"id":2995,"date":"2019-03-17T21:16:44","date_gmt":"2019-03-17T21:16:44","guid":{"rendered":"https:\/\/albergominerva.it\/fr\/?page_id=2995"},"modified":"2019-07-01T18:12:04","modified_gmt":"2019-07-01T16:12:04","slug":"porta-tufi-a-sienne","status":"publish","type":"page","link":"https:\/\/www.albergominerva.it\/fr\/porta-tufi-a-sienne\/","title":{"rendered":"Porta Tufi \u00e0 Sienne"},"content":{"rendered":"<h2>Porta Tufi \u00e0 Sienne<\/h2>\n<p>Porta Tufi est l\u2019une des portes principales de Sienne et a probablement \u00e9t\u00e9 construite autour de <strong> environ 1325-1326 selon un projet de Agnolo di Ventura <\/strong>.<\/p>\n<p>Porta Tufi fait partie du dernier cercle de murs et d&rsquo;un complexe de b\u00e2timents qui allait de Porta Tufi \u00e0 Porta San Marco et a \u00e9t\u00e9 conclu en juin 1415 sur un projet du maestro Lorenzo della Pietra.<\/p>\n<p>Dans le pass\u00e9, il \u00e9tait d\u00e9fendu par la compagnie militaire de Porta all&rsquo;Arco aux c\u00f4t\u00e9s de celle de Sant\u2019Agata.<\/p>\n<p>Probablement il y avait d\u00e9j\u00e0 une ancienne Porta Tufi qui \u00e9tait d&rsquo;Antiporto et \u00e9tait une ancienne porte d&rsquo;entr\u00e9e de la vieille ville et de toute la r\u00e9gion de Castelvecchio.<\/p>\n<p><strong> Porta Tufi a jou\u00e9 un r\u00f4le important en juillet 1552 <\/strong> lorsque les troupes d\u2019Enea Piccolini et de Giovanni Benedetti sont entr\u00e9es dans la r\u00e9gion et ont aid\u00e9 la ville \u00e0 lutter contre les Florentins.<\/p>\n<p>Cette porte est en brique et porte une couronne en relief Guelph.<\/p>\n","protected":false},"excerpt":{"rendered":"<p>Porta Tufi \u00e0 Sienne Porta Tufi est l\u2019une des portes principales de Sienne et a probablement \u00e9t\u00e9 construite autour de<\/p>\n","protected":false},"author":3,"featured_media":0,"parent":0,"menu_order":0,"comment_status":"closed","ping_status":"closed","template":"","meta":{"_acf_changed":false,"footnotes":""},"class_list":["post-2995","page","type-page","status-publish","hentry"],"acf":[],"yoast_head":"<!-- This site is optimized with the Yoast SEO plugin v27.4 - https:\/\/yoast.com\/product\/yoast-seo-wordpress\/ -->\n<title>Porta Tufi \u00e0 Sienne - Hotel Minerva Siena<\/title>\n<meta name=\"robots\" content=\"index, follow, max-snippet:-1, max-image-preview:large, max-video-preview:-1\" \/>\n<link rel=\"canonical\" href=\"https:\/\/www.albergominerva.it\/fr\/porta-tufi-a-sienne\/\" \/>\n<meta property=\"og:locale\" content=\"fr_FR\" \/>\n<meta property=\"og:type\" content=\"article\" \/>\n<meta property=\"og:title\" content=\"Porta Tufi \u00e0 Sienne - Hotel Minerva Siena\" \/>\n<meta property=\"og:description\" content=\"Porta Tufi \u00e0 Sienne Porta Tufi est l\u2019une des portes principales de Sienne et a probablement \u00e9t\u00e9 construite autour de\" \/>\n<meta property=\"og:url\" content=\"https:\/\/www.albergominerva.it\/fr\/porta-tufi-a-sienne\/\" \/>\n<meta property=\"og:site_name\" content=\"Hotel Minerva Siena\" \/>\n<meta property=\"article:modified_time\" content=\"2019-07-01T16:12:04+00:00\" \/>\n<meta name=\"twitter:card\" content=\"summary_large_image\" \/>\n<meta name=\"twitter:label1\" content=\"Dur\u00e9e de lecture estim\u00e9e\" \/>\n\t<meta name=\"twitter:data1\" content=\"1 minute\" \/>\n<script type=\"application\/ld+json\" class=\"yoast-schema-graph\">{\"@context\":\"https:\\\/\\\/schema.org\",\"@graph\":[{\"@type\":\"WebPage\",\"@id\":\"https:\\\/\\\/www.albergominerva.it\\\/fr\\\/porta-tufi-a-sienne\\\/\",\"url\":\"https:\\\/\\\/www.albergominerva.it\\\/fr\\\/porta-tufi-a-sienne\\\/\",\"name\":\"Porta Tufi \u00e0 Sienne - Hotel Minerva Siena\",\"isPartOf\":{\"@id\":\"https:\\\/\\\/www.albergominerva.it\\\/fr\\\/#website\"},\"datePublished\":\"2019-03-17T21:16:44+00:00\",\"dateModified\":\"2019-07-01T16:12:04+00:00\",\"breadcrumb\":{\"@id\":\"https:\\\/\\\/www.albergominerva.it\\\/fr\\\/porta-tufi-a-sienne\\\/#breadcrumb\"},\"inLanguage\":\"fr-FR\",\"potentialAction\":[{\"@type\":\"ReadAction\",\"target\":[\"https:\\\/\\\/www.albergominerva.it\\\/fr\\\/porta-tufi-a-sienne\\\/\"]}]},{\"@type\":\"BreadcrumbList\",\"@id\":\"https:\\\/\\\/www.albergominerva.it\\\/fr\\\/porta-tufi-a-sienne\\\/#breadcrumb\",\"itemListElement\":[{\"@type\":\"ListItem\",\"position\":1,\"name\":\"Home\",\"item\":\"https:\\\/\\\/www.albergominerva.it\\\/fr\\\/\"},{\"@type\":\"ListItem\",\"position\":2,\"name\":\"Porta Tufi \u00e0 Sienne\"}]},{\"@type\":\"WebSite\",\"@id\":\"https:\\\/\\\/www.albergominerva.it\\\/fr\\\/#website\",\"url\":\"https:\\\/\\\/www.albergominerva.it\\\/fr\\\/\",\"name\":\"Hotel Minerva Siena\",\"description\":\"Hotel in Centro Storico a Siena - Toscana - Italy\",\"potentialAction\":[{\"@type\":\"SearchAction\",\"target\":{\"@type\":\"EntryPoint\",\"urlTemplate\":\"https:\\\/\\\/www.albergominerva.it\\\/fr\\\/?s={search_term_string}\"},\"query-input\":{\"@type\":\"PropertyValueSpecification\",\"valueRequired\":true,\"valueName\":\"search_term_string\"}}],\"inLanguage\":\"fr-FR\"}]}<\/script>\n<!-- \/ Yoast SEO plugin. -->","yoast_head_json":{"title":"Porta Tufi \u00e0 Sienne - Hotel Minerva Siena","robots":{"index":"index","follow":"follow","max-snippet":"max-snippet:-1","max-image-preview":"max-image-preview:large","max-video-preview":"max-video-preview:-1"},"canonical":"https:\/\/www.albergominerva.it\/fr\/porta-tufi-a-sienne\/","og_locale":"fr_FR","og_type":"article","og_title":"Porta Tufi \u00e0 Sienne - Hotel Minerva Siena","og_description":"Porta Tufi \u00e0 Sienne Porta Tufi est l\u2019une des portes principales de Sienne et a probablement \u00e9t\u00e9 construite autour de","og_url":"https:\/\/www.albergominerva.it\/fr\/porta-tufi-a-sienne\/","og_site_name":"Hotel Minerva Siena","article_modified_time":"2019-07-01T16:12:04+00:00","twitter_card":"summary_large_image","twitter_misc":{"Dur\u00e9e de lecture estim\u00e9e":"1 minute"},"schema":{"@context":"https:\/\/schema.org","@graph":[{"@type":"WebPage","@id":"https:\/\/www.albergominerva.it\/fr\/porta-tufi-a-sienne\/","url":"https:\/\/www.albergominerva.it\/fr\/porta-tufi-a-sienne\/","name":"Porta Tufi \u00e0 Sienne - Hotel Minerva Siena","isPartOf":{"@id":"https:\/\/www.albergominerva.it\/fr\/#website"},"datePublished":"2019-03-17T21:16:44+00:00","dateModified":"2019-07-01T16:12:04+00:00","breadcrumb":{"@id":"https:\/\/www.albergominerva.it\/fr\/porta-tufi-a-sienne\/#breadcrumb"},"inLanguage":"fr-FR","potentialAction":[{"@type":"ReadAction","target":["https:\/\/www.albergominerva.it\/fr\/porta-tufi-a-sienne\/"]}]},{"@type":"BreadcrumbList","@id":"https:\/\/www.albergominerva.it\/fr\/porta-tufi-a-sienne\/#breadcrumb","itemListElement":[{"@type":"ListItem","position":1,"name":"Home","item":"https:\/\/www.albergominerva.it\/fr\/"},{"@type":"ListItem","position":2,"name":"Porta Tufi \u00e0 Sienne"}]},{"@type":"WebSite","@id":"https:\/\/www.albergominerva.it\/fr\/#website","url":"https:\/\/www.albergominerva.it\/fr\/","name":"Hotel Minerva Siena","description":"Hotel in Centro Storico a Siena - Toscana - Italy","potentialAction":[{"@type":"SearchAction","target":{"@type":"EntryPoint","urlTemplate":"https:\/\/www.albergominerva.it\/fr\/?s={search_term_string}"},"query-input":{"@type":"PropertyValueSpecification","valueRequired":true,"valueName":"search_term_string"}}],"inLanguage":"fr-FR"}]}},"_links":{"self":[{"href":"https:\/\/www.albergominerva.it\/fr\/wp-json\/wp\/v2\/pages\/2995","targetHints":{"allow":["GET"]}}],"collection":[{"href":"https:\/\/www.albergominerva.it\/fr\/wp-json\/wp\/v2\/pages"}],"about":[{"href":"https:\/\/www.albergominerva.it\/fr\/wp-json\/wp\/v2\/types\/page"}],"author":[{"embeddable":true,"href":"https:\/\/www.albergominerva.it\/fr\/wp-json\/wp\/v2\/users\/3"}],"replies":[{"embeddable":true,"href":"https:\/\/www.albergominerva.it\/fr\/wp-json\/wp\/v2\/comments?post=2995"}],"version-history":[{"count":2,"href":"https:\/\/www.albergominerva.it\/fr\/wp-json\/wp\/v2\/pages\/2995\/revisions"}],"predecessor-version":[{"id":3522,"href":"https:\/\/www.albergominerva.it\/fr\/wp-json\/wp\/v2\/pages\/2995\/revisions\/3522"}],"wp:attachment":[{"href":"https:\/\/www.albergominerva.it\/fr\/wp-json\/wp\/v2\/media?parent=2995"}],"curies":[{"name":"wp","href":"https:\/\/api.w.org\/{rel}","templated":true}]}}