{"id":2998,"date":"2019-03-17T21:20:50","date_gmt":"2019-03-17T21:20:50","guid":{"rendered":"https:\/\/albergominerva.it\/fr\/?page_id=2998"},"modified":"2019-07-01T18:09:51","modified_gmt":"2019-07-01T16:09:51","slug":"porta-san-marco","status":"publish","type":"page","link":"https:\/\/www.albergominerva.it\/fr\/porta-san-marco\/","title":{"rendered":"Porta San Marco"},"content":{"rendered":"<h2>Porta San Marco \u00e0 Sienne<\/h2>\n<p>La Porta San Marco est l\u2019une des portes de Sienne et tire son nom d\u2019un ancien oratoire, <strong> l\u2019Oratoire de San Marco, situ\u00e9 exactement dans la m\u00eame rue <\/strong>.<\/p>\n<p>La porte San Marco est la porte d\u2019entr\u00e9e de Grosseto. Elle a donc \u00e9t\u00e9 appel\u00e9e <strong> Porta delle Maremme <\/strong>.<\/p>\n<p>Il a probablement \u00e9t\u00e9 construit \u00e0 la m\u00eame \u00e9poque que Porta Tufi, c\u2019est-\u00e0-dire entre <strong> 1325 et 1326 <\/strong>, pour \u00eatre ensuite renforc\u00e9 sur le plan militaire par le biais des fortifications du \u00ab500\u00bb de Baldassare Peruzzi.<\/p>\n<p>Dans le pass\u00e9, il s\u2019ouvrait sur les murs qui allaient de Porta Laterino \u00e0 Porta Tufi.<\/p>\n<p>Cependant, avec le temps, les fortifications ont perdu leurs fonctions de d\u00e9fense et, dans les ann\u00e9es 1800, il a \u00e9t\u00e9 d\u00e9cid\u00e9 de les d\u00e9molir afin d&rsquo;obtenir ce qui est Piazzale Biringucci.<\/p>\n","protected":false},"excerpt":{"rendered":"<p>Porta San Marco \u00e0 Sienne La Porta San Marco est l\u2019une des portes de Sienne et tire son nom d\u2019un<\/p>\n","protected":false},"author":3,"featured_media":0,"parent":0,"menu_order":0,"comment_status":"closed","ping_status":"closed","template":"","meta":{"_acf_changed":false,"footnotes":""},"class_list":["post-2998","page","type-page","status-publish","hentry"],"acf":[],"yoast_head":"<!-- This site is optimized with the Yoast SEO plugin v26.4 - https:\/\/yoast.com\/wordpress\/plugins\/seo\/ -->\n<title>Porta San Marco - Hotel Minerva Siena<\/title>\n<meta name=\"robots\" content=\"index, follow, max-snippet:-1, max-image-preview:large, max-video-preview:-1\" \/>\n<link rel=\"canonical\" href=\"https:\/\/www.albergominerva.it\/fr\/porta-san-marco\/\" \/>\n<meta property=\"og:locale\" content=\"fr_FR\" \/>\n<meta property=\"og:type\" content=\"article\" \/>\n<meta property=\"og:title\" content=\"Porta San Marco - Hotel Minerva Siena\" \/>\n<meta property=\"og:description\" content=\"Porta San Marco \u00e0 Sienne La Porta San Marco est l\u2019une des portes de Sienne et tire son nom d\u2019un\" \/>\n<meta property=\"og:url\" content=\"https:\/\/www.albergominerva.it\/fr\/porta-san-marco\/\" \/>\n<meta property=\"og:site_name\" content=\"Hotel Minerva Siena\" \/>\n<meta property=\"article:modified_time\" content=\"2019-07-01T16:09:51+00:00\" \/>\n<meta name=\"twitter:card\" content=\"summary_large_image\" \/>\n<meta name=\"twitter:label1\" content=\"Dur\u00e9e de lecture estim\u00e9e\" \/>\n\t<meta name=\"twitter:data1\" content=\"1 minute\" \/>\n<script type=\"application\/ld+json\" class=\"yoast-schema-graph\">{\"@context\":\"https:\/\/schema.org\",\"@graph\":[{\"@type\":\"WebPage\",\"@id\":\"https:\/\/www.albergominerva.it\/fr\/porta-san-marco\/\",\"url\":\"https:\/\/www.albergominerva.it\/fr\/porta-san-marco\/\",\"name\":\"Porta San Marco - Hotel Minerva Siena\",\"isPartOf\":{\"@id\":\"https:\/\/www.albergominerva.it\/fr\/#website\"},\"datePublished\":\"2019-03-17T21:20:50+00:00\",\"dateModified\":\"2019-07-01T16:09:51+00:00\",\"breadcrumb\":{\"@id\":\"https:\/\/www.albergominerva.it\/fr\/porta-san-marco\/#breadcrumb\"},\"inLanguage\":\"fr-FR\",\"potentialAction\":[{\"@type\":\"ReadAction\",\"target\":[\"https:\/\/www.albergominerva.it\/fr\/porta-san-marco\/\"]}]},{\"@type\":\"BreadcrumbList\",\"@id\":\"https:\/\/www.albergominerva.it\/fr\/porta-san-marco\/#breadcrumb\",\"itemListElement\":[{\"@type\":\"ListItem\",\"position\":1,\"name\":\"Home\",\"item\":\"https:\/\/www.albergominerva.it\/fr\/\"},{\"@type\":\"ListItem\",\"position\":2,\"name\":\"Porta San Marco\"}]},{\"@type\":\"WebSite\",\"@id\":\"https:\/\/www.albergominerva.it\/fr\/#website\",\"url\":\"https:\/\/www.albergominerva.it\/fr\/\",\"name\":\"Hotel Minerva Siena\",\"description\":\"Hotel in Centro Storico a Siena - Toscana - Italy\",\"potentialAction\":[{\"@type\":\"SearchAction\",\"target\":{\"@type\":\"EntryPoint\",\"urlTemplate\":\"https:\/\/www.albergominerva.it\/fr\/?s={search_term_string}\"},\"query-input\":{\"@type\":\"PropertyValueSpecification\",\"valueRequired\":true,\"valueName\":\"search_term_string\"}}],\"inLanguage\":\"fr-FR\"}]}<\/script>\n<!-- \/ Yoast SEO plugin. -->","yoast_head_json":{"title":"Porta San Marco - Hotel Minerva Siena","robots":{"index":"index","follow":"follow","max-snippet":"max-snippet:-1","max-image-preview":"max-image-preview:large","max-video-preview":"max-video-preview:-1"},"canonical":"https:\/\/www.albergominerva.it\/fr\/porta-san-marco\/","og_locale":"fr_FR","og_type":"article","og_title":"Porta San Marco - Hotel Minerva Siena","og_description":"Porta San Marco \u00e0 Sienne La Porta San Marco est l\u2019une des portes de Sienne et tire son nom d\u2019un","og_url":"https:\/\/www.albergominerva.it\/fr\/porta-san-marco\/","og_site_name":"Hotel Minerva Siena","article_modified_time":"2019-07-01T16:09:51+00:00","twitter_card":"summary_large_image","twitter_misc":{"Dur\u00e9e de lecture estim\u00e9e":"1 minute"},"schema":{"@context":"https:\/\/schema.org","@graph":[{"@type":"WebPage","@id":"https:\/\/www.albergominerva.it\/fr\/porta-san-marco\/","url":"https:\/\/www.albergominerva.it\/fr\/porta-san-marco\/","name":"Porta San Marco - Hotel Minerva Siena","isPartOf":{"@id":"https:\/\/www.albergominerva.it\/fr\/#website"},"datePublished":"2019-03-17T21:20:50+00:00","dateModified":"2019-07-01T16:09:51+00:00","breadcrumb":{"@id":"https:\/\/www.albergominerva.it\/fr\/porta-san-marco\/#breadcrumb"},"inLanguage":"fr-FR","potentialAction":[{"@type":"ReadAction","target":["https:\/\/www.albergominerva.it\/fr\/porta-san-marco\/"]}]},{"@type":"BreadcrumbList","@id":"https:\/\/www.albergominerva.it\/fr\/porta-san-marco\/#breadcrumb","itemListElement":[{"@type":"ListItem","position":1,"name":"Home","item":"https:\/\/www.albergominerva.it\/fr\/"},{"@type":"ListItem","position":2,"name":"Porta San Marco"}]},{"@type":"WebSite","@id":"https:\/\/www.albergominerva.it\/fr\/#website","url":"https:\/\/www.albergominerva.it\/fr\/","name":"Hotel Minerva Siena","description":"Hotel in Centro Storico a Siena - Toscana - Italy","potentialAction":[{"@type":"SearchAction","target":{"@type":"EntryPoint","urlTemplate":"https:\/\/www.albergominerva.it\/fr\/?s={search_term_string}"},"query-input":{"@type":"PropertyValueSpecification","valueRequired":true,"valueName":"search_term_string"}}],"inLanguage":"fr-FR"}]}},"_links":{"self":[{"href":"https:\/\/www.albergominerva.it\/fr\/wp-json\/wp\/v2\/pages\/2998","targetHints":{"allow":["GET"]}}],"collection":[{"href":"https:\/\/www.albergominerva.it\/fr\/wp-json\/wp\/v2\/pages"}],"about":[{"href":"https:\/\/www.albergominerva.it\/fr\/wp-json\/wp\/v2\/types\/page"}],"author":[{"embeddable":true,"href":"https:\/\/www.albergominerva.it\/fr\/wp-json\/wp\/v2\/users\/3"}],"replies":[{"embeddable":true,"href":"https:\/\/www.albergominerva.it\/fr\/wp-json\/wp\/v2\/comments?post=2998"}],"version-history":[{"count":2,"href":"https:\/\/www.albergominerva.it\/fr\/wp-json\/wp\/v2\/pages\/2998\/revisions"}],"predecessor-version":[{"id":3519,"href":"https:\/\/www.albergominerva.it\/fr\/wp-json\/wp\/v2\/pages\/2998\/revisions\/3519"}],"wp:attachment":[{"href":"https:\/\/www.albergominerva.it\/fr\/wp-json\/wp\/v2\/media?parent=2998"}],"curies":[{"name":"wp","href":"https:\/\/api.w.org\/{rel}","templated":true}]}}