{"id":3000,"date":"2019-03-17T21:23:22","date_gmt":"2019-03-17T21:23:22","guid":{"rendered":"https:\/\/albergominerva.it\/fr\/?page_id=3000"},"modified":"2019-07-01T18:07:13","modified_gmt":"2019-07-01T16:07:13","slug":"porta-romana","status":"publish","type":"page","link":"https:\/\/www.albergominerva.it\/fr\/porta-romana\/","title":{"rendered":"Porta Romana"},"content":{"rendered":"<h2>Porte romaine de Sienne<\/h2>\n<p>Sur le chemin de l&rsquo;ancienne Via Cassia, Porta Romana est l&rsquo;une des portes les plus c\u00e9l\u00e8bres et les plus anciennes de la ville de Sienne et a \u00e9t\u00e9 construite entre 1327 et 1328 et con\u00e7ue par Agostino di Giovanni et Agnolo di Ventura. .<\/p>\n<p>La partie int\u00e9rieure du pass\u00e9 \u00e9tait orn\u00e9e d&rsquo;une magnifique <strong> repr\u00e9sentation de la Vierge <\/strong>, r\u00e9alis\u00e9e par plusieurs auteurs au fil du temps, notamment Taddeo di Bartolo, Sassetto et Sano di Pietro, qui l&rsquo;a d\u00e9finitivement conclue en 1466.<\/p>\n<p>Une partie de ces fresques est encore visible \u00e0 l&rsquo;int\u00e9rieur de la basilique Saint-Fran\u00e7ois.<\/p>\n<p>Dans la partie externe, un mur avec deux loups de pierre est attribu\u00e9 \u00e0 <strong> Giovanni di Stefano <\/strong>.<\/p>\n<p>Porta Romana a remplac\u00e9 une ancienne Porta, la Porta di San Martino.<\/p>\n","protected":false},"excerpt":{"rendered":"<p>Porte romaine de Sienne Sur le chemin de l&rsquo;ancienne Via Cassia, Porta Romana est l&rsquo;une des portes les plus c\u00e9l\u00e8bres<\/p>\n","protected":false},"author":3,"featured_media":0,"parent":0,"menu_order":0,"comment_status":"closed","ping_status":"closed","template":"","meta":{"_acf_changed":false,"footnotes":""},"class_list":["post-3000","page","type-page","status-publish","hentry"],"acf":[],"yoast_head":"<!-- This site is optimized with the Yoast SEO plugin v27.4 - https:\/\/yoast.com\/product\/yoast-seo-wordpress\/ -->\n<title>Porta Romana - Hotel Minerva Siena<\/title>\n<meta name=\"robots\" content=\"index, follow, max-snippet:-1, max-image-preview:large, max-video-preview:-1\" \/>\n<link rel=\"canonical\" href=\"https:\/\/www.albergominerva.it\/fr\/porta-romana\/\" \/>\n<meta property=\"og:locale\" content=\"fr_FR\" \/>\n<meta property=\"og:type\" content=\"article\" \/>\n<meta property=\"og:title\" content=\"Porta Romana - Hotel Minerva Siena\" \/>\n<meta property=\"og:description\" content=\"Porte romaine de Sienne Sur le chemin de l&rsquo;ancienne Via Cassia, Porta Romana est l&rsquo;une des portes les plus c\u00e9l\u00e8bres\" \/>\n<meta property=\"og:url\" content=\"https:\/\/www.albergominerva.it\/fr\/porta-romana\/\" \/>\n<meta property=\"og:site_name\" content=\"Hotel Minerva Siena\" \/>\n<meta property=\"article:modified_time\" content=\"2019-07-01T16:07:13+00:00\" \/>\n<meta name=\"twitter:card\" content=\"summary_large_image\" \/>\n<meta name=\"twitter:label1\" content=\"Dur\u00e9e de lecture estim\u00e9e\" \/>\n\t<meta name=\"twitter:data1\" content=\"1 minute\" \/>\n<script type=\"application\/ld+json\" class=\"yoast-schema-graph\">{\"@context\":\"https:\\\/\\\/schema.org\",\"@graph\":[{\"@type\":\"WebPage\",\"@id\":\"https:\\\/\\\/www.albergominerva.it\\\/fr\\\/porta-romana\\\/\",\"url\":\"https:\\\/\\\/www.albergominerva.it\\\/fr\\\/porta-romana\\\/\",\"name\":\"Porta Romana - Hotel Minerva Siena\",\"isPartOf\":{\"@id\":\"https:\\\/\\\/www.albergominerva.it\\\/fr\\\/#website\"},\"datePublished\":\"2019-03-17T21:23:22+00:00\",\"dateModified\":\"2019-07-01T16:07:13+00:00\",\"breadcrumb\":{\"@id\":\"https:\\\/\\\/www.albergominerva.it\\\/fr\\\/porta-romana\\\/#breadcrumb\"},\"inLanguage\":\"fr-FR\",\"potentialAction\":[{\"@type\":\"ReadAction\",\"target\":[\"https:\\\/\\\/www.albergominerva.it\\\/fr\\\/porta-romana\\\/\"]}]},{\"@type\":\"BreadcrumbList\",\"@id\":\"https:\\\/\\\/www.albergominerva.it\\\/fr\\\/porta-romana\\\/#breadcrumb\",\"itemListElement\":[{\"@type\":\"ListItem\",\"position\":1,\"name\":\"Home\",\"item\":\"https:\\\/\\\/www.albergominerva.it\\\/fr\\\/\"},{\"@type\":\"ListItem\",\"position\":2,\"name\":\"Porta Romana\"}]},{\"@type\":\"WebSite\",\"@id\":\"https:\\\/\\\/www.albergominerva.it\\\/fr\\\/#website\",\"url\":\"https:\\\/\\\/www.albergominerva.it\\\/fr\\\/\",\"name\":\"Hotel Minerva Siena\",\"description\":\"Hotel in Centro Storico a Siena - Toscana - Italy\",\"potentialAction\":[{\"@type\":\"SearchAction\",\"target\":{\"@type\":\"EntryPoint\",\"urlTemplate\":\"https:\\\/\\\/www.albergominerva.it\\\/fr\\\/?s={search_term_string}\"},\"query-input\":{\"@type\":\"PropertyValueSpecification\",\"valueRequired\":true,\"valueName\":\"search_term_string\"}}],\"inLanguage\":\"fr-FR\"}]}<\/script>\n<!-- \/ Yoast SEO plugin. -->","yoast_head_json":{"title":"Porta Romana - Hotel Minerva Siena","robots":{"index":"index","follow":"follow","max-snippet":"max-snippet:-1","max-image-preview":"max-image-preview:large","max-video-preview":"max-video-preview:-1"},"canonical":"https:\/\/www.albergominerva.it\/fr\/porta-romana\/","og_locale":"fr_FR","og_type":"article","og_title":"Porta Romana - Hotel Minerva Siena","og_description":"Porte romaine de Sienne Sur le chemin de l&rsquo;ancienne Via Cassia, Porta Romana est l&rsquo;une des portes les plus c\u00e9l\u00e8bres","og_url":"https:\/\/www.albergominerva.it\/fr\/porta-romana\/","og_site_name":"Hotel Minerva Siena","article_modified_time":"2019-07-01T16:07:13+00:00","twitter_card":"summary_large_image","twitter_misc":{"Dur\u00e9e de lecture estim\u00e9e":"1 minute"},"schema":{"@context":"https:\/\/schema.org","@graph":[{"@type":"WebPage","@id":"https:\/\/www.albergominerva.it\/fr\/porta-romana\/","url":"https:\/\/www.albergominerva.it\/fr\/porta-romana\/","name":"Porta Romana - Hotel Minerva Siena","isPartOf":{"@id":"https:\/\/www.albergominerva.it\/fr\/#website"},"datePublished":"2019-03-17T21:23:22+00:00","dateModified":"2019-07-01T16:07:13+00:00","breadcrumb":{"@id":"https:\/\/www.albergominerva.it\/fr\/porta-romana\/#breadcrumb"},"inLanguage":"fr-FR","potentialAction":[{"@type":"ReadAction","target":["https:\/\/www.albergominerva.it\/fr\/porta-romana\/"]}]},{"@type":"BreadcrumbList","@id":"https:\/\/www.albergominerva.it\/fr\/porta-romana\/#breadcrumb","itemListElement":[{"@type":"ListItem","position":1,"name":"Home","item":"https:\/\/www.albergominerva.it\/fr\/"},{"@type":"ListItem","position":2,"name":"Porta Romana"}]},{"@type":"WebSite","@id":"https:\/\/www.albergominerva.it\/fr\/#website","url":"https:\/\/www.albergominerva.it\/fr\/","name":"Hotel Minerva Siena","description":"Hotel in Centro Storico a Siena - Toscana - Italy","potentialAction":[{"@type":"SearchAction","target":{"@type":"EntryPoint","urlTemplate":"https:\/\/www.albergominerva.it\/fr\/?s={search_term_string}"},"query-input":{"@type":"PropertyValueSpecification","valueRequired":true,"valueName":"search_term_string"}}],"inLanguage":"fr-FR"}]}},"_links":{"self":[{"href":"https:\/\/www.albergominerva.it\/fr\/wp-json\/wp\/v2\/pages\/3000","targetHints":{"allow":["GET"]}}],"collection":[{"href":"https:\/\/www.albergominerva.it\/fr\/wp-json\/wp\/v2\/pages"}],"about":[{"href":"https:\/\/www.albergominerva.it\/fr\/wp-json\/wp\/v2\/types\/page"}],"author":[{"embeddable":true,"href":"https:\/\/www.albergominerva.it\/fr\/wp-json\/wp\/v2\/users\/3"}],"replies":[{"embeddable":true,"href":"https:\/\/www.albergominerva.it\/fr\/wp-json\/wp\/v2\/comments?post=3000"}],"version-history":[{"count":2,"href":"https:\/\/www.albergominerva.it\/fr\/wp-json\/wp\/v2\/pages\/3000\/revisions"}],"predecessor-version":[{"id":3516,"href":"https:\/\/www.albergominerva.it\/fr\/wp-json\/wp\/v2\/pages\/3000\/revisions\/3516"}],"wp:attachment":[{"href":"https:\/\/www.albergominerva.it\/fr\/wp-json\/wp\/v2\/media?parent=3000"}],"curies":[{"name":"wp","href":"https:\/\/api.w.org\/{rel}","templated":true}]}}