{"id":3004,"date":"2019-03-17T21:32:49","date_gmt":"2019-03-17T21:32:49","guid":{"rendered":"https:\/\/albergominerva.it\/fr\/?page_id=3004"},"modified":"2019-03-17T21:32:49","modified_gmt":"2019-03-17T21:32:49","slug":"la-sinagoga-di-siena-vicino-piazza-del-campo","status":"publish","type":"page","link":"https:\/\/www.albergominerva.it\/fr\/la-sinagoga-di-siena-vicino-piazza-del-campo\/","title":{"rendered":"La Sinagoga di Siena Vicino Piazza del Campo"},"content":{"rendered":"<h1> La synagogue de Sienne <\/h1>\n<p><strong> Con\u00e7ue par l&rsquo;architecte florentin Zanobi del Rosso et inaugur\u00e9e en 1786 <\/strong>, la synagogue de Sienne, toujours active aujourd\u2019hui, est situ\u00e9e \u00e0 Vicolo delle Scotte 14, pr\u00e8s de la Piazza del Campo.<\/p>\n<p>Synagogue tr\u00e8s simple \u00e0 l&rsquo;ext\u00e9rieur mais extr\u00eamement soign\u00e9e et d\u00e9cor\u00e9e \u00e0 l&rsquo;int\u00e9rieur, <strong> est l&rsquo;un des rares exemples d&rsquo;architecture rococo et n\u00e9oclassique du centre de Sienne <\/strong>.<\/p>\n<p>\u00c0 l&rsquo;int\u00e9rieur, vous trouverez d&rsquo;anciens v\u00eatements rituels et des <strong> ustensiles du tonneau de Florence de Florence <\/strong> dans la forteresse Guadagni <\/strong>, en plus de la galerie des femmes, la partie r\u00e9serv\u00e9e aux femmes qui est actuellement utilis\u00e9e dans le cadre d&rsquo;expositions ou d&rsquo;activit\u00e9s \u00e9ducatives. .<\/p>\n<p>Un \u00e9l\u00e9ment particulier que vous trouverez \u00e0 l&rsquo;int\u00e9rieur est la magnifique <strong> chaise Elia <\/strong> qui a \u00e9t\u00e9 offerte \u00e0 la Synagogue par le rabbin Nissin en 1860.<\/p>\n<p><strong> Jusqu&rsquo;en 1875, la synagogue \u00e9tait orn\u00e9e \u00e0 l&rsquo;ext\u00e9rieur d&rsquo;une magnifique statue de Mo\u00efse <\/strong> qui indiquait les eaux de Jacopo della Quercia mais fut ensuite transf\u00e9r\u00e9 au Museo dell&rsquo;Opera del Duomo et enfin au mus\u00e9e municipal. o\u00f9 il est encore pr\u00e9sent aujourd&rsquo;hui.<\/p>\n<p>La synagogue est accessible gratuitement uniquement pendant la journ\u00e9e de la culture juive.<\/p>\n<p>Le reste de la journ\u00e9e est payant.<\/p>\n","protected":false},"excerpt":{"rendered":"<p>La synagogue de Sienne Con\u00e7ue par l&rsquo;architecte florentin Zanobi del Rosso et inaugur\u00e9e en 1786 , la synagogue de Sienne,<\/p>\n","protected":false},"author":3,"featured_media":0,"parent":0,"menu_order":0,"comment_status":"closed","ping_status":"closed","template":"","meta":{"_acf_changed":false,"footnotes":""},"class_list":["post-3004","page","type-page","status-publish","hentry"],"acf":[],"yoast_head":"<!-- This site is optimized with the Yoast SEO plugin v27.4 - https:\/\/yoast.com\/product\/yoast-seo-wordpress\/ -->\n<title>La Sinagoga di Siena Vicino Piazza del Campo - Hotel Minerva Siena<\/title>\n<meta name=\"robots\" content=\"index, follow, max-snippet:-1, max-image-preview:large, max-video-preview:-1\" \/>\n<link rel=\"canonical\" href=\"https:\/\/www.albergominerva.it\/fr\/la-sinagoga-di-siena-vicino-piazza-del-campo\/\" \/>\n<meta property=\"og:locale\" content=\"fr_FR\" \/>\n<meta property=\"og:type\" content=\"article\" \/>\n<meta property=\"og:title\" content=\"La Sinagoga di Siena Vicino Piazza del Campo - Hotel Minerva Siena\" \/>\n<meta property=\"og:description\" content=\"La synagogue de Sienne Con\u00e7ue par l&rsquo;architecte florentin Zanobi del Rosso et inaugur\u00e9e en 1786 , la synagogue de Sienne,\" \/>\n<meta property=\"og:url\" content=\"https:\/\/www.albergominerva.it\/fr\/la-sinagoga-di-siena-vicino-piazza-del-campo\/\" \/>\n<meta property=\"og:site_name\" content=\"Hotel Minerva Siena\" \/>\n<meta name=\"twitter:card\" content=\"summary_large_image\" \/>\n<meta name=\"twitter:label1\" content=\"Dur\u00e9e de lecture estim\u00e9e\" \/>\n\t<meta name=\"twitter:data1\" content=\"1 minute\" \/>\n<script type=\"application\/ld+json\" class=\"yoast-schema-graph\">{\"@context\":\"https:\\\/\\\/schema.org\",\"@graph\":[{\"@type\":\"WebPage\",\"@id\":\"https:\\\/\\\/www.albergominerva.it\\\/fr\\\/la-sinagoga-di-siena-vicino-piazza-del-campo\\\/\",\"url\":\"https:\\\/\\\/www.albergominerva.it\\\/fr\\\/la-sinagoga-di-siena-vicino-piazza-del-campo\\\/\",\"name\":\"La Sinagoga di Siena Vicino Piazza del Campo - Hotel Minerva Siena\",\"isPartOf\":{\"@id\":\"https:\\\/\\\/www.albergominerva.it\\\/fr\\\/#website\"},\"datePublished\":\"2019-03-17T21:32:49+00:00\",\"breadcrumb\":{\"@id\":\"https:\\\/\\\/www.albergominerva.it\\\/fr\\\/la-sinagoga-di-siena-vicino-piazza-del-campo\\\/#breadcrumb\"},\"inLanguage\":\"fr-FR\",\"potentialAction\":[{\"@type\":\"ReadAction\",\"target\":[\"https:\\\/\\\/www.albergominerva.it\\\/fr\\\/la-sinagoga-di-siena-vicino-piazza-del-campo\\\/\"]}]},{\"@type\":\"BreadcrumbList\",\"@id\":\"https:\\\/\\\/www.albergominerva.it\\\/fr\\\/la-sinagoga-di-siena-vicino-piazza-del-campo\\\/#breadcrumb\",\"itemListElement\":[{\"@type\":\"ListItem\",\"position\":1,\"name\":\"Home\",\"item\":\"https:\\\/\\\/www.albergominerva.it\\\/fr\\\/\"},{\"@type\":\"ListItem\",\"position\":2,\"name\":\"La Sinagoga di Siena Vicino Piazza del Campo\"}]},{\"@type\":\"WebSite\",\"@id\":\"https:\\\/\\\/www.albergominerva.it\\\/fr\\\/#website\",\"url\":\"https:\\\/\\\/www.albergominerva.it\\\/fr\\\/\",\"name\":\"Hotel Minerva Siena\",\"description\":\"Hotel in Centro Storico a Siena - Toscana - Italy\",\"potentialAction\":[{\"@type\":\"SearchAction\",\"target\":{\"@type\":\"EntryPoint\",\"urlTemplate\":\"https:\\\/\\\/www.albergominerva.it\\\/fr\\\/?s={search_term_string}\"},\"query-input\":{\"@type\":\"PropertyValueSpecification\",\"valueRequired\":true,\"valueName\":\"search_term_string\"}}],\"inLanguage\":\"fr-FR\"}]}<\/script>\n<!-- \/ Yoast SEO plugin. -->","yoast_head_json":{"title":"La Sinagoga di Siena Vicino Piazza del Campo - Hotel Minerva Siena","robots":{"index":"index","follow":"follow","max-snippet":"max-snippet:-1","max-image-preview":"max-image-preview:large","max-video-preview":"max-video-preview:-1"},"canonical":"https:\/\/www.albergominerva.it\/fr\/la-sinagoga-di-siena-vicino-piazza-del-campo\/","og_locale":"fr_FR","og_type":"article","og_title":"La Sinagoga di Siena Vicino Piazza del Campo - Hotel Minerva Siena","og_description":"La synagogue de Sienne Con\u00e7ue par l&rsquo;architecte florentin Zanobi del Rosso et inaugur\u00e9e en 1786 , la synagogue de Sienne,","og_url":"https:\/\/www.albergominerva.it\/fr\/la-sinagoga-di-siena-vicino-piazza-del-campo\/","og_site_name":"Hotel Minerva Siena","twitter_card":"summary_large_image","twitter_misc":{"Dur\u00e9e de lecture estim\u00e9e":"1 minute"},"schema":{"@context":"https:\/\/schema.org","@graph":[{"@type":"WebPage","@id":"https:\/\/www.albergominerva.it\/fr\/la-sinagoga-di-siena-vicino-piazza-del-campo\/","url":"https:\/\/www.albergominerva.it\/fr\/la-sinagoga-di-siena-vicino-piazza-del-campo\/","name":"La Sinagoga di Siena Vicino Piazza del Campo - Hotel Minerva Siena","isPartOf":{"@id":"https:\/\/www.albergominerva.it\/fr\/#website"},"datePublished":"2019-03-17T21:32:49+00:00","breadcrumb":{"@id":"https:\/\/www.albergominerva.it\/fr\/la-sinagoga-di-siena-vicino-piazza-del-campo\/#breadcrumb"},"inLanguage":"fr-FR","potentialAction":[{"@type":"ReadAction","target":["https:\/\/www.albergominerva.it\/fr\/la-sinagoga-di-siena-vicino-piazza-del-campo\/"]}]},{"@type":"BreadcrumbList","@id":"https:\/\/www.albergominerva.it\/fr\/la-sinagoga-di-siena-vicino-piazza-del-campo\/#breadcrumb","itemListElement":[{"@type":"ListItem","position":1,"name":"Home","item":"https:\/\/www.albergominerva.it\/fr\/"},{"@type":"ListItem","position":2,"name":"La Sinagoga di Siena Vicino Piazza del Campo"}]},{"@type":"WebSite","@id":"https:\/\/www.albergominerva.it\/fr\/#website","url":"https:\/\/www.albergominerva.it\/fr\/","name":"Hotel Minerva Siena","description":"Hotel in Centro Storico a Siena - Toscana - Italy","potentialAction":[{"@type":"SearchAction","target":{"@type":"EntryPoint","urlTemplate":"https:\/\/www.albergominerva.it\/fr\/?s={search_term_string}"},"query-input":{"@type":"PropertyValueSpecification","valueRequired":true,"valueName":"search_term_string"}}],"inLanguage":"fr-FR"}]}},"_links":{"self":[{"href":"https:\/\/www.albergominerva.it\/fr\/wp-json\/wp\/v2\/pages\/3004","targetHints":{"allow":["GET"]}}],"collection":[{"href":"https:\/\/www.albergominerva.it\/fr\/wp-json\/wp\/v2\/pages"}],"about":[{"href":"https:\/\/www.albergominerva.it\/fr\/wp-json\/wp\/v2\/types\/page"}],"author":[{"embeddable":true,"href":"https:\/\/www.albergominerva.it\/fr\/wp-json\/wp\/v2\/users\/3"}],"replies":[{"embeddable":true,"href":"https:\/\/www.albergominerva.it\/fr\/wp-json\/wp\/v2\/comments?post=3004"}],"version-history":[{"count":1,"href":"https:\/\/www.albergominerva.it\/fr\/wp-json\/wp\/v2\/pages\/3004\/revisions"}],"predecessor-version":[{"id":3005,"href":"https:\/\/www.albergominerva.it\/fr\/wp-json\/wp\/v2\/pages\/3004\/revisions\/3005"}],"wp:attachment":[{"href":"https:\/\/www.albergominerva.it\/fr\/wp-json\/wp\/v2\/media?parent=3004"}],"curies":[{"name":"wp","href":"https:\/\/api.w.org\/{rel}","templated":true}]}}