{"id":3006,"date":"2019-03-17T21:36:04","date_gmt":"2019-03-17T21:36:04","guid":{"rendered":"https:\/\/albergominerva.it\/fr\/?page_id=3006"},"modified":"2019-07-02T09:55:35","modified_gmt":"2019-07-02T07:55:35","slug":"la-torre-del-mangia-sur-la-piazza-del-campo","status":"publish","type":"page","link":"https:\/\/www.albergominerva.it\/fr\/la-torre-del-mangia-sur-la-piazza-del-campo\/","title":{"rendered":"La Torre del Mangia sur la Piazza del Campo"},"content":{"rendered":"<h1>La Torre del Mangia<\/h1>\n<p><strong> La merveilleuse Piazza del Campo ne serait pas l\u2019une des places les plus c\u00e9l\u00e8bres du monde si elle n\u2019int\u00e9grait pas la fantastique Torre del Mangia, symbole de l\u2019\u00e9l\u00e9gance et de la puissance, et acheva de s\u2019\u00e9riger autour de 1348.<br \/>\n<\/strong><br \/>\nHaut de 87 m\u00e8tres, commenc\u00e9 en 1325 par les fr\u00e8res Francesco et Muccio di Rinaldo, doit son nom au c\u00e9l\u00e8bre Giovanni di Balduccio.<\/p>\n<p><strong> Giovanni di Balduccio a \u00e9t\u00e9 le premier gardien de la tour <\/strong> en absolu et pr\u00e9sentait un d\u00e9faut que l&rsquo;histoire a transform\u00e9 en l\u00e9gende: il s&rsquo;agissait d&rsquo;un scialacqua soldi.<\/p>\n<p>Tous ses gains ont \u00e9t\u00e9 litt\u00e9ralement consomm\u00e9s dans le meilleur des Osterias de Sienne et c&rsquo;est pourquoi il a \u00e9t\u00e9 surnomm\u00e9 le Mangiaguadagni.<\/p>\n<p>D&rsquo;ici le nom de la Torre del Mangia, la tour du Palazzo Pubblico de Sienne.<\/p>\n<p><strong> Cette tour a toujours jou\u00e9 un r\u00f4le \u00e0 la fois civique et religieux <\/strong> pendant les Stakes. Elle d\u00e9tient \u00e9galement un autre secret.<\/p>\n<p><strong> On dit que les pierres aux quatre coins de la tour contiennent des pi\u00e8ces de monnaie chanceuses <\/strong> avec des lettres myst\u00e9rieuses grav\u00e9es en h\u00e9breu et en latin.<\/p>\n<p>Il s\u2019agissait d\u2019une pratique r\u00e9pandue du Moyen-\u00c2ge et avait pour but de d\u00e9fendre symboliquement les tours contre la foudre et d\u2019autres calamit\u00e9s.<\/p>\n<p><strong> En ce qui concerne sa cloche, elle a \u00e9t\u00e9 install\u00e9e en 1666 et p\u00e8se 6760 kg. Elle est appel\u00e9e Campanone <\/strong> par le siennois, une \u0153uvre avec une particularit\u00e9, un son \u00e9trange et d\u00e9saccord\u00e9 qui ne peut \u00eatre accept\u00e9 que s&rsquo;il est caus\u00e9 exclusivement par un battant \u00e0 la main.<\/p>\n<p>Cela se produit uniquement pendant la journ\u00e9e du Palio, tandis que le reste de la journ\u00e9e, un syst\u00e8me automatique est actif.<\/p>\n<p>La Torre del Mangia regorge de l\u00e9gendes et d\u2019histoires transmises de g\u00e9n\u00e9ration en g\u00e9n\u00e9ration par les Siennois et repr\u00e9sente une \u0153uvre monumentale qui met en valeur et embellit toute la place.<\/p>\n<p>Si vous voulez voir cette attraction de Sienne et toutes les autres du Centre, vous devriez rester dans un h\u00f4tel du centre historique.<\/p>\n<p><strong> L\u2019Hotel Minerva est l\u2019un des h\u00f4tels les plus appr\u00e9ci\u00e9s des touristes car, en plus d\u2019\u00eatre un h\u00f4tel situ\u00e9 \u00e0 Sienne pr\u00e8s de la Piazza del Campo <\/strong>, il ne se trouve pas dans la zone de la ZTL et contient en m\u00eame temps un grand parking couvert payant endroits.<\/p>\n<p>R\u00e9servez-le aussi et choisissez l&rsquo;une de nos chambres avec vue panoramique sur le centre historique de Sienne.<\/p>\n<p>Utilisez notre syst\u00e8me de r\u00e9servation ci-dessus ou appelez-nous directement au 0577 28 44 74 et vous aurez toujours et absolument le meilleur prix garanti.<\/p>\n<p>Appelez-nous en un clic!<\/p>\n","protected":false},"excerpt":{"rendered":"<p>La Torre del Mangia La merveilleuse Piazza del Campo ne serait pas l\u2019une des places les plus c\u00e9l\u00e8bres du monde<\/p>\n","protected":false},"author":3,"featured_media":0,"parent":0,"menu_order":0,"comment_status":"closed","ping_status":"closed","template":"","meta":{"_acf_changed":false,"footnotes":""},"class_list":["post-3006","page","type-page","status-publish","hentry"],"acf":[],"yoast_head":"<!-- This site is optimized with the Yoast SEO plugin v27.4 - https:\/\/yoast.com\/product\/yoast-seo-wordpress\/ -->\n<title>La Torre del Mangia sur la Piazza del Campo - Hotel Minerva Siena<\/title>\n<meta name=\"robots\" content=\"index, follow, max-snippet:-1, max-image-preview:large, max-video-preview:-1\" \/>\n<link rel=\"canonical\" href=\"https:\/\/www.albergominerva.it\/fr\/la-torre-del-mangia-sur-la-piazza-del-campo\/\" \/>\n<meta property=\"og:locale\" content=\"fr_FR\" \/>\n<meta property=\"og:type\" content=\"article\" \/>\n<meta property=\"og:title\" content=\"La Torre del Mangia sur la Piazza del Campo - Hotel Minerva Siena\" \/>\n<meta property=\"og:description\" content=\"La Torre del Mangia La merveilleuse Piazza del Campo ne serait pas l\u2019une des places les plus c\u00e9l\u00e8bres du monde\" \/>\n<meta property=\"og:url\" content=\"https:\/\/www.albergominerva.it\/fr\/la-torre-del-mangia-sur-la-piazza-del-campo\/\" \/>\n<meta property=\"og:site_name\" content=\"Hotel Minerva Siena\" \/>\n<meta property=\"article:modified_time\" content=\"2019-07-02T07:55:35+00:00\" \/>\n<meta name=\"twitter:card\" content=\"summary_large_image\" \/>\n<meta name=\"twitter:label1\" content=\"Dur\u00e9e de lecture estim\u00e9e\" \/>\n\t<meta name=\"twitter:data1\" content=\"2 minutes\" \/>\n<script type=\"application\/ld+json\" class=\"yoast-schema-graph\">{\"@context\":\"https:\\\/\\\/schema.org\",\"@graph\":[{\"@type\":\"WebPage\",\"@id\":\"https:\\\/\\\/www.albergominerva.it\\\/fr\\\/la-torre-del-mangia-sur-la-piazza-del-campo\\\/\",\"url\":\"https:\\\/\\\/www.albergominerva.it\\\/fr\\\/la-torre-del-mangia-sur-la-piazza-del-campo\\\/\",\"name\":\"La Torre del Mangia sur la Piazza del Campo - Hotel Minerva Siena\",\"isPartOf\":{\"@id\":\"https:\\\/\\\/www.albergominerva.it\\\/fr\\\/#website\"},\"datePublished\":\"2019-03-17T21:36:04+00:00\",\"dateModified\":\"2019-07-02T07:55:35+00:00\",\"breadcrumb\":{\"@id\":\"https:\\\/\\\/www.albergominerva.it\\\/fr\\\/la-torre-del-mangia-sur-la-piazza-del-campo\\\/#breadcrumb\"},\"inLanguage\":\"fr-FR\",\"potentialAction\":[{\"@type\":\"ReadAction\",\"target\":[\"https:\\\/\\\/www.albergominerva.it\\\/fr\\\/la-torre-del-mangia-sur-la-piazza-del-campo\\\/\"]}]},{\"@type\":\"BreadcrumbList\",\"@id\":\"https:\\\/\\\/www.albergominerva.it\\\/fr\\\/la-torre-del-mangia-sur-la-piazza-del-campo\\\/#breadcrumb\",\"itemListElement\":[{\"@type\":\"ListItem\",\"position\":1,\"name\":\"Home\",\"item\":\"https:\\\/\\\/www.albergominerva.it\\\/fr\\\/\"},{\"@type\":\"ListItem\",\"position\":2,\"name\":\"La Torre del Mangia sur la Piazza del Campo\"}]},{\"@type\":\"WebSite\",\"@id\":\"https:\\\/\\\/www.albergominerva.it\\\/fr\\\/#website\",\"url\":\"https:\\\/\\\/www.albergominerva.it\\\/fr\\\/\",\"name\":\"Hotel Minerva Siena\",\"description\":\"Hotel in Centro Storico a Siena - Toscana - Italy\",\"potentialAction\":[{\"@type\":\"SearchAction\",\"target\":{\"@type\":\"EntryPoint\",\"urlTemplate\":\"https:\\\/\\\/www.albergominerva.it\\\/fr\\\/?s={search_term_string}\"},\"query-input\":{\"@type\":\"PropertyValueSpecification\",\"valueRequired\":true,\"valueName\":\"search_term_string\"}}],\"inLanguage\":\"fr-FR\"}]}<\/script>\n<!-- \/ Yoast SEO plugin. -->","yoast_head_json":{"title":"La Torre del Mangia sur la Piazza del Campo - Hotel Minerva Siena","robots":{"index":"index","follow":"follow","max-snippet":"max-snippet:-1","max-image-preview":"max-image-preview:large","max-video-preview":"max-video-preview:-1"},"canonical":"https:\/\/www.albergominerva.it\/fr\/la-torre-del-mangia-sur-la-piazza-del-campo\/","og_locale":"fr_FR","og_type":"article","og_title":"La Torre del Mangia sur la Piazza del Campo - Hotel Minerva Siena","og_description":"La Torre del Mangia La merveilleuse Piazza del Campo ne serait pas l\u2019une des places les plus c\u00e9l\u00e8bres du monde","og_url":"https:\/\/www.albergominerva.it\/fr\/la-torre-del-mangia-sur-la-piazza-del-campo\/","og_site_name":"Hotel Minerva Siena","article_modified_time":"2019-07-02T07:55:35+00:00","twitter_card":"summary_large_image","twitter_misc":{"Dur\u00e9e de lecture estim\u00e9e":"2 minutes"},"schema":{"@context":"https:\/\/schema.org","@graph":[{"@type":"WebPage","@id":"https:\/\/www.albergominerva.it\/fr\/la-torre-del-mangia-sur-la-piazza-del-campo\/","url":"https:\/\/www.albergominerva.it\/fr\/la-torre-del-mangia-sur-la-piazza-del-campo\/","name":"La Torre del Mangia sur la Piazza del Campo - Hotel Minerva Siena","isPartOf":{"@id":"https:\/\/www.albergominerva.it\/fr\/#website"},"datePublished":"2019-03-17T21:36:04+00:00","dateModified":"2019-07-02T07:55:35+00:00","breadcrumb":{"@id":"https:\/\/www.albergominerva.it\/fr\/la-torre-del-mangia-sur-la-piazza-del-campo\/#breadcrumb"},"inLanguage":"fr-FR","potentialAction":[{"@type":"ReadAction","target":["https:\/\/www.albergominerva.it\/fr\/la-torre-del-mangia-sur-la-piazza-del-campo\/"]}]},{"@type":"BreadcrumbList","@id":"https:\/\/www.albergominerva.it\/fr\/la-torre-del-mangia-sur-la-piazza-del-campo\/#breadcrumb","itemListElement":[{"@type":"ListItem","position":1,"name":"Home","item":"https:\/\/www.albergominerva.it\/fr\/"},{"@type":"ListItem","position":2,"name":"La Torre del Mangia sur la Piazza del Campo"}]},{"@type":"WebSite","@id":"https:\/\/www.albergominerva.it\/fr\/#website","url":"https:\/\/www.albergominerva.it\/fr\/","name":"Hotel Minerva Siena","description":"Hotel in Centro Storico a Siena - Toscana - Italy","potentialAction":[{"@type":"SearchAction","target":{"@type":"EntryPoint","urlTemplate":"https:\/\/www.albergominerva.it\/fr\/?s={search_term_string}"},"query-input":{"@type":"PropertyValueSpecification","valueRequired":true,"valueName":"search_term_string"}}],"inLanguage":"fr-FR"}]}},"_links":{"self":[{"href":"https:\/\/www.albergominerva.it\/fr\/wp-json\/wp\/v2\/pages\/3006","targetHints":{"allow":["GET"]}}],"collection":[{"href":"https:\/\/www.albergominerva.it\/fr\/wp-json\/wp\/v2\/pages"}],"about":[{"href":"https:\/\/www.albergominerva.it\/fr\/wp-json\/wp\/v2\/types\/page"}],"author":[{"embeddable":true,"href":"https:\/\/www.albergominerva.it\/fr\/wp-json\/wp\/v2\/users\/3"}],"replies":[{"embeddable":true,"href":"https:\/\/www.albergominerva.it\/fr\/wp-json\/wp\/v2\/comments?post=3006"}],"version-history":[{"count":2,"href":"https:\/\/www.albergominerva.it\/fr\/wp-json\/wp\/v2\/pages\/3006\/revisions"}],"predecessor-version":[{"id":3556,"href":"https:\/\/www.albergominerva.it\/fr\/wp-json\/wp\/v2\/pages\/3006\/revisions\/3556"}],"wp:attachment":[{"href":"https:\/\/www.albergominerva.it\/fr\/wp-json\/wp\/v2\/media?parent=3006"}],"curies":[{"name":"wp","href":"https:\/\/api.w.org\/{rel}","templated":true}]}}