{"id":3008,"date":"2019-03-17T21:41:16","date_gmt":"2019-03-17T21:41:16","guid":{"rendered":"https:\/\/albergominerva.it\/fr\/?page_id=3008"},"modified":"2019-03-17T21:41:16","modified_gmt":"2019-03-17T21:41:16","slug":"les-meilleurs-musees-de-sienne-a-visiter-le-musee-municipal-de-la-piazza-del-campo","status":"publish","type":"page","link":"https:\/\/www.albergominerva.it\/fr\/les-meilleurs-musees-de-sienne-a-visiter-le-musee-municipal-de-la-piazza-del-campo\/","title":{"rendered":"Les meilleurs mus\u00e9es de Sienne \u00e0 visiter: Le mus\u00e9e municipal de la Piazza del Campo"},"content":{"rendered":"<h1> Le mus\u00e9e municipal de Sienne <\/h1>\n<p>Parmi les meilleurs mus\u00e9es de Sienne \u00e0 visiter, nous ne pouvons manquer de mentionner le magnifique <strong> mus\u00e9e municipal situ\u00e9 \u00e0 l&rsquo;int\u00e9rieur du Palazzo Pubblico, sur la Piazza del Campo <\/strong>.<\/p>\n<p><strong> Le mus\u00e9e municipal est l\u2019une des principales attractions de Sienne et <\/strong> il repr\u00e9sente un v\u00e9ritable voyage dans l\u2019histoire et les traditions de la ville.<\/p>\n<p>\u00c0 l&rsquo;int\u00e9rieur, vous trouverez des chefs-d&rsquo;\u0153uvre inestimables r\u00e9alis\u00e9s au cours de plusieurs si\u00e8cles.<\/p>\n<p>Parmi les \u0153uvres principales et au sein de la Sala del Mappamondo, vous pourrez admirer deux \u0153uvres de Simone Martini d\u2019une beaut\u00e9 infinie: <strong> Guidoriccio da Fogliano au si\u00e8ge de Monetassi et de la Majest\u00e9, toutes deux en 1315 <\/strong>.<\/p>\n<p>La Majest\u00e9 repr\u00e9sente superbement une Vierge et l&rsquo;Enfant prot\u00e9g\u00e9s et entour\u00e9s par les Anges et les Saints qui assistent la ville enti\u00e8re.<\/p>\n<p>Ensuite, il y a la Sala dei Nove dans laquelle vous trouverez le c\u00e9l\u00e8bre cycle <strong> Ambrogio Lorenzetti avec les effets du bon et du mauvais gouvernement <\/strong>.<\/p>\n<p>Ensuite, il y a la Sala di Balia qui <strong> Spinello Aretino est orn\u00e9e des Histoires d&rsquo;Alexandre 3 <\/strong> qui ont \u00e9galement combattu contre Federico Barbarossa.<\/p>\n<p>A cela s\u2019ajoute <strong> Le cycle des hommes c\u00e9l\u00e8bres <\/strong> avec une galerie de tous ceux qui \u00e9taient les personnages les plus c\u00e9l\u00e8bres de la Rome antique.<\/p>\n<p>En continuant votre promenade, vous pourrez admirer <strong> la salle du Consistoire qui abrite le cycle des vertus publiques de Domenico Beccafumi <\/strong>.<\/p>\n<p>Le mus\u00e9e m\u00e8ne ensuite \u00e0 une immense terrasse panoramique pour admirer le magnifique Orto de \u2019Pecci.<\/p>\n<p>Si vous souhaitez visiter ce mus\u00e9e \u00e0 Sienne <strong>, vous devez toujours dormir dans un h\u00f4tel du centre <\/strong>.<\/p>\n<p>L&rsquo;Hotel Minerva est un h\u00f4tel situ\u00e9 dans le centre historique de Sienne avec un parking, un magnifique h\u00f4tel 3 \u00e9toiles proposant des chambres avec vue panoramique sur la ville.<\/p>\n<p><strong> Naviguez sur le site et d\u00e9couvrez pourquoi le Minerva est l\u2019un des h\u00f4tels du centre de Sienne <\/strong>, pr\u00e9f\u00e9r\u00e9 des touristes.<\/p>\n<p>R\u00e9servez directement sur le site et vous b\u00e9n\u00e9ficierez toujours du meilleur prix garanti.<\/p>\n","protected":false},"excerpt":{"rendered":"<p>Le mus\u00e9e municipal de Sienne Parmi les meilleurs mus\u00e9es de Sienne \u00e0 visiter, nous ne pouvons manquer de mentionner le<\/p>\n","protected":false},"author":3,"featured_media":0,"parent":0,"menu_order":0,"comment_status":"closed","ping_status":"closed","template":"","meta":{"_acf_changed":false,"footnotes":""},"class_list":["post-3008","page","type-page","status-publish","hentry"],"acf":[],"yoast_head":"<!-- This site is optimized with the Yoast SEO plugin v27.4 - https:\/\/yoast.com\/product\/yoast-seo-wordpress\/ -->\n<title>Les meilleurs mus\u00e9es de Sienne \u00e0 visiter: Le mus\u00e9e municipal de la Piazza del Campo - Hotel Minerva Siena<\/title>\n<meta name=\"robots\" content=\"index, follow, max-snippet:-1, max-image-preview:large, max-video-preview:-1\" \/>\n<link rel=\"canonical\" href=\"https:\/\/www.albergominerva.it\/fr\/les-meilleurs-musees-de-sienne-a-visiter-le-musee-municipal-de-la-piazza-del-campo\/\" \/>\n<meta property=\"og:locale\" content=\"fr_FR\" \/>\n<meta property=\"og:type\" content=\"article\" \/>\n<meta property=\"og:title\" content=\"Les meilleurs mus\u00e9es de Sienne \u00e0 visiter: Le mus\u00e9e municipal de la Piazza del Campo - Hotel Minerva Siena\" \/>\n<meta property=\"og:description\" content=\"Le mus\u00e9e municipal de Sienne Parmi les meilleurs mus\u00e9es de Sienne \u00e0 visiter, nous ne pouvons manquer de mentionner le\" \/>\n<meta property=\"og:url\" content=\"https:\/\/www.albergominerva.it\/fr\/les-meilleurs-musees-de-sienne-a-visiter-le-musee-municipal-de-la-piazza-del-campo\/\" \/>\n<meta property=\"og:site_name\" content=\"Hotel Minerva Siena\" \/>\n<meta name=\"twitter:card\" content=\"summary_large_image\" \/>\n<meta name=\"twitter:label1\" content=\"Dur\u00e9e de lecture estim\u00e9e\" \/>\n\t<meta name=\"twitter:data1\" content=\"2 minutes\" \/>\n<script type=\"application\/ld+json\" class=\"yoast-schema-graph\">{\"@context\":\"https:\\\/\\\/schema.org\",\"@graph\":[{\"@type\":\"WebPage\",\"@id\":\"https:\\\/\\\/www.albergominerva.it\\\/fr\\\/les-meilleurs-musees-de-sienne-a-visiter-le-musee-municipal-de-la-piazza-del-campo\\\/\",\"url\":\"https:\\\/\\\/www.albergominerva.it\\\/fr\\\/les-meilleurs-musees-de-sienne-a-visiter-le-musee-municipal-de-la-piazza-del-campo\\\/\",\"name\":\"Les meilleurs mus\u00e9es de Sienne \u00e0 visiter: Le mus\u00e9e municipal de la Piazza del Campo - Hotel Minerva Siena\",\"isPartOf\":{\"@id\":\"https:\\\/\\\/www.albergominerva.it\\\/fr\\\/#website\"},\"datePublished\":\"2019-03-17T21:41:16+00:00\",\"breadcrumb\":{\"@id\":\"https:\\\/\\\/www.albergominerva.it\\\/fr\\\/les-meilleurs-musees-de-sienne-a-visiter-le-musee-municipal-de-la-piazza-del-campo\\\/#breadcrumb\"},\"inLanguage\":\"fr-FR\",\"potentialAction\":[{\"@type\":\"ReadAction\",\"target\":[\"https:\\\/\\\/www.albergominerva.it\\\/fr\\\/les-meilleurs-musees-de-sienne-a-visiter-le-musee-municipal-de-la-piazza-del-campo\\\/\"]}]},{\"@type\":\"BreadcrumbList\",\"@id\":\"https:\\\/\\\/www.albergominerva.it\\\/fr\\\/les-meilleurs-musees-de-sienne-a-visiter-le-musee-municipal-de-la-piazza-del-campo\\\/#breadcrumb\",\"itemListElement\":[{\"@type\":\"ListItem\",\"position\":1,\"name\":\"Home\",\"item\":\"https:\\\/\\\/www.albergominerva.it\\\/fr\\\/\"},{\"@type\":\"ListItem\",\"position\":2,\"name\":\"Les meilleurs mus\u00e9es de Sienne \u00e0 visiter: Le mus\u00e9e municipal de la Piazza del Campo\"}]},{\"@type\":\"WebSite\",\"@id\":\"https:\\\/\\\/www.albergominerva.it\\\/fr\\\/#website\",\"url\":\"https:\\\/\\\/www.albergominerva.it\\\/fr\\\/\",\"name\":\"Hotel Minerva Siena\",\"description\":\"Hotel in Centro Storico a Siena - Toscana - Italy\",\"potentialAction\":[{\"@type\":\"SearchAction\",\"target\":{\"@type\":\"EntryPoint\",\"urlTemplate\":\"https:\\\/\\\/www.albergominerva.it\\\/fr\\\/?s={search_term_string}\"},\"query-input\":{\"@type\":\"PropertyValueSpecification\",\"valueRequired\":true,\"valueName\":\"search_term_string\"}}],\"inLanguage\":\"fr-FR\"}]}<\/script>\n<!-- \/ Yoast SEO plugin. -->","yoast_head_json":{"title":"Les meilleurs mus\u00e9es de Sienne \u00e0 visiter: Le mus\u00e9e municipal de la Piazza del Campo - Hotel Minerva Siena","robots":{"index":"index","follow":"follow","max-snippet":"max-snippet:-1","max-image-preview":"max-image-preview:large","max-video-preview":"max-video-preview:-1"},"canonical":"https:\/\/www.albergominerva.it\/fr\/les-meilleurs-musees-de-sienne-a-visiter-le-musee-municipal-de-la-piazza-del-campo\/","og_locale":"fr_FR","og_type":"article","og_title":"Les meilleurs mus\u00e9es de Sienne \u00e0 visiter: Le mus\u00e9e municipal de la Piazza del Campo - Hotel Minerva Siena","og_description":"Le mus\u00e9e municipal de Sienne Parmi les meilleurs mus\u00e9es de Sienne \u00e0 visiter, nous ne pouvons manquer de mentionner le","og_url":"https:\/\/www.albergominerva.it\/fr\/les-meilleurs-musees-de-sienne-a-visiter-le-musee-municipal-de-la-piazza-del-campo\/","og_site_name":"Hotel Minerva Siena","twitter_card":"summary_large_image","twitter_misc":{"Dur\u00e9e de lecture estim\u00e9e":"2 minutes"},"schema":{"@context":"https:\/\/schema.org","@graph":[{"@type":"WebPage","@id":"https:\/\/www.albergominerva.it\/fr\/les-meilleurs-musees-de-sienne-a-visiter-le-musee-municipal-de-la-piazza-del-campo\/","url":"https:\/\/www.albergominerva.it\/fr\/les-meilleurs-musees-de-sienne-a-visiter-le-musee-municipal-de-la-piazza-del-campo\/","name":"Les meilleurs mus\u00e9es de Sienne \u00e0 visiter: Le mus\u00e9e municipal de la Piazza del Campo - Hotel Minerva Siena","isPartOf":{"@id":"https:\/\/www.albergominerva.it\/fr\/#website"},"datePublished":"2019-03-17T21:41:16+00:00","breadcrumb":{"@id":"https:\/\/www.albergominerva.it\/fr\/les-meilleurs-musees-de-sienne-a-visiter-le-musee-municipal-de-la-piazza-del-campo\/#breadcrumb"},"inLanguage":"fr-FR","potentialAction":[{"@type":"ReadAction","target":["https:\/\/www.albergominerva.it\/fr\/les-meilleurs-musees-de-sienne-a-visiter-le-musee-municipal-de-la-piazza-del-campo\/"]}]},{"@type":"BreadcrumbList","@id":"https:\/\/www.albergominerva.it\/fr\/les-meilleurs-musees-de-sienne-a-visiter-le-musee-municipal-de-la-piazza-del-campo\/#breadcrumb","itemListElement":[{"@type":"ListItem","position":1,"name":"Home","item":"https:\/\/www.albergominerva.it\/fr\/"},{"@type":"ListItem","position":2,"name":"Les meilleurs mus\u00e9es de Sienne \u00e0 visiter: Le mus\u00e9e municipal de la Piazza del Campo"}]},{"@type":"WebSite","@id":"https:\/\/www.albergominerva.it\/fr\/#website","url":"https:\/\/www.albergominerva.it\/fr\/","name":"Hotel Minerva Siena","description":"Hotel in Centro Storico a Siena - Toscana - Italy","potentialAction":[{"@type":"SearchAction","target":{"@type":"EntryPoint","urlTemplate":"https:\/\/www.albergominerva.it\/fr\/?s={search_term_string}"},"query-input":{"@type":"PropertyValueSpecification","valueRequired":true,"valueName":"search_term_string"}}],"inLanguage":"fr-FR"}]}},"_links":{"self":[{"href":"https:\/\/www.albergominerva.it\/fr\/wp-json\/wp\/v2\/pages\/3008","targetHints":{"allow":["GET"]}}],"collection":[{"href":"https:\/\/www.albergominerva.it\/fr\/wp-json\/wp\/v2\/pages"}],"about":[{"href":"https:\/\/www.albergominerva.it\/fr\/wp-json\/wp\/v2\/types\/page"}],"author":[{"embeddable":true,"href":"https:\/\/www.albergominerva.it\/fr\/wp-json\/wp\/v2\/users\/3"}],"replies":[{"embeddable":true,"href":"https:\/\/www.albergominerva.it\/fr\/wp-json\/wp\/v2\/comments?post=3008"}],"version-history":[{"count":1,"href":"https:\/\/www.albergominerva.it\/fr\/wp-json\/wp\/v2\/pages\/3008\/revisions"}],"predecessor-version":[{"id":3009,"href":"https:\/\/www.albergominerva.it\/fr\/wp-json\/wp\/v2\/pages\/3008\/revisions\/3009"}],"wp:attachment":[{"href":"https:\/\/www.albergominerva.it\/fr\/wp-json\/wp\/v2\/media?parent=3008"}],"curies":[{"name":"wp","href":"https:\/\/api.w.org\/{rel}","templated":true}]}}