{"id":3010,"date":"2019-03-17T21:43:19","date_gmt":"2019-03-17T21:43:19","guid":{"rendered":"https:\/\/albergominerva.it\/fr\/?page_id=3010"},"modified":"2019-07-01T17:23:05","modified_gmt":"2019-07-01T15:23:05","slug":"monuments-a-visiter-a-sienne-la-meravigliosa-fontebranda","status":"publish","type":"page","link":"https:\/\/www.albergominerva.it\/fr\/monuments-a-visiter-a-sienne-la-meravigliosa-fontebranda\/","title":{"rendered":"Monuments \u00e0 visiter \u00e0 Sienne: Fontebranda"},"content":{"rendered":"<p><span style=\"color: inherit; font-size: 2.44em; font-weight: 600;\">Fontebranda<\/span><\/p>\n<p>La plus grande et \u00e0 la fois la plus importante des sources de Sienne, une structure imposante au merveilleux style gothique.<\/p>\n<p><strong> Il s\u2019agit de Fontebranda, une source m\u00e9di\u00e9vale n\u00e9e \u00e0 Sienne \u00e0 partir du XIIIe si\u00e8cle <\/strong> et qui comprend trois arches ogivales en plein style gothique sur lesquelles se dressent de merveilleux merles, une fa\u00e7ade \u00e0 quatre jets l\u00e9onins et le centre de Balzana, le c\u00e9l\u00e8bre embl\u00e8me de la ville de Sienne.<\/p>\n<p><strong> Fontebranda, comme toutes les sources m\u00e9di\u00e9vales traditionnelles, se compose de trois r\u00e9servoirs <\/strong>, un pour l\u2019eau potable, un pour l\u2019abreuvement des animaux et un autre pour la lessive.<\/p>\n<p><strong> Fontebranda faisait partie d\u2019un syst\u00e8me hydraulique de qualit\u00e9, visible dans le mus\u00e9e de l\u2019eau <\/strong>, et qui, gr\u00e2ce \u00e0 un aqueduc souterrain et \u00e0 de nombreux canaux, permettait de nourrir tanneries, teintureries et bien s\u00fbr des aci\u00e9ries.<\/p>\n<p><strong> Fontebranda est situ\u00e9e sur le territoire de la Noble Contrada de l&rsquo;Oie <\/strong> et \u00e9tait si c\u00e9l\u00e8bre et connue dans l&rsquo;Antiquit\u00e9 qu&rsquo;elle a \u00e9t\u00e9 mentionn\u00e9e par Dante Alighieri lui-m\u00eame dans la Divine Com\u00e9die et plus pr\u00e9cis\u00e9ment dans les versets 76 \u00e0 78 du 30e Canto de la \u00ab Inferno.<\/p>\n<p>Comme tous les principaux monuments de Sienne <strong>, vous pourrez y acc\u00e9der plus rapidement si vous d\u00e9cidez de s\u00e9journer dans un h\u00f4tel du centre <\/strong>.<\/p>\n<p><strong> Le Minerva Hotel est un h\u00f4tel trois \u00e9toiles situ\u00e9 dans le centre de Sienne. Le parking est couvert <\/strong>, moyennant un suppl\u00e9ment, avec une vingtaine de places disponibles.<\/p>\n<p><strong> Vous souhaitez en savoir plus et d\u00e9couvrir nos chambres avec vue panoramique?<br \/>\n<\/strong><br \/>\nFaites d\u00e9filer les pages du site, puis r\u00e9servez directement \u00e0 partir de notre syst\u00e8me de r\u00e9servation en ligne.<\/p>\n<p>Il est toujours conseill\u00e9 pour vous \u00e0 la fois en ligne et par t\u00e9l\u00e9phone au 0577 28 44 74, nous vous garantirons toujours le prix le plus bas possible.<\/p>\n","protected":false},"excerpt":{"rendered":"<p>Fontebranda La plus grande et \u00e0 la fois la plus importante des sources de Sienne, une structure imposante au merveilleux<\/p>\n","protected":false},"author":3,"featured_media":0,"parent":0,"menu_order":0,"comment_status":"closed","ping_status":"closed","template":"","meta":{"_acf_changed":false,"footnotes":""},"class_list":["post-3010","page","type-page","status-publish","hentry"],"acf":[],"yoast_head":"<!-- This site is optimized with the Yoast SEO plugin v27.4 - https:\/\/yoast.com\/product\/yoast-seo-wordpress\/ -->\n<title>Monuments \u00e0 visiter \u00e0 Sienne: Fontebranda - Hotel Minerva Siena<\/title>\n<meta name=\"robots\" content=\"index, follow, max-snippet:-1, max-image-preview:large, max-video-preview:-1\" \/>\n<link rel=\"canonical\" href=\"https:\/\/www.albergominerva.it\/fr\/monuments-a-visiter-a-sienne-la-meravigliosa-fontebranda\/\" \/>\n<meta property=\"og:locale\" content=\"fr_FR\" \/>\n<meta property=\"og:type\" content=\"article\" \/>\n<meta property=\"og:title\" content=\"Monuments \u00e0 visiter \u00e0 Sienne: Fontebranda - Hotel Minerva Siena\" \/>\n<meta property=\"og:description\" content=\"Fontebranda La plus grande et \u00e0 la fois la plus importante des sources de Sienne, une structure imposante au merveilleux\" \/>\n<meta property=\"og:url\" content=\"https:\/\/www.albergominerva.it\/fr\/monuments-a-visiter-a-sienne-la-meravigliosa-fontebranda\/\" \/>\n<meta property=\"og:site_name\" content=\"Hotel Minerva Siena\" \/>\n<meta property=\"article:modified_time\" content=\"2019-07-01T15:23:05+00:00\" \/>\n<meta name=\"twitter:card\" content=\"summary_large_image\" \/>\n<meta name=\"twitter:label1\" content=\"Dur\u00e9e de lecture estim\u00e9e\" \/>\n\t<meta name=\"twitter:data1\" content=\"2 minutes\" \/>\n<script type=\"application\/ld+json\" class=\"yoast-schema-graph\">{\"@context\":\"https:\\\/\\\/schema.org\",\"@graph\":[{\"@type\":\"WebPage\",\"@id\":\"https:\\\/\\\/www.albergominerva.it\\\/fr\\\/monuments-a-visiter-a-sienne-la-meravigliosa-fontebranda\\\/\",\"url\":\"https:\\\/\\\/www.albergominerva.it\\\/fr\\\/monuments-a-visiter-a-sienne-la-meravigliosa-fontebranda\\\/\",\"name\":\"Monuments \u00e0 visiter \u00e0 Sienne: Fontebranda - Hotel Minerva Siena\",\"isPartOf\":{\"@id\":\"https:\\\/\\\/www.albergominerva.it\\\/fr\\\/#website\"},\"datePublished\":\"2019-03-17T21:43:19+00:00\",\"dateModified\":\"2019-07-01T15:23:05+00:00\",\"breadcrumb\":{\"@id\":\"https:\\\/\\\/www.albergominerva.it\\\/fr\\\/monuments-a-visiter-a-sienne-la-meravigliosa-fontebranda\\\/#breadcrumb\"},\"inLanguage\":\"fr-FR\",\"potentialAction\":[{\"@type\":\"ReadAction\",\"target\":[\"https:\\\/\\\/www.albergominerva.it\\\/fr\\\/monuments-a-visiter-a-sienne-la-meravigliosa-fontebranda\\\/\"]}]},{\"@type\":\"BreadcrumbList\",\"@id\":\"https:\\\/\\\/www.albergominerva.it\\\/fr\\\/monuments-a-visiter-a-sienne-la-meravigliosa-fontebranda\\\/#breadcrumb\",\"itemListElement\":[{\"@type\":\"ListItem\",\"position\":1,\"name\":\"Home\",\"item\":\"https:\\\/\\\/www.albergominerva.it\\\/fr\\\/\"},{\"@type\":\"ListItem\",\"position\":2,\"name\":\"Monuments \u00e0 visiter \u00e0 Sienne: Fontebranda\"}]},{\"@type\":\"WebSite\",\"@id\":\"https:\\\/\\\/www.albergominerva.it\\\/fr\\\/#website\",\"url\":\"https:\\\/\\\/www.albergominerva.it\\\/fr\\\/\",\"name\":\"Hotel Minerva Siena\",\"description\":\"Hotel in Centro Storico a Siena - Toscana - Italy\",\"potentialAction\":[{\"@type\":\"SearchAction\",\"target\":{\"@type\":\"EntryPoint\",\"urlTemplate\":\"https:\\\/\\\/www.albergominerva.it\\\/fr\\\/?s={search_term_string}\"},\"query-input\":{\"@type\":\"PropertyValueSpecification\",\"valueRequired\":true,\"valueName\":\"search_term_string\"}}],\"inLanguage\":\"fr-FR\"}]}<\/script>\n<!-- \/ Yoast SEO plugin. -->","yoast_head_json":{"title":"Monuments \u00e0 visiter \u00e0 Sienne: Fontebranda - Hotel Minerva Siena","robots":{"index":"index","follow":"follow","max-snippet":"max-snippet:-1","max-image-preview":"max-image-preview:large","max-video-preview":"max-video-preview:-1"},"canonical":"https:\/\/www.albergominerva.it\/fr\/monuments-a-visiter-a-sienne-la-meravigliosa-fontebranda\/","og_locale":"fr_FR","og_type":"article","og_title":"Monuments \u00e0 visiter \u00e0 Sienne: Fontebranda - Hotel Minerva Siena","og_description":"Fontebranda La plus grande et \u00e0 la fois la plus importante des sources de Sienne, une structure imposante au merveilleux","og_url":"https:\/\/www.albergominerva.it\/fr\/monuments-a-visiter-a-sienne-la-meravigliosa-fontebranda\/","og_site_name":"Hotel Minerva Siena","article_modified_time":"2019-07-01T15:23:05+00:00","twitter_card":"summary_large_image","twitter_misc":{"Dur\u00e9e de lecture estim\u00e9e":"2 minutes"},"schema":{"@context":"https:\/\/schema.org","@graph":[{"@type":"WebPage","@id":"https:\/\/www.albergominerva.it\/fr\/monuments-a-visiter-a-sienne-la-meravigliosa-fontebranda\/","url":"https:\/\/www.albergominerva.it\/fr\/monuments-a-visiter-a-sienne-la-meravigliosa-fontebranda\/","name":"Monuments \u00e0 visiter \u00e0 Sienne: Fontebranda - Hotel Minerva Siena","isPartOf":{"@id":"https:\/\/www.albergominerva.it\/fr\/#website"},"datePublished":"2019-03-17T21:43:19+00:00","dateModified":"2019-07-01T15:23:05+00:00","breadcrumb":{"@id":"https:\/\/www.albergominerva.it\/fr\/monuments-a-visiter-a-sienne-la-meravigliosa-fontebranda\/#breadcrumb"},"inLanguage":"fr-FR","potentialAction":[{"@type":"ReadAction","target":["https:\/\/www.albergominerva.it\/fr\/monuments-a-visiter-a-sienne-la-meravigliosa-fontebranda\/"]}]},{"@type":"BreadcrumbList","@id":"https:\/\/www.albergominerva.it\/fr\/monuments-a-visiter-a-sienne-la-meravigliosa-fontebranda\/#breadcrumb","itemListElement":[{"@type":"ListItem","position":1,"name":"Home","item":"https:\/\/www.albergominerva.it\/fr\/"},{"@type":"ListItem","position":2,"name":"Monuments \u00e0 visiter \u00e0 Sienne: Fontebranda"}]},{"@type":"WebSite","@id":"https:\/\/www.albergominerva.it\/fr\/#website","url":"https:\/\/www.albergominerva.it\/fr\/","name":"Hotel Minerva Siena","description":"Hotel in Centro Storico a Siena - Toscana - Italy","potentialAction":[{"@type":"SearchAction","target":{"@type":"EntryPoint","urlTemplate":"https:\/\/www.albergominerva.it\/fr\/?s={search_term_string}"},"query-input":{"@type":"PropertyValueSpecification","valueRequired":true,"valueName":"search_term_string"}}],"inLanguage":"fr-FR"}]}},"_links":{"self":[{"href":"https:\/\/www.albergominerva.it\/fr\/wp-json\/wp\/v2\/pages\/3010","targetHints":{"allow":["GET"]}}],"collection":[{"href":"https:\/\/www.albergominerva.it\/fr\/wp-json\/wp\/v2\/pages"}],"about":[{"href":"https:\/\/www.albergominerva.it\/fr\/wp-json\/wp\/v2\/types\/page"}],"author":[{"embeddable":true,"href":"https:\/\/www.albergominerva.it\/fr\/wp-json\/wp\/v2\/users\/3"}],"replies":[{"embeddable":true,"href":"https:\/\/www.albergominerva.it\/fr\/wp-json\/wp\/v2\/comments?post=3010"}],"version-history":[{"count":4,"href":"https:\/\/www.albergominerva.it\/fr\/wp-json\/wp\/v2\/pages\/3010\/revisions"}],"predecessor-version":[{"id":3490,"href":"https:\/\/www.albergominerva.it\/fr\/wp-json\/wp\/v2\/pages\/3010\/revisions\/3490"}],"wp:attachment":[{"href":"https:\/\/www.albergominerva.it\/fr\/wp-json\/wp\/v2\/media?parent=3010"}],"curies":[{"name":"wp","href":"https:\/\/api.w.org\/{rel}","templated":true}]}}