{"id":3017,"date":"2019-03-17T21:50:42","date_gmt":"2019-03-17T21:50:42","guid":{"rendered":"https:\/\/albergominerva.it\/fr\/?page_id=3017"},"modified":"2019-03-17T21:50:42","modified_gmt":"2019-03-17T21:50:42","slug":"musees-a-visiter-a-sienne-le-magnifique-oratoire-de-la-compagnie-de-san-bernardino","status":"publish","type":"page","link":"https:\/\/www.albergominerva.it\/fr\/musees-a-visiter-a-sienne-le-magnifique-oratoire-de-la-compagnie-de-san-bernardino\/","title":{"rendered":"Mus\u00e9es \u00e0 visiter \u00e0 Sienne: Le magnifique oratoire de la Compagnie de San Bernardino"},"content":{"rendered":"<h1> L&rsquo;Oratoire de la Compagnie de San Bernardino <\/h1>\n<p>Sienne regorge de mus\u00e9es, de collections extraordinaires de divers courants artistiques qui ont suivi au fil du temps et qui ont su repr\u00e9senter l\u2019\u00e9volution des coutumes et des traditions.<\/p>\n<p><strong> L&rsquo;un des mus\u00e9es les plus c\u00e9l\u00e8bres et les plus repr\u00e9sentatifs de Sienne est sans aucun doute le magnifique oratoire de la Compagnia di San Bernardino. <\/strong><\/p>\n<p>Auparavant, ce b\u00e2timent abritait la Confr\u00e9rie Santa Maria et San Francesco. \u00c0 partir du XVIe si\u00e8cle, il a \u00e9t\u00e9 baptis\u00e9 du nom de Bernardino Albizzeschi, un moine canonis\u00e9 de 1450 qui &#8211; vous devez savoir &#8211; se trouve sur la place en face de l&rsquo;oratoire <strong> ses sermons aux citoyens siennois <\/strong>.<\/p>\n<p>Le symbole de San Bernardino, un soleil avec douze rayons au centre duquel se trouvent les lettres JHS (Jesus Hominum Salvator), est encore inscrit sur le portail en travertin datant de 1574.<\/p>\n<p><strong> La partie la plus belle du mus\u00e9e est la chapelle de l&rsquo;Oratoire Sup\u00e9rieur <\/strong> avec les fresques des plus c\u00e9l\u00e8bres peintres siennois du &lsquo;500, tels que Domenico Beccafumi, Girolamo Pacchia et Giovanni Antonio Bazzi, dit le Sodoma.<\/p>\n<p>L&rsquo;Oratoire inf\u00e9rieur propose \u00e9galement des chefs-d&rsquo;\u0153uvre inestimables des XIIIe et XIVe si\u00e8cles, de la Vierge \u00e0 la protection de Sienne d&rsquo;Arcangelo Salimbeni aux Histoires de la vie de San Bernardino r\u00e9alis\u00e9es par Rutilio et Domenico Manetti, Bernardino Mei, Deifebo Burbarini et Ventura Salimbeni. .<\/p>\n<p><strong> La Vierge et Dieu le p\u00e8re de Ventura Salimbeni sont particuli\u00e8rement significatifs. <\/strong><\/p>\n<p>Outre l&rsquo;oratoire sup\u00e9rieur et inf\u00e9rieur, il y a une petite sacristie avec le sensationnel Christ Portacroce de Domenico Beccafumi mais \u00e9galement le Crucifix de Giovanni di Paolo.<\/p>\n<p><strong> Mais le chef-d&rsquo;\u0153uvre absolu de la sacristie est sans aucun doute l&rsquo;Annonciation de Matteo di Giovanni. <\/strong><\/p>\n<p>Pour les amateurs d&rsquo;\u00e9pop\u00e9e et de myst\u00e8re, il y a ensuite le suggestif San Giorgio et le Drago di Sano di Pietro, une \u0153uvre qui remplit les yeux d&rsquo;une saine admiration.<\/p>\n<p>Enfin, il y a une petite salle o\u00f9, outre les peintures des XIIIe et XIVe si\u00e8cles, se trouve une toile d&rsquo;Ambrogio Lorenzetti qui repr\u00e9sente la conjonction id\u00e9ale entre art, spiritualit\u00e9 et tendresse d&rsquo;une m\u00e8re, <strong> la magnifique Madone du lait <\/strong>.<\/p>\n<p>L&rsquo;Oratoire de San Bernardino est une masse d&rsquo;\u0153uvres qui savent exprimer toute la magie de l&rsquo;art toscan, des bijoux qui repr\u00e9sentent la vie de l&rsquo;\u00e9glise et sa capacit\u00e9 \u00e0 accueillir et \u00e0 financer le meilleur des talents de cette \u00e9poque.<\/p>\n<p><strong> L\u2019Oratoire de San Bernardino n\u2019est qu\u2019\u00e0 quelques minutes \u00e0 pied de l\u2019h\u00f4tel Minerva, <\/strong> notre h\u00f4tel situ\u00e9 dans le centre de Sienne, un magnifique h\u00f4tel trois \u00e9toiles dot\u00e9 d\u2019un parking couvert de 20 places payant.<\/p>\n<p>L\u2019h\u00f4tel Minerva, situ\u00e9 \u00e0 moins de 4 minutes en voiture de la gare, est <strong> la solution id\u00e9ale pour ceux qui souhaitent s\u00e9journer \u00e0 Sienne dans le centre historique <\/strong>.<\/p>\n<p>Nous disposons \u00e9galement de nombreuses <strong> chambres avec vue panoramique sur le centre de Sienne <\/strong> pour faire l&rsquo;exp\u00e9rience de la ville \u00e0 100%.<\/p>\n<p>R\u00e9servez maintenant en cliquant ci-dessus et vous obtiendrez toujours le meilleur prix garanti.<\/p>\n","protected":false},"excerpt":{"rendered":"<p>L&rsquo;Oratoire de la Compagnie de San Bernardino Sienne regorge de mus\u00e9es, de collections extraordinaires de divers courants artistiques qui ont<\/p>\n","protected":false},"author":3,"featured_media":0,"parent":0,"menu_order":0,"comment_status":"closed","ping_status":"closed","template":"","meta":{"_acf_changed":false,"footnotes":""},"class_list":["post-3017","page","type-page","status-publish","hentry"],"acf":[],"yoast_head":"<!-- This site is optimized with the Yoast SEO plugin v27.4 - https:\/\/yoast.com\/product\/yoast-seo-wordpress\/ -->\n<title>Mus\u00e9es \u00e0 visiter \u00e0 Sienne: Le magnifique oratoire de la Compagnie de San Bernardino - Hotel Minerva Siena<\/title>\n<meta name=\"robots\" content=\"index, follow, max-snippet:-1, max-image-preview:large, max-video-preview:-1\" \/>\n<link rel=\"canonical\" href=\"https:\/\/www.albergominerva.it\/fr\/musees-a-visiter-a-sienne-le-magnifique-oratoire-de-la-compagnie-de-san-bernardino\/\" \/>\n<meta property=\"og:locale\" content=\"fr_FR\" \/>\n<meta property=\"og:type\" content=\"article\" \/>\n<meta property=\"og:title\" content=\"Mus\u00e9es \u00e0 visiter \u00e0 Sienne: Le magnifique oratoire de la Compagnie de San Bernardino - Hotel Minerva Siena\" \/>\n<meta property=\"og:description\" content=\"L&rsquo;Oratoire de la Compagnie de San Bernardino Sienne regorge de mus\u00e9es, de collections extraordinaires de divers courants artistiques qui ont\" \/>\n<meta property=\"og:url\" content=\"https:\/\/www.albergominerva.it\/fr\/musees-a-visiter-a-sienne-le-magnifique-oratoire-de-la-compagnie-de-san-bernardino\/\" \/>\n<meta property=\"og:site_name\" content=\"Hotel Minerva Siena\" \/>\n<meta name=\"twitter:card\" content=\"summary_large_image\" \/>\n<meta name=\"twitter:label1\" content=\"Dur\u00e9e de lecture estim\u00e9e\" \/>\n\t<meta name=\"twitter:data1\" content=\"3 minutes\" \/>\n<script type=\"application\/ld+json\" class=\"yoast-schema-graph\">{\"@context\":\"https:\\\/\\\/schema.org\",\"@graph\":[{\"@type\":\"WebPage\",\"@id\":\"https:\\\/\\\/www.albergominerva.it\\\/fr\\\/musees-a-visiter-a-sienne-le-magnifique-oratoire-de-la-compagnie-de-san-bernardino\\\/\",\"url\":\"https:\\\/\\\/www.albergominerva.it\\\/fr\\\/musees-a-visiter-a-sienne-le-magnifique-oratoire-de-la-compagnie-de-san-bernardino\\\/\",\"name\":\"Mus\u00e9es \u00e0 visiter \u00e0 Sienne: Le magnifique oratoire de la Compagnie de San Bernardino - Hotel Minerva Siena\",\"isPartOf\":{\"@id\":\"https:\\\/\\\/www.albergominerva.it\\\/fr\\\/#website\"},\"datePublished\":\"2019-03-17T21:50:42+00:00\",\"breadcrumb\":{\"@id\":\"https:\\\/\\\/www.albergominerva.it\\\/fr\\\/musees-a-visiter-a-sienne-le-magnifique-oratoire-de-la-compagnie-de-san-bernardino\\\/#breadcrumb\"},\"inLanguage\":\"fr-FR\",\"potentialAction\":[{\"@type\":\"ReadAction\",\"target\":[\"https:\\\/\\\/www.albergominerva.it\\\/fr\\\/musees-a-visiter-a-sienne-le-magnifique-oratoire-de-la-compagnie-de-san-bernardino\\\/\"]}]},{\"@type\":\"BreadcrumbList\",\"@id\":\"https:\\\/\\\/www.albergominerva.it\\\/fr\\\/musees-a-visiter-a-sienne-le-magnifique-oratoire-de-la-compagnie-de-san-bernardino\\\/#breadcrumb\",\"itemListElement\":[{\"@type\":\"ListItem\",\"position\":1,\"name\":\"Home\",\"item\":\"https:\\\/\\\/www.albergominerva.it\\\/fr\\\/\"},{\"@type\":\"ListItem\",\"position\":2,\"name\":\"Mus\u00e9es \u00e0 visiter \u00e0 Sienne: Le magnifique oratoire de la Compagnie de San Bernardino\"}]},{\"@type\":\"WebSite\",\"@id\":\"https:\\\/\\\/www.albergominerva.it\\\/fr\\\/#website\",\"url\":\"https:\\\/\\\/www.albergominerva.it\\\/fr\\\/\",\"name\":\"Hotel Minerva Siena\",\"description\":\"Hotel in Centro Storico a Siena - Toscana - Italy\",\"potentialAction\":[{\"@type\":\"SearchAction\",\"target\":{\"@type\":\"EntryPoint\",\"urlTemplate\":\"https:\\\/\\\/www.albergominerva.it\\\/fr\\\/?s={search_term_string}\"},\"query-input\":{\"@type\":\"PropertyValueSpecification\",\"valueRequired\":true,\"valueName\":\"search_term_string\"}}],\"inLanguage\":\"fr-FR\"}]}<\/script>\n<!-- \/ Yoast SEO plugin. -->","yoast_head_json":{"title":"Mus\u00e9es \u00e0 visiter \u00e0 Sienne: Le magnifique oratoire de la Compagnie de San Bernardino - Hotel Minerva Siena","robots":{"index":"index","follow":"follow","max-snippet":"max-snippet:-1","max-image-preview":"max-image-preview:large","max-video-preview":"max-video-preview:-1"},"canonical":"https:\/\/www.albergominerva.it\/fr\/musees-a-visiter-a-sienne-le-magnifique-oratoire-de-la-compagnie-de-san-bernardino\/","og_locale":"fr_FR","og_type":"article","og_title":"Mus\u00e9es \u00e0 visiter \u00e0 Sienne: Le magnifique oratoire de la Compagnie de San Bernardino - Hotel Minerva Siena","og_description":"L&rsquo;Oratoire de la Compagnie de San Bernardino Sienne regorge de mus\u00e9es, de collections extraordinaires de divers courants artistiques qui ont","og_url":"https:\/\/www.albergominerva.it\/fr\/musees-a-visiter-a-sienne-le-magnifique-oratoire-de-la-compagnie-de-san-bernardino\/","og_site_name":"Hotel Minerva Siena","twitter_card":"summary_large_image","twitter_misc":{"Dur\u00e9e de lecture estim\u00e9e":"3 minutes"},"schema":{"@context":"https:\/\/schema.org","@graph":[{"@type":"WebPage","@id":"https:\/\/www.albergominerva.it\/fr\/musees-a-visiter-a-sienne-le-magnifique-oratoire-de-la-compagnie-de-san-bernardino\/","url":"https:\/\/www.albergominerva.it\/fr\/musees-a-visiter-a-sienne-le-magnifique-oratoire-de-la-compagnie-de-san-bernardino\/","name":"Mus\u00e9es \u00e0 visiter \u00e0 Sienne: Le magnifique oratoire de la Compagnie de San Bernardino - Hotel Minerva Siena","isPartOf":{"@id":"https:\/\/www.albergominerva.it\/fr\/#website"},"datePublished":"2019-03-17T21:50:42+00:00","breadcrumb":{"@id":"https:\/\/www.albergominerva.it\/fr\/musees-a-visiter-a-sienne-le-magnifique-oratoire-de-la-compagnie-de-san-bernardino\/#breadcrumb"},"inLanguage":"fr-FR","potentialAction":[{"@type":"ReadAction","target":["https:\/\/www.albergominerva.it\/fr\/musees-a-visiter-a-sienne-le-magnifique-oratoire-de-la-compagnie-de-san-bernardino\/"]}]},{"@type":"BreadcrumbList","@id":"https:\/\/www.albergominerva.it\/fr\/musees-a-visiter-a-sienne-le-magnifique-oratoire-de-la-compagnie-de-san-bernardino\/#breadcrumb","itemListElement":[{"@type":"ListItem","position":1,"name":"Home","item":"https:\/\/www.albergominerva.it\/fr\/"},{"@type":"ListItem","position":2,"name":"Mus\u00e9es \u00e0 visiter \u00e0 Sienne: Le magnifique oratoire de la Compagnie de San Bernardino"}]},{"@type":"WebSite","@id":"https:\/\/www.albergominerva.it\/fr\/#website","url":"https:\/\/www.albergominerva.it\/fr\/","name":"Hotel Minerva Siena","description":"Hotel in Centro Storico a Siena - Toscana - Italy","potentialAction":[{"@type":"SearchAction","target":{"@type":"EntryPoint","urlTemplate":"https:\/\/www.albergominerva.it\/fr\/?s={search_term_string}"},"query-input":{"@type":"PropertyValueSpecification","valueRequired":true,"valueName":"search_term_string"}}],"inLanguage":"fr-FR"}]}},"_links":{"self":[{"href":"https:\/\/www.albergominerva.it\/fr\/wp-json\/wp\/v2\/pages\/3017","targetHints":{"allow":["GET"]}}],"collection":[{"href":"https:\/\/www.albergominerva.it\/fr\/wp-json\/wp\/v2\/pages"}],"about":[{"href":"https:\/\/www.albergominerva.it\/fr\/wp-json\/wp\/v2\/types\/page"}],"author":[{"embeddable":true,"href":"https:\/\/www.albergominerva.it\/fr\/wp-json\/wp\/v2\/users\/3"}],"replies":[{"embeddable":true,"href":"https:\/\/www.albergominerva.it\/fr\/wp-json\/wp\/v2\/comments?post=3017"}],"version-history":[{"count":1,"href":"https:\/\/www.albergominerva.it\/fr\/wp-json\/wp\/v2\/pages\/3017\/revisions"}],"predecessor-version":[{"id":3018,"href":"https:\/\/www.albergominerva.it\/fr\/wp-json\/wp\/v2\/pages\/3017\/revisions\/3018"}],"wp:attachment":[{"href":"https:\/\/www.albergominerva.it\/fr\/wp-json\/wp\/v2\/media?parent=3017"}],"curies":[{"name":"wp","href":"https:\/\/api.w.org\/{rel}","templated":true}]}}