{"id":3019,"date":"2019-03-17T21:54:07","date_gmt":"2019-03-17T21:54:07","guid":{"rendered":"https:\/\/albergominerva.it\/fr\/?page_id=3019"},"modified":"2019-03-17T21:54:07","modified_gmt":"2019-03-17T21:54:07","slug":"les-musees-siennois-a-ne-pas-manquer-le-musee-diocesain-dart-sacre","status":"publish","type":"page","link":"https:\/\/www.albergominerva.it\/fr\/les-musees-siennois-a-ne-pas-manquer-le-musee-diocesain-dart-sacre\/","title":{"rendered":"Les mus\u00e9es siennois \u00e0 ne pas manquer: le mus\u00e9e dioc\u00e9sain d&rsquo;art sacr\u00e9"},"content":{"rendered":"<h1> Le mus\u00e9e dioc\u00e9sain d&rsquo;art sacr\u00e9 <\/h1>\n<p><strong> Parmi les mus\u00e9es de Sienne que tout touriste est tenu de visiter, il y a sans aucun doute le magnifique mus\u00e9e d&rsquo;art sacr\u00e9 dioc\u00e9sain <\/strong>, un joyau d&rsquo;art et de spiritualit\u00e9 qui contient de nombreuses \u0153uvres parmi les plus repr\u00e9sentatives des artistes siennois. <strong> XIIIe au XVIIe si\u00e8cle <\/strong>.<\/p>\n<p>L\u2019\u0153uvre la plus ancienne et la plus \u00e9vocatrice de l\u2019ensemble du mus\u00e9e est la c\u00e9l\u00e8bre <strong> Madonna di Tressa <\/strong>, \u0153uvre datant de 1235 et r\u00e9alis\u00e9e par le maestro di Tressa.<\/p>\n<p>\u00c0 cela s\u2019ajoutent de nombreux autres chefs-d\u2019\u0153uvre, des petites tablettes de Sano di Pietro al tondo \u00e0 la Vierge et l\u2019Enfant du Ma\u00eetre du hareng.<\/p>\n<p><strong> \u00c0 cela s\u2019ajoutent les merveilleuses fresques des fr\u00e8res Lorenzetti <\/strong> et des tableaux d\u2019auteurs tels que Andrea Vanni, Luca di Tomm\u00e8, Segna di Bonaventura, Taddeo di Bartolo, entre autres.<\/p>\n<p><strong> Ensuite, vous trouverez un retable du Christ \u00e0 Piet\u00e0 de Vecchietta <\/strong>, des \u0153uvres de Sano di Pietro et la magnifique Madonna del Latte d\u2019Antonio Federighi.<\/p>\n<p>Dans des p\u00e9riodes ult\u00e9rieures, telles que les ann\u00e9es 500 et 600, le Christ portacroce de Beccafumi et d\u2019autres \u0153uvres de Sodoma, Del Riccio, Alessandro Casolani, Bernardino Mei, Deifebo Burbarini et Ventura Salimbeni.<\/p>\n<p><strong> Le mus\u00e9e dioc\u00e9sain d&rsquo;art sacr\u00e9 est situ\u00e9 \u00e0 l&rsquo;int\u00e9rieur de l&rsquo;oratoire de San Bernardino <\/strong> et dans les locaux annexes. Il a \u00e9t\u00e9 cr\u00e9\u00e9 par l&rsquo;archev\u00eaque Mario Jsmaele Castellano en 1980.<\/p>\n<p>Auparavant, toute la collection se trouvait dans la Pinacoth\u00e8que nationale de Sienne et m\u00eame auparavant dans les locaux du S\u00e9minaire Montarioso de Monteriggiosi.<\/p>\n<p>Le mus\u00e9e d&rsquo;art sacr\u00e9 est l&rsquo;un des mus\u00e9es les plus \u00e9vocateurs et repr\u00e9sentatifs de Sienne. Si vous souhaitez le visiter avec le plus grand calme et la plus grande tranquillit\u00e9 <strong>, vous devez toujours s\u00e9journer dans un h\u00f4tel du centre-ville <\/strong>.<\/p>\n<p>L&rsquo;Hotel Minerva est un h\u00f4tel trois \u00e9toiles situ\u00e9 dans le centre de Sienne. Il dispose d&rsquo;un parking couvert payant <\/strong> et de nombreuses chambres offrant une vue panoramique sur la ville.<\/p>\n","protected":false},"excerpt":{"rendered":"<p>Le mus\u00e9e dioc\u00e9sain d&rsquo;art sacr\u00e9 Parmi les mus\u00e9es de Sienne que tout touriste est tenu de visiter, il y a<\/p>\n","protected":false},"author":3,"featured_media":0,"parent":0,"menu_order":0,"comment_status":"closed","ping_status":"closed","template":"","meta":{"_acf_changed":false,"footnotes":""},"class_list":["post-3019","page","type-page","status-publish","hentry"],"acf":[],"yoast_head":"<!-- This site is optimized with the Yoast SEO plugin v27.4 - https:\/\/yoast.com\/product\/yoast-seo-wordpress\/ -->\n<title>Les mus\u00e9es siennois \u00e0 ne pas manquer: le mus\u00e9e dioc\u00e9sain d&#039;art sacr\u00e9 - Hotel Minerva Siena<\/title>\n<meta name=\"robots\" content=\"index, follow, max-snippet:-1, max-image-preview:large, max-video-preview:-1\" \/>\n<link rel=\"canonical\" href=\"https:\/\/www.albergominerva.it\/fr\/les-musees-siennois-a-ne-pas-manquer-le-musee-diocesain-dart-sacre\/\" \/>\n<meta property=\"og:locale\" content=\"fr_FR\" \/>\n<meta property=\"og:type\" content=\"article\" \/>\n<meta property=\"og:title\" content=\"Les mus\u00e9es siennois \u00e0 ne pas manquer: le mus\u00e9e dioc\u00e9sain d&#039;art sacr\u00e9 - Hotel Minerva Siena\" \/>\n<meta property=\"og:description\" content=\"Le mus\u00e9e dioc\u00e9sain d&rsquo;art sacr\u00e9 Parmi les mus\u00e9es de Sienne que tout touriste est tenu de visiter, il y a\" \/>\n<meta property=\"og:url\" content=\"https:\/\/www.albergominerva.it\/fr\/les-musees-siennois-a-ne-pas-manquer-le-musee-diocesain-dart-sacre\/\" \/>\n<meta property=\"og:site_name\" content=\"Hotel Minerva Siena\" \/>\n<meta name=\"twitter:card\" content=\"summary_large_image\" \/>\n<meta name=\"twitter:label1\" content=\"Dur\u00e9e de lecture estim\u00e9e\" \/>\n\t<meta name=\"twitter:data1\" content=\"2 minutes\" \/>\n<script type=\"application\/ld+json\" class=\"yoast-schema-graph\">{\"@context\":\"https:\\\/\\\/schema.org\",\"@graph\":[{\"@type\":\"WebPage\",\"@id\":\"https:\\\/\\\/www.albergominerva.it\\\/fr\\\/les-musees-siennois-a-ne-pas-manquer-le-musee-diocesain-dart-sacre\\\/\",\"url\":\"https:\\\/\\\/www.albergominerva.it\\\/fr\\\/les-musees-siennois-a-ne-pas-manquer-le-musee-diocesain-dart-sacre\\\/\",\"name\":\"Les mus\u00e9es siennois \u00e0 ne pas manquer: le mus\u00e9e dioc\u00e9sain d'art sacr\u00e9 - Hotel Minerva Siena\",\"isPartOf\":{\"@id\":\"https:\\\/\\\/www.albergominerva.it\\\/fr\\\/#website\"},\"datePublished\":\"2019-03-17T21:54:07+00:00\",\"breadcrumb\":{\"@id\":\"https:\\\/\\\/www.albergominerva.it\\\/fr\\\/les-musees-siennois-a-ne-pas-manquer-le-musee-diocesain-dart-sacre\\\/#breadcrumb\"},\"inLanguage\":\"fr-FR\",\"potentialAction\":[{\"@type\":\"ReadAction\",\"target\":[\"https:\\\/\\\/www.albergominerva.it\\\/fr\\\/les-musees-siennois-a-ne-pas-manquer-le-musee-diocesain-dart-sacre\\\/\"]}]},{\"@type\":\"BreadcrumbList\",\"@id\":\"https:\\\/\\\/www.albergominerva.it\\\/fr\\\/les-musees-siennois-a-ne-pas-manquer-le-musee-diocesain-dart-sacre\\\/#breadcrumb\",\"itemListElement\":[{\"@type\":\"ListItem\",\"position\":1,\"name\":\"Home\",\"item\":\"https:\\\/\\\/www.albergominerva.it\\\/fr\\\/\"},{\"@type\":\"ListItem\",\"position\":2,\"name\":\"Les mus\u00e9es siennois \u00e0 ne pas manquer: le mus\u00e9e dioc\u00e9sain d&rsquo;art sacr\u00e9\"}]},{\"@type\":\"WebSite\",\"@id\":\"https:\\\/\\\/www.albergominerva.it\\\/fr\\\/#website\",\"url\":\"https:\\\/\\\/www.albergominerva.it\\\/fr\\\/\",\"name\":\"Hotel Minerva Siena\",\"description\":\"Hotel in Centro Storico a Siena - Toscana - Italy\",\"potentialAction\":[{\"@type\":\"SearchAction\",\"target\":{\"@type\":\"EntryPoint\",\"urlTemplate\":\"https:\\\/\\\/www.albergominerva.it\\\/fr\\\/?s={search_term_string}\"},\"query-input\":{\"@type\":\"PropertyValueSpecification\",\"valueRequired\":true,\"valueName\":\"search_term_string\"}}],\"inLanguage\":\"fr-FR\"}]}<\/script>\n<!-- \/ Yoast SEO plugin. -->","yoast_head_json":{"title":"Les mus\u00e9es siennois \u00e0 ne pas manquer: le mus\u00e9e dioc\u00e9sain d'art sacr\u00e9 - Hotel Minerva Siena","robots":{"index":"index","follow":"follow","max-snippet":"max-snippet:-1","max-image-preview":"max-image-preview:large","max-video-preview":"max-video-preview:-1"},"canonical":"https:\/\/www.albergominerva.it\/fr\/les-musees-siennois-a-ne-pas-manquer-le-musee-diocesain-dart-sacre\/","og_locale":"fr_FR","og_type":"article","og_title":"Les mus\u00e9es siennois \u00e0 ne pas manquer: le mus\u00e9e dioc\u00e9sain d'art sacr\u00e9 - Hotel Minerva Siena","og_description":"Le mus\u00e9e dioc\u00e9sain d&rsquo;art sacr\u00e9 Parmi les mus\u00e9es de Sienne que tout touriste est tenu de visiter, il y a","og_url":"https:\/\/www.albergominerva.it\/fr\/les-musees-siennois-a-ne-pas-manquer-le-musee-diocesain-dart-sacre\/","og_site_name":"Hotel Minerva Siena","twitter_card":"summary_large_image","twitter_misc":{"Dur\u00e9e de lecture estim\u00e9e":"2 minutes"},"schema":{"@context":"https:\/\/schema.org","@graph":[{"@type":"WebPage","@id":"https:\/\/www.albergominerva.it\/fr\/les-musees-siennois-a-ne-pas-manquer-le-musee-diocesain-dart-sacre\/","url":"https:\/\/www.albergominerva.it\/fr\/les-musees-siennois-a-ne-pas-manquer-le-musee-diocesain-dart-sacre\/","name":"Les mus\u00e9es siennois \u00e0 ne pas manquer: le mus\u00e9e dioc\u00e9sain d'art sacr\u00e9 - Hotel Minerva Siena","isPartOf":{"@id":"https:\/\/www.albergominerva.it\/fr\/#website"},"datePublished":"2019-03-17T21:54:07+00:00","breadcrumb":{"@id":"https:\/\/www.albergominerva.it\/fr\/les-musees-siennois-a-ne-pas-manquer-le-musee-diocesain-dart-sacre\/#breadcrumb"},"inLanguage":"fr-FR","potentialAction":[{"@type":"ReadAction","target":["https:\/\/www.albergominerva.it\/fr\/les-musees-siennois-a-ne-pas-manquer-le-musee-diocesain-dart-sacre\/"]}]},{"@type":"BreadcrumbList","@id":"https:\/\/www.albergominerva.it\/fr\/les-musees-siennois-a-ne-pas-manquer-le-musee-diocesain-dart-sacre\/#breadcrumb","itemListElement":[{"@type":"ListItem","position":1,"name":"Home","item":"https:\/\/www.albergominerva.it\/fr\/"},{"@type":"ListItem","position":2,"name":"Les mus\u00e9es siennois \u00e0 ne pas manquer: le mus\u00e9e dioc\u00e9sain d&rsquo;art sacr\u00e9"}]},{"@type":"WebSite","@id":"https:\/\/www.albergominerva.it\/fr\/#website","url":"https:\/\/www.albergominerva.it\/fr\/","name":"Hotel Minerva Siena","description":"Hotel in Centro Storico a Siena - Toscana - Italy","potentialAction":[{"@type":"SearchAction","target":{"@type":"EntryPoint","urlTemplate":"https:\/\/www.albergominerva.it\/fr\/?s={search_term_string}"},"query-input":{"@type":"PropertyValueSpecification","valueRequired":true,"valueName":"search_term_string"}}],"inLanguage":"fr-FR"}]}},"_links":{"self":[{"href":"https:\/\/www.albergominerva.it\/fr\/wp-json\/wp\/v2\/pages\/3019","targetHints":{"allow":["GET"]}}],"collection":[{"href":"https:\/\/www.albergominerva.it\/fr\/wp-json\/wp\/v2\/pages"}],"about":[{"href":"https:\/\/www.albergominerva.it\/fr\/wp-json\/wp\/v2\/types\/page"}],"author":[{"embeddable":true,"href":"https:\/\/www.albergominerva.it\/fr\/wp-json\/wp\/v2\/users\/3"}],"replies":[{"embeddable":true,"href":"https:\/\/www.albergominerva.it\/fr\/wp-json\/wp\/v2\/comments?post=3019"}],"version-history":[{"count":1,"href":"https:\/\/www.albergominerva.it\/fr\/wp-json\/wp\/v2\/pages\/3019\/revisions"}],"predecessor-version":[{"id":3020,"href":"https:\/\/www.albergominerva.it\/fr\/wp-json\/wp\/v2\/pages\/3019\/revisions\/3020"}],"wp:attachment":[{"href":"https:\/\/www.albergominerva.it\/fr\/wp-json\/wp\/v2\/media?parent=3019"}],"curies":[{"name":"wp","href":"https:\/\/api.w.org\/{rel}","templated":true}]}}